{"id":81,"date":"2017-09-08T22:06:36","date_gmt":"2017-09-08T20:06:36","guid":{"rendered":"http:\/\/www.circuitsderando.com\/traverseejura\/?page_id=81"},"modified":"2022-11-05T21:49:55","modified_gmt":"2022-11-05T20:49:55","slug":"etape-4-metabief-mouthe","status":"publish","type":"page","link":"https:\/\/www.circuitsderando.com\/traverseejura\/etape-4-metabief-mouthe\/","title":{"rendered":"Etape 4 : M\u00e9tabief &#8211; Mouthe"},"content":{"rendered":"\n<p>Travers\u00e9e de la station de M\u00e9tabief vers la source du Doubs \u00e0 Mouthe.<\/p>\n\n\n\n<p><strong>D\u00e9nivel\u00e9es : +497m \/ &#8211; 523 m Temps : 7h10<\/strong><\/p>\n\n\n\n<div class=\"wp-block-columns is-layout-flex wp-container-core-columns-is-layout-1 wp-block-columns-is-layout-flex\">\n<div class=\"wp-block-column is-layout-flow wp-block-column-is-layout-flow\">\n<figure class=\"wp-block-image size-full\"><a href=\"https:\/\/www.circuitsderando.com\/traverseejura\/wp-content\/uploads\/2017\/09\/2007-07-23_10-26-29-photo2341.jpg\" target=\"_blank\" rel=\"noopener\"><img loading=\"lazy\" decoding=\"async\" width=\"640\" height=\"480\" src=\"https:\/\/www.circuitsderando.com\/traverseejura\/wp-content\/uploads\/2017\/09\/2007-07-23_10-26-29-photo2341.jpg\" alt=\"\" class=\"wp-image-87\" srcset=\"https:\/\/www.circuitsderando.com\/traverseejura\/wp-content\/uploads\/2017\/09\/2007-07-23_10-26-29-photo2341.jpg 640w, https:\/\/www.circuitsderando.com\/traverseejura\/wp-content\/uploads\/2017\/09\/2007-07-23_10-26-29-photo2341-300x225.jpg 300w\" sizes=\"(max-width: 640px) 100vw, 640px\" \/><\/a><figcaption><strong>Station de M\u00e9tabief (1016m)<\/strong><\/figcaption><\/figure>\n<\/div>\n\n\n\n<div class=\"wp-block-column is-layout-flow wp-block-column-is-layout-flow\">\n<figure class=\"wp-block-image size-full\"><a href=\"https:\/\/www.circuitsderando.com\/traverseejura\/wp-content\/uploads\/2017\/09\/2007-07-23_11-25-37-photo2354-1.jpg\" target=\"_blank\" rel=\"noopener\"><img loading=\"lazy\" decoding=\"async\" width=\"640\" height=\"480\" src=\"https:\/\/www.circuitsderando.com\/traverseejura\/wp-content\/uploads\/2017\/09\/2007-07-23_11-25-37-photo2354-1.jpg\" alt=\"\" class=\"wp-image-94\" srcset=\"https:\/\/www.circuitsderando.com\/traverseejura\/wp-content\/uploads\/2017\/09\/2007-07-23_11-25-37-photo2354-1.jpg 640w, https:\/\/www.circuitsderando.com\/traverseejura\/wp-content\/uploads\/2017\/09\/2007-07-23_11-25-37-photo2354-1-300x225.jpg 300w\" sizes=\"(max-width: 640px) 100vw, 640px\" \/><\/a><figcaption><strong>Vue sur M\u00e9tabief (964m)<\/strong><\/figcaption><\/figure>\n<\/div>\n\n\n\n<div class=\"wp-block-column is-layout-flow wp-block-column-is-layout-flow\">\n<figure class=\"wp-block-image size-full\"><a href=\"https:\/\/www.circuitsderando.com\/traverseejura\/wp-content\/uploads\/2017\/09\/2007-07-23_10-36-48-photo2345.jpg\" target=\"_blank\" rel=\"noopener\"><img loading=\"lazy\" decoding=\"async\" width=\"640\" height=\"480\" src=\"https:\/\/www.circuitsderando.com\/traverseejura\/wp-content\/uploads\/2017\/09\/2007-07-23_10-36-48-photo2345.jpg\" alt=\"\" class=\"wp-image-90\" srcset=\"https:\/\/www.circuitsderando.com\/traverseejura\/wp-content\/uploads\/2017\/09\/2007-07-23_10-36-48-photo2345.jpg 640w, https:\/\/www.circuitsderando.com\/traverseejura\/wp-content\/uploads\/2017\/09\/2007-07-23_10-36-48-photo2345-300x225.jpg 300w\" sizes=\"(max-width: 640px) 100vw, 640px\" \/><\/a><figcaption><strong>Table d&rsquo;orientation au Mont Morond (1419m)<\/strong><\/figcaption><\/figure>\n<\/div>\n<\/div>\n\n\n\n<div class=\"wp-block-columns is-layout-flex wp-container-core-columns-is-layout-2 wp-block-columns-is-layout-flex\">\n<div class=\"wp-block-column is-layout-flow wp-block-column-is-layout-flow\">\n<figure class=\"wp-block-image size-full\"><a href=\"https:\/\/www.circuitsderando.com\/traverseejura\/wp-content\/uploads\/2017\/09\/2007-07-23_10-34-27-photo2344.jpg\" target=\"_blank\" rel=\"noopener\"><img loading=\"lazy\" decoding=\"async\" width=\"640\" height=\"480\" src=\"https:\/\/www.circuitsderando.com\/traverseejura\/wp-content\/uploads\/2017\/09\/2007-07-23_10-34-27-photo2344.jpg\" alt=\"\" class=\"wp-image-96\" srcset=\"https:\/\/www.circuitsderando.com\/traverseejura\/wp-content\/uploads\/2017\/09\/2007-07-23_10-34-27-photo2344.jpg 640w, https:\/\/www.circuitsderando.com\/traverseejura\/wp-content\/uploads\/2017\/09\/2007-07-23_10-34-27-photo2344-300x225.jpg 300w\" sizes=\"(max-width: 640px) 100vw, 640px\" \/><\/a><figcaption><strong>Mont d&rsquo;Or (1461m)<\/strong><\/figcaption><\/figure>\n<\/div>\n\n\n\n<div class=\"wp-block-column is-layout-flow wp-block-column-is-layout-flow\">\n<figure class=\"wp-block-image size-full\"><a href=\"https:\/\/www.circuitsderando.com\/traverseejura\/wp-content\/uploads\/2017\/09\/2007-07-23_10-41-34-photo2349.jpg\" target=\"_blank\" rel=\"noopener\"><img loading=\"lazy\" decoding=\"async\" width=\"640\" height=\"480\" src=\"https:\/\/www.circuitsderando.com\/traverseejura\/wp-content\/uploads\/2017\/09\/2007-07-23_10-41-34-photo2349.jpg\" alt=\"\" class=\"wp-image-95\" srcset=\"https:\/\/www.circuitsderando.com\/traverseejura\/wp-content\/uploads\/2017\/09\/2007-07-23_10-41-34-photo2349.jpg 640w, https:\/\/www.circuitsderando.com\/traverseejura\/wp-content\/uploads\/2017\/09\/2007-07-23_10-41-34-photo2349-300x225.jpg 300w\" sizes=\"(max-width: 640px) 100vw, 640px\" \/><\/a><figcaption><strong>Lac de Remoray (849m)<\/strong><\/figcaption><\/figure>\n<\/div>\n\n\n\n<div class=\"wp-block-column is-layout-flow wp-block-column-is-layout-flow\">\n<figure class=\"wp-block-image size-full\"><a href=\"https:\/\/www.circuitsderando.com\/traverseejura\/wp-content\/uploads\/2017\/09\/2007-07-24_10-58-09-photo2408.jpg\" target=\"_blank\" rel=\"noopener\"><img loading=\"lazy\" decoding=\"async\" width=\"640\" height=\"480\" src=\"https:\/\/www.circuitsderando.com\/traverseejura\/wp-content\/uploads\/2017\/09\/2007-07-24_10-58-09-photo2408.jpg\" alt=\"\" class=\"wp-image-93\" srcset=\"https:\/\/www.circuitsderando.com\/traverseejura\/wp-content\/uploads\/2017\/09\/2007-07-24_10-58-09-photo2408.jpg 640w, https:\/\/www.circuitsderando.com\/traverseejura\/wp-content\/uploads\/2017\/09\/2007-07-24_10-58-09-photo2408-300x225.jpg 300w\" sizes=\"(max-width: 640px) 100vw, 640px\" \/><\/a><figcaption><strong>Longevilles Mont d&rsquo;Or (920m)<\/strong><\/figcaption><\/figure>\n<\/div>\n<\/div>\n\n\n\n<div class=\"wp-block-columns is-layout-flex wp-container-core-columns-is-layout-3 wp-block-columns-is-layout-flex\">\n<div class=\"wp-block-column is-layout-flow wp-block-column-is-layout-flow\">\n<figure class=\"wp-block-image size-full\"><a href=\"https:\/\/www.circuitsderando.com\/traverseejura\/wp-content\/uploads\/2017\/09\/2007-07-24_11-24-24-photo2418.jpg\" target=\"_blank\" rel=\"noopener\"><img loading=\"lazy\" decoding=\"async\" width=\"640\" height=\"480\" src=\"https:\/\/www.circuitsderando.com\/traverseejura\/wp-content\/uploads\/2017\/09\/2007-07-24_11-24-24-photo2418.jpg\" alt=\"\" class=\"wp-image-105\" srcset=\"https:\/\/www.circuitsderando.com\/traverseejura\/wp-content\/uploads\/2017\/09\/2007-07-24_11-24-24-photo2418.jpg 640w, https:\/\/www.circuitsderando.com\/traverseejura\/wp-content\/uploads\/2017\/09\/2007-07-24_11-24-24-photo2418-300x225.jpg 300w\" sizes=\"(max-width: 640px) 100vw, 640px\" \/><\/a><figcaption><strong>Rochejean (917m)<\/strong><\/figcaption><\/figure>\n<\/div>\n\n\n\n<div class=\"wp-block-column is-layout-flow wp-block-column-is-layout-flow\">\n<figure class=\"wp-block-image size-full\"><a href=\"https:\/\/www.circuitsderando.com\/traverseejura\/wp-content\/uploads\/2017\/09\/2007-07-24_12-47-54-photo2442.jpg\" target=\"_blank\" rel=\"noopener\"><img loading=\"lazy\" decoding=\"async\" width=\"640\" height=\"480\" src=\"https:\/\/www.circuitsderando.com\/traverseejura\/wp-content\/uploads\/2017\/09\/2007-07-24_12-47-54-photo2442.jpg\" alt=\"\" class=\"wp-image-104\" srcset=\"https:\/\/www.circuitsderando.com\/traverseejura\/wp-content\/uploads\/2017\/09\/2007-07-24_12-47-54-photo2442.jpg 640w, https:\/\/www.circuitsderando.com\/traverseejura\/wp-content\/uploads\/2017\/09\/2007-07-24_12-47-54-photo2442-300x225.jpg 300w\" sizes=\"(max-width: 640px) 100vw, 640px\" \/><\/a><figcaption><strong>Villedieu les Mouthe (944m)<\/strong><\/figcaption><\/figure>\n<\/div>\n\n\n\n<div class=\"wp-block-column is-layout-flow wp-block-column-is-layout-flow\">\n<figure class=\"wp-block-image size-full\"><a href=\"https:\/\/www.circuitsderando.com\/traverseejura\/wp-content\/uploads\/2017\/09\/2007-07-24_12-52-22-photo2446.jpg\" target=\"_blank\" rel=\"noopener\"><img loading=\"lazy\" decoding=\"async\" width=\"640\" height=\"480\" src=\"https:\/\/www.circuitsderando.com\/traverseejura\/wp-content\/uploads\/2017\/09\/2007-07-24_12-52-22-photo2446.jpg\" alt=\"\" class=\"wp-image-103\" srcset=\"https:\/\/www.circuitsderando.com\/traverseejura\/wp-content\/uploads\/2017\/09\/2007-07-24_12-52-22-photo2446.jpg 640w, https:\/\/www.circuitsderando.com\/traverseejura\/wp-content\/uploads\/2017\/09\/2007-07-24_12-52-22-photo2446-300x225.jpg 300w\" sizes=\"(max-width: 640px) 100vw, 640px\" \/><\/a><figcaption><strong>Villedieu les Mouthe (944m)<\/strong><\/figcaption><\/figure>\n<\/div>\n<\/div>\n\n\n\n<div class=\"wp-block-columns is-layout-flex wp-container-core-columns-is-layout-4 wp-block-columns-is-layout-flex\">\n<div class=\"wp-block-column is-layout-flow wp-block-column-is-layout-flow\">\n<figure class=\"wp-block-image size-full\"><a href=\"https:\/\/www.circuitsderando.com\/traverseejura\/wp-content\/uploads\/2017\/09\/2007-07-24_16-24-35-photo2497.jpg\" target=\"_blank\" rel=\"noopener\"><img loading=\"lazy\" decoding=\"async\" width=\"640\" height=\"480\" src=\"https:\/\/www.circuitsderando.com\/traverseejura\/wp-content\/uploads\/2017\/09\/2007-07-24_16-24-35-photo2497.jpg\" alt=\"\" class=\"wp-image-101\" srcset=\"https:\/\/www.circuitsderando.com\/traverseejura\/wp-content\/uploads\/2017\/09\/2007-07-24_16-24-35-photo2497.jpg 640w, https:\/\/www.circuitsderando.com\/traverseejura\/wp-content\/uploads\/2017\/09\/2007-07-24_16-24-35-photo2497-300x225.jpg 300w\" sizes=\"(max-width: 640px) 100vw, 640px\" \/><\/a><figcaption><strong>Sources du Doubs (945m)<\/strong><\/figcaption><\/figure>\n<\/div>\n\n\n\n<div class=\"wp-block-column is-layout-flow wp-block-column-is-layout-flow\">\n<figure class=\"wp-block-image size-full\"><a href=\"https:\/\/www.circuitsderando.com\/traverseejura\/wp-content\/uploads\/2017\/09\/2007-07-24_13-51-40-photo2478.jpg\" target=\"_blank\" rel=\"noopener\"><img loading=\"lazy\" decoding=\"async\" width=\"640\" height=\"480\" src=\"https:\/\/www.circuitsderando.com\/traverseejura\/wp-content\/uploads\/2017\/09\/2007-07-24_13-51-40-photo2478.jpg\" alt=\"\" class=\"wp-image-102\" srcset=\"https:\/\/www.circuitsderando.com\/traverseejura\/wp-content\/uploads\/2017\/09\/2007-07-24_13-51-40-photo2478.jpg 640w, https:\/\/www.circuitsderando.com\/traverseejura\/wp-content\/uploads\/2017\/09\/2007-07-24_13-51-40-photo2478-300x225.jpg 300w\" sizes=\"(max-width: 640px) 100vw, 640px\" \/><\/a><figcaption><strong>Eglise de Mouthe (938m)<\/strong><\/figcaption><\/figure>\n<\/div>\n\n\n\n<div class=\"wp-block-column is-layout-flow wp-block-column-is-layout-flow\">\n<figure class=\"wp-block-image size-full\"><a href=\"https:\/\/www.circuitsderando.com\/traverseejura\/wp-content\/uploads\/2017\/09\/2007-07-25_08-44-07-photo2532.jpg\" target=\"_blank\" rel=\"noopener\"><img loading=\"lazy\" decoding=\"async\" width=\"640\" height=\"480\" src=\"https:\/\/www.circuitsderando.com\/traverseejura\/wp-content\/uploads\/2017\/09\/2007-07-25_08-44-07-photo2532.jpg\" alt=\"\" class=\"wp-image-107\" srcset=\"https:\/\/www.circuitsderando.com\/traverseejura\/wp-content\/uploads\/2017\/09\/2007-07-25_08-44-07-photo2532.jpg 640w, https:\/\/www.circuitsderando.com\/traverseejura\/wp-content\/uploads\/2017\/09\/2007-07-25_08-44-07-photo2532-300x225.jpg 300w\" sizes=\"(max-width: 640px) 100vw, 640px\" \/><\/a><figcaption><strong>Mairie de Mouthe (938m)<\/strong><\/figcaption><\/figure>\n<\/div>\n<\/div>\n\n\n\n<p class=\"has-text-align-right\"><a href=\"https:\/\/www.circuitsderando.com\/traverseejura\/etape-5-mouthe-bellefontaine\/\">Etape 5 &#8211; Mouthe &#8211; Bellefontaine &nbsp;&gt;&gt;&gt;<\/a><\/p>\n","protected":false},"excerpt":{"rendered":"<p>Travers\u00e9e de la station de M\u00e9tabief vers la source du Doubs \u00e0 Mouthe. D\u00e9nivel\u00e9es : +497m \/ &#8211; 523 m Temps : 7h10 Etape 5 &#8211; Mouthe &#8211; Bellefontaine &nbsp;&gt;&gt;&gt;<\/p>\n","protected":false},"author":1,"featured_media":0,"parent":0,"menu_order":0,"comment_status":"closed","ping_status":"closed","template":"templates\/full-width-page.php","meta":{"_monsterinsights_skip_tracking":false,"_monsterinsights_sitenote_active":false,"_monsterinsights_sitenote_note":"","_monsterinsights_sitenote_category":0,"footnotes":""},"class_list":["post-81","page","type-page","status-publish","hentry"],"yoast_head":"<!-- This site is optimized with the Yoast SEO plugin v23.5 - https:\/\/yoast.com\/wordpress\/plugins\/seo\/ -->\n<title>Etape 4 : M\u00e9tabief - Mouthe - Travers\u00e9e du Jura<\/title>\n<meta name=\"robots\" content=\"index, follow, max-snippet:-1, max-image-preview:large, max-video-preview:-1\" \/>\n<link rel=\"canonical\" href=\"https:\/\/www.circuitsderando.com\/traverseejura\/etape-4-metabief-mouthe\/\" \/>\n<meta property=\"og:locale\" content=\"fr_FR\" \/>\n<meta property=\"og:type\" content=\"article\" \/>\n<meta property=\"og:title\" content=\"Etape 4 : M\u00e9tabief - Mouthe - Travers\u00e9e du Jura\" \/>\n<meta property=\"og:description\" content=\"Travers\u00e9e de la station de M\u00e9tabief vers la source du Doubs \u00e0 Mouthe. D\u00e9nivel\u00e9es : +497m \/ &#8211; 523 m Temps : 7h10 Etape 5 &#8211; Mouthe &#8211; Bellefontaine &nbsp;&gt;&gt;&gt;\" \/>\n<meta property=\"og:url\" content=\"https:\/\/www.circuitsderando.com\/traverseejura\/etape-4-metabief-mouthe\/\" \/>\n<meta property=\"og:site_name\" content=\"Travers\u00e9e du Jura\" \/>\n<meta property=\"article:modified_time\" content=\"2022-11-05T20:49:55+00:00\" \/>\n<meta property=\"og:image\" content=\"https:\/\/www.circuitsderando.com\/traverseejura\/wp-content\/uploads\/2017\/09\/2007-07-23_10-26-29-photo2341.jpg\" \/>\n<meta name=\"twitter:card\" content=\"summary_large_image\" \/>\n<meta name=\"twitter:label1\" content=\"Dur\u00e9e de lecture estim\u00e9e\" \/>\n\t<meta name=\"twitter:data1\" content=\"3 minutes\" \/>\n<script type=\"application\/ld+json\" class=\"yoast-schema-graph\">{\"@context\":\"https:\/\/schema.org\",\"@graph\":[{\"@type\":\"WebPage\",\"@id\":\"https:\/\/www.circuitsderando.com\/traverseejura\/etape-4-metabief-mouthe\/\",\"url\":\"https:\/\/www.circuitsderando.com\/traverseejura\/etape-4-metabief-mouthe\/\",\"name\":\"Etape 4 : M\u00e9tabief - Mouthe - Travers\u00e9e du Jura\",\"isPartOf\":{\"@id\":\"https:\/\/www.circuitsderando.com\/traverseejura\/#website\"},\"primaryImageOfPage\":{\"@id\":\"https:\/\/www.circuitsderando.com\/traverseejura\/etape-4-metabief-mouthe\/#primaryimage\"},\"image\":{\"@id\":\"https:\/\/www.circuitsderando.com\/traverseejura\/etape-4-metabief-mouthe\/#primaryimage\"},\"thumbnailUrl\":\"https:\/\/www.circuitsderando.com\/traverseejura\/wp-content\/uploads\/2017\/09\/2007-07-23_10-26-29-photo2341.jpg\",\"datePublished\":\"2017-09-08T20:06:36+00:00\",\"dateModified\":\"2022-11-05T20:49:55+00:00\",\"breadcrumb\":{\"@id\":\"https:\/\/www.circuitsderando.com\/traverseejura\/etape-4-metabief-mouthe\/#breadcrumb\"},\"inLanguage\":\"fr-FR\",\"potentialAction\":[{\"@type\":\"ReadAction\",\"target\":[\"https:\/\/www.circuitsderando.com\/traverseejura\/etape-4-metabief-mouthe\/\"]}]},{\"@type\":\"ImageObject\",\"inLanguage\":\"fr-FR\",\"@id\":\"https:\/\/www.circuitsderando.com\/traverseejura\/etape-4-metabief-mouthe\/#primaryimage\",\"url\":\"https:\/\/www.circuitsderando.com\/traverseejura\/wp-content\/uploads\/2017\/09\/2007-07-23_10-26-29-photo2341.jpg\",\"contentUrl\":\"https:\/\/www.circuitsderando.com\/traverseejura\/wp-content\/uploads\/2017\/09\/2007-07-23_10-26-29-photo2341.jpg\",\"width\":640,\"height\":480},{\"@type\":\"BreadcrumbList\",\"@id\":\"https:\/\/www.circuitsderando.com\/traverseejura\/etape-4-metabief-mouthe\/#breadcrumb\",\"itemListElement\":[{\"@type\":\"ListItem\",\"position\":1,\"name\":\"Travers\u00e9e du Jura\",\"item\":\"https:\/\/www.circuitsderando.com\/traverseejura\/\"},{\"@type\":\"ListItem\",\"position\":2,\"name\":\"Etape 4 : M\u00e9tabief &#8211; Mouthe\"}]},{\"@type\":\"WebSite\",\"@id\":\"https:\/\/www.circuitsderando.com\/traverseejura\/#website\",\"url\":\"https:\/\/www.circuitsderando.com\/traverseejura\/\",\"name\":\"Travers\u00e9e du Jura\",\"description\":\"De Villers le Lac \u00e0 Pr\u00e9manon\",\"potentialAction\":[{\"@type\":\"SearchAction\",\"target\":{\"@type\":\"EntryPoint\",\"urlTemplate\":\"https:\/\/www.circuitsderando.com\/traverseejura\/?s={search_term_string}\"},\"query-input\":{\"@type\":\"PropertyValueSpecification\",\"valueRequired\":true,\"valueName\":\"search_term_string\"}}],\"inLanguage\":\"fr-FR\"}]}<\/script>\n<!-- \/ Yoast SEO plugin. -->","yoast_head_json":{"title":"Etape 4 : M\u00e9tabief - Mouthe - Travers\u00e9e du Jura","robots":{"index":"index","follow":"follow","max-snippet":"max-snippet:-1","max-image-preview":"max-image-preview:large","max-video-preview":"max-video-preview:-1"},"canonical":"https:\/\/www.circuitsderando.com\/traverseejura\/etape-4-metabief-mouthe\/","og_locale":"fr_FR","og_type":"article","og_title":"Etape 4 : M\u00e9tabief - Mouthe - Travers\u00e9e du Jura","og_description":"Travers\u00e9e de la station de M\u00e9tabief vers la source du Doubs \u00e0 Mouthe. D\u00e9nivel\u00e9es : +497m \/ &#8211; 523 m Temps : 7h10 Etape 5 &#8211; Mouthe &#8211; Bellefontaine &nbsp;&gt;&gt;&gt;","og_url":"https:\/\/www.circuitsderando.com\/traverseejura\/etape-4-metabief-mouthe\/","og_site_name":"Travers\u00e9e du Jura","article_modified_time":"2022-11-05T20:49:55+00:00","og_image":[{"url":"https:\/\/www.circuitsderando.com\/traverseejura\/wp-content\/uploads\/2017\/09\/2007-07-23_10-26-29-photo2341.jpg"}],"twitter_card":"summary_large_image","twitter_misc":{"Dur\u00e9e de lecture estim\u00e9e":"3 minutes"},"schema":{"@context":"https:\/\/schema.org","@graph":[{"@type":"WebPage","@id":"https:\/\/www.circuitsderando.com\/traverseejura\/etape-4-metabief-mouthe\/","url":"https:\/\/www.circuitsderando.com\/traverseejura\/etape-4-metabief-mouthe\/","name":"Etape 4 : M\u00e9tabief - Mouthe - Travers\u00e9e du Jura","isPartOf":{"@id":"https:\/\/www.circuitsderando.com\/traverseejura\/#website"},"primaryImageOfPage":{"@id":"https:\/\/www.circuitsderando.com\/traverseejura\/etape-4-metabief-mouthe\/#primaryimage"},"image":{"@id":"https:\/\/www.circuitsderando.com\/traverseejura\/etape-4-metabief-mouthe\/#primaryimage"},"thumbnailUrl":"https:\/\/www.circuitsderando.com\/traverseejura\/wp-content\/uploads\/2017\/09\/2007-07-23_10-26-29-photo2341.jpg","datePublished":"2017-09-08T20:06:36+00:00","dateModified":"2022-11-05T20:49:55+00:00","breadcrumb":{"@id":"https:\/\/www.circuitsderando.com\/traverseejura\/etape-4-metabief-mouthe\/#breadcrumb"},"inLanguage":"fr-FR","potentialAction":[{"@type":"ReadAction","target":["https:\/\/www.circuitsderando.com\/traverseejura\/etape-4-metabief-mouthe\/"]}]},{"@type":"ImageObject","inLanguage":"fr-FR","@id":"https:\/\/www.circuitsderando.com\/traverseejura\/etape-4-metabief-mouthe\/#primaryimage","url":"https:\/\/www.circuitsderando.com\/traverseejura\/wp-content\/uploads\/2017\/09\/2007-07-23_10-26-29-photo2341.jpg","contentUrl":"https:\/\/www.circuitsderando.com\/traverseejura\/wp-content\/uploads\/2017\/09\/2007-07-23_10-26-29-photo2341.jpg","width":640,"height":480},{"@type":"BreadcrumbList","@id":"https:\/\/www.circuitsderando.com\/traverseejura\/etape-4-metabief-mouthe\/#breadcrumb","itemListElement":[{"@type":"ListItem","position":1,"name":"Travers\u00e9e du Jura","item":"https:\/\/www.circuitsderando.com\/traverseejura\/"},{"@type":"ListItem","position":2,"name":"Etape 4 : M\u00e9tabief &#8211; Mouthe"}]},{"@type":"WebSite","@id":"https:\/\/www.circuitsderando.com\/traverseejura\/#website","url":"https:\/\/www.circuitsderando.com\/traverseejura\/","name":"Travers\u00e9e du Jura","description":"De Villers le Lac \u00e0 Pr\u00e9manon","potentialAction":[{"@type":"SearchAction","target":{"@type":"EntryPoint","urlTemplate":"https:\/\/www.circuitsderando.com\/traverseejura\/?s={search_term_string}"},"query-input":{"@type":"PropertyValueSpecification","valueRequired":true,"valueName":"search_term_string"}}],"inLanguage":"fr-FR"}]}},"_links":{"self":[{"href":"https:\/\/www.circuitsderando.com\/traverseejura\/wp-json\/wp\/v2\/pages\/81"}],"collection":[{"href":"https:\/\/www.circuitsderando.com\/traverseejura\/wp-json\/wp\/v2\/pages"}],"about":[{"href":"https:\/\/www.circuitsderando.com\/traverseejura\/wp-json\/wp\/v2\/types\/page"}],"author":[{"embeddable":true,"href":"https:\/\/www.circuitsderando.com\/traverseejura\/wp-json\/wp\/v2\/users\/1"}],"replies":[{"embeddable":true,"href":"https:\/\/www.circuitsderando.com\/traverseejura\/wp-json\/wp\/v2\/comments?post=81"}],"version-history":[{"count":25,"href":"https:\/\/www.circuitsderando.com\/traverseejura\/wp-json\/wp\/v2\/pages\/81\/revisions"}],"predecessor-version":[{"id":346,"href":"https:\/\/www.circuitsderando.com\/traverseejura\/wp-json\/wp\/v2\/pages\/81\/revisions\/346"}],"wp:attachment":[{"href":"https:\/\/www.circuitsderando.com\/traverseejura\/wp-json\/wp\/v2\/media?parent=81"}],"curies":[{"name":"wp","href":"https:\/\/api.w.org\/{rel}","templated":true}]}}