{"id":28,"date":"2017-09-05T22:01:10","date_gmt":"2017-09-05T20:01:10","guid":{"rendered":"http:\/\/www.circuitsderando.com\/traverseejura\/?page_id=28"},"modified":"2022-11-05T19:10:36","modified_gmt":"2022-11-05T18:10:36","slug":"etape-2-le-chateleu-pontarlier","status":"publish","type":"page","link":"https:\/\/www.circuitsderando.com\/traverseejura\/etape-2-le-chateleu-pontarlier\/","title":{"rendered":"Etape 2 : Le Ch\u00e2teleu &#8211; Pontarlier"},"content":{"rendered":"\n<p>Le parcours longe la fronti\u00e8re puis part vers la jolie ville de Pontarlier en passant pr\u00e8s d&rsquo;un petit observatoire<\/p>\n\n\n\n<p><strong>D\u00e9nivel\u00e9es : +314m \/ -641 m Temps : 8h10<\/strong><\/p>\n\n\n\n<div class=\"wp-block-columns is-layout-flex wp-container-core-columns-is-layout-1 wp-block-columns-is-layout-flex\">\n<div class=\"wp-block-column is-layout-flow wp-block-column-is-layout-flow\">\n<figure class=\"wp-block-image size-full\"><img loading=\"lazy\" decoding=\"async\" width=\"640\" height=\"480\" src=\"https:\/\/www.circuitsderando.com\/traverseejura\/wp-content\/uploads\/2017\/09\/2007-07-20_09-32-40-photo2062.jpg\" alt=\"\" class=\"wp-image-37\" srcset=\"https:\/\/www.circuitsderando.com\/traverseejura\/wp-content\/uploads\/2017\/09\/2007-07-20_09-32-40-photo2062.jpg 640w, https:\/\/www.circuitsderando.com\/traverseejura\/wp-content\/uploads\/2017\/09\/2007-07-20_09-32-40-photo2062-300x225.jpg 300w\" sizes=\"(max-width: 640px) 100vw, 640px\" \/><figcaption><strong>Les Cerneux (1020m)<\/strong><\/figcaption><\/figure>\n<\/div>\n\n\n\n<div class=\"wp-block-column is-layout-flow wp-block-column-is-layout-flow\">\n<figure class=\"wp-block-image size-full\"><img loading=\"lazy\" decoding=\"async\" width=\"640\" height=\"480\" src=\"https:\/\/www.circuitsderando.com\/traverseejura\/wp-content\/uploads\/2017\/09\/2007-07-20_09-55-21-photo2064.jpg\" alt=\"\" class=\"wp-image-38\" srcset=\"https:\/\/www.circuitsderando.com\/traverseejura\/wp-content\/uploads\/2017\/09\/2007-07-20_09-55-21-photo2064.jpg 640w, https:\/\/www.circuitsderando.com\/traverseejura\/wp-content\/uploads\/2017\/09\/2007-07-20_09-55-21-photo2064-300x225.jpg 300w\" sizes=\"(max-width: 640px) 100vw, 640px\" \/><figcaption><strong>Les Seignes (1037m)<\/strong><\/figcaption><\/figure>\n<\/div>\n\n\n\n<div class=\"wp-block-column is-layout-flow wp-block-column-is-layout-flow\">\n<figure class=\"wp-block-image size-full\"><img loading=\"lazy\" decoding=\"async\" width=\"640\" height=\"480\" src=\"https:\/\/www.circuitsderando.com\/traverseejura\/wp-content\/uploads\/2017\/09\/2007-07-20_11-34-46-photo2067.jpg\" alt=\"\" class=\"wp-image-39\" srcset=\"https:\/\/www.circuitsderando.com\/traverseejura\/wp-content\/uploads\/2017\/09\/2007-07-20_11-34-46-photo2067.jpg 640w, https:\/\/www.circuitsderando.com\/traverseejura\/wp-content\/uploads\/2017\/09\/2007-07-20_11-34-46-photo2067-300x225.jpg 300w\" sizes=\"(max-width: 640px) 100vw, 640px\" \/><figcaption><strong>La Dray\u00e8re (1055m)<\/strong><\/figcaption><\/figure>\n<\/div>\n<\/div>\n\n\n\n<div class=\"wp-block-columns is-layout-flex wp-container-core-columns-is-layout-2 wp-block-columns-is-layout-flex\">\n<div class=\"wp-block-column is-layout-flow wp-block-column-is-layout-flow\">\n<figure class=\"wp-block-image size-full\"><img loading=\"lazy\" decoding=\"async\" width=\"640\" height=\"480\" src=\"https:\/\/www.circuitsderando.com\/traverseejura\/wp-content\/uploads\/2017\/09\/2007-07-20_11-47-21-photo2071.jpg\" alt=\"\" class=\"wp-image-44\" srcset=\"https:\/\/www.circuitsderando.com\/traverseejura\/wp-content\/uploads\/2017\/09\/2007-07-20_11-47-21-photo2071.jpg 640w, https:\/\/www.circuitsderando.com\/traverseejura\/wp-content\/uploads\/2017\/09\/2007-07-20_11-47-21-photo2071-300x225.jpg 300w\" sizes=\"(max-width: 640px) 100vw, 640px\" \/><figcaption><strong>La Petite Dray\u00e8re (1056m)<\/strong><\/figcaption><\/figure>\n<\/div>\n\n\n\n<div class=\"wp-block-column is-layout-flow wp-block-column-is-layout-flow\">\n<figure class=\"wp-block-image size-full\"><img loading=\"lazy\" decoding=\"async\" width=\"640\" height=\"480\" src=\"https:\/\/www.circuitsderando.com\/traverseejura\/wp-content\/uploads\/2017\/09\/2007-07-20_13-22-52-photo2082.jpg\" alt=\"\" class=\"wp-image-45\" srcset=\"https:\/\/www.circuitsderando.com\/traverseejura\/wp-content\/uploads\/2017\/09\/2007-07-20_13-22-52-photo2082.jpg 640w, https:\/\/www.circuitsderando.com\/traverseejura\/wp-content\/uploads\/2017\/09\/2007-07-20_13-22-52-photo2082-300x225.jpg 300w\" sizes=\"(max-width: 640px) 100vw, 640px\" \/><figcaption><strong>Observatoire de la Perdrix (1083m)<\/strong><\/figcaption><\/figure>\n<\/div>\n\n\n\n<div class=\"wp-block-column is-layout-flow wp-block-column-is-layout-flow\">\n<figure class=\"wp-block-image size-full\"><img loading=\"lazy\" decoding=\"async\" width=\"640\" height=\"480\" src=\"https:\/\/www.circuitsderando.com\/traverseejura\/wp-content\/uploads\/2017\/09\/2007-07-20_13-32-48-photo2086.jpg\" alt=\"\" class=\"wp-image-47\" srcset=\"https:\/\/www.circuitsderando.com\/traverseejura\/wp-content\/uploads\/2017\/09\/2007-07-20_13-32-48-photo2086.jpg 640w, https:\/\/www.circuitsderando.com\/traverseejura\/wp-content\/uploads\/2017\/09\/2007-07-20_13-32-48-photo2086-300x225.jpg 300w\" sizes=\"(max-width: 640px) 100vw, 640px\" \/><figcaption><strong>Auberge de la Perdrix (1083m)<\/strong><\/figcaption><\/figure>\n<\/div>\n<\/div>\n\n\n\n<div class=\"wp-block-columns is-layout-flex wp-container-core-columns-is-layout-3 wp-block-columns-is-layout-flex\">\n<div class=\"wp-block-column is-layout-flow wp-block-column-is-layout-flow\">\n<figure class=\"wp-block-image size-full\"><img loading=\"lazy\" decoding=\"async\" width=\"640\" height=\"480\" src=\"https:\/\/www.circuitsderando.com\/traverseejura\/wp-content\/uploads\/2017\/09\/2007-07-20_14-03-40-photo2098.jpg\" alt=\"\" class=\"wp-image-43\" srcset=\"https:\/\/www.circuitsderando.com\/traverseejura\/wp-content\/uploads\/2017\/09\/2007-07-20_14-03-40-photo2098.jpg 640w, https:\/\/www.circuitsderando.com\/traverseejura\/wp-content\/uploads\/2017\/09\/2007-07-20_14-03-40-photo2098-300x225.jpg 300w\" sizes=\"(max-width: 640px) 100vw, 640px\" \/><figcaption><strong>Les Alli\u00e9s (975m)<\/strong><\/figcaption><\/figure>\n<\/div>\n\n\n\n<div class=\"wp-block-column is-layout-flow wp-block-column-is-layout-flow\">\n<figure class=\"wp-block-image size-full\"><img loading=\"lazy\" decoding=\"async\" width=\"640\" height=\"480\" src=\"https:\/\/www.circuitsderando.com\/traverseejura\/wp-content\/uploads\/2017\/09\/2007-07-18_15-24-34-photo1988.jpg\" alt=\"\" class=\"wp-image-50\" srcset=\"https:\/\/www.circuitsderando.com\/traverseejura\/wp-content\/uploads\/2017\/09\/2007-07-18_15-24-34-photo1988.jpg 640w, https:\/\/www.circuitsderando.com\/traverseejura\/wp-content\/uploads\/2017\/09\/2007-07-18_15-24-34-photo1988-300x225.jpg 300w\" sizes=\"(max-width: 640px) 100vw, 640px\" \/><figcaption><strong>Pontarlier (826m)<\/strong><\/figcaption><\/figure>\n<\/div>\n\n\n\n<div class=\"wp-block-column is-layout-flow wp-block-column-is-layout-flow\">\n<figure class=\"wp-block-image size-full\"><img loading=\"lazy\" decoding=\"async\" width=\"640\" height=\"480\" src=\"https:\/\/www.circuitsderando.com\/traverseejura\/wp-content\/uploads\/2017\/09\/2007-07-18_15-52-11-photo2004.jpg\" alt=\"\" class=\"wp-image-49\" srcset=\"https:\/\/www.circuitsderando.com\/traverseejura\/wp-content\/uploads\/2017\/09\/2007-07-18_15-52-11-photo2004.jpg 640w, https:\/\/www.circuitsderando.com\/traverseejura\/wp-content\/uploads\/2017\/09\/2007-07-18_15-52-11-photo2004-300x225.jpg 300w\" sizes=\"(max-width: 640px) 100vw, 640px\" \/><figcaption><strong>Pontarlier (826m)<\/strong><\/figcaption><\/figure>\n<\/div>\n<\/div>\n\n\n\n<p class=\"has-text-align-right\"><a href=\"https:\/\/www.circuitsderando.com\/traverseejura\/etape-3-pontarlier-metabief\/\">Etape 3 &#8211; Pontarlier &#8211; M\u00e9tabief \u00a0>>><\/a><\/p>\n","protected":false},"excerpt":{"rendered":"<p>Le parcours longe la fronti\u00e8re puis part vers la jolie ville de Pontarlier en passant pr\u00e8s d&rsquo;un petit observatoire D\u00e9nivel\u00e9es : +314m \/ -641 m Temps : 8h10 Etape 3 &#8211; Pontarlier &#8211; M\u00e9tabief \u00a0>>><\/p>\n","protected":false},"author":1,"featured_media":0,"parent":0,"menu_order":0,"comment_status":"closed","ping_status":"closed","template":"templates\/full-width-page.php","meta":{"_monsterinsights_skip_tracking":false,"_monsterinsights_sitenote_active":false,"_monsterinsights_sitenote_note":"","_monsterinsights_sitenote_category":0,"footnotes":""},"class_list":["post-28","page","type-page","status-publish","hentry"],"yoast_head":"<!-- This site is optimized with the Yoast SEO plugin v23.5 - https:\/\/yoast.com\/wordpress\/plugins\/seo\/ -->\n<title>Etape 2 : Le Ch\u00e2teleu - Pontarlier - Travers\u00e9e du Jura<\/title>\n<meta name=\"robots\" content=\"index, follow, max-snippet:-1, max-image-preview:large, max-video-preview:-1\" \/>\n<link rel=\"canonical\" href=\"https:\/\/www.circuitsderando.com\/traverseejura\/etape-2-le-chateleu-pontarlier\/\" \/>\n<meta property=\"og:locale\" content=\"fr_FR\" \/>\n<meta property=\"og:type\" content=\"article\" \/>\n<meta property=\"og:title\" content=\"Etape 2 : Le Ch\u00e2teleu - Pontarlier - Travers\u00e9e du Jura\" \/>\n<meta property=\"og:description\" content=\"Le parcours longe la fronti\u00e8re puis part vers la jolie ville de Pontarlier en passant pr\u00e8s d&rsquo;un petit observatoire D\u00e9nivel\u00e9es : +314m \/ -641 m Temps : 8h10 Etape 3 &#8211; Pontarlier &#8211; M\u00e9tabief \u00a0&gt;&gt;&gt;\" \/>\n<meta property=\"og:url\" content=\"https:\/\/www.circuitsderando.com\/traverseejura\/etape-2-le-chateleu-pontarlier\/\" \/>\n<meta property=\"og:site_name\" content=\"Travers\u00e9e du Jura\" \/>\n<meta property=\"article:modified_time\" content=\"2022-11-05T18:10:36+00:00\" \/>\n<meta property=\"og:image\" content=\"https:\/\/www.circuitsderando.com\/traverseejura\/wp-content\/uploads\/2017\/09\/2007-07-20_09-32-40-photo2062.jpg\" \/>\n<meta name=\"twitter:card\" content=\"summary_large_image\" \/>\n<meta name=\"twitter:label1\" content=\"Dur\u00e9e de lecture estim\u00e9e\" \/>\n\t<meta name=\"twitter:data1\" content=\"3 minutes\" \/>\n<script type=\"application\/ld+json\" class=\"yoast-schema-graph\">{\"@context\":\"https:\/\/schema.org\",\"@graph\":[{\"@type\":\"WebPage\",\"@id\":\"https:\/\/www.circuitsderando.com\/traverseejura\/etape-2-le-chateleu-pontarlier\/\",\"url\":\"https:\/\/www.circuitsderando.com\/traverseejura\/etape-2-le-chateleu-pontarlier\/\",\"name\":\"Etape 2 : Le Ch\u00e2teleu - Pontarlier - Travers\u00e9e du Jura\",\"isPartOf\":{\"@id\":\"https:\/\/www.circuitsderando.com\/traverseejura\/#website\"},\"primaryImageOfPage\":{\"@id\":\"https:\/\/www.circuitsderando.com\/traverseejura\/etape-2-le-chateleu-pontarlier\/#primaryimage\"},\"image\":{\"@id\":\"https:\/\/www.circuitsderando.com\/traverseejura\/etape-2-le-chateleu-pontarlier\/#primaryimage\"},\"thumbnailUrl\":\"https:\/\/www.circuitsderando.com\/traverseejura\/wp-content\/uploads\/2017\/09\/2007-07-20_09-32-40-photo2062.jpg\",\"datePublished\":\"2017-09-05T20:01:10+00:00\",\"dateModified\":\"2022-11-05T18:10:36+00:00\",\"breadcrumb\":{\"@id\":\"https:\/\/www.circuitsderando.com\/traverseejura\/etape-2-le-chateleu-pontarlier\/#breadcrumb\"},\"inLanguage\":\"fr-FR\",\"potentialAction\":[{\"@type\":\"ReadAction\",\"target\":[\"https:\/\/www.circuitsderando.com\/traverseejura\/etape-2-le-chateleu-pontarlier\/\"]}]},{\"@type\":\"ImageObject\",\"inLanguage\":\"fr-FR\",\"@id\":\"https:\/\/www.circuitsderando.com\/traverseejura\/etape-2-le-chateleu-pontarlier\/#primaryimage\",\"url\":\"https:\/\/www.circuitsderando.com\/traverseejura\/wp-content\/uploads\/2017\/09\/2007-07-20_09-32-40-photo2062.jpg\",\"contentUrl\":\"https:\/\/www.circuitsderando.com\/traverseejura\/wp-content\/uploads\/2017\/09\/2007-07-20_09-32-40-photo2062.jpg\",\"width\":640,\"height\":480},{\"@type\":\"BreadcrumbList\",\"@id\":\"https:\/\/www.circuitsderando.com\/traverseejura\/etape-2-le-chateleu-pontarlier\/#breadcrumb\",\"itemListElement\":[{\"@type\":\"ListItem\",\"position\":1,\"name\":\"Travers\u00e9e du Jura\",\"item\":\"https:\/\/www.circuitsderando.com\/traverseejura\/\"},{\"@type\":\"ListItem\",\"position\":2,\"name\":\"Etape 2 : Le Ch\u00e2teleu &#8211; Pontarlier\"}]},{\"@type\":\"WebSite\",\"@id\":\"https:\/\/www.circuitsderando.com\/traverseejura\/#website\",\"url\":\"https:\/\/www.circuitsderando.com\/traverseejura\/\",\"name\":\"Travers\u00e9e du Jura\",\"description\":\"De Villers le Lac \u00e0 Pr\u00e9manon\",\"potentialAction\":[{\"@type\":\"SearchAction\",\"target\":{\"@type\":\"EntryPoint\",\"urlTemplate\":\"https:\/\/www.circuitsderando.com\/traverseejura\/?s={search_term_string}\"},\"query-input\":{\"@type\":\"PropertyValueSpecification\",\"valueRequired\":true,\"valueName\":\"search_term_string\"}}],\"inLanguage\":\"fr-FR\"}]}<\/script>\n<!-- \/ Yoast SEO plugin. -->","yoast_head_json":{"title":"Etape 2 : Le Ch\u00e2teleu - Pontarlier - Travers\u00e9e du Jura","robots":{"index":"index","follow":"follow","max-snippet":"max-snippet:-1","max-image-preview":"max-image-preview:large","max-video-preview":"max-video-preview:-1"},"canonical":"https:\/\/www.circuitsderando.com\/traverseejura\/etape-2-le-chateleu-pontarlier\/","og_locale":"fr_FR","og_type":"article","og_title":"Etape 2 : Le Ch\u00e2teleu - Pontarlier - Travers\u00e9e du Jura","og_description":"Le parcours longe la fronti\u00e8re puis part vers la jolie ville de Pontarlier en passant pr\u00e8s d&rsquo;un petit observatoire D\u00e9nivel\u00e9es : +314m \/ -641 m Temps : 8h10 Etape 3 &#8211; Pontarlier &#8211; M\u00e9tabief \u00a0>>>","og_url":"https:\/\/www.circuitsderando.com\/traverseejura\/etape-2-le-chateleu-pontarlier\/","og_site_name":"Travers\u00e9e du Jura","article_modified_time":"2022-11-05T18:10:36+00:00","og_image":[{"url":"https:\/\/www.circuitsderando.com\/traverseejura\/wp-content\/uploads\/2017\/09\/2007-07-20_09-32-40-photo2062.jpg"}],"twitter_card":"summary_large_image","twitter_misc":{"Dur\u00e9e de lecture estim\u00e9e":"3 minutes"},"schema":{"@context":"https:\/\/schema.org","@graph":[{"@type":"WebPage","@id":"https:\/\/www.circuitsderando.com\/traverseejura\/etape-2-le-chateleu-pontarlier\/","url":"https:\/\/www.circuitsderando.com\/traverseejura\/etape-2-le-chateleu-pontarlier\/","name":"Etape 2 : Le Ch\u00e2teleu - Pontarlier - Travers\u00e9e du Jura","isPartOf":{"@id":"https:\/\/www.circuitsderando.com\/traverseejura\/#website"},"primaryImageOfPage":{"@id":"https:\/\/www.circuitsderando.com\/traverseejura\/etape-2-le-chateleu-pontarlier\/#primaryimage"},"image":{"@id":"https:\/\/www.circuitsderando.com\/traverseejura\/etape-2-le-chateleu-pontarlier\/#primaryimage"},"thumbnailUrl":"https:\/\/www.circuitsderando.com\/traverseejura\/wp-content\/uploads\/2017\/09\/2007-07-20_09-32-40-photo2062.jpg","datePublished":"2017-09-05T20:01:10+00:00","dateModified":"2022-11-05T18:10:36+00:00","breadcrumb":{"@id":"https:\/\/www.circuitsderando.com\/traverseejura\/etape-2-le-chateleu-pontarlier\/#breadcrumb"},"inLanguage":"fr-FR","potentialAction":[{"@type":"ReadAction","target":["https:\/\/www.circuitsderando.com\/traverseejura\/etape-2-le-chateleu-pontarlier\/"]}]},{"@type":"ImageObject","inLanguage":"fr-FR","@id":"https:\/\/www.circuitsderando.com\/traverseejura\/etape-2-le-chateleu-pontarlier\/#primaryimage","url":"https:\/\/www.circuitsderando.com\/traverseejura\/wp-content\/uploads\/2017\/09\/2007-07-20_09-32-40-photo2062.jpg","contentUrl":"https:\/\/www.circuitsderando.com\/traverseejura\/wp-content\/uploads\/2017\/09\/2007-07-20_09-32-40-photo2062.jpg","width":640,"height":480},{"@type":"BreadcrumbList","@id":"https:\/\/www.circuitsderando.com\/traverseejura\/etape-2-le-chateleu-pontarlier\/#breadcrumb","itemListElement":[{"@type":"ListItem","position":1,"name":"Travers\u00e9e du Jura","item":"https:\/\/www.circuitsderando.com\/traverseejura\/"},{"@type":"ListItem","position":2,"name":"Etape 2 : Le Ch\u00e2teleu &#8211; Pontarlier"}]},{"@type":"WebSite","@id":"https:\/\/www.circuitsderando.com\/traverseejura\/#website","url":"https:\/\/www.circuitsderando.com\/traverseejura\/","name":"Travers\u00e9e du Jura","description":"De Villers le Lac \u00e0 Pr\u00e9manon","potentialAction":[{"@type":"SearchAction","target":{"@type":"EntryPoint","urlTemplate":"https:\/\/www.circuitsderando.com\/traverseejura\/?s={search_term_string}"},"query-input":{"@type":"PropertyValueSpecification","valueRequired":true,"valueName":"search_term_string"}}],"inLanguage":"fr-FR"}]}},"_links":{"self":[{"href":"https:\/\/www.circuitsderando.com\/traverseejura\/wp-json\/wp\/v2\/pages\/28"}],"collection":[{"href":"https:\/\/www.circuitsderando.com\/traverseejura\/wp-json\/wp\/v2\/pages"}],"about":[{"href":"https:\/\/www.circuitsderando.com\/traverseejura\/wp-json\/wp\/v2\/types\/page"}],"author":[{"embeddable":true,"href":"https:\/\/www.circuitsderando.com\/traverseejura\/wp-json\/wp\/v2\/users\/1"}],"replies":[{"embeddable":true,"href":"https:\/\/www.circuitsderando.com\/traverseejura\/wp-json\/wp\/v2\/comments?post=28"}],"version-history":[{"count":19,"href":"https:\/\/www.circuitsderando.com\/traverseejura\/wp-json\/wp\/v2\/pages\/28\/revisions"}],"predecessor-version":[{"id":290,"href":"https:\/\/www.circuitsderando.com\/traverseejura\/wp-json\/wp\/v2\/pages\/28\/revisions\/290"}],"wp:attachment":[{"href":"https:\/\/www.circuitsderando.com\/traverseejura\/wp-json\/wp\/v2\/media?parent=28"}],"curies":[{"name":"wp","href":"https:\/\/api.w.org\/{rel}","templated":true}]}}