{"id":2,"date":"2017-09-05T16:13:48","date_gmt":"2017-09-05T14:13:48","guid":{"rendered":"http:\/\/www.circuitsderando.com\/traverseejura\/?page_id=2"},"modified":"2020-08-17T22:34:36","modified_gmt":"2020-08-17T20:34:36","slug":"traversee-du-jura","status":"publish","type":"page","link":"https:\/\/www.circuitsderando.com\/traverseejura\/","title":{"rendered":"Travers\u00e9e du Jura"},"content":{"rendered":"<div tabindex=\"0\" class=\"cycloneslider cycloneslider-template-standard cycloneslider-width-responsive\" id=\"cycloneslider-diaporama-jura-1\" style=\"max-width:640px\" > <div class=\"cycloneslider-slides cycle-slideshow\" data-cycle-allow-wrap=\"true\" data-cycle-dynamic-height=\"off\" data-cycle-auto-height=\"640:480\" data-cycle-auto-height-easing=\"null\" data-cycle-auto-height-speed=\"250\" data-cycle-delay=\"0\" data-cycle-easing=\"\" data-cycle-fx=\"fade\" data-cycle-hide-non-active=\"true\" data-cycle-log=\"false\" data-cycle-next=\"#cycloneslider-diaporama-jura-1 .cycloneslider-next\" data-cycle-pager=\"#cycloneslider-diaporama-jura-1 .cycloneslider-pager\" data-cycle-pause-on-hover=\"false\" data-cycle-prev=\"#cycloneslider-diaporama-jura-1 .cycloneslider-prev\" data-cycle-slides=\"&gt; div\" data-cycle-speed=\"1000\" data-cycle-swipe=\"1\" data-cycle-tile-count=\"7\" data-cycle-tile-delay=\"100\" data-cycle-tile-vertical=\"true\" data-cycle-timeout=\"3000\" > <div class=\"cycloneslider-slide cycloneslider-slide-image\" > <img decoding=\"async\" src=\"https:\/\/www.circuitsderando.com\/traverseejura\/wp-content\/uploads\/2017\/09\/2007-07-19_11-12-00-photo2007.jpg\" alt=\"\" title=\"\" \/> <\/div> <div class=\"cycloneslider-slide cycloneslider-slide-image\" > <img decoding=\"async\" src=\"https:\/\/www.circuitsderando.com\/traverseejura\/wp-content\/uploads\/2017\/09\/2007-07-23_11-25-37-photo2354.jpg\" alt=\"\" title=\"\" \/> <\/div> <div class=\"cycloneslider-slide cycloneslider-slide-image\" > <img decoding=\"async\" src=\"https:\/\/www.circuitsderando.com\/traverseejura\/wp-content\/uploads\/2017\/09\/2007-07-21_15-48-53-photo2148.jpg\" alt=\"\" title=\"\" \/> <\/div> <div class=\"cycloneslider-slide cycloneslider-slide-image\" > <img decoding=\"async\" src=\"https:\/\/www.circuitsderando.com\/traverseejura\/wp-content\/uploads\/2017\/09\/2007-07-25_18-01-05-photo2708-640x480.jpg\" alt=\"\" title=\"\" \/> <\/div> <div class=\"cycloneslider-slide cycloneslider-slide-image\" > <img decoding=\"async\" src=\"https:\/\/www.circuitsderando.com\/traverseejura\/wp-content\/uploads\/2017\/09\/2007-07-25_15-35-24-photo2646.jpg\" alt=\"\" title=\"\" \/> <\/div> <div class=\"cycloneslider-slide cycloneslider-slide-image\" > <img decoding=\"async\" src=\"https:\/\/www.circuitsderando.com\/traverseejura\/wp-content\/uploads\/2017\/09\/2007-07-20_09-55-21-photo2064.jpg\" alt=\"\" title=\"\" \/> <\/div> <div class=\"cycloneslider-slide cycloneslider-slide-image\" > <img decoding=\"async\" src=\"https:\/\/www.circuitsderando.com\/traverseejura\/wp-content\/uploads\/2017\/09\/2007-07-21_11-10-27-photo2112.jpg\" alt=\"\" title=\"\" \/> <\/div> <div class=\"cycloneslider-slide cycloneslider-slide-image\" > <img decoding=\"async\" src=\"https:\/\/www.circuitsderando.com\/traverseejura\/wp-content\/uploads\/2017\/09\/2007-07-26_11-34-16-photo2733.jpg\" alt=\"\" title=\"\" \/> <\/div> <div class=\"cycloneslider-slide cycloneslider-slide-image\" > <img decoding=\"async\" src=\"https:\/\/www.circuitsderando.com\/traverseejura\/wp-content\/uploads\/2017\/09\/2007-07-19_13-30-02-photo2043.jpg\" alt=\"\" title=\"\" \/> <\/div> <div class=\"cycloneslider-slide cycloneslider-slide-image\" > <img decoding=\"async\" src=\"https:\/\/www.circuitsderando.com\/traverseejura\/wp-content\/uploads\/2017\/09\/2007-07-25_08-44-07-photo2532.jpg\" alt=\"\" title=\"\" \/> <\/div> <div class=\"cycloneslider-slide cycloneslider-slide-image\" > <img decoding=\"async\" src=\"https:\/\/www.circuitsderando.com\/traverseejura\/wp-content\/uploads\/2017\/09\/2007-07-19_11-52-25-photo2019.jpg\" alt=\"\" title=\"\" \/> <\/div> <div class=\"cycloneslider-slide cycloneslider-slide-image\" > <img decoding=\"async\" src=\"https:\/\/www.circuitsderando.com\/traverseejura\/wp-content\/uploads\/2017\/09\/2007-07-21_13-36-46-photo2136-640x480.jpg\" alt=\"\" title=\"\" \/> <\/div> <div class=\"cycloneslider-slide cycloneslider-slide-image\" > <img decoding=\"async\" src=\"https:\/\/www.circuitsderando.com\/traverseejura\/wp-content\/uploads\/2017\/09\/2007-07-22_11-28-25-photo2180.jpg\" alt=\"\" title=\"\" \/> <\/div> <div class=\"cycloneslider-slide cycloneslider-slide-image\" > <img decoding=\"async\" src=\"https:\/\/www.circuitsderando.com\/traverseejura\/wp-content\/uploads\/2017\/09\/2007-07-25_10-45-10-photo2558-640x480.jpg\" alt=\"\" title=\"\" \/> <\/div> <div class=\"cycloneslider-slide cycloneslider-slide-image\" > <img decoding=\"async\" src=\"https:\/\/www.circuitsderando.com\/traverseejura\/wp-content\/uploads\/2017\/09\/2007-07-18_15-24-34-photo1988.jpg\" alt=\"\" title=\"\" \/> <\/div> <div class=\"cycloneslider-slide cycloneslider-slide-image\" > <img decoding=\"async\" src=\"https:\/\/www.circuitsderando.com\/traverseejura\/wp-content\/uploads\/2017\/09\/2007-07-26_15-19-20-photo2771.jpg\" alt=\"\" title=\"\" \/> <\/div> <div class=\"cycloneslider-slide cycloneslider-slide-image\" > <img decoding=\"async\" src=\"https:\/\/www.circuitsderando.com\/traverseejura\/wp-content\/uploads\/2017\/09\/2007-07-26_12-29-12-photo2755.jpg\" alt=\"\" title=\"\" \/> <\/div> <div class=\"cycloneslider-slide cycloneslider-slide-image\" > <img decoding=\"async\" src=\"https:\/\/www.circuitsderando.com\/traverseejura\/wp-content\/uploads\/2017\/09\/2007-07-24_12-52-22-photo2446.jpg\" alt=\"\" title=\"\" \/> <\/div> <div class=\"cycloneslider-slide cycloneslider-slide-image\" > <img decoding=\"async\" src=\"https:\/\/www.circuitsderando.com\/traverseejura\/wp-content\/uploads\/2017\/09\/2007-07-26_08-58-09-photo2713.jpg\" alt=\"\" title=\"\" \/> <\/div> <div class=\"cycloneslider-slide cycloneslider-slide-image\" > <img decoding=\"async\" src=\"https:\/\/www.circuitsderando.com\/traverseejura\/wp-content\/uploads\/2017\/09\/2007-07-20_13-32-48-photo2086.jpg\" alt=\"\" title=\"\" \/> <\/div> <div class=\"cycloneslider-slide cycloneslider-slide-image\" > <img decoding=\"async\" src=\"https:\/\/www.circuitsderando.com\/traverseejura\/wp-content\/uploads\/2017\/09\/2007-07-18_15-52-11-photo2004.jpg\" alt=\"\" title=\"\" \/> <\/div> <div class=\"cycloneslider-slide cycloneslider-slide-image\" > <img decoding=\"async\" src=\"https:\/\/www.circuitsderando.com\/traverseejura\/wp-content\/uploads\/2017\/09\/2007-07-26_17-17-56-photo2792.jpg\" alt=\"\" title=\"\" \/> <\/div> <div class=\"cycloneslider-slide cycloneslider-slide-image\" > <img decoding=\"async\" src=\"https:\/\/www.circuitsderando.com\/traverseejura\/wp-content\/uploads\/2017\/09\/2007-07-24_13-51-40-photo2478.jpg\" alt=\"\" title=\"\" \/> <\/div> <div class=\"cycloneslider-slide cycloneslider-slide-image\" > <img decoding=\"async\" src=\"https:\/\/www.circuitsderando.com\/traverseejura\/wp-content\/uploads\/2017\/09\/2007-07-26_16-35-00-photo2779.jpg\" alt=\"\" title=\"\" \/> <\/div> <div class=\"cycloneslider-slide cycloneslider-slide-image\" > <img decoding=\"async\" src=\"https:\/\/www.circuitsderando.com\/traverseejura\/wp-content\/uploads\/2017\/09\/2007-07-20_13-55-11-photo2092.jpg\" alt=\"\" title=\"\" \/> <\/div> <div class=\"cycloneslider-slide cycloneslider-slide-image\" > <img decoding=\"async\" src=\"https:\/\/www.circuitsderando.com\/traverseejura\/wp-content\/uploads\/2017\/09\/2007-07-21_17-33-22-photo2166.jpg\" alt=\"\" title=\"\" \/> <\/div> <div class=\"cycloneslider-slide cycloneslider-slide-image\" > <img decoding=\"async\" src=\"https:\/\/www.circuitsderando.com\/traverseejura\/wp-content\/uploads\/2017\/09\/2007-07-25_16-11-19-photo2654.jpg\" alt=\"\" title=\"\" \/> <\/div> <div class=\"cycloneslider-slide cycloneslider-slide-image\" > <img decoding=\"async\" src=\"https:\/\/www.circuitsderando.com\/traverseejura\/wp-content\/uploads\/2017\/09\/2007-07-21_10-14-21-photo2107.jpg\" alt=\"\" title=\"\" \/> <\/div> <div class=\"cycloneslider-slide cycloneslider-slide-image\" > <img decoding=\"async\" src=\"https:\/\/www.circuitsderando.com\/traverseejura\/wp-content\/uploads\/2017\/09\/2007-07-21_18-26-09-photo2178.jpg\" alt=\"\" title=\"\" \/> <\/div> <div class=\"cycloneslider-slide cycloneslider-slide-image\" > <img decoding=\"async\" src=\"https:\/\/www.circuitsderando.com\/traverseejura\/wp-content\/uploads\/2017\/09\/2007-07-24_12-47-54-photo2442.jpg\" alt=\"\" title=\"\" \/> <\/div> <\/div> <a href=\"#\" class=\"cycloneslider-prev\"> <span class=\"arrow\"><\/span> <\/a> <a href=\"#\" class=\"cycloneslider-next\"> <span class=\"arrow\"><\/span> <\/a> <\/div>\n<div style=\"float: left; width: 400px;\">\n<p><img loading=\"lazy\" decoding=\"async\" class=\"alignnone wp-image-104 size-full\" src=\"http:\/\/www.circuitsderando.com\/traverseejura\/wp-content\/uploads\/2017\/09\/carte.jpg\" alt=\"\" usemap=\"#jura\" width=\"360\" height=\"360\" data-id=\"104\" \/><\/p>\n<map name=\"jura\">\n<area shape=\"poly\" coords=\"310,16,292,28,281,42,286,57,303,39,320,32,312,18\" href=\"randonnee-traversee-du-jura-hopitaux-neufs.html\">\n<area shape=\"poly\" coords=\"278,44,268,51,249,42,226,59,192,88,203,103,230,82,253,61,267,66,286,58,278,45\" href=\"randonnee-traversee-du-jura-les-cerneux-les-seignes.html\">\n<area shape=\"poly\" coords=\"191,94,178,110,177,125,177,146,175,165,177,175,183,187,198,170,189,162,195,150,190,135,196,121,196,105,204,103,194,93,192,95\" href=\"randonnee-traversee-du-jura-frambourg.html\">\n<area shape=\"poly\" coords=\"186,187,190,193,177,201,164,197,136,207,143,223,162,212,179,217,191,205,202,195,203,181,199,173,187,185\" href=\"randonnee-traversee-du-jura-hopitaux-neufs.html\">\n<area shape=\"poly\" coords=\"134,211,127,234,126,259,107,273,92,290,105,305,124,285,138,268,138,247,144,224,136,213\" href=\"randonnee-traversee-du-jura-chaux-neuve.html\">\n<area shape=\"poly\" coords=\"91,295,88,306,98,318,85,335,75,356,89,357,103,340,110,321,106,306,96,296\" href=\"randonnee-traversee-du-jura-risoux.html\">\n          <\/map>\n<\/div>\n<div style=\"float: left; width: 400px;\">\n<a href=\"http:\/\/www.circuitsderando.com\/traverseejura\/etape-1-villers-le-lac-le-chateleu\/\" class=\"etapes\">Etape 1 : Villers le Lac &#8211; Chateleu<\/a> <br \/>\n          <a href=\"http:\/\/www.circuitsderando.com\/traverseejura\/etape-2-le-chateleu-pontarlier\/\" class=\"etapes\">Etape 2 : Chateleu &#8211; Pontarlier<\/a><br \/>\n          <a href=\"http:\/\/www.circuitsderando.com\/traverseejura\/etape-3-pontarlier-metabief\/\" class=\"etapes\">Etape 3 : Pontarlier &#8211; Metabief<\/a><br \/>\n          <a href=\"http:\/\/www.circuitsderando.com\/traverseejura\/etape-4-metabief-mouthe\/\" class=\"etapes\">Etape 4 : Metabief &#8211; Mouthe<\/a><br \/>\n          <a href=\"http:\/\/www.circuitsderando.com\/traverseejura\/etape-5-mouthe-bellefontaine\/\" class=\"etapes\">Etape 5 : Mouthe &#8211; Bellefontaine<\/a><br \/>\n          <a href=\"http:\/\/www.circuitsderando.com\/traverseejura\/etape-6-bellefontaine-premanon\/\" class=\"etapes\">Etape 6 : Bellefontaine &#8211; Pr\u00e9manon<\/a><\/p>\n<div style=\"clear: both;\"><\/div>\n","protected":false},"excerpt":{"rendered":"<p>Etape 1 : Villers le Lac &#8211; Chateleu Etape 2 : Chateleu &#8211; Pontarlier Etape 3 : Pontarlier &#8211; Metabief Etape 4 : Metabief &#8211; Mouthe Etape 5 : Mouthe &#8211; Bellefontaine Etape 6 : Bellefontaine &#8211; Pr\u00e9manon<\/p>\n","protected":false},"author":1,"featured_media":0,"parent":0,"menu_order":0,"comment_status":"closed","ping_status":"open","template":"templates\/full-width-page.php","meta":{"_monsterinsights_skip_tracking":false,"_monsterinsights_sitenote_active":false,"_monsterinsights_sitenote_note":"","_monsterinsights_sitenote_category":0,"footnotes":""},"class_list":["post-2","page","type-page","status-publish","hentry"],"yoast_head":"<!-- This site is optimized with the Yoast SEO plugin v23.5 - https:\/\/yoast.com\/wordpress\/plugins\/seo\/ -->\n<title>Travers\u00e9e du Jura - Travers\u00e9e du Jura<\/title>\n<meta name=\"robots\" content=\"index, follow, max-snippet:-1, max-image-preview:large, max-video-preview:-1\" \/>\n<link rel=\"canonical\" href=\"https:\/\/www.circuitsderando.com\/traverseejura\/\" \/>\n<meta property=\"og:locale\" content=\"fr_FR\" \/>\n<meta property=\"og:type\" content=\"article\" \/>\n<meta property=\"og:title\" content=\"Travers\u00e9e du Jura - Travers\u00e9e du Jura\" \/>\n<meta property=\"og:description\" content=\"Etape 1 : Villers le Lac &#8211; Chateleu Etape 2 : Chateleu &#8211; Pontarlier Etape 3 : Pontarlier &#8211; Metabief Etape 4 : Metabief &#8211; Mouthe Etape 5 : Mouthe &#8211; Bellefontaine Etape 6 : Bellefontaine &#8211; Pr\u00e9manon\" \/>\n<meta property=\"og:url\" content=\"https:\/\/www.circuitsderando.com\/traverseejura\/\" \/>\n<meta property=\"og:site_name\" content=\"Travers\u00e9e du Jura\" \/>\n<meta property=\"article:modified_time\" content=\"2020-08-17T20:34:36+00:00\" \/>\n<meta property=\"og:image\" content=\"http:\/\/www.circuitsderando.com\/traverseejura\/wp-content\/uploads\/2017\/09\/carte.jpg\" \/>\n<meta name=\"twitter:card\" content=\"summary_large_image\" \/>\n<script type=\"application\/ld+json\" class=\"yoast-schema-graph\">{\"@context\":\"https:\/\/schema.org\",\"@graph\":[{\"@type\":\"WebPage\",\"@id\":\"https:\/\/www.circuitsderando.com\/traverseejura\/\",\"url\":\"https:\/\/www.circuitsderando.com\/traverseejura\/\",\"name\":\"Travers\u00e9e du Jura - Travers\u00e9e du Jura\",\"isPartOf\":{\"@id\":\"https:\/\/www.circuitsderando.com\/traverseejura\/#website\"},\"primaryImageOfPage\":{\"@id\":\"https:\/\/www.circuitsderando.com\/traverseejura\/#primaryimage\"},\"image\":{\"@id\":\"https:\/\/www.circuitsderando.com\/traverseejura\/#primaryimage\"},\"thumbnailUrl\":\"http:\/\/www.circuitsderando.com\/traverseejura\/wp-content\/uploads\/2017\/09\/carte.jpg\",\"datePublished\":\"2017-09-05T14:13:48+00:00\",\"dateModified\":\"2020-08-17T20:34:36+00:00\",\"breadcrumb\":{\"@id\":\"https:\/\/www.circuitsderando.com\/traverseejura\/#breadcrumb\"},\"inLanguage\":\"fr-FR\",\"potentialAction\":[{\"@type\":\"ReadAction\",\"target\":[\"https:\/\/www.circuitsderando.com\/traverseejura\/\"]}]},{\"@type\":\"ImageObject\",\"inLanguage\":\"fr-FR\",\"@id\":\"https:\/\/www.circuitsderando.com\/traverseejura\/#primaryimage\",\"url\":\"https:\/\/www.circuitsderando.com\/traverseejura\/wp-content\/uploads\/2017\/09\/carte.jpg\",\"contentUrl\":\"https:\/\/www.circuitsderando.com\/traverseejura\/wp-content\/uploads\/2017\/09\/carte.jpg\",\"width\":360,\"height\":360},{\"@type\":\"BreadcrumbList\",\"@id\":\"https:\/\/www.circuitsderando.com\/traverseejura\/#breadcrumb\",\"itemListElement\":[{\"@type\":\"ListItem\",\"position\":1,\"name\":\"Travers\u00e9e du Jura\",\"item\":\"https:\/\/www.circuitsderando.com\/traverseejura\/\"},{\"@type\":\"ListItem\",\"position\":2,\"name\":\"Travers\u00e9e du Jura\"}]},{\"@type\":\"WebSite\",\"@id\":\"https:\/\/www.circuitsderando.com\/traverseejura\/#website\",\"url\":\"https:\/\/www.circuitsderando.com\/traverseejura\/\",\"name\":\"Travers\u00e9e du Jura\",\"description\":\"De Villers le Lac \u00e0 Pr\u00e9manon\",\"potentialAction\":[{\"@type\":\"SearchAction\",\"target\":{\"@type\":\"EntryPoint\",\"urlTemplate\":\"https:\/\/www.circuitsderando.com\/traverseejura\/?s={search_term_string}\"},\"query-input\":{\"@type\":\"PropertyValueSpecification\",\"valueRequired\":true,\"valueName\":\"search_term_string\"}}],\"inLanguage\":\"fr-FR\"}]}<\/script>\n<!-- \/ Yoast SEO plugin. -->","yoast_head_json":{"title":"Travers\u00e9e du Jura - Travers\u00e9e du Jura","robots":{"index":"index","follow":"follow","max-snippet":"max-snippet:-1","max-image-preview":"max-image-preview:large","max-video-preview":"max-video-preview:-1"},"canonical":"https:\/\/www.circuitsderando.com\/traverseejura\/","og_locale":"fr_FR","og_type":"article","og_title":"Travers\u00e9e du Jura - Travers\u00e9e du Jura","og_description":"Etape 1 : Villers le Lac &#8211; Chateleu Etape 2 : Chateleu &#8211; Pontarlier Etape 3 : Pontarlier &#8211; Metabief Etape 4 : Metabief &#8211; Mouthe Etape 5 : Mouthe &#8211; Bellefontaine Etape 6 : Bellefontaine &#8211; Pr\u00e9manon","og_url":"https:\/\/www.circuitsderando.com\/traverseejura\/","og_site_name":"Travers\u00e9e du Jura","article_modified_time":"2020-08-17T20:34:36+00:00","og_image":[{"url":"http:\/\/www.circuitsderando.com\/traverseejura\/wp-content\/uploads\/2017\/09\/carte.jpg"}],"twitter_card":"summary_large_image","schema":{"@context":"https:\/\/schema.org","@graph":[{"@type":"WebPage","@id":"https:\/\/www.circuitsderando.com\/traverseejura\/","url":"https:\/\/www.circuitsderando.com\/traverseejura\/","name":"Travers\u00e9e du Jura - Travers\u00e9e du Jura","isPartOf":{"@id":"https:\/\/www.circuitsderando.com\/traverseejura\/#website"},"primaryImageOfPage":{"@id":"https:\/\/www.circuitsderando.com\/traverseejura\/#primaryimage"},"image":{"@id":"https:\/\/www.circuitsderando.com\/traverseejura\/#primaryimage"},"thumbnailUrl":"http:\/\/www.circuitsderando.com\/traverseejura\/wp-content\/uploads\/2017\/09\/carte.jpg","datePublished":"2017-09-05T14:13:48+00:00","dateModified":"2020-08-17T20:34:36+00:00","breadcrumb":{"@id":"https:\/\/www.circuitsderando.com\/traverseejura\/#breadcrumb"},"inLanguage":"fr-FR","potentialAction":[{"@type":"ReadAction","target":["https:\/\/www.circuitsderando.com\/traverseejura\/"]}]},{"@type":"ImageObject","inLanguage":"fr-FR","@id":"https:\/\/www.circuitsderando.com\/traverseejura\/#primaryimage","url":"https:\/\/www.circuitsderando.com\/traverseejura\/wp-content\/uploads\/2017\/09\/carte.jpg","contentUrl":"https:\/\/www.circuitsderando.com\/traverseejura\/wp-content\/uploads\/2017\/09\/carte.jpg","width":360,"height":360},{"@type":"BreadcrumbList","@id":"https:\/\/www.circuitsderando.com\/traverseejura\/#breadcrumb","itemListElement":[{"@type":"ListItem","position":1,"name":"Travers\u00e9e du Jura","item":"https:\/\/www.circuitsderando.com\/traverseejura\/"},{"@type":"ListItem","position":2,"name":"Travers\u00e9e du Jura"}]},{"@type":"WebSite","@id":"https:\/\/www.circuitsderando.com\/traverseejura\/#website","url":"https:\/\/www.circuitsderando.com\/traverseejura\/","name":"Travers\u00e9e du Jura","description":"De Villers le Lac \u00e0 Pr\u00e9manon","potentialAction":[{"@type":"SearchAction","target":{"@type":"EntryPoint","urlTemplate":"https:\/\/www.circuitsderando.com\/traverseejura\/?s={search_term_string}"},"query-input":{"@type":"PropertyValueSpecification","valueRequired":true,"valueName":"search_term_string"}}],"inLanguage":"fr-FR"}]}},"_links":{"self":[{"href":"https:\/\/www.circuitsderando.com\/traverseejura\/wp-json\/wp\/v2\/pages\/2"}],"collection":[{"href":"https:\/\/www.circuitsderando.com\/traverseejura\/wp-json\/wp\/v2\/pages"}],"about":[{"href":"https:\/\/www.circuitsderando.com\/traverseejura\/wp-json\/wp\/v2\/types\/page"}],"author":[{"embeddable":true,"href":"https:\/\/www.circuitsderando.com\/traverseejura\/wp-json\/wp\/v2\/users\/1"}],"replies":[{"embeddable":true,"href":"https:\/\/www.circuitsderando.com\/traverseejura\/wp-json\/wp\/v2\/comments?post=2"}],"version-history":[{"count":16,"href":"https:\/\/www.circuitsderando.com\/traverseejura\/wp-json\/wp\/v2\/pages\/2\/revisions"}],"predecessor-version":[{"id":249,"href":"https:\/\/www.circuitsderando.com\/traverseejura\/wp-json\/wp\/v2\/pages\/2\/revisions\/249"}],"wp:attachment":[{"href":"https:\/\/www.circuitsderando.com\/traverseejura\/wp-json\/wp\/v2\/media?parent=2"}],"curies":[{"name":"wp","href":"https:\/\/api.w.org\/{rel}","templated":true}]}}