{"id":151,"date":"2017-09-15T14:23:58","date_gmt":"2017-09-15T12:23:58","guid":{"rendered":"http:\/\/www.circuitsderando.com\/traverseejura\/?page_id=151"},"modified":"2020-08-17T22:41:05","modified_gmt":"2020-08-17T20:41:05","slug":"hebergements","status":"publish","type":"page","link":"https:\/\/www.circuitsderando.com\/traverseejura\/hebergements\/","title":{"rendered":"H\u00e9bergements"},"content":{"rendered":"\n<table id=\"tablepress-hebergements\" class=\"tablepress tablepress-id-hebergements\">\n<tbody class=\"row-hover\">\n<tr class=\"row-1 odd\">\n\t<td class=\"column-1\"><b>Villers le Lac - Le Ch\u00e2teleu<\/b><\/td><td class=\"column-2\">Auberge Franc Comtoise - Villers le Lac<br \/>\nOuvert toute l'ann\u00e9e<br \/>\nRestauration<br \/>\n47 Places<br \/>\nT\u00e9l : 03.81.68.01.85 <br \/>\nLien : http:\/\/www.saut-du-doubs.org\/decouverte\/aubergefranccomtoise.htm<br \/>\n<br \/>\nCamping du Stade - Villers le Lac<br \/>\nT\u00e9l : 03.81.68.00.98<br \/>\nLien : http:\/\/www.francecamping.com\/camping-fiche.php?id=1029&amp;region=Franche-Comt%C3%A9<br \/>\n<br \/>\nLe Clos Rondot - Les Bassots<br \/>\n19 Places<br \/>\nT\u00e9l : 03.81.68.08.33<br \/>\nSite : http:\/\/www.leclosrondot.fr\/<br \/>\n<br \/>\nLes Tavaillons - Gite d'Etape CAF - Le Chauffaud<br \/>\nFerm\u00e9 de mi-octobre \u00e0 mi-novembre<br \/>\nRestauration<br \/>\nCapacit\u00e9 d'accueil: 55 places, r\u00e9parties en dortoirs de 7 \u00e0 10 places ou en chambres de 4.<br \/>\nLien : http:\/\/www.gitelestavaillons.com <br \/>\n<br \/>\nAuberge Sur la Roche - Sur la Roche<br \/>\nRando-Plume<br \/>\nFerm\u00e9e la derni\u00e8re semaine de juin et la premi\u00e8re de juillet<br \/>\n32 Places<br \/>\nRestauration<br \/>\nT\u00e9l : 03.81.68.08.94<br \/>\n<br \/>\nLe Vieux Ch\u00e2teleu - Les Gras<br \/>\nRestauration<br \/>\n40 Places <br \/>\nL'auberge est ouverte \u00e0 partir de 16h30<br \/>\nTr\u00e8s bon accueil et restauration<br \/>\nT\u00e9l : 03.81.67.11.59<br \/>\nSite : http:\/\/www.chateleu.com\/<\/td>\n<\/tr>\n<tr class=\"row-2 even\">\n\t<td class=\"column-1\"><b>Le Ch\u00e2teleu - Pontarlier<\/b><\/td><td class=\"column-2\">Les Cerneux - Les Gras<br \/>\nFerm\u00e9 du 15 au 31 mars et en novembre<br \/>\n8 Places<br \/>\nT\u00e9l : 03.81.68.81.81<br \/>\nLien : http:\/\/www.maisons-comtoises.com\/MAISONS\/MAISON_DES_CERNEUX\/maison_des_cerneux.html<br \/>\n<br \/>\nMaison des Seignes - Les Gras<br \/>\n4 Places<br \/>\nT\u00e9l : 03.81.68.82.30<br \/>\nSite : http:\/\/lamaisondesseignes.free.fr\/<br \/>\n<br \/>\n<br \/>\nLe Haut Saugeais Blanc - La Perdrix<br \/>\n28 Places<br \/>\nRestaurant \u00e0 proximit\u00e9<br \/>\nT\u00e9l : 03.81.38.10.36<br \/>\n<br \/>\nAuberge de la Perdrix - La Perdrix<br \/>\n22 Places<br \/>\nRestauration<br \/>\nT\u00e9l : 03.81.38.12.90<br \/>\nSite : http:\/\/www.aubergelaperdrix.com\/<br \/>\n<br \/>\nPontarlier<br \/>\nNombreux g\u00eetes et h\u00f4tels dont l'h\u00f4tel St Pierre \u00e0 Pontarlier<br \/>\nSite : http:\/\/www.hotel-st-pierre-pontarlier.fr\/<\/td>\n<\/tr>\n<tr class=\"row-3 odd\">\n\t<td class=\"column-1\"><b>Pontarlier - M\u00e9tabief<\/b><\/td><td class=\"column-2\">Auberge \"Ch\u00e2teau de Joux\" - Cluse et Mijoux<br \/>\nT\u00e9l : 03.81.69.40.36<br \/>\n<br \/>\nH\u00f4tel des sapins et du lac - Oye et Pallet<br \/>\n11 chambres<br \/>\nT\u00e9l : 03.81.89.42.29<br \/>\n<br \/>\nH\u00f4tels \u00e0 Malbuisson<br \/>\nLien : http:\/\/www.sites-hotels.com\/franche-comte\/hotels_doubs\/hotel_malbuisson.htm<br \/>\n<br \/>\nCentre MJC - Touillon et Loutelet<br \/>\n80 Places<br \/>\nT\u00e9l : 03.81.49.10.04<br \/>\nSite : http:\/\/www.hautecomte.com\/touillon\/mjc.htm<br \/>\n<br \/>\nH\u00f4tel \"Etoiles des Neiges\"<br \/>\n56 Places<br \/>\nPiscine int\u00e9rieure <br \/>\nT\u00e9l : 03.81.49.11.21<br \/>\nSite : http:\/\/www.hoteletoiledesneiges.fr\/<\/td>\n<\/tr>\n<tr class=\"row-4 even\">\n\t<td class=\"column-1\"><b>M\u00e9tabief - Mouthe<\/b><\/td><td class=\"column-2\">\t<br \/>\nLes Hopitaux-Neufs :<br \/>\nSe renseigner \u00e0 l'office de Tourisme : 03.81.49.13.81<br \/>\n<br \/>\nLes Gentianes - Rochejean<br \/>\nTel. 03 81 49 90 54<br \/>\n<br \/>\nLe Muguet - Les Villedieu<br \/>\nChambres d'h\u00f4tes<br \/>\n10 Places<br \/>\nT\u00e9l : 03.81.69.20.40<br \/>\n<br \/>\nLa Cure - Sarrageois<br \/>\nT\u00e9l : 03.81.69.28.11<br \/>\nSite : http:\/\/www.gitelacure.com\/<br \/>\n<br \/>\n<br \/>\nArt et Randonn\u00e9e - Mouthe<br \/>\n22 Places<br \/>\nT\u00e9l : 03.81.69.21.69<br \/>\nLien : http:\/\/www.jura-gite-vacance.com\/<br \/>\nTr\u00e8s bon accueil<br \/>\n<br \/>\nChalet de la Source - Sources du Doubs - Mouthe<br \/>\n35 Places<br \/>\nRestauration<br \/>\nT\u00e9l : 03.81.69.14.39<\/td>\n<\/tr>\n<tr class=\"row-5 odd\">\n\t<td class=\"column-1\"><b>Mouthe - Bellefontaine<\/b><\/td><td class=\"column-2\">La Maison du Montagnon - La Chapelle des Bois<br \/>\nFerm\u00e9 du 1er au 15 avril et du 15 Octobre au 31 Octobre<br \/>\n54 Places<br \/>\nT\u00e9l : 03.81.69.26.30<br \/>\nSite : http:\/\/www.maison-montagnon.fr\/<br \/>\n<br \/>\nVillage Vacances - Cap Vacances - La Chapelle des Bois<br \/>\n51 chambres de 2 \u00e0 4 personnes<br \/>\nPension compl\u00e8te.   <br \/>\nSite : http:\/\/www.capvacances.fr\/capvacances_1808.jsp<br \/>\n<br \/>\nH\u00f4tel \"La chaumi\u00e8re\" - Bellefontaine<br \/>\nLogis de France et Rand'H\u00f4tel<br \/>\n27 Places<br \/>\nSite : http:\/\/www.chaumiere.fr\/<\/td>\n<\/tr>\n<tr class=\"row-6 even\">\n\t<td class=\"column-1\"><b>Bellefontaine - Pr\u00e9manon<\/b><\/td><td class=\"column-2\">Chalet Gaillard - For\u00eat du Risoux - Bois d'Amont<br \/>\n19 Places<br \/>\nTel. : 03 84 60 94 13 <br \/>\n<br \/>\n\"Le Gr\u00e9pillon\" - Les Rousses<br \/>\nRando Plume<br \/>\n56 Places<br \/>\nTel : 03.84.60.37.42<br \/>\n<br \/>\nFerme du Pere Fran\u00e7ois<br \/>\n7 Chambres<br \/>\nSite : http:\/\/hotel.perefrancois.fr<br \/>\n<br \/>\nLe Gai Pinson - Sortie des Rousses<br \/>\n45 Places<br \/>\nTel : 03.84.60.02.15<br \/>\n<br \/>\nBief de la Chaille<br \/>\nFerm\u00e9 du 1er Avril au 4 mai et du 19 sept au 18 D\u00e9c. <br \/>\nT\u00e9l : 03.84.60.02.80<br \/>\nLien : http:\/\/www.rando-accueil.com\/Jura\/RG_BIEF-CHAILLE.php<br \/>\n<br \/>\nChez Fofo - Pr\u00e9manon<br \/>\nRestauration<br \/>\n19 Places<br \/>\nTel : 03.84.60.79.01<br \/>\n<\/td>\n<\/tr>\n<\/tbody>\n<\/table>\n\n","protected":false},"excerpt":{"rendered":"","protected":false},"author":1,"featured_media":0,"parent":0,"menu_order":0,"comment_status":"closed","ping_status":"closed","template":"templates\/full-width-page.php","meta":{"_monsterinsights_skip_tracking":false,"_monsterinsights_sitenote_active":false,"_monsterinsights_sitenote_note":"","_monsterinsights_sitenote_category":0,"footnotes":""},"class_list":["post-151","page","type-page","status-publish","hentry"],"yoast_head":"<!-- This site is optimized with the Yoast SEO plugin v23.5 - https:\/\/yoast.com\/wordpress\/plugins\/seo\/ -->\n<title>H\u00e9bergements - Travers\u00e9e du Jura<\/title>\n<meta name=\"robots\" content=\"index, follow, max-snippet:-1, max-image-preview:large, max-video-preview:-1\" \/>\n<link rel=\"canonical\" href=\"https:\/\/www.circuitsderando.com\/traverseejura\/hebergements\/\" \/>\n<meta property=\"og:locale\" content=\"fr_FR\" \/>\n<meta property=\"og:type\" content=\"article\" \/>\n<meta property=\"og:title\" content=\"H\u00e9bergements - Travers\u00e9e du Jura\" \/>\n<meta property=\"og:url\" content=\"https:\/\/www.circuitsderando.com\/traverseejura\/hebergements\/\" \/>\n<meta property=\"og:site_name\" content=\"Travers\u00e9e du Jura\" \/>\n<meta property=\"article:modified_time\" content=\"2020-08-17T20:41:05+00:00\" \/>\n<meta name=\"twitter:card\" content=\"summary_large_image\" \/>\n<script type=\"application\/ld+json\" class=\"yoast-schema-graph\">{\"@context\":\"https:\/\/schema.org\",\"@graph\":[{\"@type\":\"WebPage\",\"@id\":\"https:\/\/www.circuitsderando.com\/traverseejura\/hebergements\/\",\"url\":\"https:\/\/www.circuitsderando.com\/traverseejura\/hebergements\/\",\"name\":\"H\u00e9bergements - Travers\u00e9e du Jura\",\"isPartOf\":{\"@id\":\"https:\/\/www.circuitsderando.com\/traverseejura\/#website\"},\"datePublished\":\"2017-09-15T12:23:58+00:00\",\"dateModified\":\"2020-08-17T20:41:05+00:00\",\"breadcrumb\":{\"@id\":\"https:\/\/www.circuitsderando.com\/traverseejura\/hebergements\/#breadcrumb\"},\"inLanguage\":\"fr-FR\",\"potentialAction\":[{\"@type\":\"ReadAction\",\"target\":[\"https:\/\/www.circuitsderando.com\/traverseejura\/hebergements\/\"]}]},{\"@type\":\"BreadcrumbList\",\"@id\":\"https:\/\/www.circuitsderando.com\/traverseejura\/hebergements\/#breadcrumb\",\"itemListElement\":[{\"@type\":\"ListItem\",\"position\":1,\"name\":\"Travers\u00e9e du Jura\",\"item\":\"https:\/\/www.circuitsderando.com\/traverseejura\/\"},{\"@type\":\"ListItem\",\"position\":2,\"name\":\"H\u00e9bergements\"}]},{\"@type\":\"WebSite\",\"@id\":\"https:\/\/www.circuitsderando.com\/traverseejura\/#website\",\"url\":\"https:\/\/www.circuitsderando.com\/traverseejura\/\",\"name\":\"Travers\u00e9e du Jura\",\"description\":\"De Villers le Lac \u00e0 Pr\u00e9manon\",\"potentialAction\":[{\"@type\":\"SearchAction\",\"target\":{\"@type\":\"EntryPoint\",\"urlTemplate\":\"https:\/\/www.circuitsderando.com\/traverseejura\/?s={search_term_string}\"},\"query-input\":{\"@type\":\"PropertyValueSpecification\",\"valueRequired\":true,\"valueName\":\"search_term_string\"}}],\"inLanguage\":\"fr-FR\"}]}<\/script>\n<!-- \/ Yoast SEO plugin. -->","yoast_head_json":{"title":"H\u00e9bergements - Travers\u00e9e du Jura","robots":{"index":"index","follow":"follow","max-snippet":"max-snippet:-1","max-image-preview":"max-image-preview:large","max-video-preview":"max-video-preview:-1"},"canonical":"https:\/\/www.circuitsderando.com\/traverseejura\/hebergements\/","og_locale":"fr_FR","og_type":"article","og_title":"H\u00e9bergements - Travers\u00e9e du Jura","og_url":"https:\/\/www.circuitsderando.com\/traverseejura\/hebergements\/","og_site_name":"Travers\u00e9e du Jura","article_modified_time":"2020-08-17T20:41:05+00:00","twitter_card":"summary_large_image","schema":{"@context":"https:\/\/schema.org","@graph":[{"@type":"WebPage","@id":"https:\/\/www.circuitsderando.com\/traverseejura\/hebergements\/","url":"https:\/\/www.circuitsderando.com\/traverseejura\/hebergements\/","name":"H\u00e9bergements - Travers\u00e9e du Jura","isPartOf":{"@id":"https:\/\/www.circuitsderando.com\/traverseejura\/#website"},"datePublished":"2017-09-15T12:23:58+00:00","dateModified":"2020-08-17T20:41:05+00:00","breadcrumb":{"@id":"https:\/\/www.circuitsderando.com\/traverseejura\/hebergements\/#breadcrumb"},"inLanguage":"fr-FR","potentialAction":[{"@type":"ReadAction","target":["https:\/\/www.circuitsderando.com\/traverseejura\/hebergements\/"]}]},{"@type":"BreadcrumbList","@id":"https:\/\/www.circuitsderando.com\/traverseejura\/hebergements\/#breadcrumb","itemListElement":[{"@type":"ListItem","position":1,"name":"Travers\u00e9e du Jura","item":"https:\/\/www.circuitsderando.com\/traverseejura\/"},{"@type":"ListItem","position":2,"name":"H\u00e9bergements"}]},{"@type":"WebSite","@id":"https:\/\/www.circuitsderando.com\/traverseejura\/#website","url":"https:\/\/www.circuitsderando.com\/traverseejura\/","name":"Travers\u00e9e du Jura","description":"De Villers le Lac \u00e0 Pr\u00e9manon","potentialAction":[{"@type":"SearchAction","target":{"@type":"EntryPoint","urlTemplate":"https:\/\/www.circuitsderando.com\/traverseejura\/?s={search_term_string}"},"query-input":{"@type":"PropertyValueSpecification","valueRequired":true,"valueName":"search_term_string"}}],"inLanguage":"fr-FR"}]}},"_links":{"self":[{"href":"https:\/\/www.circuitsderando.com\/traverseejura\/wp-json\/wp\/v2\/pages\/151"}],"collection":[{"href":"https:\/\/www.circuitsderando.com\/traverseejura\/wp-json\/wp\/v2\/pages"}],"about":[{"href":"https:\/\/www.circuitsderando.com\/traverseejura\/wp-json\/wp\/v2\/types\/page"}],"author":[{"embeddable":true,"href":"https:\/\/www.circuitsderando.com\/traverseejura\/wp-json\/wp\/v2\/users\/1"}],"replies":[{"embeddable":true,"href":"https:\/\/www.circuitsderando.com\/traverseejura\/wp-json\/wp\/v2\/comments?post=151"}],"version-history":[{"count":5,"href":"https:\/\/www.circuitsderando.com\/traverseejura\/wp-json\/wp\/v2\/pages\/151\/revisions"}],"predecessor-version":[{"id":258,"href":"https:\/\/www.circuitsderando.com\/traverseejura\/wp-json\/wp\/v2\/pages\/151\/revisions\/258"}],"wp:attachment":[{"href":"https:\/\/www.circuitsderando.com\/traverseejura\/wp-json\/wp\/v2\/media?parent=151"}],"curies":[{"name":"wp","href":"https:\/\/api.w.org\/{rel}","templated":true}]}}