{"id":147,"date":"2017-09-15T14:22:27","date_gmt":"2017-09-15T12:22:27","guid":{"rendered":"http:\/\/www.circuitsderando.com\/traverseejura\/?page_id=147"},"modified":"2020-08-17T22:38:02","modified_gmt":"2020-08-17T20:38:02","slug":"profil-des-etapes","status":"publish","type":"page","link":"https:\/\/www.circuitsderando.com\/traverseejura\/profil-des-etapes\/","title":{"rendered":"Profil des \u00e9tapes"},"content":{"rendered":"\n<table id=\"tablepress-recapetapes\" class=\"tablepress tablepress-id-recapetapes\">\n<tbody class=\"row-hover\">\n<tr class=\"row-1 odd\">\n\t<td class=\"column-1\"><b>Villers le Lac - Chateleu<\/b><\/td><td class=\"column-2\">+507m<\/td><td class=\"column-3\">-64m<\/td><td class=\"column-4\">4h35<\/td>\n<\/tr>\n<tr class=\"row-2 even\">\n\t<td class=\"column-1\"><b>Chateleu - Pontarlier<\/b><\/td><td class=\"column-2\">+314m<\/td><td class=\"column-3\">-641m<\/td><td class=\"column-4\">8h10<\/td>\n<\/tr>\n<tr class=\"row-3 odd\">\n\t<td class=\"column-1\"><b>Pontarlier - M\u00e9tabief<\/b><\/td><td class=\"column-2\">+238m<\/td><td class=\"column-3\">-148m<\/td><td class=\"column-4\">6h10<\/td>\n<\/tr>\n<tr class=\"row-4 even\">\n\t<td class=\"column-1\"><b>M\u00e9tabief - Mouthe<\/b><\/td><td class=\"column-2\">+497m<\/td><td class=\"column-3\">-523m<\/td><td class=\"column-4\">7h10<\/td>\n<\/tr>\n<tr class=\"row-5 odd\">\n\t<td class=\"column-1\"><b>Mouthe - Bellefontaine<\/b><\/td><td class=\"column-2\">+418m<\/td><td class=\"column-3\">-333m<\/td><td class=\"column-4\">6h15<\/td>\n<\/tr>\n<tr class=\"row-6 even\">\n\t<td class=\"column-1\"><b>Bellefontaine - Pr\u00e9manon<\/b><\/td><td class=\"column-2\">+507m<\/td><td class=\"column-3\">-155m<\/td><td class=\"column-4\">4h45<\/td>\n<\/tr>\n<\/tbody>\n<\/table>\n\n<p><b><u>D\u00e9tail des \u00e9tapes : <\/u><\/b><\/p>\n<p><b>Villers le Lac &#8211; Le Ch\u00e2teleu<\/b><br \/>\n\n<table id=\"tablepress-etape1\" class=\"tablepress tablepress-id-etape1\">\n<tbody class=\"row-hover\">\n<tr class=\"row-1 odd\">\n\t<td class=\"column-1\">Villers le Lac\t<\/td><td class=\"column-2\">758m<\/td><td class=\"column-3\"><\/td><td class=\"column-4\"><\/td>\n<\/tr>\n<tr class=\"row-2 even\">\n\t<td class=\"column-1\">Pr\u00e9lot<\/td><td class=\"column-2\">1020m<\/td><td class=\"column-3\">+262m<\/td><td class=\"column-4\">0h50<\/td>\n<\/tr>\n<tr class=\"row-3 odd\">\n\t<td class=\"column-1\">Sur la Roche<\/td><td class=\"column-2\">1160m<\/td><td class=\"column-3\">+140m<\/td><td class=\"column-4\">0h30<\/td>\n<\/tr>\n<tr class=\"row-4 even\">\n\t<td class=\"column-1\">Gardot<\/td><td class=\"column-2\">1096m<\/td><td class=\"column-3\">-64m<\/td><td class=\"column-4\">1h30<\/td>\n<\/tr>\n<tr class=\"row-5 odd\">\n\t<td class=\"column-1\">Vieux Chateleu<\/td><td class=\"column-2\">1201m<\/td><td class=\"column-3\">+105m<\/td><td class=\"column-4\">1h45<\/td>\n<\/tr>\n<\/tbody>\n<\/table>\n<\/p>\n<p><b>Le Ch\u00e2teleu &#8211; Pontarlier<\/b><br \/>\n\n<table id=\"tablepress-etape2\" class=\"tablepress tablepress-id-etape2\">\n<tbody class=\"row-hover\">\n<tr class=\"row-1 odd\">\n\t<td class=\"column-1\">Vieux Chateleu<\/td><td class=\"column-2\">1201m<\/td><td class=\"column-3\"><\/td><td class=\"column-4\"><\/td>\n<\/tr>\n<tr class=\"row-2 even\">\n\t<td class=\"column-1\">Cerneux<\/td><td class=\"column-2\">1020m<\/td><td class=\"column-3\">-181m<\/td><td class=\"column-4\">1h00<\/td>\n<\/tr>\n<tr class=\"row-3 odd\">\n\t<td class=\"column-1\">Seignes<\/td><td class=\"column-2\">1037m<\/td><td class=\"column-3\">+17m<\/td><td class=\"column-4\">0h45<\/td>\n<\/tr>\n<tr class=\"row-4 even\">\n\t<td class=\"column-1\">Les Alli\u00e9s<\/td><td class=\"column-2\">975m<\/td><td class=\"column-3\">-62m<\/td><td class=\"column-4\">2h45<\/td>\n<\/tr>\n<tr class=\"row-5 odd\">\n\t<td class=\"column-1\">Petits Cernets<\/td><td class=\"column-2\">1142m<\/td><td class=\"column-3\">+167m<\/td><td class=\"column-4\">1h45<\/td>\n<\/tr>\n<tr class=\"row-6 even\">\n\t<td class=\"column-1\">Croisement<\/td><td class=\"column-2\">1000m<\/td><td class=\"column-3\">-142m<\/td><td class=\"column-4\">0h20<\/td>\n<\/tr>\n<tr class=\"row-7 odd\">\n\t<td class=\"column-1\">Abri\t<\/td><td class=\"column-2\">1130m<\/td><td class=\"column-3\">+130m<\/td><td class=\"column-4\">0h20<\/td>\n<\/tr>\n<tr class=\"row-8 even\">\n\t<td class=\"column-1\">C\u00f4te 1086<\/td><td class=\"column-2\">1086m<\/td><td class=\"column-3\">-44m<\/td><td class=\"column-4\">0h50<\/td>\n<\/tr>\n<tr class=\"row-9 odd\">\n\t<td class=\"column-1\">Pontarlier<\/td><td class=\"column-2\">874m<\/td><td class=\"column-3\">-212m<\/td><td class=\"column-4\">0h35<\/td>\n<\/tr>\n<\/tbody>\n<\/table>\n<\/p>\n<p><b>Pontarlier &#8211; M\u00e9tabief<\/b><br \/>\n\n<table id=\"tablepress-etape3\" class=\"tablepress tablepress-id-etape3\">\n<tbody class=\"row-hover\">\n<tr class=\"row-1 odd\">\n\t<td class=\"column-1\">Pontarlier<\/td><td class=\"column-2\">874m<\/td><td class=\"column-3\"><\/td><td class=\"column-4\"><\/td>\n<\/tr>\n<tr class=\"row-2 even\">\n\t<td class=\"column-1\">Intersection<\/td><td class=\"column-2\">870m<\/td><td class=\"column-3\">-4m\t<\/td><td class=\"column-4\">0h45<\/td>\n<\/tr>\n<tr class=\"row-3 odd\">\n\t<td class=\"column-1\">Frambourg<\/td><td class=\"column-2\">870m<\/td><td class=\"column-3\">0m<\/td><td class=\"column-4\">0h25<\/td>\n<\/tr>\n<tr class=\"row-4 even\">\n\t<td class=\"column-1\">Piste Foresti\u00e8re<\/td><td class=\"column-2\">1003m<\/td><td class=\"column-3\">+133m<\/td><td class=\"column-4\">0h45<\/td>\n<\/tr>\n<tr class=\"row-5 odd\">\n\t<td class=\"column-1\">Montperreux<\/td><td class=\"column-2\">1006m<\/td><td class=\"column-3\">+3m<\/td><td class=\"column-4\">1h00<\/td>\n<\/tr>\n<tr class=\"row-6 even\">\n\t<td class=\"column-1\">Malbuisson<\/td><td class=\"column-2\">885m<\/td><td class=\"column-3\">-121m<\/td><td class=\"column-4\">1h30<\/td>\n<\/tr>\n<tr class=\"row-7 odd\">\n\t<td class=\"column-1\">Loutelet<\/td><td class=\"column-2\">987m<\/td><td class=\"column-3\">+102m<\/td><td class=\"column-4\">1h15<\/td>\n<\/tr>\n<tr class=\"row-8 even\">\n\t<td class=\"column-1\">M\u00e9tabief<\/td><td class=\"column-2\">964m<\/td><td class=\"column-3\">-23m<\/td><td class=\"column-4\">0h30<\/td>\n<\/tr>\n<\/tbody>\n<\/table>\n<\/p>\n<p><b>M\u00e9tabief &#8211; Mouthe<\/b><br \/>\n\n<table id=\"tablepress-etape4\" class=\"tablepress tablepress-id-etape4\">\n<tbody class=\"row-hover\">\n<tr class=\"row-1 odd\">\n\t<td class=\"column-1\">M\u00e9tabief<\/td><td class=\"column-2\">964m<\/td><td class=\"column-3\"><\/td><td class=\"column-4\"><\/td>\n<\/tr>\n<tr class=\"row-2 even\">\n\t<td class=\"column-1\">Hopitaux Neufs<\/td><td class=\"column-2\">993m<\/td><td class=\"column-3\">+29m<\/td><td class=\"column-4\">0h25<\/td>\n<\/tr>\n<tr class=\"row-3 odd\">\n\t<td class=\"column-1\">Gros Morond<\/td><td class=\"column-2\">1461m<\/td><td class=\"column-3\">+468m<\/td><td class=\"column-4\">1h15<\/td>\n<\/tr>\n<tr class=\"row-4 even\">\n\t<td class=\"column-1\">Granges Raguin<\/td><td class=\"column-2\">1140m<\/td><td class=\"column-3\">-321m<\/td><td class=\"column-4\">1h30<\/td>\n<\/tr>\n<tr class=\"row-5 odd\">\n\t<td class=\"column-1\">Granges Boussin<\/td><td class=\"column-2\">1110m<\/td><td class=\"column-3\">-30m<\/td><td class=\"column-4\">1h45<\/td>\n<\/tr>\n<tr class=\"row-6 even\">\n\t<td class=\"column-1\">Mouthe<\/td><td class=\"column-2\">938m<\/td><td class=\"column-3\">-172m<\/td><td class=\"column-4\">2h15<\/td>\n<\/tr>\n<\/tbody>\n<\/table>\n<\/p>\n<p><b>Mouthe &#8211; Bellefontaine<\/b><br \/>\n\n<table id=\"tablepress-etape5\" class=\"tablepress tablepress-id-etape5\">\n<tbody class=\"row-hover\">\n<tr class=\"row-1 odd\">\n\t<td class=\"column-1\">Mouthe<\/td><td class=\"column-2\">938m<\/td><td class=\"column-3\"><\/td><td class=\"column-4\"><\/td>\n<\/tr>\n<tr class=\"row-2 even\">\n\t<td class=\"column-1\">Chaux Neuve<\/td><td class=\"column-2\">982m<\/td><td class=\"column-3\">+42m<\/td><td class=\"column-4\">2h00<\/td>\n<\/tr>\n<tr class=\"row-3 odd\">\n\t<td class=\"column-1\">Parc Polaire<\/td><td class=\"column-2\">1164m<\/td><td class=\"column-3\">+182m<\/td><td class=\"column-4\">0h45<\/td>\n<\/tr>\n<tr class=\"row-4 even\">\n\t<td class=\"column-1\">Ecomus\u00e9e<\/td><td class=\"column-2\">1098m<\/td><td class=\"column-3\">-66m<\/td><td class=\"column-4\">0h45<\/td>\n<\/tr>\n<tr class=\"row-5 odd\">\n\t<td class=\"column-1\">Chapelle des Bois<\/td><td class=\"column-2\">1080m<\/td><td class=\"column-3\">-18m<\/td><td class=\"column-4\">1h00<\/td>\n<\/tr>\n<tr class=\"row-6 even\">\n\t<td class=\"column-1\">Lacs<\/td><td class=\"column-2\">1116m<\/td><td class=\"column-3\">+36m<\/td><td class=\"column-4\">0h45<\/td>\n<\/tr>\n<tr class=\"row-7 odd\">\n\t<td class=\"column-1\">Bellefontaine<\/td><td class=\"column-2\">1033m<\/td><td class=\"column-3\">-83m<\/td><td class=\"column-4\">0h45<\/td>\n<\/tr>\n<\/tbody>\n<\/table>\n<\/p>\n<p><b>Bellefontaine &#8211; Pr\u00e9manon<\/b><br \/>\n\n<table id=\"tablepress-etape6\" class=\"tablepress tablepress-id-etape6\">\n<tbody class=\"row-hover\">\n<tr class=\"row-1 odd\">\n\t<td class=\"column-1\">Bellefontaine\t<\/td><td class=\"column-2\">1033m<\/td><td class=\"column-3\"><\/td><td class=\"column-4\"><\/td>\n<\/tr>\n<tr class=\"row-2 even\">\n\t<td class=\"column-1\">Chalet des Ministres<\/td><td class=\"column-2\">1224m<\/td><td class=\"column-3\">+191m<\/td><td class=\"column-4\">1h15<\/td>\n<\/tr>\n<tr class=\"row-3 odd\">\n\t<td class=\"column-1\">Vivier des Rousses<\/td><td class=\"column-2\">1087m<\/td><td class=\"column-3\">-137m<\/td><td class=\"column-4\">0h45<\/td>\n<\/tr>\n<tr class=\"row-4 even\">\n\t<td class=\"column-1\">Les Rousses<\/td><td class=\"column-2\">1103m<\/td><td class=\"column-3\">+16m<\/td><td class=\"column-4\">0h30<\/td>\n<\/tr>\n<tr class=\"row-5 odd\">\n\t<td class=\"column-1\">La Cure<\/td><td class=\"column-2\">1155m<\/td><td class=\"column-3\">+52m<\/td><td class=\"column-4\">0h45<\/td>\n<\/tr>\n<tr class=\"row-6 even\">\n\t<td class=\"column-1\">Bief de la Chaille<\/td><td class=\"column-2\">1000m<\/td><td class=\"column-3\">-155m<\/td><td class=\"column-4\">0h45<\/td>\n<\/tr>\n<tr class=\"row-7 odd\">\n\t<td class=\"column-1\">Pr\u00e9manon<\/td><td class=\"column-2\">1111m<\/td><td class=\"column-3\">+111m<\/td><td class=\"column-4\">0h45<\/td>\n<\/tr>\n<\/tbody>\n<\/table>\n<\/p>\n","protected":false},"excerpt":{"rendered":"<p>D\u00e9tail des \u00e9tapes : Villers le Lac &#8211; Le Ch\u00e2teleu Le Ch\u00e2teleu &#8211; Pontarlier Pontarlier &#8211; M\u00e9tabief M\u00e9tabief &#8211; Mouthe Mouthe &#8211; Bellefontaine Bellefontaine &#8211; Pr\u00e9manon<\/p>\n","protected":false},"author":1,"featured_media":0,"parent":0,"menu_order":0,"comment_status":"closed","ping_status":"closed","template":"templates\/full-width-page.php","meta":{"_monsterinsights_skip_tracking":false,"_monsterinsights_sitenote_active":false,"_monsterinsights_sitenote_note":"","_monsterinsights_sitenote_category":0,"footnotes":""},"class_list":["post-147","page","type-page","status-publish","hentry"],"yoast_head":"<!-- This site is optimized with the Yoast SEO plugin v23.5 - https:\/\/yoast.com\/wordpress\/plugins\/seo\/ -->\n<title>Profil des \u00e9tapes - Travers\u00e9e du Jura<\/title>\n<meta name=\"robots\" content=\"index, follow, max-snippet:-1, max-image-preview:large, max-video-preview:-1\" \/>\n<link rel=\"canonical\" href=\"https:\/\/www.circuitsderando.com\/traverseejura\/profil-des-etapes\/\" \/>\n<meta property=\"og:locale\" content=\"fr_FR\" \/>\n<meta property=\"og:type\" content=\"article\" \/>\n<meta property=\"og:title\" content=\"Profil des \u00e9tapes - Travers\u00e9e du Jura\" \/>\n<meta property=\"og:description\" content=\"D\u00e9tail des \u00e9tapes : Villers le Lac &#8211; Le Ch\u00e2teleu Le Ch\u00e2teleu &#8211; Pontarlier Pontarlier &#8211; M\u00e9tabief M\u00e9tabief &#8211; Mouthe Mouthe &#8211; Bellefontaine Bellefontaine &#8211; Pr\u00e9manon\" \/>\n<meta property=\"og:url\" content=\"https:\/\/www.circuitsderando.com\/traverseejura\/profil-des-etapes\/\" \/>\n<meta property=\"og:site_name\" content=\"Travers\u00e9e du Jura\" \/>\n<meta property=\"article:modified_time\" content=\"2020-08-17T20:38:02+00:00\" \/>\n<meta name=\"twitter:card\" content=\"summary_large_image\" \/>\n<script type=\"application\/ld+json\" class=\"yoast-schema-graph\">{\"@context\":\"https:\/\/schema.org\",\"@graph\":[{\"@type\":\"WebPage\",\"@id\":\"https:\/\/www.circuitsderando.com\/traverseejura\/profil-des-etapes\/\",\"url\":\"https:\/\/www.circuitsderando.com\/traverseejura\/profil-des-etapes\/\",\"name\":\"Profil des \u00e9tapes - Travers\u00e9e du Jura\",\"isPartOf\":{\"@id\":\"https:\/\/www.circuitsderando.com\/traverseejura\/#website\"},\"datePublished\":\"2017-09-15T12:22:27+00:00\",\"dateModified\":\"2020-08-17T20:38:02+00:00\",\"breadcrumb\":{\"@id\":\"https:\/\/www.circuitsderando.com\/traverseejura\/profil-des-etapes\/#breadcrumb\"},\"inLanguage\":\"fr-FR\",\"potentialAction\":[{\"@type\":\"ReadAction\",\"target\":[\"https:\/\/www.circuitsderando.com\/traverseejura\/profil-des-etapes\/\"]}]},{\"@type\":\"BreadcrumbList\",\"@id\":\"https:\/\/www.circuitsderando.com\/traverseejura\/profil-des-etapes\/#breadcrumb\",\"itemListElement\":[{\"@type\":\"ListItem\",\"position\":1,\"name\":\"Travers\u00e9e du Jura\",\"item\":\"https:\/\/www.circuitsderando.com\/traverseejura\/\"},{\"@type\":\"ListItem\",\"position\":2,\"name\":\"Profil des \u00e9tapes\"}]},{\"@type\":\"WebSite\",\"@id\":\"https:\/\/www.circuitsderando.com\/traverseejura\/#website\",\"url\":\"https:\/\/www.circuitsderando.com\/traverseejura\/\",\"name\":\"Travers\u00e9e du Jura\",\"description\":\"De Villers le Lac \u00e0 Pr\u00e9manon\",\"potentialAction\":[{\"@type\":\"SearchAction\",\"target\":{\"@type\":\"EntryPoint\",\"urlTemplate\":\"https:\/\/www.circuitsderando.com\/traverseejura\/?s={search_term_string}\"},\"query-input\":{\"@type\":\"PropertyValueSpecification\",\"valueRequired\":true,\"valueName\":\"search_term_string\"}}],\"inLanguage\":\"fr-FR\"}]}<\/script>\n<!-- \/ Yoast SEO plugin. -->","yoast_head_json":{"title":"Profil des \u00e9tapes - Travers\u00e9e du Jura","robots":{"index":"index","follow":"follow","max-snippet":"max-snippet:-1","max-image-preview":"max-image-preview:large","max-video-preview":"max-video-preview:-1"},"canonical":"https:\/\/www.circuitsderando.com\/traverseejura\/profil-des-etapes\/","og_locale":"fr_FR","og_type":"article","og_title":"Profil des \u00e9tapes - Travers\u00e9e du Jura","og_description":"D\u00e9tail des \u00e9tapes : Villers le Lac &#8211; Le Ch\u00e2teleu Le Ch\u00e2teleu &#8211; Pontarlier Pontarlier &#8211; M\u00e9tabief M\u00e9tabief &#8211; Mouthe Mouthe &#8211; Bellefontaine Bellefontaine &#8211; Pr\u00e9manon","og_url":"https:\/\/www.circuitsderando.com\/traverseejura\/profil-des-etapes\/","og_site_name":"Travers\u00e9e du Jura","article_modified_time":"2020-08-17T20:38:02+00:00","twitter_card":"summary_large_image","schema":{"@context":"https:\/\/schema.org","@graph":[{"@type":"WebPage","@id":"https:\/\/www.circuitsderando.com\/traverseejura\/profil-des-etapes\/","url":"https:\/\/www.circuitsderando.com\/traverseejura\/profil-des-etapes\/","name":"Profil des \u00e9tapes - Travers\u00e9e du Jura","isPartOf":{"@id":"https:\/\/www.circuitsderando.com\/traverseejura\/#website"},"datePublished":"2017-09-15T12:22:27+00:00","dateModified":"2020-08-17T20:38:02+00:00","breadcrumb":{"@id":"https:\/\/www.circuitsderando.com\/traverseejura\/profil-des-etapes\/#breadcrumb"},"inLanguage":"fr-FR","potentialAction":[{"@type":"ReadAction","target":["https:\/\/www.circuitsderando.com\/traverseejura\/profil-des-etapes\/"]}]},{"@type":"BreadcrumbList","@id":"https:\/\/www.circuitsderando.com\/traverseejura\/profil-des-etapes\/#breadcrumb","itemListElement":[{"@type":"ListItem","position":1,"name":"Travers\u00e9e du Jura","item":"https:\/\/www.circuitsderando.com\/traverseejura\/"},{"@type":"ListItem","position":2,"name":"Profil des \u00e9tapes"}]},{"@type":"WebSite","@id":"https:\/\/www.circuitsderando.com\/traverseejura\/#website","url":"https:\/\/www.circuitsderando.com\/traverseejura\/","name":"Travers\u00e9e du Jura","description":"De Villers le Lac \u00e0 Pr\u00e9manon","potentialAction":[{"@type":"SearchAction","target":{"@type":"EntryPoint","urlTemplate":"https:\/\/www.circuitsderando.com\/traverseejura\/?s={search_term_string}"},"query-input":{"@type":"PropertyValueSpecification","valueRequired":true,"valueName":"search_term_string"}}],"inLanguage":"fr-FR"}]}},"_links":{"self":[{"href":"https:\/\/www.circuitsderando.com\/traverseejura\/wp-json\/wp\/v2\/pages\/147"}],"collection":[{"href":"https:\/\/www.circuitsderando.com\/traverseejura\/wp-json\/wp\/v2\/pages"}],"about":[{"href":"https:\/\/www.circuitsderando.com\/traverseejura\/wp-json\/wp\/v2\/types\/page"}],"author":[{"embeddable":true,"href":"https:\/\/www.circuitsderando.com\/traverseejura\/wp-json\/wp\/v2\/users\/1"}],"replies":[{"embeddable":true,"href":"https:\/\/www.circuitsderando.com\/traverseejura\/wp-json\/wp\/v2\/comments?post=147"}],"version-history":[{"count":10,"href":"https:\/\/www.circuitsderando.com\/traverseejura\/wp-json\/wp\/v2\/pages\/147\/revisions"}],"predecessor-version":[{"id":256,"href":"https:\/\/www.circuitsderando.com\/traverseejura\/wp-json\/wp\/v2\/pages\/147\/revisions\/256"}],"wp:attachment":[{"href":"https:\/\/www.circuitsderando.com\/traverseejura\/wp-json\/wp\/v2\/media?parent=147"}],"curies":[{"name":"wp","href":"https:\/\/api.w.org\/{rel}","templated":true}]}}