{"id":109,"date":"2017-09-09T23:47:50","date_gmt":"2017-09-09T21:47:50","guid":{"rendered":"http:\/\/www.circuitsderando.com\/traverseejura\/?page_id=109"},"modified":"2022-11-05T21:48:05","modified_gmt":"2022-11-05T20:48:05","slug":"etape-5-mouthe-bellefontaine","status":"publish","type":"page","link":"https:\/\/www.circuitsderando.com\/traverseejura\/etape-5-mouthe-bellefontaine\/","title":{"rendered":"Etape 5 : Mouthe &#8211; Bellefontaine"},"content":{"rendered":"\n<p>Etape de Mouthe \u00e0 Bellefontaine aux portes du Jura en passant par de belles for\u00eats et le parc polaire.<\/p>\n\n\n\n<p><strong>D\u00e9nivel\u00e9es : +418m \/ &#8211; 533 m Temps : 6h15<\/strong><\/p>\n\n\n\n<div class=\"wp-block-columns is-layout-flex wp-container-core-columns-is-layout-1 wp-block-columns-is-layout-flex\">\n<div class=\"wp-block-column is-layout-flow wp-block-column-is-layout-flow\">\n<figure class=\"wp-block-image size-full\"><a href=\"https:\/\/www.circuitsderando.com\/traverseejura\/wp-content\/uploads\/2017\/09\/2007-07-25_10-32-57-photo2546.jpg\" target=\"_blank\" rel=\"noopener\"><img loading=\"lazy\" decoding=\"async\" width=\"640\" height=\"480\" src=\"https:\/\/www.circuitsderando.com\/traverseejura\/wp-content\/uploads\/2017\/09\/2007-07-25_10-32-57-photo2546.jpg\" alt=\"\" class=\"wp-image-115\" srcset=\"https:\/\/www.circuitsderando.com\/traverseejura\/wp-content\/uploads\/2017\/09\/2007-07-25_10-32-57-photo2546.jpg 640w, https:\/\/www.circuitsderando.com\/traverseejura\/wp-content\/uploads\/2017\/09\/2007-07-25_10-32-57-photo2546-300x225.jpg 300w\" sizes=\"(max-width: 640px) 100vw, 640px\" \/><\/a><figcaption><strong>Arriv\u00e9e sur Chaux-Neuve (982m)<\/strong><\/figcaption><\/figure>\n<\/div>\n\n\n\n<div class=\"wp-block-column is-layout-flow wp-block-column-is-layout-flow\">\n<figure class=\"wp-block-image size-full\"><a href=\"https:\/\/www.circuitsderando.com\/traverseejura\/wp-content\/uploads\/2017\/09\/2007-07-25_10-35-31-photo2548.jpg\" target=\"_blank\" rel=\"noopener\"><img loading=\"lazy\" decoding=\"async\" width=\"640\" height=\"480\" src=\"https:\/\/www.circuitsderando.com\/traverseejura\/wp-content\/uploads\/2017\/09\/2007-07-25_10-35-31-photo2548.jpg\" alt=\"\" class=\"wp-image-114\" srcset=\"https:\/\/www.circuitsderando.com\/traverseejura\/wp-content\/uploads\/2017\/09\/2007-07-25_10-35-31-photo2548.jpg 640w, https:\/\/www.circuitsderando.com\/traverseejura\/wp-content\/uploads\/2017\/09\/2007-07-25_10-35-31-photo2548-300x225.jpg 300w\" sizes=\"(max-width: 640px) 100vw, 640px\" \/><\/a><figcaption><strong>Beau chalet \u00e0 Chaux-Neuve (983m)<\/strong><\/figcaption><\/figure>\n<\/div>\n\n\n\n<div class=\"wp-block-column is-layout-flow wp-block-column-is-layout-flow\">\n<figure class=\"wp-block-image size-full\"><a href=\"https:\/\/www.circuitsderando.com\/traverseejura\/wp-content\/uploads\/2017\/09\/2007-07-25_10-45-10-photo2558.jpg\" target=\"_blank\" rel=\"noopener\"><img loading=\"lazy\" decoding=\"async\" width=\"960\" height=\"720\" src=\"https:\/\/www.circuitsderando.com\/traverseejura\/wp-content\/uploads\/2017\/09\/2007-07-25_10-45-10-photo2558.jpg\" alt=\"\" class=\"wp-image-113\" srcset=\"https:\/\/www.circuitsderando.com\/traverseejura\/wp-content\/uploads\/2017\/09\/2007-07-25_10-45-10-photo2558.jpg 960w, https:\/\/www.circuitsderando.com\/traverseejura\/wp-content\/uploads\/2017\/09\/2007-07-25_10-45-10-photo2558-300x225.jpg 300w, https:\/\/www.circuitsderando.com\/traverseejura\/wp-content\/uploads\/2017\/09\/2007-07-25_10-45-10-photo2558-768x576.jpg 768w, https:\/\/www.circuitsderando.com\/traverseejura\/wp-content\/uploads\/2017\/09\/2007-07-25_10-45-10-photo2558-690x518.jpg 690w\" sizes=\"(max-width: 960px) 100vw, 960px\" \/><\/a><figcaption><strong>Coop\u00e9rative \u00e0 Chaux-Neuve (982m)<\/strong><\/figcaption><\/figure>\n<\/div>\n<\/div>\n\n\n\n<div class=\"wp-block-columns is-layout-flex wp-container-core-columns-is-layout-2 wp-block-columns-is-layout-flex\">\n<div class=\"wp-block-column is-layout-flow wp-block-column-is-layout-flow\">\n<figure class=\"wp-block-image size-full\"><a href=\"https:\/\/www.circuitsderando.com\/traverseejura\/wp-content\/uploads\/2017\/09\/2007-07-25_15-35-24-photo2646.jpg\" target=\"_blank\" rel=\"noopener\"><img loading=\"lazy\" decoding=\"async\" width=\"640\" height=\"480\" src=\"https:\/\/www.circuitsderando.com\/traverseejura\/wp-content\/uploads\/2017\/09\/2007-07-25_15-35-24-photo2646.jpg\" alt=\"\" class=\"wp-image-124\" srcset=\"https:\/\/www.circuitsderando.com\/traverseejura\/wp-content\/uploads\/2017\/09\/2007-07-25_15-35-24-photo2646.jpg 640w, https:\/\/www.circuitsderando.com\/traverseejura\/wp-content\/uploads\/2017\/09\/2007-07-25_15-35-24-photo2646-300x225.jpg 300w\" sizes=\"(max-width: 640px) 100vw, 640px\" \/><\/a><figcaption><strong>La Chapelle des Bois (1090m)<\/strong><\/figcaption><\/figure>\n<\/div>\n\n\n\n<div class=\"wp-block-column is-layout-flow wp-block-column-is-layout-flow\">\n<figure class=\"wp-block-image size-full\"><a href=\"https:\/\/www.circuitsderando.com\/traverseejura\/wp-content\/uploads\/2017\/09\/2007-07-25_15-42-32-photo2648.jpg\" target=\"_blank\" rel=\"noopener\"><img loading=\"lazy\" decoding=\"async\" width=\"640\" height=\"480\" src=\"https:\/\/www.circuitsderando.com\/traverseejura\/wp-content\/uploads\/2017\/09\/2007-07-25_15-42-32-photo2648.jpg\" alt=\"\" class=\"wp-image-123\" srcset=\"https:\/\/www.circuitsderando.com\/traverseejura\/wp-content\/uploads\/2017\/09\/2007-07-25_15-42-32-photo2648.jpg 640w, https:\/\/www.circuitsderando.com\/traverseejura\/wp-content\/uploads\/2017\/09\/2007-07-25_15-42-32-photo2648-300x225.jpg 300w\" sizes=\"(max-width: 640px) 100vw, 640px\" \/><\/a><figcaption><strong>La Chapelle des Bois (1090m)<\/strong><\/figcaption><\/figure>\n<\/div>\n\n\n\n<div class=\"wp-block-column is-layout-flow wp-block-column-is-layout-flow\">\n<figure class=\"wp-block-image size-full\"><a href=\"https:\/\/www.circuitsderando.com\/traverseejura\/wp-content\/uploads\/2017\/09\/2007-07-25_16-11-19-photo2654.jpg\" target=\"_blank\" rel=\"noopener\"><img loading=\"lazy\" decoding=\"async\" width=\"640\" height=\"480\" src=\"https:\/\/www.circuitsderando.com\/traverseejura\/wp-content\/uploads\/2017\/09\/2007-07-25_16-11-19-photo2654.jpg\" alt=\"\" class=\"wp-image-122\" srcset=\"https:\/\/www.circuitsderando.com\/traverseejura\/wp-content\/uploads\/2017\/09\/2007-07-25_16-11-19-photo2654.jpg 640w, https:\/\/www.circuitsderando.com\/traverseejura\/wp-content\/uploads\/2017\/09\/2007-07-25_16-11-19-photo2654-300x225.jpg 300w\" sizes=\"(max-width: 640px) 100vw, 640px\" \/><\/a><figcaption><strong>Lac de Bellefontaine et des Mortes (1090m)<\/strong><\/figcaption><\/figure>\n<\/div>\n<\/div>\n\n\n\n<div class=\"wp-block-columns is-layout-flex wp-container-core-columns-is-layout-3 wp-block-columns-is-layout-flex\">\n<div class=\"wp-block-column is-layout-flow wp-block-column-is-layout-flow\">\n<figure class=\"wp-block-image size-full\"><a href=\"https:\/\/www.circuitsderando.com\/traverseejura\/wp-content\/uploads\/2017\/09\/2007-07-25_16-29-34-photo2675.jpg\" target=\"_blank\" rel=\"noopener\"><img loading=\"lazy\" decoding=\"async\" width=\"640\" height=\"480\" src=\"https:\/\/www.circuitsderando.com\/traverseejura\/wp-content\/uploads\/2017\/09\/2007-07-25_16-29-34-photo2675.jpg\" alt=\"\" class=\"wp-image-121\" srcset=\"https:\/\/www.circuitsderando.com\/traverseejura\/wp-content\/uploads\/2017\/09\/2007-07-25_16-29-34-photo2675.jpg 640w, https:\/\/www.circuitsderando.com\/traverseejura\/wp-content\/uploads\/2017\/09\/2007-07-25_16-29-34-photo2675-300x225.jpg 300w\" sizes=\"(max-width: 640px) 100vw, 640px\" \/><\/a><figcaption><strong>La Roche Bernard (1290m)<\/strong><\/figcaption><\/figure>\n<\/div>\n\n\n\n<div class=\"wp-block-column is-layout-flow wp-block-column-is-layout-flow\">\n<figure class=\"wp-block-image size-full\"><a href=\"https:\/\/www.circuitsderando.com\/traverseejura\/wp-content\/uploads\/2017\/09\/2007-07-25_18-01-05-photo2708.jpg\" target=\"_blank\" rel=\"noopener\"><img loading=\"lazy\" decoding=\"async\" width=\"960\" height=\"720\" src=\"https:\/\/www.circuitsderando.com\/traverseejura\/wp-content\/uploads\/2017\/09\/2007-07-25_18-01-05-photo2708.jpg\" alt=\"\" class=\"wp-image-120\" srcset=\"https:\/\/www.circuitsderando.com\/traverseejura\/wp-content\/uploads\/2017\/09\/2007-07-25_18-01-05-photo2708.jpg 960w, https:\/\/www.circuitsderando.com\/traverseejura\/wp-content\/uploads\/2017\/09\/2007-07-25_18-01-05-photo2708-300x225.jpg 300w, https:\/\/www.circuitsderando.com\/traverseejura\/wp-content\/uploads\/2017\/09\/2007-07-25_18-01-05-photo2708-768x576.jpg 768w, https:\/\/www.circuitsderando.com\/traverseejura\/wp-content\/uploads\/2017\/09\/2007-07-25_18-01-05-photo2708-690x518.jpg 690w\" sizes=\"(max-width: 960px) 100vw, 960px\" \/><\/a><figcaption><strong>Eglise de Bellefontaine (1033m)<\/strong><\/figcaption><\/figure>\n<\/div>\n\n\n\n<div class=\"wp-block-column is-layout-flow wp-block-column-is-layout-flow\">\n<figure class=\"wp-block-image size-full\"><a href=\"https:\/\/www.circuitsderando.com\/traverseejura\/wp-content\/uploads\/2017\/09\/2007-07-26_08-58-09-photo2713.jpg\" target=\"_blank\" rel=\"noopener\"><img loading=\"lazy\" decoding=\"async\" width=\"640\" height=\"480\" src=\"https:\/\/www.circuitsderando.com\/traverseejura\/wp-content\/uploads\/2017\/09\/2007-07-26_08-58-09-photo2713.jpg\" alt=\"\" class=\"wp-image-119\" srcset=\"https:\/\/www.circuitsderando.com\/traverseejura\/wp-content\/uploads\/2017\/09\/2007-07-26_08-58-09-photo2713.jpg 640w, https:\/\/www.circuitsderando.com\/traverseejura\/wp-content\/uploads\/2017\/09\/2007-07-26_08-58-09-photo2713-300x225.jpg 300w\" sizes=\"(max-width: 640px) 100vw, 640px\" \/><\/a><figcaption><strong>Beau chalet \u00e0 Bellefontaine (1033m)<\/strong><\/figcaption><\/figure>\n<\/div>\n<\/div>\n\n\n\n<div style=\"clear: both; text-align: right;\">&nbsp;<a href=\"http:\/\/www.circuitsderando.com\/traverseejura\/etape-6-bellefontaine-premanon\/\">Etape 6 &#8211; Bellefontaine &#8211; Pr\u00e9manon &nbsp;&gt;&gt;&gt;<\/a><\/div>\n","protected":false},"excerpt":{"rendered":"<p>Etape de Mouthe \u00e0 Bellefontaine aux portes du Jura en passant par de belles for\u00eats et le parc polaire. D\u00e9nivel\u00e9es : +418m \/ &#8211; 533 m Temps : 6h15 &nbsp;Etape 6 &#8211; Bellefontaine &#8211; Pr\u00e9manon &nbsp;&gt;&gt;&gt;<\/p>\n","protected":false},"author":1,"featured_media":0,"parent":0,"menu_order":0,"comment_status":"closed","ping_status":"closed","template":"templates\/full-width-page.php","meta":{"_monsterinsights_skip_tracking":false,"_monsterinsights_sitenote_active":false,"_monsterinsights_sitenote_note":"","_monsterinsights_sitenote_category":0,"footnotes":""},"class_list":["post-109","page","type-page","status-publish","hentry"],"yoast_head":"<!-- This site is optimized with the Yoast SEO plugin v23.5 - https:\/\/yoast.com\/wordpress\/plugins\/seo\/ -->\n<title>Etape 5 : Mouthe - Bellefontaine - Travers\u00e9e du Jura<\/title>\n<meta name=\"robots\" content=\"index, follow, max-snippet:-1, max-image-preview:large, max-video-preview:-1\" \/>\n<link rel=\"canonical\" href=\"https:\/\/www.circuitsderando.com\/traverseejura\/etape-5-mouthe-bellefontaine\/\" \/>\n<meta property=\"og:locale\" content=\"fr_FR\" \/>\n<meta property=\"og:type\" content=\"article\" \/>\n<meta property=\"og:title\" content=\"Etape 5 : Mouthe - Bellefontaine - Travers\u00e9e du Jura\" \/>\n<meta property=\"og:description\" content=\"Etape de Mouthe \u00e0 Bellefontaine aux portes du Jura en passant par de belles for\u00eats et le parc polaire. D\u00e9nivel\u00e9es : +418m \/ &#8211; 533 m Temps : 6h15 &nbsp;Etape 6 &#8211; Bellefontaine &#8211; Pr\u00e9manon &nbsp;&gt;&gt;&gt;\" \/>\n<meta property=\"og:url\" content=\"https:\/\/www.circuitsderando.com\/traverseejura\/etape-5-mouthe-bellefontaine\/\" \/>\n<meta property=\"og:site_name\" content=\"Travers\u00e9e du Jura\" \/>\n<meta property=\"article:modified_time\" content=\"2022-11-05T20:48:05+00:00\" \/>\n<meta property=\"og:image\" content=\"https:\/\/www.circuitsderando.com\/traverseejura\/wp-content\/uploads\/2017\/09\/2007-07-25_10-32-57-photo2546.jpg\" \/>\n<meta name=\"twitter:card\" content=\"summary_large_image\" \/>\n<meta name=\"twitter:label1\" content=\"Dur\u00e9e de lecture estim\u00e9e\" \/>\n\t<meta name=\"twitter:data1\" content=\"3 minutes\" \/>\n<script type=\"application\/ld+json\" class=\"yoast-schema-graph\">{\"@context\":\"https:\/\/schema.org\",\"@graph\":[{\"@type\":\"WebPage\",\"@id\":\"https:\/\/www.circuitsderando.com\/traverseejura\/etape-5-mouthe-bellefontaine\/\",\"url\":\"https:\/\/www.circuitsderando.com\/traverseejura\/etape-5-mouthe-bellefontaine\/\",\"name\":\"Etape 5 : Mouthe - Bellefontaine - Travers\u00e9e du Jura\",\"isPartOf\":{\"@id\":\"https:\/\/www.circuitsderando.com\/traverseejura\/#website\"},\"primaryImageOfPage\":{\"@id\":\"https:\/\/www.circuitsderando.com\/traverseejura\/etape-5-mouthe-bellefontaine\/#primaryimage\"},\"image\":{\"@id\":\"https:\/\/www.circuitsderando.com\/traverseejura\/etape-5-mouthe-bellefontaine\/#primaryimage\"},\"thumbnailUrl\":\"https:\/\/www.circuitsderando.com\/traverseejura\/wp-content\/uploads\/2017\/09\/2007-07-25_10-32-57-photo2546.jpg\",\"datePublished\":\"2017-09-09T21:47:50+00:00\",\"dateModified\":\"2022-11-05T20:48:05+00:00\",\"breadcrumb\":{\"@id\":\"https:\/\/www.circuitsderando.com\/traverseejura\/etape-5-mouthe-bellefontaine\/#breadcrumb\"},\"inLanguage\":\"fr-FR\",\"potentialAction\":[{\"@type\":\"ReadAction\",\"target\":[\"https:\/\/www.circuitsderando.com\/traverseejura\/etape-5-mouthe-bellefontaine\/\"]}]},{\"@type\":\"ImageObject\",\"inLanguage\":\"fr-FR\",\"@id\":\"https:\/\/www.circuitsderando.com\/traverseejura\/etape-5-mouthe-bellefontaine\/#primaryimage\",\"url\":\"https:\/\/www.circuitsderando.com\/traverseejura\/wp-content\/uploads\/2017\/09\/2007-07-25_10-32-57-photo2546.jpg\",\"contentUrl\":\"https:\/\/www.circuitsderando.com\/traverseejura\/wp-content\/uploads\/2017\/09\/2007-07-25_10-32-57-photo2546.jpg\",\"width\":640,\"height\":480},{\"@type\":\"BreadcrumbList\",\"@id\":\"https:\/\/www.circuitsderando.com\/traverseejura\/etape-5-mouthe-bellefontaine\/#breadcrumb\",\"itemListElement\":[{\"@type\":\"ListItem\",\"position\":1,\"name\":\"Travers\u00e9e du Jura\",\"item\":\"https:\/\/www.circuitsderando.com\/traverseejura\/\"},{\"@type\":\"ListItem\",\"position\":2,\"name\":\"Etape 5 : Mouthe &#8211; Bellefontaine\"}]},{\"@type\":\"WebSite\",\"@id\":\"https:\/\/www.circuitsderando.com\/traverseejura\/#website\",\"url\":\"https:\/\/www.circuitsderando.com\/traverseejura\/\",\"name\":\"Travers\u00e9e du Jura\",\"description\":\"De Villers le Lac \u00e0 Pr\u00e9manon\",\"potentialAction\":[{\"@type\":\"SearchAction\",\"target\":{\"@type\":\"EntryPoint\",\"urlTemplate\":\"https:\/\/www.circuitsderando.com\/traverseejura\/?s={search_term_string}\"},\"query-input\":{\"@type\":\"PropertyValueSpecification\",\"valueRequired\":true,\"valueName\":\"search_term_string\"}}],\"inLanguage\":\"fr-FR\"}]}<\/script>\n<!-- \/ Yoast SEO plugin. -->","yoast_head_json":{"title":"Etape 5 : Mouthe - Bellefontaine - Travers\u00e9e du Jura","robots":{"index":"index","follow":"follow","max-snippet":"max-snippet:-1","max-image-preview":"max-image-preview:large","max-video-preview":"max-video-preview:-1"},"canonical":"https:\/\/www.circuitsderando.com\/traverseejura\/etape-5-mouthe-bellefontaine\/","og_locale":"fr_FR","og_type":"article","og_title":"Etape 5 : Mouthe - Bellefontaine - Travers\u00e9e du Jura","og_description":"Etape de Mouthe \u00e0 Bellefontaine aux portes du Jura en passant par de belles for\u00eats et le parc polaire. D\u00e9nivel\u00e9es : +418m \/ &#8211; 533 m Temps : 6h15 &nbsp;Etape 6 &#8211; Bellefontaine &#8211; Pr\u00e9manon &nbsp;&gt;&gt;&gt;","og_url":"https:\/\/www.circuitsderando.com\/traverseejura\/etape-5-mouthe-bellefontaine\/","og_site_name":"Travers\u00e9e du Jura","article_modified_time":"2022-11-05T20:48:05+00:00","og_image":[{"url":"https:\/\/www.circuitsderando.com\/traverseejura\/wp-content\/uploads\/2017\/09\/2007-07-25_10-32-57-photo2546.jpg"}],"twitter_card":"summary_large_image","twitter_misc":{"Dur\u00e9e de lecture estim\u00e9e":"3 minutes"},"schema":{"@context":"https:\/\/schema.org","@graph":[{"@type":"WebPage","@id":"https:\/\/www.circuitsderando.com\/traverseejura\/etape-5-mouthe-bellefontaine\/","url":"https:\/\/www.circuitsderando.com\/traverseejura\/etape-5-mouthe-bellefontaine\/","name":"Etape 5 : Mouthe - Bellefontaine - Travers\u00e9e du Jura","isPartOf":{"@id":"https:\/\/www.circuitsderando.com\/traverseejura\/#website"},"primaryImageOfPage":{"@id":"https:\/\/www.circuitsderando.com\/traverseejura\/etape-5-mouthe-bellefontaine\/#primaryimage"},"image":{"@id":"https:\/\/www.circuitsderando.com\/traverseejura\/etape-5-mouthe-bellefontaine\/#primaryimage"},"thumbnailUrl":"https:\/\/www.circuitsderando.com\/traverseejura\/wp-content\/uploads\/2017\/09\/2007-07-25_10-32-57-photo2546.jpg","datePublished":"2017-09-09T21:47:50+00:00","dateModified":"2022-11-05T20:48:05+00:00","breadcrumb":{"@id":"https:\/\/www.circuitsderando.com\/traverseejura\/etape-5-mouthe-bellefontaine\/#breadcrumb"},"inLanguage":"fr-FR","potentialAction":[{"@type":"ReadAction","target":["https:\/\/www.circuitsderando.com\/traverseejura\/etape-5-mouthe-bellefontaine\/"]}]},{"@type":"ImageObject","inLanguage":"fr-FR","@id":"https:\/\/www.circuitsderando.com\/traverseejura\/etape-5-mouthe-bellefontaine\/#primaryimage","url":"https:\/\/www.circuitsderando.com\/traverseejura\/wp-content\/uploads\/2017\/09\/2007-07-25_10-32-57-photo2546.jpg","contentUrl":"https:\/\/www.circuitsderando.com\/traverseejura\/wp-content\/uploads\/2017\/09\/2007-07-25_10-32-57-photo2546.jpg","width":640,"height":480},{"@type":"BreadcrumbList","@id":"https:\/\/www.circuitsderando.com\/traverseejura\/etape-5-mouthe-bellefontaine\/#breadcrumb","itemListElement":[{"@type":"ListItem","position":1,"name":"Travers\u00e9e du Jura","item":"https:\/\/www.circuitsderando.com\/traverseejura\/"},{"@type":"ListItem","position":2,"name":"Etape 5 : Mouthe &#8211; Bellefontaine"}]},{"@type":"WebSite","@id":"https:\/\/www.circuitsderando.com\/traverseejura\/#website","url":"https:\/\/www.circuitsderando.com\/traverseejura\/","name":"Travers\u00e9e du Jura","description":"De Villers le Lac \u00e0 Pr\u00e9manon","potentialAction":[{"@type":"SearchAction","target":{"@type":"EntryPoint","urlTemplate":"https:\/\/www.circuitsderando.com\/traverseejura\/?s={search_term_string}"},"query-input":{"@type":"PropertyValueSpecification","valueRequired":true,"valueName":"search_term_string"}}],"inLanguage":"fr-FR"}]}},"_links":{"self":[{"href":"https:\/\/www.circuitsderando.com\/traverseejura\/wp-json\/wp\/v2\/pages\/109"}],"collection":[{"href":"https:\/\/www.circuitsderando.com\/traverseejura\/wp-json\/wp\/v2\/pages"}],"about":[{"href":"https:\/\/www.circuitsderando.com\/traverseejura\/wp-json\/wp\/v2\/types\/page"}],"author":[{"embeddable":true,"href":"https:\/\/www.circuitsderando.com\/traverseejura\/wp-json\/wp\/v2\/users\/1"}],"replies":[{"embeddable":true,"href":"https:\/\/www.circuitsderando.com\/traverseejura\/wp-json\/wp\/v2\/comments?post=109"}],"version-history":[{"count":23,"href":"https:\/\/www.circuitsderando.com\/traverseejura\/wp-json\/wp\/v2\/pages\/109\/revisions"}],"predecessor-version":[{"id":343,"href":"https:\/\/www.circuitsderando.com\/traverseejura\/wp-json\/wp\/v2\/pages\/109\/revisions\/343"}],"wp:attachment":[{"href":"https:\/\/www.circuitsderando.com\/traverseejura\/wp-json\/wp\/v2\/media?parent=109"}],"curies":[{"name":"wp","href":"https:\/\/api.w.org\/{rel}","templated":true}]}}