{"id":52,"date":"2023-12-26T10:08:10","date_gmt":"2023-12-26T09:08:10","guid":{"rendered":"https:\/\/www.circuitsderando.com\/tourmontsaubrac\/?page_id=52"},"modified":"2023-12-26T11:56:33","modified_gmt":"2023-12-26T10:56:33","slug":"hebergements","status":"publish","type":"page","link":"https:\/\/www.circuitsderando.com\/tourmontsaubrac\/hebergements\/","title":{"rendered":"H\u00e9bergements"},"content":{"rendered":"\n<div class=\"wp-block-columns is-layout-flex wp-container-core-columns-is-layout-9d6595d7 wp-block-columns-is-layout-flex\">\n<div class=\"wp-block-column is-layout-flow wp-block-column-is-layout-flow\" style=\"flex-basis:33.33%\">\n<p>Aumont &#8211; Gibert\u00e8s<\/p>\n<\/div>\n\n\n\n<div class=\"wp-block-column is-layout-flow wp-block-column-is-layout-flow\" style=\"flex-basis:66.66%\">\n<p>Aubrac H\u00f4tel \/ Gite &#8211; Aumont Aubrac**<br>Ouvert toute l&rsquo;ann\u00e9e<br>18 Places et 8 en chambre<br>T\u00e9l : 04.66.42.89.40<br>Lien : http:\/\/www.gralon.net\/hotels-france\/lozere\/hotel-aubrac-hotel-aumont-aubrac-8107.htm<\/p>\n\n\n\n<p>Gite La Ferme du Barry &#8211; Aumont Aubrac<br>25 Places<br>T\u00e9l : 04.66.42.90.25<br>Lien : http:\/\/www.ferme-du-barry.com<\/p>\n\n\n\n<p>H\u00f4tel Pruni\u00e8res &#8211; Aumont Aubrac<br>Place du Relais<br>20 Places<br>T\u00e9l : 04.66.42.85.52<br>mail : prunieres@ifrance.com<\/p>\n\n\n\n<p>H\u00f4tel Le Relais de Peyre &#8211; Aumont Aubrac<br>Route du Languedoc<br>21 Places<br>T\u00e9l : 04.66.42.85.88<br>Lien : http:\/\/www.lerelaisdepeyre.com<\/p>\n<\/div>\n<\/div>\n\n\n\n<div style=\"height:30px\" aria-hidden=\"true\" class=\"wp-block-spacer\"><\/div>\n\n\n\n<div class=\"wp-block-columns is-layout-flex wp-container-core-columns-is-layout-9d6595d7 wp-block-columns-is-layout-flex\">\n<div class=\"wp-block-column is-layout-flow wp-block-column-is-layout-flow\" style=\"flex-basis:33.33%\">\n<p>Gibert\u00e8s &#8211; Rajas<\/p>\n<\/div>\n\n\n\n<div class=\"wp-block-column is-layout-flow wp-block-column-is-layout-flow\" style=\"flex-basis:66.66%\">\n<p>St Laurent du Muret<br>G\u00eete Communal<br>10 Places<br>T\u00e9l : 04. 66.32.20.40<\/p>\n\n\n\n<p>Buron des Rajas<br>G\u00eete d&rsquo;Etape<br>21 places<br>Demi Pension possible (le dimanche soir faire une demande)<br>A servi de d\u00e9cor au film \u00ab\u00a0St Jacques la Mecque\u00a0\u00bb<br>T\u00e9l : 04.66.32.60.73<br>Site : http:\/\/www.refuges.info\/point\/1933\/gite-d-etape\/massif-central\/refuge-buron-des-rajas-aubrac\/<\/p>\n<\/div>\n<\/div>\n\n\n\n<div style=\"height:33px\" aria-hidden=\"true\" class=\"wp-block-spacer\"><\/div>\n\n\n\n<div class=\"wp-block-columns is-layout-flex wp-container-core-columns-is-layout-9d6595d7 wp-block-columns-is-layout-flex\">\n<div class=\"wp-block-column is-layout-flow wp-block-column-is-layout-flow\" style=\"flex-basis:33.33%\">\n<p>Rajas &#8211; St Ch\u00e9ly Aubrac<\/p>\n<\/div>\n\n\n\n<div class=\"wp-block-column is-layout-flow wp-block-column-is-layout-flow\" style=\"flex-basis:66.66%\">\n<p>G\u00eete communal &#8211; St Ch\u00e9ly d&rsquo;Aubrac<br>26 Places<br>T\u00e9l : 05.65.44.21.15 (Office de Tourisme)<\/p>\n\n\n\n<p>G\u00eete St Andr\u00e9 (P\u00e9riph\u00e9rie de St Ch\u00e9ly)<br>20 Places<br>T\u00e9l : 05.65.44.26.87<\/p>\n\n\n\n<p>H\u00f4tel des Voyageurs**<br>7 Chambres<br>Pas de TV mais petit d\u00e9jeuner sur une terrasse<\/p>\n\n\n\n<p>Gite Sarbonnel<br>http:\/\/gitesarbonnel.jimdo.com\/<\/p>\n<\/div>\n<\/div>\n\n\n\n<div class=\"wp-block-columns is-layout-flex wp-container-core-columns-is-layout-9d6595d7 wp-block-columns-is-layout-flex\">\n<div class=\"wp-block-column is-layout-flow wp-block-column-is-layout-flow\" style=\"flex-basis:33.33%\">\n<p>St Ch\u00e9ly d&rsquo;Aubrac &#8211; Laguiole<\/p>\n<\/div>\n\n\n\n<div class=\"wp-block-column is-layout-flow wp-block-column-is-layout-flow\" style=\"flex-basis:66.66%\">\n<p>Le Vayssaire<br>G\u00eete Priv\u00e9<br>25 Places<br>Repas sur commande<br>T\u00e9l. : 05.65.48.44.63<\/p>\n\n\n\n<p>H\u00f4tel d&rsquo;Aubrac &#8211; Laguiole<br>31 chambres<br>Menus Gastronomiques tr\u00e8s app\u00e9tissants<br>Site : http:\/\/www.hotel-aubrac.fr\/<br>Tel. : 05.65.44.32.13<\/p>\n\n\n\n<p>G\u00eete de Laguiole &#8211; Laguiole<br>23 Places<br>T\u00e9l : 05.65.48.42.55<br>Site : http:\/\/www.legitedelaguiole.com<\/p>\n\n\n\n<p>Fleurs d&rsquo;Aubrac<br>83 places (Chambres et dortoir)<br>05.65.21.22.90<\/p>\n<\/div>\n<\/div>\n\n\n\n<div style=\"height:30px\" aria-hidden=\"true\" class=\"wp-block-spacer\"><\/div>\n\n\n\n<div class=\"wp-block-columns is-layout-flex wp-container-core-columns-is-layout-9d6595d7 wp-block-columns-is-layout-flex\">\n<div class=\"wp-block-column is-layout-flow wp-block-column-is-layout-flow\" style=\"flex-basis:33.33%\">\n<p>Laguiole &#8211; St Urcize<\/p>\n<\/div>\n\n\n\n<div class=\"wp-block-column is-layout-flow wp-block-column-is-layout-flow\" style=\"flex-basis:66.66%\">\n<p>G\u00eete St Urcize<br>Pas de Restauration<br>20 Places<br>Ouvert du 15 Juin au 15 septembre<br>T\u00e9l : 04.71.23.21.03 (Office de Tourisme)<\/p>\n\n\n\n<p>G\u00eete d&rsquo;Etape<br>18 Places<br>Ouvert du 1er Mai au 1er Novembre<br>T\u00e9l. : 04.71.23.22.20<\/p>\n<\/div>\n<\/div>\n\n\n\n<div style=\"height:30px\" aria-hidden=\"true\" class=\"wp-block-spacer\"><\/div>\n\n\n\n<div class=\"wp-block-columns is-layout-flex wp-container-core-columns-is-layout-9d6595d7 wp-block-columns-is-layout-flex\">\n<div class=\"wp-block-column is-layout-flow wp-block-column-is-layout-flow\" style=\"flex-basis:33.33%\">\n<p>St Urcize &#8211; Boutans Bas<\/p>\n<\/div>\n\n\n\n<div class=\"wp-block-column is-layout-flow wp-block-column-is-layout-flow\" style=\"flex-basis:66.66%\">\n<p>H\u00f4tel les Genets d&rsquo;Or &#8211; Pont de Gournier<br>Accueil familial tr\u00e8s sympathique. Belles chambres<br>Demi Pension : 41 EUR (sur base 2 personnes)<br>T\u00e9l: 04 66 32 52 13<br>Mail : hotel.les.genets.dor@orange.fr<\/p>\n\n\n\n<p>H\u00f4tel \u00ab\u00a0Le Relais\u00a0\u00bb &#8211; Pont de Gournier<br>70 Places<br>Site : http:\/\/www.relais-aubrac.com\/<br>T\u00e9l. : 04.66.32.52.06<\/p>\n<\/div>\n<\/div>\n\n\n\n<div style=\"height:30px\" aria-hidden=\"true\" class=\"wp-block-spacer\"><\/div>\n\n\n\n<div class=\"wp-block-columns is-layout-flex wp-container-core-columns-is-layout-9d6595d7 wp-block-columns-is-layout-flex\">\n<div class=\"wp-block-column is-layout-flow wp-block-column-is-layout-flow\" style=\"flex-basis:33.33%\">\n<p>Boutans Bas &#8211; Fournels<\/p>\n<\/div>\n\n\n\n<div class=\"wp-block-column is-layout-flow wp-block-column-is-layout-flow\" style=\"flex-basis:66.66%\">\n<p>Fournels<br>G\u00eete communal<br>20 Places<br>T\u00e9l : 04.66.31.60.84<\/p>\n\n\n\n<p><\/p>\n<\/div>\n<\/div>\n\n\n\n<div style=\"height:30px\" aria-hidden=\"true\" class=\"wp-block-spacer\"><\/div>\n\n\n\n<div class=\"wp-block-columns is-layout-flex wp-container-core-columns-is-layout-9d6595d7 wp-block-columns-is-layout-flex\">\n<div class=\"wp-block-column is-layout-flow wp-block-column-is-layout-flow\" style=\"flex-basis:33.33%\">\n<p>Fournels &#8211; St Ch\u00e9ly d&rsquo;Apcher<\/p>\n<\/div>\n\n\n\n<div class=\"wp-block-column is-layout-flow wp-block-column-is-layout-flow\" style=\"flex-basis:66.66%\">\n<p>Termes<br>Chambre d&rsquo;h\u00f6te \u00ab\u00a0Les abeilles du cantou\u00a0\u00bb<br>T\u00e9l. : 04.66.31.19.62<\/p>\n\n\n\n<p>H\u00f4tel Jeanne d&rsquo;Arc \/ Au Bureau &#8211; St Ch\u00e9ly d&rsquo;Apcher<br>Pub pr\u00e8s de la gare<br>9 Chambres<br>T\u00e9l:: 04 66 31 44 85<br>Site : http:\/\/www.hotel-jeannedarc.fr\/<\/p>\n\n\n\n<p>H\u00f4tel \u00ab\u00a0Les portes d&rsquo;Apcher\u00a0\u00bb &#8211; St Ch\u00e9ly d&rsquo;Apcher<br>32 Places<br>Site : http:\/\/www.lozere-resa.com\/hotel\/margeride\/hotel-les-portes-d-apcher-saint-chely-d-apcher-374.html<br>T\u00e9l. : 04.66.31.00.46<\/p>\n<\/div>\n<\/div>\n","protected":false},"excerpt":{"rendered":"<p>Aumont &#8211; Gibert\u00e8s Aubrac H\u00f4tel \/ Gite &#8211; Aumont Aubrac**Ouvert toute l&rsquo;ann\u00e9e18 Places et 8 en chambreT\u00e9l : 04.66.42.89.40Lien : http:\/\/www.gralon.net\/hotels-france\/lozere\/hotel-aubrac-hotel-aumont-aubrac-8107.htm Gite La Ferme du Barry &#8211; Aumont Aubrac25 PlacesT\u00e9l : 04.66.42.90.25Lien : http:\/\/www.ferme-du-barry.com H\u00f4tel Pruni\u00e8res &#8211; Aumont AubracPlace du Relais20 PlacesT\u00e9l : 04.66.42.85.52mail : prunieres@ifrance.com H\u00f4tel Le Relais de Peyre &#8211; Aumont AubracRoute du [&hellip;]<\/p>\n","protected":false},"author":1,"featured_media":0,"parent":0,"menu_order":0,"comment_status":"closed","ping_status":"closed","template":"templates\/full-width-page.php","meta":{"footnotes":""},"class_list":["post-52","page","type-page","status-publish","hentry"],"yoast_head":"<!-- This site is optimized with the Yoast SEO plugin v23.5 - https:\/\/yoast.com\/wordpress\/plugins\/seo\/ -->\n<title>H\u00e9bergements - Tour des Monts d&#039;Aubrac<\/title>\n<meta name=\"robots\" content=\"index, follow, max-snippet:-1, max-image-preview:large, max-video-preview:-1\" \/>\n<link rel=\"canonical\" href=\"https:\/\/www.circuitsderando.com\/tourmontsaubrac\/hebergements\/\" \/>\n<meta property=\"og:locale\" content=\"fr_FR\" \/>\n<meta property=\"og:type\" content=\"article\" \/>\n<meta property=\"og:title\" content=\"H\u00e9bergements - Tour des Monts d&#039;Aubrac\" \/>\n<meta property=\"og:description\" content=\"Aumont &#8211; Gibert\u00e8s Aubrac H\u00f4tel \/ Gite &#8211; Aumont Aubrac**Ouvert toute l&rsquo;ann\u00e9e18 Places et 8 en chambreT\u00e9l : 04.66.42.89.40Lien : http:\/\/www.gralon.net\/hotels-france\/lozere\/hotel-aubrac-hotel-aumont-aubrac-8107.htm Gite La Ferme du Barry &#8211; Aumont Aubrac25 PlacesT\u00e9l : 04.66.42.90.25Lien : http:\/\/www.ferme-du-barry.com H\u00f4tel Pruni\u00e8res &#8211; Aumont AubracPlace du Relais20 PlacesT\u00e9l : 04.66.42.85.52mail : prunieres@ifrance.com H\u00f4tel Le Relais de Peyre &#8211; Aumont AubracRoute du [&hellip;]\" \/>\n<meta property=\"og:url\" content=\"https:\/\/www.circuitsderando.com\/tourmontsaubrac\/hebergements\/\" \/>\n<meta property=\"og:site_name\" content=\"Tour des Monts d&#039;Aubrac\" \/>\n<meta property=\"article:modified_time\" content=\"2023-12-26T10:56:33+00:00\" \/>\n<meta name=\"twitter:card\" content=\"summary_large_image\" \/>\n<meta name=\"twitter:label1\" content=\"Dur\u00e9e de lecture estim\u00e9e\" \/>\n\t<meta name=\"twitter:data1\" content=\"2 minutes\" \/>\n<script type=\"application\/ld+json\" class=\"yoast-schema-graph\">{\"@context\":\"https:\/\/schema.org\",\"@graph\":[{\"@type\":\"WebPage\",\"@id\":\"https:\/\/www.circuitsderando.com\/tourmontsaubrac\/hebergements\/\",\"url\":\"https:\/\/www.circuitsderando.com\/tourmontsaubrac\/hebergements\/\",\"name\":\"H\u00e9bergements - Tour des Monts d&#039;Aubrac\",\"isPartOf\":{\"@id\":\"https:\/\/www.circuitsderando.com\/tourmontsaubrac\/#website\"},\"datePublished\":\"2023-12-26T09:08:10+00:00\",\"dateModified\":\"2023-12-26T10:56:33+00:00\",\"breadcrumb\":{\"@id\":\"https:\/\/www.circuitsderando.com\/tourmontsaubrac\/hebergements\/#breadcrumb\"},\"inLanguage\":\"fr-FR\",\"potentialAction\":[{\"@type\":\"ReadAction\",\"target\":[\"https:\/\/www.circuitsderando.com\/tourmontsaubrac\/hebergements\/\"]}]},{\"@type\":\"BreadcrumbList\",\"@id\":\"https:\/\/www.circuitsderando.com\/tourmontsaubrac\/hebergements\/#breadcrumb\",\"itemListElement\":[{\"@type\":\"ListItem\",\"position\":1,\"name\":\"Tour des Monts d'Aubrac\",\"item\":\"https:\/\/www.circuitsderando.com\/tourmontsaubrac\/\"},{\"@type\":\"ListItem\",\"position\":2,\"name\":\"H\u00e9bergements\"}]},{\"@type\":\"WebSite\",\"@id\":\"https:\/\/www.circuitsderando.com\/tourmontsaubrac\/#website\",\"url\":\"https:\/\/www.circuitsderando.com\/tourmontsaubrac\/\",\"name\":\"Tour des Monts d&#039;Aubrac\",\"description\":\"Aumont - Rajas - St Ch\u00e9ly - Laguiole - St Urcize - Fournels - St Ch\u00e9ly\",\"potentialAction\":[{\"@type\":\"SearchAction\",\"target\":{\"@type\":\"EntryPoint\",\"urlTemplate\":\"https:\/\/www.circuitsderando.com\/tourmontsaubrac\/?s={search_term_string}\"},\"query-input\":{\"@type\":\"PropertyValueSpecification\",\"valueRequired\":true,\"valueName\":\"search_term_string\"}}],\"inLanguage\":\"fr-FR\"}]}<\/script>\n<!-- \/ Yoast SEO plugin. -->","yoast_head_json":{"title":"H\u00e9bergements - Tour des Monts d&#039;Aubrac","robots":{"index":"index","follow":"follow","max-snippet":"max-snippet:-1","max-image-preview":"max-image-preview:large","max-video-preview":"max-video-preview:-1"},"canonical":"https:\/\/www.circuitsderando.com\/tourmontsaubrac\/hebergements\/","og_locale":"fr_FR","og_type":"article","og_title":"H\u00e9bergements - Tour des Monts d&#039;Aubrac","og_description":"Aumont &#8211; Gibert\u00e8s Aubrac H\u00f4tel \/ Gite &#8211; Aumont Aubrac**Ouvert toute l&rsquo;ann\u00e9e18 Places et 8 en chambreT\u00e9l : 04.66.42.89.40Lien : http:\/\/www.gralon.net\/hotels-france\/lozere\/hotel-aubrac-hotel-aumont-aubrac-8107.htm Gite La Ferme du Barry &#8211; Aumont Aubrac25 PlacesT\u00e9l : 04.66.42.90.25Lien : http:\/\/www.ferme-du-barry.com H\u00f4tel Pruni\u00e8res &#8211; Aumont AubracPlace du Relais20 PlacesT\u00e9l : 04.66.42.85.52mail : prunieres@ifrance.com H\u00f4tel Le Relais de Peyre &#8211; Aumont AubracRoute du [&hellip;]","og_url":"https:\/\/www.circuitsderando.com\/tourmontsaubrac\/hebergements\/","og_site_name":"Tour des Monts d&#039;Aubrac","article_modified_time":"2023-12-26T10:56:33+00:00","twitter_card":"summary_large_image","twitter_misc":{"Dur\u00e9e de lecture estim\u00e9e":"2 minutes"},"schema":{"@context":"https:\/\/schema.org","@graph":[{"@type":"WebPage","@id":"https:\/\/www.circuitsderando.com\/tourmontsaubrac\/hebergements\/","url":"https:\/\/www.circuitsderando.com\/tourmontsaubrac\/hebergements\/","name":"H\u00e9bergements - Tour des Monts d&#039;Aubrac","isPartOf":{"@id":"https:\/\/www.circuitsderando.com\/tourmontsaubrac\/#website"},"datePublished":"2023-12-26T09:08:10+00:00","dateModified":"2023-12-26T10:56:33+00:00","breadcrumb":{"@id":"https:\/\/www.circuitsderando.com\/tourmontsaubrac\/hebergements\/#breadcrumb"},"inLanguage":"fr-FR","potentialAction":[{"@type":"ReadAction","target":["https:\/\/www.circuitsderando.com\/tourmontsaubrac\/hebergements\/"]}]},{"@type":"BreadcrumbList","@id":"https:\/\/www.circuitsderando.com\/tourmontsaubrac\/hebergements\/#breadcrumb","itemListElement":[{"@type":"ListItem","position":1,"name":"Tour des Monts d'Aubrac","item":"https:\/\/www.circuitsderando.com\/tourmontsaubrac\/"},{"@type":"ListItem","position":2,"name":"H\u00e9bergements"}]},{"@type":"WebSite","@id":"https:\/\/www.circuitsderando.com\/tourmontsaubrac\/#website","url":"https:\/\/www.circuitsderando.com\/tourmontsaubrac\/","name":"Tour des Monts d&#039;Aubrac","description":"Aumont - Rajas - St Ch\u00e9ly - Laguiole - St Urcize - Fournels - St Ch\u00e9ly","potentialAction":[{"@type":"SearchAction","target":{"@type":"EntryPoint","urlTemplate":"https:\/\/www.circuitsderando.com\/tourmontsaubrac\/?s={search_term_string}"},"query-input":{"@type":"PropertyValueSpecification","valueRequired":true,"valueName":"search_term_string"}}],"inLanguage":"fr-FR"}]}},"_links":{"self":[{"href":"https:\/\/www.circuitsderando.com\/tourmontsaubrac\/wp-json\/wp\/v2\/pages\/52","targetHints":{"allow":["GET"]}}],"collection":[{"href":"https:\/\/www.circuitsderando.com\/tourmontsaubrac\/wp-json\/wp\/v2\/pages"}],"about":[{"href":"https:\/\/www.circuitsderando.com\/tourmontsaubrac\/wp-json\/wp\/v2\/types\/page"}],"author":[{"embeddable":true,"href":"https:\/\/www.circuitsderando.com\/tourmontsaubrac\/wp-json\/wp\/v2\/users\/1"}],"replies":[{"embeddable":true,"href":"https:\/\/www.circuitsderando.com\/tourmontsaubrac\/wp-json\/wp\/v2\/comments?post=52"}],"version-history":[{"count":8,"href":"https:\/\/www.circuitsderando.com\/tourmontsaubrac\/wp-json\/wp\/v2\/pages\/52\/revisions"}],"predecessor-version":[{"id":217,"href":"https:\/\/www.circuitsderando.com\/tourmontsaubrac\/wp-json\/wp\/v2\/pages\/52\/revisions\/217"}],"wp:attachment":[{"href":"https:\/\/www.circuitsderando.com\/tourmontsaubrac\/wp-json\/wp\/v2\/media?parent=52"}],"curies":[{"name":"wp","href":"https:\/\/api.w.org\/{rel}","templated":true}]}}