{"id":50,"date":"2023-12-26T10:07:43","date_gmt":"2023-12-26T09:07:43","guid":{"rendered":"https:\/\/www.circuitsderando.com\/tourmontsaubrac\/?page_id=50"},"modified":"2023-12-26T21:56:11","modified_gmt":"2023-12-26T20:56:11","slug":"ravitaillement","status":"publish","type":"page","link":"https:\/\/www.circuitsderando.com\/tourmontsaubrac\/ravitaillement\/","title":{"rendered":"Ravitaillement"},"content":{"rendered":"\n<div class=\"wp-block-columns is-layout-flex wp-container-core-columns-is-layout-9d6595d7 wp-block-columns-is-layout-flex\">\n<div class=\"wp-block-column is-layout-flow wp-block-column-is-layout-flow\">\n<p><strong>Aumont Aubrac<\/strong><\/p>\n<\/div>\n\n\n\n<div class=\"wp-block-column is-layout-flow wp-block-column-is-layout-flow\">\n<p>Petite Sup\u00e9rette<\/p>\n<\/div>\n<\/div>\n\n\n\n<div class=\"wp-block-columns is-layout-flex wp-container-core-columns-is-layout-9d6595d7 wp-block-columns-is-layout-flex\">\n<div class=\"wp-block-column is-layout-flow wp-block-column-is-layout-flow\">\n<p><strong>St Ch\u00e9ly d&rsquo;Aubrac<\/strong><\/p>\n<\/div>\n\n\n\n<div class=\"wp-block-column is-layout-flow wp-block-column-is-layout-flow\">\n<p>Boulangerie Epicerie<\/p>\n<\/div>\n<\/div>\n\n\n\n<div class=\"wp-block-columns is-layout-flex wp-container-core-columns-is-layout-9d6595d7 wp-block-columns-is-layout-flex\">\n<div class=\"wp-block-column is-layout-flow wp-block-column-is-layout-flow\">\n<p><strong>Laguiole<\/strong><\/p>\n<\/div>\n\n\n\n<div class=\"wp-block-column is-layout-flow wp-block-column-is-layout-flow\">\n<p>Nombreux commerces et supermarch\u00e9<\/p>\n<\/div>\n<\/div>\n\n\n\n<div class=\"wp-block-columns is-layout-flex wp-container-core-columns-is-layout-9d6595d7 wp-block-columns-is-layout-flex\">\n<div class=\"wp-block-column is-layout-flow wp-block-column-is-layout-flow\">\n<p><strong>Nasbinals (\u00e0 3kms)<\/strong><\/p>\n<\/div>\n\n\n\n<div class=\"wp-block-column is-layout-flow wp-block-column-is-layout-flow\">\n<p>Petites \u00e9piceries<\/p>\n<\/div>\n<\/div>\n\n\n\n<div class=\"wp-block-columns is-layout-flex wp-container-core-columns-is-layout-9d6595d7 wp-block-columns-is-layout-flex\">\n<div class=\"wp-block-column is-layout-flow wp-block-column-is-layout-flow\">\n<p><strong>St Urcize<\/strong><\/p>\n<\/div>\n\n\n\n<div class=\"wp-block-column is-layout-flow wp-block-column-is-layout-flow\">\n<p>Boulangerie et Petite Epicerie<\/p>\n<\/div>\n<\/div>\n\n\n\n<div class=\"wp-block-columns is-layout-flex wp-container-core-columns-is-layout-9d6595d7 wp-block-columns-is-layout-flex\">\n<div class=\"wp-block-column is-layout-flow wp-block-column-is-layout-flow\">\n<p><strong>Fournels<\/strong><\/p>\n<\/div>\n\n\n\n<div class=\"wp-block-column is-layout-flow wp-block-column-is-layout-flow\">\n<p>Petits commerces<\/p>\n<\/div>\n<\/div>\n","protected":false},"excerpt":{"rendered":"<p>Aumont Aubrac Petite Sup\u00e9rette St Ch\u00e9ly d&rsquo;Aubrac Boulangerie Epicerie Laguiole Nombreux commerces et supermarch\u00e9 Nasbinals (\u00e0 3kms) Petites \u00e9piceries St Urcize Boulangerie et Petite Epicerie Fournels Petits commerces<\/p>\n","protected":false},"author":1,"featured_media":0,"parent":0,"menu_order":0,"comment_status":"closed","ping_status":"closed","template":"templates\/full-width-page.php","meta":{"footnotes":""},"class_list":["post-50","page","type-page","status-publish","hentry"],"yoast_head":"<!-- This site is optimized with the Yoast SEO plugin v23.5 - https:\/\/yoast.com\/wordpress\/plugins\/seo\/ -->\n<title>Ravitaillement - Tour des Monts d&#039;Aubrac<\/title>\n<meta name=\"robots\" content=\"index, follow, max-snippet:-1, max-image-preview:large, max-video-preview:-1\" \/>\n<link rel=\"canonical\" href=\"https:\/\/www.circuitsderando.com\/tourmontsaubrac\/ravitaillement\/\" \/>\n<meta property=\"og:locale\" content=\"fr_FR\" \/>\n<meta property=\"og:type\" content=\"article\" \/>\n<meta property=\"og:title\" content=\"Ravitaillement - Tour des Monts d&#039;Aubrac\" \/>\n<meta property=\"og:description\" content=\"Aumont Aubrac Petite Sup\u00e9rette St Ch\u00e9ly d&rsquo;Aubrac Boulangerie Epicerie Laguiole Nombreux commerces et supermarch\u00e9 Nasbinals (\u00e0 3kms) Petites \u00e9piceries St Urcize Boulangerie et Petite Epicerie Fournels Petits commerces\" \/>\n<meta property=\"og:url\" content=\"https:\/\/www.circuitsderando.com\/tourmontsaubrac\/ravitaillement\/\" \/>\n<meta property=\"og:site_name\" content=\"Tour des Monts d&#039;Aubrac\" \/>\n<meta property=\"article:modified_time\" content=\"2023-12-26T20:56:11+00:00\" \/>\n<meta name=\"twitter:card\" content=\"summary_large_image\" \/>\n<script type=\"application\/ld+json\" class=\"yoast-schema-graph\">{\"@context\":\"https:\/\/schema.org\",\"@graph\":[{\"@type\":\"WebPage\",\"@id\":\"https:\/\/www.circuitsderando.com\/tourmontsaubrac\/ravitaillement\/\",\"url\":\"https:\/\/www.circuitsderando.com\/tourmontsaubrac\/ravitaillement\/\",\"name\":\"Ravitaillement - Tour des Monts d&#039;Aubrac\",\"isPartOf\":{\"@id\":\"https:\/\/www.circuitsderando.com\/tourmontsaubrac\/#website\"},\"datePublished\":\"2023-12-26T09:07:43+00:00\",\"dateModified\":\"2023-12-26T20:56:11+00:00\",\"breadcrumb\":{\"@id\":\"https:\/\/www.circuitsderando.com\/tourmontsaubrac\/ravitaillement\/#breadcrumb\"},\"inLanguage\":\"fr-FR\",\"potentialAction\":[{\"@type\":\"ReadAction\",\"target\":[\"https:\/\/www.circuitsderando.com\/tourmontsaubrac\/ravitaillement\/\"]}]},{\"@type\":\"BreadcrumbList\",\"@id\":\"https:\/\/www.circuitsderando.com\/tourmontsaubrac\/ravitaillement\/#breadcrumb\",\"itemListElement\":[{\"@type\":\"ListItem\",\"position\":1,\"name\":\"Tour des Monts d'Aubrac\",\"item\":\"https:\/\/www.circuitsderando.com\/tourmontsaubrac\/\"},{\"@type\":\"ListItem\",\"position\":2,\"name\":\"Ravitaillement\"}]},{\"@type\":\"WebSite\",\"@id\":\"https:\/\/www.circuitsderando.com\/tourmontsaubrac\/#website\",\"url\":\"https:\/\/www.circuitsderando.com\/tourmontsaubrac\/\",\"name\":\"Tour des Monts d&#039;Aubrac\",\"description\":\"Aumont - Rajas - St Ch\u00e9ly - Laguiole - St Urcize - Fournels - St Ch\u00e9ly\",\"potentialAction\":[{\"@type\":\"SearchAction\",\"target\":{\"@type\":\"EntryPoint\",\"urlTemplate\":\"https:\/\/www.circuitsderando.com\/tourmontsaubrac\/?s={search_term_string}\"},\"query-input\":{\"@type\":\"PropertyValueSpecification\",\"valueRequired\":true,\"valueName\":\"search_term_string\"}}],\"inLanguage\":\"fr-FR\"}]}<\/script>\n<!-- \/ Yoast SEO plugin. -->","yoast_head_json":{"title":"Ravitaillement - Tour des Monts d&#039;Aubrac","robots":{"index":"index","follow":"follow","max-snippet":"max-snippet:-1","max-image-preview":"max-image-preview:large","max-video-preview":"max-video-preview:-1"},"canonical":"https:\/\/www.circuitsderando.com\/tourmontsaubrac\/ravitaillement\/","og_locale":"fr_FR","og_type":"article","og_title":"Ravitaillement - Tour des Monts d&#039;Aubrac","og_description":"Aumont Aubrac Petite Sup\u00e9rette St Ch\u00e9ly d&rsquo;Aubrac Boulangerie Epicerie Laguiole Nombreux commerces et supermarch\u00e9 Nasbinals (\u00e0 3kms) Petites \u00e9piceries St Urcize Boulangerie et Petite Epicerie Fournels Petits commerces","og_url":"https:\/\/www.circuitsderando.com\/tourmontsaubrac\/ravitaillement\/","og_site_name":"Tour des Monts d&#039;Aubrac","article_modified_time":"2023-12-26T20:56:11+00:00","twitter_card":"summary_large_image","schema":{"@context":"https:\/\/schema.org","@graph":[{"@type":"WebPage","@id":"https:\/\/www.circuitsderando.com\/tourmontsaubrac\/ravitaillement\/","url":"https:\/\/www.circuitsderando.com\/tourmontsaubrac\/ravitaillement\/","name":"Ravitaillement - Tour des Monts d&#039;Aubrac","isPartOf":{"@id":"https:\/\/www.circuitsderando.com\/tourmontsaubrac\/#website"},"datePublished":"2023-12-26T09:07:43+00:00","dateModified":"2023-12-26T20:56:11+00:00","breadcrumb":{"@id":"https:\/\/www.circuitsderando.com\/tourmontsaubrac\/ravitaillement\/#breadcrumb"},"inLanguage":"fr-FR","potentialAction":[{"@type":"ReadAction","target":["https:\/\/www.circuitsderando.com\/tourmontsaubrac\/ravitaillement\/"]}]},{"@type":"BreadcrumbList","@id":"https:\/\/www.circuitsderando.com\/tourmontsaubrac\/ravitaillement\/#breadcrumb","itemListElement":[{"@type":"ListItem","position":1,"name":"Tour des Monts d'Aubrac","item":"https:\/\/www.circuitsderando.com\/tourmontsaubrac\/"},{"@type":"ListItem","position":2,"name":"Ravitaillement"}]},{"@type":"WebSite","@id":"https:\/\/www.circuitsderando.com\/tourmontsaubrac\/#website","url":"https:\/\/www.circuitsderando.com\/tourmontsaubrac\/","name":"Tour des Monts d&#039;Aubrac","description":"Aumont - Rajas - St Ch\u00e9ly - Laguiole - St Urcize - Fournels - St Ch\u00e9ly","potentialAction":[{"@type":"SearchAction","target":{"@type":"EntryPoint","urlTemplate":"https:\/\/www.circuitsderando.com\/tourmontsaubrac\/?s={search_term_string}"},"query-input":{"@type":"PropertyValueSpecification","valueRequired":true,"valueName":"search_term_string"}}],"inLanguage":"fr-FR"}]}},"_links":{"self":[{"href":"https:\/\/www.circuitsderando.com\/tourmontsaubrac\/wp-json\/wp\/v2\/pages\/50","targetHints":{"allow":["GET"]}}],"collection":[{"href":"https:\/\/www.circuitsderando.com\/tourmontsaubrac\/wp-json\/wp\/v2\/pages"}],"about":[{"href":"https:\/\/www.circuitsderando.com\/tourmontsaubrac\/wp-json\/wp\/v2\/types\/page"}],"author":[{"embeddable":true,"href":"https:\/\/www.circuitsderando.com\/tourmontsaubrac\/wp-json\/wp\/v2\/users\/1"}],"replies":[{"embeddable":true,"href":"https:\/\/www.circuitsderando.com\/tourmontsaubrac\/wp-json\/wp\/v2\/comments?post=50"}],"version-history":[{"count":5,"href":"https:\/\/www.circuitsderando.com\/tourmontsaubrac\/wp-json\/wp\/v2\/pages\/50\/revisions"}],"predecessor-version":[{"id":266,"href":"https:\/\/www.circuitsderando.com\/tourmontsaubrac\/wp-json\/wp\/v2\/pages\/50\/revisions\/266"}],"wp:attachment":[{"href":"https:\/\/www.circuitsderando.com\/tourmontsaubrac\/wp-json\/wp\/v2\/media?parent=50"}],"curies":[{"name":"wp","href":"https:\/\/api.w.org\/{rel}","templated":true}]}}