{"id":48,"date":"2023-12-26T10:07:25","date_gmt":"2023-12-26T09:07:25","guid":{"rendered":"https:\/\/www.circuitsderando.com\/tourmontsaubrac\/?page_id=48"},"modified":"2023-12-26T22:39:02","modified_gmt":"2023-12-26T21:39:02","slug":"profil-des-etapes","status":"publish","type":"page","link":"https:\/\/www.circuitsderando.com\/tourmontsaubrac\/profil-des-etapes\/","title":{"rendered":"Profil des Etapes"},"content":{"rendered":"\n<div class=\"wp-block-columns is-layout-flex wp-container-core-columns-is-layout-9d6595d7 wp-block-columns-is-layout-flex\">\n<div class=\"wp-block-column is-layout-flow wp-block-column-is-layout-flow\" style=\"flex-basis:52%\">\n<p>1 &#8211; Aumont Aubrac &#8211; Gibert\u00e8s<\/p>\n<\/div>\n\n\n\n<div class=\"wp-block-column is-layout-flow wp-block-column-is-layout-flow\" style=\"flex-basis:12%\">\n<p>+ 126 m<\/p>\n<\/div>\n\n\n\n<div class=\"wp-block-column is-layout-flow wp-block-column-is-layout-flow\" style=\"flex-basis:12%\">\n<p>&#8211; 16 m<\/p>\n<\/div>\n\n\n\n<div class=\"wp-block-column is-layout-flow wp-block-column-is-layout-flow\" style=\"flex-basis:12%\">\n<p>25 km<\/p>\n<\/div>\n\n\n\n<div class=\"wp-block-column is-layout-flow wp-block-column-is-layout-flow\" style=\"flex-basis:12%\">\n<p>6 h 15<\/p>\n<\/div>\n<\/div>\n\n\n\n<div class=\"wp-block-columns is-layout-flex wp-container-core-columns-is-layout-9d6595d7 wp-block-columns-is-layout-flex\">\n<div class=\"wp-block-column is-layout-flow wp-block-column-is-layout-flow\" style=\"flex-basis:52%\">\n<p>2 &#8211; Gibert\u00e8s &#8211; Buron des Rajas<\/p>\n<\/div>\n\n\n\n<div class=\"wp-block-column is-layout-flow wp-block-column-is-layout-flow\" style=\"flex-basis:12%\">\n<p>+ 224 m<\/p>\n<\/div>\n\n\n\n<div class=\"wp-block-column is-layout-flow wp-block-column-is-layout-flow\" style=\"flex-basis:12%\">\n<p>&#8211; 45 m<\/p>\n<\/div>\n\n\n\n<div class=\"wp-block-column is-layout-flow wp-block-column-is-layout-flow\" style=\"flex-basis:12%\">\n<p>19 km<\/p>\n<\/div>\n\n\n\n<div class=\"wp-block-column is-layout-flow wp-block-column-is-layout-flow\" style=\"flex-basis:12%\">\n<p>5 h 15<\/p>\n<\/div>\n<\/div>\n\n\n\n<div class=\"wp-block-columns is-layout-flex wp-container-core-columns-is-layout-9d6595d7 wp-block-columns-is-layout-flex\">\n<div class=\"wp-block-column is-layout-flow wp-block-column-is-layout-flow\" style=\"flex-basis:52%\">\n<p>3 &#8211; Buron des Rajas &#8211; St Ch\u00e9ly d&rsquo;Aub.<\/p>\n<\/div>\n\n\n\n<div class=\"wp-block-column is-layout-flow wp-block-column-is-layout-flow\" style=\"flex-basis:12%\">\n<p>+ 47 m<\/p>\n<\/div>\n\n\n\n<div class=\"wp-block-column is-layout-flow wp-block-column-is-layout-flow\" style=\"flex-basis:12%\">\n<p>&#8211; 585 m<\/p>\n<\/div>\n\n\n\n<div class=\"wp-block-column is-layout-flow wp-block-column-is-layout-flow\" style=\"flex-basis:12%\">\n<p>18 km<\/p>\n<\/div>\n\n\n\n<div class=\"wp-block-column is-layout-flow wp-block-column-is-layout-flow\" style=\"flex-basis:12%\">\n<p>5 h 15<\/p>\n<\/div>\n<\/div>\n\n\n\n<div class=\"wp-block-columns is-layout-flex wp-container-core-columns-is-layout-9d6595d7 wp-block-columns-is-layout-flex\">\n<div class=\"wp-block-column is-layout-flow wp-block-column-is-layout-flow\" style=\"flex-basis:52%\">\n<p>4 &#8211; St Ch\u00e9ly d&rsquo;Aubrac &#8211; Laguiole<\/p>\n<\/div>\n\n\n\n<div class=\"wp-block-column is-layout-flow wp-block-column-is-layout-flow\" style=\"flex-basis:12%\">\n<p>+ 529 m<\/p>\n<\/div>\n\n\n\n<div class=\"wp-block-column is-layout-flow wp-block-column-is-layout-flow\" style=\"flex-basis:12%\">\n<p>&#8211; 289 m<\/p>\n<\/div>\n\n\n\n<div class=\"wp-block-column is-layout-flow wp-block-column-is-layout-flow\" style=\"flex-basis:12%\">\n<p>25 km<\/p>\n<\/div>\n\n\n\n<div class=\"wp-block-column is-layout-flow wp-block-column-is-layout-flow\" style=\"flex-basis:12%\">\n<p>7 h 15<\/p>\n<\/div>\n<\/div>\n\n\n\n<div class=\"wp-block-columns is-layout-flex wp-container-core-columns-is-layout-9d6595d7 wp-block-columns-is-layout-flex\">\n<div class=\"wp-block-column is-layout-flow wp-block-column-is-layout-flow\" style=\"flex-basis:52%\">\n<p>5 &#8211; Laguiole &#8211; St Urcize<\/p>\n<\/div>\n\n\n\n<div class=\"wp-block-column is-layout-flow wp-block-column-is-layout-flow\" style=\"flex-basis:12%\">\n<p>+ 273 m<\/p>\n<\/div>\n\n\n\n<div class=\"wp-block-column is-layout-flow wp-block-column-is-layout-flow\" style=\"flex-basis:12%\">\n<p>&#8211; 100 m<\/p>\n<\/div>\n\n\n\n<div class=\"wp-block-column is-layout-flow wp-block-column-is-layout-flow\" style=\"flex-basis:12%\">\n<p>20 km<\/p>\n<\/div>\n\n\n\n<div class=\"wp-block-column is-layout-flow wp-block-column-is-layout-flow\" style=\"flex-basis:12%\">\n<p>5 h 15<\/p>\n<\/div>\n<\/div>\n\n\n\n<div class=\"wp-block-columns is-layout-flex wp-container-core-columns-is-layout-9d6595d7 wp-block-columns-is-layout-flex\">\n<div class=\"wp-block-column is-layout-flow wp-block-column-is-layout-flow\" style=\"flex-basis:52%\">\n<p>6 &#8211; St Urcize &#8211; Boutans Bas<\/p>\n<\/div>\n\n\n\n<div class=\"wp-block-column is-layout-flow wp-block-column-is-layout-flow\" style=\"flex-basis:12%\">\n<p>+ 73 m<\/p>\n<\/div>\n\n\n\n<div class=\"wp-block-column is-layout-flow wp-block-column-is-layout-flow\" style=\"flex-basis:12%\">\n<p>&#8211; 236m<\/p>\n<\/div>\n\n\n\n<div class=\"wp-block-column is-layout-flow wp-block-column-is-layout-flow\" style=\"flex-basis:12%\">\n<p>29,5 km<\/p>\n<\/div>\n\n\n\n<div class=\"wp-block-column is-layout-flow wp-block-column-is-layout-flow\" style=\"flex-basis:12%\">\n<p>7 h 30<\/p>\n<\/div>\n<\/div>\n\n\n\n<div class=\"wp-block-columns is-layout-flex wp-container-core-columns-is-layout-9d6595d7 wp-block-columns-is-layout-flex\">\n<div class=\"wp-block-column is-layout-flow wp-block-column-is-layout-flow\" style=\"flex-basis:52%\">\n<p>7 &#8211; Boutans Bas &#8211; Fournels<\/p>\n<\/div>\n\n\n\n<div class=\"wp-block-column is-layout-flow wp-block-column-is-layout-flow\" style=\"flex-basis:12%\">\n<p>+55 m<\/p>\n<\/div>\n\n\n\n<div class=\"wp-block-column is-layout-flow wp-block-column-is-layout-flow\" style=\"flex-basis:12%\">\n<p>&#8211; 65m<\/p>\n<\/div>\n\n\n\n<div class=\"wp-block-column is-layout-flow wp-block-column-is-layout-flow\" style=\"flex-basis:12%\">\n<p>5,1 km<\/p>\n<\/div>\n\n\n\n<div class=\"wp-block-column is-layout-flow wp-block-column-is-layout-flow\" style=\"flex-basis:12%\">\n<p>2 h 05<\/p>\n<\/div>\n<\/div>\n\n\n\n<div class=\"wp-block-columns is-layout-flex wp-container-core-columns-is-layout-9d6595d7 wp-block-columns-is-layout-flex\">\n<div class=\"wp-block-column is-layout-flow wp-block-column-is-layout-flow\" style=\"flex-basis:52%\">\n<p>8 &#8211; Fournels &#8211; St Ch\u00e9ly <\/p>\n<\/div>\n\n\n\n<div class=\"wp-block-column is-layout-flow wp-block-column-is-layout-flow\" style=\"flex-basis:12%\">\n<p>+ 180 m<\/p>\n<\/div>\n\n\n\n<div class=\"wp-block-column is-layout-flow wp-block-column-is-layout-flow\" style=\"flex-basis:12%\">\n<p>&#8211; 176 m<\/p>\n<\/div>\n\n\n\n<div class=\"wp-block-column is-layout-flow wp-block-column-is-layout-flow\" style=\"flex-basis:12%\">\n<p>15 km<\/p>\n<\/div>\n\n\n\n<div class=\"wp-block-column is-layout-flow wp-block-column-is-layout-flow\" style=\"flex-basis:12%\">\n<p>4 h 30<\/p>\n<\/div>\n<\/div>\n\n\n\n<div style=\"height:35px\" aria-hidden=\"true\" class=\"wp-block-spacer\"><\/div>\n\n\n\n<table id=\"tablepress-1\" class=\"tablepress tablepress-id-1\">\n<tbody class=\"row-hover\">\n<tr class=\"row-1 odd\">\n\t<td class=\"column-1\">Aumont Aubrac<br \/>\nLa Combe<br \/>\nPrinsu\u00e9jols<br \/>\nGibert\u00e8s<\/td><td class=\"column-2\">1041 m<br \/>\n1025 m<br \/>\n1025 m<br \/>\n1151 m<\/td><td class=\"column-3\"><br \/>\n&#8211; 16 m<br \/>\n0 m<br \/>\n+ 126 m<\/td><td class=\"column-4\"><br \/>\n15 km<br \/>\n1 km<br \/>\n9 km<\/td><td class=\"column-5\"><br \/>\n3 h 45<br \/>\n0 h 15<br \/>\n2 h 15<\/td>\n<\/tr>\n<tr class=\"row-2 even\">\n\t<td class=\"column-1\">Gibert\u00e8s<br \/>\nSt Laurent de Muret<br \/>\nTruc de l\u2019Eglise<br \/>\nPlo de Grail<br \/>\nBonnecombe<br \/>\nBuron de Rajas<\/td><td class=\"column-2\">1151 m<br \/>\n1180 m<br \/>\n1223 m<br \/>\n1375 m<br \/>\n1340 m<br \/>\n1330 m<\/td><td class=\"column-3\"><br \/>\n+ 29 m<br \/>\n+ 43 m<br \/>\n+ 152 m<br \/>\n&#8211; 35m<br \/>\n&#8211; 10 m<\/td><td class=\"column-4\"><br \/>\n5 km<br \/>\n3 km<br \/>\n6 km<br \/>\n3 km<br \/>\n2 km<\/td><td class=\"column-5\"><br \/>\n1 h 15<br \/>\n0 h 45<br \/>\n2 h 00<br \/>\n0 h 45<br \/>\n0 h 30<\/td>\n<\/tr>\n<tr class=\"row-3 odd\">\n\t<td class=\"column-1\">Buron des Rajas<br \/>\nCroix de la Rode<br \/>\nPendouliou<br \/>\nCarrefour<br \/>\nLes Enfrux<br \/>\nSt Ch\u00e9ly d&rsquo;Aubrac<\/td><td class=\"column-2\">1330 m<br \/>\n1377 m<br \/>\n1359 m<br \/>\n1308 m<br \/>\n1120 m<br \/>\n792 m<\/td><td class=\"column-3\"><br \/>\n+ 47 m<br \/>\n&#8211; 18 m<br \/>\n&#8211; 51 m<br \/>\n&#8211; 188 m<br \/>\n&#8211; 328 m<\/td><td class=\"column-4\"><br \/>\n2 km<br \/>\n4 km<br \/>\n4 km<br \/>\n5 km<br \/>\n3 km<\/td><td class=\"column-5\"><br \/>\n0 h 45<br \/>\n1 h 00<br \/>\n1 h 15<br \/>\n1 h 30<br \/>\n0 h 45<\/td>\n<\/tr>\n<tr class=\"row-4 even\">\n\t<td class=\"column-1\">St Ch\u00e9ly d&rsquo;Aubrac<br \/>\nAubrac<br \/>\nEmbournac Buron<br \/>\nCroix del Pals<br \/>\nLe Vayssaire<br \/>\nLaguiole<\/td><td class=\"column-2\">792 m<br \/>\n1307 m<br \/>\n1321 m<br \/>\n1311 m<br \/>\n1086 m<br \/>\n1032 m<\/td><td class=\"column-3\"><br \/>\n+ 515 m<br \/>\n+ 14 m<br \/>\n&#8211; 10 m<br \/>\n&#8211; 225 m<br \/>\n&#8211; 54m<\/td><td class=\"column-4\"><br \/>\n8 km<br \/>\n7,5 km<br \/>\n2,5 km<br \/>\n3 km<br \/>\n4 km<\/td><td class=\"column-5\"><br \/>\n2 h 30<br \/>\n2 h 00<br \/>\n0 h 45<br \/>\n1 h 00<br \/>\n1 h 00<\/td>\n<\/tr>\n<tr class=\"row-5 odd\">\n\t<td class=\"column-1\">Laguiole<br \/>\nPra Selves<br \/>\nSt Urcize<\/td><td class=\"column-2\">1032 m<br \/>\n1304 m<br \/>\n1113 m<\/td><td class=\"column-3\"><br \/>\n+ 272 m<br \/>\n&#8211; 191 m<\/td><td class=\"column-4\"><br \/>\n12 km<br \/>\n6,5 km<\/td><td class=\"column-5\"><br \/>\n4 h 00<br \/>\n2 h 00<\/td>\n<\/tr>\n<tr class=\"row-6 even\">\n\t<td class=\"column-1\">St Urcize<br \/>\nPont de Gournier<br \/>\nBrion<br \/>\nChaldette<br \/>\nBoutans Bas<\/td><td class=\"column-2\">1113 m<br \/>\n1067 m<br \/>\n1140 m<br \/>\n1002 m<br \/>\n950 m<\/td><td class=\"column-3\"><br \/>\n&#8211; 46 m<br \/>\n+ 73 m<br \/>\n&#8211; 138 m<br \/>\n&#8211; 52 m<\/td><td class=\"column-4\"><br \/>\n3,5 km<br \/>\n10 km<br \/>\n4 km<br \/>\n12 km<\/td><td class=\"column-5\"><br \/>\n1 h 15<br \/>\n2 h 30<br \/>\n1 h 00<br \/>\n2 h 45<\/td>\n<\/tr>\n<tr class=\"row-7 odd\">\n\t<td class=\"column-1\">Boutans Bas<br \/>\nSt Ju\u00e9ry<br \/>\nCourbepeyre<br \/>\nFournels<br \/>\n<\/td><td class=\"column-2\">950 m<br \/>\n931 m<br \/>\n996 m<br \/>\n960 m<\/td><td class=\"column-3\"><br \/>\n&#8211; 19 m<br \/>\n+ 65 m<br \/>\n&#8211; 36 m<\/td><td class=\"column-4\"><br \/>\n0,1 km<br \/>\n2 km<br \/>\n3 km<\/td><td class=\"column-5\"><br \/>\n0 h 05<br \/>\n1 h 00<br \/>\n1 h 00<\/td>\n<\/tr>\n<tr class=\"row-8 even\">\n\t<td class=\"column-1\">Fournels<br \/>\nTermes<br \/>\nSt Ch\u00e9ly d&rsquo;Apcher<\/td><td class=\"column-2\">960 m<br \/>\n1140 m<br \/>\n1000 m<\/td><td class=\"column-3\"><br \/>\n+ 180 m<br \/>\n&#8211; 140 m<\/td><td class=\"column-4\"><br \/>\n5 km<br \/>\n10 km<\/td><td class=\"column-5\"><br \/>\n1 h 30<br \/>\n3 h 00<\/td>\n<\/tr>\n<\/tbody>\n<\/table>\n<!-- #tablepress-1 from cache -->","protected":false},"excerpt":{"rendered":"<p>1 &#8211; Aumont Aubrac &#8211; Gibert\u00e8s + 126 m &#8211; 16 m 25 km 6 h 15 2 &#8211; Gibert\u00e8s &#8211; Buron des Rajas + 224 m &#8211; 45 m 19 km 5 h 15 3 &#8211; Buron des Rajas &#8211; St Ch\u00e9ly d&rsquo;Aub. + 47 m &#8211; 585 m 18 km 5 h 15 [&hellip;]<\/p>\n","protected":false},"author":1,"featured_media":0,"parent":0,"menu_order":0,"comment_status":"closed","ping_status":"closed","template":"templates\/full-width-page.php","meta":{"footnotes":""},"class_list":["post-48","page","type-page","status-publish","hentry"],"yoast_head":"<!-- This site is optimized with the Yoast SEO plugin v23.5 - https:\/\/yoast.com\/wordpress\/plugins\/seo\/ -->\n<title>Profil des Etapes - Tour des Monts d&#039;Aubrac<\/title>\n<meta name=\"robots\" content=\"index, follow, max-snippet:-1, max-image-preview:large, max-video-preview:-1\" \/>\n<link rel=\"canonical\" href=\"https:\/\/www.circuitsderando.com\/tourmontsaubrac\/profil-des-etapes\/\" \/>\n<meta property=\"og:locale\" content=\"fr_FR\" \/>\n<meta property=\"og:type\" content=\"article\" \/>\n<meta property=\"og:title\" content=\"Profil des Etapes - Tour des Monts d&#039;Aubrac\" \/>\n<meta property=\"og:description\" content=\"1 &#8211; Aumont Aubrac &#8211; Gibert\u00e8s + 126 m &#8211; 16 m 25 km 6 h 15 2 &#8211; Gibert\u00e8s &#8211; Buron des Rajas + 224 m &#8211; 45 m 19 km 5 h 15 3 &#8211; Buron des Rajas &#8211; St Ch\u00e9ly d&rsquo;Aub. + 47 m &#8211; 585 m 18 km 5 h 15 [&hellip;]\" \/>\n<meta property=\"og:url\" content=\"https:\/\/www.circuitsderando.com\/tourmontsaubrac\/profil-des-etapes\/\" \/>\n<meta property=\"og:site_name\" content=\"Tour des Monts d&#039;Aubrac\" \/>\n<meta property=\"article:modified_time\" content=\"2023-12-26T21:39:02+00:00\" \/>\n<meta name=\"twitter:card\" content=\"summary_large_image\" \/>\n<script type=\"application\/ld+json\" class=\"yoast-schema-graph\">{\"@context\":\"https:\/\/schema.org\",\"@graph\":[{\"@type\":\"WebPage\",\"@id\":\"https:\/\/www.circuitsderando.com\/tourmontsaubrac\/profil-des-etapes\/\",\"url\":\"https:\/\/www.circuitsderando.com\/tourmontsaubrac\/profil-des-etapes\/\",\"name\":\"Profil des Etapes - Tour des Monts d&#039;Aubrac\",\"isPartOf\":{\"@id\":\"https:\/\/www.circuitsderando.com\/tourmontsaubrac\/#website\"},\"datePublished\":\"2023-12-26T09:07:25+00:00\",\"dateModified\":\"2023-12-26T21:39:02+00:00\",\"breadcrumb\":{\"@id\":\"https:\/\/www.circuitsderando.com\/tourmontsaubrac\/profil-des-etapes\/#breadcrumb\"},\"inLanguage\":\"fr-FR\",\"potentialAction\":[{\"@type\":\"ReadAction\",\"target\":[\"https:\/\/www.circuitsderando.com\/tourmontsaubrac\/profil-des-etapes\/\"]}]},{\"@type\":\"BreadcrumbList\",\"@id\":\"https:\/\/www.circuitsderando.com\/tourmontsaubrac\/profil-des-etapes\/#breadcrumb\",\"itemListElement\":[{\"@type\":\"ListItem\",\"position\":1,\"name\":\"Tour des Monts d'Aubrac\",\"item\":\"https:\/\/www.circuitsderando.com\/tourmontsaubrac\/\"},{\"@type\":\"ListItem\",\"position\":2,\"name\":\"Profil des Etapes\"}]},{\"@type\":\"WebSite\",\"@id\":\"https:\/\/www.circuitsderando.com\/tourmontsaubrac\/#website\",\"url\":\"https:\/\/www.circuitsderando.com\/tourmontsaubrac\/\",\"name\":\"Tour des Monts d&#039;Aubrac\",\"description\":\"Aumont - Rajas - St Ch\u00e9ly - Laguiole - St Urcize - Fournels - St Ch\u00e9ly\",\"potentialAction\":[{\"@type\":\"SearchAction\",\"target\":{\"@type\":\"EntryPoint\",\"urlTemplate\":\"https:\/\/www.circuitsderando.com\/tourmontsaubrac\/?s={search_term_string}\"},\"query-input\":{\"@type\":\"PropertyValueSpecification\",\"valueRequired\":true,\"valueName\":\"search_term_string\"}}],\"inLanguage\":\"fr-FR\"}]}<\/script>\n<!-- \/ Yoast SEO plugin. -->","yoast_head_json":{"title":"Profil des Etapes - Tour des Monts d&#039;Aubrac","robots":{"index":"index","follow":"follow","max-snippet":"max-snippet:-1","max-image-preview":"max-image-preview:large","max-video-preview":"max-video-preview:-1"},"canonical":"https:\/\/www.circuitsderando.com\/tourmontsaubrac\/profil-des-etapes\/","og_locale":"fr_FR","og_type":"article","og_title":"Profil des Etapes - Tour des Monts d&#039;Aubrac","og_description":"1 &#8211; Aumont Aubrac &#8211; Gibert\u00e8s + 126 m &#8211; 16 m 25 km 6 h 15 2 &#8211; Gibert\u00e8s &#8211; Buron des Rajas + 224 m &#8211; 45 m 19 km 5 h 15 3 &#8211; Buron des Rajas &#8211; St Ch\u00e9ly d&rsquo;Aub. + 47 m &#8211; 585 m 18 km 5 h 15 [&hellip;]","og_url":"https:\/\/www.circuitsderando.com\/tourmontsaubrac\/profil-des-etapes\/","og_site_name":"Tour des Monts d&#039;Aubrac","article_modified_time":"2023-12-26T21:39:02+00:00","twitter_card":"summary_large_image","schema":{"@context":"https:\/\/schema.org","@graph":[{"@type":"WebPage","@id":"https:\/\/www.circuitsderando.com\/tourmontsaubrac\/profil-des-etapes\/","url":"https:\/\/www.circuitsderando.com\/tourmontsaubrac\/profil-des-etapes\/","name":"Profil des Etapes - Tour des Monts d&#039;Aubrac","isPartOf":{"@id":"https:\/\/www.circuitsderando.com\/tourmontsaubrac\/#website"},"datePublished":"2023-12-26T09:07:25+00:00","dateModified":"2023-12-26T21:39:02+00:00","breadcrumb":{"@id":"https:\/\/www.circuitsderando.com\/tourmontsaubrac\/profil-des-etapes\/#breadcrumb"},"inLanguage":"fr-FR","potentialAction":[{"@type":"ReadAction","target":["https:\/\/www.circuitsderando.com\/tourmontsaubrac\/profil-des-etapes\/"]}]},{"@type":"BreadcrumbList","@id":"https:\/\/www.circuitsderando.com\/tourmontsaubrac\/profil-des-etapes\/#breadcrumb","itemListElement":[{"@type":"ListItem","position":1,"name":"Tour des Monts d'Aubrac","item":"https:\/\/www.circuitsderando.com\/tourmontsaubrac\/"},{"@type":"ListItem","position":2,"name":"Profil des Etapes"}]},{"@type":"WebSite","@id":"https:\/\/www.circuitsderando.com\/tourmontsaubrac\/#website","url":"https:\/\/www.circuitsderando.com\/tourmontsaubrac\/","name":"Tour des Monts d&#039;Aubrac","description":"Aumont - Rajas - St Ch\u00e9ly - Laguiole - St Urcize - Fournels - St Ch\u00e9ly","potentialAction":[{"@type":"SearchAction","target":{"@type":"EntryPoint","urlTemplate":"https:\/\/www.circuitsderando.com\/tourmontsaubrac\/?s={search_term_string}"},"query-input":{"@type":"PropertyValueSpecification","valueRequired":true,"valueName":"search_term_string"}}],"inLanguage":"fr-FR"}]}},"_links":{"self":[{"href":"https:\/\/www.circuitsderando.com\/tourmontsaubrac\/wp-json\/wp\/v2\/pages\/48","targetHints":{"allow":["GET"]}}],"collection":[{"href":"https:\/\/www.circuitsderando.com\/tourmontsaubrac\/wp-json\/wp\/v2\/pages"}],"about":[{"href":"https:\/\/www.circuitsderando.com\/tourmontsaubrac\/wp-json\/wp\/v2\/types\/page"}],"author":[{"embeddable":true,"href":"https:\/\/www.circuitsderando.com\/tourmontsaubrac\/wp-json\/wp\/v2\/users\/1"}],"replies":[{"embeddable":true,"href":"https:\/\/www.circuitsderando.com\/tourmontsaubrac\/wp-json\/wp\/v2\/comments?post=48"}],"version-history":[{"count":18,"href":"https:\/\/www.circuitsderando.com\/tourmontsaubrac\/wp-json\/wp\/v2\/pages\/48\/revisions"}],"predecessor-version":[{"id":301,"href":"https:\/\/www.circuitsderando.com\/tourmontsaubrac\/wp-json\/wp\/v2\/pages\/48\/revisions\/301"}],"wp:attachment":[{"href":"https:\/\/www.circuitsderando.com\/tourmontsaubrac\/wp-json\/wp\/v2\/media?parent=48"}],"curies":[{"name":"wp","href":"https:\/\/api.w.org\/{rel}","templated":true}]}}