{"id":17,"date":"2023-12-25T11:42:37","date_gmt":"2023-12-25T10:42:37","guid":{"rendered":"https:\/\/www.circuitsderando.com\/tourmontsaubrac\/?page_id=17"},"modified":"2023-12-26T21:24:09","modified_gmt":"2023-12-26T20:24:09","slug":"etape-6-st-urcize-boutans-bas","status":"publish","type":"page","link":"https:\/\/www.circuitsderando.com\/tourmontsaubrac\/etape-6-st-urcize-boutans-bas\/","title":{"rendered":"Etape 6 : St Urcize &#8211; Boutans Bas"},"content":{"rendered":"\n<p>Belle \u00e9tape pr\u00e8s de la vall\u00e9e du B\u00e8s en passant par la station thermale de la Chaldette<br><strong>Temps : 6h00<\/strong><\/p>\n\n\n\n<div class=\"wp-block-columns is-layout-flex wp-container-core-columns-is-layout-9d6595d7 wp-block-columns-is-layout-flex\">\n<div class=\"wp-block-column is-layout-flow wp-block-column-is-layout-flow\">\n<figure class=\"wp-block-image size-full\"><a href=\"https:\/\/www.circuitsderando.com\/tourmontsaubrac\/wp-content\/uploads\/2023\/12\/recoules.jpg\" target=\"_blank\" rel=\"noreferrer noopener\"><img loading=\"lazy\" decoding=\"async\" width=\"960\" height=\"720\" src=\"https:\/\/www.circuitsderando.com\/tourmontsaubrac\/wp-content\/uploads\/2023\/12\/recoules.jpg\" alt=\"\" class=\"wp-image-232\" srcset=\"https:\/\/www.circuitsderando.com\/tourmontsaubrac\/wp-content\/uploads\/2023\/12\/recoules.jpg 960w, https:\/\/www.circuitsderando.com\/tourmontsaubrac\/wp-content\/uploads\/2023\/12\/recoules-300x225.jpg 300w, https:\/\/www.circuitsderando.com\/tourmontsaubrac\/wp-content\/uploads\/2023\/12\/recoules-768x576.jpg 768w, https:\/\/www.circuitsderando.com\/tourmontsaubrac\/wp-content\/uploads\/2023\/12\/recoules-690x518.jpg 690w\" sizes=\"auto, (max-width: 960px) 100vw, 960px\" \/><\/a><figcaption class=\"wp-element-caption\">Recoules d\u2019Aubrac (1105m)<\/figcaption><\/figure>\n<\/div>\n\n\n\n<div class=\"wp-block-column is-layout-flow wp-block-column-is-layout-flow\">\n<figure class=\"wp-block-image size-full\"><img loading=\"lazy\" decoding=\"async\" width=\"960\" height=\"720\" src=\"https:\/\/www.circuitsderando.com\/tourmontsaubrac\/wp-content\/uploads\/2023\/12\/vuerecoules.jpg\" alt=\"\" class=\"wp-image-233\" srcset=\"https:\/\/www.circuitsderando.com\/tourmontsaubrac\/wp-content\/uploads\/2023\/12\/vuerecoules.jpg 960w, https:\/\/www.circuitsderando.com\/tourmontsaubrac\/wp-content\/uploads\/2023\/12\/vuerecoules-300x225.jpg 300w, https:\/\/www.circuitsderando.com\/tourmontsaubrac\/wp-content\/uploads\/2023\/12\/vuerecoules-768x576.jpg 768w, https:\/\/www.circuitsderando.com\/tourmontsaubrac\/wp-content\/uploads\/2023\/12\/vuerecoules-690x518.jpg 690w\" sizes=\"auto, (max-width: 960px) 100vw, 960px\" \/><figcaption class=\"wp-element-caption\">Vue sur Recoules (1105m)<\/figcaption><\/figure>\n<\/div>\n\n\n\n<div class=\"wp-block-column is-layout-flow wp-block-column-is-layout-flow\">\n<figure class=\"wp-block-image size-full\"><img loading=\"lazy\" decoding=\"async\" width=\"960\" height=\"720\" src=\"https:\/\/www.circuitsderando.com\/tourmontsaubrac\/wp-content\/uploads\/2023\/12\/recoulettes.jpg\" alt=\"\" class=\"wp-image-234\" srcset=\"https:\/\/www.circuitsderando.com\/tourmontsaubrac\/wp-content\/uploads\/2023\/12\/recoulettes.jpg 960w, https:\/\/www.circuitsderando.com\/tourmontsaubrac\/wp-content\/uploads\/2023\/12\/recoulettes-300x225.jpg 300w, https:\/\/www.circuitsderando.com\/tourmontsaubrac\/wp-content\/uploads\/2023\/12\/recoulettes-768x576.jpg 768w, https:\/\/www.circuitsderando.com\/tourmontsaubrac\/wp-content\/uploads\/2023\/12\/recoulettes-690x518.jpg 690w\" sizes=\"auto, (max-width: 960px) 100vw, 960px\" \/><figcaption class=\"wp-element-caption\">Recoulettes (1095m)<\/figcaption><\/figure>\n<\/div>\n<\/div>\n\n\n\n<div style=\"height:29px\" aria-hidden=\"true\" class=\"wp-block-spacer\"><\/div>\n\n\n\n<div class=\"wp-block-columns is-layout-flex wp-container-core-columns-is-layout-9d6595d7 wp-block-columns-is-layout-flex\">\n<div class=\"wp-block-column is-layout-flow wp-block-column-is-layout-flow\">\n<figure class=\"wp-block-image size-full\"><img loading=\"lazy\" decoding=\"async\" width=\"960\" height=\"720\" src=\"https:\/\/www.circuitsderando.com\/tourmontsaubrac\/wp-content\/uploads\/2023\/12\/pontgournier.jpg\" alt=\"\" class=\"wp-image-231\" srcset=\"https:\/\/www.circuitsderando.com\/tourmontsaubrac\/wp-content\/uploads\/2023\/12\/pontgournier.jpg 960w, https:\/\/www.circuitsderando.com\/tourmontsaubrac\/wp-content\/uploads\/2023\/12\/pontgournier-300x225.jpg 300w, https:\/\/www.circuitsderando.com\/tourmontsaubrac\/wp-content\/uploads\/2023\/12\/pontgournier-768x576.jpg 768w, https:\/\/www.circuitsderando.com\/tourmontsaubrac\/wp-content\/uploads\/2023\/12\/pontgournier-690x518.jpg 690w\" sizes=\"auto, (max-width: 960px) 100vw, 960px\" \/><figcaption class=\"wp-element-caption\">Pont de Gournier (1066m)<\/figcaption><\/figure>\n<\/div>\n\n\n\n<div class=\"wp-block-column is-layout-flow wp-block-column-is-layout-flow\">\n<figure class=\"wp-block-image size-full\"><img loading=\"lazy\" decoding=\"async\" width=\"960\" height=\"720\" src=\"https:\/\/www.circuitsderando.com\/tourmontsaubrac\/wp-content\/uploads\/2023\/12\/escudieres.jpg\" alt=\"\" class=\"wp-image-236\" srcset=\"https:\/\/www.circuitsderando.com\/tourmontsaubrac\/wp-content\/uploads\/2023\/12\/escudieres.jpg 960w, https:\/\/www.circuitsderando.com\/tourmontsaubrac\/wp-content\/uploads\/2023\/12\/escudieres-300x225.jpg 300w, https:\/\/www.circuitsderando.com\/tourmontsaubrac\/wp-content\/uploads\/2023\/12\/escudieres-768x576.jpg 768w, https:\/\/www.circuitsderando.com\/tourmontsaubrac\/wp-content\/uploads\/2023\/12\/escudieres-690x518.jpg 690w\" sizes=\"auto, (max-width: 960px) 100vw, 960px\" \/><figcaption class=\"wp-element-caption\">Escudi\u00e8res (1165m)<\/figcaption><\/figure>\n<\/div>\n\n\n\n<div class=\"wp-block-column is-layout-flow wp-block-column-is-layout-flow\">\n<figure class=\"wp-block-image size-full\"><img loading=\"lazy\" decoding=\"async\" width=\"960\" height=\"720\" src=\"https:\/\/www.circuitsderando.com\/tourmontsaubrac\/wp-content\/uploads\/2023\/12\/departescudieres.jpg\" alt=\"\" class=\"wp-image-237\" srcset=\"https:\/\/www.circuitsderando.com\/tourmontsaubrac\/wp-content\/uploads\/2023\/12\/departescudieres.jpg 960w, https:\/\/www.circuitsderando.com\/tourmontsaubrac\/wp-content\/uploads\/2023\/12\/departescudieres-300x225.jpg 300w, https:\/\/www.circuitsderando.com\/tourmontsaubrac\/wp-content\/uploads\/2023\/12\/departescudieres-768x576.jpg 768w, https:\/\/www.circuitsderando.com\/tourmontsaubrac\/wp-content\/uploads\/2023\/12\/departescudieres-690x518.jpg 690w\" sizes=\"auto, (max-width: 960px) 100vw, 960px\" \/><figcaption class=\"wp-element-caption\">D\u00e9part d\u2019Escudi\u00e8res (1175m)<\/figcaption><\/figure>\n<\/div>\n<\/div>\n\n\n\n<div style=\"height:30px\" aria-hidden=\"true\" class=\"wp-block-spacer\"><\/div>\n\n\n\n<div class=\"wp-block-columns is-layout-flex wp-container-core-columns-is-layout-9d6595d7 wp-block-columns-is-layout-flex\">\n<div class=\"wp-block-column is-layout-flow wp-block-column-is-layout-flow\">\n<figure class=\"wp-block-image size-full\"><img loading=\"lazy\" decoding=\"async\" width=\"960\" height=\"720\" src=\"https:\/\/www.circuitsderando.com\/tourmontsaubrac\/wp-content\/uploads\/2023\/12\/brugere.jpg\" alt=\"\" class=\"wp-image-241\" srcset=\"https:\/\/www.circuitsderando.com\/tourmontsaubrac\/wp-content\/uploads\/2023\/12\/brugere.jpg 960w, https:\/\/www.circuitsderando.com\/tourmontsaubrac\/wp-content\/uploads\/2023\/12\/brugere-300x225.jpg 300w, https:\/\/www.circuitsderando.com\/tourmontsaubrac\/wp-content\/uploads\/2023\/12\/brugere-768x576.jpg 768w, https:\/\/www.circuitsderando.com\/tourmontsaubrac\/wp-content\/uploads\/2023\/12\/brugere-690x518.jpg 690w\" sizes=\"auto, (max-width: 960px) 100vw, 960px\" \/><figcaption class=\"wp-element-caption\">La Brug\u00e8re (1151m)<\/figcaption><\/figure>\n<\/div>\n\n\n\n<div class=\"wp-block-column is-layout-flow wp-block-column-is-layout-flow\">\n<figure class=\"wp-block-image size-full\"><img loading=\"lazy\" decoding=\"async\" width=\"960\" height=\"720\" src=\"https:\/\/www.circuitsderando.com\/tourmontsaubrac\/wp-content\/uploads\/2023\/12\/brion.jpg\" alt=\"\" class=\"wp-image-242\" srcset=\"https:\/\/www.circuitsderando.com\/tourmontsaubrac\/wp-content\/uploads\/2023\/12\/brion.jpg 960w, https:\/\/www.circuitsderando.com\/tourmontsaubrac\/wp-content\/uploads\/2023\/12\/brion-300x225.jpg 300w, https:\/\/www.circuitsderando.com\/tourmontsaubrac\/wp-content\/uploads\/2023\/12\/brion-768x576.jpg 768w, https:\/\/www.circuitsderando.com\/tourmontsaubrac\/wp-content\/uploads\/2023\/12\/brion-690x518.jpg 690w\" sizes=\"auto, (max-width: 960px) 100vw, 960px\" \/><figcaption class=\"wp-element-caption\">Brion (1124m)<\/figcaption><\/figure>\n<\/div>\n\n\n\n<div class=\"wp-block-column is-layout-flow wp-block-column-is-layout-flow\">\n<figure class=\"wp-block-image size-full\"><img loading=\"lazy\" decoding=\"async\" width=\"854\" height=\"640\" src=\"https:\/\/www.circuitsderando.com\/tourmontsaubrac\/wp-content\/uploads\/2023\/12\/brion2.jpg\" alt=\"\" class=\"wp-image-243\" srcset=\"https:\/\/www.circuitsderando.com\/tourmontsaubrac\/wp-content\/uploads\/2023\/12\/brion2.jpg 854w, https:\/\/www.circuitsderando.com\/tourmontsaubrac\/wp-content\/uploads\/2023\/12\/brion2-300x225.jpg 300w, https:\/\/www.circuitsderando.com\/tourmontsaubrac\/wp-content\/uploads\/2023\/12\/brion2-768x576.jpg 768w, https:\/\/www.circuitsderando.com\/tourmontsaubrac\/wp-content\/uploads\/2023\/12\/brion2-690x517.jpg 690w\" sizes=\"auto, (max-width: 854px) 100vw, 854px\" \/><figcaption class=\"wp-element-caption\">Brion (1124m)<\/figcaption><\/figure>\n<\/div>\n<\/div>\n\n\n\n<div style=\"height:30px\" aria-hidden=\"true\" class=\"wp-block-spacer\"><\/div>\n\n\n\n<div class=\"wp-block-columns is-layout-flex wp-container-core-columns-is-layout-9d6595d7 wp-block-columns-is-layout-flex\">\n<div class=\"wp-block-column is-layout-flow wp-block-column-is-layout-flow\">\n<figure class=\"wp-block-image size-full\"><img loading=\"lazy\" decoding=\"async\" width=\"960\" height=\"720\" src=\"https:\/\/www.circuitsderando.com\/tourmontsaubrac\/wp-content\/uploads\/2023\/12\/blanchere.jpg\" alt=\"\" class=\"wp-image-245\" srcset=\"https:\/\/www.circuitsderando.com\/tourmontsaubrac\/wp-content\/uploads\/2023\/12\/blanchere.jpg 960w, https:\/\/www.circuitsderando.com\/tourmontsaubrac\/wp-content\/uploads\/2023\/12\/blanchere-300x225.jpg 300w, https:\/\/www.circuitsderando.com\/tourmontsaubrac\/wp-content\/uploads\/2023\/12\/blanchere-768x576.jpg 768w, https:\/\/www.circuitsderando.com\/tourmontsaubrac\/wp-content\/uploads\/2023\/12\/blanchere-690x518.jpg 690w\" sizes=\"auto, (max-width: 960px) 100vw, 960px\" \/><figcaption class=\"wp-element-caption\">La Blanch\u00e8re (1165m)<\/figcaption><\/figure>\n<\/div>\n\n\n\n<div class=\"wp-block-column is-layout-flow wp-block-column-is-layout-flow\">\n<figure class=\"wp-block-image size-full\"><img loading=\"lazy\" decoding=\"async\" width=\"960\" height=\"720\" src=\"https:\/\/www.circuitsderando.com\/tourmontsaubrac\/wp-content\/uploads\/2023\/12\/valentine.jpg\" alt=\"\" class=\"wp-image-246\" srcset=\"https:\/\/www.circuitsderando.com\/tourmontsaubrac\/wp-content\/uploads\/2023\/12\/valentine.jpg 960w, https:\/\/www.circuitsderando.com\/tourmontsaubrac\/wp-content\/uploads\/2023\/12\/valentine-300x225.jpg 300w, https:\/\/www.circuitsderando.com\/tourmontsaubrac\/wp-content\/uploads\/2023\/12\/valentine-768x576.jpg 768w, https:\/\/www.circuitsderando.com\/tourmontsaubrac\/wp-content\/uploads\/2023\/12\/valentine-690x518.jpg 690w\" sizes=\"auto, (max-width: 960px) 100vw, 960px\" \/><figcaption class=\"wp-element-caption\">La Valentine (1061m)<\/figcaption><\/figure>\n<\/div>\n\n\n\n<div class=\"wp-block-column is-layout-flow wp-block-column-is-layout-flow\">\n<figure class=\"wp-block-image size-full\"><img loading=\"lazy\" decoding=\"async\" width=\"960\" height=\"720\" src=\"https:\/\/www.circuitsderando.com\/tourmontsaubrac\/wp-content\/uploads\/2023\/12\/chaldette.jpg\" alt=\"\" class=\"wp-image-247\" srcset=\"https:\/\/www.circuitsderando.com\/tourmontsaubrac\/wp-content\/uploads\/2023\/12\/chaldette.jpg 960w, https:\/\/www.circuitsderando.com\/tourmontsaubrac\/wp-content\/uploads\/2023\/12\/chaldette-300x225.jpg 300w, https:\/\/www.circuitsderando.com\/tourmontsaubrac\/wp-content\/uploads\/2023\/12\/chaldette-768x576.jpg 768w, https:\/\/www.circuitsderando.com\/tourmontsaubrac\/wp-content\/uploads\/2023\/12\/chaldette-690x518.jpg 690w\" sizes=\"auto, (max-width: 960px) 100vw, 960px\" \/><figcaption class=\"wp-element-caption\">La Chaldette (1161m)<\/figcaption><\/figure>\n<\/div>\n<\/div>\n\n\n\n<p class=\"has-text-align-right\"><a href=\"https:\/\/www.circuitsderando.com\/tourmontsaubrac\/etape-7-boutans-bas-fournels\/\" data-type=\"page\" data-id=\"19\">Etape 7 : Boutans Bas &#8211; Fournels &gt;&gt;&gt;<\/a><\/p>\n","protected":false},"excerpt":{"rendered":"<p>Belle \u00e9tape pr\u00e8s de la vall\u00e9e du B\u00e8s en passant par la station thermale de la ChaldetteTemps : 6h00 Etape 7 : Boutans Bas &#8211; Fournels &gt;&gt;&gt;<\/p>\n","protected":false},"author":1,"featured_media":0,"parent":0,"menu_order":0,"comment_status":"closed","ping_status":"closed","template":"templates\/full-width-page.php","meta":{"footnotes":""},"class_list":["post-17","page","type-page","status-publish","hentry"],"yoast_head":"<!-- This site is optimized with the Yoast SEO plugin v23.5 - https:\/\/yoast.com\/wordpress\/plugins\/seo\/ -->\n<title>Etape 6 : St Urcize - Boutans Bas - Tour des Monts d&#039;Aubrac<\/title>\n<meta name=\"robots\" content=\"index, follow, max-snippet:-1, max-image-preview:large, max-video-preview:-1\" \/>\n<link rel=\"canonical\" href=\"https:\/\/www.circuitsderando.com\/tourmontsaubrac\/etape-6-st-urcize-boutans-bas\/\" \/>\n<meta property=\"og:locale\" content=\"fr_FR\" \/>\n<meta property=\"og:type\" content=\"article\" \/>\n<meta property=\"og:title\" content=\"Etape 6 : St Urcize - Boutans Bas - Tour des Monts d&#039;Aubrac\" \/>\n<meta property=\"og:description\" content=\"Belle \u00e9tape pr\u00e8s de la vall\u00e9e du B\u00e8s en passant par la station thermale de la ChaldetteTemps : 6h00 Etape 7 : Boutans Bas &#8211; Fournels &gt;&gt;&gt;\" \/>\n<meta property=\"og:url\" content=\"https:\/\/www.circuitsderando.com\/tourmontsaubrac\/etape-6-st-urcize-boutans-bas\/\" \/>\n<meta property=\"og:site_name\" content=\"Tour des Monts d&#039;Aubrac\" \/>\n<meta property=\"article:modified_time\" content=\"2023-12-26T20:24:09+00:00\" \/>\n<meta property=\"og:image\" content=\"https:\/\/www.circuitsderando.com\/tourmontsaubrac\/wp-content\/uploads\/2023\/12\/recoules.jpg\" \/>\n<meta name=\"twitter:card\" content=\"summary_large_image\" \/>\n<script type=\"application\/ld+json\" class=\"yoast-schema-graph\">{\"@context\":\"https:\/\/schema.org\",\"@graph\":[{\"@type\":\"WebPage\",\"@id\":\"https:\/\/www.circuitsderando.com\/tourmontsaubrac\/etape-6-st-urcize-boutans-bas\/\",\"url\":\"https:\/\/www.circuitsderando.com\/tourmontsaubrac\/etape-6-st-urcize-boutans-bas\/\",\"name\":\"Etape 6 : St Urcize - Boutans Bas - Tour des Monts d&#039;Aubrac\",\"isPartOf\":{\"@id\":\"https:\/\/www.circuitsderando.com\/tourmontsaubrac\/#website\"},\"primaryImageOfPage\":{\"@id\":\"https:\/\/www.circuitsderando.com\/tourmontsaubrac\/etape-6-st-urcize-boutans-bas\/#primaryimage\"},\"image\":{\"@id\":\"https:\/\/www.circuitsderando.com\/tourmontsaubrac\/etape-6-st-urcize-boutans-bas\/#primaryimage\"},\"thumbnailUrl\":\"https:\/\/www.circuitsderando.com\/tourmontsaubrac\/wp-content\/uploads\/2023\/12\/recoules.jpg\",\"datePublished\":\"2023-12-25T10:42:37+00:00\",\"dateModified\":\"2023-12-26T20:24:09+00:00\",\"breadcrumb\":{\"@id\":\"https:\/\/www.circuitsderando.com\/tourmontsaubrac\/etape-6-st-urcize-boutans-bas\/#breadcrumb\"},\"inLanguage\":\"fr-FR\",\"potentialAction\":[{\"@type\":\"ReadAction\",\"target\":[\"https:\/\/www.circuitsderando.com\/tourmontsaubrac\/etape-6-st-urcize-boutans-bas\/\"]}]},{\"@type\":\"ImageObject\",\"inLanguage\":\"fr-FR\",\"@id\":\"https:\/\/www.circuitsderando.com\/tourmontsaubrac\/etape-6-st-urcize-boutans-bas\/#primaryimage\",\"url\":\"https:\/\/www.circuitsderando.com\/tourmontsaubrac\/wp-content\/uploads\/2023\/12\/recoules.jpg\",\"contentUrl\":\"https:\/\/www.circuitsderando.com\/tourmontsaubrac\/wp-content\/uploads\/2023\/12\/recoules.jpg\"},{\"@type\":\"BreadcrumbList\",\"@id\":\"https:\/\/www.circuitsderando.com\/tourmontsaubrac\/etape-6-st-urcize-boutans-bas\/#breadcrumb\",\"itemListElement\":[{\"@type\":\"ListItem\",\"position\":1,\"name\":\"Tour des Monts d'Aubrac\",\"item\":\"https:\/\/www.circuitsderando.com\/tourmontsaubrac\/\"},{\"@type\":\"ListItem\",\"position\":2,\"name\":\"Etape 6 : St Urcize &#8211; Boutans Bas\"}]},{\"@type\":\"WebSite\",\"@id\":\"https:\/\/www.circuitsderando.com\/tourmontsaubrac\/#website\",\"url\":\"https:\/\/www.circuitsderando.com\/tourmontsaubrac\/\",\"name\":\"Tour des Monts d&#039;Aubrac\",\"description\":\"Aumont - Rajas - St Ch\u00e9ly - Laguiole - St Urcize - Fournels - St Ch\u00e9ly\",\"potentialAction\":[{\"@type\":\"SearchAction\",\"target\":{\"@type\":\"EntryPoint\",\"urlTemplate\":\"https:\/\/www.circuitsderando.com\/tourmontsaubrac\/?s={search_term_string}\"},\"query-input\":{\"@type\":\"PropertyValueSpecification\",\"valueRequired\":true,\"valueName\":\"search_term_string\"}}],\"inLanguage\":\"fr-FR\"}]}<\/script>\n<!-- \/ Yoast SEO plugin. -->","yoast_head_json":{"title":"Etape 6 : St Urcize - Boutans Bas - Tour des Monts d&#039;Aubrac","robots":{"index":"index","follow":"follow","max-snippet":"max-snippet:-1","max-image-preview":"max-image-preview:large","max-video-preview":"max-video-preview:-1"},"canonical":"https:\/\/www.circuitsderando.com\/tourmontsaubrac\/etape-6-st-urcize-boutans-bas\/","og_locale":"fr_FR","og_type":"article","og_title":"Etape 6 : St Urcize - Boutans Bas - Tour des Monts d&#039;Aubrac","og_description":"Belle \u00e9tape pr\u00e8s de la vall\u00e9e du B\u00e8s en passant par la station thermale de la ChaldetteTemps : 6h00 Etape 7 : Boutans Bas &#8211; Fournels &gt;&gt;&gt;","og_url":"https:\/\/www.circuitsderando.com\/tourmontsaubrac\/etape-6-st-urcize-boutans-bas\/","og_site_name":"Tour des Monts d&#039;Aubrac","article_modified_time":"2023-12-26T20:24:09+00:00","og_image":[{"url":"https:\/\/www.circuitsderando.com\/tourmontsaubrac\/wp-content\/uploads\/2023\/12\/recoules.jpg"}],"twitter_card":"summary_large_image","schema":{"@context":"https:\/\/schema.org","@graph":[{"@type":"WebPage","@id":"https:\/\/www.circuitsderando.com\/tourmontsaubrac\/etape-6-st-urcize-boutans-bas\/","url":"https:\/\/www.circuitsderando.com\/tourmontsaubrac\/etape-6-st-urcize-boutans-bas\/","name":"Etape 6 : St Urcize - Boutans Bas - Tour des Monts d&#039;Aubrac","isPartOf":{"@id":"https:\/\/www.circuitsderando.com\/tourmontsaubrac\/#website"},"primaryImageOfPage":{"@id":"https:\/\/www.circuitsderando.com\/tourmontsaubrac\/etape-6-st-urcize-boutans-bas\/#primaryimage"},"image":{"@id":"https:\/\/www.circuitsderando.com\/tourmontsaubrac\/etape-6-st-urcize-boutans-bas\/#primaryimage"},"thumbnailUrl":"https:\/\/www.circuitsderando.com\/tourmontsaubrac\/wp-content\/uploads\/2023\/12\/recoules.jpg","datePublished":"2023-12-25T10:42:37+00:00","dateModified":"2023-12-26T20:24:09+00:00","breadcrumb":{"@id":"https:\/\/www.circuitsderando.com\/tourmontsaubrac\/etape-6-st-urcize-boutans-bas\/#breadcrumb"},"inLanguage":"fr-FR","potentialAction":[{"@type":"ReadAction","target":["https:\/\/www.circuitsderando.com\/tourmontsaubrac\/etape-6-st-urcize-boutans-bas\/"]}]},{"@type":"ImageObject","inLanguage":"fr-FR","@id":"https:\/\/www.circuitsderando.com\/tourmontsaubrac\/etape-6-st-urcize-boutans-bas\/#primaryimage","url":"https:\/\/www.circuitsderando.com\/tourmontsaubrac\/wp-content\/uploads\/2023\/12\/recoules.jpg","contentUrl":"https:\/\/www.circuitsderando.com\/tourmontsaubrac\/wp-content\/uploads\/2023\/12\/recoules.jpg"},{"@type":"BreadcrumbList","@id":"https:\/\/www.circuitsderando.com\/tourmontsaubrac\/etape-6-st-urcize-boutans-bas\/#breadcrumb","itemListElement":[{"@type":"ListItem","position":1,"name":"Tour des Monts d'Aubrac","item":"https:\/\/www.circuitsderando.com\/tourmontsaubrac\/"},{"@type":"ListItem","position":2,"name":"Etape 6 : St Urcize &#8211; Boutans Bas"}]},{"@type":"WebSite","@id":"https:\/\/www.circuitsderando.com\/tourmontsaubrac\/#website","url":"https:\/\/www.circuitsderando.com\/tourmontsaubrac\/","name":"Tour des Monts d&#039;Aubrac","description":"Aumont - Rajas - St Ch\u00e9ly - Laguiole - St Urcize - Fournels - St Ch\u00e9ly","potentialAction":[{"@type":"SearchAction","target":{"@type":"EntryPoint","urlTemplate":"https:\/\/www.circuitsderando.com\/tourmontsaubrac\/?s={search_term_string}"},"query-input":{"@type":"PropertyValueSpecification","valueRequired":true,"valueName":"search_term_string"}}],"inLanguage":"fr-FR"}]}},"_links":{"self":[{"href":"https:\/\/www.circuitsderando.com\/tourmontsaubrac\/wp-json\/wp\/v2\/pages\/17","targetHints":{"allow":["GET"]}}],"collection":[{"href":"https:\/\/www.circuitsderando.com\/tourmontsaubrac\/wp-json\/wp\/v2\/pages"}],"about":[{"href":"https:\/\/www.circuitsderando.com\/tourmontsaubrac\/wp-json\/wp\/v2\/types\/page"}],"author":[{"embeddable":true,"href":"https:\/\/www.circuitsderando.com\/tourmontsaubrac\/wp-json\/wp\/v2\/users\/1"}],"replies":[{"embeddable":true,"href":"https:\/\/www.circuitsderando.com\/tourmontsaubrac\/wp-json\/wp\/v2\/comments?post=17"}],"version-history":[{"count":14,"href":"https:\/\/www.circuitsderando.com\/tourmontsaubrac\/wp-json\/wp\/v2\/pages\/17\/revisions"}],"predecessor-version":[{"id":249,"href":"https:\/\/www.circuitsderando.com\/tourmontsaubrac\/wp-json\/wp\/v2\/pages\/17\/revisions\/249"}],"wp:attachment":[{"href":"https:\/\/www.circuitsderando.com\/tourmontsaubrac\/wp-json\/wp\/v2\/media?parent=17"}],"curies":[{"name":"wp","href":"https:\/\/api.w.org\/{rel}","templated":true}]}}