{"id":38,"date":"2020-11-04T13:58:39","date_gmt":"2020-11-04T12:58:39","guid":{"rendered":"https:\/\/www.circuitsderando.com\/pyrenees\/tour-pic-ossau\/?page_id=38"},"modified":"2022-11-17T08:40:19","modified_gmt":"2022-11-17T07:40:19","slug":"bious-artigues-etsaut","status":"publish","type":"page","link":"https:\/\/www.circuitsderando.com\/pyrenees\/tour-pic-ossau\/bious-artigues-etsaut\/","title":{"rendered":"Bious Artigues &#8211; Etsaut"},"content":{"rendered":"\n<div class=\"wp-block-columns is-layout-flex wp-container-core-columns-is-layout-1 wp-block-columns-is-layout-flex\">\n<div class=\"wp-block-column is-layout-flow wp-block-column-is-layout-flow\">\n<figure class=\"wp-block-image size-large\"><a href=\"https:\/\/www.circuitsderando.com\/pyrenees\/tour-pic-ossau\/wp-content\/uploads\/2020\/11\/houratatere.jpg\" target=\"_blank\" rel=\"noreferrer noopener\"><img loading=\"lazy\" decoding=\"async\" width=\"960\" height=\"720\" src=\"https:\/\/www.circuitsderando.com\/pyrenees\/tour-pic-ossau\/wp-content\/uploads\/2020\/11\/houratatere.jpg\" alt=\"\" class=\"wp-image-137\" srcset=\"https:\/\/www.circuitsderando.com\/pyrenees\/tour-pic-ossau\/wp-content\/uploads\/2020\/11\/houratatere.jpg 960w, https:\/\/www.circuitsderando.com\/pyrenees\/tour-pic-ossau\/wp-content\/uploads\/2020\/11\/houratatere-300x225.jpg 300w, https:\/\/www.circuitsderando.com\/pyrenees\/tour-pic-ossau\/wp-content\/uploads\/2020\/11\/houratatere-768x576.jpg 768w, https:\/\/www.circuitsderando.com\/pyrenees\/tour-pic-ossau\/wp-content\/uploads\/2020\/11\/houratatere-690x518.jpg 690w\" sizes=\"(max-width: 960px) 100vw, 960px\" \/><\/a><figcaption class=\"wp-element-caption\"><strong>HOURATATERE (2015 M)<\/strong><br><br>Suite de pics surplombant Gabas et la vall\u00e9e du Gave de Bious<\/figcaption><\/figure>\n<\/div>\n\n\n\n<div class=\"wp-block-column is-layout-flow wp-block-column-is-layout-flow\">\n<figure class=\"wp-block-image size-large\"><a href=\"https:\/\/www.circuitsderando.com\/pyrenees\/tour-pic-ossau\/wp-content\/uploads\/2020\/11\/pic-les-tours.jpg\" target=\"_blank\" rel=\"noreferrer noopener\"><img loading=\"lazy\" decoding=\"async\" width=\"960\" height=\"720\" src=\"https:\/\/www.circuitsderando.com\/pyrenees\/tour-pic-ossau\/wp-content\/uploads\/2020\/11\/pic-les-tours.jpg\" alt=\"\" class=\"wp-image-138\" srcset=\"https:\/\/www.circuitsderando.com\/pyrenees\/tour-pic-ossau\/wp-content\/uploads\/2020\/11\/pic-les-tours.jpg 960w, https:\/\/www.circuitsderando.com\/pyrenees\/tour-pic-ossau\/wp-content\/uploads\/2020\/11\/pic-les-tours-300x225.jpg 300w, https:\/\/www.circuitsderando.com\/pyrenees\/tour-pic-ossau\/wp-content\/uploads\/2020\/11\/pic-les-tours-768x576.jpg 768w, https:\/\/www.circuitsderando.com\/pyrenees\/tour-pic-ossau\/wp-content\/uploads\/2020\/11\/pic-les-tours-690x518.jpg 690w\" sizes=\"(max-width: 960px) 100vw, 960px\" \/><\/a><figcaption class=\"wp-element-caption\"><strong>LES TOURS (2134 M)<\/strong><br><br>Pic \u00e0 proximit\u00e9 des Arougos. Ce pic surplombe aussi le Col Long d&rsquo;Ayous.<\/figcaption><\/figure>\n<\/div>\n\n\n\n<div class=\"wp-block-column is-layout-flow wp-block-column-is-layout-flow\">\n<figure class=\"wp-block-image size-large\"><a href=\"https:\/\/www.circuitsderando.com\/pyrenees\/tour-pic-ossau\/wp-content\/uploads\/2020\/11\/peyreget-depuis-col-long-ayous.jpg\" target=\"_blank\" rel=\"noreferrer noopener\"><img loading=\"lazy\" decoding=\"async\" width=\"960\" height=\"720\" src=\"https:\/\/www.circuitsderando.com\/pyrenees\/tour-pic-ossau\/wp-content\/uploads\/2020\/11\/peyreget-depuis-col-long-ayous.jpg\" alt=\"\" class=\"wp-image-139\" srcset=\"https:\/\/www.circuitsderando.com\/pyrenees\/tour-pic-ossau\/wp-content\/uploads\/2020\/11\/peyreget-depuis-col-long-ayous.jpg 960w, https:\/\/www.circuitsderando.com\/pyrenees\/tour-pic-ossau\/wp-content\/uploads\/2020\/11\/peyreget-depuis-col-long-ayous-300x225.jpg 300w, https:\/\/www.circuitsderando.com\/pyrenees\/tour-pic-ossau\/wp-content\/uploads\/2020\/11\/peyreget-depuis-col-long-ayous-768x576.jpg 768w, https:\/\/www.circuitsderando.com\/pyrenees\/tour-pic-ossau\/wp-content\/uploads\/2020\/11\/peyreget-depuis-col-long-ayous-690x518.jpg 690w\" sizes=\"(max-width: 960px) 100vw, 960px\" \/><\/a><figcaption class=\"wp-element-caption\"><strong>PEYREGET (2007 M)<\/strong><br><br>Pic situ\u00e9 \u00e0 proximit\u00e9 du Pic du Midi d&rsquo;Ossau. Visible depuis le Col Long d&rsquo;Ayous<\/figcaption><\/figure>\n<\/div>\n<\/div>\n\n\n\n<div class=\"wp-block-columns is-layout-flex wp-container-core-columns-is-layout-2 wp-block-columns-is-layout-flex\">\n<div class=\"wp-block-column is-layout-flow wp-block-column-is-layout-flow\">\n<figure class=\"wp-block-image size-large\"><a href=\"https:\/\/www.circuitsderando.com\/pyrenees\/tour-pic-ossau\/wp-content\/uploads\/2020\/11\/lac-roumassot-montee.jpg\" target=\"_blank\" rel=\"noreferrer noopener\"><img loading=\"lazy\" decoding=\"async\" width=\"960\" height=\"720\" src=\"https:\/\/www.circuitsderando.com\/pyrenees\/tour-pic-ossau\/wp-content\/uploads\/2020\/11\/lac-roumassot-montee.jpg\" alt=\"\" class=\"wp-image-142\" srcset=\"https:\/\/www.circuitsderando.com\/pyrenees\/tour-pic-ossau\/wp-content\/uploads\/2020\/11\/lac-roumassot-montee.jpg 960w, https:\/\/www.circuitsderando.com\/pyrenees\/tour-pic-ossau\/wp-content\/uploads\/2020\/11\/lac-roumassot-montee-300x225.jpg 300w, https:\/\/www.circuitsderando.com\/pyrenees\/tour-pic-ossau\/wp-content\/uploads\/2020\/11\/lac-roumassot-montee-768x576.jpg 768w, https:\/\/www.circuitsderando.com\/pyrenees\/tour-pic-ossau\/wp-content\/uploads\/2020\/11\/lac-roumassot-montee-690x518.jpg 690w\" sizes=\"(max-width: 960px) 100vw, 960px\" \/><\/a><figcaption class=\"wp-element-caption\"><strong>LACS D&rsquo;AYOUS &#8211; LAC ROUMASSOT (1845 M)<\/strong><br><br>Le plus bas des 3 principaux lacs d&rsquo;Ayous. Ce dernier se jette dans une cascade qui rejoint le Gave de Bious.<\/figcaption><\/figure>\n<\/div>\n\n\n\n<div class=\"wp-block-column is-layout-flow wp-block-column-is-layout-flow\">\n<figure class=\"wp-block-image size-large\"><a href=\"https:\/\/www.circuitsderando.com\/pyrenees\/tour-pic-ossau\/wp-content\/uploads\/2020\/11\/lac-du-miey.jpg\" target=\"_blank\" rel=\"noreferrer noopener\"><img loading=\"lazy\" decoding=\"async\" width=\"960\" height=\"720\" src=\"https:\/\/www.circuitsderando.com\/pyrenees\/tour-pic-ossau\/wp-content\/uploads\/2020\/11\/lac-du-miey.jpg\" alt=\"\" class=\"wp-image-143\" srcset=\"https:\/\/www.circuitsderando.com\/pyrenees\/tour-pic-ossau\/wp-content\/uploads\/2020\/11\/lac-du-miey.jpg 960w, https:\/\/www.circuitsderando.com\/pyrenees\/tour-pic-ossau\/wp-content\/uploads\/2020\/11\/lac-du-miey-300x225.jpg 300w, https:\/\/www.circuitsderando.com\/pyrenees\/tour-pic-ossau\/wp-content\/uploads\/2020\/11\/lac-du-miey-768x576.jpg 768w, https:\/\/www.circuitsderando.com\/pyrenees\/tour-pic-ossau\/wp-content\/uploads\/2020\/11\/lac-du-miey-690x518.jpg 690w\" sizes=\"(max-width: 960px) 100vw, 960px\" \/><\/a><figcaption class=\"wp-element-caption\"><strong>LACS D&rsquo;AYOUS &#8211; LAC DE MIEY (1904 M)<\/strong><br><br>Le plus petit des 3 lacs principaux d&rsquo;Ayous. Il est situ\u00e9 entre le Lac Roumassot et le Lac Gentau<\/figcaption><\/figure>\n<\/div>\n\n\n\n<div class=\"wp-block-column is-layout-flow wp-block-column-is-layout-flow\">\n<figure class=\"wp-block-image size-large\"><a href=\"https:\/\/www.circuitsderando.com\/pyrenees\/tour-pic-ossau\/wp-content\/uploads\/2020\/11\/gentau-miey-et-ossau.jpg\" target=\"_blank\" rel=\"noreferrer noopener\"><img loading=\"lazy\" decoding=\"async\" width=\"960\" height=\"720\" src=\"https:\/\/www.circuitsderando.com\/pyrenees\/tour-pic-ossau\/wp-content\/uploads\/2020\/11\/gentau-miey-et-ossau.jpg\" alt=\"\" class=\"wp-image-144\" srcset=\"https:\/\/www.circuitsderando.com\/pyrenees\/tour-pic-ossau\/wp-content\/uploads\/2020\/11\/gentau-miey-et-ossau.jpg 960w, https:\/\/www.circuitsderando.com\/pyrenees\/tour-pic-ossau\/wp-content\/uploads\/2020\/11\/gentau-miey-et-ossau-300x225.jpg 300w, https:\/\/www.circuitsderando.com\/pyrenees\/tour-pic-ossau\/wp-content\/uploads\/2020\/11\/gentau-miey-et-ossau-768x576.jpg 768w, https:\/\/www.circuitsderando.com\/pyrenees\/tour-pic-ossau\/wp-content\/uploads\/2020\/11\/gentau-miey-et-ossau-690x518.jpg 690w\" sizes=\"(max-width: 960px) 100vw, 960px\" \/><\/a><figcaption class=\"wp-element-caption\"><strong>LACS D&rsquo;AYOUS &#8211; LAC GENTAU \/ OSSAU (1948 M)<\/strong><br><br>Lac principal des Lacs d&rsquo;Ayous. Ce lac est domin\u00e9 par le col d&rsquo;Ayous et par le magistral Pic du Midi d&rsquo;Ossau qui se refl\u00e8te dans ce lac.<\/figcaption><\/figure>\n<\/div>\n<\/div>\n\n\n\n<div class=\"wp-block-columns is-layout-flex wp-container-core-columns-is-layout-3 wp-block-columns-is-layout-flex\">\n<div class=\"wp-block-column is-layout-flow wp-block-column-is-layout-flow\">\n<figure class=\"wp-block-image size-large\"><a href=\"https:\/\/www.circuitsderando.com\/pyrenees\/tour-pic-ossau\/wp-content\/uploads\/2020\/11\/cabane-baigt-de-st-cours.jpg\" target=\"_blank\" rel=\"noreferrer noopener\"><img loading=\"lazy\" decoding=\"async\" width=\"960\" height=\"720\" src=\"https:\/\/www.circuitsderando.com\/pyrenees\/tour-pic-ossau\/wp-content\/uploads\/2020\/11\/cabane-baigt-de-st-cours.jpg\" alt=\"\" class=\"wp-image-147\" srcset=\"https:\/\/www.circuitsderando.com\/pyrenees\/tour-pic-ossau\/wp-content\/uploads\/2020\/11\/cabane-baigt-de-st-cours.jpg 960w, https:\/\/www.circuitsderando.com\/pyrenees\/tour-pic-ossau\/wp-content\/uploads\/2020\/11\/cabane-baigt-de-st-cours-300x225.jpg 300w, https:\/\/www.circuitsderando.com\/pyrenees\/tour-pic-ossau\/wp-content\/uploads\/2020\/11\/cabane-baigt-de-st-cours-768x576.jpg 768w, https:\/\/www.circuitsderando.com\/pyrenees\/tour-pic-ossau\/wp-content\/uploads\/2020\/11\/cabane-baigt-de-st-cours-690x518.jpg 690w\" sizes=\"(max-width: 960px) 100vw, 960px\" \/><\/a><figcaption class=\"wp-element-caption\"><strong>CABANE BAIGT DE ST COURS (1560 M)<\/strong><br><br>Cabane situ\u00e9e en plein milieu de la vall\u00e9e. Elle sert d&rsquo;abri pour les randonneurs.<\/figcaption><\/figure>\n<\/div>\n\n\n\n<div class=\"wp-block-column is-layout-flow wp-block-column-is-layout-flow\">\n<figure class=\"wp-block-image size-large\"><a href=\"https:\/\/www.circuitsderando.com\/pyrenees\/tour-pic-ossau\/wp-content\/uploads\/2020\/11\/chemin-de-la-mature.jpg\" target=\"_blank\" rel=\"noreferrer noopener\"><img loading=\"lazy\" decoding=\"async\" width=\"960\" height=\"720\" src=\"https:\/\/www.circuitsderando.com\/pyrenees\/tour-pic-ossau\/wp-content\/uploads\/2020\/11\/chemin-de-la-mature.jpg\" alt=\"\" class=\"wp-image-148\" srcset=\"https:\/\/www.circuitsderando.com\/pyrenees\/tour-pic-ossau\/wp-content\/uploads\/2020\/11\/chemin-de-la-mature.jpg 960w, https:\/\/www.circuitsderando.com\/pyrenees\/tour-pic-ossau\/wp-content\/uploads\/2020\/11\/chemin-de-la-mature-300x225.jpg 300w, https:\/\/www.circuitsderando.com\/pyrenees\/tour-pic-ossau\/wp-content\/uploads\/2020\/11\/chemin-de-la-mature-768x576.jpg 768w, https:\/\/www.circuitsderando.com\/pyrenees\/tour-pic-ossau\/wp-content\/uploads\/2020\/11\/chemin-de-la-mature-690x518.jpg 690w\" sizes=\"(max-width: 960px) 100vw, 960px\" \/><\/a><figcaption class=\"wp-element-caption\"><strong>CHEMIN DE LA MATURE (1041 M)<\/strong><br><br>Chemin surplombant la vall\u00e9e du Ruisseau de Baigt de St Cours. Ce chemin a \u00e9t\u00e9 creus\u00e9 dans la roche pour y faire passer du bois pour la construction de bateaux.<\/figcaption><\/figure>\n<\/div>\n\n\n\n<div class=\"wp-block-column is-layout-flow wp-block-column-is-layout-flow\">\n<figure class=\"wp-block-image size-large\"><a href=\"https:\/\/www.circuitsderando.com\/pyrenees\/tour-pic-ossau\/wp-content\/uploads\/2020\/11\/fort-du-portalet.jpg\" target=\"_blank\" rel=\"noreferrer noopener\"><img loading=\"lazy\" decoding=\"async\" width=\"960\" height=\"720\" src=\"https:\/\/www.circuitsderando.com\/pyrenees\/tour-pic-ossau\/wp-content\/uploads\/2020\/11\/fort-du-portalet.jpg\" alt=\"\" class=\"wp-image-149\" srcset=\"https:\/\/www.circuitsderando.com\/pyrenees\/tour-pic-ossau\/wp-content\/uploads\/2020\/11\/fort-du-portalet.jpg 960w, https:\/\/www.circuitsderando.com\/pyrenees\/tour-pic-ossau\/wp-content\/uploads\/2020\/11\/fort-du-portalet-300x225.jpg 300w, https:\/\/www.circuitsderando.com\/pyrenees\/tour-pic-ossau\/wp-content\/uploads\/2020\/11\/fort-du-portalet-768x576.jpg 768w, https:\/\/www.circuitsderando.com\/pyrenees\/tour-pic-ossau\/wp-content\/uploads\/2020\/11\/fort-du-portalet-690x518.jpg 690w\" sizes=\"(max-width: 960px) 100vw, 960px\" \/><\/a><figcaption class=\"wp-element-caption\"><strong>FORT DU PORTALET (765 M)<\/strong><br><br>Ancienne prison situ\u00e9e dans la vall\u00e9e d&rsquo;Aspe. Elle se situe juste en face du chemin de la Mature et peut \u00eatre vue depuis ce dernier. Cette prison a \u00e9t\u00e9 construite en hauteur pour \u00e9viter les \u00e9vasions.<\/figcaption><\/figure>\n<\/div>\n<\/div>\n","protected":false},"excerpt":{"rendered":"","protected":false},"author":1,"featured_media":0,"parent":0,"menu_order":0,"comment_status":"closed","ping_status":"closed","template":"templates\/full-width-page.php","meta":{"_monsterinsights_skip_tracking":false,"_monsterinsights_sitenote_active":false,"_monsterinsights_sitenote_note":"","_monsterinsights_sitenote_category":0,"footnotes":""},"class_list":["post-38","page","type-page","status-publish","hentry"],"yoast_head":"<!-- This site is optimized with the Yoast SEO plugin v23.5 - https:\/\/yoast.com\/wordpress\/plugins\/seo\/ -->\n<title>Bious Artigues - Etsaut - Tour du Pic du Midi d&#039;Ossau<\/title>\n<meta name=\"robots\" content=\"index, follow, max-snippet:-1, max-image-preview:large, max-video-preview:-1\" \/>\n<link rel=\"canonical\" href=\"https:\/\/www.circuitsderando.com\/pyrenees\/tour-pic-ossau\/bious-artigues-etsaut\/\" \/>\n<meta property=\"og:locale\" content=\"fr_FR\" \/>\n<meta property=\"og:type\" content=\"article\" \/>\n<meta property=\"og:title\" content=\"Bious Artigues - Etsaut - Tour du Pic du Midi d&#039;Ossau\" \/>\n<meta property=\"og:url\" content=\"https:\/\/www.circuitsderando.com\/pyrenees\/tour-pic-ossau\/bious-artigues-etsaut\/\" \/>\n<meta property=\"og:site_name\" content=\"Tour du Pic du Midi d&#039;Ossau\" \/>\n<meta property=\"article:modified_time\" content=\"2022-11-17T07:40:19+00:00\" \/>\n<meta property=\"og:image\" content=\"https:\/\/www.circuitsderando.com\/pyrenees\/tour-pic-ossau\/wp-content\/uploads\/2020\/11\/houratatere.jpg\" \/>\n<meta name=\"twitter:card\" content=\"summary_large_image\" \/>\n<meta name=\"twitter:label1\" content=\"Dur\u00e9e de lecture estim\u00e9e\" \/>\n\t<meta name=\"twitter:data1\" content=\"4 minutes\" \/>\n<script type=\"application\/ld+json\" class=\"yoast-schema-graph\">{\"@context\":\"https:\/\/schema.org\",\"@graph\":[{\"@type\":\"WebPage\",\"@id\":\"https:\/\/www.circuitsderando.com\/pyrenees\/tour-pic-ossau\/bious-artigues-etsaut\/\",\"url\":\"https:\/\/www.circuitsderando.com\/pyrenees\/tour-pic-ossau\/bious-artigues-etsaut\/\",\"name\":\"Bious Artigues - Etsaut - Tour du Pic du Midi d&#039;Ossau\",\"isPartOf\":{\"@id\":\"https:\/\/www.circuitsderando.com\/pyrenees\/tour-pic-ossau\/#website\"},\"primaryImageOfPage\":{\"@id\":\"https:\/\/www.circuitsderando.com\/pyrenees\/tour-pic-ossau\/bious-artigues-etsaut\/#primaryimage\"},\"image\":{\"@id\":\"https:\/\/www.circuitsderando.com\/pyrenees\/tour-pic-ossau\/bious-artigues-etsaut\/#primaryimage\"},\"thumbnailUrl\":\"https:\/\/www.circuitsderando.com\/pyrenees\/tour-pic-ossau\/wp-content\/uploads\/2020\/11\/houratatere.jpg\",\"datePublished\":\"2020-11-04T12:58:39+00:00\",\"dateModified\":\"2022-11-17T07:40:19+00:00\",\"breadcrumb\":{\"@id\":\"https:\/\/www.circuitsderando.com\/pyrenees\/tour-pic-ossau\/bious-artigues-etsaut\/#breadcrumb\"},\"inLanguage\":\"fr-FR\",\"potentialAction\":[{\"@type\":\"ReadAction\",\"target\":[\"https:\/\/www.circuitsderando.com\/pyrenees\/tour-pic-ossau\/bious-artigues-etsaut\/\"]}]},{\"@type\":\"ImageObject\",\"inLanguage\":\"fr-FR\",\"@id\":\"https:\/\/www.circuitsderando.com\/pyrenees\/tour-pic-ossau\/bious-artigues-etsaut\/#primaryimage\",\"url\":\"https:\/\/www.circuitsderando.com\/pyrenees\/tour-pic-ossau\/wp-content\/uploads\/2020\/11\/houratatere.jpg\",\"contentUrl\":\"https:\/\/www.circuitsderando.com\/pyrenees\/tour-pic-ossau\/wp-content\/uploads\/2020\/11\/houratatere.jpg\",\"width\":960,\"height\":720},{\"@type\":\"BreadcrumbList\",\"@id\":\"https:\/\/www.circuitsderando.com\/pyrenees\/tour-pic-ossau\/bious-artigues-etsaut\/#breadcrumb\",\"itemListElement\":[{\"@type\":\"ListItem\",\"position\":1,\"name\":\"Tour du Pic du Midi d'Ossau\",\"item\":\"https:\/\/www.circuitsderando.com\/pyrenees\/tour-pic-ossau\/\"},{\"@type\":\"ListItem\",\"position\":2,\"name\":\"Bious Artigues &#8211; Etsaut\"}]},{\"@type\":\"WebSite\",\"@id\":\"https:\/\/www.circuitsderando.com\/pyrenees\/tour-pic-ossau\/#website\",\"url\":\"https:\/\/www.circuitsderando.com\/pyrenees\/tour-pic-ossau\/\",\"name\":\"Tour du Pic du Midi d&#039;Ossau\",\"description\":\"Lescun - Arlet - Lacs d&#039;Ayous - Bious - Etsaut\",\"potentialAction\":[{\"@type\":\"SearchAction\",\"target\":{\"@type\":\"EntryPoint\",\"urlTemplate\":\"https:\/\/www.circuitsderando.com\/pyrenees\/tour-pic-ossau\/?s={search_term_string}\"},\"query-input\":{\"@type\":\"PropertyValueSpecification\",\"valueRequired\":true,\"valueName\":\"search_term_string\"}}],\"inLanguage\":\"fr-FR\"}]}<\/script>\n<!-- \/ Yoast SEO plugin. -->","yoast_head_json":{"title":"Bious Artigues - Etsaut - Tour du Pic du Midi d&#039;Ossau","robots":{"index":"index","follow":"follow","max-snippet":"max-snippet:-1","max-image-preview":"max-image-preview:large","max-video-preview":"max-video-preview:-1"},"canonical":"https:\/\/www.circuitsderando.com\/pyrenees\/tour-pic-ossau\/bious-artigues-etsaut\/","og_locale":"fr_FR","og_type":"article","og_title":"Bious Artigues - Etsaut - Tour du Pic du Midi d&#039;Ossau","og_url":"https:\/\/www.circuitsderando.com\/pyrenees\/tour-pic-ossau\/bious-artigues-etsaut\/","og_site_name":"Tour du Pic du Midi d&#039;Ossau","article_modified_time":"2022-11-17T07:40:19+00:00","og_image":[{"url":"https:\/\/www.circuitsderando.com\/pyrenees\/tour-pic-ossau\/wp-content\/uploads\/2020\/11\/houratatere.jpg"}],"twitter_card":"summary_large_image","twitter_misc":{"Dur\u00e9e de lecture estim\u00e9e":"4 minutes"},"schema":{"@context":"https:\/\/schema.org","@graph":[{"@type":"WebPage","@id":"https:\/\/www.circuitsderando.com\/pyrenees\/tour-pic-ossau\/bious-artigues-etsaut\/","url":"https:\/\/www.circuitsderando.com\/pyrenees\/tour-pic-ossau\/bious-artigues-etsaut\/","name":"Bious Artigues - Etsaut - Tour du Pic du Midi d&#039;Ossau","isPartOf":{"@id":"https:\/\/www.circuitsderando.com\/pyrenees\/tour-pic-ossau\/#website"},"primaryImageOfPage":{"@id":"https:\/\/www.circuitsderando.com\/pyrenees\/tour-pic-ossau\/bious-artigues-etsaut\/#primaryimage"},"image":{"@id":"https:\/\/www.circuitsderando.com\/pyrenees\/tour-pic-ossau\/bious-artigues-etsaut\/#primaryimage"},"thumbnailUrl":"https:\/\/www.circuitsderando.com\/pyrenees\/tour-pic-ossau\/wp-content\/uploads\/2020\/11\/houratatere.jpg","datePublished":"2020-11-04T12:58:39+00:00","dateModified":"2022-11-17T07:40:19+00:00","breadcrumb":{"@id":"https:\/\/www.circuitsderando.com\/pyrenees\/tour-pic-ossau\/bious-artigues-etsaut\/#breadcrumb"},"inLanguage":"fr-FR","potentialAction":[{"@type":"ReadAction","target":["https:\/\/www.circuitsderando.com\/pyrenees\/tour-pic-ossau\/bious-artigues-etsaut\/"]}]},{"@type":"ImageObject","inLanguage":"fr-FR","@id":"https:\/\/www.circuitsderando.com\/pyrenees\/tour-pic-ossau\/bious-artigues-etsaut\/#primaryimage","url":"https:\/\/www.circuitsderando.com\/pyrenees\/tour-pic-ossau\/wp-content\/uploads\/2020\/11\/houratatere.jpg","contentUrl":"https:\/\/www.circuitsderando.com\/pyrenees\/tour-pic-ossau\/wp-content\/uploads\/2020\/11\/houratatere.jpg","width":960,"height":720},{"@type":"BreadcrumbList","@id":"https:\/\/www.circuitsderando.com\/pyrenees\/tour-pic-ossau\/bious-artigues-etsaut\/#breadcrumb","itemListElement":[{"@type":"ListItem","position":1,"name":"Tour du Pic du Midi d'Ossau","item":"https:\/\/www.circuitsderando.com\/pyrenees\/tour-pic-ossau\/"},{"@type":"ListItem","position":2,"name":"Bious Artigues &#8211; Etsaut"}]},{"@type":"WebSite","@id":"https:\/\/www.circuitsderando.com\/pyrenees\/tour-pic-ossau\/#website","url":"https:\/\/www.circuitsderando.com\/pyrenees\/tour-pic-ossau\/","name":"Tour du Pic du Midi d&#039;Ossau","description":"Lescun - Arlet - Lacs d&#039;Ayous - Bious - Etsaut","potentialAction":[{"@type":"SearchAction","target":{"@type":"EntryPoint","urlTemplate":"https:\/\/www.circuitsderando.com\/pyrenees\/tour-pic-ossau\/?s={search_term_string}"},"query-input":{"@type":"PropertyValueSpecification","valueRequired":true,"valueName":"search_term_string"}}],"inLanguage":"fr-FR"}]}},"_links":{"self":[{"href":"https:\/\/www.circuitsderando.com\/pyrenees\/tour-pic-ossau\/wp-json\/wp\/v2\/pages\/38"}],"collection":[{"href":"https:\/\/www.circuitsderando.com\/pyrenees\/tour-pic-ossau\/wp-json\/wp\/v2\/pages"}],"about":[{"href":"https:\/\/www.circuitsderando.com\/pyrenees\/tour-pic-ossau\/wp-json\/wp\/v2\/types\/page"}],"author":[{"embeddable":true,"href":"https:\/\/www.circuitsderando.com\/pyrenees\/tour-pic-ossau\/wp-json\/wp\/v2\/users\/1"}],"replies":[{"embeddable":true,"href":"https:\/\/www.circuitsderando.com\/pyrenees\/tour-pic-ossau\/wp-json\/wp\/v2\/comments?post=38"}],"version-history":[{"count":6,"href":"https:\/\/www.circuitsderando.com\/pyrenees\/tour-pic-ossau\/wp-json\/wp\/v2\/pages\/38\/revisions"}],"predecessor-version":[{"id":197,"href":"https:\/\/www.circuitsderando.com\/pyrenees\/tour-pic-ossau\/wp-json\/wp\/v2\/pages\/38\/revisions\/197"}],"wp:attachment":[{"href":"https:\/\/www.circuitsderando.com\/pyrenees\/tour-pic-ossau\/wp-json\/wp\/v2\/media?parent=38"}],"curies":[{"name":"wp","href":"https:\/\/api.w.org\/{rel}","templated":true}]}}