{"id":32,"date":"2020-11-04T13:56:23","date_gmt":"2020-11-04T12:56:23","guid":{"rendered":"https:\/\/www.circuitsderando.com\/pyrenees\/tour-pic-ossau\/?page_id=32"},"modified":"2022-11-17T08:36:36","modified_gmt":"2022-11-17T07:36:36","slug":"arlet-candanchu","status":"publish","type":"page","link":"https:\/\/www.circuitsderando.com\/pyrenees\/tour-pic-ossau\/arlet-candanchu\/","title":{"rendered":"Arlet &#8211; Candanchu"},"content":{"rendered":"\n<div class=\"wp-block-columns is-layout-flex wp-container-core-columns-is-layout-1 wp-block-columns-is-layout-flex\">\n<div class=\"wp-block-column is-layout-flow wp-block-column-is-layout-flow\">\n<figure class=\"wp-block-image size-large\"><a href=\"https:\/\/www.circuitsderando.com\/pyrenees\/tour-pic-ossau\/wp-content\/uploads\/2020\/11\/couecq.jpg\" target=\"_blank\" rel=\"noreferrer noopener\"><img loading=\"lazy\" decoding=\"async\" width=\"960\" height=\"720\" src=\"https:\/\/www.circuitsderando.com\/pyrenees\/tour-pic-ossau\/wp-content\/uploads\/2020\/11\/couecq.jpg\" alt=\"\" class=\"wp-image-84\" srcset=\"https:\/\/www.circuitsderando.com\/pyrenees\/tour-pic-ossau\/wp-content\/uploads\/2020\/11\/couecq.jpg 960w, https:\/\/www.circuitsderando.com\/pyrenees\/tour-pic-ossau\/wp-content\/uploads\/2020\/11\/couecq-300x225.jpg 300w, https:\/\/www.circuitsderando.com\/pyrenees\/tour-pic-ossau\/wp-content\/uploads\/2020\/11\/couecq-768x576.jpg 768w, https:\/\/www.circuitsderando.com\/pyrenees\/tour-pic-ossau\/wp-content\/uploads\/2020\/11\/couecq-690x518.jpg 690w\" sizes=\"(max-width: 960px) 100vw, 960px\" \/><\/a><figcaption class=\"wp-element-caption\"><strong>COUECQ (1909 M)<\/strong><br><br>Colline situ\u00e9 au bord du Refuge d&rsquo;Arlet. Le plateau donne sur la Cabane d&rsquo;Atsout<\/figcaption><\/figure>\n<\/div>\n\n\n\n<div class=\"wp-block-column is-layout-flow wp-block-column-is-layout-flow\">\n<figure class=\"wp-block-image size-large\"><a href=\"https:\/\/www.circuitsderando.com\/pyrenees\/tour-pic-ossau\/wp-content\/uploads\/2020\/11\/atsout-2.jpg\" target=\"_blank\" rel=\"noreferrer noopener\"><img loading=\"lazy\" decoding=\"async\" width=\"960\" height=\"720\" src=\"https:\/\/www.circuitsderando.com\/pyrenees\/tour-pic-ossau\/wp-content\/uploads\/2020\/11\/atsout-2.jpg\" alt=\"\" class=\"wp-image-86\" srcset=\"https:\/\/www.circuitsderando.com\/pyrenees\/tour-pic-ossau\/wp-content\/uploads\/2020\/11\/atsout-2.jpg 960w, https:\/\/www.circuitsderando.com\/pyrenees\/tour-pic-ossau\/wp-content\/uploads\/2020\/11\/atsout-2-300x225.jpg 300w, https:\/\/www.circuitsderando.com\/pyrenees\/tour-pic-ossau\/wp-content\/uploads\/2020\/11\/atsout-2-768x576.jpg 768w, https:\/\/www.circuitsderando.com\/pyrenees\/tour-pic-ossau\/wp-content\/uploads\/2020\/11\/atsout-2-690x518.jpg 690w\" sizes=\"(max-width: 960px) 100vw, 960px\" \/><\/a><figcaption class=\"wp-element-caption\"><strong>CABANE D&rsquo;ATSOUT (1684 M)<\/strong><br><br>Cabane situ\u00e9e au pied de la montagne de couecq. <\/figcaption><\/figure>\n<\/div>\n\n\n\n<div class=\"wp-block-column is-layout-flow wp-block-column-is-layout-flow\">\n<figure class=\"wp-block-image size-large\"><a href=\"https:\/\/www.circuitsderando.com\/pyrenees\/tour-pic-ossau\/wp-content\/uploads\/2020\/11\/atsout-4.jpg\" target=\"_blank\" rel=\"noreferrer noopener\"><img loading=\"lazy\" decoding=\"async\" width=\"960\" height=\"720\" src=\"https:\/\/www.circuitsderando.com\/pyrenees\/tour-pic-ossau\/wp-content\/uploads\/2020\/11\/atsout-4.jpg\" alt=\"\" class=\"wp-image-87\" srcset=\"https:\/\/www.circuitsderando.com\/pyrenees\/tour-pic-ossau\/wp-content\/uploads\/2020\/11\/atsout-4.jpg 960w, https:\/\/www.circuitsderando.com\/pyrenees\/tour-pic-ossau\/wp-content\/uploads\/2020\/11\/atsout-4-300x225.jpg 300w, https:\/\/www.circuitsderando.com\/pyrenees\/tour-pic-ossau\/wp-content\/uploads\/2020\/11\/atsout-4-768x576.jpg 768w, https:\/\/www.circuitsderando.com\/pyrenees\/tour-pic-ossau\/wp-content\/uploads\/2020\/11\/atsout-4-690x518.jpg 690w\" sizes=\"(max-width: 960px) 100vw, 960px\" \/><\/a><figcaption class=\"wp-element-caption\"><strong>VUE SUR L&rsquo;ESTIVE D&rsquo;ATSOUT (1684 M)<\/strong><br><br>Elle est habit\u00e9 par un fermier gardant des brebis<\/figcaption><\/figure>\n<\/div>\n<\/div>\n\n\n\n<div class=\"wp-block-columns is-layout-flex wp-container-core-columns-is-layout-2 wp-block-columns-is-layout-flex\">\n<div class=\"wp-block-column is-layout-flow wp-block-column-is-layout-flow\">\n<figure class=\"wp-block-image size-large\"><a href=\"https:\/\/www.circuitsderando.com\/pyrenees\/tour-pic-ossau\/wp-content\/uploads\/2020\/11\/passerelle-espelunguere.jpg\" target=\"_blank\" rel=\"noreferrer noopener\"><img loading=\"lazy\" decoding=\"async\" width=\"960\" height=\"720\" src=\"https:\/\/www.circuitsderando.com\/pyrenees\/tour-pic-ossau\/wp-content\/uploads\/2020\/11\/passerelle-espelunguere.jpg\" alt=\"\" class=\"wp-image-83\" srcset=\"https:\/\/www.circuitsderando.com\/pyrenees\/tour-pic-ossau\/wp-content\/uploads\/2020\/11\/passerelle-espelunguere.jpg 960w, https:\/\/www.circuitsderando.com\/pyrenees\/tour-pic-ossau\/wp-content\/uploads\/2020\/11\/passerelle-espelunguere-300x225.jpg 300w, https:\/\/www.circuitsderando.com\/pyrenees\/tour-pic-ossau\/wp-content\/uploads\/2020\/11\/passerelle-espelunguere-768x576.jpg 768w, https:\/\/www.circuitsderando.com\/pyrenees\/tour-pic-ossau\/wp-content\/uploads\/2020\/11\/passerelle-espelunguere-690x518.jpg 690w\" sizes=\"(max-width: 960px) 100vw, 960px\" \/><\/a><figcaption class=\"wp-element-caption\"><strong>PASSERELLE D&rsquo;ESPELUNGUERE (1385 M)<\/strong><br><br>Passerelle situ\u00e9e pr\u00e8s de la cascade d&rsquo;Espelunguere. De nombreux chevaux et brebis s&rsquo;y trouvent fr\u00e9quemment.<\/figcaption><\/figure>\n<\/div>\n\n\n\n<div class=\"wp-block-column is-layout-flow wp-block-column-is-layout-flow\">\n<figure class=\"wp-block-image size-large\"><a href=\"https:\/\/www.circuitsderando.com\/pyrenees\/tour-pic-ossau\/wp-content\/uploads\/2020\/11\/brebis-perdue.jpg\" target=\"_blank\" rel=\"noreferrer noopener\"><img loading=\"lazy\" decoding=\"async\" width=\"960\" height=\"720\" src=\"https:\/\/www.circuitsderando.com\/pyrenees\/tour-pic-ossau\/wp-content\/uploads\/2020\/11\/brebis-perdue.jpg\" alt=\"\" class=\"wp-image-82\" srcset=\"https:\/\/www.circuitsderando.com\/pyrenees\/tour-pic-ossau\/wp-content\/uploads\/2020\/11\/brebis-perdue.jpg 960w, https:\/\/www.circuitsderando.com\/pyrenees\/tour-pic-ossau\/wp-content\/uploads\/2020\/11\/brebis-perdue-300x225.jpg 300w, https:\/\/www.circuitsderando.com\/pyrenees\/tour-pic-ossau\/wp-content\/uploads\/2020\/11\/brebis-perdue-768x576.jpg 768w, https:\/\/www.circuitsderando.com\/pyrenees\/tour-pic-ossau\/wp-content\/uploads\/2020\/11\/brebis-perdue-690x518.jpg 690w\" sizes=\"(max-width: 960px) 100vw, 960px\" \/><\/a><figcaption class=\"wp-element-caption\">PIC (1611 M)<\/figcaption><\/figure>\n<\/div>\n\n\n\n<div class=\"wp-block-column is-layout-flow wp-block-column-is-layout-flow\">\n<figure class=\"wp-block-image size-large\"><a href=\"https:\/\/www.circuitsderando.com\/pyrenees\/tour-pic-ossau\/wp-content\/uploads\/2020\/11\/gave-daspe-2.jpg\" target=\"_blank\" rel=\"noreferrer noopener\"><img loading=\"lazy\" decoding=\"async\" width=\"960\" height=\"720\" src=\"https:\/\/www.circuitsderando.com\/pyrenees\/tour-pic-ossau\/wp-content\/uploads\/2020\/11\/gave-daspe-2.jpg\" alt=\"\" class=\"wp-image-81\" srcset=\"https:\/\/www.circuitsderando.com\/pyrenees\/tour-pic-ossau\/wp-content\/uploads\/2020\/11\/gave-daspe-2.jpg 960w, https:\/\/www.circuitsderando.com\/pyrenees\/tour-pic-ossau\/wp-content\/uploads\/2020\/11\/gave-daspe-2-300x225.jpg 300w, https:\/\/www.circuitsderando.com\/pyrenees\/tour-pic-ossau\/wp-content\/uploads\/2020\/11\/gave-daspe-2-768x576.jpg 768w, https:\/\/www.circuitsderando.com\/pyrenees\/tour-pic-ossau\/wp-content\/uploads\/2020\/11\/gave-daspe-2-690x518.jpg 690w\" sizes=\"(max-width: 960px) 100vw, 960px\" \/><\/a><figcaption class=\"wp-element-caption\"><strong>GAVE ASPE (1385 M)<\/strong><br><br>Gave d&rsquo;Aspe \u00e0 Espelungu\u00e8re.<\/figcaption><\/figure>\n<\/div>\n<\/div>\n\n\n\n<p class=\"has-text-align-right\"><a href=\"https:\/\/www.circuitsderando.com\/pyrenees\/tour-pic-ossau\/index.php\/candanchu-formigal\/\">Etape 3 : Candanchu &#8211; Formigal &gt;&gt;&gt;<\/a><\/p>\n","protected":false},"excerpt":{"rendered":"<p>Etape 3 : Candanchu &#8211; Formigal &gt;&gt;&gt;<\/p>\n","protected":false},"author":1,"featured_media":0,"parent":0,"menu_order":0,"comment_status":"closed","ping_status":"closed","template":"templates\/full-width-page.php","meta":{"_monsterinsights_skip_tracking":false,"_monsterinsights_sitenote_active":false,"_monsterinsights_sitenote_note":"","_monsterinsights_sitenote_category":0,"footnotes":""},"class_list":["post-32","page","type-page","status-publish","hentry"],"yoast_head":"<!-- This site is optimized with the Yoast SEO plugin v23.5 - https:\/\/yoast.com\/wordpress\/plugins\/seo\/ -->\n<title>Arlet - Candanchu - Tour du Pic du Midi d&#039;Ossau<\/title>\n<meta name=\"robots\" content=\"index, follow, max-snippet:-1, max-image-preview:large, max-video-preview:-1\" \/>\n<link rel=\"canonical\" href=\"https:\/\/www.circuitsderando.com\/pyrenees\/tour-pic-ossau\/arlet-candanchu\/\" \/>\n<meta property=\"og:locale\" content=\"fr_FR\" \/>\n<meta property=\"og:type\" content=\"article\" \/>\n<meta property=\"og:title\" content=\"Arlet - Candanchu - Tour du Pic du Midi d&#039;Ossau\" \/>\n<meta property=\"og:description\" content=\"Etape 3 : Candanchu &#8211; Formigal &gt;&gt;&gt;\" \/>\n<meta property=\"og:url\" content=\"https:\/\/www.circuitsderando.com\/pyrenees\/tour-pic-ossau\/arlet-candanchu\/\" \/>\n<meta property=\"og:site_name\" content=\"Tour du Pic du Midi d&#039;Ossau\" \/>\n<meta property=\"article:modified_time\" content=\"2022-11-17T07:36:36+00:00\" \/>\n<meta property=\"og:image\" content=\"https:\/\/www.circuitsderando.com\/pyrenees\/tour-pic-ossau\/wp-content\/uploads\/2020\/11\/couecq.jpg\" \/>\n<meta name=\"twitter:card\" content=\"summary_large_image\" \/>\n<meta name=\"twitter:label1\" content=\"Dur\u00e9e de lecture estim\u00e9e\" \/>\n\t<meta name=\"twitter:data1\" content=\"2 minutes\" \/>\n<script type=\"application\/ld+json\" class=\"yoast-schema-graph\">{\"@context\":\"https:\/\/schema.org\",\"@graph\":[{\"@type\":\"WebPage\",\"@id\":\"https:\/\/www.circuitsderando.com\/pyrenees\/tour-pic-ossau\/arlet-candanchu\/\",\"url\":\"https:\/\/www.circuitsderando.com\/pyrenees\/tour-pic-ossau\/arlet-candanchu\/\",\"name\":\"Arlet - Candanchu - Tour du Pic du Midi d&#039;Ossau\",\"isPartOf\":{\"@id\":\"https:\/\/www.circuitsderando.com\/pyrenees\/tour-pic-ossau\/#website\"},\"primaryImageOfPage\":{\"@id\":\"https:\/\/www.circuitsderando.com\/pyrenees\/tour-pic-ossau\/arlet-candanchu\/#primaryimage\"},\"image\":{\"@id\":\"https:\/\/www.circuitsderando.com\/pyrenees\/tour-pic-ossau\/arlet-candanchu\/#primaryimage\"},\"thumbnailUrl\":\"https:\/\/www.circuitsderando.com\/pyrenees\/tour-pic-ossau\/wp-content\/uploads\/2020\/11\/couecq.jpg\",\"datePublished\":\"2020-11-04T12:56:23+00:00\",\"dateModified\":\"2022-11-17T07:36:36+00:00\",\"breadcrumb\":{\"@id\":\"https:\/\/www.circuitsderando.com\/pyrenees\/tour-pic-ossau\/arlet-candanchu\/#breadcrumb\"},\"inLanguage\":\"fr-FR\",\"potentialAction\":[{\"@type\":\"ReadAction\",\"target\":[\"https:\/\/www.circuitsderando.com\/pyrenees\/tour-pic-ossau\/arlet-candanchu\/\"]}]},{\"@type\":\"ImageObject\",\"inLanguage\":\"fr-FR\",\"@id\":\"https:\/\/www.circuitsderando.com\/pyrenees\/tour-pic-ossau\/arlet-candanchu\/#primaryimage\",\"url\":\"https:\/\/www.circuitsderando.com\/pyrenees\/tour-pic-ossau\/wp-content\/uploads\/2020\/11\/couecq.jpg\",\"contentUrl\":\"https:\/\/www.circuitsderando.com\/pyrenees\/tour-pic-ossau\/wp-content\/uploads\/2020\/11\/couecq.jpg\",\"width\":960,\"height\":720},{\"@type\":\"BreadcrumbList\",\"@id\":\"https:\/\/www.circuitsderando.com\/pyrenees\/tour-pic-ossau\/arlet-candanchu\/#breadcrumb\",\"itemListElement\":[{\"@type\":\"ListItem\",\"position\":1,\"name\":\"Tour du Pic du Midi d'Ossau\",\"item\":\"https:\/\/www.circuitsderando.com\/pyrenees\/tour-pic-ossau\/\"},{\"@type\":\"ListItem\",\"position\":2,\"name\":\"Arlet &#8211; Candanchu\"}]},{\"@type\":\"WebSite\",\"@id\":\"https:\/\/www.circuitsderando.com\/pyrenees\/tour-pic-ossau\/#website\",\"url\":\"https:\/\/www.circuitsderando.com\/pyrenees\/tour-pic-ossau\/\",\"name\":\"Tour du Pic du Midi d&#039;Ossau\",\"description\":\"Lescun - Arlet - Lacs d&#039;Ayous - Bious - Etsaut\",\"potentialAction\":[{\"@type\":\"SearchAction\",\"target\":{\"@type\":\"EntryPoint\",\"urlTemplate\":\"https:\/\/www.circuitsderando.com\/pyrenees\/tour-pic-ossau\/?s={search_term_string}\"},\"query-input\":{\"@type\":\"PropertyValueSpecification\",\"valueRequired\":true,\"valueName\":\"search_term_string\"}}],\"inLanguage\":\"fr-FR\"}]}<\/script>\n<!-- \/ Yoast SEO plugin. -->","yoast_head_json":{"title":"Arlet - Candanchu - Tour du Pic du Midi d&#039;Ossau","robots":{"index":"index","follow":"follow","max-snippet":"max-snippet:-1","max-image-preview":"max-image-preview:large","max-video-preview":"max-video-preview:-1"},"canonical":"https:\/\/www.circuitsderando.com\/pyrenees\/tour-pic-ossau\/arlet-candanchu\/","og_locale":"fr_FR","og_type":"article","og_title":"Arlet - Candanchu - Tour du Pic du Midi d&#039;Ossau","og_description":"Etape 3 : Candanchu &#8211; Formigal &gt;&gt;&gt;","og_url":"https:\/\/www.circuitsderando.com\/pyrenees\/tour-pic-ossau\/arlet-candanchu\/","og_site_name":"Tour du Pic du Midi d&#039;Ossau","article_modified_time":"2022-11-17T07:36:36+00:00","og_image":[{"url":"https:\/\/www.circuitsderando.com\/pyrenees\/tour-pic-ossau\/wp-content\/uploads\/2020\/11\/couecq.jpg"}],"twitter_card":"summary_large_image","twitter_misc":{"Dur\u00e9e de lecture estim\u00e9e":"2 minutes"},"schema":{"@context":"https:\/\/schema.org","@graph":[{"@type":"WebPage","@id":"https:\/\/www.circuitsderando.com\/pyrenees\/tour-pic-ossau\/arlet-candanchu\/","url":"https:\/\/www.circuitsderando.com\/pyrenees\/tour-pic-ossau\/arlet-candanchu\/","name":"Arlet - Candanchu - Tour du Pic du Midi d&#039;Ossau","isPartOf":{"@id":"https:\/\/www.circuitsderando.com\/pyrenees\/tour-pic-ossau\/#website"},"primaryImageOfPage":{"@id":"https:\/\/www.circuitsderando.com\/pyrenees\/tour-pic-ossau\/arlet-candanchu\/#primaryimage"},"image":{"@id":"https:\/\/www.circuitsderando.com\/pyrenees\/tour-pic-ossau\/arlet-candanchu\/#primaryimage"},"thumbnailUrl":"https:\/\/www.circuitsderando.com\/pyrenees\/tour-pic-ossau\/wp-content\/uploads\/2020\/11\/couecq.jpg","datePublished":"2020-11-04T12:56:23+00:00","dateModified":"2022-11-17T07:36:36+00:00","breadcrumb":{"@id":"https:\/\/www.circuitsderando.com\/pyrenees\/tour-pic-ossau\/arlet-candanchu\/#breadcrumb"},"inLanguage":"fr-FR","potentialAction":[{"@type":"ReadAction","target":["https:\/\/www.circuitsderando.com\/pyrenees\/tour-pic-ossau\/arlet-candanchu\/"]}]},{"@type":"ImageObject","inLanguage":"fr-FR","@id":"https:\/\/www.circuitsderando.com\/pyrenees\/tour-pic-ossau\/arlet-candanchu\/#primaryimage","url":"https:\/\/www.circuitsderando.com\/pyrenees\/tour-pic-ossau\/wp-content\/uploads\/2020\/11\/couecq.jpg","contentUrl":"https:\/\/www.circuitsderando.com\/pyrenees\/tour-pic-ossau\/wp-content\/uploads\/2020\/11\/couecq.jpg","width":960,"height":720},{"@type":"BreadcrumbList","@id":"https:\/\/www.circuitsderando.com\/pyrenees\/tour-pic-ossau\/arlet-candanchu\/#breadcrumb","itemListElement":[{"@type":"ListItem","position":1,"name":"Tour du Pic du Midi d'Ossau","item":"https:\/\/www.circuitsderando.com\/pyrenees\/tour-pic-ossau\/"},{"@type":"ListItem","position":2,"name":"Arlet &#8211; Candanchu"}]},{"@type":"WebSite","@id":"https:\/\/www.circuitsderando.com\/pyrenees\/tour-pic-ossau\/#website","url":"https:\/\/www.circuitsderando.com\/pyrenees\/tour-pic-ossau\/","name":"Tour du Pic du Midi d&#039;Ossau","description":"Lescun - Arlet - Lacs d&#039;Ayous - Bious - Etsaut","potentialAction":[{"@type":"SearchAction","target":{"@type":"EntryPoint","urlTemplate":"https:\/\/www.circuitsderando.com\/pyrenees\/tour-pic-ossau\/?s={search_term_string}"},"query-input":{"@type":"PropertyValueSpecification","valueRequired":true,"valueName":"search_term_string"}}],"inLanguage":"fr-FR"}]}},"_links":{"self":[{"href":"https:\/\/www.circuitsderando.com\/pyrenees\/tour-pic-ossau\/wp-json\/wp\/v2\/pages\/32"}],"collection":[{"href":"https:\/\/www.circuitsderando.com\/pyrenees\/tour-pic-ossau\/wp-json\/wp\/v2\/pages"}],"about":[{"href":"https:\/\/www.circuitsderando.com\/pyrenees\/tour-pic-ossau\/wp-json\/wp\/v2\/types\/page"}],"author":[{"embeddable":true,"href":"https:\/\/www.circuitsderando.com\/pyrenees\/tour-pic-ossau\/wp-json\/wp\/v2\/users\/1"}],"replies":[{"embeddable":true,"href":"https:\/\/www.circuitsderando.com\/pyrenees\/tour-pic-ossau\/wp-json\/wp\/v2\/comments?post=32"}],"version-history":[{"count":9,"href":"https:\/\/www.circuitsderando.com\/pyrenees\/tour-pic-ossau\/wp-json\/wp\/v2\/pages\/32\/revisions"}],"predecessor-version":[{"id":194,"href":"https:\/\/www.circuitsderando.com\/pyrenees\/tour-pic-ossau\/wp-json\/wp\/v2\/pages\/32\/revisions\/194"}],"wp:attachment":[{"href":"https:\/\/www.circuitsderando.com\/pyrenees\/tour-pic-ossau\/wp-json\/wp\/v2\/media?parent=32"}],"curies":[{"name":"wp","href":"https:\/\/api.w.org\/{rel}","templated":true}]}}