{"id":38,"date":"2020-11-05T07:19:23","date_gmt":"2020-11-05T06:19:23","guid":{"rendered":"https:\/\/www.circuitsderando.com\/pyrenees\/pic-midi-bigorre\/?page_id=38"},"modified":"2020-11-05T14:53:11","modified_gmt":"2020-11-05T13:53:11","slug":"ravitaillement","status":"publish","type":"page","link":"https:\/\/www.circuitsderando.com\/pyrenees\/pic-midi-bigorre\/ravitaillement\/","title":{"rendered":"Ravitaillement"},"content":{"rendered":"\n<p><\/p>\n\n\n\n<p><strong>Bagn\u00e8res de Bigorre : <\/strong>Nombreux commerces<br><strong>Campan : <\/strong>Petite Epicerie et Produits R\u00e9gionaux<br><strong>La Mongie :<\/strong> Produits R\u00e9gionaux<\/p>\n","protected":false},"excerpt":{"rendered":"<p>Bagn\u00e8res de Bigorre : Nombreux commercesCampan : Petite Epicerie et Produits R\u00e9gionauxLa Mongie : Produits R\u00e9gionaux<\/p>\n","protected":false},"author":1,"featured_media":0,"parent":0,"menu_order":0,"comment_status":"closed","ping_status":"closed","template":"templates\/full-width-page.php","meta":{"_monsterinsights_skip_tracking":false,"_monsterinsights_sitenote_active":false,"_monsterinsights_sitenote_note":"","_monsterinsights_sitenote_category":0,"footnotes":""},"class_list":["post-38","page","type-page","status-publish","hentry"],"yoast_head":"<!-- This site is optimized with the Yoast SEO plugin v23.5 - https:\/\/yoast.com\/wordpress\/plugins\/seo\/ -->\n<title>Ravitaillement - Pic du Midi de Bigorre<\/title>\n<meta name=\"robots\" content=\"index, follow, max-snippet:-1, max-image-preview:large, max-video-preview:-1\" \/>\n<link rel=\"canonical\" href=\"https:\/\/www.circuitsderando.com\/pyrenees\/pic-midi-bigorre\/ravitaillement\/\" \/>\n<meta property=\"og:locale\" content=\"fr_FR\" \/>\n<meta property=\"og:type\" content=\"article\" \/>\n<meta property=\"og:title\" content=\"Ravitaillement - Pic du Midi de Bigorre\" \/>\n<meta property=\"og:description\" content=\"Bagn\u00e8res de Bigorre : Nombreux commercesCampan : Petite Epicerie et Produits R\u00e9gionauxLa Mongie : Produits R\u00e9gionaux\" \/>\n<meta property=\"og:url\" content=\"https:\/\/www.circuitsderando.com\/pyrenees\/pic-midi-bigorre\/ravitaillement\/\" \/>\n<meta property=\"og:site_name\" content=\"Pic du Midi de Bigorre\" \/>\n<meta property=\"article:modified_time\" content=\"2020-11-05T13:53:11+00:00\" \/>\n<meta name=\"twitter:card\" content=\"summary_large_image\" \/>\n<script type=\"application\/ld+json\" class=\"yoast-schema-graph\">{\"@context\":\"https:\/\/schema.org\",\"@graph\":[{\"@type\":\"WebPage\",\"@id\":\"https:\/\/www.circuitsderando.com\/pyrenees\/pic-midi-bigorre\/ravitaillement\/\",\"url\":\"https:\/\/www.circuitsderando.com\/pyrenees\/pic-midi-bigorre\/ravitaillement\/\",\"name\":\"Ravitaillement - Pic du Midi de Bigorre\",\"isPartOf\":{\"@id\":\"https:\/\/www.circuitsderando.com\/pyrenees\/pic-midi-bigorre\/#website\"},\"datePublished\":\"2020-11-05T06:19:23+00:00\",\"dateModified\":\"2020-11-05T13:53:11+00:00\",\"breadcrumb\":{\"@id\":\"https:\/\/www.circuitsderando.com\/pyrenees\/pic-midi-bigorre\/ravitaillement\/#breadcrumb\"},\"inLanguage\":\"fr-FR\",\"potentialAction\":[{\"@type\":\"ReadAction\",\"target\":[\"https:\/\/www.circuitsderando.com\/pyrenees\/pic-midi-bigorre\/ravitaillement\/\"]}]},{\"@type\":\"BreadcrumbList\",\"@id\":\"https:\/\/www.circuitsderando.com\/pyrenees\/pic-midi-bigorre\/ravitaillement\/#breadcrumb\",\"itemListElement\":[{\"@type\":\"ListItem\",\"position\":1,\"name\":\"Chemin du Pic du Midi de Bigorre\",\"item\":\"https:\/\/www.circuitsderando.com\/pyrenees\/pic-midi-bigorre\/\"},{\"@type\":\"ListItem\",\"position\":2,\"name\":\"Ravitaillement\"}]},{\"@type\":\"WebSite\",\"@id\":\"https:\/\/www.circuitsderando.com\/pyrenees\/pic-midi-bigorre\/#website\",\"url\":\"https:\/\/www.circuitsderando.com\/pyrenees\/pic-midi-bigorre\/\",\"name\":\"Pic du Midi de Bigorre\",\"description\":\"Bagneres - Campan - La Mongie - Tourmalet - Bagn\u00e8res\",\"potentialAction\":[{\"@type\":\"SearchAction\",\"target\":{\"@type\":\"EntryPoint\",\"urlTemplate\":\"https:\/\/www.circuitsderando.com\/pyrenees\/pic-midi-bigorre\/?s={search_term_string}\"},\"query-input\":{\"@type\":\"PropertyValueSpecification\",\"valueRequired\":true,\"valueName\":\"search_term_string\"}}],\"inLanguage\":\"fr-FR\"}]}<\/script>\n<!-- \/ Yoast SEO plugin. -->","yoast_head_json":{"title":"Ravitaillement - Pic du Midi de Bigorre","robots":{"index":"index","follow":"follow","max-snippet":"max-snippet:-1","max-image-preview":"max-image-preview:large","max-video-preview":"max-video-preview:-1"},"canonical":"https:\/\/www.circuitsderando.com\/pyrenees\/pic-midi-bigorre\/ravitaillement\/","og_locale":"fr_FR","og_type":"article","og_title":"Ravitaillement - Pic du Midi de Bigorre","og_description":"Bagn\u00e8res de Bigorre : Nombreux commercesCampan : Petite Epicerie et Produits R\u00e9gionauxLa Mongie : Produits R\u00e9gionaux","og_url":"https:\/\/www.circuitsderando.com\/pyrenees\/pic-midi-bigorre\/ravitaillement\/","og_site_name":"Pic du Midi de Bigorre","article_modified_time":"2020-11-05T13:53:11+00:00","twitter_card":"summary_large_image","schema":{"@context":"https:\/\/schema.org","@graph":[{"@type":"WebPage","@id":"https:\/\/www.circuitsderando.com\/pyrenees\/pic-midi-bigorre\/ravitaillement\/","url":"https:\/\/www.circuitsderando.com\/pyrenees\/pic-midi-bigorre\/ravitaillement\/","name":"Ravitaillement - Pic du Midi de Bigorre","isPartOf":{"@id":"https:\/\/www.circuitsderando.com\/pyrenees\/pic-midi-bigorre\/#website"},"datePublished":"2020-11-05T06:19:23+00:00","dateModified":"2020-11-05T13:53:11+00:00","breadcrumb":{"@id":"https:\/\/www.circuitsderando.com\/pyrenees\/pic-midi-bigorre\/ravitaillement\/#breadcrumb"},"inLanguage":"fr-FR","potentialAction":[{"@type":"ReadAction","target":["https:\/\/www.circuitsderando.com\/pyrenees\/pic-midi-bigorre\/ravitaillement\/"]}]},{"@type":"BreadcrumbList","@id":"https:\/\/www.circuitsderando.com\/pyrenees\/pic-midi-bigorre\/ravitaillement\/#breadcrumb","itemListElement":[{"@type":"ListItem","position":1,"name":"Chemin du Pic du Midi de Bigorre","item":"https:\/\/www.circuitsderando.com\/pyrenees\/pic-midi-bigorre\/"},{"@type":"ListItem","position":2,"name":"Ravitaillement"}]},{"@type":"WebSite","@id":"https:\/\/www.circuitsderando.com\/pyrenees\/pic-midi-bigorre\/#website","url":"https:\/\/www.circuitsderando.com\/pyrenees\/pic-midi-bigorre\/","name":"Pic du Midi de Bigorre","description":"Bagneres - Campan - La Mongie - Tourmalet - Bagn\u00e8res","potentialAction":[{"@type":"SearchAction","target":{"@type":"EntryPoint","urlTemplate":"https:\/\/www.circuitsderando.com\/pyrenees\/pic-midi-bigorre\/?s={search_term_string}"},"query-input":{"@type":"PropertyValueSpecification","valueRequired":true,"valueName":"search_term_string"}}],"inLanguage":"fr-FR"}]}},"_links":{"self":[{"href":"https:\/\/www.circuitsderando.com\/pyrenees\/pic-midi-bigorre\/wp-json\/wp\/v2\/pages\/38"}],"collection":[{"href":"https:\/\/www.circuitsderando.com\/pyrenees\/pic-midi-bigorre\/wp-json\/wp\/v2\/pages"}],"about":[{"href":"https:\/\/www.circuitsderando.com\/pyrenees\/pic-midi-bigorre\/wp-json\/wp\/v2\/types\/page"}],"author":[{"embeddable":true,"href":"https:\/\/www.circuitsderando.com\/pyrenees\/pic-midi-bigorre\/wp-json\/wp\/v2\/users\/1"}],"replies":[{"embeddable":true,"href":"https:\/\/www.circuitsderando.com\/pyrenees\/pic-midi-bigorre\/wp-json\/wp\/v2\/comments?post=38"}],"version-history":[{"count":2,"href":"https:\/\/www.circuitsderando.com\/pyrenees\/pic-midi-bigorre\/wp-json\/wp\/v2\/pages\/38\/revisions"}],"predecessor-version":[{"id":176,"href":"https:\/\/www.circuitsderando.com\/pyrenees\/pic-midi-bigorre\/wp-json\/wp\/v2\/pages\/38\/revisions\/176"}],"wp:attachment":[{"href":"https:\/\/www.circuitsderando.com\/pyrenees\/pic-midi-bigorre\/wp-json\/wp\/v2\/media?parent=38"}],"curies":[{"name":"wp","href":"https:\/\/api.w.org\/{rel}","templated":true}]}}