{"id":24,"date":"2020-11-05T07:16:27","date_gmt":"2020-11-05T06:16:27","guid":{"rendered":"https:\/\/www.circuitsderando.com\/pyrenees\/pic-midi-bigorre\/?page_id=24"},"modified":"2022-11-17T08:54:09","modified_gmt":"2022-11-17T07:54:09","slug":"artigues-de-gripp-pic-du-midi","status":"publish","type":"page","link":"https:\/\/www.circuitsderando.com\/pyrenees\/pic-midi-bigorre\/artigues-de-gripp-pic-du-midi\/","title":{"rendered":"Artigues de Gripp &#8211; Pic du Midi"},"content":{"rendered":"\n<div class=\"wp-block-columns is-layout-flex wp-container-core-columns-is-layout-1 wp-block-columns-is-layout-flex\">\n<div class=\"wp-block-column is-layout-flow wp-block-column-is-layout-flow\">\n<figure class=\"wp-block-image size-large\"><a href=\"https:\/\/www.circuitsderando.com\/pyrenees\/pic-midi-bigorre\/wp-content\/uploads\/2020\/11\/artigues.jpg\" target=\"_blank\" rel=\"noreferrer noopener\"><img loading=\"lazy\" decoding=\"async\" width=\"960\" height=\"720\" src=\"https:\/\/www.circuitsderando.com\/pyrenees\/pic-midi-bigorre\/wp-content\/uploads\/2020\/11\/artigues.jpg\" alt=\"\" class=\"wp-image-127\" srcset=\"https:\/\/www.circuitsderando.com\/pyrenees\/pic-midi-bigorre\/wp-content\/uploads\/2020\/11\/artigues.jpg 960w, https:\/\/www.circuitsderando.com\/pyrenees\/pic-midi-bigorre\/wp-content\/uploads\/2020\/11\/artigues-300x225.jpg 300w, https:\/\/www.circuitsderando.com\/pyrenees\/pic-midi-bigorre\/wp-content\/uploads\/2020\/11\/artigues-768x576.jpg 768w, https:\/\/www.circuitsderando.com\/pyrenees\/pic-midi-bigorre\/wp-content\/uploads\/2020\/11\/artigues-690x518.jpg 690w\" sizes=\"(max-width: 960px) 100vw, 960px\" \/><\/a><figcaption class=\"wp-element-caption\">ARTIGUES DE GRIPP (1203 M)<br><br>Mont\u00e9e vers la Mongie <\/figcaption><\/figure>\n<\/div>\n\n\n\n<div class=\"wp-block-column is-layout-flow wp-block-column-is-layout-flow\">\n<figure class=\"wp-block-image size-large\"><a href=\"https:\/\/www.circuitsderando.com\/pyrenees\/pic-midi-bigorre\/wp-content\/uploads\/2020\/11\/vaches-tramazaygues.jpg\" target=\"_blank\" rel=\"noreferrer noopener\"><img loading=\"lazy\" decoding=\"async\" width=\"960\" height=\"720\" src=\"https:\/\/www.circuitsderando.com\/pyrenees\/pic-midi-bigorre\/wp-content\/uploads\/2020\/11\/vaches-tramazaygues.jpg\" alt=\"\" class=\"wp-image-128\" srcset=\"https:\/\/www.circuitsderando.com\/pyrenees\/pic-midi-bigorre\/wp-content\/uploads\/2020\/11\/vaches-tramazaygues.jpg 960w, https:\/\/www.circuitsderando.com\/pyrenees\/pic-midi-bigorre\/wp-content\/uploads\/2020\/11\/vaches-tramazaygues-300x225.jpg 300w, https:\/\/www.circuitsderando.com\/pyrenees\/pic-midi-bigorre\/wp-content\/uploads\/2020\/11\/vaches-tramazaygues-768x576.jpg 768w, https:\/\/www.circuitsderando.com\/pyrenees\/pic-midi-bigorre\/wp-content\/uploads\/2020\/11\/vaches-tramazaygues-690x518.jpg 690w\" sizes=\"(max-width: 960px) 100vw, 960px\" \/><\/a><figcaption class=\"wp-element-caption\"><strong>CABANES DE TRAMAZAYGUES (1475 M)<\/strong><br><br>Ces cabanes sont situ\u00e9es\u00e0 environ 600m du barrage de Castillon. Elles abritent surtout des vaches car les fermiers habitent dans les villages voisins.<\/figcaption><\/figure>\n<\/div>\n\n\n\n<div class=\"wp-block-column is-layout-flow wp-block-column-is-layout-flow\">\n<figure class=\"wp-block-image size-large\"><a href=\"https:\/\/www.circuitsderando.com\/pyrenees\/pic-midi-bigorre\/wp-content\/uploads\/2020\/11\/barrage-de-castillon.jpg\" target=\"_blank\" rel=\"noreferrer noopener\"><img loading=\"lazy\" decoding=\"async\" width=\"960\" height=\"720\" src=\"https:\/\/www.circuitsderando.com\/pyrenees\/pic-midi-bigorre\/wp-content\/uploads\/2020\/11\/barrage-de-castillon.jpg\" alt=\"\" class=\"wp-image-129\" srcset=\"https:\/\/www.circuitsderando.com\/pyrenees\/pic-midi-bigorre\/wp-content\/uploads\/2020\/11\/barrage-de-castillon.jpg 960w, https:\/\/www.circuitsderando.com\/pyrenees\/pic-midi-bigorre\/wp-content\/uploads\/2020\/11\/barrage-de-castillon-300x225.jpg 300w, https:\/\/www.circuitsderando.com\/pyrenees\/pic-midi-bigorre\/wp-content\/uploads\/2020\/11\/barrage-de-castillon-768x576.jpg 768w, https:\/\/www.circuitsderando.com\/pyrenees\/pic-midi-bigorre\/wp-content\/uploads\/2020\/11\/barrage-de-castillon-690x518.jpg 690w\" sizes=\"(max-width: 960px) 100vw, 960px\" \/><\/a><figcaption class=\"wp-element-caption\"><strong>BARRAGE DE CASTILLON (1553 M)<\/strong><br><br>Barrage situ\u00e9 entre le lieu-dit d&rsquo;Artigues de Gripp et la station de la Mongie. Ce barrage alimente le torrent qui dessert la vall\u00e9e de Gripp.<\/figcaption><\/figure>\n<\/div>\n<\/div>\n\n\n\n<div class=\"wp-block-columns is-layout-flex wp-container-core-columns-is-layout-2 wp-block-columns-is-layout-flex\">\n<div class=\"wp-block-column is-layout-flow wp-block-column-is-layout-flow\">\n<figure class=\"wp-block-image size-large\"><a href=\"https:\/\/www.circuitsderando.com\/pyrenees\/pic-midi-bigorre\/wp-content\/uploads\/2020\/11\/accueil-pic-du-midi.jpg\" target=\"_blank\" rel=\"noreferrer noopener\"><img loading=\"lazy\" decoding=\"async\" width=\"960\" height=\"720\" src=\"https:\/\/www.circuitsderando.com\/pyrenees\/pic-midi-bigorre\/wp-content\/uploads\/2020\/11\/accueil-pic-du-midi.jpg\" alt=\"\" class=\"wp-image-131\" srcset=\"https:\/\/www.circuitsderando.com\/pyrenees\/pic-midi-bigorre\/wp-content\/uploads\/2020\/11\/accueil-pic-du-midi.jpg 960w, https:\/\/www.circuitsderando.com\/pyrenees\/pic-midi-bigorre\/wp-content\/uploads\/2020\/11\/accueil-pic-du-midi-300x225.jpg 300w, https:\/\/www.circuitsderando.com\/pyrenees\/pic-midi-bigorre\/wp-content\/uploads\/2020\/11\/accueil-pic-du-midi-768x576.jpg 768w, https:\/\/www.circuitsderando.com\/pyrenees\/pic-midi-bigorre\/wp-content\/uploads\/2020\/11\/accueil-pic-du-midi-690x518.jpg 690w\" sizes=\"(max-width: 960px) 100vw, 960px\" \/><\/a><figcaption class=\"wp-element-caption\"><strong>ACCUEIL MUSEE PIC DU MIDI (2872 M)<\/strong><br><br>Espace accueil du Pic du Midi pour les visiteurs. Ce batiment a \u00e9t\u00e9 renomm\u00e9 lors de la transformation partielle de l&rsquo;Observatoire en mus\u00e9e.<\/figcaption><\/figure>\n<\/div>\n\n\n\n<div class=\"wp-block-column is-layout-flow wp-block-column-is-layout-flow\">\n<figure class=\"wp-block-image size-large\"><a href=\"https:\/\/www.circuitsderando.com\/pyrenees\/pic-midi-bigorre\/wp-content\/uploads\/2020\/11\/coupole-60cm-amateurs.jpg\" target=\"_blank\" rel=\"noreferrer noopener\"><img loading=\"lazy\" decoding=\"async\" width=\"960\" height=\"720\" src=\"https:\/\/www.circuitsderando.com\/pyrenees\/pic-midi-bigorre\/wp-content\/uploads\/2020\/11\/coupole-60cm-amateurs.jpg\" alt=\"\" class=\"wp-image-132\" srcset=\"https:\/\/www.circuitsderando.com\/pyrenees\/pic-midi-bigorre\/wp-content\/uploads\/2020\/11\/coupole-60cm-amateurs.jpg 960w, https:\/\/www.circuitsderando.com\/pyrenees\/pic-midi-bigorre\/wp-content\/uploads\/2020\/11\/coupole-60cm-amateurs-300x225.jpg 300w, https:\/\/www.circuitsderando.com\/pyrenees\/pic-midi-bigorre\/wp-content\/uploads\/2020\/11\/coupole-60cm-amateurs-768x576.jpg 768w, https:\/\/www.circuitsderando.com\/pyrenees\/pic-midi-bigorre\/wp-content\/uploads\/2020\/11\/coupole-60cm-amateurs-690x518.jpg 690w\" sizes=\"(max-width: 960px) 100vw, 960px\" \/><\/a><figcaption class=\"wp-element-caption\"><strong>COUPOLE DE 60 CM (2872 M)<\/strong><br><br>Coupole d&rsquo;observation astronomique.<\/figcaption><\/figure>\n<\/div>\n\n\n\n<div class=\"wp-block-column is-layout-flow wp-block-column-is-layout-flow\">\n<figure class=\"wp-block-image size-large\"><a href=\"https:\/\/www.circuitsderando.com\/pyrenees\/pic-midi-bigorre\/wp-content\/uploads\/2020\/11\/vuepicmidi.jpg\" target=\"_blank\" rel=\"noreferrer noopener\"><img loading=\"lazy\" decoding=\"async\" width=\"960\" height=\"720\" src=\"https:\/\/www.circuitsderando.com\/pyrenees\/pic-midi-bigorre\/wp-content\/uploads\/2020\/11\/vuepicmidi.jpg\" alt=\"\" class=\"wp-image-134\" srcset=\"https:\/\/www.circuitsderando.com\/pyrenees\/pic-midi-bigorre\/wp-content\/uploads\/2020\/11\/vuepicmidi.jpg 960w, https:\/\/www.circuitsderando.com\/pyrenees\/pic-midi-bigorre\/wp-content\/uploads\/2020\/11\/vuepicmidi-300x225.jpg 300w, https:\/\/www.circuitsderando.com\/pyrenees\/pic-midi-bigorre\/wp-content\/uploads\/2020\/11\/vuepicmidi-768x576.jpg 768w, https:\/\/www.circuitsderando.com\/pyrenees\/pic-midi-bigorre\/wp-content\/uploads\/2020\/11\/vuepicmidi-690x518.jpg 690w\" sizes=\"(max-width: 960px) 100vw, 960px\" \/><\/a><figcaption class=\"wp-element-caption\"><strong>PIC DU MIDI (2876 M)<\/strong><br><br>Vue sur la cha\u00eene des pyr\u00e9n\u00e9es.<\/figcaption><\/figure>\n<\/div>\n<\/div>\n\n\n\n<p class=\"has-text-align-right\"><a href=\"https:\/\/www.circuitsderando.com\/pyrenees\/pic-midi-bigorre\/tourmalet-bagneres-de-bigorre\/\">Etape 6 : Col du Tourmalet &#8211; Bagn\u00e8res de Bigorre &gt;&gt;&gt;<\/a><\/p>\n","protected":false},"excerpt":{"rendered":"<p>Etape 6 : Col du Tourmalet &#8211; Bagn\u00e8res de Bigorre &gt;&gt;&gt;<\/p>\n","protected":false},"author":1,"featured_media":0,"parent":0,"menu_order":0,"comment_status":"closed","ping_status":"closed","template":"templates\/full-width-page.php","meta":{"_monsterinsights_skip_tracking":false,"_monsterinsights_sitenote_active":false,"_monsterinsights_sitenote_note":"","_monsterinsights_sitenote_category":0,"footnotes":""},"class_list":["post-24","page","type-page","status-publish","hentry"],"yoast_head":"<!-- This site is optimized with the Yoast SEO plugin v23.5 - https:\/\/yoast.com\/wordpress\/plugins\/seo\/ -->\n<title>Artigues de Gripp - Pic du Midi - Pic du Midi de Bigorre<\/title>\n<meta name=\"robots\" content=\"index, follow, max-snippet:-1, max-image-preview:large, max-video-preview:-1\" \/>\n<link rel=\"canonical\" href=\"https:\/\/www.circuitsderando.com\/pyrenees\/pic-midi-bigorre\/artigues-de-gripp-pic-du-midi\/\" \/>\n<meta property=\"og:locale\" content=\"fr_FR\" \/>\n<meta property=\"og:type\" content=\"article\" \/>\n<meta property=\"og:title\" content=\"Artigues de Gripp - Pic du Midi - Pic du Midi de Bigorre\" \/>\n<meta property=\"og:description\" content=\"Etape 6 : Col du Tourmalet &#8211; Bagn\u00e8res de Bigorre &gt;&gt;&gt;\" \/>\n<meta property=\"og:url\" content=\"https:\/\/www.circuitsderando.com\/pyrenees\/pic-midi-bigorre\/artigues-de-gripp-pic-du-midi\/\" \/>\n<meta property=\"og:site_name\" content=\"Pic du Midi de Bigorre\" \/>\n<meta property=\"article:modified_time\" content=\"2022-11-17T07:54:09+00:00\" \/>\n<meta property=\"og:image\" content=\"https:\/\/www.circuitsderando.com\/pyrenees\/pic-midi-bigorre\/wp-content\/uploads\/2020\/11\/artigues.jpg\" \/>\n<meta name=\"twitter:card\" content=\"summary_large_image\" \/>\n<meta name=\"twitter:label1\" content=\"Dur\u00e9e de lecture estim\u00e9e\" \/>\n\t<meta name=\"twitter:data1\" content=\"2 minutes\" \/>\n<script type=\"application\/ld+json\" class=\"yoast-schema-graph\">{\"@context\":\"https:\/\/schema.org\",\"@graph\":[{\"@type\":\"WebPage\",\"@id\":\"https:\/\/www.circuitsderando.com\/pyrenees\/pic-midi-bigorre\/artigues-de-gripp-pic-du-midi\/\",\"url\":\"https:\/\/www.circuitsderando.com\/pyrenees\/pic-midi-bigorre\/artigues-de-gripp-pic-du-midi\/\",\"name\":\"Artigues de Gripp - Pic du Midi - Pic du Midi de Bigorre\",\"isPartOf\":{\"@id\":\"https:\/\/www.circuitsderando.com\/pyrenees\/pic-midi-bigorre\/#website\"},\"primaryImageOfPage\":{\"@id\":\"https:\/\/www.circuitsderando.com\/pyrenees\/pic-midi-bigorre\/artigues-de-gripp-pic-du-midi\/#primaryimage\"},\"image\":{\"@id\":\"https:\/\/www.circuitsderando.com\/pyrenees\/pic-midi-bigorre\/artigues-de-gripp-pic-du-midi\/#primaryimage\"},\"thumbnailUrl\":\"https:\/\/www.circuitsderando.com\/pyrenees\/pic-midi-bigorre\/wp-content\/uploads\/2020\/11\/artigues.jpg\",\"datePublished\":\"2020-11-05T06:16:27+00:00\",\"dateModified\":\"2022-11-17T07:54:09+00:00\",\"breadcrumb\":{\"@id\":\"https:\/\/www.circuitsderando.com\/pyrenees\/pic-midi-bigorre\/artigues-de-gripp-pic-du-midi\/#breadcrumb\"},\"inLanguage\":\"fr-FR\",\"potentialAction\":[{\"@type\":\"ReadAction\",\"target\":[\"https:\/\/www.circuitsderando.com\/pyrenees\/pic-midi-bigorre\/artigues-de-gripp-pic-du-midi\/\"]}]},{\"@type\":\"ImageObject\",\"inLanguage\":\"fr-FR\",\"@id\":\"https:\/\/www.circuitsderando.com\/pyrenees\/pic-midi-bigorre\/artigues-de-gripp-pic-du-midi\/#primaryimage\",\"url\":\"https:\/\/www.circuitsderando.com\/pyrenees\/pic-midi-bigorre\/wp-content\/uploads\/2020\/11\/artigues.jpg\",\"contentUrl\":\"https:\/\/www.circuitsderando.com\/pyrenees\/pic-midi-bigorre\/wp-content\/uploads\/2020\/11\/artigues.jpg\",\"width\":960,\"height\":720},{\"@type\":\"BreadcrumbList\",\"@id\":\"https:\/\/www.circuitsderando.com\/pyrenees\/pic-midi-bigorre\/artigues-de-gripp-pic-du-midi\/#breadcrumb\",\"itemListElement\":[{\"@type\":\"ListItem\",\"position\":1,\"name\":\"Chemin du Pic du Midi de Bigorre\",\"item\":\"https:\/\/www.circuitsderando.com\/pyrenees\/pic-midi-bigorre\/\"},{\"@type\":\"ListItem\",\"position\":2,\"name\":\"Artigues de Gripp &#8211; Pic du Midi\"}]},{\"@type\":\"WebSite\",\"@id\":\"https:\/\/www.circuitsderando.com\/pyrenees\/pic-midi-bigorre\/#website\",\"url\":\"https:\/\/www.circuitsderando.com\/pyrenees\/pic-midi-bigorre\/\",\"name\":\"Pic du Midi de Bigorre\",\"description\":\"Bagneres - Campan - La Mongie - Tourmalet - Bagn\u00e8res\",\"potentialAction\":[{\"@type\":\"SearchAction\",\"target\":{\"@type\":\"EntryPoint\",\"urlTemplate\":\"https:\/\/www.circuitsderando.com\/pyrenees\/pic-midi-bigorre\/?s={search_term_string}\"},\"query-input\":{\"@type\":\"PropertyValueSpecification\",\"valueRequired\":true,\"valueName\":\"search_term_string\"}}],\"inLanguage\":\"fr-FR\"}]}<\/script>\n<!-- \/ Yoast SEO plugin. -->","yoast_head_json":{"title":"Artigues de Gripp - Pic du Midi - Pic du Midi de Bigorre","robots":{"index":"index","follow":"follow","max-snippet":"max-snippet:-1","max-image-preview":"max-image-preview:large","max-video-preview":"max-video-preview:-1"},"canonical":"https:\/\/www.circuitsderando.com\/pyrenees\/pic-midi-bigorre\/artigues-de-gripp-pic-du-midi\/","og_locale":"fr_FR","og_type":"article","og_title":"Artigues de Gripp - Pic du Midi - Pic du Midi de Bigorre","og_description":"Etape 6 : Col du Tourmalet &#8211; Bagn\u00e8res de Bigorre &gt;&gt;&gt;","og_url":"https:\/\/www.circuitsderando.com\/pyrenees\/pic-midi-bigorre\/artigues-de-gripp-pic-du-midi\/","og_site_name":"Pic du Midi de Bigorre","article_modified_time":"2022-11-17T07:54:09+00:00","og_image":[{"url":"https:\/\/www.circuitsderando.com\/pyrenees\/pic-midi-bigorre\/wp-content\/uploads\/2020\/11\/artigues.jpg"}],"twitter_card":"summary_large_image","twitter_misc":{"Dur\u00e9e de lecture estim\u00e9e":"2 minutes"},"schema":{"@context":"https:\/\/schema.org","@graph":[{"@type":"WebPage","@id":"https:\/\/www.circuitsderando.com\/pyrenees\/pic-midi-bigorre\/artigues-de-gripp-pic-du-midi\/","url":"https:\/\/www.circuitsderando.com\/pyrenees\/pic-midi-bigorre\/artigues-de-gripp-pic-du-midi\/","name":"Artigues de Gripp - Pic du Midi - Pic du Midi de Bigorre","isPartOf":{"@id":"https:\/\/www.circuitsderando.com\/pyrenees\/pic-midi-bigorre\/#website"},"primaryImageOfPage":{"@id":"https:\/\/www.circuitsderando.com\/pyrenees\/pic-midi-bigorre\/artigues-de-gripp-pic-du-midi\/#primaryimage"},"image":{"@id":"https:\/\/www.circuitsderando.com\/pyrenees\/pic-midi-bigorre\/artigues-de-gripp-pic-du-midi\/#primaryimage"},"thumbnailUrl":"https:\/\/www.circuitsderando.com\/pyrenees\/pic-midi-bigorre\/wp-content\/uploads\/2020\/11\/artigues.jpg","datePublished":"2020-11-05T06:16:27+00:00","dateModified":"2022-11-17T07:54:09+00:00","breadcrumb":{"@id":"https:\/\/www.circuitsderando.com\/pyrenees\/pic-midi-bigorre\/artigues-de-gripp-pic-du-midi\/#breadcrumb"},"inLanguage":"fr-FR","potentialAction":[{"@type":"ReadAction","target":["https:\/\/www.circuitsderando.com\/pyrenees\/pic-midi-bigorre\/artigues-de-gripp-pic-du-midi\/"]}]},{"@type":"ImageObject","inLanguage":"fr-FR","@id":"https:\/\/www.circuitsderando.com\/pyrenees\/pic-midi-bigorre\/artigues-de-gripp-pic-du-midi\/#primaryimage","url":"https:\/\/www.circuitsderando.com\/pyrenees\/pic-midi-bigorre\/wp-content\/uploads\/2020\/11\/artigues.jpg","contentUrl":"https:\/\/www.circuitsderando.com\/pyrenees\/pic-midi-bigorre\/wp-content\/uploads\/2020\/11\/artigues.jpg","width":960,"height":720},{"@type":"BreadcrumbList","@id":"https:\/\/www.circuitsderando.com\/pyrenees\/pic-midi-bigorre\/artigues-de-gripp-pic-du-midi\/#breadcrumb","itemListElement":[{"@type":"ListItem","position":1,"name":"Chemin du Pic du Midi de Bigorre","item":"https:\/\/www.circuitsderando.com\/pyrenees\/pic-midi-bigorre\/"},{"@type":"ListItem","position":2,"name":"Artigues de Gripp &#8211; Pic du Midi"}]},{"@type":"WebSite","@id":"https:\/\/www.circuitsderando.com\/pyrenees\/pic-midi-bigorre\/#website","url":"https:\/\/www.circuitsderando.com\/pyrenees\/pic-midi-bigorre\/","name":"Pic du Midi de Bigorre","description":"Bagneres - Campan - La Mongie - Tourmalet - Bagn\u00e8res","potentialAction":[{"@type":"SearchAction","target":{"@type":"EntryPoint","urlTemplate":"https:\/\/www.circuitsderando.com\/pyrenees\/pic-midi-bigorre\/?s={search_term_string}"},"query-input":{"@type":"PropertyValueSpecification","valueRequired":true,"valueName":"search_term_string"}}],"inLanguage":"fr-FR"}]}},"_links":{"self":[{"href":"https:\/\/www.circuitsderando.com\/pyrenees\/pic-midi-bigorre\/wp-json\/wp\/v2\/pages\/24"}],"collection":[{"href":"https:\/\/www.circuitsderando.com\/pyrenees\/pic-midi-bigorre\/wp-json\/wp\/v2\/pages"}],"about":[{"href":"https:\/\/www.circuitsderando.com\/pyrenees\/pic-midi-bigorre\/wp-json\/wp\/v2\/types\/page"}],"author":[{"embeddable":true,"href":"https:\/\/www.circuitsderando.com\/pyrenees\/pic-midi-bigorre\/wp-json\/wp\/v2\/users\/1"}],"replies":[{"embeddable":true,"href":"https:\/\/www.circuitsderando.com\/pyrenees\/pic-midi-bigorre\/wp-json\/wp\/v2\/comments?post=24"}],"version-history":[{"count":5,"href":"https:\/\/www.circuitsderando.com\/pyrenees\/pic-midi-bigorre\/wp-json\/wp\/v2\/pages\/24\/revisions"}],"predecessor-version":[{"id":218,"href":"https:\/\/www.circuitsderando.com\/pyrenees\/pic-midi-bigorre\/wp-json\/wp\/v2\/pages\/24\/revisions\/218"}],"wp:attachment":[{"href":"https:\/\/www.circuitsderando.com\/pyrenees\/pic-midi-bigorre\/wp-json\/wp\/v2\/media?parent=24"}],"curies":[{"name":"wp","href":"https:\/\/api.w.org\/{rel}","templated":true}]}}