{"id":22,"date":"2020-11-05T07:15:51","date_gmt":"2020-11-05T06:15:51","guid":{"rendered":"https:\/\/www.circuitsderando.com\/pyrenees\/pic-midi-bigorre\/?page_id=22"},"modified":"2022-11-17T08:53:18","modified_gmt":"2022-11-17T07:53:18","slug":"beyrede-artigues-de-gripp","status":"publish","type":"page","link":"https:\/\/www.circuitsderando.com\/pyrenees\/pic-midi-bigorre\/beyrede-artigues-de-gripp\/","title":{"rendered":"Beyr\u00e8de &#8211; Artigues de Gripp"},"content":{"rendered":"\n<div class=\"wp-block-columns is-layout-flex wp-container-core-columns-is-layout-1 wp-block-columns-is-layout-flex\">\n<div class=\"wp-block-column is-layout-flow wp-block-column-is-layout-flow\">\n<figure class=\"wp-block-image size-large\"><a href=\"https:\/\/www.circuitsderando.com\/pyrenees\/pic-midi-bigorre\/wp-content\/uploads\/2020\/11\/pic-du-midi-depuis-beyrede.jpg\" target=\"_blank\" rel=\"noreferrer noopener\"><img loading=\"lazy\" decoding=\"async\" width=\"960\" height=\"720\" src=\"https:\/\/www.circuitsderando.com\/pyrenees\/pic-midi-bigorre\/wp-content\/uploads\/2020\/11\/pic-du-midi-depuis-beyrede.jpg\" alt=\"\" class=\"wp-image-114\" srcset=\"https:\/\/www.circuitsderando.com\/pyrenees\/pic-midi-bigorre\/wp-content\/uploads\/2020\/11\/pic-du-midi-depuis-beyrede.jpg 960w, https:\/\/www.circuitsderando.com\/pyrenees\/pic-midi-bigorre\/wp-content\/uploads\/2020\/11\/pic-du-midi-depuis-beyrede-300x225.jpg 300w, https:\/\/www.circuitsderando.com\/pyrenees\/pic-midi-bigorre\/wp-content\/uploads\/2020\/11\/pic-du-midi-depuis-beyrede-768x576.jpg 768w, https:\/\/www.circuitsderando.com\/pyrenees\/pic-midi-bigorre\/wp-content\/uploads\/2020\/11\/pic-du-midi-depuis-beyrede-690x518.jpg 690w\" sizes=\"(max-width: 960px) 100vw, 960px\" \/><\/a><figcaption class=\"wp-element-caption\"><strong>PIC DU MIDI DE BIGORRE (2876 M)<\/strong><br><br>Le pic du midi de Bigorre est visible de toute la vall\u00e9e de Campan. Ce pic accueille un observatoire astronomique.<\/figcaption><\/figure>\n<\/div>\n\n\n\n<div class=\"wp-block-column is-layout-flow wp-block-column-is-layout-flow\">\n<figure class=\"wp-block-image size-large\"><a href=\"https:\/\/www.circuitsderando.com\/pyrenees\/pic-midi-bigorre\/wp-content\/uploads\/2020\/11\/arbizon-depuis-plo-del-naou.jpg\" target=\"_blank\" rel=\"noreferrer noopener\"><img loading=\"lazy\" decoding=\"async\" width=\"960\" height=\"720\" src=\"https:\/\/www.circuitsderando.com\/pyrenees\/pic-midi-bigorre\/wp-content\/uploads\/2020\/11\/arbizon-depuis-plo-del-naou.jpg\" alt=\"\" class=\"wp-image-116\" srcset=\"https:\/\/www.circuitsderando.com\/pyrenees\/pic-midi-bigorre\/wp-content\/uploads\/2020\/11\/arbizon-depuis-plo-del-naou.jpg 960w, https:\/\/www.circuitsderando.com\/pyrenees\/pic-midi-bigorre\/wp-content\/uploads\/2020\/11\/arbizon-depuis-plo-del-naou-300x225.jpg 300w, https:\/\/www.circuitsderando.com\/pyrenees\/pic-midi-bigorre\/wp-content\/uploads\/2020\/11\/arbizon-depuis-plo-del-naou-768x576.jpg 768w, https:\/\/www.circuitsderando.com\/pyrenees\/pic-midi-bigorre\/wp-content\/uploads\/2020\/11\/arbizon-depuis-plo-del-naou-690x518.jpg 690w\" sizes=\"(max-width: 960px) 100vw, 960px\" \/><\/a><figcaption class=\"wp-element-caption\"><strong>ARBIZON (2831 M)<\/strong><br><br>Montagne visible depuis l&rsquo;extr\u00e9mit\u00e9 du Plo del Naou.<\/figcaption><\/figure>\n<\/div>\n\n\n\n<div class=\"wp-block-column is-layout-flow wp-block-column-is-layout-flow\">\n<figure class=\"wp-block-image size-large\"><a href=\"https:\/\/www.circuitsderando.com\/pyrenees\/pic-midi-bigorre\/wp-content\/uploads\/2020\/11\/cabanes-de-la-hosse.jpg\" target=\"_blank\" rel=\"noreferrer noopener\"><img loading=\"lazy\" decoding=\"async\" width=\"960\" height=\"720\" src=\"https:\/\/www.circuitsderando.com\/pyrenees\/pic-midi-bigorre\/wp-content\/uploads\/2020\/11\/cabanes-de-la-hosse.jpg\" alt=\"\" class=\"wp-image-124\" srcset=\"https:\/\/www.circuitsderando.com\/pyrenees\/pic-midi-bigorre\/wp-content\/uploads\/2020\/11\/cabanes-de-la-hosse.jpg 960w, https:\/\/www.circuitsderando.com\/pyrenees\/pic-midi-bigorre\/wp-content\/uploads\/2020\/11\/cabanes-de-la-hosse-300x225.jpg 300w, https:\/\/www.circuitsderando.com\/pyrenees\/pic-midi-bigorre\/wp-content\/uploads\/2020\/11\/cabanes-de-la-hosse-768x576.jpg 768w, https:\/\/www.circuitsderando.com\/pyrenees\/pic-midi-bigorre\/wp-content\/uploads\/2020\/11\/cabanes-de-la-hosse-690x518.jpg 690w\" sizes=\"(max-width: 960px) 100vw, 960px\" \/><\/a><figcaption class=\"wp-element-caption\"><strong>CABANES DE HOSSE (1409 M)<\/strong><br><br>Ces cabanes sont abandonn\u00e9es. Elles sont situ\u00e9es pr\u00e8s du Lac de Payolle.<\/figcaption><\/figure>\n<\/div>\n<\/div>\n\n\n\n<div class=\"wp-block-columns is-layout-flex wp-container-core-columns-is-layout-2 wp-block-columns-is-layout-flex\">\n<div class=\"wp-block-column is-layout-flow wp-block-column-is-layout-flow\">\n<figure class=\"wp-block-image size-large\"><a href=\"https:\/\/www.circuitsderando.com\/pyrenees\/pic-midi-bigorre\/wp-content\/uploads\/2020\/11\/lac-de-payolle2.jpg\" target=\"_blank\" rel=\"noreferrer noopener\"><img loading=\"lazy\" decoding=\"async\" width=\"960\" height=\"720\" src=\"https:\/\/www.circuitsderando.com\/pyrenees\/pic-midi-bigorre\/wp-content\/uploads\/2020\/11\/lac-de-payolle2.jpg\" alt=\"\" class=\"wp-image-120\" srcset=\"https:\/\/www.circuitsderando.com\/pyrenees\/pic-midi-bigorre\/wp-content\/uploads\/2020\/11\/lac-de-payolle2.jpg 960w, https:\/\/www.circuitsderando.com\/pyrenees\/pic-midi-bigorre\/wp-content\/uploads\/2020\/11\/lac-de-payolle2-300x225.jpg 300w, https:\/\/www.circuitsderando.com\/pyrenees\/pic-midi-bigorre\/wp-content\/uploads\/2020\/11\/lac-de-payolle2-768x576.jpg 768w, https:\/\/www.circuitsderando.com\/pyrenees\/pic-midi-bigorre\/wp-content\/uploads\/2020\/11\/lac-de-payolle2-690x518.jpg 690w\" sizes=\"(max-width: 960px) 100vw, 960px\" \/><\/a><figcaption class=\"wp-element-caption\"><strong>LAC DE PAYOLLE (1139 M)<\/strong><br><br>Vue du Lac de Payolle depuis la descente du Plo del Naou. En hiver, le Lac de Payolle est une station de ski de fond.<\/figcaption><\/figure>\n<\/div>\n\n\n\n<div class=\"wp-block-column is-layout-flow wp-block-column-is-layout-flow\">\n<figure class=\"wp-block-image size-large\"><a href=\"https:\/\/www.circuitsderando.com\/pyrenees\/pic-midi-bigorre\/wp-content\/uploads\/2020\/11\/vache-et-village-abandonne.jpg\" target=\"_blank\" rel=\"noreferrer noopener\"><img loading=\"lazy\" decoding=\"async\" width=\"960\" height=\"720\" src=\"https:\/\/www.circuitsderando.com\/pyrenees\/pic-midi-bigorre\/wp-content\/uploads\/2020\/11\/vache-et-village-abandonne.jpg\" alt=\"\" class=\"wp-image-122\" srcset=\"https:\/\/www.circuitsderando.com\/pyrenees\/pic-midi-bigorre\/wp-content\/uploads\/2020\/11\/vache-et-village-abandonne.jpg 960w, https:\/\/www.circuitsderando.com\/pyrenees\/pic-midi-bigorre\/wp-content\/uploads\/2020\/11\/vache-et-village-abandonne-300x225.jpg 300w, https:\/\/www.circuitsderando.com\/pyrenees\/pic-midi-bigorre\/wp-content\/uploads\/2020\/11\/vache-et-village-abandonne-768x576.jpg 768w, https:\/\/www.circuitsderando.com\/pyrenees\/pic-midi-bigorre\/wp-content\/uploads\/2020\/11\/vache-et-village-abandonne-690x518.jpg 690w\" sizes=\"(max-width: 960px) 100vw, 960px\" \/><\/a><figcaption class=\"wp-element-caption\"><strong>ARTIGUSSY (1229 M)<\/strong><br><br>Ce lieu-dit est surnomm\u00e9 \u00ab\u00a0Le village abandonn\u00e9\u00a0\u00bb car de nombreuses maisons s&rsquo;y trouvent mais ne sont plus habit\u00e9es du tout.<\/figcaption><\/figure>\n<\/div>\n\n\n\n<div class=\"wp-block-column is-layout-flow wp-block-column-is-layout-flow\">\n<figure class=\"wp-block-image size-large\"><a href=\"https:\/\/www.circuitsderando.com\/pyrenees\/pic-midi-bigorre\/wp-content\/uploads\/2020\/11\/cascade-avant-artigues.jpg\" target=\"_blank\" rel=\"noreferrer noopener\"><img loading=\"lazy\" decoding=\"async\" width=\"960\" height=\"720\" src=\"https:\/\/www.circuitsderando.com\/pyrenees\/pic-midi-bigorre\/wp-content\/uploads\/2020\/11\/cascade-avant-artigues.jpg\" alt=\"\" class=\"wp-image-119\" srcset=\"https:\/\/www.circuitsderando.com\/pyrenees\/pic-midi-bigorre\/wp-content\/uploads\/2020\/11\/cascade-avant-artigues.jpg 960w, https:\/\/www.circuitsderando.com\/pyrenees\/pic-midi-bigorre\/wp-content\/uploads\/2020\/11\/cascade-avant-artigues-300x225.jpg 300w, https:\/\/www.circuitsderando.com\/pyrenees\/pic-midi-bigorre\/wp-content\/uploads\/2020\/11\/cascade-avant-artigues-768x576.jpg 768w, https:\/\/www.circuitsderando.com\/pyrenees\/pic-midi-bigorre\/wp-content\/uploads\/2020\/11\/cascade-avant-artigues-690x518.jpg 690w\" sizes=\"(max-width: 960px) 100vw, 960px\" \/><\/a><figcaption class=\"wp-element-caption\"><strong>ARTIGUES DE GRIPP  (1203 M)<\/strong><br><br>Cascade avant Artigues de Gripp<\/figcaption><\/figure>\n<\/div>\n<\/div>\n\n\n\n<p class=\"has-text-align-right\"><a href=\"https:\/\/www.circuitsderando.com\/pyrenees\/pic-midi-bigorre\/artigues-de-gripp-pic-du-midi\/\">Etape 5 : Artigues de Gripp &#8211; Pic du Midi de Bigorre &gt;&gt;&gt;<\/a><\/p>\n","protected":false},"excerpt":{"rendered":"<p>Etape 5 : Artigues de Gripp &#8211; Pic du Midi de Bigorre &gt;&gt;&gt;<\/p>\n","protected":false},"author":1,"featured_media":0,"parent":0,"menu_order":0,"comment_status":"closed","ping_status":"closed","template":"templates\/full-width-page.php","meta":{"_monsterinsights_skip_tracking":false,"_monsterinsights_sitenote_active":false,"_monsterinsights_sitenote_note":"","_monsterinsights_sitenote_category":0,"footnotes":""},"class_list":["post-22","page","type-page","status-publish","hentry"],"yoast_head":"<!-- This site is optimized with the Yoast SEO plugin v23.5 - https:\/\/yoast.com\/wordpress\/plugins\/seo\/ -->\n<title>Beyr\u00e8de - Artigues de Gripp - Pic du Midi de Bigorre<\/title>\n<meta name=\"robots\" content=\"index, follow, max-snippet:-1, max-image-preview:large, max-video-preview:-1\" \/>\n<link rel=\"canonical\" href=\"https:\/\/www.circuitsderando.com\/pyrenees\/pic-midi-bigorre\/beyrede-artigues-de-gripp\/\" \/>\n<meta property=\"og:locale\" content=\"fr_FR\" \/>\n<meta property=\"og:type\" content=\"article\" \/>\n<meta property=\"og:title\" content=\"Beyr\u00e8de - Artigues de Gripp - Pic du Midi de Bigorre\" \/>\n<meta property=\"og:description\" content=\"Etape 5 : Artigues de Gripp &#8211; Pic du Midi de Bigorre &gt;&gt;&gt;\" \/>\n<meta property=\"og:url\" content=\"https:\/\/www.circuitsderando.com\/pyrenees\/pic-midi-bigorre\/beyrede-artigues-de-gripp\/\" \/>\n<meta property=\"og:site_name\" content=\"Pic du Midi de Bigorre\" \/>\n<meta property=\"article:modified_time\" content=\"2022-11-17T07:53:18+00:00\" \/>\n<meta property=\"og:image\" content=\"https:\/\/www.circuitsderando.com\/pyrenees\/pic-midi-bigorre\/wp-content\/uploads\/2020\/11\/pic-du-midi-depuis-beyrede.jpg\" \/>\n<meta name=\"twitter:card\" content=\"summary_large_image\" \/>\n<meta name=\"twitter:label1\" content=\"Dur\u00e9e de lecture estim\u00e9e\" \/>\n\t<meta name=\"twitter:data1\" content=\"2 minutes\" \/>\n<script type=\"application\/ld+json\" class=\"yoast-schema-graph\">{\"@context\":\"https:\/\/schema.org\",\"@graph\":[{\"@type\":\"WebPage\",\"@id\":\"https:\/\/www.circuitsderando.com\/pyrenees\/pic-midi-bigorre\/beyrede-artigues-de-gripp\/\",\"url\":\"https:\/\/www.circuitsderando.com\/pyrenees\/pic-midi-bigorre\/beyrede-artigues-de-gripp\/\",\"name\":\"Beyr\u00e8de - Artigues de Gripp - Pic du Midi de Bigorre\",\"isPartOf\":{\"@id\":\"https:\/\/www.circuitsderando.com\/pyrenees\/pic-midi-bigorre\/#website\"},\"primaryImageOfPage\":{\"@id\":\"https:\/\/www.circuitsderando.com\/pyrenees\/pic-midi-bigorre\/beyrede-artigues-de-gripp\/#primaryimage\"},\"image\":{\"@id\":\"https:\/\/www.circuitsderando.com\/pyrenees\/pic-midi-bigorre\/beyrede-artigues-de-gripp\/#primaryimage\"},\"thumbnailUrl\":\"https:\/\/www.circuitsderando.com\/pyrenees\/pic-midi-bigorre\/wp-content\/uploads\/2020\/11\/pic-du-midi-depuis-beyrede.jpg\",\"datePublished\":\"2020-11-05T06:15:51+00:00\",\"dateModified\":\"2022-11-17T07:53:18+00:00\",\"breadcrumb\":{\"@id\":\"https:\/\/www.circuitsderando.com\/pyrenees\/pic-midi-bigorre\/beyrede-artigues-de-gripp\/#breadcrumb\"},\"inLanguage\":\"fr-FR\",\"potentialAction\":[{\"@type\":\"ReadAction\",\"target\":[\"https:\/\/www.circuitsderando.com\/pyrenees\/pic-midi-bigorre\/beyrede-artigues-de-gripp\/\"]}]},{\"@type\":\"ImageObject\",\"inLanguage\":\"fr-FR\",\"@id\":\"https:\/\/www.circuitsderando.com\/pyrenees\/pic-midi-bigorre\/beyrede-artigues-de-gripp\/#primaryimage\",\"url\":\"https:\/\/www.circuitsderando.com\/pyrenees\/pic-midi-bigorre\/wp-content\/uploads\/2020\/11\/pic-du-midi-depuis-beyrede.jpg\",\"contentUrl\":\"https:\/\/www.circuitsderando.com\/pyrenees\/pic-midi-bigorre\/wp-content\/uploads\/2020\/11\/pic-du-midi-depuis-beyrede.jpg\",\"width\":960,\"height\":720},{\"@type\":\"BreadcrumbList\",\"@id\":\"https:\/\/www.circuitsderando.com\/pyrenees\/pic-midi-bigorre\/beyrede-artigues-de-gripp\/#breadcrumb\",\"itemListElement\":[{\"@type\":\"ListItem\",\"position\":1,\"name\":\"Chemin du Pic du Midi de Bigorre\",\"item\":\"https:\/\/www.circuitsderando.com\/pyrenees\/pic-midi-bigorre\/\"},{\"@type\":\"ListItem\",\"position\":2,\"name\":\"Beyr\u00e8de &#8211; Artigues de Gripp\"}]},{\"@type\":\"WebSite\",\"@id\":\"https:\/\/www.circuitsderando.com\/pyrenees\/pic-midi-bigorre\/#website\",\"url\":\"https:\/\/www.circuitsderando.com\/pyrenees\/pic-midi-bigorre\/\",\"name\":\"Pic du Midi de Bigorre\",\"description\":\"Bagneres - Campan - La Mongie - Tourmalet - Bagn\u00e8res\",\"potentialAction\":[{\"@type\":\"SearchAction\",\"target\":{\"@type\":\"EntryPoint\",\"urlTemplate\":\"https:\/\/www.circuitsderando.com\/pyrenees\/pic-midi-bigorre\/?s={search_term_string}\"},\"query-input\":{\"@type\":\"PropertyValueSpecification\",\"valueRequired\":true,\"valueName\":\"search_term_string\"}}],\"inLanguage\":\"fr-FR\"}]}<\/script>\n<!-- \/ Yoast SEO plugin. -->","yoast_head_json":{"title":"Beyr\u00e8de - Artigues de Gripp - Pic du Midi de Bigorre","robots":{"index":"index","follow":"follow","max-snippet":"max-snippet:-1","max-image-preview":"max-image-preview:large","max-video-preview":"max-video-preview:-1"},"canonical":"https:\/\/www.circuitsderando.com\/pyrenees\/pic-midi-bigorre\/beyrede-artigues-de-gripp\/","og_locale":"fr_FR","og_type":"article","og_title":"Beyr\u00e8de - Artigues de Gripp - Pic du Midi de Bigorre","og_description":"Etape 5 : Artigues de Gripp &#8211; Pic du Midi de Bigorre &gt;&gt;&gt;","og_url":"https:\/\/www.circuitsderando.com\/pyrenees\/pic-midi-bigorre\/beyrede-artigues-de-gripp\/","og_site_name":"Pic du Midi de Bigorre","article_modified_time":"2022-11-17T07:53:18+00:00","og_image":[{"url":"https:\/\/www.circuitsderando.com\/pyrenees\/pic-midi-bigorre\/wp-content\/uploads\/2020\/11\/pic-du-midi-depuis-beyrede.jpg"}],"twitter_card":"summary_large_image","twitter_misc":{"Dur\u00e9e de lecture estim\u00e9e":"2 minutes"},"schema":{"@context":"https:\/\/schema.org","@graph":[{"@type":"WebPage","@id":"https:\/\/www.circuitsderando.com\/pyrenees\/pic-midi-bigorre\/beyrede-artigues-de-gripp\/","url":"https:\/\/www.circuitsderando.com\/pyrenees\/pic-midi-bigorre\/beyrede-artigues-de-gripp\/","name":"Beyr\u00e8de - Artigues de Gripp - Pic du Midi de Bigorre","isPartOf":{"@id":"https:\/\/www.circuitsderando.com\/pyrenees\/pic-midi-bigorre\/#website"},"primaryImageOfPage":{"@id":"https:\/\/www.circuitsderando.com\/pyrenees\/pic-midi-bigorre\/beyrede-artigues-de-gripp\/#primaryimage"},"image":{"@id":"https:\/\/www.circuitsderando.com\/pyrenees\/pic-midi-bigorre\/beyrede-artigues-de-gripp\/#primaryimage"},"thumbnailUrl":"https:\/\/www.circuitsderando.com\/pyrenees\/pic-midi-bigorre\/wp-content\/uploads\/2020\/11\/pic-du-midi-depuis-beyrede.jpg","datePublished":"2020-11-05T06:15:51+00:00","dateModified":"2022-11-17T07:53:18+00:00","breadcrumb":{"@id":"https:\/\/www.circuitsderando.com\/pyrenees\/pic-midi-bigorre\/beyrede-artigues-de-gripp\/#breadcrumb"},"inLanguage":"fr-FR","potentialAction":[{"@type":"ReadAction","target":["https:\/\/www.circuitsderando.com\/pyrenees\/pic-midi-bigorre\/beyrede-artigues-de-gripp\/"]}]},{"@type":"ImageObject","inLanguage":"fr-FR","@id":"https:\/\/www.circuitsderando.com\/pyrenees\/pic-midi-bigorre\/beyrede-artigues-de-gripp\/#primaryimage","url":"https:\/\/www.circuitsderando.com\/pyrenees\/pic-midi-bigorre\/wp-content\/uploads\/2020\/11\/pic-du-midi-depuis-beyrede.jpg","contentUrl":"https:\/\/www.circuitsderando.com\/pyrenees\/pic-midi-bigorre\/wp-content\/uploads\/2020\/11\/pic-du-midi-depuis-beyrede.jpg","width":960,"height":720},{"@type":"BreadcrumbList","@id":"https:\/\/www.circuitsderando.com\/pyrenees\/pic-midi-bigorre\/beyrede-artigues-de-gripp\/#breadcrumb","itemListElement":[{"@type":"ListItem","position":1,"name":"Chemin du Pic du Midi de Bigorre","item":"https:\/\/www.circuitsderando.com\/pyrenees\/pic-midi-bigorre\/"},{"@type":"ListItem","position":2,"name":"Beyr\u00e8de &#8211; Artigues de Gripp"}]},{"@type":"WebSite","@id":"https:\/\/www.circuitsderando.com\/pyrenees\/pic-midi-bigorre\/#website","url":"https:\/\/www.circuitsderando.com\/pyrenees\/pic-midi-bigorre\/","name":"Pic du Midi de Bigorre","description":"Bagneres - Campan - La Mongie - Tourmalet - Bagn\u00e8res","potentialAction":[{"@type":"SearchAction","target":{"@type":"EntryPoint","urlTemplate":"https:\/\/www.circuitsderando.com\/pyrenees\/pic-midi-bigorre\/?s={search_term_string}"},"query-input":{"@type":"PropertyValueSpecification","valueRequired":true,"valueName":"search_term_string"}}],"inLanguage":"fr-FR"}]}},"_links":{"self":[{"href":"https:\/\/www.circuitsderando.com\/pyrenees\/pic-midi-bigorre\/wp-json\/wp\/v2\/pages\/22"}],"collection":[{"href":"https:\/\/www.circuitsderando.com\/pyrenees\/pic-midi-bigorre\/wp-json\/wp\/v2\/pages"}],"about":[{"href":"https:\/\/www.circuitsderando.com\/pyrenees\/pic-midi-bigorre\/wp-json\/wp\/v2\/types\/page"}],"author":[{"embeddable":true,"href":"https:\/\/www.circuitsderando.com\/pyrenees\/pic-midi-bigorre\/wp-json\/wp\/v2\/users\/1"}],"replies":[{"embeddable":true,"href":"https:\/\/www.circuitsderando.com\/pyrenees\/pic-midi-bigorre\/wp-json\/wp\/v2\/comments?post=22"}],"version-history":[{"count":8,"href":"https:\/\/www.circuitsderando.com\/pyrenees\/pic-midi-bigorre\/wp-json\/wp\/v2\/pages\/22\/revisions"}],"predecessor-version":[{"id":217,"href":"https:\/\/www.circuitsderando.com\/pyrenees\/pic-midi-bigorre\/wp-json\/wp\/v2\/pages\/22\/revisions\/217"}],"wp:attachment":[{"href":"https:\/\/www.circuitsderando.com\/pyrenees\/pic-midi-bigorre\/wp-json\/wp\/v2\/media?parent=22"}],"curies":[{"name":"wp","href":"https:\/\/api.w.org\/{rel}","templated":true}]}}