{"id":20,"date":"2020-11-05T07:15:23","date_gmt":"2020-11-05T06:15:23","guid":{"rendered":"https:\/\/www.circuitsderando.com\/pyrenees\/pic-midi-bigorre\/?page_id=20"},"modified":"2022-11-17T08:52:17","modified_gmt":"2022-11-17T07:52:17","slug":"ste-marie-de-c-beyrede","status":"publish","type":"page","link":"https:\/\/www.circuitsderando.com\/pyrenees\/pic-midi-bigorre\/ste-marie-de-c-beyrede\/","title":{"rendered":"Ste Marie de C . &#8211; Beyr\u00e8de"},"content":{"rendered":"\n<div class=\"wp-block-columns is-layout-flex wp-container-core-columns-is-layout-1 wp-block-columns-is-layout-flex\">\n<div class=\"wp-block-column is-layout-flow wp-block-column-is-layout-flow\">\n<figure class=\"wp-block-image size-large\"><a href=\"https:\/\/www.circuitsderando.com\/pyrenees\/pic-midi-bigorre\/wp-content\/uploads\/2020\/11\/eglise-ste-marie-de-campan.jpg\" target=\"_blank\" rel=\"noreferrer noopener\"><img loading=\"lazy\" decoding=\"async\" width=\"960\" height=\"720\" src=\"https:\/\/www.circuitsderando.com\/pyrenees\/pic-midi-bigorre\/wp-content\/uploads\/2020\/11\/eglise-ste-marie-de-campan.jpg\" alt=\"\" class=\"wp-image-98\" srcset=\"https:\/\/www.circuitsderando.com\/pyrenees\/pic-midi-bigorre\/wp-content\/uploads\/2020\/11\/eglise-ste-marie-de-campan.jpg 960w, https:\/\/www.circuitsderando.com\/pyrenees\/pic-midi-bigorre\/wp-content\/uploads\/2020\/11\/eglise-ste-marie-de-campan-300x225.jpg 300w, https:\/\/www.circuitsderando.com\/pyrenees\/pic-midi-bigorre\/wp-content\/uploads\/2020\/11\/eglise-ste-marie-de-campan-768x576.jpg 768w, https:\/\/www.circuitsderando.com\/pyrenees\/pic-midi-bigorre\/wp-content\/uploads\/2020\/11\/eglise-ste-marie-de-campan-690x518.jpg 690w\" sizes=\"(max-width: 960px) 100vw, 960px\" \/><\/a><figcaption class=\"wp-element-caption\"><strong>EGLISE NOTRE DAME (830 M)<\/strong> <br><br>Eglise de Ste Marie de Campan, \u00e0 nef unique se prolongeant par un chevet pentagonal sur lequel se juxtaposent la sacristie, le porche et le massif du clocher.<\/figcaption><\/figure>\n<\/div>\n\n\n\n<div class=\"wp-block-column is-layout-flow wp-block-column-is-layout-flow\">\n<figure class=\"wp-block-image size-large\"><a href=\"https:\/\/www.circuitsderando.com\/pyrenees\/pic-midi-bigorre\/wp-content\/uploads\/2020\/11\/maison-fleurie-2.jpg\" target=\"_blank\" rel=\"noreferrer noopener\"><img loading=\"lazy\" decoding=\"async\" width=\"960\" height=\"720\" src=\"https:\/\/www.circuitsderando.com\/pyrenees\/pic-midi-bigorre\/wp-content\/uploads\/2020\/11\/maison-fleurie-2.jpg\" alt=\"\" class=\"wp-image-100\" srcset=\"https:\/\/www.circuitsderando.com\/pyrenees\/pic-midi-bigorre\/wp-content\/uploads\/2020\/11\/maison-fleurie-2.jpg 960w, https:\/\/www.circuitsderando.com\/pyrenees\/pic-midi-bigorre\/wp-content\/uploads\/2020\/11\/maison-fleurie-2-300x225.jpg 300w, https:\/\/www.circuitsderando.com\/pyrenees\/pic-midi-bigorre\/wp-content\/uploads\/2020\/11\/maison-fleurie-2-768x576.jpg 768w, https:\/\/www.circuitsderando.com\/pyrenees\/pic-midi-bigorre\/wp-content\/uploads\/2020\/11\/maison-fleurie-2-690x518.jpg 690w\" sizes=\"(max-width: 960px) 100vw, 960px\" \/><\/a><figcaption class=\"wp-element-caption\"><strong>MAISON FLEURIE (850 M)<\/strong><br><br>Maison fleurie \u00e0 la sortie de Ste Marie direction Estupas.<\/figcaption><\/figure>\n<\/div>\n\n\n\n<div class=\"wp-block-column is-layout-flow wp-block-column-is-layout-flow\">\n<figure class=\"wp-block-image size-large\"><a href=\"https:\/\/www.circuitsderando.com\/pyrenees\/pic-midi-bigorre\/wp-content\/uploads\/2020\/11\/estupas.jpg\" target=\"_blank\" rel=\"noreferrer noopener\"><img loading=\"lazy\" decoding=\"async\" width=\"960\" height=\"720\" src=\"https:\/\/www.circuitsderando.com\/pyrenees\/pic-midi-bigorre\/wp-content\/uploads\/2020\/11\/estupas.jpg\" alt=\"\" class=\"wp-image-101\" srcset=\"https:\/\/www.circuitsderando.com\/pyrenees\/pic-midi-bigorre\/wp-content\/uploads\/2020\/11\/estupas.jpg 960w, https:\/\/www.circuitsderando.com\/pyrenees\/pic-midi-bigorre\/wp-content\/uploads\/2020\/11\/estupas-300x225.jpg 300w, https:\/\/www.circuitsderando.com\/pyrenees\/pic-midi-bigorre\/wp-content\/uploads\/2020\/11\/estupas-768x576.jpg 768w, https:\/\/www.circuitsderando.com\/pyrenees\/pic-midi-bigorre\/wp-content\/uploads\/2020\/11\/estupas-690x518.jpg 690w\" sizes=\"(max-width: 960px) 100vw, 960px\" \/><\/a><figcaption class=\"wp-element-caption\"><strong>ESTUPAS (913 M)<\/strong><br><br>Petit village situ\u00e9 entre Ste Marie de Campan et La S\u00e9oube. Il est domin\u00e9 par le Courtaou del Pla.<\/figcaption><\/figure>\n<\/div>\n<\/div>\n\n\n\n<div class=\"wp-block-columns is-layout-flex wp-container-core-columns-is-layout-2 wp-block-columns-is-layout-flex\">\n<div class=\"wp-block-column is-layout-flow wp-block-column-is-layout-flow\">\n<figure class=\"wp-block-image size-large\"><a href=\"https:\/\/www.circuitsderando.com\/pyrenees\/pic-midi-bigorre\/wp-content\/uploads\/2020\/11\/vallee-de-campan.jpg\" target=\"_blank\" rel=\"noreferrer noopener\"><img loading=\"lazy\" decoding=\"async\" width=\"960\" height=\"720\" src=\"https:\/\/www.circuitsderando.com\/pyrenees\/pic-midi-bigorre\/wp-content\/uploads\/2020\/11\/vallee-de-campan.jpg\" alt=\"\" class=\"wp-image-104\" srcset=\"https:\/\/www.circuitsderando.com\/pyrenees\/pic-midi-bigorre\/wp-content\/uploads\/2020\/11\/vallee-de-campan.jpg 960w, https:\/\/www.circuitsderando.com\/pyrenees\/pic-midi-bigorre\/wp-content\/uploads\/2020\/11\/vallee-de-campan-300x225.jpg 300w, https:\/\/www.circuitsderando.com\/pyrenees\/pic-midi-bigorre\/wp-content\/uploads\/2020\/11\/vallee-de-campan-768x576.jpg 768w, https:\/\/www.circuitsderando.com\/pyrenees\/pic-midi-bigorre\/wp-content\/uploads\/2020\/11\/vallee-de-campan-690x518.jpg 690w\" sizes=\"(max-width: 960px) 100vw, 960px\" \/><\/a><figcaption class=\"wp-element-caption\"><strong>VALLEE DE CAMPAN (913 M)<\/strong><br><br>Belle vue de la vall\u00e9e de Campan depuis le Courtaou del Pla. Par beau temps, on peut voir le Pic du Midi de Bigorre.<\/figcaption><\/figure>\n<\/div>\n\n\n\n<div class=\"wp-block-column is-layout-flow wp-block-column-is-layout-flow\">\n<figure class=\"wp-block-image size-large\"><a href=\"https:\/\/www.circuitsderando.com\/pyrenees\/pic-midi-bigorre\/wp-content\/uploads\/2020\/11\/cailhet.jpg\" target=\"_blank\" rel=\"noreferrer noopener\"><img loading=\"lazy\" decoding=\"async\" width=\"960\" height=\"720\" src=\"https:\/\/www.circuitsderando.com\/pyrenees\/pic-midi-bigorre\/wp-content\/uploads\/2020\/11\/cailhet.jpg\" alt=\"\" class=\"wp-image-105\" srcset=\"https:\/\/www.circuitsderando.com\/pyrenees\/pic-midi-bigorre\/wp-content\/uploads\/2020\/11\/cailhet.jpg 960w, https:\/\/www.circuitsderando.com\/pyrenees\/pic-midi-bigorre\/wp-content\/uploads\/2020\/11\/cailhet-300x225.jpg 300w, https:\/\/www.circuitsderando.com\/pyrenees\/pic-midi-bigorre\/wp-content\/uploads\/2020\/11\/cailhet-768x576.jpg 768w, https:\/\/www.circuitsderando.com\/pyrenees\/pic-midi-bigorre\/wp-content\/uploads\/2020\/11\/cailhet-690x518.jpg 690w\" sizes=\"(max-width: 960px) 100vw, 960px\" \/><\/a><figcaption class=\"wp-element-caption\"><strong>CAILHET (1232 M)<\/strong><br><br>Cailhet<\/figcaption><\/figure>\n<\/div>\n\n\n\n<div class=\"wp-block-column is-layout-flow wp-block-column-is-layout-flow\">\n<figure class=\"wp-block-image size-large\"><a href=\"https:\/\/www.circuitsderando.com\/pyrenees\/pic-midi-bigorre\/wp-content\/uploads\/2020\/11\/ruines-cailhets.jpg\" target=\"_blank\" rel=\"noreferrer noopener\"><img loading=\"lazy\" decoding=\"async\" width=\"960\" height=\"720\" src=\"https:\/\/www.circuitsderando.com\/pyrenees\/pic-midi-bigorre\/wp-content\/uploads\/2020\/11\/ruines-cailhets.jpg\" alt=\"\" class=\"wp-image-106\" srcset=\"https:\/\/www.circuitsderando.com\/pyrenees\/pic-midi-bigorre\/wp-content\/uploads\/2020\/11\/ruines-cailhets.jpg 960w, https:\/\/www.circuitsderando.com\/pyrenees\/pic-midi-bigorre\/wp-content\/uploads\/2020\/11\/ruines-cailhets-300x225.jpg 300w, https:\/\/www.circuitsderando.com\/pyrenees\/pic-midi-bigorre\/wp-content\/uploads\/2020\/11\/ruines-cailhets-768x576.jpg 768w, https:\/\/www.circuitsderando.com\/pyrenees\/pic-midi-bigorre\/wp-content\/uploads\/2020\/11\/ruines-cailhets-690x518.jpg 690w\" sizes=\"(max-width: 960px) 100vw, 960px\" \/><\/a><figcaption class=\"wp-element-caption\"><strong>RUINES CAILHETS (1232 M)<\/strong><br><br>Ruines Cailhets<\/figcaption><\/figure>\n<\/div>\n<\/div>\n\n\n\n<div class=\"wp-block-columns is-layout-flex wp-container-core-columns-is-layout-3 wp-block-columns-is-layout-flex\">\n<div class=\"wp-block-column is-layout-flow wp-block-column-is-layout-flow\">\n<figure class=\"wp-block-image size-large\"><a href=\"https:\/\/www.circuitsderando.com\/pyrenees\/pic-midi-bigorre\/wp-content\/uploads\/2020\/11\/les-4-veziaux.jpg\" target=\"_blank\" rel=\"noreferrer noopener\"><img loading=\"lazy\" decoding=\"async\" width=\"960\" height=\"720\" src=\"https:\/\/www.circuitsderando.com\/pyrenees\/pic-midi-bigorre\/wp-content\/uploads\/2020\/11\/les-4-veziaux.jpg\" alt=\"\" class=\"wp-image-108\" srcset=\"https:\/\/www.circuitsderando.com\/pyrenees\/pic-midi-bigorre\/wp-content\/uploads\/2020\/11\/les-4-veziaux.jpg 960w, https:\/\/www.circuitsderando.com\/pyrenees\/pic-midi-bigorre\/wp-content\/uploads\/2020\/11\/les-4-veziaux-300x225.jpg 300w, https:\/\/www.circuitsderando.com\/pyrenees\/pic-midi-bigorre\/wp-content\/uploads\/2020\/11\/les-4-veziaux-768x576.jpg 768w, https:\/\/www.circuitsderando.com\/pyrenees\/pic-midi-bigorre\/wp-content\/uploads\/2020\/11\/les-4-veziaux-690x518.jpg 690w\" sizes=\"(max-width: 960px) 100vw, 960px\" \/><\/a><figcaption class=\"wp-element-caption\"><strong>LES 4 VESIAUX (1420 M)<\/strong><br><br>Montagnes situ\u00e9es dans la vall\u00e9e de St Lary Soulan. Elles sont visibles depuis le col de Beyr\u00e8de.<\/figcaption><\/figure>\n<\/div>\n\n\n\n<div class=\"wp-block-column is-layout-flow wp-block-column-is-layout-flow\">\n<figure class=\"wp-block-image size-large\"><a href=\"https:\/\/www.circuitsderando.com\/pyrenees\/pic-midi-bigorre\/wp-content\/uploads\/2020\/11\/arc-en-ciel-beyrede-4.jpg\" target=\"_blank\" rel=\"noreferrer noopener\"><img loading=\"lazy\" decoding=\"async\" width=\"960\" height=\"720\" src=\"https:\/\/www.circuitsderando.com\/pyrenees\/pic-midi-bigorre\/wp-content\/uploads\/2020\/11\/arc-en-ciel-beyrede-4.jpg\" alt=\"\" class=\"wp-image-109\" srcset=\"https:\/\/www.circuitsderando.com\/pyrenees\/pic-midi-bigorre\/wp-content\/uploads\/2020\/11\/arc-en-ciel-beyrede-4.jpg 960w, https:\/\/www.circuitsderando.com\/pyrenees\/pic-midi-bigorre\/wp-content\/uploads\/2020\/11\/arc-en-ciel-beyrede-4-300x225.jpg 300w, https:\/\/www.circuitsderando.com\/pyrenees\/pic-midi-bigorre\/wp-content\/uploads\/2020\/11\/arc-en-ciel-beyrede-4-768x576.jpg 768w, https:\/\/www.circuitsderando.com\/pyrenees\/pic-midi-bigorre\/wp-content\/uploads\/2020\/11\/arc-en-ciel-beyrede-4-690x518.jpg 690w\" sizes=\"(max-width: 960px) 100vw, 960px\" \/><\/a><figcaption class=\"wp-element-caption\"><strong>COL DE BEYREDE (1417 M)<\/strong><br><br>Arc en ciel pr\u00e8s du g\u00eete <\/figcaption><\/figure>\n<\/div>\n\n\n\n<div class=\"wp-block-column is-layout-flow wp-block-column-is-layout-flow\">\n<figure class=\"wp-block-image size-large\"><a href=\"https:\/\/www.circuitsderando.com\/pyrenees\/pic-midi-bigorre\/wp-content\/uploads\/2020\/11\/refuge-beyrede.jpg\" target=\"_blank\" rel=\"noreferrer noopener\"><img loading=\"lazy\" decoding=\"async\" width=\"960\" height=\"720\" src=\"https:\/\/www.circuitsderando.com\/pyrenees\/pic-midi-bigorre\/wp-content\/uploads\/2020\/11\/refuge-beyrede.jpg\" alt=\"\" class=\"wp-image-110\" srcset=\"https:\/\/www.circuitsderando.com\/pyrenees\/pic-midi-bigorre\/wp-content\/uploads\/2020\/11\/refuge-beyrede.jpg 960w, https:\/\/www.circuitsderando.com\/pyrenees\/pic-midi-bigorre\/wp-content\/uploads\/2020\/11\/refuge-beyrede-300x225.jpg 300w, https:\/\/www.circuitsderando.com\/pyrenees\/pic-midi-bigorre\/wp-content\/uploads\/2020\/11\/refuge-beyrede-768x576.jpg 768w, https:\/\/www.circuitsderando.com\/pyrenees\/pic-midi-bigorre\/wp-content\/uploads\/2020\/11\/refuge-beyrede-690x518.jpg 690w\" sizes=\"(max-width: 960px) 100vw, 960px\" \/><\/a><figcaption class=\"wp-element-caption\"><strong>REFUGE DE BEYREDE (913 M)<\/strong><br><br>Refuge situ\u00e9 au croisement des routes reliant le Ribe de la Poudge et le col de Beyr\u00e8de. Une belle vue de la vall\u00e9e est possible depuis ce refuge.<\/figcaption><\/figure>\n<\/div>\n<\/div>\n\n\n\n<p class=\"has-text-align-right\"><a href=\"https:\/\/www.circuitsderando.com\/pyrenees\/pic-midi-bigorre\/index.php\/beyrede-artigues-de-gripp\/\">Etape 4 : Beyr\u00e8de &#8211; La Mongie &#8211; Pic du Midi &gt;&gt;&gt;<\/a><\/p>\n","protected":false},"excerpt":{"rendered":"<p>Etape 4 : Beyr\u00e8de &#8211; La Mongie &#8211; Pic du Midi &gt;&gt;&gt;<\/p>\n","protected":false},"author":1,"featured_media":0,"parent":0,"menu_order":0,"comment_status":"closed","ping_status":"closed","template":"templates\/full-width-page.php","meta":{"_monsterinsights_skip_tracking":false,"_monsterinsights_sitenote_active":false,"_monsterinsights_sitenote_note":"","_monsterinsights_sitenote_category":0,"footnotes":""},"class_list":["post-20","page","type-page","status-publish","hentry"],"yoast_head":"<!-- This site is optimized with the Yoast SEO plugin v23.5 - https:\/\/yoast.com\/wordpress\/plugins\/seo\/ -->\n<title>Ste Marie de C . - Beyr\u00e8de - Pic du Midi de Bigorre<\/title>\n<meta name=\"robots\" content=\"index, follow, max-snippet:-1, max-image-preview:large, max-video-preview:-1\" \/>\n<link rel=\"canonical\" href=\"https:\/\/www.circuitsderando.com\/pyrenees\/pic-midi-bigorre\/ste-marie-de-c-beyrede\/\" \/>\n<meta property=\"og:locale\" content=\"fr_FR\" \/>\n<meta property=\"og:type\" content=\"article\" \/>\n<meta property=\"og:title\" content=\"Ste Marie de C . - Beyr\u00e8de - Pic du Midi de Bigorre\" \/>\n<meta property=\"og:description\" content=\"Etape 4 : Beyr\u00e8de &#8211; La Mongie &#8211; Pic du Midi &gt;&gt;&gt;\" \/>\n<meta property=\"og:url\" content=\"https:\/\/www.circuitsderando.com\/pyrenees\/pic-midi-bigorre\/ste-marie-de-c-beyrede\/\" \/>\n<meta property=\"og:site_name\" content=\"Pic du Midi de Bigorre\" \/>\n<meta property=\"article:modified_time\" content=\"2022-11-17T07:52:17+00:00\" \/>\n<meta property=\"og:image\" content=\"https:\/\/www.circuitsderando.com\/pyrenees\/pic-midi-bigorre\/wp-content\/uploads\/2020\/11\/eglise-ste-marie-de-campan.jpg\" \/>\n<meta name=\"twitter:card\" content=\"summary_large_image\" \/>\n<meta name=\"twitter:label1\" content=\"Dur\u00e9e de lecture estim\u00e9e\" \/>\n\t<meta name=\"twitter:data1\" content=\"3 minutes\" \/>\n<script type=\"application\/ld+json\" class=\"yoast-schema-graph\">{\"@context\":\"https:\/\/schema.org\",\"@graph\":[{\"@type\":\"WebPage\",\"@id\":\"https:\/\/www.circuitsderando.com\/pyrenees\/pic-midi-bigorre\/ste-marie-de-c-beyrede\/\",\"url\":\"https:\/\/www.circuitsderando.com\/pyrenees\/pic-midi-bigorre\/ste-marie-de-c-beyrede\/\",\"name\":\"Ste Marie de C . - Beyr\u00e8de - Pic du Midi de Bigorre\",\"isPartOf\":{\"@id\":\"https:\/\/www.circuitsderando.com\/pyrenees\/pic-midi-bigorre\/#website\"},\"primaryImageOfPage\":{\"@id\":\"https:\/\/www.circuitsderando.com\/pyrenees\/pic-midi-bigorre\/ste-marie-de-c-beyrede\/#primaryimage\"},\"image\":{\"@id\":\"https:\/\/www.circuitsderando.com\/pyrenees\/pic-midi-bigorre\/ste-marie-de-c-beyrede\/#primaryimage\"},\"thumbnailUrl\":\"https:\/\/www.circuitsderando.com\/pyrenees\/pic-midi-bigorre\/wp-content\/uploads\/2020\/11\/eglise-ste-marie-de-campan.jpg\",\"datePublished\":\"2020-11-05T06:15:23+00:00\",\"dateModified\":\"2022-11-17T07:52:17+00:00\",\"breadcrumb\":{\"@id\":\"https:\/\/www.circuitsderando.com\/pyrenees\/pic-midi-bigorre\/ste-marie-de-c-beyrede\/#breadcrumb\"},\"inLanguage\":\"fr-FR\",\"potentialAction\":[{\"@type\":\"ReadAction\",\"target\":[\"https:\/\/www.circuitsderando.com\/pyrenees\/pic-midi-bigorre\/ste-marie-de-c-beyrede\/\"]}]},{\"@type\":\"ImageObject\",\"inLanguage\":\"fr-FR\",\"@id\":\"https:\/\/www.circuitsderando.com\/pyrenees\/pic-midi-bigorre\/ste-marie-de-c-beyrede\/#primaryimage\",\"url\":\"https:\/\/www.circuitsderando.com\/pyrenees\/pic-midi-bigorre\/wp-content\/uploads\/2020\/11\/eglise-ste-marie-de-campan.jpg\",\"contentUrl\":\"https:\/\/www.circuitsderando.com\/pyrenees\/pic-midi-bigorre\/wp-content\/uploads\/2020\/11\/eglise-ste-marie-de-campan.jpg\",\"width\":960,\"height\":720},{\"@type\":\"BreadcrumbList\",\"@id\":\"https:\/\/www.circuitsderando.com\/pyrenees\/pic-midi-bigorre\/ste-marie-de-c-beyrede\/#breadcrumb\",\"itemListElement\":[{\"@type\":\"ListItem\",\"position\":1,\"name\":\"Chemin du Pic du Midi de Bigorre\",\"item\":\"https:\/\/www.circuitsderando.com\/pyrenees\/pic-midi-bigorre\/\"},{\"@type\":\"ListItem\",\"position\":2,\"name\":\"Ste Marie de C . &#8211; Beyr\u00e8de\"}]},{\"@type\":\"WebSite\",\"@id\":\"https:\/\/www.circuitsderando.com\/pyrenees\/pic-midi-bigorre\/#website\",\"url\":\"https:\/\/www.circuitsderando.com\/pyrenees\/pic-midi-bigorre\/\",\"name\":\"Pic du Midi de Bigorre\",\"description\":\"Bagneres - Campan - La Mongie - Tourmalet - Bagn\u00e8res\",\"potentialAction\":[{\"@type\":\"SearchAction\",\"target\":{\"@type\":\"EntryPoint\",\"urlTemplate\":\"https:\/\/www.circuitsderando.com\/pyrenees\/pic-midi-bigorre\/?s={search_term_string}\"},\"query-input\":{\"@type\":\"PropertyValueSpecification\",\"valueRequired\":true,\"valueName\":\"search_term_string\"}}],\"inLanguage\":\"fr-FR\"}]}<\/script>\n<!-- \/ Yoast SEO plugin. -->","yoast_head_json":{"title":"Ste Marie de C . - Beyr\u00e8de - Pic du Midi de Bigorre","robots":{"index":"index","follow":"follow","max-snippet":"max-snippet:-1","max-image-preview":"max-image-preview:large","max-video-preview":"max-video-preview:-1"},"canonical":"https:\/\/www.circuitsderando.com\/pyrenees\/pic-midi-bigorre\/ste-marie-de-c-beyrede\/","og_locale":"fr_FR","og_type":"article","og_title":"Ste Marie de C . - Beyr\u00e8de - Pic du Midi de Bigorre","og_description":"Etape 4 : Beyr\u00e8de &#8211; La Mongie &#8211; Pic du Midi &gt;&gt;&gt;","og_url":"https:\/\/www.circuitsderando.com\/pyrenees\/pic-midi-bigorre\/ste-marie-de-c-beyrede\/","og_site_name":"Pic du Midi de Bigorre","article_modified_time":"2022-11-17T07:52:17+00:00","og_image":[{"url":"https:\/\/www.circuitsderando.com\/pyrenees\/pic-midi-bigorre\/wp-content\/uploads\/2020\/11\/eglise-ste-marie-de-campan.jpg"}],"twitter_card":"summary_large_image","twitter_misc":{"Dur\u00e9e de lecture estim\u00e9e":"3 minutes"},"schema":{"@context":"https:\/\/schema.org","@graph":[{"@type":"WebPage","@id":"https:\/\/www.circuitsderando.com\/pyrenees\/pic-midi-bigorre\/ste-marie-de-c-beyrede\/","url":"https:\/\/www.circuitsderando.com\/pyrenees\/pic-midi-bigorre\/ste-marie-de-c-beyrede\/","name":"Ste Marie de C . - Beyr\u00e8de - Pic du Midi de Bigorre","isPartOf":{"@id":"https:\/\/www.circuitsderando.com\/pyrenees\/pic-midi-bigorre\/#website"},"primaryImageOfPage":{"@id":"https:\/\/www.circuitsderando.com\/pyrenees\/pic-midi-bigorre\/ste-marie-de-c-beyrede\/#primaryimage"},"image":{"@id":"https:\/\/www.circuitsderando.com\/pyrenees\/pic-midi-bigorre\/ste-marie-de-c-beyrede\/#primaryimage"},"thumbnailUrl":"https:\/\/www.circuitsderando.com\/pyrenees\/pic-midi-bigorre\/wp-content\/uploads\/2020\/11\/eglise-ste-marie-de-campan.jpg","datePublished":"2020-11-05T06:15:23+00:00","dateModified":"2022-11-17T07:52:17+00:00","breadcrumb":{"@id":"https:\/\/www.circuitsderando.com\/pyrenees\/pic-midi-bigorre\/ste-marie-de-c-beyrede\/#breadcrumb"},"inLanguage":"fr-FR","potentialAction":[{"@type":"ReadAction","target":["https:\/\/www.circuitsderando.com\/pyrenees\/pic-midi-bigorre\/ste-marie-de-c-beyrede\/"]}]},{"@type":"ImageObject","inLanguage":"fr-FR","@id":"https:\/\/www.circuitsderando.com\/pyrenees\/pic-midi-bigorre\/ste-marie-de-c-beyrede\/#primaryimage","url":"https:\/\/www.circuitsderando.com\/pyrenees\/pic-midi-bigorre\/wp-content\/uploads\/2020\/11\/eglise-ste-marie-de-campan.jpg","contentUrl":"https:\/\/www.circuitsderando.com\/pyrenees\/pic-midi-bigorre\/wp-content\/uploads\/2020\/11\/eglise-ste-marie-de-campan.jpg","width":960,"height":720},{"@type":"BreadcrumbList","@id":"https:\/\/www.circuitsderando.com\/pyrenees\/pic-midi-bigorre\/ste-marie-de-c-beyrede\/#breadcrumb","itemListElement":[{"@type":"ListItem","position":1,"name":"Chemin du Pic du Midi de Bigorre","item":"https:\/\/www.circuitsderando.com\/pyrenees\/pic-midi-bigorre\/"},{"@type":"ListItem","position":2,"name":"Ste Marie de C . &#8211; Beyr\u00e8de"}]},{"@type":"WebSite","@id":"https:\/\/www.circuitsderando.com\/pyrenees\/pic-midi-bigorre\/#website","url":"https:\/\/www.circuitsderando.com\/pyrenees\/pic-midi-bigorre\/","name":"Pic du Midi de Bigorre","description":"Bagneres - Campan - La Mongie - Tourmalet - Bagn\u00e8res","potentialAction":[{"@type":"SearchAction","target":{"@type":"EntryPoint","urlTemplate":"https:\/\/www.circuitsderando.com\/pyrenees\/pic-midi-bigorre\/?s={search_term_string}"},"query-input":{"@type":"PropertyValueSpecification","valueRequired":true,"valueName":"search_term_string"}}],"inLanguage":"fr-FR"}]}},"_links":{"self":[{"href":"https:\/\/www.circuitsderando.com\/pyrenees\/pic-midi-bigorre\/wp-json\/wp\/v2\/pages\/20"}],"collection":[{"href":"https:\/\/www.circuitsderando.com\/pyrenees\/pic-midi-bigorre\/wp-json\/wp\/v2\/pages"}],"about":[{"href":"https:\/\/www.circuitsderando.com\/pyrenees\/pic-midi-bigorre\/wp-json\/wp\/v2\/types\/page"}],"author":[{"embeddable":true,"href":"https:\/\/www.circuitsderando.com\/pyrenees\/pic-midi-bigorre\/wp-json\/wp\/v2\/users\/1"}],"replies":[{"embeddable":true,"href":"https:\/\/www.circuitsderando.com\/pyrenees\/pic-midi-bigorre\/wp-json\/wp\/v2\/comments?post=20"}],"version-history":[{"count":9,"href":"https:\/\/www.circuitsderando.com\/pyrenees\/pic-midi-bigorre\/wp-json\/wp\/v2\/pages\/20\/revisions"}],"predecessor-version":[{"id":216,"href":"https:\/\/www.circuitsderando.com\/pyrenees\/pic-midi-bigorre\/wp-json\/wp\/v2\/pages\/20\/revisions\/216"}],"wp:attachment":[{"href":"https:\/\/www.circuitsderando.com\/pyrenees\/pic-midi-bigorre\/wp-json\/wp\/v2\/media?parent=20"}],"curies":[{"name":"wp","href":"https:\/\/api.w.org\/{rel}","templated":true}]}}