{"id":2,"date":"2020-11-05T07:01:09","date_gmt":"2020-11-05T06:01:09","guid":{"rendered":"https:\/\/www.circuitsderando.com\/pyrenees\/pic-midi-bigorre\/?page_id=2"},"modified":"2020-11-05T19:55:47","modified_gmt":"2020-11-05T18:55:47","slug":"page-d-exemple","status":"publish","type":"page","link":"https:\/\/www.circuitsderando.com\/pyrenees\/pic-midi-bigorre\/","title":{"rendered":"Chemin du Pic du Midi"},"content":{"rendered":"\n<div class=\"wp-block-columns is-layout-flex wp-container-core-columns-is-layout-1 wp-block-columns-is-layout-flex\">\n<div class=\"wp-block-column is-layout-flow wp-block-column-is-layout-flow\">\n<figure class=\"wp-block-image size-large\"><img loading=\"lazy\" decoding=\"async\" width=\"960\" height=\"720\" src=\"https:\/\/www.circuitsderando.com\/pyrenees\/pic-midi-bigorre\/wp-content\/uploads\/2020\/11\/accueil-pic-du-midi.jpg\" alt=\"\" class=\"wp-image-131\" srcset=\"https:\/\/www.circuitsderando.com\/pyrenees\/pic-midi-bigorre\/wp-content\/uploads\/2020\/11\/accueil-pic-du-midi.jpg 960w, https:\/\/www.circuitsderando.com\/pyrenees\/pic-midi-bigorre\/wp-content\/uploads\/2020\/11\/accueil-pic-du-midi-300x225.jpg 300w, https:\/\/www.circuitsderando.com\/pyrenees\/pic-midi-bigorre\/wp-content\/uploads\/2020\/11\/accueil-pic-du-midi-768x576.jpg 768w, https:\/\/www.circuitsderando.com\/pyrenees\/pic-midi-bigorre\/wp-content\/uploads\/2020\/11\/accueil-pic-du-midi-690x518.jpg 690w\" sizes=\"(max-width: 960px) 100vw, 960px\" \/><\/figure>\n<\/div>\n\n\n\n<div class=\"wp-block-column is-layout-flow wp-block-column-is-layout-flow\">\n<figure class=\"wp-block-image size-large\"><img loading=\"lazy\" decoding=\"async\" width=\"960\" height=\"720\" src=\"https:\/\/www.circuitsderando.com\/pyrenees\/pic-midi-bigorre\/wp-content\/uploads\/2020\/11\/cour-de-leglise-de-campan.jpg\" alt=\"\" class=\"wp-image-79\" srcset=\"https:\/\/www.circuitsderando.com\/pyrenees\/pic-midi-bigorre\/wp-content\/uploads\/2020\/11\/cour-de-leglise-de-campan.jpg 960w, https:\/\/www.circuitsderando.com\/pyrenees\/pic-midi-bigorre\/wp-content\/uploads\/2020\/11\/cour-de-leglise-de-campan-300x225.jpg 300w, https:\/\/www.circuitsderando.com\/pyrenees\/pic-midi-bigorre\/wp-content\/uploads\/2020\/11\/cour-de-leglise-de-campan-768x576.jpg 768w, https:\/\/www.circuitsderando.com\/pyrenees\/pic-midi-bigorre\/wp-content\/uploads\/2020\/11\/cour-de-leglise-de-campan-690x518.jpg 690w\" sizes=\"(max-width: 960px) 100vw, 960px\" \/><\/figure>\n<\/div>\n\n\n\n<div class=\"wp-block-column is-layout-flow wp-block-column-is-layout-flow\">\n<figure class=\"wp-block-image size-large\"><img loading=\"lazy\" decoding=\"async\" width=\"960\" height=\"720\" src=\"https:\/\/www.circuitsderando.com\/pyrenees\/pic-midi-bigorre\/wp-content\/uploads\/2020\/11\/pic-bonida.jpg\" alt=\"\" class=\"wp-image-139\" srcset=\"https:\/\/www.circuitsderando.com\/pyrenees\/pic-midi-bigorre\/wp-content\/uploads\/2020\/11\/pic-bonida.jpg 960w, https:\/\/www.circuitsderando.com\/pyrenees\/pic-midi-bigorre\/wp-content\/uploads\/2020\/11\/pic-bonida-300x225.jpg 300w, https:\/\/www.circuitsderando.com\/pyrenees\/pic-midi-bigorre\/wp-content\/uploads\/2020\/11\/pic-bonida-768x576.jpg 768w, https:\/\/www.circuitsderando.com\/pyrenees\/pic-midi-bigorre\/wp-content\/uploads\/2020\/11\/pic-bonida-690x518.jpg 690w\" sizes=\"(max-width: 960px) 100vw, 960px\" \/><\/figure>\n\n\n\n<p><\/p>\n<\/div>\n<\/div>\n\n\n\n<p class=\"has-text-align-center\">CHEMIN DU PIC DU MIDI<br>Bagn\u00e8res de Bigorre &#8211; Vall\u00e9e de Campan &#8211; Pic du Midi &#8211; Chiroulet<\/p>\n\n\n\n<div class=\"wp-block-columns is-layout-flex wp-container-core-columns-is-layout-2 wp-block-columns-is-layout-flex\">\n<div class=\"wp-block-column is-layout-flow wp-block-column-is-layout-flow\">\n<div class=\"wp-block-image\"><figure class=\"alignright size-large\"><img loading=\"lazy\" decoding=\"async\" width=\"320\" height=\"240\" src=\"https:\/\/www.circuitsderando.com\/pyrenees\/pic-midi-bigorre\/wp-content\/uploads\/2020\/11\/carte_pmid.jpg\" alt=\"\" class=\"wp-image-204\" srcset=\"https:\/\/www.circuitsderando.com\/pyrenees\/pic-midi-bigorre\/wp-content\/uploads\/2020\/11\/carte_pmid.jpg 320w, https:\/\/www.circuitsderando.com\/pyrenees\/pic-midi-bigorre\/wp-content\/uploads\/2020\/11\/carte_pmid-300x225.jpg 300w\" sizes=\"(max-width: 320px) 100vw, 320px\" \/><\/figure><\/div>\n<\/div>\n\n\n\n<div class=\"wp-block-column is-layout-flow wp-block-column-is-layout-flow\">\n<p><a href=\"https:\/\/www.circuitsderando.com\/pyrenees\/pic-midi-bigorre\/bagneres-beaudean\/\">Bagn\u00e8res de Bigorre &#8211; Beaud\u00e9an<\/a><br><a href=\"https:\/\/www.circuitsderando.com\/pyrenees\/pic-midi-bigorre\/beaudean-ste-marie-de-c\/\">Campan &#8211; Ste Marie de C.<\/a><br><a href=\"https:\/\/www.circuitsderando.com\/pyrenees\/pic-midi-bigorre\/ste-marie-de-c-beyrede\/\">Ste Marie de C. &#8211; Beyr\u00e8de<\/a><br><a href=\"https:\/\/www.circuitsderando.com\/pyrenees\/pic-midi-bigorre\/beyrede-artigues-de-gripp\/\">Beyr\u00e8de. &#8211; Artigues de Gripp<\/a><a href=\"https:\/\/www.circuitsderando.com\/pyrenees\/pic-midi-bigorre\/artigues-de-gripp-pic-du-midi\/\"><br>Artigues de Gripp &#8211; Pic du Midi<\/a><br><a href=\"https:\/\/www.circuitsderando.com\/pyrenees\/pic-midi-bigorre\/tourmalet-bagneres-de-bigorre\/\">Tourmalet &#8211; Chiroulet<\/a> <\/p>\n<\/div>\n<\/div>\n","protected":false},"excerpt":{"rendered":"<p>CHEMIN DU PIC DU MIDIBagn\u00e8res de Bigorre &#8211; Vall\u00e9e de Campan &#8211; Pic du Midi &#8211; Chiroulet Bagn\u00e8res de Bigorre &#8211; Beaud\u00e9anCampan &#8211; Ste Marie de C.Ste Marie de C. &#8211; Beyr\u00e8deBeyr\u00e8de. &#8211; Artigues de GrippArtigues de Gripp &#8211; Pic du MidiTourmalet &#8211; Chiroulet<\/p>\n","protected":false},"author":1,"featured_media":0,"parent":0,"menu_order":0,"comment_status":"closed","ping_status":"open","template":"templates\/full-width-page.php","meta":{"_monsterinsights_skip_tracking":false,"_monsterinsights_sitenote_active":false,"_monsterinsights_sitenote_note":"","_monsterinsights_sitenote_category":0,"footnotes":""},"class_list":["post-2","page","type-page","status-publish","hentry"],"yoast_head":"<!-- This site is optimized with the Yoast SEO plugin v23.5 - https:\/\/yoast.com\/wordpress\/plugins\/seo\/ -->\n<title>Chemin du Pic du Midi - Pic du Midi de Bigorre<\/title>\n<meta name=\"robots\" content=\"index, follow, max-snippet:-1, max-image-preview:large, max-video-preview:-1\" \/>\n<link rel=\"canonical\" href=\"https:\/\/www.circuitsderando.com\/pyrenees\/pic-midi-bigorre\/\" \/>\n<meta property=\"og:locale\" content=\"fr_FR\" \/>\n<meta property=\"og:type\" content=\"article\" \/>\n<meta property=\"og:title\" content=\"Chemin du Pic du Midi - Pic du Midi de Bigorre\" \/>\n<meta property=\"og:description\" content=\"CHEMIN DU PIC DU MIDIBagn\u00e8res de Bigorre &#8211; Vall\u00e9e de Campan &#8211; Pic du Midi &#8211; Chiroulet Bagn\u00e8res de Bigorre &#8211; Beaud\u00e9anCampan &#8211; Ste Marie de C.Ste Marie de C. &#8211; Beyr\u00e8deBeyr\u00e8de. &#8211; Artigues de GrippArtigues de Gripp &#8211; Pic du MidiTourmalet &#8211; Chiroulet\" \/>\n<meta property=\"og:url\" content=\"https:\/\/www.circuitsderando.com\/pyrenees\/pic-midi-bigorre\/\" \/>\n<meta property=\"og:site_name\" content=\"Pic du Midi de Bigorre\" \/>\n<meta property=\"article:modified_time\" content=\"2020-11-05T18:55:47+00:00\" \/>\n<meta property=\"og:image\" content=\"https:\/\/www.circuitsderando.com\/pyrenees\/pic-midi-bigorre\/wp-content\/uploads\/2020\/11\/accueil-pic-du-midi.jpg\" \/>\n<meta name=\"twitter:card\" content=\"summary_large_image\" \/>\n<script type=\"application\/ld+json\" class=\"yoast-schema-graph\">{\"@context\":\"https:\/\/schema.org\",\"@graph\":[{\"@type\":\"WebPage\",\"@id\":\"https:\/\/www.circuitsderando.com\/pyrenees\/pic-midi-bigorre\/\",\"url\":\"https:\/\/www.circuitsderando.com\/pyrenees\/pic-midi-bigorre\/\",\"name\":\"Chemin du Pic du Midi - Pic du Midi de Bigorre\",\"isPartOf\":{\"@id\":\"https:\/\/www.circuitsderando.com\/pyrenees\/pic-midi-bigorre\/#website\"},\"primaryImageOfPage\":{\"@id\":\"https:\/\/www.circuitsderando.com\/pyrenees\/pic-midi-bigorre\/#primaryimage\"},\"image\":{\"@id\":\"https:\/\/www.circuitsderando.com\/pyrenees\/pic-midi-bigorre\/#primaryimage\"},\"thumbnailUrl\":\"https:\/\/www.circuitsderando.com\/pyrenees\/pic-midi-bigorre\/wp-content\/uploads\/2020\/11\/accueil-pic-du-midi.jpg\",\"datePublished\":\"2020-11-05T06:01:09+00:00\",\"dateModified\":\"2020-11-05T18:55:47+00:00\",\"breadcrumb\":{\"@id\":\"https:\/\/www.circuitsderando.com\/pyrenees\/pic-midi-bigorre\/#breadcrumb\"},\"inLanguage\":\"fr-FR\",\"potentialAction\":[{\"@type\":\"ReadAction\",\"target\":[\"https:\/\/www.circuitsderando.com\/pyrenees\/pic-midi-bigorre\/\"]}]},{\"@type\":\"ImageObject\",\"inLanguage\":\"fr-FR\",\"@id\":\"https:\/\/www.circuitsderando.com\/pyrenees\/pic-midi-bigorre\/#primaryimage\",\"url\":\"https:\/\/www.circuitsderando.com\/pyrenees\/pic-midi-bigorre\/wp-content\/uploads\/2020\/11\/accueil-pic-du-midi.jpg\",\"contentUrl\":\"https:\/\/www.circuitsderando.com\/pyrenees\/pic-midi-bigorre\/wp-content\/uploads\/2020\/11\/accueil-pic-du-midi.jpg\",\"width\":960,\"height\":720},{\"@type\":\"BreadcrumbList\",\"@id\":\"https:\/\/www.circuitsderando.com\/pyrenees\/pic-midi-bigorre\/#breadcrumb\",\"itemListElement\":[{\"@type\":\"ListItem\",\"position\":1,\"name\":\"Chemin du Pic du Midi de Bigorre\",\"item\":\"https:\/\/www.circuitsderando.com\/pyrenees\/pic-midi-bigorre\/\"},{\"@type\":\"ListItem\",\"position\":2,\"name\":\"Chemin du Pic du Midi\"}]},{\"@type\":\"WebSite\",\"@id\":\"https:\/\/www.circuitsderando.com\/pyrenees\/pic-midi-bigorre\/#website\",\"url\":\"https:\/\/www.circuitsderando.com\/pyrenees\/pic-midi-bigorre\/\",\"name\":\"Pic du Midi de Bigorre\",\"description\":\"Bagneres - Campan - La Mongie - Tourmalet - Bagn\u00e8res\",\"potentialAction\":[{\"@type\":\"SearchAction\",\"target\":{\"@type\":\"EntryPoint\",\"urlTemplate\":\"https:\/\/www.circuitsderando.com\/pyrenees\/pic-midi-bigorre\/?s={search_term_string}\"},\"query-input\":{\"@type\":\"PropertyValueSpecification\",\"valueRequired\":true,\"valueName\":\"search_term_string\"}}],\"inLanguage\":\"fr-FR\"}]}<\/script>\n<!-- \/ Yoast SEO plugin. -->","yoast_head_json":{"title":"Chemin du Pic du Midi - Pic du Midi de Bigorre","robots":{"index":"index","follow":"follow","max-snippet":"max-snippet:-1","max-image-preview":"max-image-preview:large","max-video-preview":"max-video-preview:-1"},"canonical":"https:\/\/www.circuitsderando.com\/pyrenees\/pic-midi-bigorre\/","og_locale":"fr_FR","og_type":"article","og_title":"Chemin du Pic du Midi - Pic du Midi de Bigorre","og_description":"CHEMIN DU PIC DU MIDIBagn\u00e8res de Bigorre &#8211; Vall\u00e9e de Campan &#8211; Pic du Midi &#8211; Chiroulet Bagn\u00e8res de Bigorre &#8211; Beaud\u00e9anCampan &#8211; Ste Marie de C.Ste Marie de C. &#8211; Beyr\u00e8deBeyr\u00e8de. &#8211; Artigues de GrippArtigues de Gripp &#8211; Pic du MidiTourmalet &#8211; Chiroulet","og_url":"https:\/\/www.circuitsderando.com\/pyrenees\/pic-midi-bigorre\/","og_site_name":"Pic du Midi de Bigorre","article_modified_time":"2020-11-05T18:55:47+00:00","og_image":[{"url":"https:\/\/www.circuitsderando.com\/pyrenees\/pic-midi-bigorre\/wp-content\/uploads\/2020\/11\/accueil-pic-du-midi.jpg"}],"twitter_card":"summary_large_image","schema":{"@context":"https:\/\/schema.org","@graph":[{"@type":"WebPage","@id":"https:\/\/www.circuitsderando.com\/pyrenees\/pic-midi-bigorre\/","url":"https:\/\/www.circuitsderando.com\/pyrenees\/pic-midi-bigorre\/","name":"Chemin du Pic du Midi - Pic du Midi de Bigorre","isPartOf":{"@id":"https:\/\/www.circuitsderando.com\/pyrenees\/pic-midi-bigorre\/#website"},"primaryImageOfPage":{"@id":"https:\/\/www.circuitsderando.com\/pyrenees\/pic-midi-bigorre\/#primaryimage"},"image":{"@id":"https:\/\/www.circuitsderando.com\/pyrenees\/pic-midi-bigorre\/#primaryimage"},"thumbnailUrl":"https:\/\/www.circuitsderando.com\/pyrenees\/pic-midi-bigorre\/wp-content\/uploads\/2020\/11\/accueil-pic-du-midi.jpg","datePublished":"2020-11-05T06:01:09+00:00","dateModified":"2020-11-05T18:55:47+00:00","breadcrumb":{"@id":"https:\/\/www.circuitsderando.com\/pyrenees\/pic-midi-bigorre\/#breadcrumb"},"inLanguage":"fr-FR","potentialAction":[{"@type":"ReadAction","target":["https:\/\/www.circuitsderando.com\/pyrenees\/pic-midi-bigorre\/"]}]},{"@type":"ImageObject","inLanguage":"fr-FR","@id":"https:\/\/www.circuitsderando.com\/pyrenees\/pic-midi-bigorre\/#primaryimage","url":"https:\/\/www.circuitsderando.com\/pyrenees\/pic-midi-bigorre\/wp-content\/uploads\/2020\/11\/accueil-pic-du-midi.jpg","contentUrl":"https:\/\/www.circuitsderando.com\/pyrenees\/pic-midi-bigorre\/wp-content\/uploads\/2020\/11\/accueil-pic-du-midi.jpg","width":960,"height":720},{"@type":"BreadcrumbList","@id":"https:\/\/www.circuitsderando.com\/pyrenees\/pic-midi-bigorre\/#breadcrumb","itemListElement":[{"@type":"ListItem","position":1,"name":"Chemin du Pic du Midi de Bigorre","item":"https:\/\/www.circuitsderando.com\/pyrenees\/pic-midi-bigorre\/"},{"@type":"ListItem","position":2,"name":"Chemin du Pic du Midi"}]},{"@type":"WebSite","@id":"https:\/\/www.circuitsderando.com\/pyrenees\/pic-midi-bigorre\/#website","url":"https:\/\/www.circuitsderando.com\/pyrenees\/pic-midi-bigorre\/","name":"Pic du Midi de Bigorre","description":"Bagneres - Campan - La Mongie - Tourmalet - Bagn\u00e8res","potentialAction":[{"@type":"SearchAction","target":{"@type":"EntryPoint","urlTemplate":"https:\/\/www.circuitsderando.com\/pyrenees\/pic-midi-bigorre\/?s={search_term_string}"},"query-input":{"@type":"PropertyValueSpecification","valueRequired":true,"valueName":"search_term_string"}}],"inLanguage":"fr-FR"}]}},"_links":{"self":[{"href":"https:\/\/www.circuitsderando.com\/pyrenees\/pic-midi-bigorre\/wp-json\/wp\/v2\/pages\/2"}],"collection":[{"href":"https:\/\/www.circuitsderando.com\/pyrenees\/pic-midi-bigorre\/wp-json\/wp\/v2\/pages"}],"about":[{"href":"https:\/\/www.circuitsderando.com\/pyrenees\/pic-midi-bigorre\/wp-json\/wp\/v2\/types\/page"}],"author":[{"embeddable":true,"href":"https:\/\/www.circuitsderando.com\/pyrenees\/pic-midi-bigorre\/wp-json\/wp\/v2\/users\/1"}],"replies":[{"embeddable":true,"href":"https:\/\/www.circuitsderando.com\/pyrenees\/pic-midi-bigorre\/wp-json\/wp\/v2\/comments?post=2"}],"version-history":[{"count":8,"href":"https:\/\/www.circuitsderando.com\/pyrenees\/pic-midi-bigorre\/wp-json\/wp\/v2\/pages\/2\/revisions"}],"predecessor-version":[{"id":211,"href":"https:\/\/www.circuitsderando.com\/pyrenees\/pic-midi-bigorre\/wp-json\/wp\/v2\/pages\/2\/revisions\/211"}],"wp:attachment":[{"href":"https:\/\/www.circuitsderando.com\/pyrenees\/pic-midi-bigorre\/wp-json\/wp\/v2\/media?parent=2"}],"curies":[{"name":"wp","href":"https:\/\/api.w.org\/{rel}","templated":true}]}}