{"id":17,"date":"2020-11-05T07:09:19","date_gmt":"2020-11-05T06:09:19","guid":{"rendered":"https:\/\/www.circuitsderando.com\/pyrenees\/pic-midi-bigorre\/?page_id=17"},"modified":"2022-11-17T08:51:08","modified_gmt":"2022-11-17T07:51:08","slug":"beaudean-ste-marie-de-c","status":"publish","type":"page","link":"https:\/\/www.circuitsderando.com\/pyrenees\/pic-midi-bigorre\/beaudean-ste-marie-de-c\/","title":{"rendered":"Campan &#8211; Ste Marie de Campan"},"content":{"rendered":"\n<div class=\"wp-block-columns is-layout-flex wp-container-core-columns-is-layout-1 wp-block-columns-is-layout-flex\">\n<div class=\"wp-block-column is-layout-flow wp-block-column-is-layout-flow\">\n<figure class=\"wp-block-image size-large\"><a href=\"https:\/\/www.circuitsderando.com\/pyrenees\/pic-midi-bigorre\/wp-content\/uploads\/2020\/11\/halle-de-campan.jpg\" target=\"_blank\" rel=\"noreferrer noopener\"><img loading=\"lazy\" decoding=\"async\" width=\"960\" height=\"720\" src=\"https:\/\/www.circuitsderando.com\/pyrenees\/pic-midi-bigorre\/wp-content\/uploads\/2020\/11\/halle-de-campan.jpg\" alt=\"\" class=\"wp-image-78\" srcset=\"https:\/\/www.circuitsderando.com\/pyrenees\/pic-midi-bigorre\/wp-content\/uploads\/2020\/11\/halle-de-campan.jpg 960w, https:\/\/www.circuitsderando.com\/pyrenees\/pic-midi-bigorre\/wp-content\/uploads\/2020\/11\/halle-de-campan-300x225.jpg 300w, https:\/\/www.circuitsderando.com\/pyrenees\/pic-midi-bigorre\/wp-content\/uploads\/2020\/11\/halle-de-campan-768x576.jpg 768w, https:\/\/www.circuitsderando.com\/pyrenees\/pic-midi-bigorre\/wp-content\/uploads\/2020\/11\/halle-de-campan-690x518.jpg 690w\" sizes=\"(max-width: 960px) 100vw, 960px\" \/><\/a><figcaption class=\"wp-element-caption\"><strong>HALLES DE CAMPAN (664 M)<\/strong><br><br>Jolies halles situ\u00e9es dans le centre du village. Elles abritent un petit march\u00e9.<\/figcaption><\/figure>\n<\/div>\n\n\n\n<div class=\"wp-block-column is-layout-flow wp-block-column-is-layout-flow\">\n<figure class=\"wp-block-image size-large\"><a href=\"https:\/\/www.circuitsderando.com\/pyrenees\/pic-midi-bigorre\/wp-content\/uploads\/2020\/11\/cour-de-leglise-de-campan.jpg\" target=\"_blank\" rel=\"noreferrer noopener\"><img loading=\"lazy\" decoding=\"async\" width=\"960\" height=\"720\" src=\"https:\/\/www.circuitsderando.com\/pyrenees\/pic-midi-bigorre\/wp-content\/uploads\/2020\/11\/cour-de-leglise-de-campan.jpg\" alt=\"\" class=\"wp-image-79\" srcset=\"https:\/\/www.circuitsderando.com\/pyrenees\/pic-midi-bigorre\/wp-content\/uploads\/2020\/11\/cour-de-leglise-de-campan.jpg 960w, https:\/\/www.circuitsderando.com\/pyrenees\/pic-midi-bigorre\/wp-content\/uploads\/2020\/11\/cour-de-leglise-de-campan-300x225.jpg 300w, https:\/\/www.circuitsderando.com\/pyrenees\/pic-midi-bigorre\/wp-content\/uploads\/2020\/11\/cour-de-leglise-de-campan-768x576.jpg 768w, https:\/\/www.circuitsderando.com\/pyrenees\/pic-midi-bigorre\/wp-content\/uploads\/2020\/11\/cour-de-leglise-de-campan-690x518.jpg 690w\" sizes=\"(max-width: 960px) 100vw, 960px\" \/><\/a><figcaption class=\"wp-element-caption\"><strong>COUR DE L&rsquo;EGLISE DE CAMPAN (664 M)<\/strong><br><br>Cour de l&rsquo;\u00e9glise. Au d\u00e9but du mois de juillet, les mounaques y sont entrepos\u00e9s.<\/figcaption><\/figure>\n<\/div>\n\n\n\n<div class=\"wp-block-column is-layout-flow wp-block-column-is-layout-flow\">\n<figure class=\"wp-block-image size-large\"><a href=\"https:\/\/www.circuitsderando.com\/pyrenees\/pic-midi-bigorre\/wp-content\/uploads\/2020\/11\/campan.jpg\" target=\"_blank\" rel=\"noreferrer noopener\"><img loading=\"lazy\" decoding=\"async\" width=\"960\" height=\"720\" src=\"https:\/\/www.circuitsderando.com\/pyrenees\/pic-midi-bigorre\/wp-content\/uploads\/2020\/11\/campan.jpg\" alt=\"\" class=\"wp-image-80\" srcset=\"https:\/\/www.circuitsderando.com\/pyrenees\/pic-midi-bigorre\/wp-content\/uploads\/2020\/11\/campan.jpg 960w, https:\/\/www.circuitsderando.com\/pyrenees\/pic-midi-bigorre\/wp-content\/uploads\/2020\/11\/campan-300x225.jpg 300w, https:\/\/www.circuitsderando.com\/pyrenees\/pic-midi-bigorre\/wp-content\/uploads\/2020\/11\/campan-768x576.jpg 768w, https:\/\/www.circuitsderando.com\/pyrenees\/pic-midi-bigorre\/wp-content\/uploads\/2020\/11\/campan-690x518.jpg 690w\" sizes=\"(max-width: 960px) 100vw, 960px\" \/><\/a><figcaption class=\"wp-element-caption\"><strong>VUE SUR CAMPAN (664 M)<\/strong><\/figcaption><\/figure>\n<\/div>\n<\/div>\n\n\n\n<div class=\"wp-block-columns is-layout-flex wp-container-core-columns-is-layout-2 wp-block-columns-is-layout-flex\">\n<div class=\"wp-block-column is-layout-flow wp-block-column-is-layout-flow\">\n<figure class=\"wp-block-image size-large\"><a href=\"https:\/\/www.circuitsderando.com\/pyrenees\/pic-midi-bigorre\/wp-content\/uploads\/2020\/11\/trou-teillet.jpg\" target=\"_blank\" rel=\"noreferrer noopener\"><img loading=\"lazy\" decoding=\"async\" width=\"960\" height=\"720\" src=\"https:\/\/www.circuitsderando.com\/pyrenees\/pic-midi-bigorre\/wp-content\/uploads\/2020\/11\/trou-teillet.jpg\" alt=\"\" class=\"wp-image-84\" srcset=\"https:\/\/www.circuitsderando.com\/pyrenees\/pic-midi-bigorre\/wp-content\/uploads\/2020\/11\/trou-teillet.jpg 960w, https:\/\/www.circuitsderando.com\/pyrenees\/pic-midi-bigorre\/wp-content\/uploads\/2020\/11\/trou-teillet-300x225.jpg 300w, https:\/\/www.circuitsderando.com\/pyrenees\/pic-midi-bigorre\/wp-content\/uploads\/2020\/11\/trou-teillet-768x576.jpg 768w, https:\/\/www.circuitsderando.com\/pyrenees\/pic-midi-bigorre\/wp-content\/uploads\/2020\/11\/trou-teillet-690x518.jpg 690w\" sizes=\"(max-width: 960px) 100vw, 960px\" \/><\/a><figcaption class=\"wp-element-caption\"><strong>TROU DU TEILLET (1218 M)<\/strong><br><br>Ces trous permettaient \u00e0 entreposer de la glace en hiver.<\/figcaption><\/figure>\n<\/div>\n\n\n\n<div class=\"wp-block-column is-layout-flow wp-block-column-is-layout-flow\">\n<figure class=\"wp-block-image size-large\"><a href=\"https:\/\/www.circuitsderando.com\/pyrenees\/pic-midi-bigorre\/wp-content\/uploads\/2020\/11\/courtaou-du-teillet.jpg\" target=\"_blank\" rel=\"noreferrer noopener\"><img loading=\"lazy\" decoding=\"async\" width=\"960\" height=\"720\" src=\"https:\/\/www.circuitsderando.com\/pyrenees\/pic-midi-bigorre\/wp-content\/uploads\/2020\/11\/courtaou-du-teillet.jpg\" alt=\"\" class=\"wp-image-85\" srcset=\"https:\/\/www.circuitsderando.com\/pyrenees\/pic-midi-bigorre\/wp-content\/uploads\/2020\/11\/courtaou-du-teillet.jpg 960w, https:\/\/www.circuitsderando.com\/pyrenees\/pic-midi-bigorre\/wp-content\/uploads\/2020\/11\/courtaou-du-teillet-300x225.jpg 300w, https:\/\/www.circuitsderando.com\/pyrenees\/pic-midi-bigorre\/wp-content\/uploads\/2020\/11\/courtaou-du-teillet-768x576.jpg 768w, https:\/\/www.circuitsderando.com\/pyrenees\/pic-midi-bigorre\/wp-content\/uploads\/2020\/11\/courtaou-du-teillet-690x518.jpg 690w\" sizes=\"(max-width: 960px) 100vw, 960px\" \/><\/a><figcaption class=\"wp-element-caption\"><strong>COURTAOU DU TEILLET (1218 M)<\/strong><br><br>Colline situ\u00e9e au dessus de la vall\u00e9e de Campan<\/figcaption><\/figure>\n<\/div>\n\n\n\n<div class=\"wp-block-column is-layout-flow wp-block-column-is-layout-flow\">\n<figure class=\"wp-block-image size-large\"><a href=\"https:\/\/www.circuitsderando.com\/pyrenees\/pic-midi-bigorre\/wp-content\/uploads\/2020\/11\/casque-lheris-dans-brouillard.jpg\" target=\"_blank\" rel=\"noreferrer noopener\"><img loading=\"lazy\" decoding=\"async\" width=\"960\" height=\"720\" src=\"https:\/\/www.circuitsderando.com\/pyrenees\/pic-midi-bigorre\/wp-content\/uploads\/2020\/11\/casque-lheris-dans-brouillard.jpg\" alt=\"\" class=\"wp-image-86\" srcset=\"https:\/\/www.circuitsderando.com\/pyrenees\/pic-midi-bigorre\/wp-content\/uploads\/2020\/11\/casque-lheris-dans-brouillard.jpg 960w, https:\/\/www.circuitsderando.com\/pyrenees\/pic-midi-bigorre\/wp-content\/uploads\/2020\/11\/casque-lheris-dans-brouillard-300x225.jpg 300w, https:\/\/www.circuitsderando.com\/pyrenees\/pic-midi-bigorre\/wp-content\/uploads\/2020\/11\/casque-lheris-dans-brouillard-768x576.jpg 768w, https:\/\/www.circuitsderando.com\/pyrenees\/pic-midi-bigorre\/wp-content\/uploads\/2020\/11\/casque-lheris-dans-brouillard-690x518.jpg 690w\" sizes=\"(max-width: 960px) 100vw, 960px\" \/><\/a><figcaption class=\"wp-element-caption\"><strong>CASQUE DU LHERIS  (1595 M)<\/strong><br><br>Rocher situ\u00e9 pr\u00e8s de campan. Au dessous se situe le col de Lh\u00e9ris.<\/figcaption><\/figure>\n<\/div>\n<\/div>\n\n\n\n<div class=\"wp-block-columns is-layout-flex wp-container-core-columns-is-layout-3 wp-block-columns-is-layout-flex\">\n<div class=\"wp-block-column is-layout-flow wp-block-column-is-layout-flow\">\n<figure class=\"wp-block-image size-large\"><a href=\"https:\/\/www.circuitsderando.com\/pyrenees\/pic-midi-bigorre\/wp-content\/uploads\/2020\/11\/descente-courtaou-dordincede.jpg\" target=\"_blank\" rel=\"noreferrer noopener\"><img loading=\"lazy\" decoding=\"async\" width=\"960\" height=\"720\" src=\"https:\/\/www.circuitsderando.com\/pyrenees\/pic-midi-bigorre\/wp-content\/uploads\/2020\/11\/descente-courtaou-dordincede.jpg\" alt=\"\" class=\"wp-image-92\" srcset=\"https:\/\/www.circuitsderando.com\/pyrenees\/pic-midi-bigorre\/wp-content\/uploads\/2020\/11\/descente-courtaou-dordincede.jpg 960w, https:\/\/www.circuitsderando.com\/pyrenees\/pic-midi-bigorre\/wp-content\/uploads\/2020\/11\/descente-courtaou-dordincede-300x225.jpg 300w, https:\/\/www.circuitsderando.com\/pyrenees\/pic-midi-bigorre\/wp-content\/uploads\/2020\/11\/descente-courtaou-dordincede-768x576.jpg 768w, https:\/\/www.circuitsderando.com\/pyrenees\/pic-midi-bigorre\/wp-content\/uploads\/2020\/11\/descente-courtaou-dordincede-690x518.jpg 690w\" sizes=\"(max-width: 960px) 100vw, 960px\" \/><\/a><figcaption class=\"wp-element-caption\"><strong>COURTAOU D&rsquo;ORDINCEDE (1350 M)<\/strong><br><br>Monticule situ\u00e9 au dessus de Ste Marie de Campan.<br><br><br><br><\/figcaption><\/figure>\n<\/div>\n\n\n\n<div class=\"wp-block-column is-layout-flow wp-block-column-is-layout-flow\">\n<figure class=\"wp-block-image size-large\"><a href=\"https:\/\/www.circuitsderando.com\/pyrenees\/pic-midi-bigorre\/wp-content\/uploads\/2020\/11\/cascade-vers-ste-marie.jpg\" target=\"_blank\" rel=\"noreferrer noopener\"><img loading=\"lazy\" decoding=\"async\" width=\"960\" height=\"720\" src=\"https:\/\/www.circuitsderando.com\/pyrenees\/pic-midi-bigorre\/wp-content\/uploads\/2020\/11\/cascade-vers-ste-marie.jpg\" alt=\"\" class=\"wp-image-93\" srcset=\"https:\/\/www.circuitsderando.com\/pyrenees\/pic-midi-bigorre\/wp-content\/uploads\/2020\/11\/cascade-vers-ste-marie.jpg 960w, https:\/\/www.circuitsderando.com\/pyrenees\/pic-midi-bigorre\/wp-content\/uploads\/2020\/11\/cascade-vers-ste-marie-300x225.jpg 300w, https:\/\/www.circuitsderando.com\/pyrenees\/pic-midi-bigorre\/wp-content\/uploads\/2020\/11\/cascade-vers-ste-marie-768x576.jpg 768w, https:\/\/www.circuitsderando.com\/pyrenees\/pic-midi-bigorre\/wp-content\/uploads\/2020\/11\/cascade-vers-ste-marie-690x518.jpg 690w\" sizes=\"(max-width: 960px) 100vw, 960px\" \/><\/a><figcaption class=\"wp-element-caption\"><strong>GAVE DE L&rsquo;ADOUR (830 M)<\/strong><br><br>Gave situ\u00e9 \u00e0 l&rsquo;entr\u00e9e du village. Belle passerelle en pierre.<\/figcaption><\/figure>\n<\/div>\n\n\n\n<div class=\"wp-block-column is-layout-flow wp-block-column-is-layout-flow\">\n<figure class=\"wp-block-image size-large\"><a href=\"https:\/\/www.circuitsderando.com\/pyrenees\/pic-midi-bigorre\/wp-content\/uploads\/2020\/11\/maison-fleurie-ste-marie.jpg\" target=\"_blank\" rel=\"noreferrer noopener\"><img loading=\"lazy\" decoding=\"async\" width=\"960\" height=\"720\" src=\"https:\/\/www.circuitsderando.com\/pyrenees\/pic-midi-bigorre\/wp-content\/uploads\/2020\/11\/maison-fleurie-ste-marie.jpg\" alt=\"\" class=\"wp-image-94\" srcset=\"https:\/\/www.circuitsderando.com\/pyrenees\/pic-midi-bigorre\/wp-content\/uploads\/2020\/11\/maison-fleurie-ste-marie.jpg 960w, https:\/\/www.circuitsderando.com\/pyrenees\/pic-midi-bigorre\/wp-content\/uploads\/2020\/11\/maison-fleurie-ste-marie-300x225.jpg 300w, https:\/\/www.circuitsderando.com\/pyrenees\/pic-midi-bigorre\/wp-content\/uploads\/2020\/11\/maison-fleurie-ste-marie-768x576.jpg 768w, https:\/\/www.circuitsderando.com\/pyrenees\/pic-midi-bigorre\/wp-content\/uploads\/2020\/11\/maison-fleurie-ste-marie-690x518.jpg 690w\" sizes=\"(max-width: 960px) 100vw, 960px\" \/><\/a><figcaption class=\"wp-element-caption\"><strong>MAISON FLEURIE (830 M)<\/strong><br><br>Belle maison fleurie situ\u00e9e \u00e0 Artigaux \u00e0 l&rsquo;entr\u00e9e de Ste Marie de Campan.<\/figcaption><\/figure>\n<\/div>\n<\/div>\n\n\n\n<p class=\"has-text-align-right\"><a href=\"https:\/\/www.circuitsderando.com\/pyrenees\/pic-midi-bigorre\/index.php\/ste-marie-de-c-beyrede\/\">Etape 3 : Ste Marie de Campan &#8211; Beyr\u00e8de &gt;&gt;&gt;<\/a><\/p>\n","protected":false},"excerpt":{"rendered":"<p>Etape 3 : Ste Marie de Campan &#8211; Beyr\u00e8de &gt;&gt;&gt;<\/p>\n","protected":false},"author":1,"featured_media":0,"parent":0,"menu_order":0,"comment_status":"closed","ping_status":"closed","template":"templates\/full-width-page.php","meta":{"_monsterinsights_skip_tracking":false,"_monsterinsights_sitenote_active":false,"_monsterinsights_sitenote_note":"","_monsterinsights_sitenote_category":0,"footnotes":""},"class_list":["post-17","page","type-page","status-publish","hentry"],"yoast_head":"<!-- This site is optimized with the Yoast SEO plugin v23.5 - https:\/\/yoast.com\/wordpress\/plugins\/seo\/ -->\n<title>Campan - Ste Marie de Campan - Pic du Midi de Bigorre<\/title>\n<meta name=\"robots\" content=\"index, follow, max-snippet:-1, max-image-preview:large, max-video-preview:-1\" \/>\n<link rel=\"canonical\" href=\"https:\/\/www.circuitsderando.com\/pyrenees\/pic-midi-bigorre\/beaudean-ste-marie-de-c\/\" \/>\n<meta property=\"og:locale\" content=\"fr_FR\" \/>\n<meta property=\"og:type\" content=\"article\" \/>\n<meta property=\"og:title\" content=\"Campan - Ste Marie de Campan - Pic du Midi de Bigorre\" \/>\n<meta property=\"og:description\" content=\"Etape 3 : Ste Marie de Campan &#8211; Beyr\u00e8de &gt;&gt;&gt;\" \/>\n<meta property=\"og:url\" content=\"https:\/\/www.circuitsderando.com\/pyrenees\/pic-midi-bigorre\/beaudean-ste-marie-de-c\/\" \/>\n<meta property=\"og:site_name\" content=\"Pic du Midi de Bigorre\" \/>\n<meta property=\"article:modified_time\" content=\"2022-11-17T07:51:08+00:00\" \/>\n<meta property=\"og:image\" content=\"https:\/\/www.circuitsderando.com\/pyrenees\/pic-midi-bigorre\/wp-content\/uploads\/2020\/11\/halle-de-campan.jpg\" \/>\n<meta name=\"twitter:card\" content=\"summary_large_image\" \/>\n<meta name=\"twitter:label1\" content=\"Dur\u00e9e de lecture estim\u00e9e\" \/>\n\t<meta name=\"twitter:data1\" content=\"3 minutes\" \/>\n<script type=\"application\/ld+json\" class=\"yoast-schema-graph\">{\"@context\":\"https:\/\/schema.org\",\"@graph\":[{\"@type\":\"WebPage\",\"@id\":\"https:\/\/www.circuitsderando.com\/pyrenees\/pic-midi-bigorre\/beaudean-ste-marie-de-c\/\",\"url\":\"https:\/\/www.circuitsderando.com\/pyrenees\/pic-midi-bigorre\/beaudean-ste-marie-de-c\/\",\"name\":\"Campan - Ste Marie de Campan - Pic du Midi de Bigorre\",\"isPartOf\":{\"@id\":\"https:\/\/www.circuitsderando.com\/pyrenees\/pic-midi-bigorre\/#website\"},\"primaryImageOfPage\":{\"@id\":\"https:\/\/www.circuitsderando.com\/pyrenees\/pic-midi-bigorre\/beaudean-ste-marie-de-c\/#primaryimage\"},\"image\":{\"@id\":\"https:\/\/www.circuitsderando.com\/pyrenees\/pic-midi-bigorre\/beaudean-ste-marie-de-c\/#primaryimage\"},\"thumbnailUrl\":\"https:\/\/www.circuitsderando.com\/pyrenees\/pic-midi-bigorre\/wp-content\/uploads\/2020\/11\/halle-de-campan.jpg\",\"datePublished\":\"2020-11-05T06:09:19+00:00\",\"dateModified\":\"2022-11-17T07:51:08+00:00\",\"breadcrumb\":{\"@id\":\"https:\/\/www.circuitsderando.com\/pyrenees\/pic-midi-bigorre\/beaudean-ste-marie-de-c\/#breadcrumb\"},\"inLanguage\":\"fr-FR\",\"potentialAction\":[{\"@type\":\"ReadAction\",\"target\":[\"https:\/\/www.circuitsderando.com\/pyrenees\/pic-midi-bigorre\/beaudean-ste-marie-de-c\/\"]}]},{\"@type\":\"ImageObject\",\"inLanguage\":\"fr-FR\",\"@id\":\"https:\/\/www.circuitsderando.com\/pyrenees\/pic-midi-bigorre\/beaudean-ste-marie-de-c\/#primaryimage\",\"url\":\"https:\/\/www.circuitsderando.com\/pyrenees\/pic-midi-bigorre\/wp-content\/uploads\/2020\/11\/halle-de-campan.jpg\",\"contentUrl\":\"https:\/\/www.circuitsderando.com\/pyrenees\/pic-midi-bigorre\/wp-content\/uploads\/2020\/11\/halle-de-campan.jpg\",\"width\":960,\"height\":720},{\"@type\":\"BreadcrumbList\",\"@id\":\"https:\/\/www.circuitsderando.com\/pyrenees\/pic-midi-bigorre\/beaudean-ste-marie-de-c\/#breadcrumb\",\"itemListElement\":[{\"@type\":\"ListItem\",\"position\":1,\"name\":\"Chemin du Pic du Midi de Bigorre\",\"item\":\"https:\/\/www.circuitsderando.com\/pyrenees\/pic-midi-bigorre\/\"},{\"@type\":\"ListItem\",\"position\":2,\"name\":\"Campan &#8211; Ste Marie de Campan\"}]},{\"@type\":\"WebSite\",\"@id\":\"https:\/\/www.circuitsderando.com\/pyrenees\/pic-midi-bigorre\/#website\",\"url\":\"https:\/\/www.circuitsderando.com\/pyrenees\/pic-midi-bigorre\/\",\"name\":\"Pic du Midi de Bigorre\",\"description\":\"Bagneres - Campan - La Mongie - Tourmalet - Bagn\u00e8res\",\"potentialAction\":[{\"@type\":\"SearchAction\",\"target\":{\"@type\":\"EntryPoint\",\"urlTemplate\":\"https:\/\/www.circuitsderando.com\/pyrenees\/pic-midi-bigorre\/?s={search_term_string}\"},\"query-input\":{\"@type\":\"PropertyValueSpecification\",\"valueRequired\":true,\"valueName\":\"search_term_string\"}}],\"inLanguage\":\"fr-FR\"}]}<\/script>\n<!-- \/ Yoast SEO plugin. -->","yoast_head_json":{"title":"Campan - Ste Marie de Campan - Pic du Midi de Bigorre","robots":{"index":"index","follow":"follow","max-snippet":"max-snippet:-1","max-image-preview":"max-image-preview:large","max-video-preview":"max-video-preview:-1"},"canonical":"https:\/\/www.circuitsderando.com\/pyrenees\/pic-midi-bigorre\/beaudean-ste-marie-de-c\/","og_locale":"fr_FR","og_type":"article","og_title":"Campan - Ste Marie de Campan - Pic du Midi de Bigorre","og_description":"Etape 3 : Ste Marie de Campan &#8211; Beyr\u00e8de &gt;&gt;&gt;","og_url":"https:\/\/www.circuitsderando.com\/pyrenees\/pic-midi-bigorre\/beaudean-ste-marie-de-c\/","og_site_name":"Pic du Midi de Bigorre","article_modified_time":"2022-11-17T07:51:08+00:00","og_image":[{"url":"https:\/\/www.circuitsderando.com\/pyrenees\/pic-midi-bigorre\/wp-content\/uploads\/2020\/11\/halle-de-campan.jpg"}],"twitter_card":"summary_large_image","twitter_misc":{"Dur\u00e9e de lecture estim\u00e9e":"3 minutes"},"schema":{"@context":"https:\/\/schema.org","@graph":[{"@type":"WebPage","@id":"https:\/\/www.circuitsderando.com\/pyrenees\/pic-midi-bigorre\/beaudean-ste-marie-de-c\/","url":"https:\/\/www.circuitsderando.com\/pyrenees\/pic-midi-bigorre\/beaudean-ste-marie-de-c\/","name":"Campan - Ste Marie de Campan - Pic du Midi de Bigorre","isPartOf":{"@id":"https:\/\/www.circuitsderando.com\/pyrenees\/pic-midi-bigorre\/#website"},"primaryImageOfPage":{"@id":"https:\/\/www.circuitsderando.com\/pyrenees\/pic-midi-bigorre\/beaudean-ste-marie-de-c\/#primaryimage"},"image":{"@id":"https:\/\/www.circuitsderando.com\/pyrenees\/pic-midi-bigorre\/beaudean-ste-marie-de-c\/#primaryimage"},"thumbnailUrl":"https:\/\/www.circuitsderando.com\/pyrenees\/pic-midi-bigorre\/wp-content\/uploads\/2020\/11\/halle-de-campan.jpg","datePublished":"2020-11-05T06:09:19+00:00","dateModified":"2022-11-17T07:51:08+00:00","breadcrumb":{"@id":"https:\/\/www.circuitsderando.com\/pyrenees\/pic-midi-bigorre\/beaudean-ste-marie-de-c\/#breadcrumb"},"inLanguage":"fr-FR","potentialAction":[{"@type":"ReadAction","target":["https:\/\/www.circuitsderando.com\/pyrenees\/pic-midi-bigorre\/beaudean-ste-marie-de-c\/"]}]},{"@type":"ImageObject","inLanguage":"fr-FR","@id":"https:\/\/www.circuitsderando.com\/pyrenees\/pic-midi-bigorre\/beaudean-ste-marie-de-c\/#primaryimage","url":"https:\/\/www.circuitsderando.com\/pyrenees\/pic-midi-bigorre\/wp-content\/uploads\/2020\/11\/halle-de-campan.jpg","contentUrl":"https:\/\/www.circuitsderando.com\/pyrenees\/pic-midi-bigorre\/wp-content\/uploads\/2020\/11\/halle-de-campan.jpg","width":960,"height":720},{"@type":"BreadcrumbList","@id":"https:\/\/www.circuitsderando.com\/pyrenees\/pic-midi-bigorre\/beaudean-ste-marie-de-c\/#breadcrumb","itemListElement":[{"@type":"ListItem","position":1,"name":"Chemin du Pic du Midi de Bigorre","item":"https:\/\/www.circuitsderando.com\/pyrenees\/pic-midi-bigorre\/"},{"@type":"ListItem","position":2,"name":"Campan &#8211; Ste Marie de Campan"}]},{"@type":"WebSite","@id":"https:\/\/www.circuitsderando.com\/pyrenees\/pic-midi-bigorre\/#website","url":"https:\/\/www.circuitsderando.com\/pyrenees\/pic-midi-bigorre\/","name":"Pic du Midi de Bigorre","description":"Bagneres - Campan - La Mongie - Tourmalet - Bagn\u00e8res","potentialAction":[{"@type":"SearchAction","target":{"@type":"EntryPoint","urlTemplate":"https:\/\/www.circuitsderando.com\/pyrenees\/pic-midi-bigorre\/?s={search_term_string}"},"query-input":{"@type":"PropertyValueSpecification","valueRequired":true,"valueName":"search_term_string"}}],"inLanguage":"fr-FR"}]}},"_links":{"self":[{"href":"https:\/\/www.circuitsderando.com\/pyrenees\/pic-midi-bigorre\/wp-json\/wp\/v2\/pages\/17"}],"collection":[{"href":"https:\/\/www.circuitsderando.com\/pyrenees\/pic-midi-bigorre\/wp-json\/wp\/v2\/pages"}],"about":[{"href":"https:\/\/www.circuitsderando.com\/pyrenees\/pic-midi-bigorre\/wp-json\/wp\/v2\/types\/page"}],"author":[{"embeddable":true,"href":"https:\/\/www.circuitsderando.com\/pyrenees\/pic-midi-bigorre\/wp-json\/wp\/v2\/users\/1"}],"replies":[{"embeddable":true,"href":"https:\/\/www.circuitsderando.com\/pyrenees\/pic-midi-bigorre\/wp-json\/wp\/v2\/comments?post=17"}],"version-history":[{"count":12,"href":"https:\/\/www.circuitsderando.com\/pyrenees\/pic-midi-bigorre\/wp-json\/wp\/v2\/pages\/17\/revisions"}],"predecessor-version":[{"id":215,"href":"https:\/\/www.circuitsderando.com\/pyrenees\/pic-midi-bigorre\/wp-json\/wp\/v2\/pages\/17\/revisions\/215"}],"wp:attachment":[{"href":"https:\/\/www.circuitsderando.com\/pyrenees\/pic-midi-bigorre\/wp-json\/wp\/v2\/media?parent=17"}],"curies":[{"name":"wp","href":"https:\/\/api.w.org\/{rel}","templated":true}]}}