{"id":27,"date":"2020-10-31T18:15:14","date_gmt":"2020-10-31T17:15:14","guid":{"rendered":"https:\/\/www.circuitsderando.com\/pyrenees\/gr10-pays-basque\/?page_id=27"},"modified":"2020-11-01T19:12:42","modified_gmt":"2020-11-01T18:12:42","slug":"hebergements","status":"publish","type":"page","link":"https:\/\/www.circuitsderando.com\/pyrenees\/gr10-pays-basque\/hebergements\/","title":{"rendered":"H\u00e9bergements"},"content":{"rendered":"\n<table id=\"tablepress-hebergements\" class=\"tablepress tablepress-id-hebergements\">\n<tbody class=\"row-hover\">\n<tr class=\"row-1 odd\">\n\t<td class=\"column-1\">Hendaye - Olhette<\/td><td class=\"column-2\">G\u00eete d'Etape \"Randonn\u00e9es Pyr\u00e9n\u00e9ennes\" - Mentu Ba\u00efta - Olhette<br \/>\n14 places<br \/>\nT\u00e9l. : 05.59.54.00.98<br \/>\nTr\u00e8s beau cadre et bon accueil <br \/>\nOuvert toute l'ann\u00e9e<\/td>\n<\/tr>\n<tr class=\"row-2 even\">\n\t<td class=\"column-1\">Olhette - Ainhoa<\/td><td class=\"column-2\">G\u00eete Rando-Plume - Sare<br \/>\n20 places<br \/>\nT\u00e9l. : 05.59.54.23.97<br \/>\nOuvert toute l'ann\u00e9e<br \/>\n<br \/>\nHotel-Restaurant-G\u00efte \"Ur Hegian\" - Dancharia<br \/>\n14 Places<br \/>\nDemi-Pension \"Randonneur\" <br \/>\nFerm\u00e9 en Janvier<br \/>\nT\u00e9l. : 05.59.29.91.16<br \/>\nFax. : 05.59.29.91.55<br \/>\nBon accueil<\/td>\n<\/tr>\n<tr class=\"row-3 odd\">\n\t<td class=\"column-1\">Ainhoa - Bidarray\t<\/td><td class=\"column-2\">Ferme Esteben - Col des Veaux<br \/>\nH\u00e9bergement sommaire<br \/>\n17 Places<br \/>\nR\u00e9serv\u00e9 aux groupes<br \/>\nRestaurant-Bar<br \/>\nT\u00e9l. : 05.59.29.82.72<br \/>\n<br \/>\nG\u00eete d'Aunamendi - Bidarray<br \/>\n30 Places<br \/>\nDemi-Pension sauf si nombre de personnes trop r\u00e9duit<br \/>\nTr\u00e8s bruyant si groupes d'enfants pr\u00e9sents<br \/>\nT\u00e9l. : 05.59.37.71.34<br \/>\n<br \/>\nG\u00eete d'Etape \"Iparla Borda\" - 2 kms au nord de Bidarray<br \/>\nT\u00e9l. : 06.12.30.02.10<br \/>\nAccueil sympathique<br \/>\n<br \/>\nH\u00f4tel Barberaenea - Bidarray<br \/>\nPetit h\u00f4tel sympathique en face de l'\u00e9glise<br \/>\nMenu du Randonneur <\/td>\n<\/tr>\n<tr class=\"row-4 even\">\n\t<td class=\"column-1\">Bidarray - St Etienne de B. <\/td><td class=\"column-2\">G\u00eete Gaur\u00e9guia - Leispars<br \/>\nG\u00eete apparement manquant d'hygi\u00e8ne<br \/>\n30 Places<br \/>\nT\u00e9l. : 05.59.37.42.39<br \/>\n<br \/>\nVVF<br \/>\nT\u00e9l. : 05.59.37.40.58<br \/>\nSite : http:\/\/www.vvf-vacances.fr\/<\/td>\n<\/tr>\n<tr class=\"row-5 odd\">\n\t<td class=\"column-1\">St Etienne - St Jean PDP\t<\/td><td class=\"column-2\">G\u00eete d'Etape et Chambres d'h\u00f4tes Etchegoin - St Jean Pied de Port<br \/>\n12 places<br \/>\nT\u00e9l. : 05.59.37.12.08 <br \/>\n<br \/>\nNombreux h\u00f4tels \u00e0 St Jean Pied de Port<br \/>\n<br \/>\nRestaurant \"Lizarra Ostatua\" en ville<br \/>\nMenu sp\u00e9cial Randonneurs<br \/>\n<br \/>\nG\u00eete ULTREIA - St Jean Pied de Port<br \/>\n8, rue de la Citadelle<br \/>\n64220 Saint Jean Pied de Port<br \/>\nhttp:\/\/www.ultreia64.fr<br \/>\nmail: dodo.ultreia@gmail.com<br \/>\nTel : 06 80 88 46 22<\/td>\n<\/tr>\n<tr class=\"row-6 even\">\n\t<td class=\"column-1\">St Jean PDP - Phagalcette<\/td><td class=\"column-2\">G\u00eete d'Etape Larramendy - Esterencuby<br \/>\n19 Places<br \/>\nT\u00e9l. : 05.59.37.09.70<br \/>\n<br \/>\nG\u00eete d'Etape de Phagalcette \"Kaskoleta\"<br \/>\nBon accueil et Bonne cuisine<br \/>\n14 Places <br \/>\nSandwiches \u00e0 Emporter pour le midi <br \/>\n05.59.37.09.73<br \/>\nSite Web : http:\/\/kaskoleta.free.fr\/<\/td>\n<\/tr>\n<tr class=\"row-7 odd\">\n\t<td class=\"column-1\">Phagalcette - Bagargiak<\/td><td class=\"column-2\">Chalets d'Iraty - Col Bagargiak<br \/>\nBon accueil<br \/>\nVue splendide depuis la terrasse<br \/>\nT\u00e9l. : 05.59.28.51.29<br \/>\nNuit\u00e9e : 12.5 EUR <br \/>\nmail : chalets.diraty@wanadoo.fr<\/td>\n<\/tr>\n<\/tbody>\n<\/table>\n<!-- #tablepress-hebergements from cache -->\n","protected":false},"excerpt":{"rendered":"","protected":false},"author":1,"featured_media":0,"parent":0,"menu_order":0,"comment_status":"closed","ping_status":"closed","template":"templates\/full-width-page.php","meta":{"_monsterinsights_skip_tracking":false,"_monsterinsights_sitenote_active":false,"_monsterinsights_sitenote_note":"","_monsterinsights_sitenote_category":0,"footnotes":""},"class_list":["post-27","page","type-page","status-publish","hentry"],"yoast_head":"<!-- This site is optimized with the Yoast SEO plugin v23.5 - https:\/\/yoast.com\/wordpress\/plugins\/seo\/ -->\n<title>H\u00e9bergements - GR10 - Pays Basque<\/title>\n<meta name=\"robots\" content=\"index, follow, max-snippet:-1, max-image-preview:large, max-video-preview:-1\" \/>\n<link rel=\"canonical\" href=\"https:\/\/www.circuitsderando.com\/pyrenees\/gr10-pays-basque\/hebergements\/\" \/>\n<meta property=\"og:locale\" content=\"fr_FR\" \/>\n<meta property=\"og:type\" content=\"article\" \/>\n<meta property=\"og:title\" content=\"H\u00e9bergements - GR10 - Pays Basque\" \/>\n<meta property=\"og:url\" content=\"https:\/\/www.circuitsderando.com\/pyrenees\/gr10-pays-basque\/hebergements\/\" \/>\n<meta property=\"og:site_name\" content=\"GR10 - Pays Basque\" \/>\n<meta property=\"article:modified_time\" content=\"2020-11-01T18:12:42+00:00\" \/>\n<meta name=\"twitter:card\" content=\"summary_large_image\" \/>\n<script type=\"application\/ld+json\" class=\"yoast-schema-graph\">{\"@context\":\"https:\/\/schema.org\",\"@graph\":[{\"@type\":\"WebPage\",\"@id\":\"https:\/\/www.circuitsderando.com\/pyrenees\/gr10-pays-basque\/hebergements\/\",\"url\":\"https:\/\/www.circuitsderando.com\/pyrenees\/gr10-pays-basque\/hebergements\/\",\"name\":\"H\u00e9bergements - GR10 - Pays Basque\",\"isPartOf\":{\"@id\":\"https:\/\/www.circuitsderando.com\/pyrenees\/gr10-pays-basque\/#website\"},\"datePublished\":\"2020-10-31T17:15:14+00:00\",\"dateModified\":\"2020-11-01T18:12:42+00:00\",\"breadcrumb\":{\"@id\":\"https:\/\/www.circuitsderando.com\/pyrenees\/gr10-pays-basque\/hebergements\/#breadcrumb\"},\"inLanguage\":\"fr-FR\",\"potentialAction\":[{\"@type\":\"ReadAction\",\"target\":[\"https:\/\/www.circuitsderando.com\/pyrenees\/gr10-pays-basque\/hebergements\/\"]}]},{\"@type\":\"BreadcrumbList\",\"@id\":\"https:\/\/www.circuitsderando.com\/pyrenees\/gr10-pays-basque\/hebergements\/#breadcrumb\",\"itemListElement\":[{\"@type\":\"ListItem\",\"position\":1,\"name\":\"GR10 Pays Basque\",\"item\":\"https:\/\/www.circuitsderando.com\/pyrenees\/gr10-pays-basque\/\"},{\"@type\":\"ListItem\",\"position\":2,\"name\":\"H\u00e9bergements\"}]},{\"@type\":\"WebSite\",\"@id\":\"https:\/\/www.circuitsderando.com\/pyrenees\/gr10-pays-basque\/#website\",\"url\":\"https:\/\/www.circuitsderando.com\/pyrenees\/gr10-pays-basque\/\",\"name\":\"GR10 - Pays Basque\",\"description\":\"Hendaye - Rhune - St Jean PDP - Iraty - Bagargiak\",\"potentialAction\":[{\"@type\":\"SearchAction\",\"target\":{\"@type\":\"EntryPoint\",\"urlTemplate\":\"https:\/\/www.circuitsderando.com\/pyrenees\/gr10-pays-basque\/?s={search_term_string}\"},\"query-input\":{\"@type\":\"PropertyValueSpecification\",\"valueRequired\":true,\"valueName\":\"search_term_string\"}}],\"inLanguage\":\"fr-FR\"}]}<\/script>\n<!-- \/ Yoast SEO plugin. -->","yoast_head_json":{"title":"H\u00e9bergements - GR10 - Pays Basque","robots":{"index":"index","follow":"follow","max-snippet":"max-snippet:-1","max-image-preview":"max-image-preview:large","max-video-preview":"max-video-preview:-1"},"canonical":"https:\/\/www.circuitsderando.com\/pyrenees\/gr10-pays-basque\/hebergements\/","og_locale":"fr_FR","og_type":"article","og_title":"H\u00e9bergements - GR10 - Pays Basque","og_url":"https:\/\/www.circuitsderando.com\/pyrenees\/gr10-pays-basque\/hebergements\/","og_site_name":"GR10 - Pays Basque","article_modified_time":"2020-11-01T18:12:42+00:00","twitter_card":"summary_large_image","schema":{"@context":"https:\/\/schema.org","@graph":[{"@type":"WebPage","@id":"https:\/\/www.circuitsderando.com\/pyrenees\/gr10-pays-basque\/hebergements\/","url":"https:\/\/www.circuitsderando.com\/pyrenees\/gr10-pays-basque\/hebergements\/","name":"H\u00e9bergements - GR10 - Pays Basque","isPartOf":{"@id":"https:\/\/www.circuitsderando.com\/pyrenees\/gr10-pays-basque\/#website"},"datePublished":"2020-10-31T17:15:14+00:00","dateModified":"2020-11-01T18:12:42+00:00","breadcrumb":{"@id":"https:\/\/www.circuitsderando.com\/pyrenees\/gr10-pays-basque\/hebergements\/#breadcrumb"},"inLanguage":"fr-FR","potentialAction":[{"@type":"ReadAction","target":["https:\/\/www.circuitsderando.com\/pyrenees\/gr10-pays-basque\/hebergements\/"]}]},{"@type":"BreadcrumbList","@id":"https:\/\/www.circuitsderando.com\/pyrenees\/gr10-pays-basque\/hebergements\/#breadcrumb","itemListElement":[{"@type":"ListItem","position":1,"name":"GR10 Pays Basque","item":"https:\/\/www.circuitsderando.com\/pyrenees\/gr10-pays-basque\/"},{"@type":"ListItem","position":2,"name":"H\u00e9bergements"}]},{"@type":"WebSite","@id":"https:\/\/www.circuitsderando.com\/pyrenees\/gr10-pays-basque\/#website","url":"https:\/\/www.circuitsderando.com\/pyrenees\/gr10-pays-basque\/","name":"GR10 - Pays Basque","description":"Hendaye - Rhune - St Jean PDP - Iraty - Bagargiak","potentialAction":[{"@type":"SearchAction","target":{"@type":"EntryPoint","urlTemplate":"https:\/\/www.circuitsderando.com\/pyrenees\/gr10-pays-basque\/?s={search_term_string}"},"query-input":{"@type":"PropertyValueSpecification","valueRequired":true,"valueName":"search_term_string"}}],"inLanguage":"fr-FR"}]}},"_links":{"self":[{"href":"https:\/\/www.circuitsderando.com\/pyrenees\/gr10-pays-basque\/wp-json\/wp\/v2\/pages\/27"}],"collection":[{"href":"https:\/\/www.circuitsderando.com\/pyrenees\/gr10-pays-basque\/wp-json\/wp\/v2\/pages"}],"about":[{"href":"https:\/\/www.circuitsderando.com\/pyrenees\/gr10-pays-basque\/wp-json\/wp\/v2\/types\/page"}],"author":[{"embeddable":true,"href":"https:\/\/www.circuitsderando.com\/pyrenees\/gr10-pays-basque\/wp-json\/wp\/v2\/users\/1"}],"replies":[{"embeddable":true,"href":"https:\/\/www.circuitsderando.com\/pyrenees\/gr10-pays-basque\/wp-json\/wp\/v2\/comments?post=27"}],"version-history":[{"count":2,"href":"https:\/\/www.circuitsderando.com\/pyrenees\/gr10-pays-basque\/wp-json\/wp\/v2\/pages\/27\/revisions"}],"predecessor-version":[{"id":207,"href":"https:\/\/www.circuitsderando.com\/pyrenees\/gr10-pays-basque\/wp-json\/wp\/v2\/pages\/27\/revisions\/207"}],"wp:attachment":[{"href":"https:\/\/www.circuitsderando.com\/pyrenees\/gr10-pays-basque\/wp-json\/wp\/v2\/media?parent=27"}],"curies":[{"name":"wp","href":"https:\/\/api.w.org\/{rel}","templated":true}]}}