{"id":23,"date":"2020-10-31T18:14:31","date_gmt":"2020-10-31T17:14:31","guid":{"rendered":"https:\/\/www.circuitsderando.com\/pyrenees\/gr10-pays-basque\/?page_id=23"},"modified":"2024-01-08T21:18:57","modified_gmt":"2024-01-08T20:18:57","slug":"etape-7-phagalcette-bagargiak","status":"publish","type":"page","link":"https:\/\/www.circuitsderando.com\/pyrenees\/gr10-pays-basque\/etape-7-phagalcette-bagargiak\/","title":{"rendered":"Etape 7 : Phagalcette &#8211; Bagargiak"},"content":{"rendered":"\n<div class=\"wp-block-columns is-layout-flex wp-container-core-columns-is-layout-1 wp-block-columns-is-layout-flex\">\n<div class=\"wp-block-column is-layout-flow wp-block-column-is-layout-flow\">\n<figure class=\"wp-block-image size-large\"><a href=\"https:\/\/www.circuitsderando.com\/pyrenees\/gr10-pays-basque\/wp-content\/uploads\/2020\/11\/intzarraguy-2.jpg\" target=\"_blank\" rel=\"noreferrer noopener\"><img loading=\"lazy\" decoding=\"async\" width=\"960\" height=\"720\" src=\"https:\/\/www.circuitsderando.com\/pyrenees\/gr10-pays-basque\/wp-content\/uploads\/2020\/11\/intzarraguy-2.jpg\" alt=\"\" class=\"wp-image-171\" srcset=\"https:\/\/www.circuitsderando.com\/pyrenees\/gr10-pays-basque\/wp-content\/uploads\/2020\/11\/intzarraguy-2.jpg 960w, https:\/\/www.circuitsderando.com\/pyrenees\/gr10-pays-basque\/wp-content\/uploads\/2020\/11\/intzarraguy-2-300x225.jpg 300w, https:\/\/www.circuitsderando.com\/pyrenees\/gr10-pays-basque\/wp-content\/uploads\/2020\/11\/intzarraguy-2-768x576.jpg 768w, https:\/\/www.circuitsderando.com\/pyrenees\/gr10-pays-basque\/wp-content\/uploads\/2020\/11\/intzarraguy-2-690x518.jpg 690w\" sizes=\"(max-width: 960px) 100vw, 960px\" \/><\/a><figcaption class=\"wp-element-caption\"><strong>INTZARRAZGUY (820 M)<\/strong><br><br>De nombreux animaux circulent dans cette vall\u00e9e riche en paturages.<\/figcaption><\/figure>\n<\/div>\n\n\n\n<div class=\"wp-block-column is-layout-flow wp-block-column-is-layout-flow\">\n<figure class=\"wp-block-image size-large\"><a href=\"https:\/\/www.circuitsderando.com\/pyrenees\/gr10-pays-basque\/wp-content\/uploads\/2020\/11\/cromlechs.jpg\" target=\"_blank\" rel=\"noreferrer noopener\"><img loading=\"lazy\" decoding=\"async\" width=\"960\" height=\"720\" src=\"https:\/\/www.circuitsderando.com\/pyrenees\/gr10-pays-basque\/wp-content\/uploads\/2020\/11\/cromlechs.jpg\" alt=\"\" class=\"wp-image-172\" srcset=\"https:\/\/www.circuitsderando.com\/pyrenees\/gr10-pays-basque\/wp-content\/uploads\/2020\/11\/cromlechs.jpg 960w, https:\/\/www.circuitsderando.com\/pyrenees\/gr10-pays-basque\/wp-content\/uploads\/2020\/11\/cromlechs-300x225.jpg 300w, https:\/\/www.circuitsderando.com\/pyrenees\/gr10-pays-basque\/wp-content\/uploads\/2020\/11\/cromlechs-768x576.jpg 768w, https:\/\/www.circuitsderando.com\/pyrenees\/gr10-pays-basque\/wp-content\/uploads\/2020\/11\/cromlechs-690x518.jpg 690w\" sizes=\"(max-width: 960px) 100vw, 960px\" \/><\/a><figcaption class=\"wp-element-caption\"><strong>CROMLECHS D&rsquo;OCCABE (1382 M)<\/strong><br><br>Vingt-six cromlechs s&rsquo;\u00e9talent sur le plateau de l&rsquo;occab\u00e9. Ces lieux ont plus de 2000 ans d&rsquo;age.<\/figcaption><\/figure>\n<\/div>\n\n\n\n<div class=\"wp-block-column is-layout-flow wp-block-column-is-layout-flow\">\n<figure class=\"wp-block-image size-large\"><a href=\"https:\/\/www.circuitsderando.com\/pyrenees\/gr10-pays-basque\/wp-content\/uploads\/2020\/11\/iraty.jpg\" target=\"_blank\" rel=\"noreferrer noopener\"><img loading=\"lazy\" decoding=\"async\" width=\"960\" height=\"720\" src=\"https:\/\/www.circuitsderando.com\/pyrenees\/gr10-pays-basque\/wp-content\/uploads\/2020\/11\/iraty.jpg\" alt=\"\" class=\"wp-image-174\" srcset=\"https:\/\/www.circuitsderando.com\/pyrenees\/gr10-pays-basque\/wp-content\/uploads\/2020\/11\/iraty.jpg 960w, https:\/\/www.circuitsderando.com\/pyrenees\/gr10-pays-basque\/wp-content\/uploads\/2020\/11\/iraty-300x225.jpg 300w, https:\/\/www.circuitsderando.com\/pyrenees\/gr10-pays-basque\/wp-content\/uploads\/2020\/11\/iraty-768x576.jpg 768w, https:\/\/www.circuitsderando.com\/pyrenees\/gr10-pays-basque\/wp-content\/uploads\/2020\/11\/iraty-690x518.jpg 690w\" sizes=\"(max-width: 960px) 100vw, 960px\" \/><\/a><figcaption class=\"wp-element-caption\"><strong>FORET D&rsquo;IRATY (1380 M)<\/strong><br><br> <\/figcaption><\/figure>\n<\/div>\n<\/div>\n\n\n\n<div class=\"wp-block-columns is-layout-flex wp-container-core-columns-is-layout-2 wp-block-columns-is-layout-flex\">\n<div class=\"wp-block-column is-layout-flow wp-block-column-is-layout-flow\">\n<figure class=\"wp-block-image size-large\"><a href=\"https:\/\/www.circuitsderando.com\/pyrenees\/gr10-pays-basque\/wp-content\/uploads\/2020\/11\/foret-occabe-2.jpg\" target=\"_blank\" rel=\"noreferrer noopener\"><img loading=\"lazy\" decoding=\"async\" width=\"960\" height=\"720\" src=\"https:\/\/www.circuitsderando.com\/pyrenees\/gr10-pays-basque\/wp-content\/uploads\/2020\/11\/foret-occabe-2.jpg\" alt=\"\" class=\"wp-image-180\" srcset=\"https:\/\/www.circuitsderando.com\/pyrenees\/gr10-pays-basque\/wp-content\/uploads\/2020\/11\/foret-occabe-2.jpg 960w, https:\/\/www.circuitsderando.com\/pyrenees\/gr10-pays-basque\/wp-content\/uploads\/2020\/11\/foret-occabe-2-300x225.jpg 300w, https:\/\/www.circuitsderando.com\/pyrenees\/gr10-pays-basque\/wp-content\/uploads\/2020\/11\/foret-occabe-2-768x576.jpg 768w, https:\/\/www.circuitsderando.com\/pyrenees\/gr10-pays-basque\/wp-content\/uploads\/2020\/11\/foret-occabe-2-690x518.jpg 690w\" sizes=\"(max-width: 960px) 100vw, 960px\" \/><\/a><figcaption class=\"wp-element-caption\"><strong>FORET D&rsquo;IRATY (1326 M)<\/strong><br><br>For\u00eat situ\u00e9 apr\u00e8s le passage pr\u00e8s du sommet d&rsquo;Occab\u00e9. For\u00eat peupl\u00e9e de quelques bouleaux et surtout de h\u00eatres. Il s&rsquo;agit de la plus grande h\u00eatraie d&rsquo;europe.<\/figcaption><\/figure>\n<\/div>\n\n\n\n<div class=\"wp-block-column is-layout-flow wp-block-column-is-layout-flow\">\n<figure class=\"wp-block-image size-large\"><a href=\"https:\/\/www.circuitsderando.com\/pyrenees\/gr10-pays-basque\/wp-content\/uploads\/2020\/11\/chalet-pedro.jpg\" target=\"_blank\" rel=\"noreferrer noopener\"><img loading=\"lazy\" decoding=\"async\" width=\"960\" height=\"720\" src=\"https:\/\/www.circuitsderando.com\/pyrenees\/gr10-pays-basque\/wp-content\/uploads\/2020\/11\/chalet-pedro.jpg\" alt=\"\" class=\"wp-image-181\" srcset=\"https:\/\/www.circuitsderando.com\/pyrenees\/gr10-pays-basque\/wp-content\/uploads\/2020\/11\/chalet-pedro.jpg 960w, https:\/\/www.circuitsderando.com\/pyrenees\/gr10-pays-basque\/wp-content\/uploads\/2020\/11\/chalet-pedro-300x225.jpg 300w, https:\/\/www.circuitsderando.com\/pyrenees\/gr10-pays-basque\/wp-content\/uploads\/2020\/11\/chalet-pedro-768x576.jpg 768w, https:\/\/www.circuitsderando.com\/pyrenees\/gr10-pays-basque\/wp-content\/uploads\/2020\/11\/chalet-pedro-690x518.jpg 690w\" sizes=\"(max-width: 960px) 100vw, 960px\" \/><\/a><figcaption class=\"wp-element-caption\"><strong>CHALET PEDRO (990 M)<\/strong><br><br>Chalet situ\u00e9 en pleine for\u00eat d&rsquo;Iraty. Ce chalet est un bon Restaurant situ\u00e9 pr\u00e8s de la cascade.<\/figcaption><\/figure>\n<\/div>\n\n\n\n<div class=\"wp-block-column is-layout-flow wp-block-column-is-layout-flow\">\n<figure class=\"wp-block-image size-large\"><a href=\"https:\/\/www.circuitsderando.com\/pyrenees\/gr10-pays-basque\/wp-content\/uploads\/2020\/11\/bassin-chalet-pedro.jpg\" target=\"_blank\" rel=\"noreferrer noopener\"><img loading=\"lazy\" decoding=\"async\" width=\"960\" height=\"720\" src=\"https:\/\/www.circuitsderando.com\/pyrenees\/gr10-pays-basque\/wp-content\/uploads\/2020\/11\/bassin-chalet-pedro.jpg\" alt=\"\" class=\"wp-image-182\" srcset=\"https:\/\/www.circuitsderando.com\/pyrenees\/gr10-pays-basque\/wp-content\/uploads\/2020\/11\/bassin-chalet-pedro.jpg 960w, https:\/\/www.circuitsderando.com\/pyrenees\/gr10-pays-basque\/wp-content\/uploads\/2020\/11\/bassin-chalet-pedro-300x225.jpg 300w, https:\/\/www.circuitsderando.com\/pyrenees\/gr10-pays-basque\/wp-content\/uploads\/2020\/11\/bassin-chalet-pedro-768x576.jpg 768w, https:\/\/www.circuitsderando.com\/pyrenees\/gr10-pays-basque\/wp-content\/uploads\/2020\/11\/bassin-chalet-pedro-690x518.jpg 690w\" sizes=\"(max-width: 960px) 100vw, 960px\" \/><\/a><figcaption class=\"wp-element-caption\"><strong>CASCADE DU CHALET PEDRO (990 M)<\/strong><br><br>Cascade situ\u00e9e pr\u00e8s du chalet Pedro. L&rsquo;eau provient du lac Iraty-Cize \u00e0 proximit\u00e9.<\/figcaption><\/figure>\n<\/div>\n<\/div>\n\n\n\n<div class=\"wp-block-columns is-layout-flex wp-container-core-columns-is-layout-3 wp-block-columns-is-layout-flex\">\n<div class=\"wp-block-column is-layout-flow wp-block-column-is-layout-flow\">\n<figure class=\"wp-block-image size-large\"><a href=\"https:\/\/www.circuitsderando.com\/pyrenees\/gr10-pays-basque\/wp-content\/uploads\/2020\/11\/lac-iraty-cize-2.jpg\" target=\"_blank\" rel=\"noreferrer noopener\"><img loading=\"lazy\" decoding=\"async\" width=\"960\" height=\"720\" src=\"https:\/\/www.circuitsderando.com\/pyrenees\/gr10-pays-basque\/wp-content\/uploads\/2020\/11\/lac-iraty-cize-2.jpg\" alt=\"\" class=\"wp-image-186\" srcset=\"https:\/\/www.circuitsderando.com\/pyrenees\/gr10-pays-basque\/wp-content\/uploads\/2020\/11\/lac-iraty-cize-2.jpg 960w, https:\/\/www.circuitsderando.com\/pyrenees\/gr10-pays-basque\/wp-content\/uploads\/2020\/11\/lac-iraty-cize-2-300x225.jpg 300w, https:\/\/www.circuitsderando.com\/pyrenees\/gr10-pays-basque\/wp-content\/uploads\/2020\/11\/lac-iraty-cize-2-768x576.jpg 768w, https:\/\/www.circuitsderando.com\/pyrenees\/gr10-pays-basque\/wp-content\/uploads\/2020\/11\/lac-iraty-cize-2-690x518.jpg 690w\" sizes=\"(max-width: 960px) 100vw, 960px\" \/><\/a><figcaption class=\"wp-element-caption\"><strong>LAC IRATY-CIZE (1015 M)<\/strong><br><br>Lac situ\u00e9 \u00e0 quelques centaines de m\u00eatres du Chalet Pedro. En hiver, ce lieu se transforme en petite station de ski de fond.<\/figcaption><\/figure>\n<\/div>\n\n\n\n<div class=\"wp-block-column is-layout-flow wp-block-column-is-layout-flow\">\n<figure class=\"wp-block-image size-large\"><a href=\"https:\/\/www.circuitsderando.com\/pyrenees\/gr10-pays-basque\/wp-content\/uploads\/2020\/11\/lac-vers-egatchbouri.jpg\" target=\"_blank\" rel=\"noreferrer noopener\"><img loading=\"lazy\" decoding=\"async\" width=\"960\" height=\"720\" src=\"https:\/\/www.circuitsderando.com\/pyrenees\/gr10-pays-basque\/wp-content\/uploads\/2020\/11\/lac-vers-egatchbouri.jpg\" alt=\"\" class=\"wp-image-187\" srcset=\"https:\/\/www.circuitsderando.com\/pyrenees\/gr10-pays-basque\/wp-content\/uploads\/2020\/11\/lac-vers-egatchbouri.jpg 960w, https:\/\/www.circuitsderando.com\/pyrenees\/gr10-pays-basque\/wp-content\/uploads\/2020\/11\/lac-vers-egatchbouri-300x225.jpg 300w, https:\/\/www.circuitsderando.com\/pyrenees\/gr10-pays-basque\/wp-content\/uploads\/2020\/11\/lac-vers-egatchbouri-768x576.jpg 768w, https:\/\/www.circuitsderando.com\/pyrenees\/gr10-pays-basque\/wp-content\/uploads\/2020\/11\/lac-vers-egatchbouri-690x518.jpg 690w\" sizes=\"(max-width: 960px) 100vw, 960px\" \/><\/a><figcaption class=\"wp-element-caption\"><strong>LAC EGATCHBOURI (1114 M)<\/strong><br><br>Lac bucolique siut\u00e9 \u00e0 proximit\u00e9 du Col Bagargiak. Un petit barrage se situe au nord du lac.<\/figcaption><\/figure>\n<\/div>\n\n\n\n<div class=\"wp-block-column is-layout-flow wp-block-column-is-layout-flow\">\n<figure class=\"wp-block-image size-large\"><a href=\"https:\/\/www.circuitsderando.com\/pyrenees\/gr10-pays-basque\/wp-content\/uploads\/2020\/11\/chelets-iraty.jpg\" target=\"_blank\" rel=\"noreferrer noopener\"><img loading=\"lazy\" decoding=\"async\" width=\"960\" height=\"720\" src=\"https:\/\/www.circuitsderando.com\/pyrenees\/gr10-pays-basque\/wp-content\/uploads\/2020\/11\/chelets-iraty.jpg\" alt=\"\" class=\"wp-image-188\" srcset=\"https:\/\/www.circuitsderando.com\/pyrenees\/gr10-pays-basque\/wp-content\/uploads\/2020\/11\/chelets-iraty.jpg 960w, https:\/\/www.circuitsderando.com\/pyrenees\/gr10-pays-basque\/wp-content\/uploads\/2020\/11\/chelets-iraty-300x225.jpg 300w, https:\/\/www.circuitsderando.com\/pyrenees\/gr10-pays-basque\/wp-content\/uploads\/2020\/11\/chelets-iraty-768x576.jpg 768w, https:\/\/www.circuitsderando.com\/pyrenees\/gr10-pays-basque\/wp-content\/uploads\/2020\/11\/chelets-iraty-690x518.jpg 690w\" sizes=\"(max-width: 960px) 100vw, 960px\" \/><\/a><figcaption class=\"wp-element-caption\"><strong>CHALETS D&rsquo;IRATY (1327 M)<\/strong><br><br>Regroupement de nombreux chalets en bois dans la for\u00eat d&rsquo;Iraty.<\/figcaption><\/figure>\n<\/div>\n<\/div>\n\n\n\n<p class=\"has-text-align-right\"><a href=\"https:\/\/www.circuitsderando.com\/pyrenees\/gr10-bearn\/bagargiak-logibar\/\">BEARN &gt;&gt;&gt;<\/a><\/p>\n","protected":false},"excerpt":{"rendered":"<p>BEARN &gt;&gt;&gt;<\/p>\n","protected":false},"author":1,"featured_media":0,"parent":0,"menu_order":0,"comment_status":"closed","ping_status":"closed","template":"templates\/full-width-page.php","meta":{"_monsterinsights_skip_tracking":false,"_monsterinsights_sitenote_active":false,"_monsterinsights_sitenote_note":"","_monsterinsights_sitenote_category":0,"footnotes":""},"class_list":["post-23","page","type-page","status-publish","hentry"],"yoast_head":"<!-- This site is optimized with the Yoast SEO plugin v23.5 - https:\/\/yoast.com\/wordpress\/plugins\/seo\/ -->\n<title>Etape 7 : Phagalcette - Bagargiak - GR10 - Pays Basque<\/title>\n<meta name=\"robots\" content=\"index, follow, max-snippet:-1, max-image-preview:large, max-video-preview:-1\" \/>\n<link rel=\"canonical\" href=\"https:\/\/www.circuitsderando.com\/pyrenees\/gr10-pays-basque\/etape-7-phagalcette-bagargiak\/\" \/>\n<meta property=\"og:locale\" content=\"fr_FR\" \/>\n<meta property=\"og:type\" content=\"article\" \/>\n<meta property=\"og:title\" content=\"Etape 7 : Phagalcette - Bagargiak - GR10 - Pays Basque\" \/>\n<meta property=\"og:description\" content=\"BEARN &gt;&gt;&gt;\" \/>\n<meta property=\"og:url\" content=\"https:\/\/www.circuitsderando.com\/pyrenees\/gr10-pays-basque\/etape-7-phagalcette-bagargiak\/\" \/>\n<meta property=\"og:site_name\" content=\"GR10 - Pays Basque\" \/>\n<meta property=\"article:modified_time\" content=\"2024-01-08T20:18:57+00:00\" \/>\n<meta property=\"og:image\" content=\"https:\/\/www.circuitsderando.com\/pyrenees\/gr10-pays-basque\/wp-content\/uploads\/2020\/11\/intzarraguy-2.jpg\" \/>\n<meta name=\"twitter:card\" content=\"summary_large_image\" \/>\n<meta name=\"twitter:label1\" content=\"Dur\u00e9e de lecture estim\u00e9e\" \/>\n\t<meta name=\"twitter:data1\" content=\"3 minutes\" \/>\n<script type=\"application\/ld+json\" class=\"yoast-schema-graph\">{\"@context\":\"https:\/\/schema.org\",\"@graph\":[{\"@type\":\"WebPage\",\"@id\":\"https:\/\/www.circuitsderando.com\/pyrenees\/gr10-pays-basque\/etape-7-phagalcette-bagargiak\/\",\"url\":\"https:\/\/www.circuitsderando.com\/pyrenees\/gr10-pays-basque\/etape-7-phagalcette-bagargiak\/\",\"name\":\"Etape 7 : Phagalcette - Bagargiak - GR10 - Pays Basque\",\"isPartOf\":{\"@id\":\"https:\/\/www.circuitsderando.com\/pyrenees\/gr10-pays-basque\/#website\"},\"primaryImageOfPage\":{\"@id\":\"https:\/\/www.circuitsderando.com\/pyrenees\/gr10-pays-basque\/etape-7-phagalcette-bagargiak\/#primaryimage\"},\"image\":{\"@id\":\"https:\/\/www.circuitsderando.com\/pyrenees\/gr10-pays-basque\/etape-7-phagalcette-bagargiak\/#primaryimage\"},\"thumbnailUrl\":\"https:\/\/www.circuitsderando.com\/pyrenees\/gr10-pays-basque\/wp-content\/uploads\/2020\/11\/intzarraguy-2.jpg\",\"datePublished\":\"2020-10-31T17:14:31+00:00\",\"dateModified\":\"2024-01-08T20:18:57+00:00\",\"breadcrumb\":{\"@id\":\"https:\/\/www.circuitsderando.com\/pyrenees\/gr10-pays-basque\/etape-7-phagalcette-bagargiak\/#breadcrumb\"},\"inLanguage\":\"fr-FR\",\"potentialAction\":[{\"@type\":\"ReadAction\",\"target\":[\"https:\/\/www.circuitsderando.com\/pyrenees\/gr10-pays-basque\/etape-7-phagalcette-bagargiak\/\"]}]},{\"@type\":\"ImageObject\",\"inLanguage\":\"fr-FR\",\"@id\":\"https:\/\/www.circuitsderando.com\/pyrenees\/gr10-pays-basque\/etape-7-phagalcette-bagargiak\/#primaryimage\",\"url\":\"https:\/\/www.circuitsderando.com\/pyrenees\/gr10-pays-basque\/wp-content\/uploads\/2020\/11\/intzarraguy-2.jpg\",\"contentUrl\":\"https:\/\/www.circuitsderando.com\/pyrenees\/gr10-pays-basque\/wp-content\/uploads\/2020\/11\/intzarraguy-2.jpg\",\"width\":960,\"height\":720},{\"@type\":\"BreadcrumbList\",\"@id\":\"https:\/\/www.circuitsderando.com\/pyrenees\/gr10-pays-basque\/etape-7-phagalcette-bagargiak\/#breadcrumb\",\"itemListElement\":[{\"@type\":\"ListItem\",\"position\":1,\"name\":\"GR10 Pays Basque\",\"item\":\"https:\/\/www.circuitsderando.com\/pyrenees\/gr10-pays-basque\/\"},{\"@type\":\"ListItem\",\"position\":2,\"name\":\"Etape 7 : Phagalcette &#8211; Bagargiak\"}]},{\"@type\":\"WebSite\",\"@id\":\"https:\/\/www.circuitsderando.com\/pyrenees\/gr10-pays-basque\/#website\",\"url\":\"https:\/\/www.circuitsderando.com\/pyrenees\/gr10-pays-basque\/\",\"name\":\"GR10 - Pays Basque\",\"description\":\"Hendaye - Rhune - St Jean PDP - Iraty - Bagargiak\",\"potentialAction\":[{\"@type\":\"SearchAction\",\"target\":{\"@type\":\"EntryPoint\",\"urlTemplate\":\"https:\/\/www.circuitsderando.com\/pyrenees\/gr10-pays-basque\/?s={search_term_string}\"},\"query-input\":{\"@type\":\"PropertyValueSpecification\",\"valueRequired\":true,\"valueName\":\"search_term_string\"}}],\"inLanguage\":\"fr-FR\"}]}<\/script>\n<!-- \/ Yoast SEO plugin. -->","yoast_head_json":{"title":"Etape 7 : Phagalcette - Bagargiak - GR10 - Pays Basque","robots":{"index":"index","follow":"follow","max-snippet":"max-snippet:-1","max-image-preview":"max-image-preview:large","max-video-preview":"max-video-preview:-1"},"canonical":"https:\/\/www.circuitsderando.com\/pyrenees\/gr10-pays-basque\/etape-7-phagalcette-bagargiak\/","og_locale":"fr_FR","og_type":"article","og_title":"Etape 7 : Phagalcette - Bagargiak - GR10 - Pays Basque","og_description":"BEARN &gt;&gt;&gt;","og_url":"https:\/\/www.circuitsderando.com\/pyrenees\/gr10-pays-basque\/etape-7-phagalcette-bagargiak\/","og_site_name":"GR10 - Pays Basque","article_modified_time":"2024-01-08T20:18:57+00:00","og_image":[{"url":"https:\/\/www.circuitsderando.com\/pyrenees\/gr10-pays-basque\/wp-content\/uploads\/2020\/11\/intzarraguy-2.jpg"}],"twitter_card":"summary_large_image","twitter_misc":{"Dur\u00e9e de lecture estim\u00e9e":"3 minutes"},"schema":{"@context":"https:\/\/schema.org","@graph":[{"@type":"WebPage","@id":"https:\/\/www.circuitsderando.com\/pyrenees\/gr10-pays-basque\/etape-7-phagalcette-bagargiak\/","url":"https:\/\/www.circuitsderando.com\/pyrenees\/gr10-pays-basque\/etape-7-phagalcette-bagargiak\/","name":"Etape 7 : Phagalcette - Bagargiak - GR10 - Pays Basque","isPartOf":{"@id":"https:\/\/www.circuitsderando.com\/pyrenees\/gr10-pays-basque\/#website"},"primaryImageOfPage":{"@id":"https:\/\/www.circuitsderando.com\/pyrenees\/gr10-pays-basque\/etape-7-phagalcette-bagargiak\/#primaryimage"},"image":{"@id":"https:\/\/www.circuitsderando.com\/pyrenees\/gr10-pays-basque\/etape-7-phagalcette-bagargiak\/#primaryimage"},"thumbnailUrl":"https:\/\/www.circuitsderando.com\/pyrenees\/gr10-pays-basque\/wp-content\/uploads\/2020\/11\/intzarraguy-2.jpg","datePublished":"2020-10-31T17:14:31+00:00","dateModified":"2024-01-08T20:18:57+00:00","breadcrumb":{"@id":"https:\/\/www.circuitsderando.com\/pyrenees\/gr10-pays-basque\/etape-7-phagalcette-bagargiak\/#breadcrumb"},"inLanguage":"fr-FR","potentialAction":[{"@type":"ReadAction","target":["https:\/\/www.circuitsderando.com\/pyrenees\/gr10-pays-basque\/etape-7-phagalcette-bagargiak\/"]}]},{"@type":"ImageObject","inLanguage":"fr-FR","@id":"https:\/\/www.circuitsderando.com\/pyrenees\/gr10-pays-basque\/etape-7-phagalcette-bagargiak\/#primaryimage","url":"https:\/\/www.circuitsderando.com\/pyrenees\/gr10-pays-basque\/wp-content\/uploads\/2020\/11\/intzarraguy-2.jpg","contentUrl":"https:\/\/www.circuitsderando.com\/pyrenees\/gr10-pays-basque\/wp-content\/uploads\/2020\/11\/intzarraguy-2.jpg","width":960,"height":720},{"@type":"BreadcrumbList","@id":"https:\/\/www.circuitsderando.com\/pyrenees\/gr10-pays-basque\/etape-7-phagalcette-bagargiak\/#breadcrumb","itemListElement":[{"@type":"ListItem","position":1,"name":"GR10 Pays Basque","item":"https:\/\/www.circuitsderando.com\/pyrenees\/gr10-pays-basque\/"},{"@type":"ListItem","position":2,"name":"Etape 7 : Phagalcette &#8211; Bagargiak"}]},{"@type":"WebSite","@id":"https:\/\/www.circuitsderando.com\/pyrenees\/gr10-pays-basque\/#website","url":"https:\/\/www.circuitsderando.com\/pyrenees\/gr10-pays-basque\/","name":"GR10 - Pays Basque","description":"Hendaye - Rhune - St Jean PDP - Iraty - Bagargiak","potentialAction":[{"@type":"SearchAction","target":{"@type":"EntryPoint","urlTemplate":"https:\/\/www.circuitsderando.com\/pyrenees\/gr10-pays-basque\/?s={search_term_string}"},"query-input":{"@type":"PropertyValueSpecification","valueRequired":true,"valueName":"search_term_string"}}],"inLanguage":"fr-FR"}]}},"_links":{"self":[{"href":"https:\/\/www.circuitsderando.com\/pyrenees\/gr10-pays-basque\/wp-json\/wp\/v2\/pages\/23"}],"collection":[{"href":"https:\/\/www.circuitsderando.com\/pyrenees\/gr10-pays-basque\/wp-json\/wp\/v2\/pages"}],"about":[{"href":"https:\/\/www.circuitsderando.com\/pyrenees\/gr10-pays-basque\/wp-json\/wp\/v2\/types\/page"}],"author":[{"embeddable":true,"href":"https:\/\/www.circuitsderando.com\/pyrenees\/gr10-pays-basque\/wp-json\/wp\/v2\/users\/1"}],"replies":[{"embeddable":true,"href":"https:\/\/www.circuitsderando.com\/pyrenees\/gr10-pays-basque\/wp-json\/wp\/v2\/comments?post=23"}],"version-history":[{"count":12,"href":"https:\/\/www.circuitsderando.com\/pyrenees\/gr10-pays-basque\/wp-json\/wp\/v2\/pages\/23\/revisions"}],"predecessor-version":[{"id":263,"href":"https:\/\/www.circuitsderando.com\/pyrenees\/gr10-pays-basque\/wp-json\/wp\/v2\/pages\/23\/revisions\/263"}],"wp:attachment":[{"href":"https:\/\/www.circuitsderando.com\/pyrenees\/gr10-pays-basque\/wp-json\/wp\/v2\/media?parent=23"}],"curies":[{"name":"wp","href":"https:\/\/api.w.org\/{rel}","templated":true}]}}