{"id":21,"date":"2020-10-31T18:14:08","date_gmt":"2020-10-31T17:14:08","guid":{"rendered":"https:\/\/www.circuitsderando.com\/pyrenees\/gr10-pays-basque\/?page_id=21"},"modified":"2024-01-08T21:17:30","modified_gmt":"2024-01-08T20:17:30","slug":"etape-6-st-jean-pied-de-port-phagalcette","status":"publish","type":"page","link":"https:\/\/www.circuitsderando.com\/pyrenees\/gr10-pays-basque\/etape-6-st-jean-pied-de-port-phagalcette\/","title":{"rendered":"Etape 6 : St Jean Pied de Port &#8211; Phagalcette"},"content":{"rendered":"\n<div class=\"wp-block-columns is-layout-flex wp-container-core-columns-is-layout-1 wp-block-columns-is-layout-flex\">\n<div class=\"wp-block-column is-layout-flow wp-block-column-is-layout-flow\">\n<figure class=\"wp-block-image size-large\"><a href=\"https:\/\/www.circuitsderando.com\/pyrenees\/gr10-pays-basque\/wp-content\/uploads\/2020\/11\/eglise-la-magdaleine.jpg\" target=\"_blank\" rel=\"noreferrer noopener\"><img loading=\"lazy\" decoding=\"async\" width=\"960\" height=\"720\" src=\"https:\/\/www.circuitsderando.com\/pyrenees\/gr10-pays-basque\/wp-content\/uploads\/2020\/11\/eglise-la-magdaleine.jpg\" alt=\"\" class=\"wp-image-153\" srcset=\"https:\/\/www.circuitsderando.com\/pyrenees\/gr10-pays-basque\/wp-content\/uploads\/2020\/11\/eglise-la-magdaleine.jpg 960w, https:\/\/www.circuitsderando.com\/pyrenees\/gr10-pays-basque\/wp-content\/uploads\/2020\/11\/eglise-la-magdaleine-300x225.jpg 300w, https:\/\/www.circuitsderando.com\/pyrenees\/gr10-pays-basque\/wp-content\/uploads\/2020\/11\/eglise-la-magdaleine-768x576.jpg 768w, https:\/\/www.circuitsderando.com\/pyrenees\/gr10-pays-basque\/wp-content\/uploads\/2020\/11\/eglise-la-magdaleine-690x518.jpg 690w\" sizes=\"(max-width: 960px) 100vw, 960px\" \/><\/a><figcaption class=\"wp-element-caption\"><strong>EGLISE DE MAGDELEINE (178 M)<\/strong><br><br>Eglise du 11\u00e8me si\u00e8cle class\u00e9e Monument Historique<\/figcaption><\/figure>\n<\/div>\n\n\n\n<div class=\"wp-block-column is-layout-flow wp-block-column-is-layout-flow\">\n<figure class=\"wp-block-image size-large\"><a href=\"https:\/\/www.circuitsderando.com\/pyrenees\/gr10-pays-basque\/wp-content\/uploads\/2020\/11\/eglise-st-jean-le-vieux.jpg\" target=\"_blank\" rel=\"noreferrer noopener\"><img loading=\"lazy\" decoding=\"async\" width=\"960\" height=\"720\" src=\"https:\/\/www.circuitsderando.com\/pyrenees\/gr10-pays-basque\/wp-content\/uploads\/2020\/11\/eglise-st-jean-le-vieux.jpg\" alt=\"\" class=\"wp-image-154\" srcset=\"https:\/\/www.circuitsderando.com\/pyrenees\/gr10-pays-basque\/wp-content\/uploads\/2020\/11\/eglise-st-jean-le-vieux.jpg 960w, https:\/\/www.circuitsderando.com\/pyrenees\/gr10-pays-basque\/wp-content\/uploads\/2020\/11\/eglise-st-jean-le-vieux-300x225.jpg 300w, https:\/\/www.circuitsderando.com\/pyrenees\/gr10-pays-basque\/wp-content\/uploads\/2020\/11\/eglise-st-jean-le-vieux-768x576.jpg 768w, https:\/\/www.circuitsderando.com\/pyrenees\/gr10-pays-basque\/wp-content\/uploads\/2020\/11\/eglise-st-jean-le-vieux-690x518.jpg 690w\" sizes=\"(max-width: 960px) 100vw, 960px\" \/><\/a><figcaption class=\"wp-element-caption\"><strong>EGLISE ST JEAN LE VIEUX (207 M)<\/strong><br><br>Village situ\u00e9 sur le Chemin de St Jacques de Compostelle. Eglise datant du 12e si\u00e8cle. D\u00e9truite par Richard Coeur de Lion puis reconstruite.<\/figcaption><\/figure>\n<\/div>\n\n\n\n<div class=\"wp-block-column is-layout-flow wp-block-column-is-layout-flow\">\n<figure class=\"wp-block-image size-large\"><a href=\"https:\/\/www.circuitsderando.com\/pyrenees\/gr10-pays-basque\/wp-content\/uploads\/2020\/11\/bassin-cruciforme-st-jean-le-vieux.jpg\" target=\"_blank\" rel=\"noreferrer noopener\"><img loading=\"lazy\" decoding=\"async\" width=\"960\" height=\"720\" src=\"https:\/\/www.circuitsderando.com\/pyrenees\/gr10-pays-basque\/wp-content\/uploads\/2020\/11\/bassin-cruciforme-st-jean-le-vieux.jpg\" alt=\"\" class=\"wp-image-155\" srcset=\"https:\/\/www.circuitsderando.com\/pyrenees\/gr10-pays-basque\/wp-content\/uploads\/2020\/11\/bassin-cruciforme-st-jean-le-vieux.jpg 960w, https:\/\/www.circuitsderando.com\/pyrenees\/gr10-pays-basque\/wp-content\/uploads\/2020\/11\/bassin-cruciforme-st-jean-le-vieux-300x225.jpg 300w, https:\/\/www.circuitsderando.com\/pyrenees\/gr10-pays-basque\/wp-content\/uploads\/2020\/11\/bassin-cruciforme-st-jean-le-vieux-768x576.jpg 768w, https:\/\/www.circuitsderando.com\/pyrenees\/gr10-pays-basque\/wp-content\/uploads\/2020\/11\/bassin-cruciforme-st-jean-le-vieux-690x518.jpg 690w\" sizes=\"(max-width: 960px) 100vw, 960px\" \/><\/a><figcaption class=\"wp-element-caption\"><strong>BASSIN ST JEAN LE VIEUX (207 M)<\/strong><br><br>Bassin en forme de Croix de Lorraine et situ\u00e9 pr\u00e8s d&rsquo;un Tumulus datant de l&rsquo;\u00e9poque romaine.<\/figcaption><\/figure>\n<\/div>\n<\/div>\n\n\n\n<div class=\"wp-block-columns is-layout-flex wp-container-core-columns-is-layout-2 wp-block-columns-is-layout-flex\">\n<div class=\"wp-block-column is-layout-flow wp-block-column-is-layout-flow\">\n<figure class=\"wp-block-image size-large\"><a href=\"https:\/\/www.circuitsderando.com\/pyrenees\/gr10-pays-basque\/wp-content\/uploads\/2020\/11\/maison-caro.jpg\" target=\"_blank\" rel=\"noreferrer noopener\"><img loading=\"lazy\" decoding=\"async\" width=\"960\" height=\"720\" src=\"https:\/\/www.circuitsderando.com\/pyrenees\/gr10-pays-basque\/wp-content\/uploads\/2020\/11\/maison-caro.jpg\" alt=\"\" class=\"wp-image-159\" srcset=\"https:\/\/www.circuitsderando.com\/pyrenees\/gr10-pays-basque\/wp-content\/uploads\/2020\/11\/maison-caro.jpg 960w, https:\/\/www.circuitsderando.com\/pyrenees\/gr10-pays-basque\/wp-content\/uploads\/2020\/11\/maison-caro-300x225.jpg 300w, https:\/\/www.circuitsderando.com\/pyrenees\/gr10-pays-basque\/wp-content\/uploads\/2020\/11\/maison-caro-768x576.jpg 768w, https:\/\/www.circuitsderando.com\/pyrenees\/gr10-pays-basque\/wp-content\/uploads\/2020\/11\/maison-caro-690x518.jpg 690w\" sizes=\"(max-width: 960px) 100vw, 960px\" \/><\/a><figcaption class=\"wp-element-caption\"><strong>MAISON A CARO (250 M)<\/strong><br><br>Maison typiquement basque. Ce petit village est situ\u00e9 dans la vall\u00e9e de la Nive entre St Jean Pied de Port et Esterencuby.<\/figcaption><\/figure>\n<\/div>\n\n\n\n<div class=\"wp-block-column is-layout-flow wp-block-column-is-layout-flow\">\n<figure class=\"wp-block-image size-large\"><a href=\"https:\/\/www.circuitsderando.com\/pyrenees\/gr10-pays-basque\/wp-content\/uploads\/2020\/11\/eglise-caro.jpg\" target=\"_blank\" rel=\"noreferrer noopener\"><img loading=\"lazy\" decoding=\"async\" width=\"960\" height=\"720\" src=\"https:\/\/www.circuitsderando.com\/pyrenees\/gr10-pays-basque\/wp-content\/uploads\/2020\/11\/eglise-caro.jpg\" alt=\"\" class=\"wp-image-160\" srcset=\"https:\/\/www.circuitsderando.com\/pyrenees\/gr10-pays-basque\/wp-content\/uploads\/2020\/11\/eglise-caro.jpg 960w, https:\/\/www.circuitsderando.com\/pyrenees\/gr10-pays-basque\/wp-content\/uploads\/2020\/11\/eglise-caro-300x225.jpg 300w, https:\/\/www.circuitsderando.com\/pyrenees\/gr10-pays-basque\/wp-content\/uploads\/2020\/11\/eglise-caro-768x576.jpg 768w, https:\/\/www.circuitsderando.com\/pyrenees\/gr10-pays-basque\/wp-content\/uploads\/2020\/11\/eglise-caro-690x518.jpg 690w\" sizes=\"(max-width: 960px) 100vw, 960px\" \/><\/a><figcaption class=\"wp-element-caption\"><strong>EGLISE DE CARO (250 M)<\/strong><br><br>\u00c9glise avec galeries du 17e si\u00e8cle. Cimeti\u00e8re proche avec des tombes du 18e si\u00e8cle.<\/figcaption><\/figure>\n<\/div>\n\n\n\n<div class=\"wp-block-column is-layout-flow wp-block-column-is-layout-flow\">\n<figure class=\"wp-block-image size-large\"><a href=\"https:\/\/www.circuitsderando.com\/pyrenees\/gr10-pays-basque\/wp-content\/uploads\/2020\/11\/vue-st-jean-le-vieux.jpg\" target=\"_blank\" rel=\"noreferrer noopener\"><img loading=\"lazy\" decoding=\"async\" width=\"960\" height=\"720\" src=\"https:\/\/www.circuitsderando.com\/pyrenees\/gr10-pays-basque\/wp-content\/uploads\/2020\/11\/vue-st-jean-le-vieux.jpg\" alt=\"\" class=\"wp-image-161\" srcset=\"https:\/\/www.circuitsderando.com\/pyrenees\/gr10-pays-basque\/wp-content\/uploads\/2020\/11\/vue-st-jean-le-vieux.jpg 960w, https:\/\/www.circuitsderando.com\/pyrenees\/gr10-pays-basque\/wp-content\/uploads\/2020\/11\/vue-st-jean-le-vieux-300x225.jpg 300w, https:\/\/www.circuitsderando.com\/pyrenees\/gr10-pays-basque\/wp-content\/uploads\/2020\/11\/vue-st-jean-le-vieux-768x576.jpg 768w, https:\/\/www.circuitsderando.com\/pyrenees\/gr10-pays-basque\/wp-content\/uploads\/2020\/11\/vue-st-jean-le-vieux-690x518.jpg 690w\" sizes=\"(max-width: 960px) 100vw, 960px\" \/><\/a><figcaption class=\"wp-element-caption\"><strong>VALLEE D&rsquo;ESTERENCUBY (231 M)<\/strong><br><br>Vall\u00e9e domin\u00e9e par la Nive qui prend sa source un peu plus au sud.<\/figcaption><\/figure>\n<\/div>\n<\/div>\n\n\n\n<div class=\"wp-block-columns is-layout-flex wp-container-core-columns-is-layout-3 wp-block-columns-is-layout-flex\">\n<div class=\"wp-block-column is-layout-flow wp-block-column-is-layout-flow\">\n<figure class=\"wp-block-image size-large\"><a href=\"https:\/\/www.circuitsderando.com\/pyrenees\/gr10-pays-basque\/etape-6-st-jean-pied-de-port-phagalcette\/vue-esterencuby\/\" target=\"_blank\" rel=\"noreferrer noopener\"><img loading=\"lazy\" decoding=\"async\" width=\"960\" height=\"720\" src=\"https:\/\/www.circuitsderando.com\/pyrenees\/gr10-pays-basque\/wp-content\/uploads\/2020\/11\/vue-esterencuby.jpg\" alt=\"\" class=\"wp-image-162\" srcset=\"https:\/\/www.circuitsderando.com\/pyrenees\/gr10-pays-basque\/wp-content\/uploads\/2020\/11\/vue-esterencuby.jpg 960w, https:\/\/www.circuitsderando.com\/pyrenees\/gr10-pays-basque\/wp-content\/uploads\/2020\/11\/vue-esterencuby-300x225.jpg 300w, https:\/\/www.circuitsderando.com\/pyrenees\/gr10-pays-basque\/wp-content\/uploads\/2020\/11\/vue-esterencuby-768x576.jpg 768w, https:\/\/www.circuitsderando.com\/pyrenees\/gr10-pays-basque\/wp-content\/uploads\/2020\/11\/vue-esterencuby-690x518.jpg 690w\" sizes=\"(max-width: 960px) 100vw, 960px\" \/><\/a><figcaption class=\"wp-element-caption\"><strong>ESTERENCUBY (231 M)<\/strong><br><br>L&rsquo;abb\u00e9 Bourbotte est mort \u00e0 l&rsquo;\u00e2ge de 47 ans (Cur\u00e9 de 1866 \u00e0 1885) apr\u00e8s avoir construit l&rsquo;\u00e9glise du village. Eglise basque avec une galerie du 18e si\u00e8cle.<\/figcaption><\/figure>\n<\/div>\n\n\n\n<div class=\"wp-block-column is-layout-flow wp-block-column-is-layout-flow\">\n<figure class=\"wp-block-image size-large\"><a href=\"https:\/\/www.circuitsderando.com\/pyrenees\/gr10-pays-basque\/wp-content\/uploads\/2020\/11\/vers-phagalcette.jpg\" target=\"_blank\" rel=\"noreferrer noopener\"><img loading=\"lazy\" decoding=\"async\" width=\"960\" height=\"720\" src=\"https:\/\/www.circuitsderando.com\/pyrenees\/gr10-pays-basque\/wp-content\/uploads\/2020\/11\/vers-phagalcette.jpg\" alt=\"\" class=\"wp-image-163\" srcset=\"https:\/\/www.circuitsderando.com\/pyrenees\/gr10-pays-basque\/wp-content\/uploads\/2020\/11\/vers-phagalcette.jpg 960w, https:\/\/www.circuitsderando.com\/pyrenees\/gr10-pays-basque\/wp-content\/uploads\/2020\/11\/vers-phagalcette-300x225.jpg 300w, https:\/\/www.circuitsderando.com\/pyrenees\/gr10-pays-basque\/wp-content\/uploads\/2020\/11\/vers-phagalcette-768x576.jpg 768w, https:\/\/www.circuitsderando.com\/pyrenees\/gr10-pays-basque\/wp-content\/uploads\/2020\/11\/vers-phagalcette-690x518.jpg 690w\" sizes=\"(max-width: 960px) 100vw, 960px\" \/><\/a><figcaption class=\"wp-element-caption\"><strong>VALLEE DE PHAGALCETTE (616 M)<\/strong><br><br>Vall\u00e9e dominant le village d&rsquo;Esterencuby.<\/figcaption><\/figure>\n<\/div>\n\n\n\n<div class=\"wp-block-column is-layout-flow wp-block-column-is-layout-flow\">\n<figure class=\"wp-block-image size-large\"><a href=\"https:\/\/www.circuitsderando.com\/pyrenees\/gr10-pays-basque\/wp-content\/uploads\/2020\/11\/gite-phagalcette.jpg\" target=\"_blank\" rel=\"noreferrer noopener\"><img loading=\"lazy\" decoding=\"async\" width=\"960\" height=\"720\" src=\"https:\/\/www.circuitsderando.com\/pyrenees\/gr10-pays-basque\/wp-content\/uploads\/2020\/11\/gite-phagalcette.jpg\" alt=\"\" class=\"wp-image-164\" srcset=\"https:\/\/www.circuitsderando.com\/pyrenees\/gr10-pays-basque\/wp-content\/uploads\/2020\/11\/gite-phagalcette.jpg 960w, https:\/\/www.circuitsderando.com\/pyrenees\/gr10-pays-basque\/wp-content\/uploads\/2020\/11\/gite-phagalcette-300x225.jpg 300w, https:\/\/www.circuitsderando.com\/pyrenees\/gr10-pays-basque\/wp-content\/uploads\/2020\/11\/gite-phagalcette-768x576.jpg 768w, https:\/\/www.circuitsderando.com\/pyrenees\/gr10-pays-basque\/wp-content\/uploads\/2020\/11\/gite-phagalcette-690x518.jpg 690w\" sizes=\"(max-width: 960px) 100vw, 960px\" \/><\/a><figcaption class=\"wp-element-caption\"><strong>GITE DE PHAGALCETTE (616 M)<\/strong><br><br>G\u00eete situ\u00e9 en face des fermes de Phagalcette.<\/figcaption><\/figure>\n<\/div>\n<\/div>\n\n\n\n<p class=\"has-text-align-right\"><a href=\"https:\/\/www.circuitsderando.com\/pyrenees\/gr10-pays-basque\/etape-7-phagalcette-bagargiak\/\">Etape 7 : Phagalcette &#8211; Bagargiak &gt;&gt;&gt;<\/a><\/p>\n","protected":false},"excerpt":{"rendered":"<p>Etape 7 : Phagalcette &#8211; Bagargiak &gt;&gt;&gt;<\/p>\n","protected":false},"author":1,"featured_media":0,"parent":0,"menu_order":0,"comment_status":"closed","ping_status":"closed","template":"templates\/full-width-page.php","meta":{"_monsterinsights_skip_tracking":false,"_monsterinsights_sitenote_active":false,"_monsterinsights_sitenote_note":"","_monsterinsights_sitenote_category":0,"footnotes":""},"class_list":["post-21","page","type-page","status-publish","hentry"],"yoast_head":"<!-- This site is optimized with the Yoast SEO plugin v23.5 - https:\/\/yoast.com\/wordpress\/plugins\/seo\/ -->\n<title>Etape 6 : St Jean Pied de Port - Phagalcette - GR10 - Pays Basque<\/title>\n<meta name=\"robots\" content=\"index, follow, max-snippet:-1, max-image-preview:large, max-video-preview:-1\" \/>\n<link rel=\"canonical\" href=\"https:\/\/www.circuitsderando.com\/pyrenees\/gr10-pays-basque\/etape-6-st-jean-pied-de-port-phagalcette\/\" \/>\n<meta property=\"og:locale\" content=\"fr_FR\" \/>\n<meta property=\"og:type\" content=\"article\" \/>\n<meta property=\"og:title\" content=\"Etape 6 : St Jean Pied de Port - Phagalcette - GR10 - Pays Basque\" \/>\n<meta property=\"og:description\" content=\"Etape 7 : Phagalcette &#8211; Bagargiak &gt;&gt;&gt;\" \/>\n<meta property=\"og:url\" content=\"https:\/\/www.circuitsderando.com\/pyrenees\/gr10-pays-basque\/etape-6-st-jean-pied-de-port-phagalcette\/\" \/>\n<meta property=\"og:site_name\" content=\"GR10 - Pays Basque\" \/>\n<meta property=\"article:modified_time\" content=\"2024-01-08T20:17:30+00:00\" \/>\n<meta property=\"og:image\" content=\"https:\/\/www.circuitsderando.com\/pyrenees\/gr10-pays-basque\/wp-content\/uploads\/2020\/11\/eglise-la-magdaleine.jpg\" \/>\n<meta name=\"twitter:card\" content=\"summary_large_image\" \/>\n<meta name=\"twitter:label1\" content=\"Dur\u00e9e de lecture estim\u00e9e\" \/>\n\t<meta name=\"twitter:data1\" content=\"3 minutes\" \/>\n<script type=\"application\/ld+json\" class=\"yoast-schema-graph\">{\"@context\":\"https:\/\/schema.org\",\"@graph\":[{\"@type\":\"WebPage\",\"@id\":\"https:\/\/www.circuitsderando.com\/pyrenees\/gr10-pays-basque\/etape-6-st-jean-pied-de-port-phagalcette\/\",\"url\":\"https:\/\/www.circuitsderando.com\/pyrenees\/gr10-pays-basque\/etape-6-st-jean-pied-de-port-phagalcette\/\",\"name\":\"Etape 6 : St Jean Pied de Port - Phagalcette - GR10 - Pays Basque\",\"isPartOf\":{\"@id\":\"https:\/\/www.circuitsderando.com\/pyrenees\/gr10-pays-basque\/#website\"},\"primaryImageOfPage\":{\"@id\":\"https:\/\/www.circuitsderando.com\/pyrenees\/gr10-pays-basque\/etape-6-st-jean-pied-de-port-phagalcette\/#primaryimage\"},\"image\":{\"@id\":\"https:\/\/www.circuitsderando.com\/pyrenees\/gr10-pays-basque\/etape-6-st-jean-pied-de-port-phagalcette\/#primaryimage\"},\"thumbnailUrl\":\"https:\/\/www.circuitsderando.com\/pyrenees\/gr10-pays-basque\/wp-content\/uploads\/2020\/11\/eglise-la-magdaleine.jpg\",\"datePublished\":\"2020-10-31T17:14:08+00:00\",\"dateModified\":\"2024-01-08T20:17:30+00:00\",\"breadcrumb\":{\"@id\":\"https:\/\/www.circuitsderando.com\/pyrenees\/gr10-pays-basque\/etape-6-st-jean-pied-de-port-phagalcette\/#breadcrumb\"},\"inLanguage\":\"fr-FR\",\"potentialAction\":[{\"@type\":\"ReadAction\",\"target\":[\"https:\/\/www.circuitsderando.com\/pyrenees\/gr10-pays-basque\/etape-6-st-jean-pied-de-port-phagalcette\/\"]}]},{\"@type\":\"ImageObject\",\"inLanguage\":\"fr-FR\",\"@id\":\"https:\/\/www.circuitsderando.com\/pyrenees\/gr10-pays-basque\/etape-6-st-jean-pied-de-port-phagalcette\/#primaryimage\",\"url\":\"https:\/\/www.circuitsderando.com\/pyrenees\/gr10-pays-basque\/wp-content\/uploads\/2020\/11\/eglise-la-magdaleine.jpg\",\"contentUrl\":\"https:\/\/www.circuitsderando.com\/pyrenees\/gr10-pays-basque\/wp-content\/uploads\/2020\/11\/eglise-la-magdaleine.jpg\",\"width\":960,\"height\":720},{\"@type\":\"BreadcrumbList\",\"@id\":\"https:\/\/www.circuitsderando.com\/pyrenees\/gr10-pays-basque\/etape-6-st-jean-pied-de-port-phagalcette\/#breadcrumb\",\"itemListElement\":[{\"@type\":\"ListItem\",\"position\":1,\"name\":\"GR10 Pays Basque\",\"item\":\"https:\/\/www.circuitsderando.com\/pyrenees\/gr10-pays-basque\/\"},{\"@type\":\"ListItem\",\"position\":2,\"name\":\"Etape 6 : St Jean Pied de Port &#8211; Phagalcette\"}]},{\"@type\":\"WebSite\",\"@id\":\"https:\/\/www.circuitsderando.com\/pyrenees\/gr10-pays-basque\/#website\",\"url\":\"https:\/\/www.circuitsderando.com\/pyrenees\/gr10-pays-basque\/\",\"name\":\"GR10 - Pays Basque\",\"description\":\"Hendaye - Rhune - St Jean PDP - Iraty - Bagargiak\",\"potentialAction\":[{\"@type\":\"SearchAction\",\"target\":{\"@type\":\"EntryPoint\",\"urlTemplate\":\"https:\/\/www.circuitsderando.com\/pyrenees\/gr10-pays-basque\/?s={search_term_string}\"},\"query-input\":{\"@type\":\"PropertyValueSpecification\",\"valueRequired\":true,\"valueName\":\"search_term_string\"}}],\"inLanguage\":\"fr-FR\"}]}<\/script>\n<!-- \/ Yoast SEO plugin. -->","yoast_head_json":{"title":"Etape 6 : St Jean Pied de Port - Phagalcette - GR10 - Pays Basque","robots":{"index":"index","follow":"follow","max-snippet":"max-snippet:-1","max-image-preview":"max-image-preview:large","max-video-preview":"max-video-preview:-1"},"canonical":"https:\/\/www.circuitsderando.com\/pyrenees\/gr10-pays-basque\/etape-6-st-jean-pied-de-port-phagalcette\/","og_locale":"fr_FR","og_type":"article","og_title":"Etape 6 : St Jean Pied de Port - Phagalcette - GR10 - Pays Basque","og_description":"Etape 7 : Phagalcette &#8211; Bagargiak &gt;&gt;&gt;","og_url":"https:\/\/www.circuitsderando.com\/pyrenees\/gr10-pays-basque\/etape-6-st-jean-pied-de-port-phagalcette\/","og_site_name":"GR10 - Pays Basque","article_modified_time":"2024-01-08T20:17:30+00:00","og_image":[{"url":"https:\/\/www.circuitsderando.com\/pyrenees\/gr10-pays-basque\/wp-content\/uploads\/2020\/11\/eglise-la-magdaleine.jpg"}],"twitter_card":"summary_large_image","twitter_misc":{"Dur\u00e9e de lecture estim\u00e9e":"3 minutes"},"schema":{"@context":"https:\/\/schema.org","@graph":[{"@type":"WebPage","@id":"https:\/\/www.circuitsderando.com\/pyrenees\/gr10-pays-basque\/etape-6-st-jean-pied-de-port-phagalcette\/","url":"https:\/\/www.circuitsderando.com\/pyrenees\/gr10-pays-basque\/etape-6-st-jean-pied-de-port-phagalcette\/","name":"Etape 6 : St Jean Pied de Port - Phagalcette - GR10 - Pays Basque","isPartOf":{"@id":"https:\/\/www.circuitsderando.com\/pyrenees\/gr10-pays-basque\/#website"},"primaryImageOfPage":{"@id":"https:\/\/www.circuitsderando.com\/pyrenees\/gr10-pays-basque\/etape-6-st-jean-pied-de-port-phagalcette\/#primaryimage"},"image":{"@id":"https:\/\/www.circuitsderando.com\/pyrenees\/gr10-pays-basque\/etape-6-st-jean-pied-de-port-phagalcette\/#primaryimage"},"thumbnailUrl":"https:\/\/www.circuitsderando.com\/pyrenees\/gr10-pays-basque\/wp-content\/uploads\/2020\/11\/eglise-la-magdaleine.jpg","datePublished":"2020-10-31T17:14:08+00:00","dateModified":"2024-01-08T20:17:30+00:00","breadcrumb":{"@id":"https:\/\/www.circuitsderando.com\/pyrenees\/gr10-pays-basque\/etape-6-st-jean-pied-de-port-phagalcette\/#breadcrumb"},"inLanguage":"fr-FR","potentialAction":[{"@type":"ReadAction","target":["https:\/\/www.circuitsderando.com\/pyrenees\/gr10-pays-basque\/etape-6-st-jean-pied-de-port-phagalcette\/"]}]},{"@type":"ImageObject","inLanguage":"fr-FR","@id":"https:\/\/www.circuitsderando.com\/pyrenees\/gr10-pays-basque\/etape-6-st-jean-pied-de-port-phagalcette\/#primaryimage","url":"https:\/\/www.circuitsderando.com\/pyrenees\/gr10-pays-basque\/wp-content\/uploads\/2020\/11\/eglise-la-magdaleine.jpg","contentUrl":"https:\/\/www.circuitsderando.com\/pyrenees\/gr10-pays-basque\/wp-content\/uploads\/2020\/11\/eglise-la-magdaleine.jpg","width":960,"height":720},{"@type":"BreadcrumbList","@id":"https:\/\/www.circuitsderando.com\/pyrenees\/gr10-pays-basque\/etape-6-st-jean-pied-de-port-phagalcette\/#breadcrumb","itemListElement":[{"@type":"ListItem","position":1,"name":"GR10 Pays Basque","item":"https:\/\/www.circuitsderando.com\/pyrenees\/gr10-pays-basque\/"},{"@type":"ListItem","position":2,"name":"Etape 6 : St Jean Pied de Port &#8211; Phagalcette"}]},{"@type":"WebSite","@id":"https:\/\/www.circuitsderando.com\/pyrenees\/gr10-pays-basque\/#website","url":"https:\/\/www.circuitsderando.com\/pyrenees\/gr10-pays-basque\/","name":"GR10 - Pays Basque","description":"Hendaye - Rhune - St Jean PDP - Iraty - Bagargiak","potentialAction":[{"@type":"SearchAction","target":{"@type":"EntryPoint","urlTemplate":"https:\/\/www.circuitsderando.com\/pyrenees\/gr10-pays-basque\/?s={search_term_string}"},"query-input":{"@type":"PropertyValueSpecification","valueRequired":true,"valueName":"search_term_string"}}],"inLanguage":"fr-FR"}]}},"_links":{"self":[{"href":"https:\/\/www.circuitsderando.com\/pyrenees\/gr10-pays-basque\/wp-json\/wp\/v2\/pages\/21"}],"collection":[{"href":"https:\/\/www.circuitsderando.com\/pyrenees\/gr10-pays-basque\/wp-json\/wp\/v2\/pages"}],"about":[{"href":"https:\/\/www.circuitsderando.com\/pyrenees\/gr10-pays-basque\/wp-json\/wp\/v2\/types\/page"}],"author":[{"embeddable":true,"href":"https:\/\/www.circuitsderando.com\/pyrenees\/gr10-pays-basque\/wp-json\/wp\/v2\/users\/1"}],"replies":[{"embeddable":true,"href":"https:\/\/www.circuitsderando.com\/pyrenees\/gr10-pays-basque\/wp-json\/wp\/v2\/comments?post=21"}],"version-history":[{"count":8,"href":"https:\/\/www.circuitsderando.com\/pyrenees\/gr10-pays-basque\/wp-json\/wp\/v2\/pages\/21\/revisions"}],"predecessor-version":[{"id":262,"href":"https:\/\/www.circuitsderando.com\/pyrenees\/gr10-pays-basque\/wp-json\/wp\/v2\/pages\/21\/revisions\/262"}],"wp:attachment":[{"href":"https:\/\/www.circuitsderando.com\/pyrenees\/gr10-pays-basque\/wp-json\/wp\/v2\/media?parent=21"}],"curies":[{"name":"wp","href":"https:\/\/api.w.org\/{rel}","templated":true}]}}