{"id":17,"date":"2020-10-31T18:13:20","date_gmt":"2020-10-31T17:13:20","guid":{"rendered":"https:\/\/www.circuitsderando.com\/pyrenees\/gr10-pays-basque\/?page_id=17"},"modified":"2024-01-08T21:12:57","modified_gmt":"2024-01-08T20:12:57","slug":"etape-4-bidarray-st-etienne-de-baigorry","status":"publish","type":"page","link":"https:\/\/www.circuitsderando.com\/pyrenees\/gr10-pays-basque\/etape-4-bidarray-st-etienne-de-baigorry\/","title":{"rendered":"Etape 4 : Bidarray &#8211; St Etienne de Baigorry"},"content":{"rendered":"\n<div class=\"wp-block-columns is-layout-flex wp-container-core-columns-is-layout-1 wp-block-columns-is-layout-flex\">\n<div class=\"wp-block-column is-layout-flow wp-block-column-is-layout-flow\">\n<figure class=\"wp-block-image size-large\"><a href=\"https:\/\/www.circuitsderando.com\/pyrenees\/gr10-pays-basque\/wp-content\/uploads\/2020\/11\/ouharzarbalia-2.jpg\" target=\"_blank\" rel=\"noreferrer noopener\"><img loading=\"lazy\" decoding=\"async\" width=\"960\" height=\"720\" src=\"https:\/\/www.circuitsderando.com\/pyrenees\/gr10-pays-basque\/wp-content\/uploads\/2020\/11\/ouharzarbalia-2.jpg\" alt=\"\" class=\"wp-image-121\" srcset=\"https:\/\/www.circuitsderando.com\/pyrenees\/gr10-pays-basque\/wp-content\/uploads\/2020\/11\/ouharzarbalia-2.jpg 960w, https:\/\/www.circuitsderando.com\/pyrenees\/gr10-pays-basque\/wp-content\/uploads\/2020\/11\/ouharzarbalia-2-300x225.jpg 300w, https:\/\/www.circuitsderando.com\/pyrenees\/gr10-pays-basque\/wp-content\/uploads\/2020\/11\/ouharzarbalia-2-768x576.jpg 768w, https:\/\/www.circuitsderando.com\/pyrenees\/gr10-pays-basque\/wp-content\/uploads\/2020\/11\/ouharzarbalia-2-690x518.jpg 690w\" sizes=\"(max-width: 960px) 100vw, 960px\" \/><\/a><figcaption class=\"wp-element-caption\"><strong>OUHARZARBALIA (150 M)<\/strong><br><br>Ce regroupement est situ\u00e9 au dessous de la mont\u00e9e vers le pic d&rsquo;Iparla.<\/figcaption><\/figure>\n<\/div>\n\n\n\n<div class=\"wp-block-column is-layout-flow wp-block-column-is-layout-flow\">\n<figure class=\"wp-block-image size-large\"><a href=\"https:\/\/www.circuitsderando.com\/pyrenees\/gr10-pays-basque\/wp-content\/uploads\/2020\/11\/montee-col-iparla.jpg\" target=\"_blank\" rel=\"noreferrer noopener\"><img loading=\"lazy\" decoding=\"async\" width=\"960\" height=\"720\" src=\"https:\/\/www.circuitsderando.com\/pyrenees\/gr10-pays-basque\/wp-content\/uploads\/2020\/11\/montee-col-iparla.jpg\" alt=\"\" class=\"wp-image-122\" srcset=\"https:\/\/www.circuitsderando.com\/pyrenees\/gr10-pays-basque\/wp-content\/uploads\/2020\/11\/montee-col-iparla.jpg 960w, https:\/\/www.circuitsderando.com\/pyrenees\/gr10-pays-basque\/wp-content\/uploads\/2020\/11\/montee-col-iparla-300x225.jpg 300w, https:\/\/www.circuitsderando.com\/pyrenees\/gr10-pays-basque\/wp-content\/uploads\/2020\/11\/montee-col-iparla-768x576.jpg 768w, https:\/\/www.circuitsderando.com\/pyrenees\/gr10-pays-basque\/wp-content\/uploads\/2020\/11\/montee-col-iparla-690x518.jpg 690w\" sizes=\"(max-width: 960px) 100vw, 960px\" \/><\/a><figcaption class=\"wp-element-caption\"><strong>MONTEE PIC D&rsquo;IPARLA (1044 M)<\/strong><br><br>Sente montant au Pic d&rsquo;Iparla. Le chemin suit les cr\u00eates du Pic.<\/figcaption><\/figure>\n<\/div>\n\n\n\n<div class=\"wp-block-column is-layout-flow wp-block-column-is-layout-flow\">\n<figure class=\"wp-block-image size-large\"><a href=\"https:\/\/www.circuitsderando.com\/pyrenees\/gr10-pays-basque\/wp-content\/uploads\/2020\/11\/astate.jpg\" target=\"_blank\" rel=\"noreferrer noopener\"><img loading=\"lazy\" decoding=\"async\" width=\"960\" height=\"720\" src=\"https:\/\/www.circuitsderando.com\/pyrenees\/gr10-pays-basque\/wp-content\/uploads\/2020\/11\/astate.jpg\" alt=\"\" class=\"wp-image-123\" srcset=\"https:\/\/www.circuitsderando.com\/pyrenees\/gr10-pays-basque\/wp-content\/uploads\/2020\/11\/astate.jpg 960w, https:\/\/www.circuitsderando.com\/pyrenees\/gr10-pays-basque\/wp-content\/uploads\/2020\/11\/astate-300x225.jpg 300w, https:\/\/www.circuitsderando.com\/pyrenees\/gr10-pays-basque\/wp-content\/uploads\/2020\/11\/astate-768x576.jpg 768w, https:\/\/www.circuitsderando.com\/pyrenees\/gr10-pays-basque\/wp-content\/uploads\/2020\/11\/astate-690x518.jpg 690w\" sizes=\"(max-width: 960px) 100vw, 960px\" \/><\/a><figcaption class=\"wp-element-caption\"><strong>ASTATE (1022 M)<\/strong><br><br>Pic situ\u00e9 apr\u00e8s celui du Pic d&rsquo;Iparla. Ce pic domine la vall\u00e9e et St Etienne de Ba\u00efgorry.<\/figcaption><\/figure>\n<\/div>\n<\/div>\n\n\n\n<div class=\"wp-block-columns is-layout-flex wp-container-core-columns-is-layout-2 wp-block-columns-is-layout-flex\">\n<div class=\"wp-block-column is-layout-flow wp-block-column-is-layout-flow\">\n<figure class=\"wp-block-image size-large\"><a href=\"https:\/\/www.circuitsderando.com\/pyrenees\/gr10-pays-basque\/wp-content\/uploads\/2020\/11\/maison-kaskoin.jpg\" target=\"_blank\" rel=\"noreferrer noopener\"><img loading=\"lazy\" decoding=\"async\" width=\"960\" height=\"720\" src=\"https:\/\/www.circuitsderando.com\/pyrenees\/gr10-pays-basque\/wp-content\/uploads\/2020\/11\/maison-kaskoin.jpg\" alt=\"\" class=\"wp-image-125\" srcset=\"https:\/\/www.circuitsderando.com\/pyrenees\/gr10-pays-basque\/wp-content\/uploads\/2020\/11\/maison-kaskoin.jpg 960w, https:\/\/www.circuitsderando.com\/pyrenees\/gr10-pays-basque\/wp-content\/uploads\/2020\/11\/maison-kaskoin-300x225.jpg 300w, https:\/\/www.circuitsderando.com\/pyrenees\/gr10-pays-basque\/wp-content\/uploads\/2020\/11\/maison-kaskoin-768x576.jpg 768w, https:\/\/www.circuitsderando.com\/pyrenees\/gr10-pays-basque\/wp-content\/uploads\/2020\/11\/maison-kaskoin-690x518.jpg 690w\" sizes=\"(max-width: 960px) 100vw, 960px\" \/><\/a><figcaption class=\"wp-element-caption\"><strong>BELLE MAISON KASKOIN (156 M)<\/strong><br><br>Belle maison travers\u00e9e par une petite rivi\u00e8re.<\/figcaption><\/figure>\n<\/div>\n\n\n\n<div class=\"wp-block-column is-layout-flow wp-block-column-is-layout-flow\">\n<figure class=\"wp-block-image size-large\"><a href=\"https:\/\/www.circuitsderando.com\/pyrenees\/gr10-pays-basque\/wp-content\/uploads\/2020\/11\/pic-iparla-depuis-kaskoin.jpg\" target=\"_blank\" rel=\"noreferrer noopener\"><img loading=\"lazy\" decoding=\"async\" width=\"960\" height=\"720\" src=\"https:\/\/www.circuitsderando.com\/pyrenees\/gr10-pays-basque\/wp-content\/uploads\/2020\/11\/pic-iparla-depuis-kaskoin.jpg\" alt=\"\" class=\"wp-image-126\" srcset=\"https:\/\/www.circuitsderando.com\/pyrenees\/gr10-pays-basque\/wp-content\/uploads\/2020\/11\/pic-iparla-depuis-kaskoin.jpg 960w, https:\/\/www.circuitsderando.com\/pyrenees\/gr10-pays-basque\/wp-content\/uploads\/2020\/11\/pic-iparla-depuis-kaskoin-300x225.jpg 300w, https:\/\/www.circuitsderando.com\/pyrenees\/gr10-pays-basque\/wp-content\/uploads\/2020\/11\/pic-iparla-depuis-kaskoin-768x576.jpg 768w, https:\/\/www.circuitsderando.com\/pyrenees\/gr10-pays-basque\/wp-content\/uploads\/2020\/11\/pic-iparla-depuis-kaskoin-690x518.jpg 690w\" sizes=\"(max-width: 960px) 100vw, 960px\" \/><\/a><figcaption class=\"wp-element-caption\"><strong>LEISPARS (161 M)<\/strong><br><br>Cr\u00eates d&rsquo;Iparla <\/figcaption><\/figure>\n<\/div>\n\n\n\n<div class=\"wp-block-column is-layout-flow wp-block-column-is-layout-flow\">\n<figure class=\"wp-block-image size-large\"><a href=\"https:\/\/www.circuitsderando.com\/pyrenees\/gr10-pays-basque\/wp-content\/uploads\/2020\/11\/leispars.jpg\" target=\"_blank\" rel=\"noreferrer noopener\"><img loading=\"lazy\" decoding=\"async\" width=\"960\" height=\"720\" src=\"https:\/\/www.circuitsderando.com\/pyrenees\/gr10-pays-basque\/wp-content\/uploads\/2020\/11\/leispars.jpg\" alt=\"\" class=\"wp-image-127\" srcset=\"https:\/\/www.circuitsderando.com\/pyrenees\/gr10-pays-basque\/wp-content\/uploads\/2020\/11\/leispars.jpg 960w, https:\/\/www.circuitsderando.com\/pyrenees\/gr10-pays-basque\/wp-content\/uploads\/2020\/11\/leispars-300x225.jpg 300w, https:\/\/www.circuitsderando.com\/pyrenees\/gr10-pays-basque\/wp-content\/uploads\/2020\/11\/leispars-768x576.jpg 768w, https:\/\/www.circuitsderando.com\/pyrenees\/gr10-pays-basque\/wp-content\/uploads\/2020\/11\/leispars-690x518.jpg 690w\" sizes=\"(max-width: 960px) 100vw, 960px\" \/><\/a><figcaption class=\"wp-element-caption\"><strong>VUE GLOBALE DE LEISPARS (161 M)<\/strong><br><br>Petit village situ\u00e9 \u00e0 proximit\u00e9 de St Etienne de Ba\u00efgorry. Ce village contient de belles maisons basques tr\u00e8s fleuries.<\/figcaption><\/figure>\n<\/div>\n<\/div>\n\n\n\n<div class=\"wp-block-columns is-layout-flex wp-container-core-columns-is-layout-3 wp-block-columns-is-layout-flex\">\n<div class=\"wp-block-column is-layout-flow wp-block-column-is-layout-flow\">\n<figure class=\"wp-block-image size-large\"><a href=\"https:\/\/www.circuitsderando.com\/pyrenees\/gr10-pays-basque\/wp-content\/uploads\/2020\/11\/st-etienne-de-baigorry.jpg\" target=\"_blank\" rel=\"noreferrer noopener\"><img loading=\"lazy\" decoding=\"async\" width=\"960\" height=\"720\" src=\"https:\/\/www.circuitsderando.com\/pyrenees\/gr10-pays-basque\/wp-content\/uploads\/2020\/11\/st-etienne-de-baigorry.jpg\" alt=\"\" class=\"wp-image-129\" srcset=\"https:\/\/www.circuitsderando.com\/pyrenees\/gr10-pays-basque\/wp-content\/uploads\/2020\/11\/st-etienne-de-baigorry.jpg 960w, https:\/\/www.circuitsderando.com\/pyrenees\/gr10-pays-basque\/wp-content\/uploads\/2020\/11\/st-etienne-de-baigorry-300x225.jpg 300w, https:\/\/www.circuitsderando.com\/pyrenees\/gr10-pays-basque\/wp-content\/uploads\/2020\/11\/st-etienne-de-baigorry-768x576.jpg 768w, https:\/\/www.circuitsderando.com\/pyrenees\/gr10-pays-basque\/wp-content\/uploads\/2020\/11\/st-etienne-de-baigorry-690x518.jpg 690w\" sizes=\"(max-width: 960px) 100vw, 960px\" \/><\/a><figcaption class=\"wp-element-caption\"><strong>URRIZPILOTA (875 M)<\/strong><br><br>Surplombe St Etienne de Ba\u00efgorry<\/figcaption><\/figure>\n<\/div>\n\n\n\n<div class=\"wp-block-column is-layout-flow wp-block-column-is-layout-flow\">\n<figure class=\"wp-block-image size-large\"><a href=\"https:\/\/www.circuitsderando.com\/pyrenees\/gr10-pays-basque\/wp-content\/uploads\/2020\/11\/pont-st-etienne-de-baigorry-2.jpg\" target=\"_blank\" rel=\"noreferrer noopener\"><img loading=\"lazy\" decoding=\"async\" width=\"960\" height=\"720\" src=\"https:\/\/www.circuitsderando.com\/pyrenees\/gr10-pays-basque\/wp-content\/uploads\/2020\/11\/pont-st-etienne-de-baigorry-2.jpg\" alt=\"\" class=\"wp-image-130\" srcset=\"https:\/\/www.circuitsderando.com\/pyrenees\/gr10-pays-basque\/wp-content\/uploads\/2020\/11\/pont-st-etienne-de-baigorry-2.jpg 960w, https:\/\/www.circuitsderando.com\/pyrenees\/gr10-pays-basque\/wp-content\/uploads\/2020\/11\/pont-st-etienne-de-baigorry-2-300x225.jpg 300w, https:\/\/www.circuitsderando.com\/pyrenees\/gr10-pays-basque\/wp-content\/uploads\/2020\/11\/pont-st-etienne-de-baigorry-2-768x576.jpg 768w, https:\/\/www.circuitsderando.com\/pyrenees\/gr10-pays-basque\/wp-content\/uploads\/2020\/11\/pont-st-etienne-de-baigorry-2-690x518.jpg 690w\" sizes=\"(max-width: 960px) 100vw, 960px\" \/><\/a><figcaption class=\"wp-element-caption\"><strong>PONT ROMAIN (159 M)<\/strong><br><br>Pont Romain situ\u00e9 \u00e0 l&rsquo;entr\u00e9e de la ville. Il est surplomb\u00e9 par le Ch\u00e2teau d&rsquo;Etchaux. Ce pont date de 1661.<\/figcaption><\/figure>\n<\/div>\n\n\n\n<div class=\"wp-block-column is-layout-flow wp-block-column-is-layout-flow\">\n<figure class=\"wp-block-image size-large\"><a href=\"https:\/\/www.circuitsderando.com\/pyrenees\/gr10-pays-basque\/wp-content\/uploads\/2020\/11\/place-st-etienne-de-baigorry.jpg\" target=\"_blank\" rel=\"noreferrer noopener\"><img loading=\"lazy\" decoding=\"async\" width=\"960\" height=\"720\" src=\"https:\/\/www.circuitsderando.com\/pyrenees\/gr10-pays-basque\/wp-content\/uploads\/2020\/11\/place-st-etienne-de-baigorry.jpg\" alt=\"\" class=\"wp-image-131\" srcset=\"https:\/\/www.circuitsderando.com\/pyrenees\/gr10-pays-basque\/wp-content\/uploads\/2020\/11\/place-st-etienne-de-baigorry.jpg 960w, https:\/\/www.circuitsderando.com\/pyrenees\/gr10-pays-basque\/wp-content\/uploads\/2020\/11\/place-st-etienne-de-baigorry-300x225.jpg 300w, https:\/\/www.circuitsderando.com\/pyrenees\/gr10-pays-basque\/wp-content\/uploads\/2020\/11\/place-st-etienne-de-baigorry-768x576.jpg 768w, https:\/\/www.circuitsderando.com\/pyrenees\/gr10-pays-basque\/wp-content\/uploads\/2020\/11\/place-st-etienne-de-baigorry-690x518.jpg 690w\" sizes=\"(max-width: 960px) 100vw, 960px\" \/><\/a><figcaption class=\"wp-element-caption\"><strong>CENTRE VILLE DE ST ETIENNE (164 M)<\/strong><br><br>Village typiquement basque. Ce village est situ\u00e9e dans la vall\u00e9e creus\u00e9e par la Nive.<\/figcaption><\/figure>\n<\/div>\n<\/div>\n\n\n\n<p class=\"has-text-align-right\"><a href=\"https:\/\/www.circuitsderando.com\/pyrenees\/gr10-pays-basque\/etape-5-st-etienne-de-b-st-jean-pied-de-port\/\">Etape 5 : St Etienne de B. &#8211; St Jean P. de Port &gt;&gt;&gt;<\/a><\/p>\n","protected":false},"excerpt":{"rendered":"<p>Etape 5 : St Etienne de B. &#8211; St Jean P. de Port &gt;&gt;&gt;<\/p>\n","protected":false},"author":1,"featured_media":0,"parent":0,"menu_order":0,"comment_status":"closed","ping_status":"closed","template":"templates\/full-width-page.php","meta":{"_monsterinsights_skip_tracking":false,"_monsterinsights_sitenote_active":false,"_monsterinsights_sitenote_note":"","_monsterinsights_sitenote_category":0,"footnotes":""},"class_list":["post-17","page","type-page","status-publish","hentry"],"yoast_head":"<!-- This site is optimized with the Yoast SEO plugin v23.5 - https:\/\/yoast.com\/wordpress\/plugins\/seo\/ -->\n<title>Etape 4 : Bidarray - St Etienne de Baigorry - GR10 - Pays Basque<\/title>\n<meta name=\"robots\" content=\"index, follow, max-snippet:-1, max-image-preview:large, max-video-preview:-1\" \/>\n<link rel=\"canonical\" href=\"https:\/\/www.circuitsderando.com\/pyrenees\/gr10-pays-basque\/etape-4-bidarray-st-etienne-de-baigorry\/\" \/>\n<meta property=\"og:locale\" content=\"fr_FR\" \/>\n<meta property=\"og:type\" content=\"article\" \/>\n<meta property=\"og:title\" content=\"Etape 4 : Bidarray - St Etienne de Baigorry - GR10 - Pays Basque\" \/>\n<meta property=\"og:description\" content=\"Etape 5 : St Etienne de B. &#8211; St Jean P. de Port &gt;&gt;&gt;\" \/>\n<meta property=\"og:url\" content=\"https:\/\/www.circuitsderando.com\/pyrenees\/gr10-pays-basque\/etape-4-bidarray-st-etienne-de-baigorry\/\" \/>\n<meta property=\"og:site_name\" content=\"GR10 - Pays Basque\" \/>\n<meta property=\"article:modified_time\" content=\"2024-01-08T20:12:57+00:00\" \/>\n<meta property=\"og:image\" content=\"https:\/\/www.circuitsderando.com\/pyrenees\/gr10-pays-basque\/wp-content\/uploads\/2020\/11\/ouharzarbalia-2.jpg\" \/>\n<meta name=\"twitter:card\" content=\"summary_large_image\" \/>\n<meta name=\"twitter:label1\" content=\"Dur\u00e9e de lecture estim\u00e9e\" \/>\n\t<meta name=\"twitter:data1\" content=\"3 minutes\" \/>\n<script type=\"application\/ld+json\" class=\"yoast-schema-graph\">{\"@context\":\"https:\/\/schema.org\",\"@graph\":[{\"@type\":\"WebPage\",\"@id\":\"https:\/\/www.circuitsderando.com\/pyrenees\/gr10-pays-basque\/etape-4-bidarray-st-etienne-de-baigorry\/\",\"url\":\"https:\/\/www.circuitsderando.com\/pyrenees\/gr10-pays-basque\/etape-4-bidarray-st-etienne-de-baigorry\/\",\"name\":\"Etape 4 : Bidarray - St Etienne de Baigorry - GR10 - Pays Basque\",\"isPartOf\":{\"@id\":\"https:\/\/www.circuitsderando.com\/pyrenees\/gr10-pays-basque\/#website\"},\"primaryImageOfPage\":{\"@id\":\"https:\/\/www.circuitsderando.com\/pyrenees\/gr10-pays-basque\/etape-4-bidarray-st-etienne-de-baigorry\/#primaryimage\"},\"image\":{\"@id\":\"https:\/\/www.circuitsderando.com\/pyrenees\/gr10-pays-basque\/etape-4-bidarray-st-etienne-de-baigorry\/#primaryimage\"},\"thumbnailUrl\":\"https:\/\/www.circuitsderando.com\/pyrenees\/gr10-pays-basque\/wp-content\/uploads\/2020\/11\/ouharzarbalia-2.jpg\",\"datePublished\":\"2020-10-31T17:13:20+00:00\",\"dateModified\":\"2024-01-08T20:12:57+00:00\",\"breadcrumb\":{\"@id\":\"https:\/\/www.circuitsderando.com\/pyrenees\/gr10-pays-basque\/etape-4-bidarray-st-etienne-de-baigorry\/#breadcrumb\"},\"inLanguage\":\"fr-FR\",\"potentialAction\":[{\"@type\":\"ReadAction\",\"target\":[\"https:\/\/www.circuitsderando.com\/pyrenees\/gr10-pays-basque\/etape-4-bidarray-st-etienne-de-baigorry\/\"]}]},{\"@type\":\"ImageObject\",\"inLanguage\":\"fr-FR\",\"@id\":\"https:\/\/www.circuitsderando.com\/pyrenees\/gr10-pays-basque\/etape-4-bidarray-st-etienne-de-baigorry\/#primaryimage\",\"url\":\"https:\/\/www.circuitsderando.com\/pyrenees\/gr10-pays-basque\/wp-content\/uploads\/2020\/11\/ouharzarbalia-2.jpg\",\"contentUrl\":\"https:\/\/www.circuitsderando.com\/pyrenees\/gr10-pays-basque\/wp-content\/uploads\/2020\/11\/ouharzarbalia-2.jpg\",\"width\":960,\"height\":720},{\"@type\":\"BreadcrumbList\",\"@id\":\"https:\/\/www.circuitsderando.com\/pyrenees\/gr10-pays-basque\/etape-4-bidarray-st-etienne-de-baigorry\/#breadcrumb\",\"itemListElement\":[{\"@type\":\"ListItem\",\"position\":1,\"name\":\"GR10 Pays Basque\",\"item\":\"https:\/\/www.circuitsderando.com\/pyrenees\/gr10-pays-basque\/\"},{\"@type\":\"ListItem\",\"position\":2,\"name\":\"Etape 4 : Bidarray &#8211; St Etienne de Baigorry\"}]},{\"@type\":\"WebSite\",\"@id\":\"https:\/\/www.circuitsderando.com\/pyrenees\/gr10-pays-basque\/#website\",\"url\":\"https:\/\/www.circuitsderando.com\/pyrenees\/gr10-pays-basque\/\",\"name\":\"GR10 - Pays Basque\",\"description\":\"Hendaye - Rhune - St Jean PDP - Iraty - Bagargiak\",\"potentialAction\":[{\"@type\":\"SearchAction\",\"target\":{\"@type\":\"EntryPoint\",\"urlTemplate\":\"https:\/\/www.circuitsderando.com\/pyrenees\/gr10-pays-basque\/?s={search_term_string}\"},\"query-input\":{\"@type\":\"PropertyValueSpecification\",\"valueRequired\":true,\"valueName\":\"search_term_string\"}}],\"inLanguage\":\"fr-FR\"}]}<\/script>\n<!-- \/ Yoast SEO plugin. -->","yoast_head_json":{"title":"Etape 4 : Bidarray - St Etienne de Baigorry - GR10 - Pays Basque","robots":{"index":"index","follow":"follow","max-snippet":"max-snippet:-1","max-image-preview":"max-image-preview:large","max-video-preview":"max-video-preview:-1"},"canonical":"https:\/\/www.circuitsderando.com\/pyrenees\/gr10-pays-basque\/etape-4-bidarray-st-etienne-de-baigorry\/","og_locale":"fr_FR","og_type":"article","og_title":"Etape 4 : Bidarray - St Etienne de Baigorry - GR10 - Pays Basque","og_description":"Etape 5 : St Etienne de B. &#8211; St Jean P. de Port &gt;&gt;&gt;","og_url":"https:\/\/www.circuitsderando.com\/pyrenees\/gr10-pays-basque\/etape-4-bidarray-st-etienne-de-baigorry\/","og_site_name":"GR10 - Pays Basque","article_modified_time":"2024-01-08T20:12:57+00:00","og_image":[{"url":"https:\/\/www.circuitsderando.com\/pyrenees\/gr10-pays-basque\/wp-content\/uploads\/2020\/11\/ouharzarbalia-2.jpg"}],"twitter_card":"summary_large_image","twitter_misc":{"Dur\u00e9e de lecture estim\u00e9e":"3 minutes"},"schema":{"@context":"https:\/\/schema.org","@graph":[{"@type":"WebPage","@id":"https:\/\/www.circuitsderando.com\/pyrenees\/gr10-pays-basque\/etape-4-bidarray-st-etienne-de-baigorry\/","url":"https:\/\/www.circuitsderando.com\/pyrenees\/gr10-pays-basque\/etape-4-bidarray-st-etienne-de-baigorry\/","name":"Etape 4 : Bidarray - St Etienne de Baigorry - GR10 - Pays Basque","isPartOf":{"@id":"https:\/\/www.circuitsderando.com\/pyrenees\/gr10-pays-basque\/#website"},"primaryImageOfPage":{"@id":"https:\/\/www.circuitsderando.com\/pyrenees\/gr10-pays-basque\/etape-4-bidarray-st-etienne-de-baigorry\/#primaryimage"},"image":{"@id":"https:\/\/www.circuitsderando.com\/pyrenees\/gr10-pays-basque\/etape-4-bidarray-st-etienne-de-baigorry\/#primaryimage"},"thumbnailUrl":"https:\/\/www.circuitsderando.com\/pyrenees\/gr10-pays-basque\/wp-content\/uploads\/2020\/11\/ouharzarbalia-2.jpg","datePublished":"2020-10-31T17:13:20+00:00","dateModified":"2024-01-08T20:12:57+00:00","breadcrumb":{"@id":"https:\/\/www.circuitsderando.com\/pyrenees\/gr10-pays-basque\/etape-4-bidarray-st-etienne-de-baigorry\/#breadcrumb"},"inLanguage":"fr-FR","potentialAction":[{"@type":"ReadAction","target":["https:\/\/www.circuitsderando.com\/pyrenees\/gr10-pays-basque\/etape-4-bidarray-st-etienne-de-baigorry\/"]}]},{"@type":"ImageObject","inLanguage":"fr-FR","@id":"https:\/\/www.circuitsderando.com\/pyrenees\/gr10-pays-basque\/etape-4-bidarray-st-etienne-de-baigorry\/#primaryimage","url":"https:\/\/www.circuitsderando.com\/pyrenees\/gr10-pays-basque\/wp-content\/uploads\/2020\/11\/ouharzarbalia-2.jpg","contentUrl":"https:\/\/www.circuitsderando.com\/pyrenees\/gr10-pays-basque\/wp-content\/uploads\/2020\/11\/ouharzarbalia-2.jpg","width":960,"height":720},{"@type":"BreadcrumbList","@id":"https:\/\/www.circuitsderando.com\/pyrenees\/gr10-pays-basque\/etape-4-bidarray-st-etienne-de-baigorry\/#breadcrumb","itemListElement":[{"@type":"ListItem","position":1,"name":"GR10 Pays Basque","item":"https:\/\/www.circuitsderando.com\/pyrenees\/gr10-pays-basque\/"},{"@type":"ListItem","position":2,"name":"Etape 4 : Bidarray &#8211; St Etienne de Baigorry"}]},{"@type":"WebSite","@id":"https:\/\/www.circuitsderando.com\/pyrenees\/gr10-pays-basque\/#website","url":"https:\/\/www.circuitsderando.com\/pyrenees\/gr10-pays-basque\/","name":"GR10 - Pays Basque","description":"Hendaye - Rhune - St Jean PDP - Iraty - Bagargiak","potentialAction":[{"@type":"SearchAction","target":{"@type":"EntryPoint","urlTemplate":"https:\/\/www.circuitsderando.com\/pyrenees\/gr10-pays-basque\/?s={search_term_string}"},"query-input":{"@type":"PropertyValueSpecification","valueRequired":true,"valueName":"search_term_string"}}],"inLanguage":"fr-FR"}]}},"_links":{"self":[{"href":"https:\/\/www.circuitsderando.com\/pyrenees\/gr10-pays-basque\/wp-json\/wp\/v2\/pages\/17"}],"collection":[{"href":"https:\/\/www.circuitsderando.com\/pyrenees\/gr10-pays-basque\/wp-json\/wp\/v2\/pages"}],"about":[{"href":"https:\/\/www.circuitsderando.com\/pyrenees\/gr10-pays-basque\/wp-json\/wp\/v2\/types\/page"}],"author":[{"embeddable":true,"href":"https:\/\/www.circuitsderando.com\/pyrenees\/gr10-pays-basque\/wp-json\/wp\/v2\/users\/1"}],"replies":[{"embeddable":true,"href":"https:\/\/www.circuitsderando.com\/pyrenees\/gr10-pays-basque\/wp-json\/wp\/v2\/comments?post=17"}],"version-history":[{"count":6,"href":"https:\/\/www.circuitsderando.com\/pyrenees\/gr10-pays-basque\/wp-json\/wp\/v2\/pages\/17\/revisions"}],"predecessor-version":[{"id":259,"href":"https:\/\/www.circuitsderando.com\/pyrenees\/gr10-pays-basque\/wp-json\/wp\/v2\/pages\/17\/revisions\/259"}],"wp:attachment":[{"href":"https:\/\/www.circuitsderando.com\/pyrenees\/gr10-pays-basque\/wp-json\/wp\/v2\/media?parent=17"}],"curies":[{"name":"wp","href":"https:\/\/api.w.org\/{rel}","templated":true}]}}