{"id":6,"date":"2020-11-03T08:47:25","date_gmt":"2020-11-03T07:47:25","guid":{"rendered":"https:\/\/www.circuitsderando.com\/pyrenees\/gr10-hautes-pyrenees\/?page_id=6"},"modified":"2024-01-08T21:42:54","modified_gmt":"2024-01-08T20:42:54","slug":"arrens-marsous-ilheou","status":"publish","type":"page","link":"https:\/\/www.circuitsderando.com\/pyrenees\/gr10-hautes-pyrenees\/arrens-marsous-ilheou\/","title":{"rendered":"Arrens Marsous &#8211; Ilh\u00e9ou"},"content":{"rendered":"\n<div class=\"wp-block-columns is-layout-flex wp-container-core-columns-is-layout-1 wp-block-columns-is-layout-flex\">\n<div class=\"wp-block-column is-layout-flow wp-block-column-is-layout-flow\">\n<figure class=\"wp-block-image size-large\"><a href=\"https:\/\/www.circuitsderando.com\/pyrenees\/gr10-hautes-pyrenees\/wp-content\/uploads\/2020\/11\/eglise-arrens.jpg\" target=\"_blank\" rel=\"noreferrer noopener\"><img loading=\"lazy\" decoding=\"async\" width=\"960\" height=\"720\" src=\"https:\/\/www.circuitsderando.com\/pyrenees\/gr10-hautes-pyrenees\/wp-content\/uploads\/2020\/11\/eglise-arrens.jpg\" alt=\"\" class=\"wp-image-52\" srcset=\"https:\/\/www.circuitsderando.com\/pyrenees\/gr10-hautes-pyrenees\/wp-content\/uploads\/2020\/11\/eglise-arrens.jpg 960w, https:\/\/www.circuitsderando.com\/pyrenees\/gr10-hautes-pyrenees\/wp-content\/uploads\/2020\/11\/eglise-arrens-300x225.jpg 300w, https:\/\/www.circuitsderando.com\/pyrenees\/gr10-hautes-pyrenees\/wp-content\/uploads\/2020\/11\/eglise-arrens-768x576.jpg 768w, https:\/\/www.circuitsderando.com\/pyrenees\/gr10-hautes-pyrenees\/wp-content\/uploads\/2020\/11\/eglise-arrens-690x518.jpg 690w\" sizes=\"(max-width: 960px) 100vw, 960px\" \/><\/a><figcaption class=\"wp-element-caption\"><strong>ARRENS-MARSOUS (877 M)<\/strong><br><br>Le nom de ce village vient en fait de 2 villages qui ont fusionn\u00e9 entre eux. Village typique de l&rsquo;architecture du val d&rsquo;azun.<\/figcaption><\/figure>\n<\/div>\n\n\n\n<div class=\"wp-block-column is-layout-flow wp-block-column-is-layout-flow\">\n<figure class=\"wp-block-image size-large\"><a href=\"https:\/\/www.circuitsderando.com\/pyrenees\/gr10-hautes-pyrenees\/wp-content\/uploads\/2020\/11\/arrens-gave-sous-pont.jpg\" target=\"_blank\" rel=\"noreferrer noopener\"><img loading=\"lazy\" decoding=\"async\" width=\"960\" height=\"720\" src=\"https:\/\/www.circuitsderando.com\/pyrenees\/gr10-hautes-pyrenees\/wp-content\/uploads\/2020\/11\/arrens-gave-sous-pont.jpg\" alt=\"\" class=\"wp-image-54\" srcset=\"https:\/\/www.circuitsderando.com\/pyrenees\/gr10-hautes-pyrenees\/wp-content\/uploads\/2020\/11\/arrens-gave-sous-pont.jpg 960w, https:\/\/www.circuitsderando.com\/pyrenees\/gr10-hautes-pyrenees\/wp-content\/uploads\/2020\/11\/arrens-gave-sous-pont-300x225.jpg 300w, https:\/\/www.circuitsderando.com\/pyrenees\/gr10-hautes-pyrenees\/wp-content\/uploads\/2020\/11\/arrens-gave-sous-pont-768x576.jpg 768w, https:\/\/www.circuitsderando.com\/pyrenees\/gr10-hautes-pyrenees\/wp-content\/uploads\/2020\/11\/arrens-gave-sous-pont-690x518.jpg 690w\" sizes=\"(max-width: 960px) 100vw, 960px\" \/><\/a><figcaption class=\"wp-element-caption\"><strong>GAVE D&rsquo;AZUN (887 M)<\/strong><br><br>Petite passerelle pittoresque au dessus du Gave d&rsquo;Azun. Ses eaux viennent du Lac d&rsquo;Estaing et de Suyen.<\/figcaption><\/figure>\n<\/div>\n\n\n\n<div class=\"wp-block-column is-layout-flow wp-block-column-is-layout-flow\">\n<figure class=\"wp-block-image size-large\"><a href=\"https:\/\/www.circuitsderando.com\/pyrenees\/gr10-hautes-pyrenees\/wp-content\/uploads\/2020\/11\/arrens-depuis-montee-col-borderes-1.jpg\" target=\"_blank\" rel=\"noreferrer noopener\"><img loading=\"lazy\" decoding=\"async\" width=\"960\" height=\"720\" src=\"https:\/\/www.circuitsderando.com\/pyrenees\/gr10-hautes-pyrenees\/wp-content\/uploads\/2020\/11\/arrens-depuis-montee-col-borderes-1.jpg\" alt=\"\" class=\"wp-image-55\" srcset=\"https:\/\/www.circuitsderando.com\/pyrenees\/gr10-hautes-pyrenees\/wp-content\/uploads\/2020\/11\/arrens-depuis-montee-col-borderes-1.jpg 960w, https:\/\/www.circuitsderando.com\/pyrenees\/gr10-hautes-pyrenees\/wp-content\/uploads\/2020\/11\/arrens-depuis-montee-col-borderes-1-300x225.jpg 300w, https:\/\/www.circuitsderando.com\/pyrenees\/gr10-hautes-pyrenees\/wp-content\/uploads\/2020\/11\/arrens-depuis-montee-col-borderes-1-768x576.jpg 768w, https:\/\/www.circuitsderando.com\/pyrenees\/gr10-hautes-pyrenees\/wp-content\/uploads\/2020\/11\/arrens-depuis-montee-col-borderes-1-690x518.jpg 690w\" sizes=\"(max-width: 960px) 100vw, 960px\" \/><\/a><figcaption class=\"wp-element-caption\"><strong>VUE GLOBALE DU VILLAGE (1087 M)<\/strong><br><br>Vue prise depuis le Tuc de Pigou juste avant le Col des Bord\u00e8res. Ce panorama nous offre une vue globale de ce village pittoresque qu&rsquo;est Arrens-Marsous.<br><br><br><br>&nbsp;<\/figcaption><\/figure>\n<\/div>\n<\/div>\n\n\n\n<div class=\"wp-block-columns is-layout-flex wp-container-core-columns-is-layout-2 wp-block-columns-is-layout-flex\">\n<div class=\"wp-block-column is-layout-flow wp-block-column-is-layout-flow\">\n<figure class=\"wp-block-image size-large\"><a href=\"https:\/\/www.circuitsderando.com\/pyrenees\/gr10-hautes-pyrenees\/wp-content\/uploads\/2020\/11\/eglise-estaing.jpg\" target=\"_blank\" rel=\"noreferrer noopener\"><img loading=\"lazy\" decoding=\"async\" width=\"960\" height=\"720\" src=\"https:\/\/www.circuitsderando.com\/pyrenees\/gr10-hautes-pyrenees\/wp-content\/uploads\/2020\/11\/eglise-estaing.jpg\" alt=\"\" class=\"wp-image-60\" srcset=\"https:\/\/www.circuitsderando.com\/pyrenees\/gr10-hautes-pyrenees\/wp-content\/uploads\/2020\/11\/eglise-estaing.jpg 960w, https:\/\/www.circuitsderando.com\/pyrenees\/gr10-hautes-pyrenees\/wp-content\/uploads\/2020\/11\/eglise-estaing-300x225.jpg 300w, https:\/\/www.circuitsderando.com\/pyrenees\/gr10-hautes-pyrenees\/wp-content\/uploads\/2020\/11\/eglise-estaing-768x576.jpg 768w, https:\/\/www.circuitsderando.com\/pyrenees\/gr10-hautes-pyrenees\/wp-content\/uploads\/2020\/11\/eglise-estaing-690x518.jpg 690w\" sizes=\"(max-width: 960px) 100vw, 960px\" \/><\/a><figcaption class=\"wp-element-caption\"><strong>EGLISE ET CIMETIERE D&rsquo;ESTAING (995 M)<\/strong><br><br>Petite \u00e9glise dans le village d&rsquo;Estaing datant du XIXe si\u00e8cle. De nombreux troupeaux partent de ce village pour les transhumances.<\/figcaption><\/figure>\n<\/div>\n\n\n\n<div class=\"wp-block-column is-layout-flow wp-block-column-is-layout-flow\">\n<figure class=\"wp-block-image size-large\"><a href=\"https:\/\/www.circuitsderando.com\/pyrenees\/gr10-hautes-pyrenees\/wp-content\/uploads\/2020\/11\/lac-destaing-2.jpg\" target=\"_blank\" rel=\"noreferrer noopener\"><img loading=\"lazy\" decoding=\"async\" width=\"960\" height=\"720\" src=\"https:\/\/www.circuitsderando.com\/pyrenees\/gr10-hautes-pyrenees\/wp-content\/uploads\/2020\/11\/lac-destaing-2.jpg\" alt=\"\" class=\"wp-image-61\" srcset=\"https:\/\/www.circuitsderando.com\/pyrenees\/gr10-hautes-pyrenees\/wp-content\/uploads\/2020\/11\/lac-destaing-2.jpg 960w, https:\/\/www.circuitsderando.com\/pyrenees\/gr10-hautes-pyrenees\/wp-content\/uploads\/2020\/11\/lac-destaing-2-300x225.jpg 300w, https:\/\/www.circuitsderando.com\/pyrenees\/gr10-hautes-pyrenees\/wp-content\/uploads\/2020\/11\/lac-destaing-2-768x576.jpg 768w, https:\/\/www.circuitsderando.com\/pyrenees\/gr10-hautes-pyrenees\/wp-content\/uploads\/2020\/11\/lac-destaing-2-690x518.jpg 690w\" sizes=\"(max-width: 960px) 100vw, 960px\" \/><\/a><figcaption class=\"wp-element-caption\"><strong>LAC D&rsquo;ESTAING (1161 M)<\/strong><br><br>Ce lac est un des r\u00e9servoirs du gave d&rsquo;Azun. L&rsquo;eau de ce lac provient du Barbat et du Lac de Suyen.<\/figcaption><\/figure>\n<\/div>\n\n\n\n<div class=\"wp-block-column is-layout-flow wp-block-column-is-layout-flow\">\n<figure class=\"wp-block-image size-large\"><a href=\"https:\/\/www.circuitsderando.com\/pyrenees\/gr10-hautes-pyrenees\/wp-content\/uploads\/2020\/11\/cabane-arrioussec.jpg\" target=\"_blank\" rel=\"noreferrer noopener\"><img loading=\"lazy\" decoding=\"async\" width=\"960\" height=\"720\" src=\"https:\/\/www.circuitsderando.com\/pyrenees\/gr10-hautes-pyrenees\/wp-content\/uploads\/2020\/11\/cabane-arrioussec.jpg\" alt=\"\" class=\"wp-image-62\" srcset=\"https:\/\/www.circuitsderando.com\/pyrenees\/gr10-hautes-pyrenees\/wp-content\/uploads\/2020\/11\/cabane-arrioussec.jpg 960w, https:\/\/www.circuitsderando.com\/pyrenees\/gr10-hautes-pyrenees\/wp-content\/uploads\/2020\/11\/cabane-arrioussec-300x225.jpg 300w, https:\/\/www.circuitsderando.com\/pyrenees\/gr10-hautes-pyrenees\/wp-content\/uploads\/2020\/11\/cabane-arrioussec-768x576.jpg 768w, https:\/\/www.circuitsderando.com\/pyrenees\/gr10-hautes-pyrenees\/wp-content\/uploads\/2020\/11\/cabane-arrioussec-690x518.jpg 690w\" sizes=\"(max-width: 960px) 100vw, 960px\" \/><\/a><figcaption class=\"wp-element-caption\"><strong>ARRIOUSSEC (1400 M)<\/strong><br><br>Petite cabane sur le chemin en direction du Col d&rsquo;Ilheou et du Grand Barbat.<\/figcaption><\/figure>\n<\/div>\n<\/div>\n\n\n\n<div class=\"wp-block-columns is-layout-flex wp-container-core-columns-is-layout-3 wp-block-columns-is-layout-flex\">\n<div class=\"wp-block-column is-layout-flow wp-block-column-is-layout-flow\">\n<figure class=\"wp-block-image size-large\"><a href=\"https:\/\/www.circuitsderando.com\/pyrenees\/gr10-hautes-pyrenees\/wp-content\/uploads\/2020\/11\/cascade-barbat.jpg\" target=\"_blank\" rel=\"noreferrer noopener\"><img loading=\"lazy\" decoding=\"async\" width=\"960\" height=\"720\" src=\"https:\/\/www.circuitsderando.com\/pyrenees\/gr10-hautes-pyrenees\/wp-content\/uploads\/2020\/11\/cascade-barbat.jpg\" alt=\"\" class=\"wp-image-67\" srcset=\"https:\/\/www.circuitsderando.com\/pyrenees\/gr10-hautes-pyrenees\/wp-content\/uploads\/2020\/11\/cascade-barbat.jpg 960w, https:\/\/www.circuitsderando.com\/pyrenees\/gr10-hautes-pyrenees\/wp-content\/uploads\/2020\/11\/cascade-barbat-300x225.jpg 300w, https:\/\/www.circuitsderando.com\/pyrenees\/gr10-hautes-pyrenees\/wp-content\/uploads\/2020\/11\/cascade-barbat-768x576.jpg 768w, https:\/\/www.circuitsderando.com\/pyrenees\/gr10-hautes-pyrenees\/wp-content\/uploads\/2020\/11\/cascade-barbat-690x518.jpg 690w\" sizes=\"(max-width: 960px) 100vw, 960px\" \/><\/a><figcaption class=\"wp-element-caption\"><strong>CASCADE DE BARBAT (1885 M)<\/strong><br><br>Cascade situ\u00e9e apr\u00e8s l&#8217;embranchement vers le lac de Barbat.<br><br><br><br>&nbsp;<\/figcaption><\/figure>\n<\/div>\n\n\n\n<div class=\"wp-block-column is-layout-flow wp-block-column-is-layout-flow\">\n<figure class=\"wp-block-image size-large\"><a href=\"https:\/\/www.circuitsderando.com\/pyrenees\/gr10-hautes-pyrenees\/wp-content\/uploads\/2020\/11\/montee-depuis-estaing.jpg\" target=\"_blank\" rel=\"noreferrer noopener\"><img loading=\"lazy\" decoding=\"async\" width=\"960\" height=\"720\" src=\"https:\/\/www.circuitsderando.com\/pyrenees\/gr10-hautes-pyrenees\/wp-content\/uploads\/2020\/11\/montee-depuis-estaing.jpg\" alt=\"\" class=\"wp-image-69\" srcset=\"https:\/\/www.circuitsderando.com\/pyrenees\/gr10-hautes-pyrenees\/wp-content\/uploads\/2020\/11\/montee-depuis-estaing.jpg 960w, https:\/\/www.circuitsderando.com\/pyrenees\/gr10-hautes-pyrenees\/wp-content\/uploads\/2020\/11\/montee-depuis-estaing-300x225.jpg 300w, https:\/\/www.circuitsderando.com\/pyrenees\/gr10-hautes-pyrenees\/wp-content\/uploads\/2020\/11\/montee-depuis-estaing-768x576.jpg 768w, https:\/\/www.circuitsderando.com\/pyrenees\/gr10-hautes-pyrenees\/wp-content\/uploads\/2020\/11\/montee-depuis-estaing-690x518.jpg 690w\" sizes=\"(max-width: 960px) 100vw, 960px\" \/><\/a><figcaption class=\"wp-element-caption\"><strong>COL D&rsquo;ILHEOU (2242 M)<\/strong><br><br>Vue sur les montagnes qui dominent le lac d&rsquo;Estaing<\/figcaption><\/figure>\n<\/div>\n\n\n\n<div class=\"wp-block-column is-layout-flow wp-block-column-is-layout-flow\">\n<figure class=\"wp-block-image size-large\"><a href=\"https:\/\/www.circuitsderando.com\/pyrenees\/gr10-hautes-pyrenees\/wp-content\/uploads\/2020\/11\/col-ilheou-cote-estaing.jpg\" target=\"_blank\" rel=\"noreferrer noopener\"><img loading=\"lazy\" decoding=\"async\" width=\"960\" height=\"720\" src=\"https:\/\/www.circuitsderando.com\/pyrenees\/gr10-hautes-pyrenees\/wp-content\/uploads\/2020\/11\/col-ilheou-cote-estaing.jpg\" alt=\"\" class=\"wp-image-71\" srcset=\"https:\/\/www.circuitsderando.com\/pyrenees\/gr10-hautes-pyrenees\/wp-content\/uploads\/2020\/11\/col-ilheou-cote-estaing.jpg 960w, https:\/\/www.circuitsderando.com\/pyrenees\/gr10-hautes-pyrenees\/wp-content\/uploads\/2020\/11\/col-ilheou-cote-estaing-300x225.jpg 300w, https:\/\/www.circuitsderando.com\/pyrenees\/gr10-hautes-pyrenees\/wp-content\/uploads\/2020\/11\/col-ilheou-cote-estaing-768x576.jpg 768w, https:\/\/www.circuitsderando.com\/pyrenees\/gr10-hautes-pyrenees\/wp-content\/uploads\/2020\/11\/col-ilheou-cote-estaing-690x518.jpg 690w\" sizes=\"(max-width: 960px) 100vw, 960px\" \/><\/a><figcaption class=\"wp-element-caption\"><strong>COL D&rsquo;ILHEOU (2242 M)<\/strong><br><br>Descente du col d&rsquo;Ilh\u00e9ou vers le Lac d&rsquo;Ilh\u00e9ou et Cauterets.<\/figcaption><\/figure>\n<\/div>\n<\/div>\n\n\n\n<div class=\"wp-block-columns is-layout-flex wp-container-core-columns-is-layout-4 wp-block-columns-is-layout-flex\">\n<div class=\"wp-block-column is-layout-flow wp-block-column-is-layout-flow\">\n<figure class=\"wp-block-image size-large\"><a href=\"https:\/\/www.circuitsderando.com\/pyrenees\/gr10-hautes-pyrenees\/wp-content\/uploads\/2020\/11\/chevaux-dans-descente-ilheou.jpg\" target=\"_blank\" rel=\"noreferrer noopener\"><img loading=\"lazy\" decoding=\"async\" width=\"960\" height=\"720\" src=\"https:\/\/www.circuitsderando.com\/pyrenees\/gr10-hautes-pyrenees\/wp-content\/uploads\/2020\/11\/chevaux-dans-descente-ilheou.jpg\" alt=\"\" class=\"wp-image-73\" srcset=\"https:\/\/www.circuitsderando.com\/pyrenees\/gr10-hautes-pyrenees\/wp-content\/uploads\/2020\/11\/chevaux-dans-descente-ilheou.jpg 960w, https:\/\/www.circuitsderando.com\/pyrenees\/gr10-hautes-pyrenees\/wp-content\/uploads\/2020\/11\/chevaux-dans-descente-ilheou-300x225.jpg 300w, https:\/\/www.circuitsderando.com\/pyrenees\/gr10-hautes-pyrenees\/wp-content\/uploads\/2020\/11\/chevaux-dans-descente-ilheou-768x576.jpg 768w, https:\/\/www.circuitsderando.com\/pyrenees\/gr10-hautes-pyrenees\/wp-content\/uploads\/2020\/11\/chevaux-dans-descente-ilheou-690x518.jpg 690w\" sizes=\"(max-width: 960px) 100vw, 960px\" \/><\/a><figcaption class=\"wp-element-caption\"><strong>CABANES D&rsquo;ARRAS (2073 M)<\/strong><br><br>Cabanes situ\u00e9es apr\u00e8s le Col d&rsquo;Ilheou. En passant sur le Soum de Mauloc sur la gauche, on peut voir la station de Ski de Cauterets-Le Lys<\/figcaption><\/figure>\n<\/div>\n\n\n\n<div class=\"wp-block-column is-layout-flow wp-block-column-is-layout-flow\">\n<figure class=\"wp-block-image size-large\"><a href=\"https:\/\/www.circuitsderando.com\/pyrenees\/gr10-hautes-pyrenees\/wp-content\/uploads\/2020\/11\/pic-de-courounalas-et-lac-ilheou-4.jpg\" target=\"_blank\" rel=\"noreferrer noopener\"><img loading=\"lazy\" decoding=\"async\" width=\"960\" height=\"720\" src=\"https:\/\/www.circuitsderando.com\/pyrenees\/gr10-hautes-pyrenees\/wp-content\/uploads\/2020\/11\/pic-de-courounalas-et-lac-ilheou-4.jpg\" alt=\"\" class=\"wp-image-75\" srcset=\"https:\/\/www.circuitsderando.com\/pyrenees\/gr10-hautes-pyrenees\/wp-content\/uploads\/2020\/11\/pic-de-courounalas-et-lac-ilheou-4.jpg 960w, https:\/\/www.circuitsderando.com\/pyrenees\/gr10-hautes-pyrenees\/wp-content\/uploads\/2020\/11\/pic-de-courounalas-et-lac-ilheou-4-300x225.jpg 300w, https:\/\/www.circuitsderando.com\/pyrenees\/gr10-hautes-pyrenees\/wp-content\/uploads\/2020\/11\/pic-de-courounalas-et-lac-ilheou-4-768x576.jpg 768w, https:\/\/www.circuitsderando.com\/pyrenees\/gr10-hautes-pyrenees\/wp-content\/uploads\/2020\/11\/pic-de-courounalas-et-lac-ilheou-4-690x518.jpg 690w\" sizes=\"(max-width: 960px) 100vw, 960px\" \/><\/a><figcaption class=\"wp-element-caption\"><strong>LAC D&rsquo;ILHEOU (1988 M)<\/strong><br><br>Superbe Lac au dessus de Cauterets.<\/figcaption><\/figure>\n<\/div>\n\n\n\n<div class=\"wp-block-column is-layout-flow wp-block-column-is-layout-flow\">\n<figure class=\"wp-block-image size-large\"><a href=\"https:\/\/www.circuitsderando.com\/pyrenees\/gr10-hautes-pyrenees\/wp-content\/uploads\/2020\/11\/refuge-ilheou-1.jpg\" target=\"_blank\" rel=\"noreferrer noopener\"><img loading=\"lazy\" decoding=\"async\" width=\"960\" height=\"720\" src=\"https:\/\/www.circuitsderando.com\/pyrenees\/gr10-hautes-pyrenees\/wp-content\/uploads\/2020\/11\/refuge-ilheou-1.jpg\" alt=\"\" class=\"wp-image-76\" srcset=\"https:\/\/www.circuitsderando.com\/pyrenees\/gr10-hautes-pyrenees\/wp-content\/uploads\/2020\/11\/refuge-ilheou-1.jpg 960w, https:\/\/www.circuitsderando.com\/pyrenees\/gr10-hautes-pyrenees\/wp-content\/uploads\/2020\/11\/refuge-ilheou-1-300x225.jpg 300w, https:\/\/www.circuitsderando.com\/pyrenees\/gr10-hautes-pyrenees\/wp-content\/uploads\/2020\/11\/refuge-ilheou-1-768x576.jpg 768w, https:\/\/www.circuitsderando.com\/pyrenees\/gr10-hautes-pyrenees\/wp-content\/uploads\/2020\/11\/refuge-ilheou-1-690x518.jpg 690w\" sizes=\"(max-width: 960px) 100vw, 960px\" \/><\/a><figcaption class=\"wp-element-caption\"><strong>REFUGE D&rsquo;ILHEOU (1988 M)<\/strong><br><br>Beau refuge situ\u00e9 au bord du lac.<\/figcaption><\/figure>\n<\/div>\n<\/div>\n\n\n\n<p class=\"has-text-align-right\"><a href=\"https:\/\/www.circuitsderando.com\/pyrenees\/gr10-hautes-pyrenees\/ilheou-oulettes-de-gaube\/\">Etape 2 : Ilh\u00e9ou &#8211; Cauterets &#8211; Oulettes de Gaube &gt;&gt;&gt;<\/a><\/p>\n","protected":false},"excerpt":{"rendered":"<p>Etape 2 : Ilh\u00e9ou &#8211; Cauterets &#8211; Oulettes de Gaube &gt;&gt;&gt;<\/p>\n","protected":false},"author":1,"featured_media":0,"parent":0,"menu_order":0,"comment_status":"closed","ping_status":"closed","template":"templates\/full-width-page.php","meta":{"_monsterinsights_skip_tracking":false,"_monsterinsights_sitenote_active":false,"_monsterinsights_sitenote_note":"","_monsterinsights_sitenote_category":0,"footnotes":""},"class_list":["post-6","page","type-page","status-publish","hentry"],"yoast_head":"<!-- This site is optimized with the Yoast SEO plugin v23.5 - https:\/\/yoast.com\/wordpress\/plugins\/seo\/ -->\n<title>Arrens Marsous - Ilh\u00e9ou - GR10 - Hautes Pyr\u00e9n\u00e9es<\/title>\n<meta name=\"robots\" content=\"index, follow, max-snippet:-1, max-image-preview:large, max-video-preview:-1\" \/>\n<link rel=\"canonical\" href=\"https:\/\/www.circuitsderando.com\/pyrenees\/gr10-hautes-pyrenees\/arrens-marsous-ilheou\/\" \/>\n<meta property=\"og:locale\" content=\"fr_FR\" \/>\n<meta property=\"og:type\" content=\"article\" \/>\n<meta property=\"og:title\" content=\"Arrens Marsous - Ilh\u00e9ou - GR10 - Hautes Pyr\u00e9n\u00e9es\" \/>\n<meta property=\"og:description\" content=\"Etape 2 : Ilh\u00e9ou &#8211; Cauterets &#8211; Oulettes de Gaube &gt;&gt;&gt;\" \/>\n<meta property=\"og:url\" content=\"https:\/\/www.circuitsderando.com\/pyrenees\/gr10-hautes-pyrenees\/arrens-marsous-ilheou\/\" \/>\n<meta property=\"og:site_name\" content=\"GR10 - Hautes Pyr\u00e9n\u00e9es\" \/>\n<meta property=\"article:modified_time\" content=\"2024-01-08T20:42:54+00:00\" \/>\n<meta property=\"og:image\" content=\"https:\/\/www.circuitsderando.com\/pyrenees\/gr10-hautes-pyrenees\/wp-content\/uploads\/2020\/11\/eglise-arrens.jpg\" \/>\n<meta name=\"twitter:card\" content=\"summary_large_image\" \/>\n<meta name=\"twitter:label1\" content=\"Dur\u00e9e de lecture estim\u00e9e\" \/>\n\t<meta name=\"twitter:data1\" content=\"1 minute\" \/>\n<script type=\"application\/ld+json\" class=\"yoast-schema-graph\">{\"@context\":\"https:\/\/schema.org\",\"@graph\":[{\"@type\":\"WebPage\",\"@id\":\"https:\/\/www.circuitsderando.com\/pyrenees\/gr10-hautes-pyrenees\/arrens-marsous-ilheou\/\",\"url\":\"https:\/\/www.circuitsderando.com\/pyrenees\/gr10-hautes-pyrenees\/arrens-marsous-ilheou\/\",\"name\":\"Arrens Marsous - Ilh\u00e9ou - GR10 - Hautes Pyr\u00e9n\u00e9es\",\"isPartOf\":{\"@id\":\"https:\/\/www.circuitsderando.com\/pyrenees\/gr10-hautes-pyrenees\/#website\"},\"primaryImageOfPage\":{\"@id\":\"https:\/\/www.circuitsderando.com\/pyrenees\/gr10-hautes-pyrenees\/arrens-marsous-ilheou\/#primaryimage\"},\"image\":{\"@id\":\"https:\/\/www.circuitsderando.com\/pyrenees\/gr10-hautes-pyrenees\/arrens-marsous-ilheou\/#primaryimage\"},\"thumbnailUrl\":\"https:\/\/www.circuitsderando.com\/pyrenees\/gr10-hautes-pyrenees\/wp-content\/uploads\/2020\/11\/eglise-arrens.jpg\",\"datePublished\":\"2020-11-03T07:47:25+00:00\",\"dateModified\":\"2024-01-08T20:42:54+00:00\",\"breadcrumb\":{\"@id\":\"https:\/\/www.circuitsderando.com\/pyrenees\/gr10-hautes-pyrenees\/arrens-marsous-ilheou\/#breadcrumb\"},\"inLanguage\":\"fr-FR\",\"potentialAction\":[{\"@type\":\"ReadAction\",\"target\":[\"https:\/\/www.circuitsderando.com\/pyrenees\/gr10-hautes-pyrenees\/arrens-marsous-ilheou\/\"]}]},{\"@type\":\"ImageObject\",\"inLanguage\":\"fr-FR\",\"@id\":\"https:\/\/www.circuitsderando.com\/pyrenees\/gr10-hautes-pyrenees\/arrens-marsous-ilheou\/#primaryimage\",\"url\":\"https:\/\/www.circuitsderando.com\/pyrenees\/gr10-hautes-pyrenees\/wp-content\/uploads\/2020\/11\/eglise-arrens.jpg\",\"contentUrl\":\"https:\/\/www.circuitsderando.com\/pyrenees\/gr10-hautes-pyrenees\/wp-content\/uploads\/2020\/11\/eglise-arrens.jpg\",\"width\":960,\"height\":720},{\"@type\":\"BreadcrumbList\",\"@id\":\"https:\/\/www.circuitsderando.com\/pyrenees\/gr10-hautes-pyrenees\/arrens-marsous-ilheou\/#breadcrumb\",\"itemListElement\":[{\"@type\":\"ListItem\",\"position\":1,\"name\":\"GR10 Hautes Pyr\u00e9n\u00e9es\",\"item\":\"https:\/\/www.circuitsderando.com\/pyrenees\/gr10-hautes-pyrenees\/\"},{\"@type\":\"ListItem\",\"position\":2,\"name\":\"Arrens Marsous &#8211; Ilh\u00e9ou\"}]},{\"@type\":\"WebSite\",\"@id\":\"https:\/\/www.circuitsderando.com\/pyrenees\/gr10-hautes-pyrenees\/#website\",\"url\":\"https:\/\/www.circuitsderando.com\/pyrenees\/gr10-hautes-pyrenees\/\",\"name\":\"GR10 - Hautes Pyr\u00e9n\u00e9es\",\"description\":\"Arrens - Cauterets - Gavarnie - Luz - Bar\u00e8ges - Artigues\",\"potentialAction\":[{\"@type\":\"SearchAction\",\"target\":{\"@type\":\"EntryPoint\",\"urlTemplate\":\"https:\/\/www.circuitsderando.com\/pyrenees\/gr10-hautes-pyrenees\/?s={search_term_string}\"},\"query-input\":{\"@type\":\"PropertyValueSpecification\",\"valueRequired\":true,\"valueName\":\"search_term_string\"}}],\"inLanguage\":\"fr-FR\"}]}<\/script>\n<!-- \/ Yoast SEO plugin. -->","yoast_head_json":{"title":"Arrens Marsous - Ilh\u00e9ou - GR10 - Hautes Pyr\u00e9n\u00e9es","robots":{"index":"index","follow":"follow","max-snippet":"max-snippet:-1","max-image-preview":"max-image-preview:large","max-video-preview":"max-video-preview:-1"},"canonical":"https:\/\/www.circuitsderando.com\/pyrenees\/gr10-hautes-pyrenees\/arrens-marsous-ilheou\/","og_locale":"fr_FR","og_type":"article","og_title":"Arrens Marsous - Ilh\u00e9ou - GR10 - Hautes Pyr\u00e9n\u00e9es","og_description":"Etape 2 : Ilh\u00e9ou &#8211; Cauterets &#8211; Oulettes de Gaube &gt;&gt;&gt;","og_url":"https:\/\/www.circuitsderando.com\/pyrenees\/gr10-hautes-pyrenees\/arrens-marsous-ilheou\/","og_site_name":"GR10 - Hautes Pyr\u00e9n\u00e9es","article_modified_time":"2024-01-08T20:42:54+00:00","og_image":[{"url":"https:\/\/www.circuitsderando.com\/pyrenees\/gr10-hautes-pyrenees\/wp-content\/uploads\/2020\/11\/eglise-arrens.jpg"}],"twitter_card":"summary_large_image","twitter_misc":{"Dur\u00e9e de lecture estim\u00e9e":"1 minute"},"schema":{"@context":"https:\/\/schema.org","@graph":[{"@type":"WebPage","@id":"https:\/\/www.circuitsderando.com\/pyrenees\/gr10-hautes-pyrenees\/arrens-marsous-ilheou\/","url":"https:\/\/www.circuitsderando.com\/pyrenees\/gr10-hautes-pyrenees\/arrens-marsous-ilheou\/","name":"Arrens Marsous - Ilh\u00e9ou - GR10 - Hautes Pyr\u00e9n\u00e9es","isPartOf":{"@id":"https:\/\/www.circuitsderando.com\/pyrenees\/gr10-hautes-pyrenees\/#website"},"primaryImageOfPage":{"@id":"https:\/\/www.circuitsderando.com\/pyrenees\/gr10-hautes-pyrenees\/arrens-marsous-ilheou\/#primaryimage"},"image":{"@id":"https:\/\/www.circuitsderando.com\/pyrenees\/gr10-hautes-pyrenees\/arrens-marsous-ilheou\/#primaryimage"},"thumbnailUrl":"https:\/\/www.circuitsderando.com\/pyrenees\/gr10-hautes-pyrenees\/wp-content\/uploads\/2020\/11\/eglise-arrens.jpg","datePublished":"2020-11-03T07:47:25+00:00","dateModified":"2024-01-08T20:42:54+00:00","breadcrumb":{"@id":"https:\/\/www.circuitsderando.com\/pyrenees\/gr10-hautes-pyrenees\/arrens-marsous-ilheou\/#breadcrumb"},"inLanguage":"fr-FR","potentialAction":[{"@type":"ReadAction","target":["https:\/\/www.circuitsderando.com\/pyrenees\/gr10-hautes-pyrenees\/arrens-marsous-ilheou\/"]}]},{"@type":"ImageObject","inLanguage":"fr-FR","@id":"https:\/\/www.circuitsderando.com\/pyrenees\/gr10-hautes-pyrenees\/arrens-marsous-ilheou\/#primaryimage","url":"https:\/\/www.circuitsderando.com\/pyrenees\/gr10-hautes-pyrenees\/wp-content\/uploads\/2020\/11\/eglise-arrens.jpg","contentUrl":"https:\/\/www.circuitsderando.com\/pyrenees\/gr10-hautes-pyrenees\/wp-content\/uploads\/2020\/11\/eglise-arrens.jpg","width":960,"height":720},{"@type":"BreadcrumbList","@id":"https:\/\/www.circuitsderando.com\/pyrenees\/gr10-hautes-pyrenees\/arrens-marsous-ilheou\/#breadcrumb","itemListElement":[{"@type":"ListItem","position":1,"name":"GR10 Hautes Pyr\u00e9n\u00e9es","item":"https:\/\/www.circuitsderando.com\/pyrenees\/gr10-hautes-pyrenees\/"},{"@type":"ListItem","position":2,"name":"Arrens Marsous &#8211; Ilh\u00e9ou"}]},{"@type":"WebSite","@id":"https:\/\/www.circuitsderando.com\/pyrenees\/gr10-hautes-pyrenees\/#website","url":"https:\/\/www.circuitsderando.com\/pyrenees\/gr10-hautes-pyrenees\/","name":"GR10 - Hautes Pyr\u00e9n\u00e9es","description":"Arrens - Cauterets - Gavarnie - Luz - Bar\u00e8ges - Artigues","potentialAction":[{"@type":"SearchAction","target":{"@type":"EntryPoint","urlTemplate":"https:\/\/www.circuitsderando.com\/pyrenees\/gr10-hautes-pyrenees\/?s={search_term_string}"},"query-input":{"@type":"PropertyValueSpecification","valueRequired":true,"valueName":"search_term_string"}}],"inLanguage":"fr-FR"}]}},"_links":{"self":[{"href":"https:\/\/www.circuitsderando.com\/pyrenees\/gr10-hautes-pyrenees\/wp-json\/wp\/v2\/pages\/6"}],"collection":[{"href":"https:\/\/www.circuitsderando.com\/pyrenees\/gr10-hautes-pyrenees\/wp-json\/wp\/v2\/pages"}],"about":[{"href":"https:\/\/www.circuitsderando.com\/pyrenees\/gr10-hautes-pyrenees\/wp-json\/wp\/v2\/types\/page"}],"author":[{"embeddable":true,"href":"https:\/\/www.circuitsderando.com\/pyrenees\/gr10-hautes-pyrenees\/wp-json\/wp\/v2\/users\/1"}],"replies":[{"embeddable":true,"href":"https:\/\/www.circuitsderando.com\/pyrenees\/gr10-hautes-pyrenees\/wp-json\/wp\/v2\/comments?post=6"}],"version-history":[{"count":13,"href":"https:\/\/www.circuitsderando.com\/pyrenees\/gr10-hautes-pyrenees\/wp-json\/wp\/v2\/pages\/6\/revisions"}],"predecessor-version":[{"id":257,"href":"https:\/\/www.circuitsderando.com\/pyrenees\/gr10-hautes-pyrenees\/wp-json\/wp\/v2\/pages\/6\/revisions\/257"}],"wp:attachment":[{"href":"https:\/\/www.circuitsderando.com\/pyrenees\/gr10-hautes-pyrenees\/wp-json\/wp\/v2\/media?parent=6"}],"curies":[{"name":"wp","href":"https:\/\/api.w.org\/{rel}","templated":true}]}}