{"id":26,"date":"2020-11-03T10:51:34","date_gmt":"2020-11-03T09:51:34","guid":{"rendered":"https:\/\/www.circuitsderando.com\/pyrenees\/gr10-hautes-pyrenees\/?page_id=26"},"modified":"2020-11-04T08:02:21","modified_gmt":"2020-11-04T07:02:21","slug":"insolite","status":"publish","type":"page","link":"https:\/\/www.circuitsderando.com\/pyrenees\/gr10-hautes-pyrenees\/insolite\/","title":{"rendered":"Insolite"},"content":{"rendered":"\n<div class=\"wp-block-columns is-layout-flex wp-container-core-columns-is-layout-1 wp-block-columns-is-layout-flex\">\n<div class=\"wp-block-column is-layout-flow wp-block-column-is-layout-flow\">\n<figure class=\"wp-block-image size-large\"><img loading=\"lazy\" decoding=\"async\" width=\"960\" height=\"720\" src=\"https:\/\/www.circuitsderando.com\/pyrenees\/gr10-hautes-pyrenees\/wp-content\/uploads\/2020\/11\/chevaux-col-de-borderes.jpg\" alt=\"\" class=\"wp-image-237\" srcset=\"https:\/\/www.circuitsderando.com\/pyrenees\/gr10-hautes-pyrenees\/wp-content\/uploads\/2020\/11\/chevaux-col-de-borderes.jpg 960w, https:\/\/www.circuitsderando.com\/pyrenees\/gr10-hautes-pyrenees\/wp-content\/uploads\/2020\/11\/chevaux-col-de-borderes-300x225.jpg 300w, https:\/\/www.circuitsderando.com\/pyrenees\/gr10-hautes-pyrenees\/wp-content\/uploads\/2020\/11\/chevaux-col-de-borderes-768x576.jpg 768w, https:\/\/www.circuitsderando.com\/pyrenees\/gr10-hautes-pyrenees\/wp-content\/uploads\/2020\/11\/chevaux-col-de-borderes-690x518.jpg 690w\" sizes=\"(max-width: 960px) 100vw, 960px\" \/><\/figure>\n<\/div>\n\n\n\n<div class=\"wp-block-column is-layout-flow wp-block-column-is-layout-flow\">\n<figure class=\"wp-block-image size-large\"><img loading=\"lazy\" decoding=\"async\" width=\"960\" height=\"720\" src=\"https:\/\/www.circuitsderando.com\/pyrenees\/gr10-hautes-pyrenees\/wp-content\/uploads\/2020\/11\/mouton-dans-la-neige-col-dilheou-2.jpg\" alt=\"\" class=\"wp-image-238\" srcset=\"https:\/\/www.circuitsderando.com\/pyrenees\/gr10-hautes-pyrenees\/wp-content\/uploads\/2020\/11\/mouton-dans-la-neige-col-dilheou-2.jpg 960w, https:\/\/www.circuitsderando.com\/pyrenees\/gr10-hautes-pyrenees\/wp-content\/uploads\/2020\/11\/mouton-dans-la-neige-col-dilheou-2-300x225.jpg 300w, https:\/\/www.circuitsderando.com\/pyrenees\/gr10-hautes-pyrenees\/wp-content\/uploads\/2020\/11\/mouton-dans-la-neige-col-dilheou-2-768x576.jpg 768w, https:\/\/www.circuitsderando.com\/pyrenees\/gr10-hautes-pyrenees\/wp-content\/uploads\/2020\/11\/mouton-dans-la-neige-col-dilheou-2-690x518.jpg 690w\" sizes=\"(max-width: 960px) 100vw, 960px\" \/><\/figure>\n<\/div>\n\n\n\n<div class=\"wp-block-column is-layout-flow wp-block-column-is-layout-flow\">\n<figure class=\"wp-block-image size-large\"><img loading=\"lazy\" decoding=\"async\" width=\"960\" height=\"720\" src=\"https:\/\/www.circuitsderando.com\/pyrenees\/gr10-hautes-pyrenees\/wp-content\/uploads\/2020\/11\/marmotte-dans-le-brouillard.jpg\" alt=\"\" class=\"wp-image-239\" srcset=\"https:\/\/www.circuitsderando.com\/pyrenees\/gr10-hautes-pyrenees\/wp-content\/uploads\/2020\/11\/marmotte-dans-le-brouillard.jpg 960w, https:\/\/www.circuitsderando.com\/pyrenees\/gr10-hautes-pyrenees\/wp-content\/uploads\/2020\/11\/marmotte-dans-le-brouillard-300x225.jpg 300w, https:\/\/www.circuitsderando.com\/pyrenees\/gr10-hautes-pyrenees\/wp-content\/uploads\/2020\/11\/marmotte-dans-le-brouillard-768x576.jpg 768w, https:\/\/www.circuitsderando.com\/pyrenees\/gr10-hautes-pyrenees\/wp-content\/uploads\/2020\/11\/marmotte-dans-le-brouillard-690x518.jpg 690w\" sizes=\"(max-width: 960px) 100vw, 960px\" \/><\/figure>\n<\/div>\n<\/div>\n\n\n\n<div class=\"wp-block-columns is-layout-flex wp-container-core-columns-is-layout-2 wp-block-columns-is-layout-flex\">\n<div class=\"wp-block-column is-layout-flow wp-block-column-is-layout-flow\">\n<figure class=\"wp-block-image size-large\"><img loading=\"lazy\" decoding=\"async\" width=\"960\" height=\"720\" src=\"https:\/\/www.circuitsderando.com\/pyrenees\/gr10-hautes-pyrenees\/wp-content\/uploads\/2020\/11\/vaches-dans-la-descente-vers-cauterets-2.jpg\" alt=\"\" class=\"wp-image-243\" srcset=\"https:\/\/www.circuitsderando.com\/pyrenees\/gr10-hautes-pyrenees\/wp-content\/uploads\/2020\/11\/vaches-dans-la-descente-vers-cauterets-2.jpg 960w, https:\/\/www.circuitsderando.com\/pyrenees\/gr10-hautes-pyrenees\/wp-content\/uploads\/2020\/11\/vaches-dans-la-descente-vers-cauterets-2-300x225.jpg 300w, https:\/\/www.circuitsderando.com\/pyrenees\/gr10-hautes-pyrenees\/wp-content\/uploads\/2020\/11\/vaches-dans-la-descente-vers-cauterets-2-768x576.jpg 768w, https:\/\/www.circuitsderando.com\/pyrenees\/gr10-hautes-pyrenees\/wp-content\/uploads\/2020\/11\/vaches-dans-la-descente-vers-cauterets-2-690x518.jpg 690w\" sizes=\"(max-width: 960px) 100vw, 960px\" \/><\/figure>\n<\/div>\n\n\n\n<div class=\"wp-block-column is-layout-flow wp-block-column-is-layout-flow\">\n<figure class=\"wp-block-image size-large\"><img loading=\"lazy\" decoding=\"async\" width=\"960\" height=\"720\" src=\"https:\/\/www.circuitsderando.com\/pyrenees\/gr10-hautes-pyrenees\/wp-content\/uploads\/2020\/11\/isards-pres-de-la-passerelle-gaube.jpg\" alt=\"\" class=\"wp-image-244\" srcset=\"https:\/\/www.circuitsderando.com\/pyrenees\/gr10-hautes-pyrenees\/wp-content\/uploads\/2020\/11\/isards-pres-de-la-passerelle-gaube.jpg 960w, https:\/\/www.circuitsderando.com\/pyrenees\/gr10-hautes-pyrenees\/wp-content\/uploads\/2020\/11\/isards-pres-de-la-passerelle-gaube-300x225.jpg 300w, https:\/\/www.circuitsderando.com\/pyrenees\/gr10-hautes-pyrenees\/wp-content\/uploads\/2020\/11\/isards-pres-de-la-passerelle-gaube-768x576.jpg 768w, https:\/\/www.circuitsderando.com\/pyrenees\/gr10-hautes-pyrenees\/wp-content\/uploads\/2020\/11\/isards-pres-de-la-passerelle-gaube-690x518.jpg 690w\" sizes=\"(max-width: 960px) 100vw, 960px\" \/><\/figure>\n<\/div>\n\n\n\n<div class=\"wp-block-column is-layout-flow wp-block-column-is-layout-flow\">\n<figure class=\"wp-block-image size-large\"><img loading=\"lazy\" decoding=\"async\" width=\"960\" height=\"720\" src=\"https:\/\/www.circuitsderando.com\/pyrenees\/gr10-hautes-pyrenees\/wp-content\/uploads\/2020\/11\/traversee-danimaux-dans-gavarnie.jpg\" alt=\"\" class=\"wp-image-245\" srcset=\"https:\/\/www.circuitsderando.com\/pyrenees\/gr10-hautes-pyrenees\/wp-content\/uploads\/2020\/11\/traversee-danimaux-dans-gavarnie.jpg 960w, https:\/\/www.circuitsderando.com\/pyrenees\/gr10-hautes-pyrenees\/wp-content\/uploads\/2020\/11\/traversee-danimaux-dans-gavarnie-300x225.jpg 300w, https:\/\/www.circuitsderando.com\/pyrenees\/gr10-hautes-pyrenees\/wp-content\/uploads\/2020\/11\/traversee-danimaux-dans-gavarnie-768x576.jpg 768w, https:\/\/www.circuitsderando.com\/pyrenees\/gr10-hautes-pyrenees\/wp-content\/uploads\/2020\/11\/traversee-danimaux-dans-gavarnie-690x518.jpg 690w\" sizes=\"(max-width: 960px) 100vw, 960px\" \/><\/figure>\n<\/div>\n<\/div>\n\n\n\n<div class=\"wp-block-columns is-layout-flex wp-container-core-columns-is-layout-3 wp-block-columns-is-layout-flex\">\n<div class=\"wp-block-column is-layout-flow wp-block-column-is-layout-flow\">\n<figure class=\"wp-block-image size-large\"><img loading=\"lazy\" decoding=\"async\" width=\"960\" height=\"720\" src=\"https:\/\/www.circuitsderando.com\/pyrenees\/gr10-hautes-pyrenees\/wp-content\/uploads\/2020\/11\/drole-de-balisage.jpg\" alt=\"\" class=\"wp-image-247\" srcset=\"https:\/\/www.circuitsderando.com\/pyrenees\/gr10-hautes-pyrenees\/wp-content\/uploads\/2020\/11\/drole-de-balisage.jpg 960w, https:\/\/www.circuitsderando.com\/pyrenees\/gr10-hautes-pyrenees\/wp-content\/uploads\/2020\/11\/drole-de-balisage-300x225.jpg 300w, https:\/\/www.circuitsderando.com\/pyrenees\/gr10-hautes-pyrenees\/wp-content\/uploads\/2020\/11\/drole-de-balisage-768x576.jpg 768w, https:\/\/www.circuitsderando.com\/pyrenees\/gr10-hautes-pyrenees\/wp-content\/uploads\/2020\/11\/drole-de-balisage-690x518.jpg 690w\" sizes=\"(max-width: 960px) 100vw, 960px\" \/><\/figure>\n<\/div>\n\n\n\n<div class=\"wp-block-column is-layout-flow wp-block-column-is-layout-flow\">\n<figure class=\"wp-block-image size-large\"><img loading=\"lazy\" decoding=\"async\" width=\"960\" height=\"720\" src=\"https:\/\/www.circuitsderando.com\/pyrenees\/gr10-hautes-pyrenees\/wp-content\/uploads\/2020\/11\/glissade.jpg\" alt=\"\" class=\"wp-image-248\" srcset=\"https:\/\/www.circuitsderando.com\/pyrenees\/gr10-hautes-pyrenees\/wp-content\/uploads\/2020\/11\/glissade.jpg 960w, https:\/\/www.circuitsderando.com\/pyrenees\/gr10-hautes-pyrenees\/wp-content\/uploads\/2020\/11\/glissade-300x225.jpg 300w, https:\/\/www.circuitsderando.com\/pyrenees\/gr10-hautes-pyrenees\/wp-content\/uploads\/2020\/11\/glissade-768x576.jpg 768w, https:\/\/www.circuitsderando.com\/pyrenees\/gr10-hautes-pyrenees\/wp-content\/uploads\/2020\/11\/glissade-690x518.jpg 690w\" sizes=\"(max-width: 960px) 100vw, 960px\" \/><\/figure>\n<\/div>\n\n\n\n<div class=\"wp-block-column is-layout-flow wp-block-column-is-layout-flow\">\n<figure class=\"wp-block-image size-large\"><img loading=\"lazy\" decoding=\"async\" width=\"960\" height=\"720\" src=\"https:\/\/www.circuitsderando.com\/pyrenees\/gr10-hautes-pyrenees\/wp-content\/uploads\/2020\/11\/vaches-vers-barasse.jpg\" alt=\"\" class=\"wp-image-249\" srcset=\"https:\/\/www.circuitsderando.com\/pyrenees\/gr10-hautes-pyrenees\/wp-content\/uploads\/2020\/11\/vaches-vers-barasse.jpg 960w, https:\/\/www.circuitsderando.com\/pyrenees\/gr10-hautes-pyrenees\/wp-content\/uploads\/2020\/11\/vaches-vers-barasse-300x225.jpg 300w, https:\/\/www.circuitsderando.com\/pyrenees\/gr10-hautes-pyrenees\/wp-content\/uploads\/2020\/11\/vaches-vers-barasse-768x576.jpg 768w, https:\/\/www.circuitsderando.com\/pyrenees\/gr10-hautes-pyrenees\/wp-content\/uploads\/2020\/11\/vaches-vers-barasse-690x518.jpg 690w\" sizes=\"(max-width: 960px) 100vw, 960px\" \/><\/figure>\n<\/div>\n<\/div>\n","protected":false},"excerpt":{"rendered":"","protected":false},"author":1,"featured_media":0,"parent":0,"menu_order":0,"comment_status":"closed","ping_status":"closed","template":"templates\/full-width-page.php","meta":{"_monsterinsights_skip_tracking":false,"_monsterinsights_sitenote_active":false,"_monsterinsights_sitenote_note":"","_monsterinsights_sitenote_category":0,"footnotes":""},"class_list":["post-26","page","type-page","status-publish","hentry"],"yoast_head":"<!-- This site is optimized with the Yoast SEO plugin v23.5 - https:\/\/yoast.com\/wordpress\/plugins\/seo\/ -->\n<title>Insolite - GR10 - Hautes Pyr\u00e9n\u00e9es<\/title>\n<meta name=\"robots\" content=\"index, follow, max-snippet:-1, max-image-preview:large, max-video-preview:-1\" \/>\n<link rel=\"canonical\" href=\"https:\/\/www.circuitsderando.com\/pyrenees\/gr10-hautes-pyrenees\/insolite\/\" \/>\n<meta property=\"og:locale\" content=\"fr_FR\" \/>\n<meta property=\"og:type\" content=\"article\" \/>\n<meta property=\"og:title\" content=\"Insolite - GR10 - Hautes Pyr\u00e9n\u00e9es\" \/>\n<meta property=\"og:url\" content=\"https:\/\/www.circuitsderando.com\/pyrenees\/gr10-hautes-pyrenees\/insolite\/\" \/>\n<meta property=\"og:site_name\" content=\"GR10 - Hautes Pyr\u00e9n\u00e9es\" \/>\n<meta property=\"article:modified_time\" content=\"2020-11-04T07:02:21+00:00\" \/>\n<meta property=\"og:image\" content=\"https:\/\/www.circuitsderando.com\/pyrenees\/gr10-hautes-pyrenees\/wp-content\/uploads\/2020\/11\/chevaux-col-de-borderes.jpg\" \/>\n<meta name=\"twitter:card\" content=\"summary_large_image\" \/>\n<script type=\"application\/ld+json\" class=\"yoast-schema-graph\">{\"@context\":\"https:\/\/schema.org\",\"@graph\":[{\"@type\":\"WebPage\",\"@id\":\"https:\/\/www.circuitsderando.com\/pyrenees\/gr10-hautes-pyrenees\/insolite\/\",\"url\":\"https:\/\/www.circuitsderando.com\/pyrenees\/gr10-hautes-pyrenees\/insolite\/\",\"name\":\"Insolite - GR10 - Hautes Pyr\u00e9n\u00e9es\",\"isPartOf\":{\"@id\":\"https:\/\/www.circuitsderando.com\/pyrenees\/gr10-hautes-pyrenees\/#website\"},\"primaryImageOfPage\":{\"@id\":\"https:\/\/www.circuitsderando.com\/pyrenees\/gr10-hautes-pyrenees\/insolite\/#primaryimage\"},\"image\":{\"@id\":\"https:\/\/www.circuitsderando.com\/pyrenees\/gr10-hautes-pyrenees\/insolite\/#primaryimage\"},\"thumbnailUrl\":\"https:\/\/www.circuitsderando.com\/pyrenees\/gr10-hautes-pyrenees\/wp-content\/uploads\/2020\/11\/chevaux-col-de-borderes.jpg\",\"datePublished\":\"2020-11-03T09:51:34+00:00\",\"dateModified\":\"2020-11-04T07:02:21+00:00\",\"breadcrumb\":{\"@id\":\"https:\/\/www.circuitsderando.com\/pyrenees\/gr10-hautes-pyrenees\/insolite\/#breadcrumb\"},\"inLanguage\":\"fr-FR\",\"potentialAction\":[{\"@type\":\"ReadAction\",\"target\":[\"https:\/\/www.circuitsderando.com\/pyrenees\/gr10-hautes-pyrenees\/insolite\/\"]}]},{\"@type\":\"ImageObject\",\"inLanguage\":\"fr-FR\",\"@id\":\"https:\/\/www.circuitsderando.com\/pyrenees\/gr10-hautes-pyrenees\/insolite\/#primaryimage\",\"url\":\"https:\/\/www.circuitsderando.com\/pyrenees\/gr10-hautes-pyrenees\/wp-content\/uploads\/2020\/11\/chevaux-col-de-borderes.jpg\",\"contentUrl\":\"https:\/\/www.circuitsderando.com\/pyrenees\/gr10-hautes-pyrenees\/wp-content\/uploads\/2020\/11\/chevaux-col-de-borderes.jpg\",\"width\":960,\"height\":720},{\"@type\":\"BreadcrumbList\",\"@id\":\"https:\/\/www.circuitsderando.com\/pyrenees\/gr10-hautes-pyrenees\/insolite\/#breadcrumb\",\"itemListElement\":[{\"@type\":\"ListItem\",\"position\":1,\"name\":\"GR10 Hautes Pyr\u00e9n\u00e9es\",\"item\":\"https:\/\/www.circuitsderando.com\/pyrenees\/gr10-hautes-pyrenees\/\"},{\"@type\":\"ListItem\",\"position\":2,\"name\":\"Insolite\"}]},{\"@type\":\"WebSite\",\"@id\":\"https:\/\/www.circuitsderando.com\/pyrenees\/gr10-hautes-pyrenees\/#website\",\"url\":\"https:\/\/www.circuitsderando.com\/pyrenees\/gr10-hautes-pyrenees\/\",\"name\":\"GR10 - Hautes Pyr\u00e9n\u00e9es\",\"description\":\"Arrens - Cauterets - Gavarnie - Luz - Bar\u00e8ges - Artigues\",\"potentialAction\":[{\"@type\":\"SearchAction\",\"target\":{\"@type\":\"EntryPoint\",\"urlTemplate\":\"https:\/\/www.circuitsderando.com\/pyrenees\/gr10-hautes-pyrenees\/?s={search_term_string}\"},\"query-input\":{\"@type\":\"PropertyValueSpecification\",\"valueRequired\":true,\"valueName\":\"search_term_string\"}}],\"inLanguage\":\"fr-FR\"}]}<\/script>\n<!-- \/ Yoast SEO plugin. -->","yoast_head_json":{"title":"Insolite - GR10 - Hautes Pyr\u00e9n\u00e9es","robots":{"index":"index","follow":"follow","max-snippet":"max-snippet:-1","max-image-preview":"max-image-preview:large","max-video-preview":"max-video-preview:-1"},"canonical":"https:\/\/www.circuitsderando.com\/pyrenees\/gr10-hautes-pyrenees\/insolite\/","og_locale":"fr_FR","og_type":"article","og_title":"Insolite - GR10 - Hautes Pyr\u00e9n\u00e9es","og_url":"https:\/\/www.circuitsderando.com\/pyrenees\/gr10-hautes-pyrenees\/insolite\/","og_site_name":"GR10 - Hautes Pyr\u00e9n\u00e9es","article_modified_time":"2020-11-04T07:02:21+00:00","og_image":[{"url":"https:\/\/www.circuitsderando.com\/pyrenees\/gr10-hautes-pyrenees\/wp-content\/uploads\/2020\/11\/chevaux-col-de-borderes.jpg"}],"twitter_card":"summary_large_image","schema":{"@context":"https:\/\/schema.org","@graph":[{"@type":"WebPage","@id":"https:\/\/www.circuitsderando.com\/pyrenees\/gr10-hautes-pyrenees\/insolite\/","url":"https:\/\/www.circuitsderando.com\/pyrenees\/gr10-hautes-pyrenees\/insolite\/","name":"Insolite - GR10 - Hautes Pyr\u00e9n\u00e9es","isPartOf":{"@id":"https:\/\/www.circuitsderando.com\/pyrenees\/gr10-hautes-pyrenees\/#website"},"primaryImageOfPage":{"@id":"https:\/\/www.circuitsderando.com\/pyrenees\/gr10-hautes-pyrenees\/insolite\/#primaryimage"},"image":{"@id":"https:\/\/www.circuitsderando.com\/pyrenees\/gr10-hautes-pyrenees\/insolite\/#primaryimage"},"thumbnailUrl":"https:\/\/www.circuitsderando.com\/pyrenees\/gr10-hautes-pyrenees\/wp-content\/uploads\/2020\/11\/chevaux-col-de-borderes.jpg","datePublished":"2020-11-03T09:51:34+00:00","dateModified":"2020-11-04T07:02:21+00:00","breadcrumb":{"@id":"https:\/\/www.circuitsderando.com\/pyrenees\/gr10-hautes-pyrenees\/insolite\/#breadcrumb"},"inLanguage":"fr-FR","potentialAction":[{"@type":"ReadAction","target":["https:\/\/www.circuitsderando.com\/pyrenees\/gr10-hautes-pyrenees\/insolite\/"]}]},{"@type":"ImageObject","inLanguage":"fr-FR","@id":"https:\/\/www.circuitsderando.com\/pyrenees\/gr10-hautes-pyrenees\/insolite\/#primaryimage","url":"https:\/\/www.circuitsderando.com\/pyrenees\/gr10-hautes-pyrenees\/wp-content\/uploads\/2020\/11\/chevaux-col-de-borderes.jpg","contentUrl":"https:\/\/www.circuitsderando.com\/pyrenees\/gr10-hautes-pyrenees\/wp-content\/uploads\/2020\/11\/chevaux-col-de-borderes.jpg","width":960,"height":720},{"@type":"BreadcrumbList","@id":"https:\/\/www.circuitsderando.com\/pyrenees\/gr10-hautes-pyrenees\/insolite\/#breadcrumb","itemListElement":[{"@type":"ListItem","position":1,"name":"GR10 Hautes Pyr\u00e9n\u00e9es","item":"https:\/\/www.circuitsderando.com\/pyrenees\/gr10-hautes-pyrenees\/"},{"@type":"ListItem","position":2,"name":"Insolite"}]},{"@type":"WebSite","@id":"https:\/\/www.circuitsderando.com\/pyrenees\/gr10-hautes-pyrenees\/#website","url":"https:\/\/www.circuitsderando.com\/pyrenees\/gr10-hautes-pyrenees\/","name":"GR10 - Hautes Pyr\u00e9n\u00e9es","description":"Arrens - Cauterets - Gavarnie - Luz - Bar\u00e8ges - Artigues","potentialAction":[{"@type":"SearchAction","target":{"@type":"EntryPoint","urlTemplate":"https:\/\/www.circuitsderando.com\/pyrenees\/gr10-hautes-pyrenees\/?s={search_term_string}"},"query-input":{"@type":"PropertyValueSpecification","valueRequired":true,"valueName":"search_term_string"}}],"inLanguage":"fr-FR"}]}},"_links":{"self":[{"href":"https:\/\/www.circuitsderando.com\/pyrenees\/gr10-hautes-pyrenees\/wp-json\/wp\/v2\/pages\/26"}],"collection":[{"href":"https:\/\/www.circuitsderando.com\/pyrenees\/gr10-hautes-pyrenees\/wp-json\/wp\/v2\/pages"}],"about":[{"href":"https:\/\/www.circuitsderando.com\/pyrenees\/gr10-hautes-pyrenees\/wp-json\/wp\/v2\/types\/page"}],"author":[{"embeddable":true,"href":"https:\/\/www.circuitsderando.com\/pyrenees\/gr10-hautes-pyrenees\/wp-json\/wp\/v2\/users\/1"}],"replies":[{"embeddable":true,"href":"https:\/\/www.circuitsderando.com\/pyrenees\/gr10-hautes-pyrenees\/wp-json\/wp\/v2\/comments?post=26"}],"version-history":[{"count":4,"href":"https:\/\/www.circuitsderando.com\/pyrenees\/gr10-hautes-pyrenees\/wp-json\/wp\/v2\/pages\/26\/revisions"}],"predecessor-version":[{"id":250,"href":"https:\/\/www.circuitsderando.com\/pyrenees\/gr10-hautes-pyrenees\/wp-json\/wp\/v2\/pages\/26\/revisions\/250"}],"wp:attachment":[{"href":"https:\/\/www.circuitsderando.com\/pyrenees\/gr10-hautes-pyrenees\/wp-json\/wp\/v2\/media?parent=26"}],"curies":[{"name":"wp","href":"https:\/\/api.w.org\/{rel}","templated":true}]}}