{"id":16,"date":"2020-11-03T08:53:52","date_gmt":"2020-11-03T07:53:52","guid":{"rendered":"https:\/\/www.circuitsderando.com\/pyrenees\/gr10-hautes-pyrenees\/?page_id=16"},"modified":"2020-11-03T18:16:03","modified_gmt":"2020-11-03T17:16:03","slug":"bareges-oredon","status":"publish","type":"page","link":"https:\/\/www.circuitsderando.com\/pyrenees\/gr10-hautes-pyrenees\/bareges-oredon\/","title":{"rendered":"Bar\u00e8ges &#8211; Or\u00e9don"},"content":{"rendered":"\n<div class=\"wp-block-columns is-layout-flex wp-container-core-columns-is-layout-1 wp-block-columns-is-layout-flex\">\n<div class=\"wp-block-column is-layout-flow wp-block-column-is-layout-flow\">\n<figure class=\"wp-block-image size-large\"><img loading=\"lazy\" decoding=\"async\" width=\"960\" height=\"720\" src=\"https:\/\/www.circuitsderando.com\/pyrenees\/gr10-hautes-pyrenees\/wp-content\/uploads\/2020\/11\/pont-de-la-gaubie.jpg\" alt=\"\" class=\"wp-image-153\" srcset=\"https:\/\/www.circuitsderando.com\/pyrenees\/gr10-hautes-pyrenees\/wp-content\/uploads\/2020\/11\/pont-de-la-gaubie.jpg 960w, https:\/\/www.circuitsderando.com\/pyrenees\/gr10-hautes-pyrenees\/wp-content\/uploads\/2020\/11\/pont-de-la-gaubie-300x225.jpg 300w, https:\/\/www.circuitsderando.com\/pyrenees\/gr10-hautes-pyrenees\/wp-content\/uploads\/2020\/11\/pont-de-la-gaubie-768x576.jpg 768w, https:\/\/www.circuitsderando.com\/pyrenees\/gr10-hautes-pyrenees\/wp-content\/uploads\/2020\/11\/pont-de-la-gaubie-690x518.jpg 690w\" sizes=\"(max-width: 960px) 100vw, 960px\" \/><figcaption><strong>PONT DE LA GAUBIE (1538 M)<\/strong><br><br>Petit pont en pierre situ\u00e9 \u00e0 l&rsquo;entr\u00e9e du parc de N\u00e9ouvielle. Ce dernier se situe tout pr\u00e8s du Jardin Botanique.<\/figcaption><\/figure>\n<\/div>\n\n\n\n<div class=\"wp-block-column is-layout-flow wp-block-column-is-layout-flow\">\n<figure class=\"wp-block-image size-large\"><img loading=\"lazy\" decoding=\"async\" width=\"960\" height=\"720\" src=\"https:\/\/www.circuitsderando.com\/pyrenees\/gr10-hautes-pyrenees\/wp-content\/uploads\/2020\/11\/jardin-botanique-3.jpg\" alt=\"\" class=\"wp-image-154\" srcset=\"https:\/\/www.circuitsderando.com\/pyrenees\/gr10-hautes-pyrenees\/wp-content\/uploads\/2020\/11\/jardin-botanique-3.jpg 960w, https:\/\/www.circuitsderando.com\/pyrenees\/gr10-hautes-pyrenees\/wp-content\/uploads\/2020\/11\/jardin-botanique-3-300x225.jpg 300w, https:\/\/www.circuitsderando.com\/pyrenees\/gr10-hautes-pyrenees\/wp-content\/uploads\/2020\/11\/jardin-botanique-3-768x576.jpg 768w, https:\/\/www.circuitsderando.com\/pyrenees\/gr10-hautes-pyrenees\/wp-content\/uploads\/2020\/11\/jardin-botanique-3-690x518.jpg 690w\" sizes=\"(max-width: 960px) 100vw, 960px\" \/><figcaption><strong>JARDIN BOTANIQUE (1530 M)<\/strong><br><br>Petit Jardin Botanique situ\u00e9 pr\u00e8s du Pont de la Gaubie. Ce jardin contient 3 sections : Montagnard, Alpin et Subalpin. Le visiteur peut y acheter des plantes du type de celles du jardin botanique.<\/figcaption><\/figure>\n<\/div>\n\n\n\n<div class=\"wp-block-column is-layout-flow wp-block-column-is-layout-flow\">\n<figure class=\"wp-block-image size-large\"><img loading=\"lazy\" decoding=\"async\" width=\"960\" height=\"720\" src=\"https:\/\/www.circuitsderando.com\/pyrenees\/gr10-hautes-pyrenees\/wp-content\/uploads\/2020\/11\/cascade-entree-neouvielle-2.jpg\" alt=\"\" class=\"wp-image-156\" srcset=\"https:\/\/www.circuitsderando.com\/pyrenees\/gr10-hautes-pyrenees\/wp-content\/uploads\/2020\/11\/cascade-entree-neouvielle-2.jpg 960w, https:\/\/www.circuitsderando.com\/pyrenees\/gr10-hautes-pyrenees\/wp-content\/uploads\/2020\/11\/cascade-entree-neouvielle-2-300x225.jpg 300w, https:\/\/www.circuitsderando.com\/pyrenees\/gr10-hautes-pyrenees\/wp-content\/uploads\/2020\/11\/cascade-entree-neouvielle-2-768x576.jpg 768w, https:\/\/www.circuitsderando.com\/pyrenees\/gr10-hautes-pyrenees\/wp-content\/uploads\/2020\/11\/cascade-entree-neouvielle-2-690x518.jpg 690w\" sizes=\"(max-width: 960px) 100vw, 960px\" \/><figcaption><strong>TORRENT (1830 M)<\/strong><br><br>Torrent traversant le Parc sauvage du N\u00e9ouvielle. Ces eaux proviennent de Aygues Cluses, Contad\u00e9 et Madam\u00e8te.<\/figcaption><\/figure>\n<\/div>\n<\/div>\n\n\n\n<div class=\"wp-block-columns is-layout-flex wp-container-core-columns-is-layout-2 wp-block-columns-is-layout-flex\">\n<div class=\"wp-block-column is-layout-flow wp-block-column-is-layout-flow\">\n<figure class=\"wp-block-image size-large\"><img loading=\"lazy\" decoding=\"async\" width=\"960\" height=\"720\" src=\"https:\/\/www.circuitsderando.com\/pyrenees\/gr10-hautes-pyrenees\/wp-content\/uploads\/2020\/11\/crete-dagalors.jpg\" alt=\"\" class=\"wp-image-158\" srcset=\"https:\/\/www.circuitsderando.com\/pyrenees\/gr10-hautes-pyrenees\/wp-content\/uploads\/2020\/11\/crete-dagalors.jpg 960w, https:\/\/www.circuitsderando.com\/pyrenees\/gr10-hautes-pyrenees\/wp-content\/uploads\/2020\/11\/crete-dagalors-300x225.jpg 300w, https:\/\/www.circuitsderando.com\/pyrenees\/gr10-hautes-pyrenees\/wp-content\/uploads\/2020\/11\/crete-dagalors-768x576.jpg 768w, https:\/\/www.circuitsderando.com\/pyrenees\/gr10-hautes-pyrenees\/wp-content\/uploads\/2020\/11\/crete-dagalors-690x518.jpg 690w\" sizes=\"(max-width: 960px) 100vw, 960px\" \/><figcaption>CRETE d&rsquo;AGALORS (2620 M)<br><br>Dominant le parc de N\u00e9ouvielle<\/figcaption><\/figure>\n<\/div>\n\n\n\n<div class=\"wp-block-column is-layout-flow wp-block-column-is-layout-flow\">\n<figure class=\"wp-block-image size-large\"><img loading=\"lazy\" decoding=\"async\" width=\"960\" height=\"720\" src=\"https:\/\/www.circuitsderando.com\/pyrenees\/gr10-hautes-pyrenees\/wp-content\/uploads\/2020\/11\/neouvielle-et-cabane-aygues-cluses.jpg\" alt=\"\" class=\"wp-image-159\" srcset=\"https:\/\/www.circuitsderando.com\/pyrenees\/gr10-hautes-pyrenees\/wp-content\/uploads\/2020\/11\/neouvielle-et-cabane-aygues-cluses.jpg 960w, https:\/\/www.circuitsderando.com\/pyrenees\/gr10-hautes-pyrenees\/wp-content\/uploads\/2020\/11\/neouvielle-et-cabane-aygues-cluses-300x225.jpg 300w, https:\/\/www.circuitsderando.com\/pyrenees\/gr10-hautes-pyrenees\/wp-content\/uploads\/2020\/11\/neouvielle-et-cabane-aygues-cluses-768x576.jpg 768w, https:\/\/www.circuitsderando.com\/pyrenees\/gr10-hautes-pyrenees\/wp-content\/uploads\/2020\/11\/neouvielle-et-cabane-aygues-cluses-690x518.jpg 690w\" sizes=\"(max-width: 960px) 100vw, 960px\" \/><figcaption><strong>PARC DE NEOUVIELLE &#8211; AYGUES CLUSES (1810 M)<\/strong><br><br>Parc tr\u00e8s sauvage cr\u00e9\u00e9 en 1935. Ce parc est dans une vall\u00e9e situ\u00e9e entre de nombreux sommets comme le Madam\u00e8te et le N\u00e9ouvielle.<\/figcaption><\/figure>\n<\/div>\n\n\n\n<div class=\"wp-block-column is-layout-flow wp-block-column-is-layout-flow\">\n<figure class=\"wp-block-image size-large\"><img loading=\"lazy\" decoding=\"async\" width=\"960\" height=\"720\" src=\"https:\/\/www.circuitsderando.com\/pyrenees\/gr10-hautes-pyrenees\/wp-content\/uploads\/2020\/11\/lac-de-madamete.jpg\" alt=\"\" class=\"wp-image-160\" srcset=\"https:\/\/www.circuitsderando.com\/pyrenees\/gr10-hautes-pyrenees\/wp-content\/uploads\/2020\/11\/lac-de-madamete.jpg 960w, https:\/\/www.circuitsderando.com\/pyrenees\/gr10-hautes-pyrenees\/wp-content\/uploads\/2020\/11\/lac-de-madamete-300x225.jpg 300w, https:\/\/www.circuitsderando.com\/pyrenees\/gr10-hautes-pyrenees\/wp-content\/uploads\/2020\/11\/lac-de-madamete-768x576.jpg 768w, https:\/\/www.circuitsderando.com\/pyrenees\/gr10-hautes-pyrenees\/wp-content\/uploads\/2020\/11\/lac-de-madamete-690x518.jpg 690w\" sizes=\"(max-width: 960px) 100vw, 960px\" \/><figcaption><strong>LACS DE MADAMETE (2305 M)<\/strong><br><br>Beaux lacs situ\u00e9es sur un petit plateau dans la mont\u00e9e menant au col de Madam\u00e8te. Des p\u00e9cheurs s&rsquo;y trouvent parfois. Ces lacs offrent une superbe vue sur le Parc.<\/figcaption><\/figure>\n<\/div>\n<\/div>\n\n\n\n<div class=\"wp-block-columns is-layout-flex wp-container-core-columns-is-layout-3 wp-block-columns-is-layout-flex\">\n<div class=\"wp-block-column is-layout-flow wp-block-column-is-layout-flow\">\n<figure class=\"wp-block-image size-large\"><img loading=\"lazy\" decoding=\"async\" width=\"960\" height=\"720\" src=\"https:\/\/www.circuitsderando.com\/pyrenees\/gr10-hautes-pyrenees\/wp-content\/uploads\/2020\/11\/col-de-madamete.jpg\" alt=\"\" class=\"wp-image-169\" srcset=\"https:\/\/www.circuitsderando.com\/pyrenees\/gr10-hautes-pyrenees\/wp-content\/uploads\/2020\/11\/col-de-madamete.jpg 960w, https:\/\/www.circuitsderando.com\/pyrenees\/gr10-hautes-pyrenees\/wp-content\/uploads\/2020\/11\/col-de-madamete-300x225.jpg 300w, https:\/\/www.circuitsderando.com\/pyrenees\/gr10-hautes-pyrenees\/wp-content\/uploads\/2020\/11\/col-de-madamete-768x576.jpg 768w, https:\/\/www.circuitsderando.com\/pyrenees\/gr10-hautes-pyrenees\/wp-content\/uploads\/2020\/11\/col-de-madamete-690x518.jpg 690w\" sizes=\"(max-width: 960px) 100vw, 960px\" \/><figcaption><strong>COL DE MADAMETE (2510 M)<\/strong><br><br>Col situ\u00e9 \u00e0 l&rsquo;extr\u00e9mit\u00e9 du Parc de N\u00e9ouvielle. Ce col permet de passer du Parc de N\u00e9ouvielle aux fameux lacs d&rsquo;Aubert et Aumar.<\/figcaption><\/figure>\n<\/div>\n\n\n\n<div class=\"wp-block-column is-layout-flow wp-block-column-is-layout-flow\">\n<figure class=\"wp-block-image size-large\"><img loading=\"lazy\" decoding=\"async\" width=\"960\" height=\"720\" src=\"https:\/\/www.circuitsderando.com\/pyrenees\/gr10-hautes-pyrenees\/wp-content\/uploads\/2020\/11\/gourguet-de-madamete-2.jpg\" alt=\"\" class=\"wp-image-171\" srcset=\"https:\/\/www.circuitsderando.com\/pyrenees\/gr10-hautes-pyrenees\/wp-content\/uploads\/2020\/11\/gourguet-de-madamete-2.jpg 960w, https:\/\/www.circuitsderando.com\/pyrenees\/gr10-hautes-pyrenees\/wp-content\/uploads\/2020\/11\/gourguet-de-madamete-2-300x225.jpg 300w, https:\/\/www.circuitsderando.com\/pyrenees\/gr10-hautes-pyrenees\/wp-content\/uploads\/2020\/11\/gourguet-de-madamete-2-768x576.jpg 768w, https:\/\/www.circuitsderando.com\/pyrenees\/gr10-hautes-pyrenees\/wp-content\/uploads\/2020\/11\/gourguet-de-madamete-2-690x518.jpg 690w\" sizes=\"(max-width: 960px) 100vw, 960px\" \/><figcaption><strong>GOURGUET DE MADAMETE (2200 M)<\/strong><br><br>En descendant vers les lacs d&rsquo;Aubert et Aumar<\/figcaption><\/figure>\n<\/div>\n\n\n\n<div class=\"wp-block-column is-layout-flow wp-block-column-is-layout-flow\">\n<figure class=\"wp-block-image size-large\"><img loading=\"lazy\" decoding=\"async\" width=\"960\" height=\"720\" src=\"https:\/\/www.circuitsderando.com\/pyrenees\/gr10-hautes-pyrenees\/wp-content\/uploads\/2020\/11\/llacs-aubert-et-aumar.jpg\" alt=\"\" class=\"wp-image-172\" srcset=\"https:\/\/www.circuitsderando.com\/pyrenees\/gr10-hautes-pyrenees\/wp-content\/uploads\/2020\/11\/llacs-aubert-et-aumar.jpg 960w, https:\/\/www.circuitsderando.com\/pyrenees\/gr10-hautes-pyrenees\/wp-content\/uploads\/2020\/11\/llacs-aubert-et-aumar-300x225.jpg 300w, https:\/\/www.circuitsderando.com\/pyrenees\/gr10-hautes-pyrenees\/wp-content\/uploads\/2020\/11\/llacs-aubert-et-aumar-768x576.jpg 768w, https:\/\/www.circuitsderando.com\/pyrenees\/gr10-hautes-pyrenees\/wp-content\/uploads\/2020\/11\/llacs-aubert-et-aumar-690x518.jpg 690w\" sizes=\"(max-width: 960px) 100vw, 960px\" \/><figcaption><strong>LACS D&rsquo;AUBERT ET D&rsquo;AUMAR (2150 M)<\/strong><br><br>Beau couple de lacs visible depuis le Col de Madam\u00e8te. Un barrage se situe au bout du lac d&rsquo;Aubert. Cette eau se d\u00e9verse dans les laquettes.<\/figcaption><\/figure>\n<\/div>\n<\/div>\n\n\n\n<div class=\"wp-block-columns is-layout-flex wp-container-core-columns-is-layout-4 wp-block-columns-is-layout-flex\">\n<div class=\"wp-block-column is-layout-flow wp-block-column-is-layout-flow\">\n<figure class=\"wp-block-image size-large\"><img loading=\"lazy\" decoding=\"async\" width=\"960\" height=\"720\" src=\"https:\/\/www.circuitsderando.com\/pyrenees\/gr10-hautes-pyrenees\/wp-content\/uploads\/2020\/11\/laquettes-2.jpg\" alt=\"\" class=\"wp-image-167\" srcset=\"https:\/\/www.circuitsderando.com\/pyrenees\/gr10-hautes-pyrenees\/wp-content\/uploads\/2020\/11\/laquettes-2.jpg 960w, https:\/\/www.circuitsderando.com\/pyrenees\/gr10-hautes-pyrenees\/wp-content\/uploads\/2020\/11\/laquettes-2-300x225.jpg 300w, https:\/\/www.circuitsderando.com\/pyrenees\/gr10-hautes-pyrenees\/wp-content\/uploads\/2020\/11\/laquettes-2-768x576.jpg 768w, https:\/\/www.circuitsderando.com\/pyrenees\/gr10-hautes-pyrenees\/wp-content\/uploads\/2020\/11\/laquettes-2-690x518.jpg 690w\" sizes=\"(max-width: 960px) 100vw, 960px\" \/><figcaption><strong>LAQUETTES (2080 M)<\/strong><br><br>Ces laquettes sont plac\u00e9s dans un coin paisible et sont accessibles en quittant le GR et en se dirigeant vers le Lac d&rsquo;Or\u00e9don.<\/figcaption><\/figure>\n<\/div>\n\n\n\n<div class=\"wp-block-column is-layout-flow wp-block-column-is-layout-flow\">\n<figure class=\"wp-block-image size-large\"><img loading=\"lazy\" decoding=\"async\" width=\"960\" height=\"720\" src=\"https:\/\/www.circuitsderando.com\/pyrenees\/gr10-hautes-pyrenees\/wp-content\/uploads\/2020\/11\/chalet-refuge-oredon.jpg\" alt=\"\" class=\"wp-image-165\" srcset=\"https:\/\/www.circuitsderando.com\/pyrenees\/gr10-hautes-pyrenees\/wp-content\/uploads\/2020\/11\/chalet-refuge-oredon.jpg 960w, https:\/\/www.circuitsderando.com\/pyrenees\/gr10-hautes-pyrenees\/wp-content\/uploads\/2020\/11\/chalet-refuge-oredon-300x225.jpg 300w, https:\/\/www.circuitsderando.com\/pyrenees\/gr10-hautes-pyrenees\/wp-content\/uploads\/2020\/11\/chalet-refuge-oredon-768x576.jpg 768w, https:\/\/www.circuitsderando.com\/pyrenees\/gr10-hautes-pyrenees\/wp-content\/uploads\/2020\/11\/chalet-refuge-oredon-690x518.jpg 690w\" sizes=\"(max-width: 960px) 100vw, 960px\" \/><figcaption><strong>REFUGE D&rsquo;OREDON (1875 M)<\/strong><br><br>Refuge situ\u00e9 sur le bord du Lac d&rsquo;Or\u00e9don. Certaines chambres offrent une vue sur le Lac. L&rsquo;accueil ainsi que la restauration, sont excellents.<\/figcaption><\/figure>\n<\/div>\n\n\n\n<div class=\"wp-block-column is-layout-flow wp-block-column-is-layout-flow\">\n<figure class=\"wp-block-image size-large\"><img loading=\"lazy\" decoding=\"async\" width=\"960\" height=\"720\" src=\"https:\/\/www.circuitsderando.com\/pyrenees\/gr10-hautes-pyrenees\/wp-content\/uploads\/2020\/11\/lac-oredon-depuis-cap-de-long.jpg\" alt=\"\" class=\"wp-image-164\" srcset=\"https:\/\/www.circuitsderando.com\/pyrenees\/gr10-hautes-pyrenees\/wp-content\/uploads\/2020\/11\/lac-oredon-depuis-cap-de-long.jpg 960w, https:\/\/www.circuitsderando.com\/pyrenees\/gr10-hautes-pyrenees\/wp-content\/uploads\/2020\/11\/lac-oredon-depuis-cap-de-long-300x225.jpg 300w, https:\/\/www.circuitsderando.com\/pyrenees\/gr10-hautes-pyrenees\/wp-content\/uploads\/2020\/11\/lac-oredon-depuis-cap-de-long-768x576.jpg 768w, https:\/\/www.circuitsderando.com\/pyrenees\/gr10-hautes-pyrenees\/wp-content\/uploads\/2020\/11\/lac-oredon-depuis-cap-de-long-690x518.jpg 690w\" sizes=\"(max-width: 960px) 100vw, 960px\" \/><figcaption><strong>LAC D&rsquo;OREDON (1850 M)<\/strong><br><br>Superbe petit lac situ\u00e9 pr\u00e8s du grand Lac Cap de Long. Les eaux de ce dernier se d\u00e9versent dans le Lac d&rsquo;Or\u00e9don. Ce lac est accessible par route.<\/figcaption><\/figure>\n<\/div>\n<\/div>\n\n\n\n<p class=\"has-text-align-right\"><a href=\"https:\/\/www.circuitsderando.com\/pyrenees\/gr10-hautes-pyrenees\/oredon-artigues-de-gripp\/\">Etape 7 : Or\u00e9don &#8211; Artigues de Gripp >>><\/a><\/p>\n","protected":false},"excerpt":{"rendered":"<p>Etape 7 : Or\u00e9don &#8211; Artigues de Gripp >>><\/p>\n","protected":false},"author":1,"featured_media":0,"parent":0,"menu_order":0,"comment_status":"closed","ping_status":"closed","template":"templates\/full-width-page.php","meta":{"_monsterinsights_skip_tracking":false,"_monsterinsights_sitenote_active":false,"_monsterinsights_sitenote_note":"","_monsterinsights_sitenote_category":0,"footnotes":""},"class_list":["post-16","page","type-page","status-publish","hentry"],"yoast_head":"<!-- This site is optimized with the Yoast SEO plugin v23.5 - https:\/\/yoast.com\/wordpress\/plugins\/seo\/ -->\n<title>Bar\u00e8ges - Or\u00e9don - GR10 - Hautes Pyr\u00e9n\u00e9es<\/title>\n<meta name=\"robots\" content=\"index, follow, max-snippet:-1, max-image-preview:large, max-video-preview:-1\" \/>\n<link rel=\"canonical\" href=\"https:\/\/www.circuitsderando.com\/pyrenees\/gr10-hautes-pyrenees\/bareges-oredon\/\" \/>\n<meta property=\"og:locale\" content=\"fr_FR\" \/>\n<meta property=\"og:type\" content=\"article\" \/>\n<meta property=\"og:title\" content=\"Bar\u00e8ges - Or\u00e9don - GR10 - Hautes Pyr\u00e9n\u00e9es\" \/>\n<meta property=\"og:description\" content=\"Etape 7 : Or\u00e9don &#8211; Artigues de Gripp &gt;&gt;&gt;\" \/>\n<meta property=\"og:url\" content=\"https:\/\/www.circuitsderando.com\/pyrenees\/gr10-hautes-pyrenees\/bareges-oredon\/\" \/>\n<meta property=\"og:site_name\" content=\"GR10 - Hautes Pyr\u00e9n\u00e9es\" \/>\n<meta property=\"article:modified_time\" content=\"2020-11-03T17:16:03+00:00\" \/>\n<meta property=\"og:image\" content=\"https:\/\/www.circuitsderando.com\/pyrenees\/gr10-hautes-pyrenees\/wp-content\/uploads\/2020\/11\/pont-de-la-gaubie.jpg\" \/>\n<meta name=\"twitter:card\" content=\"summary_large_image\" \/>\n<meta name=\"twitter:label1\" content=\"Dur\u00e9e de lecture estim\u00e9e\" \/>\n\t<meta name=\"twitter:data1\" content=\"2 minutes\" \/>\n<script type=\"application\/ld+json\" class=\"yoast-schema-graph\">{\"@context\":\"https:\/\/schema.org\",\"@graph\":[{\"@type\":\"WebPage\",\"@id\":\"https:\/\/www.circuitsderando.com\/pyrenees\/gr10-hautes-pyrenees\/bareges-oredon\/\",\"url\":\"https:\/\/www.circuitsderando.com\/pyrenees\/gr10-hautes-pyrenees\/bareges-oredon\/\",\"name\":\"Bar\u00e8ges - Or\u00e9don - GR10 - Hautes Pyr\u00e9n\u00e9es\",\"isPartOf\":{\"@id\":\"https:\/\/www.circuitsderando.com\/pyrenees\/gr10-hautes-pyrenees\/#website\"},\"primaryImageOfPage\":{\"@id\":\"https:\/\/www.circuitsderando.com\/pyrenees\/gr10-hautes-pyrenees\/bareges-oredon\/#primaryimage\"},\"image\":{\"@id\":\"https:\/\/www.circuitsderando.com\/pyrenees\/gr10-hautes-pyrenees\/bareges-oredon\/#primaryimage\"},\"thumbnailUrl\":\"https:\/\/www.circuitsderando.com\/pyrenees\/gr10-hautes-pyrenees\/wp-content\/uploads\/2020\/11\/pont-de-la-gaubie.jpg\",\"datePublished\":\"2020-11-03T07:53:52+00:00\",\"dateModified\":\"2020-11-03T17:16:03+00:00\",\"breadcrumb\":{\"@id\":\"https:\/\/www.circuitsderando.com\/pyrenees\/gr10-hautes-pyrenees\/bareges-oredon\/#breadcrumb\"},\"inLanguage\":\"fr-FR\",\"potentialAction\":[{\"@type\":\"ReadAction\",\"target\":[\"https:\/\/www.circuitsderando.com\/pyrenees\/gr10-hautes-pyrenees\/bareges-oredon\/\"]}]},{\"@type\":\"ImageObject\",\"inLanguage\":\"fr-FR\",\"@id\":\"https:\/\/www.circuitsderando.com\/pyrenees\/gr10-hautes-pyrenees\/bareges-oredon\/#primaryimage\",\"url\":\"https:\/\/www.circuitsderando.com\/pyrenees\/gr10-hautes-pyrenees\/wp-content\/uploads\/2020\/11\/pont-de-la-gaubie.jpg\",\"contentUrl\":\"https:\/\/www.circuitsderando.com\/pyrenees\/gr10-hautes-pyrenees\/wp-content\/uploads\/2020\/11\/pont-de-la-gaubie.jpg\",\"width\":960,\"height\":720},{\"@type\":\"BreadcrumbList\",\"@id\":\"https:\/\/www.circuitsderando.com\/pyrenees\/gr10-hautes-pyrenees\/bareges-oredon\/#breadcrumb\",\"itemListElement\":[{\"@type\":\"ListItem\",\"position\":1,\"name\":\"GR10 Hautes Pyr\u00e9n\u00e9es\",\"item\":\"https:\/\/www.circuitsderando.com\/pyrenees\/gr10-hautes-pyrenees\/\"},{\"@type\":\"ListItem\",\"position\":2,\"name\":\"Bar\u00e8ges &#8211; Or\u00e9don\"}]},{\"@type\":\"WebSite\",\"@id\":\"https:\/\/www.circuitsderando.com\/pyrenees\/gr10-hautes-pyrenees\/#website\",\"url\":\"https:\/\/www.circuitsderando.com\/pyrenees\/gr10-hautes-pyrenees\/\",\"name\":\"GR10 - Hautes Pyr\u00e9n\u00e9es\",\"description\":\"Arrens - Cauterets - Gavarnie - Luz - Bar\u00e8ges - Artigues\",\"potentialAction\":[{\"@type\":\"SearchAction\",\"target\":{\"@type\":\"EntryPoint\",\"urlTemplate\":\"https:\/\/www.circuitsderando.com\/pyrenees\/gr10-hautes-pyrenees\/?s={search_term_string}\"},\"query-input\":{\"@type\":\"PropertyValueSpecification\",\"valueRequired\":true,\"valueName\":\"search_term_string\"}}],\"inLanguage\":\"fr-FR\"}]}<\/script>\n<!-- \/ Yoast SEO plugin. -->","yoast_head_json":{"title":"Bar\u00e8ges - Or\u00e9don - GR10 - Hautes Pyr\u00e9n\u00e9es","robots":{"index":"index","follow":"follow","max-snippet":"max-snippet:-1","max-image-preview":"max-image-preview:large","max-video-preview":"max-video-preview:-1"},"canonical":"https:\/\/www.circuitsderando.com\/pyrenees\/gr10-hautes-pyrenees\/bareges-oredon\/","og_locale":"fr_FR","og_type":"article","og_title":"Bar\u00e8ges - Or\u00e9don - GR10 - Hautes Pyr\u00e9n\u00e9es","og_description":"Etape 7 : Or\u00e9don &#8211; Artigues de Gripp >>>","og_url":"https:\/\/www.circuitsderando.com\/pyrenees\/gr10-hautes-pyrenees\/bareges-oredon\/","og_site_name":"GR10 - Hautes Pyr\u00e9n\u00e9es","article_modified_time":"2020-11-03T17:16:03+00:00","og_image":[{"url":"https:\/\/www.circuitsderando.com\/pyrenees\/gr10-hautes-pyrenees\/wp-content\/uploads\/2020\/11\/pont-de-la-gaubie.jpg"}],"twitter_card":"summary_large_image","twitter_misc":{"Dur\u00e9e de lecture estim\u00e9e":"2 minutes"},"schema":{"@context":"https:\/\/schema.org","@graph":[{"@type":"WebPage","@id":"https:\/\/www.circuitsderando.com\/pyrenees\/gr10-hautes-pyrenees\/bareges-oredon\/","url":"https:\/\/www.circuitsderando.com\/pyrenees\/gr10-hautes-pyrenees\/bareges-oredon\/","name":"Bar\u00e8ges - Or\u00e9don - GR10 - Hautes Pyr\u00e9n\u00e9es","isPartOf":{"@id":"https:\/\/www.circuitsderando.com\/pyrenees\/gr10-hautes-pyrenees\/#website"},"primaryImageOfPage":{"@id":"https:\/\/www.circuitsderando.com\/pyrenees\/gr10-hautes-pyrenees\/bareges-oredon\/#primaryimage"},"image":{"@id":"https:\/\/www.circuitsderando.com\/pyrenees\/gr10-hautes-pyrenees\/bareges-oredon\/#primaryimage"},"thumbnailUrl":"https:\/\/www.circuitsderando.com\/pyrenees\/gr10-hautes-pyrenees\/wp-content\/uploads\/2020\/11\/pont-de-la-gaubie.jpg","datePublished":"2020-11-03T07:53:52+00:00","dateModified":"2020-11-03T17:16:03+00:00","breadcrumb":{"@id":"https:\/\/www.circuitsderando.com\/pyrenees\/gr10-hautes-pyrenees\/bareges-oredon\/#breadcrumb"},"inLanguage":"fr-FR","potentialAction":[{"@type":"ReadAction","target":["https:\/\/www.circuitsderando.com\/pyrenees\/gr10-hautes-pyrenees\/bareges-oredon\/"]}]},{"@type":"ImageObject","inLanguage":"fr-FR","@id":"https:\/\/www.circuitsderando.com\/pyrenees\/gr10-hautes-pyrenees\/bareges-oredon\/#primaryimage","url":"https:\/\/www.circuitsderando.com\/pyrenees\/gr10-hautes-pyrenees\/wp-content\/uploads\/2020\/11\/pont-de-la-gaubie.jpg","contentUrl":"https:\/\/www.circuitsderando.com\/pyrenees\/gr10-hautes-pyrenees\/wp-content\/uploads\/2020\/11\/pont-de-la-gaubie.jpg","width":960,"height":720},{"@type":"BreadcrumbList","@id":"https:\/\/www.circuitsderando.com\/pyrenees\/gr10-hautes-pyrenees\/bareges-oredon\/#breadcrumb","itemListElement":[{"@type":"ListItem","position":1,"name":"GR10 Hautes Pyr\u00e9n\u00e9es","item":"https:\/\/www.circuitsderando.com\/pyrenees\/gr10-hautes-pyrenees\/"},{"@type":"ListItem","position":2,"name":"Bar\u00e8ges &#8211; Or\u00e9don"}]},{"@type":"WebSite","@id":"https:\/\/www.circuitsderando.com\/pyrenees\/gr10-hautes-pyrenees\/#website","url":"https:\/\/www.circuitsderando.com\/pyrenees\/gr10-hautes-pyrenees\/","name":"GR10 - Hautes Pyr\u00e9n\u00e9es","description":"Arrens - Cauterets - Gavarnie - Luz - Bar\u00e8ges - Artigues","potentialAction":[{"@type":"SearchAction","target":{"@type":"EntryPoint","urlTemplate":"https:\/\/www.circuitsderando.com\/pyrenees\/gr10-hautes-pyrenees\/?s={search_term_string}"},"query-input":{"@type":"PropertyValueSpecification","valueRequired":true,"valueName":"search_term_string"}}],"inLanguage":"fr-FR"}]}},"_links":{"self":[{"href":"https:\/\/www.circuitsderando.com\/pyrenees\/gr10-hautes-pyrenees\/wp-json\/wp\/v2\/pages\/16"}],"collection":[{"href":"https:\/\/www.circuitsderando.com\/pyrenees\/gr10-hautes-pyrenees\/wp-json\/wp\/v2\/pages"}],"about":[{"href":"https:\/\/www.circuitsderando.com\/pyrenees\/gr10-hautes-pyrenees\/wp-json\/wp\/v2\/types\/page"}],"author":[{"embeddable":true,"href":"https:\/\/www.circuitsderando.com\/pyrenees\/gr10-hautes-pyrenees\/wp-json\/wp\/v2\/users\/1"}],"replies":[{"embeddable":true,"href":"https:\/\/www.circuitsderando.com\/pyrenees\/gr10-hautes-pyrenees\/wp-json\/wp\/v2\/comments?post=16"}],"version-history":[{"count":16,"href":"https:\/\/www.circuitsderando.com\/pyrenees\/gr10-hautes-pyrenees\/wp-json\/wp\/v2\/pages\/16\/revisions"}],"predecessor-version":[{"id":180,"href":"https:\/\/www.circuitsderando.com\/pyrenees\/gr10-hautes-pyrenees\/wp-json\/wp\/v2\/pages\/16\/revisions\/180"}],"wp:attachment":[{"href":"https:\/\/www.circuitsderando.com\/pyrenees\/gr10-hautes-pyrenees\/wp-json\/wp\/v2\/media?parent=16"}],"curies":[{"name":"wp","href":"https:\/\/api.w.org\/{rel}","templated":true}]}}