{"id":12,"date":"2020-11-03T08:51:28","date_gmt":"2020-11-03T07:51:28","guid":{"rendered":"https:\/\/www.circuitsderando.com\/pyrenees\/gr10-hautes-pyrenees\/?page_id=12"},"modified":"2020-11-03T17:30:00","modified_gmt":"2020-11-03T16:30:00","slug":"gavarnie-luz-st-sauveur","status":"publish","type":"page","link":"https:\/\/www.circuitsderando.com\/pyrenees\/gr10-hautes-pyrenees\/gavarnie-luz-st-sauveur\/","title":{"rendered":"Gavarnie &#8211; Luz St Sauveur"},"content":{"rendered":"\n<div class=\"wp-block-columns is-layout-flex wp-container-core-columns-is-layout-1 wp-block-columns-is-layout-flex\">\n<div class=\"wp-block-column is-layout-flow wp-block-column-is-layout-flow\">\n<figure class=\"wp-block-image size-large\"><img loading=\"lazy\" decoding=\"async\" width=\"960\" height=\"720\" src=\"https:\/\/www.circuitsderando.com\/pyrenees\/gr10-hautes-pyrenees\/wp-content\/uploads\/2020\/11\/hotel-du-cirque.jpg\" alt=\"\" class=\"wp-image-127\" srcset=\"https:\/\/www.circuitsderando.com\/pyrenees\/gr10-hautes-pyrenees\/wp-content\/uploads\/2020\/11\/hotel-du-cirque.jpg 960w, https:\/\/www.circuitsderando.com\/pyrenees\/gr10-hautes-pyrenees\/wp-content\/uploads\/2020\/11\/hotel-du-cirque-300x225.jpg 300w, https:\/\/www.circuitsderando.com\/pyrenees\/gr10-hautes-pyrenees\/wp-content\/uploads\/2020\/11\/hotel-du-cirque-768x576.jpg 768w, https:\/\/www.circuitsderando.com\/pyrenees\/gr10-hautes-pyrenees\/wp-content\/uploads\/2020\/11\/hotel-du-cirque-690x518.jpg 690w\" sizes=\"(max-width: 960px) 100vw, 960px\" \/><figcaption><strong>HOTEL DU CIRQUE DE GAVARNIE (1572 M)<\/strong><br><br>Bel h\u00f4tel se trouvant en plein milieu du parc de Gavarnie. Cet h\u00f4tel se trouve pr\u00e8s de la bifurcation menant aux Espuguettes.<\/figcaption><\/figure>\n<\/div>\n\n\n\n<div class=\"wp-block-column is-layout-flow wp-block-column-is-layout-flow\">\n<figure class=\"wp-block-image size-large\"><img loading=\"lazy\" decoding=\"async\" width=\"960\" height=\"720\" src=\"https:\/\/www.circuitsderando.com\/pyrenees\/gr10-hautes-pyrenees\/wp-content\/uploads\/2020\/11\/restaurant-pres-du-gave.jpg\" alt=\"\" class=\"wp-image-128\" srcset=\"https:\/\/www.circuitsderando.com\/pyrenees\/gr10-hautes-pyrenees\/wp-content\/uploads\/2020\/11\/restaurant-pres-du-gave.jpg 960w, https:\/\/www.circuitsderando.com\/pyrenees\/gr10-hautes-pyrenees\/wp-content\/uploads\/2020\/11\/restaurant-pres-du-gave-300x225.jpg 300w, https:\/\/www.circuitsderando.com\/pyrenees\/gr10-hautes-pyrenees\/wp-content\/uploads\/2020\/11\/restaurant-pres-du-gave-768x576.jpg 768w, https:\/\/www.circuitsderando.com\/pyrenees\/gr10-hautes-pyrenees\/wp-content\/uploads\/2020\/11\/restaurant-pres-du-gave-690x518.jpg 690w\" sizes=\"(max-width: 960px) 100vw, 960px\" \/><figcaption><strong>GAVE DE GAVARNIE (1390 M)<\/strong><br><br>Gave traversant le village de Gavarnie. <\/figcaption><\/figure>\n<\/div>\n\n\n\n<div class=\"wp-block-column is-layout-flow wp-block-column-is-layout-flow\">\n<figure class=\"wp-block-image size-large\"><img loading=\"lazy\" decoding=\"async\" width=\"960\" height=\"720\" src=\"https:\/\/www.circuitsderando.com\/pyrenees\/gr10-hautes-pyrenees\/wp-content\/uploads\/2020\/11\/village-et-cirque-de-gavarnie.jpg\" alt=\"\" class=\"wp-image-129\" srcset=\"https:\/\/www.circuitsderando.com\/pyrenees\/gr10-hautes-pyrenees\/wp-content\/uploads\/2020\/11\/village-et-cirque-de-gavarnie.jpg 960w, https:\/\/www.circuitsderando.com\/pyrenees\/gr10-hautes-pyrenees\/wp-content\/uploads\/2020\/11\/village-et-cirque-de-gavarnie-300x225.jpg 300w, https:\/\/www.circuitsderando.com\/pyrenees\/gr10-hautes-pyrenees\/wp-content\/uploads\/2020\/11\/village-et-cirque-de-gavarnie-768x576.jpg 768w, https:\/\/www.circuitsderando.com\/pyrenees\/gr10-hautes-pyrenees\/wp-content\/uploads\/2020\/11\/village-et-cirque-de-gavarnie-690x518.jpg 690w\" sizes=\"(max-width: 960px) 100vw, 960px\" \/><figcaption><strong>GAVARNIE (1390 M)<\/strong><br><br>Ce village est enti\u00e8rement touristique. Surtout connu pour son cirque et la Br\u00e8che de Roland, entr\u00e9e vers l&rsquo;Espagne.<\/figcaption><\/figure>\n<\/div>\n<\/div>\n\n\n\n<div class=\"wp-block-columns is-layout-flex wp-container-core-columns-is-layout-2 wp-block-columns-is-layout-flex\">\n<div class=\"wp-block-column is-layout-flow wp-block-column-is-layout-flow\">\n<figure class=\"wp-block-image size-large\"><img loading=\"lazy\" decoding=\"async\" width=\"960\" height=\"720\" src=\"https:\/\/www.circuitsderando.com\/pyrenees\/gr10-hautes-pyrenees\/wp-content\/uploads\/2020\/11\/barrage-et-gedre.jpg\" alt=\"\" class=\"wp-image-131\" srcset=\"https:\/\/www.circuitsderando.com\/pyrenees\/gr10-hautes-pyrenees\/wp-content\/uploads\/2020\/11\/barrage-et-gedre.jpg 960w, https:\/\/www.circuitsderando.com\/pyrenees\/gr10-hautes-pyrenees\/wp-content\/uploads\/2020\/11\/barrage-et-gedre-300x225.jpg 300w, https:\/\/www.circuitsderando.com\/pyrenees\/gr10-hautes-pyrenees\/wp-content\/uploads\/2020\/11\/barrage-et-gedre-768x576.jpg 768w, https:\/\/www.circuitsderando.com\/pyrenees\/gr10-hautes-pyrenees\/wp-content\/uploads\/2020\/11\/barrage-et-gedre-690x518.jpg 690w\" sizes=\"(max-width: 960px) 100vw, 960px\" \/><figcaption><strong>GEDRE (1040 M)<\/strong><br><br>Le village poss\u00e8de une grande centrale hydro\u00e9lectrique.<\/figcaption><\/figure>\n<\/div>\n\n\n\n<div class=\"wp-block-column is-layout-flow wp-block-column-is-layout-flow\">\n<figure class=\"wp-block-image size-large\"><img loading=\"lazy\" decoding=\"async\" width=\"960\" height=\"720\" src=\"https:\/\/www.circuitsderando.com\/pyrenees\/gr10-hautes-pyrenees\/wp-content\/uploads\/2020\/11\/eglise-de-gedre.jpg\" alt=\"\" class=\"wp-image-132\" srcset=\"https:\/\/www.circuitsderando.com\/pyrenees\/gr10-hautes-pyrenees\/wp-content\/uploads\/2020\/11\/eglise-de-gedre.jpg 960w, https:\/\/www.circuitsderando.com\/pyrenees\/gr10-hautes-pyrenees\/wp-content\/uploads\/2020\/11\/eglise-de-gedre-300x225.jpg 300w, https:\/\/www.circuitsderando.com\/pyrenees\/gr10-hautes-pyrenees\/wp-content\/uploads\/2020\/11\/eglise-de-gedre-768x576.jpg 768w, https:\/\/www.circuitsderando.com\/pyrenees\/gr10-hautes-pyrenees\/wp-content\/uploads\/2020\/11\/eglise-de-gedre-690x518.jpg 690w\" sizes=\"(max-width: 960px) 100vw, 960px\" \/><figcaption><strong>EGLISE DE GEDRE (1040 M)<\/strong><br><br>Eglise St Mathieu. Le village de G\u00e8dre \u00e9tait rattach\u00e9 \u00e0 Luz jusqu&rsquo;en 1842. <\/figcaption><\/figure>\n<\/div>\n\n\n\n<div class=\"wp-block-column is-layout-flow wp-block-column-is-layout-flow\">\n<figure class=\"wp-block-image size-large\"><img loading=\"lazy\" decoding=\"async\" width=\"960\" height=\"720\" src=\"https:\/\/www.circuitsderando.com\/pyrenees\/gr10-hautes-pyrenees\/wp-content\/uploads\/2020\/11\/pont-napoleon.jpg\" alt=\"\" class=\"wp-image-133\" srcset=\"https:\/\/www.circuitsderando.com\/pyrenees\/gr10-hautes-pyrenees\/wp-content\/uploads\/2020\/11\/pont-napoleon.jpg 960w, https:\/\/www.circuitsderando.com\/pyrenees\/gr10-hautes-pyrenees\/wp-content\/uploads\/2020\/11\/pont-napoleon-300x225.jpg 300w, https:\/\/www.circuitsderando.com\/pyrenees\/gr10-hautes-pyrenees\/wp-content\/uploads\/2020\/11\/pont-napoleon-768x576.jpg 768w, https:\/\/www.circuitsderando.com\/pyrenees\/gr10-hautes-pyrenees\/wp-content\/uploads\/2020\/11\/pont-napoleon-690x518.jpg 690w\" sizes=\"(max-width: 960px) 100vw, 960px\" \/><figcaption><strong>PONT NAPOLEON (751 M)<\/strong><br><br>Ce pont f\u00fbt construit par Napol\u00e9on III entre 1859 et 1863 afin de remercier les Habitants de Luz. La st\u00e9rilit\u00e9 de la princesse Eug\u00e9nie f\u00fbt perdue gr\u00e2ce \u00e0 un s\u00e9jour aux thermes de Luz.<\/figcaption><\/figure>\n<\/div>\n<\/div>\n\n\n\n<div class=\"wp-block-columns is-layout-flex wp-container-core-columns-is-layout-3 wp-block-columns-is-layout-flex\">\n<div class=\"wp-block-column is-layout-flow wp-block-column-is-layout-flow\">\n<figure class=\"wp-block-image size-large\"><img loading=\"lazy\" decoding=\"async\" width=\"960\" height=\"720\" src=\"https:\/\/www.circuitsderando.com\/pyrenees\/gr10-hautes-pyrenees\/wp-content\/uploads\/2020\/11\/ancienne-gare-de-luz.jpg\" alt=\"\" class=\"wp-image-135\" srcset=\"https:\/\/www.circuitsderando.com\/pyrenees\/gr10-hautes-pyrenees\/wp-content\/uploads\/2020\/11\/ancienne-gare-de-luz.jpg 960w, https:\/\/www.circuitsderando.com\/pyrenees\/gr10-hautes-pyrenees\/wp-content\/uploads\/2020\/11\/ancienne-gare-de-luz-300x225.jpg 300w, https:\/\/www.circuitsderando.com\/pyrenees\/gr10-hautes-pyrenees\/wp-content\/uploads\/2020\/11\/ancienne-gare-de-luz-768x576.jpg 768w, https:\/\/www.circuitsderando.com\/pyrenees\/gr10-hautes-pyrenees\/wp-content\/uploads\/2020\/11\/ancienne-gare-de-luz-690x518.jpg 690w\" sizes=\"(max-width: 960px) 100vw, 960px\" \/><figcaption><strong>ANCIENNE GARE DE LUZ (751 M)<\/strong><br><br>Ancienne gare de Luz St Sauveur situ\u00e9 sur Esqui\u00e9z\u00e9-S\u00e9r\u00e9. Cette gare permettait de se rendre \u00e0 Pierrefitte Nestalas. Cette derni\u00e8re \u00e9tait en correspondance avec la ligne de Cauterets.<\/figcaption><\/figure>\n<\/div>\n\n\n\n<div class=\"wp-block-column is-layout-flow wp-block-column-is-layout-flow\">\n<figure class=\"wp-block-image size-large\"><img loading=\"lazy\" decoding=\"async\" width=\"960\" height=\"720\" src=\"https:\/\/www.circuitsderando.com\/pyrenees\/gr10-hautes-pyrenees\/wp-content\/uploads\/2020\/11\/col-de-riou-depuis-luz.jpg\" alt=\"\" class=\"wp-image-136\" srcset=\"https:\/\/www.circuitsderando.com\/pyrenees\/gr10-hautes-pyrenees\/wp-content\/uploads\/2020\/11\/col-de-riou-depuis-luz.jpg 960w, https:\/\/www.circuitsderando.com\/pyrenees\/gr10-hautes-pyrenees\/wp-content\/uploads\/2020\/11\/col-de-riou-depuis-luz-300x225.jpg 300w, https:\/\/www.circuitsderando.com\/pyrenees\/gr10-hautes-pyrenees\/wp-content\/uploads\/2020\/11\/col-de-riou-depuis-luz-768x576.jpg 768w, https:\/\/www.circuitsderando.com\/pyrenees\/gr10-hautes-pyrenees\/wp-content\/uploads\/2020\/11\/col-de-riou-depuis-luz-690x518.jpg 690w\" sizes=\"(max-width: 960px) 100vw, 960px\" \/><figcaption><strong>LUZ ST SAUVEUR (730 M)<\/strong><br><br>Au pied de la station de ski de Luz Ardiden.<\/figcaption><\/figure>\n<\/div>\n\n\n\n<div class=\"wp-block-column is-layout-flow wp-block-column-is-layout-flow\">\n<figure class=\"wp-block-image size-large\"><img loading=\"lazy\" decoding=\"async\" width=\"960\" height=\"720\" src=\"https:\/\/www.circuitsderando.com\/pyrenees\/gr10-hautes-pyrenees\/wp-content\/uploads\/2020\/11\/eglise-de-luz.jpg\" alt=\"\" class=\"wp-image-137\" srcset=\"https:\/\/www.circuitsderando.com\/pyrenees\/gr10-hautes-pyrenees\/wp-content\/uploads\/2020\/11\/eglise-de-luz.jpg 960w, https:\/\/www.circuitsderando.com\/pyrenees\/gr10-hautes-pyrenees\/wp-content\/uploads\/2020\/11\/eglise-de-luz-300x225.jpg 300w, https:\/\/www.circuitsderando.com\/pyrenees\/gr10-hautes-pyrenees\/wp-content\/uploads\/2020\/11\/eglise-de-luz-768x576.jpg 768w, https:\/\/www.circuitsderando.com\/pyrenees\/gr10-hautes-pyrenees\/wp-content\/uploads\/2020\/11\/eglise-de-luz-690x518.jpg 690w\" sizes=\"(max-width: 960px) 100vw, 960px\" \/><figcaption><strong>EGLISE DE LUZ (709 M)<\/strong><br><br>Eglise romane fortifi\u00e9e datant de la fin du XII\u00e8me si\u00e8cle. Petit mus\u00e9e d&rsquo;art religieux et mus\u00e9e d&rsquo;objets locaux<\/figcaption><\/figure>\n<\/div>\n<\/div>\n\n\n\n<p class=\"has-text-align-right\"><a href=\"https:\/\/www.circuitsderando.com\/pyrenees\/gr10-hautes-pyrenees\/luz-st-sauveur-bareges\/\">Etape 5 : Luz St Sauveur &#8211; Bar\u00e8ges >>><\/a><\/p>\n","protected":false},"excerpt":{"rendered":"<p>Etape 5 : Luz St Sauveur &#8211; Bar\u00e8ges >>><\/p>\n","protected":false},"author":1,"featured_media":0,"parent":0,"menu_order":0,"comment_status":"closed","ping_status":"closed","template":"templates\/full-width-page.php","meta":{"_monsterinsights_skip_tracking":false,"_monsterinsights_sitenote_active":false,"_monsterinsights_sitenote_note":"","_monsterinsights_sitenote_category":0,"footnotes":""},"class_list":["post-12","page","type-page","status-publish","hentry"],"yoast_head":"<!-- This site is optimized with the Yoast SEO plugin v23.5 - https:\/\/yoast.com\/wordpress\/plugins\/seo\/ -->\n<title>Gavarnie - Luz St Sauveur - GR10 - Hautes Pyr\u00e9n\u00e9es<\/title>\n<meta name=\"robots\" content=\"index, follow, max-snippet:-1, max-image-preview:large, max-video-preview:-1\" \/>\n<link rel=\"canonical\" href=\"https:\/\/www.circuitsderando.com\/pyrenees\/gr10-hautes-pyrenees\/gavarnie-luz-st-sauveur\/\" \/>\n<meta property=\"og:locale\" content=\"fr_FR\" \/>\n<meta property=\"og:type\" content=\"article\" \/>\n<meta property=\"og:title\" content=\"Gavarnie - Luz St Sauveur - GR10 - Hautes Pyr\u00e9n\u00e9es\" \/>\n<meta property=\"og:description\" content=\"Etape 5 : Luz St Sauveur &#8211; Bar\u00e8ges &gt;&gt;&gt;\" \/>\n<meta property=\"og:url\" content=\"https:\/\/www.circuitsderando.com\/pyrenees\/gr10-hautes-pyrenees\/gavarnie-luz-st-sauveur\/\" \/>\n<meta property=\"og:site_name\" content=\"GR10 - Hautes Pyr\u00e9n\u00e9es\" \/>\n<meta property=\"article:modified_time\" content=\"2020-11-03T16:30:00+00:00\" \/>\n<meta property=\"og:image\" content=\"https:\/\/www.circuitsderando.com\/pyrenees\/gr10-hautes-pyrenees\/wp-content\/uploads\/2020\/11\/hotel-du-cirque.jpg\" \/>\n<meta name=\"twitter:card\" content=\"summary_large_image\" \/>\n<meta name=\"twitter:label1\" content=\"Dur\u00e9e de lecture estim\u00e9e\" \/>\n\t<meta name=\"twitter:data1\" content=\"1 minute\" \/>\n<script type=\"application\/ld+json\" class=\"yoast-schema-graph\">{\"@context\":\"https:\/\/schema.org\",\"@graph\":[{\"@type\":\"WebPage\",\"@id\":\"https:\/\/www.circuitsderando.com\/pyrenees\/gr10-hautes-pyrenees\/gavarnie-luz-st-sauveur\/\",\"url\":\"https:\/\/www.circuitsderando.com\/pyrenees\/gr10-hautes-pyrenees\/gavarnie-luz-st-sauveur\/\",\"name\":\"Gavarnie - Luz St Sauveur - GR10 - Hautes Pyr\u00e9n\u00e9es\",\"isPartOf\":{\"@id\":\"https:\/\/www.circuitsderando.com\/pyrenees\/gr10-hautes-pyrenees\/#website\"},\"primaryImageOfPage\":{\"@id\":\"https:\/\/www.circuitsderando.com\/pyrenees\/gr10-hautes-pyrenees\/gavarnie-luz-st-sauveur\/#primaryimage\"},\"image\":{\"@id\":\"https:\/\/www.circuitsderando.com\/pyrenees\/gr10-hautes-pyrenees\/gavarnie-luz-st-sauveur\/#primaryimage\"},\"thumbnailUrl\":\"https:\/\/www.circuitsderando.com\/pyrenees\/gr10-hautes-pyrenees\/wp-content\/uploads\/2020\/11\/hotel-du-cirque.jpg\",\"datePublished\":\"2020-11-03T07:51:28+00:00\",\"dateModified\":\"2020-11-03T16:30:00+00:00\",\"breadcrumb\":{\"@id\":\"https:\/\/www.circuitsderando.com\/pyrenees\/gr10-hautes-pyrenees\/gavarnie-luz-st-sauveur\/#breadcrumb\"},\"inLanguage\":\"fr-FR\",\"potentialAction\":[{\"@type\":\"ReadAction\",\"target\":[\"https:\/\/www.circuitsderando.com\/pyrenees\/gr10-hautes-pyrenees\/gavarnie-luz-st-sauveur\/\"]}]},{\"@type\":\"ImageObject\",\"inLanguage\":\"fr-FR\",\"@id\":\"https:\/\/www.circuitsderando.com\/pyrenees\/gr10-hautes-pyrenees\/gavarnie-luz-st-sauveur\/#primaryimage\",\"url\":\"https:\/\/www.circuitsderando.com\/pyrenees\/gr10-hautes-pyrenees\/wp-content\/uploads\/2020\/11\/hotel-du-cirque.jpg\",\"contentUrl\":\"https:\/\/www.circuitsderando.com\/pyrenees\/gr10-hautes-pyrenees\/wp-content\/uploads\/2020\/11\/hotel-du-cirque.jpg\",\"width\":960,\"height\":720},{\"@type\":\"BreadcrumbList\",\"@id\":\"https:\/\/www.circuitsderando.com\/pyrenees\/gr10-hautes-pyrenees\/gavarnie-luz-st-sauveur\/#breadcrumb\",\"itemListElement\":[{\"@type\":\"ListItem\",\"position\":1,\"name\":\"GR10 Hautes Pyr\u00e9n\u00e9es\",\"item\":\"https:\/\/www.circuitsderando.com\/pyrenees\/gr10-hautes-pyrenees\/\"},{\"@type\":\"ListItem\",\"position\":2,\"name\":\"Gavarnie &#8211; Luz St Sauveur\"}]},{\"@type\":\"WebSite\",\"@id\":\"https:\/\/www.circuitsderando.com\/pyrenees\/gr10-hautes-pyrenees\/#website\",\"url\":\"https:\/\/www.circuitsderando.com\/pyrenees\/gr10-hautes-pyrenees\/\",\"name\":\"GR10 - Hautes Pyr\u00e9n\u00e9es\",\"description\":\"Arrens - Cauterets - Gavarnie - Luz - Bar\u00e8ges - Artigues\",\"potentialAction\":[{\"@type\":\"SearchAction\",\"target\":{\"@type\":\"EntryPoint\",\"urlTemplate\":\"https:\/\/www.circuitsderando.com\/pyrenees\/gr10-hautes-pyrenees\/?s={search_term_string}\"},\"query-input\":{\"@type\":\"PropertyValueSpecification\",\"valueRequired\":true,\"valueName\":\"search_term_string\"}}],\"inLanguage\":\"fr-FR\"}]}<\/script>\n<!-- \/ Yoast SEO plugin. -->","yoast_head_json":{"title":"Gavarnie - Luz St Sauveur - GR10 - Hautes Pyr\u00e9n\u00e9es","robots":{"index":"index","follow":"follow","max-snippet":"max-snippet:-1","max-image-preview":"max-image-preview:large","max-video-preview":"max-video-preview:-1"},"canonical":"https:\/\/www.circuitsderando.com\/pyrenees\/gr10-hautes-pyrenees\/gavarnie-luz-st-sauveur\/","og_locale":"fr_FR","og_type":"article","og_title":"Gavarnie - Luz St Sauveur - GR10 - Hautes Pyr\u00e9n\u00e9es","og_description":"Etape 5 : Luz St Sauveur &#8211; Bar\u00e8ges >>>","og_url":"https:\/\/www.circuitsderando.com\/pyrenees\/gr10-hautes-pyrenees\/gavarnie-luz-st-sauveur\/","og_site_name":"GR10 - Hautes Pyr\u00e9n\u00e9es","article_modified_time":"2020-11-03T16:30:00+00:00","og_image":[{"url":"https:\/\/www.circuitsderando.com\/pyrenees\/gr10-hautes-pyrenees\/wp-content\/uploads\/2020\/11\/hotel-du-cirque.jpg"}],"twitter_card":"summary_large_image","twitter_misc":{"Dur\u00e9e de lecture estim\u00e9e":"1 minute"},"schema":{"@context":"https:\/\/schema.org","@graph":[{"@type":"WebPage","@id":"https:\/\/www.circuitsderando.com\/pyrenees\/gr10-hautes-pyrenees\/gavarnie-luz-st-sauveur\/","url":"https:\/\/www.circuitsderando.com\/pyrenees\/gr10-hautes-pyrenees\/gavarnie-luz-st-sauveur\/","name":"Gavarnie - Luz St Sauveur - GR10 - Hautes Pyr\u00e9n\u00e9es","isPartOf":{"@id":"https:\/\/www.circuitsderando.com\/pyrenees\/gr10-hautes-pyrenees\/#website"},"primaryImageOfPage":{"@id":"https:\/\/www.circuitsderando.com\/pyrenees\/gr10-hautes-pyrenees\/gavarnie-luz-st-sauveur\/#primaryimage"},"image":{"@id":"https:\/\/www.circuitsderando.com\/pyrenees\/gr10-hautes-pyrenees\/gavarnie-luz-st-sauveur\/#primaryimage"},"thumbnailUrl":"https:\/\/www.circuitsderando.com\/pyrenees\/gr10-hautes-pyrenees\/wp-content\/uploads\/2020\/11\/hotel-du-cirque.jpg","datePublished":"2020-11-03T07:51:28+00:00","dateModified":"2020-11-03T16:30:00+00:00","breadcrumb":{"@id":"https:\/\/www.circuitsderando.com\/pyrenees\/gr10-hautes-pyrenees\/gavarnie-luz-st-sauveur\/#breadcrumb"},"inLanguage":"fr-FR","potentialAction":[{"@type":"ReadAction","target":["https:\/\/www.circuitsderando.com\/pyrenees\/gr10-hautes-pyrenees\/gavarnie-luz-st-sauveur\/"]}]},{"@type":"ImageObject","inLanguage":"fr-FR","@id":"https:\/\/www.circuitsderando.com\/pyrenees\/gr10-hautes-pyrenees\/gavarnie-luz-st-sauveur\/#primaryimage","url":"https:\/\/www.circuitsderando.com\/pyrenees\/gr10-hautes-pyrenees\/wp-content\/uploads\/2020\/11\/hotel-du-cirque.jpg","contentUrl":"https:\/\/www.circuitsderando.com\/pyrenees\/gr10-hautes-pyrenees\/wp-content\/uploads\/2020\/11\/hotel-du-cirque.jpg","width":960,"height":720},{"@type":"BreadcrumbList","@id":"https:\/\/www.circuitsderando.com\/pyrenees\/gr10-hautes-pyrenees\/gavarnie-luz-st-sauveur\/#breadcrumb","itemListElement":[{"@type":"ListItem","position":1,"name":"GR10 Hautes Pyr\u00e9n\u00e9es","item":"https:\/\/www.circuitsderando.com\/pyrenees\/gr10-hautes-pyrenees\/"},{"@type":"ListItem","position":2,"name":"Gavarnie &#8211; Luz St Sauveur"}]},{"@type":"WebSite","@id":"https:\/\/www.circuitsderando.com\/pyrenees\/gr10-hautes-pyrenees\/#website","url":"https:\/\/www.circuitsderando.com\/pyrenees\/gr10-hautes-pyrenees\/","name":"GR10 - Hautes Pyr\u00e9n\u00e9es","description":"Arrens - Cauterets - Gavarnie - Luz - Bar\u00e8ges - Artigues","potentialAction":[{"@type":"SearchAction","target":{"@type":"EntryPoint","urlTemplate":"https:\/\/www.circuitsderando.com\/pyrenees\/gr10-hautes-pyrenees\/?s={search_term_string}"},"query-input":{"@type":"PropertyValueSpecification","valueRequired":true,"valueName":"search_term_string"}}],"inLanguage":"fr-FR"}]}},"_links":{"self":[{"href":"https:\/\/www.circuitsderando.com\/pyrenees\/gr10-hautes-pyrenees\/wp-json\/wp\/v2\/pages\/12"}],"collection":[{"href":"https:\/\/www.circuitsderando.com\/pyrenees\/gr10-hautes-pyrenees\/wp-json\/wp\/v2\/pages"}],"about":[{"href":"https:\/\/www.circuitsderando.com\/pyrenees\/gr10-hautes-pyrenees\/wp-json\/wp\/v2\/types\/page"}],"author":[{"embeddable":true,"href":"https:\/\/www.circuitsderando.com\/pyrenees\/gr10-hautes-pyrenees\/wp-json\/wp\/v2\/users\/1"}],"replies":[{"embeddable":true,"href":"https:\/\/www.circuitsderando.com\/pyrenees\/gr10-hautes-pyrenees\/wp-json\/wp\/v2\/comments?post=12"}],"version-history":[{"count":7,"href":"https:\/\/www.circuitsderando.com\/pyrenees\/gr10-hautes-pyrenees\/wp-json\/wp\/v2\/pages\/12\/revisions"}],"predecessor-version":[{"id":141,"href":"https:\/\/www.circuitsderando.com\/pyrenees\/gr10-hautes-pyrenees\/wp-json\/wp\/v2\/pages\/12\/revisions\/141"}],"wp:attachment":[{"href":"https:\/\/www.circuitsderando.com\/pyrenees\/gr10-hautes-pyrenees\/wp-json\/wp\/v2\/media?parent=12"}],"curies":[{"name":"wp","href":"https:\/\/api.w.org\/{rel}","templated":true}]}}