{"id":10,"date":"2020-11-03T08:50:49","date_gmt":"2020-11-03T07:50:49","guid":{"rendered":"https:\/\/www.circuitsderando.com\/pyrenees\/gr10-hautes-pyrenees\/?page_id=10"},"modified":"2020-11-03T15:05:59","modified_gmt":"2020-11-03T14:05:59","slug":"oulettes-de-gaube-gavarnie","status":"publish","type":"page","link":"https:\/\/www.circuitsderando.com\/pyrenees\/gr10-hautes-pyrenees\/oulettes-de-gaube-gavarnie\/","title":{"rendered":"Oulettes de Gaube &#8211; Gavarnie"},"content":{"rendered":"\n<div class=\"wp-block-columns is-layout-flex wp-container-core-columns-is-layout-1 wp-block-columns-is-layout-flex\">\n<div class=\"wp-block-column is-layout-flow wp-block-column-is-layout-flow\">\n<figure class=\"wp-block-image size-large\"><img loading=\"lazy\" decoding=\"async\" width=\"960\" height=\"720\" src=\"https:\/\/www.circuitsderando.com\/pyrenees\/gr10-hautes-pyrenees\/wp-content\/uploads\/2020\/11\/refuge-des-oulettes-de-gaube.jpg\" alt=\"\" class=\"wp-image-112\" srcset=\"https:\/\/www.circuitsderando.com\/pyrenees\/gr10-hautes-pyrenees\/wp-content\/uploads\/2020\/11\/refuge-des-oulettes-de-gaube.jpg 960w, https:\/\/www.circuitsderando.com\/pyrenees\/gr10-hautes-pyrenees\/wp-content\/uploads\/2020\/11\/refuge-des-oulettes-de-gaube-300x225.jpg 300w, https:\/\/www.circuitsderando.com\/pyrenees\/gr10-hautes-pyrenees\/wp-content\/uploads\/2020\/11\/refuge-des-oulettes-de-gaube-768x576.jpg 768w, https:\/\/www.circuitsderando.com\/pyrenees\/gr10-hautes-pyrenees\/wp-content\/uploads\/2020\/11\/refuge-des-oulettes-de-gaube-690x518.jpg 690w\" sizes=\"(max-width: 960px) 100vw, 960px\" \/><figcaption><strong>REFUGE DES OULETTES DE GAUBE (2151 M)<\/strong><br><br>Refuge plac\u00e9 au pied du Vignemale au fond de la vall\u00e9e. Ce refuge est au croisement de la HRP et du GR10 qui relient Arratille, le lac de Gaube et Baysselance.<\/figcaption><\/figure>\n<\/div>\n\n\n\n<div class=\"wp-block-column is-layout-flow wp-block-column-is-layout-flow\">\n<figure class=\"wp-block-image size-large\"><img loading=\"lazy\" decoding=\"async\" width=\"960\" height=\"720\" src=\"https:\/\/www.circuitsderando.com\/pyrenees\/gr10-hautes-pyrenees\/wp-content\/uploads\/2020\/11\/pics-pimene.jpg\" alt=\"\" class=\"wp-image-114\" srcset=\"https:\/\/www.circuitsderando.com\/pyrenees\/gr10-hautes-pyrenees\/wp-content\/uploads\/2020\/11\/pics-pimene.jpg 960w, https:\/\/www.circuitsderando.com\/pyrenees\/gr10-hautes-pyrenees\/wp-content\/uploads\/2020\/11\/pics-pimene-300x225.jpg 300w, https:\/\/www.circuitsderando.com\/pyrenees\/gr10-hautes-pyrenees\/wp-content\/uploads\/2020\/11\/pics-pimene-768x576.jpg 768w, https:\/\/www.circuitsderando.com\/pyrenees\/gr10-hautes-pyrenees\/wp-content\/uploads\/2020\/11\/pics-pimene-690x518.jpg 690w\" sizes=\"(max-width: 960px) 100vw, 960px\" \/><figcaption><strong>PIMENE (2801 M)<\/strong><br><br>Petit pic surplombant la vall\u00e9e de Gavarnie et le cirque. Ce pic est assez facilement accessible pour des randonneurs avertis.<\/figcaption><\/figure>\n<\/div>\n\n\n\n<div class=\"wp-block-column is-layout-flow wp-block-column-is-layout-flow\">\n<figure class=\"wp-block-image size-large\"><img loading=\"lazy\" decoding=\"async\" width=\"960\" height=\"720\" src=\"https:\/\/www.circuitsderando.com\/pyrenees\/gr10-hautes-pyrenees\/wp-content\/uploads\/2020\/11\/pics-cascade.jpg\" alt=\"\" class=\"wp-image-115\" srcset=\"https:\/\/www.circuitsderando.com\/pyrenees\/gr10-hautes-pyrenees\/wp-content\/uploads\/2020\/11\/pics-cascade.jpg 960w, https:\/\/www.circuitsderando.com\/pyrenees\/gr10-hautes-pyrenees\/wp-content\/uploads\/2020\/11\/pics-cascade-300x225.jpg 300w, https:\/\/www.circuitsderando.com\/pyrenees\/gr10-hautes-pyrenees\/wp-content\/uploads\/2020\/11\/pics-cascade-768x576.jpg 768w, https:\/\/www.circuitsderando.com\/pyrenees\/gr10-hautes-pyrenees\/wp-content\/uploads\/2020\/11\/pics-cascade-690x518.jpg 690w\" sizes=\"(max-width: 960px) 100vw, 960px\" \/><figcaption><strong>NOTRE DAME DES NEIGES (1519 M)<\/strong><br><br>Petit monticule dans les hauteurs de Gavarnie pr\u00e8s du Refuge des Granges de Holle. Cette statue, de Firmin Michelet, date de 1927.<\/figcaption><\/figure>\n<\/div>\n<\/div>\n\n\n\n<div class=\"wp-block-columns is-layout-flex wp-container-core-columns-is-layout-2 wp-block-columns-is-layout-flex\">\n<div class=\"wp-block-column is-layout-flow wp-block-column-is-layout-flow\">\n<figure class=\"wp-block-image size-large\"><img loading=\"lazy\" decoding=\"async\" width=\"960\" height=\"720\" src=\"https:\/\/www.circuitsderando.com\/pyrenees\/gr10-hautes-pyrenees\/wp-content\/uploads\/2020\/11\/cascade-dans-montee-grange-de-holle.jpg\" alt=\"\" class=\"wp-image-117\" srcset=\"https:\/\/www.circuitsderando.com\/pyrenees\/gr10-hautes-pyrenees\/wp-content\/uploads\/2020\/11\/cascade-dans-montee-grange-de-holle.jpg 960w, https:\/\/www.circuitsderando.com\/pyrenees\/gr10-hautes-pyrenees\/wp-content\/uploads\/2020\/11\/cascade-dans-montee-grange-de-holle-300x225.jpg 300w, https:\/\/www.circuitsderando.com\/pyrenees\/gr10-hautes-pyrenees\/wp-content\/uploads\/2020\/11\/cascade-dans-montee-grange-de-holle-768x576.jpg 768w, https:\/\/www.circuitsderando.com\/pyrenees\/gr10-hautes-pyrenees\/wp-content\/uploads\/2020\/11\/cascade-dans-montee-grange-de-holle-690x518.jpg 690w\" sizes=\"(max-width: 960px) 100vw, 960px\" \/><figcaption><strong>CASCADE PRES DES GRANGES DE HOLLE (1390 M)<\/strong><br><br>Cascade sur le bord de la route allant vers Gavarnie. L&rsquo;eau s&rsquo;en \u00e9coulant provient de la Hourquette d&rsquo;Ossoue. Un barrage se situe pr\u00e8s de la Hourquette d&rsquo;Ossoue.<\/figcaption><\/figure>\n<\/div>\n\n\n\n<div class=\"wp-block-column is-layout-flow wp-block-column-is-layout-flow\">\n<figure class=\"wp-block-image size-large\"><img loading=\"lazy\" decoding=\"async\" width=\"960\" height=\"720\" src=\"https:\/\/www.circuitsderando.com\/pyrenees\/gr10-hautes-pyrenees\/wp-content\/uploads\/2020\/11\/cascade-du-cirque.jpg\" alt=\"\" class=\"wp-image-119\" srcset=\"https:\/\/www.circuitsderando.com\/pyrenees\/gr10-hautes-pyrenees\/wp-content\/uploads\/2020\/11\/cascade-du-cirque.jpg 960w, https:\/\/www.circuitsderando.com\/pyrenees\/gr10-hautes-pyrenees\/wp-content\/uploads\/2020\/11\/cascade-du-cirque-300x225.jpg 300w, https:\/\/www.circuitsderando.com\/pyrenees\/gr10-hautes-pyrenees\/wp-content\/uploads\/2020\/11\/cascade-du-cirque-768x576.jpg 768w, https:\/\/www.circuitsderando.com\/pyrenees\/gr10-hautes-pyrenees\/wp-content\/uploads\/2020\/11\/cascade-du-cirque-690x518.jpg 690w\" sizes=\"(max-width: 960px) 100vw, 960px\" \/><figcaption><strong>CASCADE DANS LE CIRQUE DE GAVARNIE (1640 M)<\/strong><br><br>Cascade au fond du cirque de Gavarnie sur sa partie Sud. Ces nombreuses cascades sont aliment\u00e9es par la fonte des neiges venant des pics au dessus du cirque.<\/figcaption><\/figure>\n<\/div>\n\n\n\n<div class=\"wp-block-column is-layout-flow wp-block-column-is-layout-flow\">\n<figure class=\"wp-block-image size-large\"><img loading=\"lazy\" decoding=\"async\" width=\"960\" height=\"720\" src=\"https:\/\/www.circuitsderando.com\/pyrenees\/gr10-hautes-pyrenees\/wp-content\/uploads\/2020\/11\/cirque-de-gavarnie.jpg\" alt=\"\" class=\"wp-image-120\" srcset=\"https:\/\/www.circuitsderando.com\/pyrenees\/gr10-hautes-pyrenees\/wp-content\/uploads\/2020\/11\/cirque-de-gavarnie.jpg 960w, https:\/\/www.circuitsderando.com\/pyrenees\/gr10-hautes-pyrenees\/wp-content\/uploads\/2020\/11\/cirque-de-gavarnie-300x225.jpg 300w, https:\/\/www.circuitsderando.com\/pyrenees\/gr10-hautes-pyrenees\/wp-content\/uploads\/2020\/11\/cirque-de-gavarnie-768x576.jpg 768w, https:\/\/www.circuitsderando.com\/pyrenees\/gr10-hautes-pyrenees\/wp-content\/uploads\/2020\/11\/cirque-de-gavarnie-690x518.jpg 690w\" sizes=\"(max-width: 960px) 100vw, 960px\" \/><figcaption>C<strong>IRQUE DE GAVARNIE (1630 M)<\/strong><br><br>Cirque mondialement c\u00e9l\u00e8bre par sa grandeur et sa beaut\u00e9. Ce cirque alimente le gave de Gavarnie. Sur sa droite se trouve la fameuse br\u00e8che de Roland.<\/figcaption><\/figure>\n<\/div>\n<\/div>\n\n\n\n<p class=\"has-text-align-right\"><a href=\"https:\/\/www.circuitsderando.com\/pyrenees\/gr10-hautes-pyrenees\/gavarnie-luz-st-sauveur\/\">Etape 4 : Gavarnie &#8211; Luz St Sauveur >>><\/a><\/p>\n","protected":false},"excerpt":{"rendered":"<p>Etape 4 : Gavarnie &#8211; Luz St Sauveur >>><\/p>\n","protected":false},"author":1,"featured_media":0,"parent":0,"menu_order":0,"comment_status":"closed","ping_status":"closed","template":"templates\/full-width-page.php","meta":{"_monsterinsights_skip_tracking":false,"_monsterinsights_sitenote_active":false,"_monsterinsights_sitenote_note":"","_monsterinsights_sitenote_category":0,"footnotes":""},"class_list":["post-10","page","type-page","status-publish","hentry"],"yoast_head":"<!-- This site is optimized with the Yoast SEO plugin v23.5 - https:\/\/yoast.com\/wordpress\/plugins\/seo\/ -->\n<title>Oulettes de Gaube - Gavarnie - GR10 - Hautes Pyr\u00e9n\u00e9es<\/title>\n<meta name=\"robots\" content=\"index, follow, max-snippet:-1, max-image-preview:large, max-video-preview:-1\" \/>\n<link rel=\"canonical\" href=\"https:\/\/www.circuitsderando.com\/pyrenees\/gr10-hautes-pyrenees\/oulettes-de-gaube-gavarnie\/\" \/>\n<meta property=\"og:locale\" content=\"fr_FR\" \/>\n<meta property=\"og:type\" content=\"article\" \/>\n<meta property=\"og:title\" content=\"Oulettes de Gaube - Gavarnie - GR10 - Hautes Pyr\u00e9n\u00e9es\" \/>\n<meta property=\"og:description\" content=\"Etape 4 : Gavarnie &#8211; Luz St Sauveur &gt;&gt;&gt;\" \/>\n<meta property=\"og:url\" content=\"https:\/\/www.circuitsderando.com\/pyrenees\/gr10-hautes-pyrenees\/oulettes-de-gaube-gavarnie\/\" \/>\n<meta property=\"og:site_name\" content=\"GR10 - Hautes Pyr\u00e9n\u00e9es\" \/>\n<meta property=\"article:modified_time\" content=\"2020-11-03T14:05:59+00:00\" \/>\n<meta property=\"og:image\" content=\"https:\/\/www.circuitsderando.com\/pyrenees\/gr10-hautes-pyrenees\/wp-content\/uploads\/2020\/11\/refuge-des-oulettes-de-gaube.jpg\" \/>\n<meta name=\"twitter:card\" content=\"summary_large_image\" \/>\n<meta name=\"twitter:label1\" content=\"Dur\u00e9e de lecture estim\u00e9e\" \/>\n\t<meta name=\"twitter:data1\" content=\"1 minute\" \/>\n<script type=\"application\/ld+json\" class=\"yoast-schema-graph\">{\"@context\":\"https:\/\/schema.org\",\"@graph\":[{\"@type\":\"WebPage\",\"@id\":\"https:\/\/www.circuitsderando.com\/pyrenees\/gr10-hautes-pyrenees\/oulettes-de-gaube-gavarnie\/\",\"url\":\"https:\/\/www.circuitsderando.com\/pyrenees\/gr10-hautes-pyrenees\/oulettes-de-gaube-gavarnie\/\",\"name\":\"Oulettes de Gaube - Gavarnie - GR10 - Hautes Pyr\u00e9n\u00e9es\",\"isPartOf\":{\"@id\":\"https:\/\/www.circuitsderando.com\/pyrenees\/gr10-hautes-pyrenees\/#website\"},\"primaryImageOfPage\":{\"@id\":\"https:\/\/www.circuitsderando.com\/pyrenees\/gr10-hautes-pyrenees\/oulettes-de-gaube-gavarnie\/#primaryimage\"},\"image\":{\"@id\":\"https:\/\/www.circuitsderando.com\/pyrenees\/gr10-hautes-pyrenees\/oulettes-de-gaube-gavarnie\/#primaryimage\"},\"thumbnailUrl\":\"https:\/\/www.circuitsderando.com\/pyrenees\/gr10-hautes-pyrenees\/wp-content\/uploads\/2020\/11\/refuge-des-oulettes-de-gaube.jpg\",\"datePublished\":\"2020-11-03T07:50:49+00:00\",\"dateModified\":\"2020-11-03T14:05:59+00:00\",\"breadcrumb\":{\"@id\":\"https:\/\/www.circuitsderando.com\/pyrenees\/gr10-hautes-pyrenees\/oulettes-de-gaube-gavarnie\/#breadcrumb\"},\"inLanguage\":\"fr-FR\",\"potentialAction\":[{\"@type\":\"ReadAction\",\"target\":[\"https:\/\/www.circuitsderando.com\/pyrenees\/gr10-hautes-pyrenees\/oulettes-de-gaube-gavarnie\/\"]}]},{\"@type\":\"ImageObject\",\"inLanguage\":\"fr-FR\",\"@id\":\"https:\/\/www.circuitsderando.com\/pyrenees\/gr10-hautes-pyrenees\/oulettes-de-gaube-gavarnie\/#primaryimage\",\"url\":\"https:\/\/www.circuitsderando.com\/pyrenees\/gr10-hautes-pyrenees\/wp-content\/uploads\/2020\/11\/refuge-des-oulettes-de-gaube.jpg\",\"contentUrl\":\"https:\/\/www.circuitsderando.com\/pyrenees\/gr10-hautes-pyrenees\/wp-content\/uploads\/2020\/11\/refuge-des-oulettes-de-gaube.jpg\",\"width\":960,\"height\":720},{\"@type\":\"BreadcrumbList\",\"@id\":\"https:\/\/www.circuitsderando.com\/pyrenees\/gr10-hautes-pyrenees\/oulettes-de-gaube-gavarnie\/#breadcrumb\",\"itemListElement\":[{\"@type\":\"ListItem\",\"position\":1,\"name\":\"GR10 Hautes Pyr\u00e9n\u00e9es\",\"item\":\"https:\/\/www.circuitsderando.com\/pyrenees\/gr10-hautes-pyrenees\/\"},{\"@type\":\"ListItem\",\"position\":2,\"name\":\"Oulettes de Gaube &#8211; Gavarnie\"}]},{\"@type\":\"WebSite\",\"@id\":\"https:\/\/www.circuitsderando.com\/pyrenees\/gr10-hautes-pyrenees\/#website\",\"url\":\"https:\/\/www.circuitsderando.com\/pyrenees\/gr10-hautes-pyrenees\/\",\"name\":\"GR10 - Hautes Pyr\u00e9n\u00e9es\",\"description\":\"Arrens - Cauterets - Gavarnie - Luz - Bar\u00e8ges - Artigues\",\"potentialAction\":[{\"@type\":\"SearchAction\",\"target\":{\"@type\":\"EntryPoint\",\"urlTemplate\":\"https:\/\/www.circuitsderando.com\/pyrenees\/gr10-hautes-pyrenees\/?s={search_term_string}\"},\"query-input\":{\"@type\":\"PropertyValueSpecification\",\"valueRequired\":true,\"valueName\":\"search_term_string\"}}],\"inLanguage\":\"fr-FR\"}]}<\/script>\n<!-- \/ Yoast SEO plugin. -->","yoast_head_json":{"title":"Oulettes de Gaube - Gavarnie - GR10 - Hautes Pyr\u00e9n\u00e9es","robots":{"index":"index","follow":"follow","max-snippet":"max-snippet:-1","max-image-preview":"max-image-preview:large","max-video-preview":"max-video-preview:-1"},"canonical":"https:\/\/www.circuitsderando.com\/pyrenees\/gr10-hautes-pyrenees\/oulettes-de-gaube-gavarnie\/","og_locale":"fr_FR","og_type":"article","og_title":"Oulettes de Gaube - Gavarnie - GR10 - Hautes Pyr\u00e9n\u00e9es","og_description":"Etape 4 : Gavarnie &#8211; Luz St Sauveur >>>","og_url":"https:\/\/www.circuitsderando.com\/pyrenees\/gr10-hautes-pyrenees\/oulettes-de-gaube-gavarnie\/","og_site_name":"GR10 - Hautes Pyr\u00e9n\u00e9es","article_modified_time":"2020-11-03T14:05:59+00:00","og_image":[{"url":"https:\/\/www.circuitsderando.com\/pyrenees\/gr10-hautes-pyrenees\/wp-content\/uploads\/2020\/11\/refuge-des-oulettes-de-gaube.jpg"}],"twitter_card":"summary_large_image","twitter_misc":{"Dur\u00e9e de lecture estim\u00e9e":"1 minute"},"schema":{"@context":"https:\/\/schema.org","@graph":[{"@type":"WebPage","@id":"https:\/\/www.circuitsderando.com\/pyrenees\/gr10-hautes-pyrenees\/oulettes-de-gaube-gavarnie\/","url":"https:\/\/www.circuitsderando.com\/pyrenees\/gr10-hautes-pyrenees\/oulettes-de-gaube-gavarnie\/","name":"Oulettes de Gaube - Gavarnie - GR10 - Hautes Pyr\u00e9n\u00e9es","isPartOf":{"@id":"https:\/\/www.circuitsderando.com\/pyrenees\/gr10-hautes-pyrenees\/#website"},"primaryImageOfPage":{"@id":"https:\/\/www.circuitsderando.com\/pyrenees\/gr10-hautes-pyrenees\/oulettes-de-gaube-gavarnie\/#primaryimage"},"image":{"@id":"https:\/\/www.circuitsderando.com\/pyrenees\/gr10-hautes-pyrenees\/oulettes-de-gaube-gavarnie\/#primaryimage"},"thumbnailUrl":"https:\/\/www.circuitsderando.com\/pyrenees\/gr10-hautes-pyrenees\/wp-content\/uploads\/2020\/11\/refuge-des-oulettes-de-gaube.jpg","datePublished":"2020-11-03T07:50:49+00:00","dateModified":"2020-11-03T14:05:59+00:00","breadcrumb":{"@id":"https:\/\/www.circuitsderando.com\/pyrenees\/gr10-hautes-pyrenees\/oulettes-de-gaube-gavarnie\/#breadcrumb"},"inLanguage":"fr-FR","potentialAction":[{"@type":"ReadAction","target":["https:\/\/www.circuitsderando.com\/pyrenees\/gr10-hautes-pyrenees\/oulettes-de-gaube-gavarnie\/"]}]},{"@type":"ImageObject","inLanguage":"fr-FR","@id":"https:\/\/www.circuitsderando.com\/pyrenees\/gr10-hautes-pyrenees\/oulettes-de-gaube-gavarnie\/#primaryimage","url":"https:\/\/www.circuitsderando.com\/pyrenees\/gr10-hautes-pyrenees\/wp-content\/uploads\/2020\/11\/refuge-des-oulettes-de-gaube.jpg","contentUrl":"https:\/\/www.circuitsderando.com\/pyrenees\/gr10-hautes-pyrenees\/wp-content\/uploads\/2020\/11\/refuge-des-oulettes-de-gaube.jpg","width":960,"height":720},{"@type":"BreadcrumbList","@id":"https:\/\/www.circuitsderando.com\/pyrenees\/gr10-hautes-pyrenees\/oulettes-de-gaube-gavarnie\/#breadcrumb","itemListElement":[{"@type":"ListItem","position":1,"name":"GR10 Hautes Pyr\u00e9n\u00e9es","item":"https:\/\/www.circuitsderando.com\/pyrenees\/gr10-hautes-pyrenees\/"},{"@type":"ListItem","position":2,"name":"Oulettes de Gaube &#8211; Gavarnie"}]},{"@type":"WebSite","@id":"https:\/\/www.circuitsderando.com\/pyrenees\/gr10-hautes-pyrenees\/#website","url":"https:\/\/www.circuitsderando.com\/pyrenees\/gr10-hautes-pyrenees\/","name":"GR10 - Hautes Pyr\u00e9n\u00e9es","description":"Arrens - Cauterets - Gavarnie - Luz - Bar\u00e8ges - Artigues","potentialAction":[{"@type":"SearchAction","target":{"@type":"EntryPoint","urlTemplate":"https:\/\/www.circuitsderando.com\/pyrenees\/gr10-hautes-pyrenees\/?s={search_term_string}"},"query-input":{"@type":"PropertyValueSpecification","valueRequired":true,"valueName":"search_term_string"}}],"inLanguage":"fr-FR"}]}},"_links":{"self":[{"href":"https:\/\/www.circuitsderando.com\/pyrenees\/gr10-hautes-pyrenees\/wp-json\/wp\/v2\/pages\/10"}],"collection":[{"href":"https:\/\/www.circuitsderando.com\/pyrenees\/gr10-hautes-pyrenees\/wp-json\/wp\/v2\/pages"}],"about":[{"href":"https:\/\/www.circuitsderando.com\/pyrenees\/gr10-hautes-pyrenees\/wp-json\/wp\/v2\/types\/page"}],"author":[{"embeddable":true,"href":"https:\/\/www.circuitsderando.com\/pyrenees\/gr10-hautes-pyrenees\/wp-json\/wp\/v2\/users\/1"}],"replies":[{"embeddable":true,"href":"https:\/\/www.circuitsderando.com\/pyrenees\/gr10-hautes-pyrenees\/wp-json\/wp\/v2\/comments?post=10"}],"version-history":[{"count":10,"href":"https:\/\/www.circuitsderando.com\/pyrenees\/gr10-hautes-pyrenees\/wp-json\/wp\/v2\/pages\/10\/revisions"}],"predecessor-version":[{"id":126,"href":"https:\/\/www.circuitsderando.com\/pyrenees\/gr10-hautes-pyrenees\/wp-json\/wp\/v2\/pages\/10\/revisions\/126"}],"wp:attachment":[{"href":"https:\/\/www.circuitsderando.com\/pyrenees\/gr10-hautes-pyrenees\/wp-json\/wp\/v2\/media?parent=10"}],"curies":[{"name":"wp","href":"https:\/\/api.w.org\/{rel}","templated":true}]}}