{"id":61,"date":"2020-11-02T08:07:05","date_gmt":"2020-11-02T07:07:05","guid":{"rendered":"http:\/\/www.circuitsderando.com\/pyrenees\/gr10-bearn\/?page_id=61"},"modified":"2020-11-02T16:31:00","modified_gmt":"2020-11-02T15:31:00","slug":"hebergements","status":"publish","type":"page","link":"https:\/\/www.circuitsderando.com\/pyrenees\/gr10-bearn\/hebergements\/","title":{"rendered":"H\u00e9bergements"},"content":{"rendered":"\n<table id=\"tablepress-hebergements\" class=\"tablepress tablepress-id-hebergements\">\n<tbody class=\"row-hover\">\n<tr class=\"row-1 odd\">\n\t<td class=\"column-1\">Bagargiak - Logibar<\/td><td class=\"column-2\">Gite d'Etape Logibar<br \/>\nRandonn\u00e9es Pyr\u00e9n\u00e9ennes<br \/>\n35 Places<br \/>\nT\u00e9l. : 05.59.28.61.14<br \/>\nSite Web : http:\/\/www.aubergelogibar.fr.st\/<br \/>\nOuvert toute l'ann\u00e9e<br \/>\n<br \/>\n<\/td>\n<\/tr>\n<tr class=\"row-2 even\">\n\t<td class=\"column-1\">Logibar - Ste Engr\u00e2ce<\/td><td class=\"column-2\">Gite d'Etape Ste Engrace<br \/>\nRandonn\u00e9es Pyr\u00e9n\u00e9ennes<br \/>\n30 Places<br \/>\nT\u00e9l. : 05.59.28.61.63<br \/>\nOuvert toute l'ann\u00e9e<\/td>\n<\/tr>\n<tr class=\"row-3 odd\">\n\t<td class=\"column-1\">Ste Engr\u00e2ce - Lescun<\/td><td class=\"column-2\">Refuge Jeandel - Arette<br \/>\n19 Places<br \/>\nT\u00e9l. : 05.59.66.14.46<br \/>\nOuvert toute l'ann\u00e9e<br \/>\nSite web : http:\/\/www.refuge-jeandel.com\/<br \/>\nMail : refugejeandel@tiscali.fr<br \/>\n<br \/>\nLa Maison de la Montagne \u00e0 Lescun<br \/>\ntel: 05 59 34 79 14 ou 06 87 19 81 94<br \/>\nmail: t.croquefer@aliceadsl.fr<br \/>\nSite Web : http:\/\/montagne.randonnee.chez-alice.fr<br \/>\n<br \/>\nRefuge de Laberouat<br \/>\nLigue de l'Enseignement des Pyr\u00e9n\u00e9es-Atlantiques<br \/>\nT\u00e9l.05.59.34.71.67 - 05.59.32.00.66<br \/>\nMail : aberouat.ligue64@orange.fr<br \/>\nhttp:\/\/www.refugeaberouat.blogspot.com\/<br \/>\n<br \/>\nGite Rando'Plume - Lescun<br \/>\nHotel du Pic d'Anie<br \/>\nT\u00e9l. : 05.59.34.52.00<br \/>\nOuvert toute l'ann\u00e9e<\/td>\n<\/tr>\n<tr class=\"row-4 even\">\n\t<td class=\"column-1\">Lescun - Etsaut\t<\/td><td class=\"column-2\">Gite d'Etape - Lhers<br \/>\n20 Places<br \/>\nT\u00e9l. : 05.59.34.77.27<br \/>\nOuvert toute l'ann\u00e9e<br \/>\n<br \/>\nGite d'Etape - Borce<br \/>\n18 Places<br \/>\nT\u00e9l. : 05.59.34.86.40<br \/>\nOuvert toute l'ann\u00e9e<br \/>\n<br \/>\nGite d'Etape MJC - Etsaut<br \/>\n70 Places<br \/>\nT\u00e9l. : 05.59.34.88.98<br \/>\nOuvert toute l'ann\u00e9e<br \/>\n<br \/>\nGite d'Etape Maison de L'ours - Etsaut<br \/>\n20 Places<br \/>\nT\u00e9l. : 05.59.34.86.38<br \/>\nOuvert toute l'ann\u00e9e<br \/>\nSite Web : http:\/\/giteours.club.fr\/html\/village.phpl<\/td>\n<\/tr>\n<tr class=\"row-5 odd\">\n\t<td class=\"column-1\">Etsaut - Gabas\t<\/td><td class=\"column-2\"><br \/>\nRefuge Gentau - Lacs d'Ayous<br \/>\n30 Places<br \/>\nT\u00e9l. : 05.59.05.37.00<br \/>\nOuvert du 15 Juin au 15 Septembre<br \/>\n<br \/>\nRefuge Lac de Bious Artigues<br \/>\n50 Places<br \/>\n05.59.05.32.12<br \/>\nOuvert du 15 Juin au 30 Septembre<br \/>\n<br \/>\nRefuge CAF de Gabas<br \/>\n50 Places<br \/>\nT\u00e9l. : 05.59.05.33.14<br \/>\nOuvert toute l'ann\u00e9e<\/td>\n<\/tr>\n<tr class=\"row-6 even\">\n\t<td class=\"column-1\">Gabas - Gourette\t<\/td><td class=\"column-2\">Chalet Pyr\u00e9n\u00e9a - Gourette<br \/>\n60 Places<br \/>\nT\u00e9l. : 05.59. 05.12.42<br \/>\nOuvert toute l'ann\u00e9e<br \/>\n<br \/>\nChalet CAF<br \/>\n40 Places<br \/>\nT\u00e9l. : 05.59.05.10.56<br \/>\nOuvert toute l'ann\u00e9e<\/td>\n<\/tr>\n<tr class=\"row-7 odd\">\n\t<td class=\"column-1\">Gourette - Arrens M.<\/td><td class=\"column-2\">Maison Cam\u00e9lat - Rando'Plume<br \/>\n25 Places<br \/>\nT\u00e9l. : 05.62. 97.40.94<br \/>\nOuvert toute l'ann\u00e9e<\/td>\n<\/tr>\n<\/tbody>\n<\/table>\n\n","protected":false},"excerpt":{"rendered":"","protected":false},"author":1,"featured_media":0,"parent":0,"menu_order":0,"comment_status":"closed","ping_status":"closed","template":"templates\/full-width-page.php","meta":{"_monsterinsights_skip_tracking":false,"_monsterinsights_sitenote_active":false,"_monsterinsights_sitenote_note":"","_monsterinsights_sitenote_category":0,"footnotes":""},"class_list":["post-61","page","type-page","status-publish","hentry"],"yoast_head":"<!-- This site is optimized with the Yoast SEO plugin v23.5 - https:\/\/yoast.com\/wordpress\/plugins\/seo\/ -->\n<title>H\u00e9bergements - GR10 - B\u00e9arn<\/title>\n<meta name=\"robots\" content=\"index, follow, max-snippet:-1, max-image-preview:large, max-video-preview:-1\" \/>\n<link rel=\"canonical\" href=\"https:\/\/www.circuitsderando.com\/pyrenees\/gr10-bearn\/hebergements\/\" \/>\n<meta property=\"og:locale\" content=\"fr_FR\" \/>\n<meta property=\"og:type\" content=\"article\" \/>\n<meta property=\"og:title\" content=\"H\u00e9bergements - GR10 - B\u00e9arn\" \/>\n<meta property=\"og:url\" content=\"https:\/\/www.circuitsderando.com\/pyrenees\/gr10-bearn\/hebergements\/\" \/>\n<meta property=\"og:site_name\" content=\"GR10 - B\u00e9arn\" \/>\n<meta property=\"article:modified_time\" content=\"2020-11-02T15:31:00+00:00\" \/>\n<meta name=\"twitter:card\" content=\"summary_large_image\" \/>\n<script type=\"application\/ld+json\" class=\"yoast-schema-graph\">{\"@context\":\"https:\/\/schema.org\",\"@graph\":[{\"@type\":\"WebPage\",\"@id\":\"https:\/\/www.circuitsderando.com\/pyrenees\/gr10-bearn\/hebergements\/\",\"url\":\"https:\/\/www.circuitsderando.com\/pyrenees\/gr10-bearn\/hebergements\/\",\"name\":\"H\u00e9bergements - GR10 - B\u00e9arn\",\"isPartOf\":{\"@id\":\"https:\/\/www.circuitsderando.com\/pyrenees\/gr10-bearn\/#website\"},\"datePublished\":\"2020-11-02T07:07:05+00:00\",\"dateModified\":\"2020-11-02T15:31:00+00:00\",\"breadcrumb\":{\"@id\":\"https:\/\/www.circuitsderando.com\/pyrenees\/gr10-bearn\/hebergements\/#breadcrumb\"},\"inLanguage\":\"fr-FR\",\"potentialAction\":[{\"@type\":\"ReadAction\",\"target\":[\"https:\/\/www.circuitsderando.com\/pyrenees\/gr10-bearn\/hebergements\/\"]}]},{\"@type\":\"BreadcrumbList\",\"@id\":\"https:\/\/www.circuitsderando.com\/pyrenees\/gr10-bearn\/hebergements\/#breadcrumb\",\"itemListElement\":[{\"@type\":\"ListItem\",\"position\":1,\"name\":\"GR10 B\u00e9arn\",\"item\":\"https:\/\/www.circuitsderando.com\/pyrenees\/gr10-bearn\/\"},{\"@type\":\"ListItem\",\"position\":2,\"name\":\"H\u00e9bergements\"}]},{\"@type\":\"WebSite\",\"@id\":\"https:\/\/www.circuitsderando.com\/pyrenees\/gr10-bearn\/#website\",\"url\":\"https:\/\/www.circuitsderando.com\/pyrenees\/gr10-bearn\/\",\"name\":\"GR10 - B\u00e9arn\",\"description\":\"Bagargiak - Ste Engr\u00e2ce - Lescun - Gourette - Arrens Marsous\",\"potentialAction\":[{\"@type\":\"SearchAction\",\"target\":{\"@type\":\"EntryPoint\",\"urlTemplate\":\"https:\/\/www.circuitsderando.com\/pyrenees\/gr10-bearn\/?s={search_term_string}\"},\"query-input\":{\"@type\":\"PropertyValueSpecification\",\"valueRequired\":true,\"valueName\":\"search_term_string\"}}],\"inLanguage\":\"fr-FR\"}]}<\/script>\n<!-- \/ Yoast SEO plugin. -->","yoast_head_json":{"title":"H\u00e9bergements - GR10 - B\u00e9arn","robots":{"index":"index","follow":"follow","max-snippet":"max-snippet:-1","max-image-preview":"max-image-preview:large","max-video-preview":"max-video-preview:-1"},"canonical":"https:\/\/www.circuitsderando.com\/pyrenees\/gr10-bearn\/hebergements\/","og_locale":"fr_FR","og_type":"article","og_title":"H\u00e9bergements - GR10 - B\u00e9arn","og_url":"https:\/\/www.circuitsderando.com\/pyrenees\/gr10-bearn\/hebergements\/","og_site_name":"GR10 - B\u00e9arn","article_modified_time":"2020-11-02T15:31:00+00:00","twitter_card":"summary_large_image","schema":{"@context":"https:\/\/schema.org","@graph":[{"@type":"WebPage","@id":"https:\/\/www.circuitsderando.com\/pyrenees\/gr10-bearn\/hebergements\/","url":"https:\/\/www.circuitsderando.com\/pyrenees\/gr10-bearn\/hebergements\/","name":"H\u00e9bergements - GR10 - B\u00e9arn","isPartOf":{"@id":"https:\/\/www.circuitsderando.com\/pyrenees\/gr10-bearn\/#website"},"datePublished":"2020-11-02T07:07:05+00:00","dateModified":"2020-11-02T15:31:00+00:00","breadcrumb":{"@id":"https:\/\/www.circuitsderando.com\/pyrenees\/gr10-bearn\/hebergements\/#breadcrumb"},"inLanguage":"fr-FR","potentialAction":[{"@type":"ReadAction","target":["https:\/\/www.circuitsderando.com\/pyrenees\/gr10-bearn\/hebergements\/"]}]},{"@type":"BreadcrumbList","@id":"https:\/\/www.circuitsderando.com\/pyrenees\/gr10-bearn\/hebergements\/#breadcrumb","itemListElement":[{"@type":"ListItem","position":1,"name":"GR10 B\u00e9arn","item":"https:\/\/www.circuitsderando.com\/pyrenees\/gr10-bearn\/"},{"@type":"ListItem","position":2,"name":"H\u00e9bergements"}]},{"@type":"WebSite","@id":"https:\/\/www.circuitsderando.com\/pyrenees\/gr10-bearn\/#website","url":"https:\/\/www.circuitsderando.com\/pyrenees\/gr10-bearn\/","name":"GR10 - B\u00e9arn","description":"Bagargiak - Ste Engr\u00e2ce - Lescun - Gourette - Arrens Marsous","potentialAction":[{"@type":"SearchAction","target":{"@type":"EntryPoint","urlTemplate":"https:\/\/www.circuitsderando.com\/pyrenees\/gr10-bearn\/?s={search_term_string}"},"query-input":{"@type":"PropertyValueSpecification","valueRequired":true,"valueName":"search_term_string"}}],"inLanguage":"fr-FR"}]}},"_links":{"self":[{"href":"https:\/\/www.circuitsderando.com\/pyrenees\/gr10-bearn\/wp-json\/wp\/v2\/pages\/61"}],"collection":[{"href":"https:\/\/www.circuitsderando.com\/pyrenees\/gr10-bearn\/wp-json\/wp\/v2\/pages"}],"about":[{"href":"https:\/\/www.circuitsderando.com\/pyrenees\/gr10-bearn\/wp-json\/wp\/v2\/types\/page"}],"author":[{"embeddable":true,"href":"https:\/\/www.circuitsderando.com\/pyrenees\/gr10-bearn\/wp-json\/wp\/v2\/users\/1"}],"replies":[{"embeddable":true,"href":"https:\/\/www.circuitsderando.com\/pyrenees\/gr10-bearn\/wp-json\/wp\/v2\/comments?post=61"}],"version-history":[{"count":2,"href":"https:\/\/www.circuitsderando.com\/pyrenees\/gr10-bearn\/wp-json\/wp\/v2\/pages\/61\/revisions"}],"predecessor-version":[{"id":213,"href":"https:\/\/www.circuitsderando.com\/pyrenees\/gr10-bearn\/wp-json\/wp\/v2\/pages\/61\/revisions\/213"}],"wp:attachment":[{"href":"https:\/\/www.circuitsderando.com\/pyrenees\/gr10-bearn\/wp-json\/wp\/v2\/media?parent=61"}],"curies":[{"name":"wp","href":"https:\/\/api.w.org\/{rel}","templated":true}]}}