{"id":2,"date":"2020-11-02T07:41:34","date_gmt":"2020-11-02T06:41:34","guid":{"rendered":"http:\/\/www.circuitsderando.com\/pyrenees\/gr10-bearn\/?page_id=2"},"modified":"2020-11-02T20:04:21","modified_gmt":"2020-11-02T19:04:21","slug":"page-d-exemple","status":"publish","type":"page","link":"https:\/\/www.circuitsderando.com\/pyrenees\/gr10-bearn\/","title":{"rendered":"GR10 &#8211; B\u00e9arn"},"content":{"rendered":"\n<div class=\"wp-block-columns is-layout-flex wp-container-core-columns-is-layout-1 wp-block-columns-is-layout-flex\">\n<div class=\"wp-block-column is-layout-flow wp-block-column-is-layout-flow\">\n<figure class=\"wp-block-image size-large\"><img loading=\"lazy\" decoding=\"async\" width=\"960\" height=\"720\" src=\"https:\/\/www.circuitsderando.com\/pyrenees\/gr10-bearn\/wp-content\/uploads\/2020\/11\/panneau-gentau-et-ossau.jpg\" alt=\"\" class=\"wp-image-149\" srcset=\"https:\/\/www.circuitsderando.com\/pyrenees\/gr10-bearn\/wp-content\/uploads\/2020\/11\/panneau-gentau-et-ossau.jpg 960w, https:\/\/www.circuitsderando.com\/pyrenees\/gr10-bearn\/wp-content\/uploads\/2020\/11\/panneau-gentau-et-ossau-300x225.jpg 300w, https:\/\/www.circuitsderando.com\/pyrenees\/gr10-bearn\/wp-content\/uploads\/2020\/11\/panneau-gentau-et-ossau-768x576.jpg 768w, https:\/\/www.circuitsderando.com\/pyrenees\/gr10-bearn\/wp-content\/uploads\/2020\/11\/panneau-gentau-et-ossau-690x518.jpg 690w\" sizes=\"(max-width: 960px) 100vw, 960px\" \/><\/figure>\n<\/div>\n\n\n\n<div class=\"wp-block-column is-layout-flow wp-block-column-is-layout-flow\">\n<figure class=\"wp-block-image size-large\"><img loading=\"lazy\" decoding=\"async\" width=\"960\" height=\"720\" src=\"https:\/\/www.circuitsderando.com\/pyrenees\/gr10-bearn\/wp-content\/uploads\/2020\/11\/rochers-de-losque-1.jpg\" alt=\"\" class=\"wp-image-232\" srcset=\"https:\/\/www.circuitsderando.com\/pyrenees\/gr10-bearn\/wp-content\/uploads\/2020\/11\/rochers-de-losque-1.jpg 960w, https:\/\/www.circuitsderando.com\/pyrenees\/gr10-bearn\/wp-content\/uploads\/2020\/11\/rochers-de-losque-1-300x225.jpg 300w, https:\/\/www.circuitsderando.com\/pyrenees\/gr10-bearn\/wp-content\/uploads\/2020\/11\/rochers-de-losque-1-768x576.jpg 768w, https:\/\/www.circuitsderando.com\/pyrenees\/gr10-bearn\/wp-content\/uploads\/2020\/11\/rochers-de-losque-1-690x518.jpg 690w\" sizes=\"(max-width: 960px) 100vw, 960px\" \/><\/figure>\n<\/div>\n\n\n\n<div class=\"wp-block-column is-layout-flow wp-block-column-is-layout-flow\">\n<figure class=\"wp-block-image size-large\"><img loading=\"lazy\" decoding=\"async\" width=\"960\" height=\"720\" src=\"https:\/\/www.circuitsderando.com\/pyrenees\/gr10-bearn\/wp-content\/uploads\/2020\/11\/passerelle-holzarte-3.jpg\" alt=\"\" class=\"wp-image-76\" srcset=\"https:\/\/www.circuitsderando.com\/pyrenees\/gr10-bearn\/wp-content\/uploads\/2020\/11\/passerelle-holzarte-3.jpg 960w, https:\/\/www.circuitsderando.com\/pyrenees\/gr10-bearn\/wp-content\/uploads\/2020\/11\/passerelle-holzarte-3-300x225.jpg 300w, https:\/\/www.circuitsderando.com\/pyrenees\/gr10-bearn\/wp-content\/uploads\/2020\/11\/passerelle-holzarte-3-768x576.jpg 768w, https:\/\/www.circuitsderando.com\/pyrenees\/gr10-bearn\/wp-content\/uploads\/2020\/11\/passerelle-holzarte-3-690x518.jpg 690w\" sizes=\"(max-width: 960px) 100vw, 960px\" \/><\/figure>\n<\/div>\n<\/div>\n\n\n\n<p class=\"has-text-align-center\"><strong>BEARN : De Bagargiak \u00e0 Arrens-Marsous<\/strong><\/p>\n\n\n\n<div class=\"wp-block-columns is-layout-flex wp-container-core-columns-is-layout-2 wp-block-columns-is-layout-flex\">\n<div class=\"wp-block-column is-layout-flow wp-block-column-is-layout-flow\">\n<figure class=\"wp-block-image size-large is-resized\"><img loading=\"lazy\" decoding=\"async\" src=\"https:\/\/www.circuitsderando.com\/pyrenees\/gr10-bearn\/wp-content\/uploads\/2020\/11\/carte_bearn-1.jpg\" alt=\"\" class=\"wp-image-239\" width=\"274\" height=\"205\" srcset=\"https:\/\/www.circuitsderando.com\/pyrenees\/gr10-bearn\/wp-content\/uploads\/2020\/11\/carte_bearn-1.jpg 320w, https:\/\/www.circuitsderando.com\/pyrenees\/gr10-bearn\/wp-content\/uploads\/2020\/11\/carte_bearn-1-300x225.jpg 300w\" sizes=\"(max-width: 274px) 100vw, 274px\" \/><\/figure>\n\n\n\n<p class=\"has-text-align-right\"><\/p>\n<\/div>\n\n\n\n<div class=\"wp-block-column is-layout-flow wp-block-column-is-layout-flow\">\n<p class=\"has-text-align-left\"><a href=\"https:\/\/www.circuitsderando.com\/pyrenees\/gr10-bearn\/bagargiak-logibar\/\">Bagargiak &#8211; Logibar<\/a><br><a href=\"https:\/\/www.circuitsderando.com\/pyrenees\/gr10-bearn\/logibar-sainte-engrace\/\">Logibar &#8211; Ste Engrace<\/a><br><a href=\"https:\/\/www.circuitsderando.com\/pyrenees\/gr10-bearn\/sainte-engrace-lescun\/\">Ste Engrace &#8211; Lescun<\/a><br><a href=\"https:\/\/www.circuitsderando.com\/pyrenees\/gr10-bearn\/lescun-etsaut\/\">Lescun &#8211; Etsaut<\/a><br><a href=\"https:\/\/www.circuitsderando.com\/pyrenees\/gr10-bearn\/etsaut-gabas\/\">Etsaut &#8211; Gabas<\/a><br><a href=\"https:\/\/www.circuitsderando.com\/pyrenees\/gr10-bearn\/gabas-gourette\/\">Gabas &#8211; Gourette<\/a><br><a href=\"https:\/\/www.circuitsderando.com\/pyrenees\/gr10-bearn\/gourette-arrens-marsous\/\">Gourette &#8211; Arrens M.<\/a><\/p>\n<\/div>\n<\/div>\n","protected":false},"excerpt":{"rendered":"<p>BEARN : De Bagargiak \u00e0 Arrens-Marsous Bagargiak &#8211; LogibarLogibar &#8211; Ste EngraceSte Engrace &#8211; LescunLescun &#8211; EtsautEtsaut &#8211; GabasGabas &#8211; GouretteGourette &#8211; Arrens M.<\/p>\n","protected":false},"author":1,"featured_media":0,"parent":0,"menu_order":0,"comment_status":"closed","ping_status":"open","template":"templates\/full-width-page.php","meta":{"_monsterinsights_skip_tracking":false,"_monsterinsights_sitenote_active":false,"_monsterinsights_sitenote_note":"","_monsterinsights_sitenote_category":0,"footnotes":""},"class_list":["post-2","page","type-page","status-publish","hentry"],"yoast_head":"<!-- This site is optimized with the Yoast SEO plugin v23.5 - https:\/\/yoast.com\/wordpress\/plugins\/seo\/ -->\n<title>GR10 - B\u00e9arn - GR10 - B\u00e9arn<\/title>\n<meta name=\"robots\" content=\"index, follow, max-snippet:-1, max-image-preview:large, max-video-preview:-1\" \/>\n<link rel=\"canonical\" href=\"https:\/\/www.circuitsderando.com\/pyrenees\/gr10-bearn\/\" \/>\n<meta property=\"og:locale\" content=\"fr_FR\" \/>\n<meta property=\"og:type\" content=\"article\" \/>\n<meta property=\"og:title\" content=\"GR10 - B\u00e9arn - GR10 - B\u00e9arn\" \/>\n<meta property=\"og:description\" content=\"BEARN : De Bagargiak \u00e0 Arrens-Marsous Bagargiak &#8211; LogibarLogibar &#8211; Ste EngraceSte Engrace &#8211; LescunLescun &#8211; EtsautEtsaut &#8211; GabasGabas &#8211; GouretteGourette &#8211; Arrens M.\" \/>\n<meta property=\"og:url\" content=\"https:\/\/www.circuitsderando.com\/pyrenees\/gr10-bearn\/\" \/>\n<meta property=\"og:site_name\" content=\"GR10 - B\u00e9arn\" \/>\n<meta property=\"article:modified_time\" content=\"2020-11-02T19:04:21+00:00\" \/>\n<meta property=\"og:image\" content=\"https:\/\/www.circuitsderando.com\/pyrenees\/gr10-bearn\/wp-content\/uploads\/2020\/11\/panneau-gentau-et-ossau.jpg\" \/>\n<meta name=\"twitter:card\" content=\"summary_large_image\" \/>\n<script type=\"application\/ld+json\" class=\"yoast-schema-graph\">{\"@context\":\"https:\/\/schema.org\",\"@graph\":[{\"@type\":\"WebPage\",\"@id\":\"https:\/\/www.circuitsderando.com\/pyrenees\/gr10-bearn\/\",\"url\":\"https:\/\/www.circuitsderando.com\/pyrenees\/gr10-bearn\/\",\"name\":\"GR10 - B\u00e9arn - GR10 - B\u00e9arn\",\"isPartOf\":{\"@id\":\"https:\/\/www.circuitsderando.com\/pyrenees\/gr10-bearn\/#website\"},\"primaryImageOfPage\":{\"@id\":\"https:\/\/www.circuitsderando.com\/pyrenees\/gr10-bearn\/#primaryimage\"},\"image\":{\"@id\":\"https:\/\/www.circuitsderando.com\/pyrenees\/gr10-bearn\/#primaryimage\"},\"thumbnailUrl\":\"https:\/\/www.circuitsderando.com\/pyrenees\/gr10-bearn\/wp-content\/uploads\/2020\/11\/panneau-gentau-et-ossau.jpg\",\"datePublished\":\"2020-11-02T06:41:34+00:00\",\"dateModified\":\"2020-11-02T19:04:21+00:00\",\"breadcrumb\":{\"@id\":\"https:\/\/www.circuitsderando.com\/pyrenees\/gr10-bearn\/#breadcrumb\"},\"inLanguage\":\"fr-FR\",\"potentialAction\":[{\"@type\":\"ReadAction\",\"target\":[\"https:\/\/www.circuitsderando.com\/pyrenees\/gr10-bearn\/\"]}]},{\"@type\":\"ImageObject\",\"inLanguage\":\"fr-FR\",\"@id\":\"https:\/\/www.circuitsderando.com\/pyrenees\/gr10-bearn\/#primaryimage\",\"url\":\"https:\/\/www.circuitsderando.com\/pyrenees\/gr10-bearn\/wp-content\/uploads\/2020\/11\/panneau-gentau-et-ossau.jpg\",\"contentUrl\":\"https:\/\/www.circuitsderando.com\/pyrenees\/gr10-bearn\/wp-content\/uploads\/2020\/11\/panneau-gentau-et-ossau.jpg\",\"width\":960,\"height\":720},{\"@type\":\"BreadcrumbList\",\"@id\":\"https:\/\/www.circuitsderando.com\/pyrenees\/gr10-bearn\/#breadcrumb\",\"itemListElement\":[{\"@type\":\"ListItem\",\"position\":1,\"name\":\"GR10 B\u00e9arn\",\"item\":\"https:\/\/www.circuitsderando.com\/pyrenees\/gr10-bearn\/\"},{\"@type\":\"ListItem\",\"position\":2,\"name\":\"GR10 &#8211; B\u00e9arn\"}]},{\"@type\":\"WebSite\",\"@id\":\"https:\/\/www.circuitsderando.com\/pyrenees\/gr10-bearn\/#website\",\"url\":\"https:\/\/www.circuitsderando.com\/pyrenees\/gr10-bearn\/\",\"name\":\"GR10 - B\u00e9arn\",\"description\":\"Bagargiak - Ste Engr\u00e2ce - Lescun - Gourette - Arrens Marsous\",\"potentialAction\":[{\"@type\":\"SearchAction\",\"target\":{\"@type\":\"EntryPoint\",\"urlTemplate\":\"https:\/\/www.circuitsderando.com\/pyrenees\/gr10-bearn\/?s={search_term_string}\"},\"query-input\":{\"@type\":\"PropertyValueSpecification\",\"valueRequired\":true,\"valueName\":\"search_term_string\"}}],\"inLanguage\":\"fr-FR\"}]}<\/script>\n<!-- \/ Yoast SEO plugin. -->","yoast_head_json":{"title":"GR10 - B\u00e9arn - GR10 - B\u00e9arn","robots":{"index":"index","follow":"follow","max-snippet":"max-snippet:-1","max-image-preview":"max-image-preview:large","max-video-preview":"max-video-preview:-1"},"canonical":"https:\/\/www.circuitsderando.com\/pyrenees\/gr10-bearn\/","og_locale":"fr_FR","og_type":"article","og_title":"GR10 - B\u00e9arn - GR10 - B\u00e9arn","og_description":"BEARN : De Bagargiak \u00e0 Arrens-Marsous Bagargiak &#8211; LogibarLogibar &#8211; Ste EngraceSte Engrace &#8211; LescunLescun &#8211; EtsautEtsaut &#8211; GabasGabas &#8211; GouretteGourette &#8211; Arrens M.","og_url":"https:\/\/www.circuitsderando.com\/pyrenees\/gr10-bearn\/","og_site_name":"GR10 - B\u00e9arn","article_modified_time":"2020-11-02T19:04:21+00:00","og_image":[{"url":"https:\/\/www.circuitsderando.com\/pyrenees\/gr10-bearn\/wp-content\/uploads\/2020\/11\/panneau-gentau-et-ossau.jpg"}],"twitter_card":"summary_large_image","schema":{"@context":"https:\/\/schema.org","@graph":[{"@type":"WebPage","@id":"https:\/\/www.circuitsderando.com\/pyrenees\/gr10-bearn\/","url":"https:\/\/www.circuitsderando.com\/pyrenees\/gr10-bearn\/","name":"GR10 - B\u00e9arn - GR10 - B\u00e9arn","isPartOf":{"@id":"https:\/\/www.circuitsderando.com\/pyrenees\/gr10-bearn\/#website"},"primaryImageOfPage":{"@id":"https:\/\/www.circuitsderando.com\/pyrenees\/gr10-bearn\/#primaryimage"},"image":{"@id":"https:\/\/www.circuitsderando.com\/pyrenees\/gr10-bearn\/#primaryimage"},"thumbnailUrl":"https:\/\/www.circuitsderando.com\/pyrenees\/gr10-bearn\/wp-content\/uploads\/2020\/11\/panneau-gentau-et-ossau.jpg","datePublished":"2020-11-02T06:41:34+00:00","dateModified":"2020-11-02T19:04:21+00:00","breadcrumb":{"@id":"https:\/\/www.circuitsderando.com\/pyrenees\/gr10-bearn\/#breadcrumb"},"inLanguage":"fr-FR","potentialAction":[{"@type":"ReadAction","target":["https:\/\/www.circuitsderando.com\/pyrenees\/gr10-bearn\/"]}]},{"@type":"ImageObject","inLanguage":"fr-FR","@id":"https:\/\/www.circuitsderando.com\/pyrenees\/gr10-bearn\/#primaryimage","url":"https:\/\/www.circuitsderando.com\/pyrenees\/gr10-bearn\/wp-content\/uploads\/2020\/11\/panneau-gentau-et-ossau.jpg","contentUrl":"https:\/\/www.circuitsderando.com\/pyrenees\/gr10-bearn\/wp-content\/uploads\/2020\/11\/panneau-gentau-et-ossau.jpg","width":960,"height":720},{"@type":"BreadcrumbList","@id":"https:\/\/www.circuitsderando.com\/pyrenees\/gr10-bearn\/#breadcrumb","itemListElement":[{"@type":"ListItem","position":1,"name":"GR10 B\u00e9arn","item":"https:\/\/www.circuitsderando.com\/pyrenees\/gr10-bearn\/"},{"@type":"ListItem","position":2,"name":"GR10 &#8211; B\u00e9arn"}]},{"@type":"WebSite","@id":"https:\/\/www.circuitsderando.com\/pyrenees\/gr10-bearn\/#website","url":"https:\/\/www.circuitsderando.com\/pyrenees\/gr10-bearn\/","name":"GR10 - B\u00e9arn","description":"Bagargiak - Ste Engr\u00e2ce - Lescun - Gourette - Arrens Marsous","potentialAction":[{"@type":"SearchAction","target":{"@type":"EntryPoint","urlTemplate":"https:\/\/www.circuitsderando.com\/pyrenees\/gr10-bearn\/?s={search_term_string}"},"query-input":{"@type":"PropertyValueSpecification","valueRequired":true,"valueName":"search_term_string"}}],"inLanguage":"fr-FR"}]}},"_links":{"self":[{"href":"https:\/\/www.circuitsderando.com\/pyrenees\/gr10-bearn\/wp-json\/wp\/v2\/pages\/2"}],"collection":[{"href":"https:\/\/www.circuitsderando.com\/pyrenees\/gr10-bearn\/wp-json\/wp\/v2\/pages"}],"about":[{"href":"https:\/\/www.circuitsderando.com\/pyrenees\/gr10-bearn\/wp-json\/wp\/v2\/types\/page"}],"author":[{"embeddable":true,"href":"https:\/\/www.circuitsderando.com\/pyrenees\/gr10-bearn\/wp-json\/wp\/v2\/users\/1"}],"replies":[{"embeddable":true,"href":"https:\/\/www.circuitsderando.com\/pyrenees\/gr10-bearn\/wp-json\/wp\/v2\/comments?post=2"}],"version-history":[{"count":7,"href":"https:\/\/www.circuitsderando.com\/pyrenees\/gr10-bearn\/wp-json\/wp\/v2\/pages\/2\/revisions"}],"predecessor-version":[{"id":241,"href":"https:\/\/www.circuitsderando.com\/pyrenees\/gr10-bearn\/wp-json\/wp\/v2\/pages\/2\/revisions\/241"}],"wp:attachment":[{"href":"https:\/\/www.circuitsderando.com\/pyrenees\/gr10-bearn\/wp-json\/wp\/v2\/media?parent=2"}],"curies":[{"name":"wp","href":"https:\/\/api.w.org\/{rel}","templated":true}]}}