{"id":14,"date":"2020-11-02T08:02:08","date_gmt":"2020-11-02T07:02:08","guid":{"rendered":"http:\/\/www.circuitsderando.com\/pyrenees\/gr10-bearn\/?page_id=14"},"modified":"2024-01-08T21:30:43","modified_gmt":"2024-01-08T20:30:43","slug":"etsaut-gabas","status":"publish","type":"page","link":"https:\/\/www.circuitsderando.com\/pyrenees\/gr10-bearn\/etsaut-gabas\/","title":{"rendered":"Etsaut &#8211; Gabas"},"content":{"rendered":"\n<div class=\"wp-block-columns is-layout-flex wp-container-core-columns-is-layout-1 wp-block-columns-is-layout-flex\">\n<div class=\"wp-block-column is-layout-flow wp-block-column-is-layout-flow\">\n<figure class=\"wp-block-image size-large\"><a href=\"https:\/\/www.circuitsderando.com\/pyrenees\/gr10-bearn\/wp-content\/uploads\/2020\/11\/maison-vers-pont-cebers.jpg\" target=\"_blank\" rel=\"noreferrer noopener\"><img loading=\"lazy\" decoding=\"async\" width=\"960\" height=\"720\" src=\"https:\/\/www.circuitsderando.com\/pyrenees\/gr10-bearn\/wp-content\/uploads\/2020\/11\/maison-vers-pont-cebers.jpg\" alt=\"\" class=\"wp-image-137\" srcset=\"https:\/\/www.circuitsderando.com\/pyrenees\/gr10-bearn\/wp-content\/uploads\/2020\/11\/maison-vers-pont-cebers.jpg 960w, https:\/\/www.circuitsderando.com\/pyrenees\/gr10-bearn\/wp-content\/uploads\/2020\/11\/maison-vers-pont-cebers-300x225.jpg 300w, https:\/\/www.circuitsderando.com\/pyrenees\/gr10-bearn\/wp-content\/uploads\/2020\/11\/maison-vers-pont-cebers-768x576.jpg 768w, https:\/\/www.circuitsderando.com\/pyrenees\/gr10-bearn\/wp-content\/uploads\/2020\/11\/maison-vers-pont-cebers-690x518.jpg 690w\" sizes=\"(max-width: 960px) 100vw, 960px\" \/><\/a><figcaption class=\"wp-element-caption\"><strong>CEBERS (720 m)<br><\/strong><br>Maison le long de la route montant vers Urdos au d\u00e9part du sentier montant au chemin de la mature.<\/figcaption><\/figure>\n<\/div>\n\n\n\n<div class=\"wp-block-column is-layout-flow wp-block-column-is-layout-flow\">\n<figure class=\"wp-block-image size-large\"><a href=\"https:\/\/www.circuitsderando.com\/pyrenees\/gr10-bearn\/wp-content\/uploads\/2020\/11\/fort-portalet.jpg\" target=\"_blank\" rel=\"noreferrer noopener\"><img loading=\"lazy\" decoding=\"async\" width=\"960\" height=\"720\" src=\"https:\/\/www.circuitsderando.com\/pyrenees\/gr10-bearn\/wp-content\/uploads\/2020\/11\/fort-portalet.jpg\" alt=\"\" class=\"wp-image-138\" srcset=\"https:\/\/www.circuitsderando.com\/pyrenees\/gr10-bearn\/wp-content\/uploads\/2020\/11\/fort-portalet.jpg 960w, https:\/\/www.circuitsderando.com\/pyrenees\/gr10-bearn\/wp-content\/uploads\/2020\/11\/fort-portalet-300x225.jpg 300w, https:\/\/www.circuitsderando.com\/pyrenees\/gr10-bearn\/wp-content\/uploads\/2020\/11\/fort-portalet-768x576.jpg 768w, https:\/\/www.circuitsderando.com\/pyrenees\/gr10-bearn\/wp-content\/uploads\/2020\/11\/fort-portalet-690x518.jpg 690w\" sizes=\"(max-width: 960px) 100vw, 960px\" \/><\/a><figcaption class=\"wp-element-caption\"><strong>FORT DU PORTALET (758 m)<br><br><\/strong>Fort construit en 1842. Nombreux travaux jusqu&rsquo;en 1870. Il appartient \u00e0 un particulier.<\/figcaption><\/figure>\n<\/div>\n\n\n\n<div class=\"wp-block-column is-layout-flow wp-block-column-is-layout-flow\">\n<figure class=\"wp-block-image size-large\"><a href=\"https:\/\/www.circuitsderando.com\/pyrenees\/gr10-bearn\/wp-content\/uploads\/2020\/11\/chemin-mature-2.jpg\" target=\"_blank\" rel=\"noreferrer noopener\"><img loading=\"lazy\" decoding=\"async\" width=\"960\" height=\"720\" src=\"https:\/\/www.circuitsderando.com\/pyrenees\/gr10-bearn\/wp-content\/uploads\/2020\/11\/chemin-mature-2.jpg\" alt=\"\" class=\"wp-image-139\" srcset=\"https:\/\/www.circuitsderando.com\/pyrenees\/gr10-bearn\/wp-content\/uploads\/2020\/11\/chemin-mature-2.jpg 960w, https:\/\/www.circuitsderando.com\/pyrenees\/gr10-bearn\/wp-content\/uploads\/2020\/11\/chemin-mature-2-300x225.jpg 300w, https:\/\/www.circuitsderando.com\/pyrenees\/gr10-bearn\/wp-content\/uploads\/2020\/11\/chemin-mature-2-768x576.jpg 768w, https:\/\/www.circuitsderando.com\/pyrenees\/gr10-bearn\/wp-content\/uploads\/2020\/11\/chemin-mature-2-690x518.jpg 690w\" sizes=\"(max-width: 960px) 100vw, 960px\" \/><\/a><figcaption class=\"wp-element-caption\"><strong>CHEMIN DE LA MATURE (825-1015 m)<br><br><\/strong>Chemin taill\u00e9 \u00e0 m\u00eame la falaise pour permettre l\u2019exploitation foresti\u00e8re.<\/figcaption><\/figure>\n<\/div>\n<\/div>\n\n\n\n<div class=\"wp-block-columns is-layout-flex wp-container-core-columns-is-layout-2 wp-block-columns-is-layout-flex\">\n<div class=\"wp-block-column is-layout-flow wp-block-column-is-layout-flow\">\n<figure class=\"wp-block-image size-large\"><a href=\"https:\/\/www.circuitsderando.com\/pyrenees\/gr10-bearn\/wp-content\/uploads\/2020\/11\/cabane-baigt-de-st-cours.jpg\" target=\"_blank\" rel=\"noreferrer noopener\"><img loading=\"lazy\" decoding=\"async\" width=\"960\" height=\"720\" src=\"https:\/\/www.circuitsderando.com\/pyrenees\/gr10-bearn\/wp-content\/uploads\/2020\/11\/cabane-baigt-de-st-cours.jpg\" alt=\"\" class=\"wp-image-143\" srcset=\"https:\/\/www.circuitsderando.com\/pyrenees\/gr10-bearn\/wp-content\/uploads\/2020\/11\/cabane-baigt-de-st-cours.jpg 960w, https:\/\/www.circuitsderando.com\/pyrenees\/gr10-bearn\/wp-content\/uploads\/2020\/11\/cabane-baigt-de-st-cours-300x225.jpg 300w, https:\/\/www.circuitsderando.com\/pyrenees\/gr10-bearn\/wp-content\/uploads\/2020\/11\/cabane-baigt-de-st-cours-768x576.jpg 768w, https:\/\/www.circuitsderando.com\/pyrenees\/gr10-bearn\/wp-content\/uploads\/2020\/11\/cabane-baigt-de-st-cours-690x518.jpg 690w\" sizes=\"(max-width: 960px) 100vw, 960px\" \/><\/a><figcaption class=\"wp-element-caption\"><strong>BAIGT DE ST COURS (1540 M)<\/strong><br><br>Dans la mont\u00e9e entre le chemin de la M\u00e2ture et le Col d&rsquo;Ayous.<\/figcaption><\/figure>\n<\/div>\n\n\n\n<div class=\"wp-block-column is-layout-flow wp-block-column-is-layout-flow\">\n<figure class=\"wp-block-image size-large\"><a href=\"https:\/\/www.circuitsderando.com\/pyrenees\/gr10-bearn\/wp-content\/uploads\/2020\/11\/lacs-dayous-7.jpg\" target=\"_blank\" rel=\"noreferrer noopener\"><img loading=\"lazy\" decoding=\"async\" width=\"960\" height=\"720\" src=\"https:\/\/www.circuitsderando.com\/pyrenees\/gr10-bearn\/wp-content\/uploads\/2020\/11\/lacs-dayous-7.jpg\" alt=\"\" class=\"wp-image-144\" srcset=\"https:\/\/www.circuitsderando.com\/pyrenees\/gr10-bearn\/wp-content\/uploads\/2020\/11\/lacs-dayous-7.jpg 960w, https:\/\/www.circuitsderando.com\/pyrenees\/gr10-bearn\/wp-content\/uploads\/2020\/11\/lacs-dayous-7-300x225.jpg 300w, https:\/\/www.circuitsderando.com\/pyrenees\/gr10-bearn\/wp-content\/uploads\/2020\/11\/lacs-dayous-7-768x576.jpg 768w, https:\/\/www.circuitsderando.com\/pyrenees\/gr10-bearn\/wp-content\/uploads\/2020\/11\/lacs-dayous-7-690x518.jpg 690w\" sizes=\"(max-width: 960px) 100vw, 960px\" \/><\/a><figcaption class=\"wp-element-caption\"><strong>LAC D&rsquo;AYOUS ET PIC DU MIDI D&rsquo;OSSAU (2884 m)<br><br><\/strong>Ensemble de lacs en face du Pic du Midi d&rsquo;Ossau.<\/figcaption><\/figure>\n<\/div>\n\n\n\n<div class=\"wp-block-column is-layout-flow wp-block-column-is-layout-flow\">\n<figure class=\"wp-block-image size-large\"><a href=\"https:\/\/www.circuitsderando.com\/pyrenees\/gr10-bearn\/wp-content\/uploads\/2020\/11\/panneau-gentau-et-ossau.jpg\" target=\"_blank\" rel=\"noreferrer noopener\"><img loading=\"lazy\" decoding=\"async\" width=\"960\" height=\"720\" src=\"https:\/\/www.circuitsderando.com\/pyrenees\/gr10-bearn\/wp-content\/uploads\/2020\/11\/panneau-gentau-et-ossau.jpg\" alt=\"\" class=\"wp-image-149\" srcset=\"https:\/\/www.circuitsderando.com\/pyrenees\/gr10-bearn\/wp-content\/uploads\/2020\/11\/panneau-gentau-et-ossau.jpg 960w, https:\/\/www.circuitsderando.com\/pyrenees\/gr10-bearn\/wp-content\/uploads\/2020\/11\/panneau-gentau-et-ossau-300x225.jpg 300w, https:\/\/www.circuitsderando.com\/pyrenees\/gr10-bearn\/wp-content\/uploads\/2020\/11\/panneau-gentau-et-ossau-768x576.jpg 768w, https:\/\/www.circuitsderando.com\/pyrenees\/gr10-bearn\/wp-content\/uploads\/2020\/11\/panneau-gentau-et-ossau-690x518.jpg 690w\" sizes=\"(max-width: 960px) 100vw, 960px\" \/><\/a><figcaption class=\"wp-element-caption\"><strong>PIC DU MIDI D&rsquo;OSSAU (2884 m)<br><br><\/strong>Pic majestueux surplombant les lacs d&rsquo;Ayous. Il ressemble \u00e0 une molaire avec son pic principal et son pic secondaire. Il est surnomm\u00e9 le \u00ab\u00a0Jean Pierre\u00a0\u00bb<\/figcaption><\/figure>\n<\/div>\n<\/div>\n\n\n\n<div class=\"wp-block-columns is-layout-flex wp-container-core-columns-is-layout-3 wp-block-columns-is-layout-flex\">\n<div class=\"wp-block-column is-layout-flow wp-block-column-is-layout-flow\">\n<figure class=\"wp-block-image size-large\"><a href=\"https:\/\/www.circuitsderando.com\/pyrenees\/gr10-bearn\/wp-content\/uploads\/2020\/11\/cascade-roumassot.jpg\" target=\"_blank\" rel=\"noreferrer noopener\"><img loading=\"lazy\" decoding=\"async\" width=\"960\" height=\"720\" src=\"https:\/\/www.circuitsderando.com\/pyrenees\/gr10-bearn\/wp-content\/uploads\/2020\/11\/cascade-roumassot.jpg\" alt=\"\" class=\"wp-image-150\" srcset=\"https:\/\/www.circuitsderando.com\/pyrenees\/gr10-bearn\/wp-content\/uploads\/2020\/11\/cascade-roumassot.jpg 960w, https:\/\/www.circuitsderando.com\/pyrenees\/gr10-bearn\/wp-content\/uploads\/2020\/11\/cascade-roumassot-300x225.jpg 300w, https:\/\/www.circuitsderando.com\/pyrenees\/gr10-bearn\/wp-content\/uploads\/2020\/11\/cascade-roumassot-768x576.jpg 768w, https:\/\/www.circuitsderando.com\/pyrenees\/gr10-bearn\/wp-content\/uploads\/2020\/11\/cascade-roumassot-690x518.jpg 690w\" sizes=\"(max-width: 960px) 100vw, 960px\" \/><\/a><figcaption class=\"wp-element-caption\"><strong>CASCADE DU LAC ROUMASSOT (1845 m)<\/strong>&nbsp;<\/figcaption><\/figure>\n<\/div>\n\n\n\n<div class=\"wp-block-column is-layout-flow wp-block-column-is-layout-flow\">\n<figure class=\"wp-block-image size-large\"><a href=\"https:\/\/www.circuitsderando.com\/pyrenees\/gr10-bearn\/wp-content\/uploads\/2020\/11\/cabane-roumassot.jpg\" target=\"_blank\" rel=\"noreferrer noopener\"><img loading=\"lazy\" decoding=\"async\" width=\"960\" height=\"720\" src=\"https:\/\/www.circuitsderando.com\/pyrenees\/gr10-bearn\/wp-content\/uploads\/2020\/11\/cabane-roumassot.jpg\" alt=\"\" class=\"wp-image-147\" srcset=\"https:\/\/www.circuitsderando.com\/pyrenees\/gr10-bearn\/wp-content\/uploads\/2020\/11\/cabane-roumassot.jpg 960w, https:\/\/www.circuitsderando.com\/pyrenees\/gr10-bearn\/wp-content\/uploads\/2020\/11\/cabane-roumassot-300x225.jpg 300w, https:\/\/www.circuitsderando.com\/pyrenees\/gr10-bearn\/wp-content\/uploads\/2020\/11\/cabane-roumassot-768x576.jpg 768w, https:\/\/www.circuitsderando.com\/pyrenees\/gr10-bearn\/wp-content\/uploads\/2020\/11\/cabane-roumassot-690x518.jpg 690w\" sizes=\"(max-width: 960px) 100vw, 960px\" \/><\/a><figcaption class=\"wp-element-caption\"><strong>CABANE ROUMASSOT (1840 M)<\/strong><\/figcaption><\/figure>\n<\/div>\n\n\n\n<div class=\"wp-block-column is-layout-flow wp-block-column-is-layout-flow\">\n<figure class=\"wp-block-image size-large\"><a href=\"https:\/\/www.circuitsderando.com\/pyrenees\/gr10-bearn\/wp-content\/uploads\/2020\/11\/lac-bious-artigues.jpg\" target=\"_blank\" rel=\"noreferrer noopener\"><img loading=\"lazy\" decoding=\"async\" width=\"960\" height=\"720\" src=\"https:\/\/www.circuitsderando.com\/pyrenees\/gr10-bearn\/wp-content\/uploads\/2020\/11\/lac-bious-artigues.jpg\" alt=\"\" class=\"wp-image-145\" srcset=\"https:\/\/www.circuitsderando.com\/pyrenees\/gr10-bearn\/wp-content\/uploads\/2020\/11\/lac-bious-artigues.jpg 960w, https:\/\/www.circuitsderando.com\/pyrenees\/gr10-bearn\/wp-content\/uploads\/2020\/11\/lac-bious-artigues-300x225.jpg 300w, https:\/\/www.circuitsderando.com\/pyrenees\/gr10-bearn\/wp-content\/uploads\/2020\/11\/lac-bious-artigues-768x576.jpg 768w, https:\/\/www.circuitsderando.com\/pyrenees\/gr10-bearn\/wp-content\/uploads\/2020\/11\/lac-bious-artigues-690x518.jpg 690w\" sizes=\"(max-width: 960px) 100vw, 960px\" \/><\/a><figcaption class=\"wp-element-caption\"><strong>LAC DE BIOUS ARTIGUES (1435 m)<br><br><\/strong>Reservoir de l&rsquo;un des ruisseaux allant se jeter dans le gave d&rsquo;Ossau.<\/figcaption><\/figure>\n<\/div>\n<\/div>\n\n\n\n<p class=\"has-text-align-right\"><a href=\"https:\/\/www.circuitsderando.com\/pyrenees\/gr10-bearn\/gabas-gourette\/\">Etape 6 : Gabas &#8211; Gourette &gt;&gt;&gt;<\/a><\/p>\n","protected":false},"excerpt":{"rendered":"<p>Etape 6 : Gabas &#8211; Gourette &gt;&gt;&gt;<\/p>\n","protected":false},"author":1,"featured_media":0,"parent":0,"menu_order":0,"comment_status":"closed","ping_status":"closed","template":"templates\/full-width-page.php","meta":{"_monsterinsights_skip_tracking":false,"_monsterinsights_sitenote_active":false,"_monsterinsights_sitenote_note":"","_monsterinsights_sitenote_category":0,"footnotes":""},"class_list":["post-14","page","type-page","status-publish","hentry"],"yoast_head":"<!-- This site is optimized with the Yoast SEO plugin v23.5 - https:\/\/yoast.com\/wordpress\/plugins\/seo\/ -->\n<title>Etsaut - Gabas - GR10 - B\u00e9arn<\/title>\n<meta name=\"robots\" content=\"index, follow, max-snippet:-1, max-image-preview:large, max-video-preview:-1\" \/>\n<link rel=\"canonical\" href=\"https:\/\/www.circuitsderando.com\/pyrenees\/gr10-bearn\/etsaut-gabas\/\" \/>\n<meta property=\"og:locale\" content=\"fr_FR\" \/>\n<meta property=\"og:type\" content=\"article\" \/>\n<meta property=\"og:title\" content=\"Etsaut - Gabas - GR10 - B\u00e9arn\" \/>\n<meta property=\"og:description\" content=\"Etape 6 : Gabas &#8211; Gourette &gt;&gt;&gt;\" \/>\n<meta property=\"og:url\" content=\"https:\/\/www.circuitsderando.com\/pyrenees\/gr10-bearn\/etsaut-gabas\/\" \/>\n<meta property=\"og:site_name\" content=\"GR10 - B\u00e9arn\" \/>\n<meta property=\"article:modified_time\" content=\"2024-01-08T20:30:43+00:00\" \/>\n<meta property=\"og:image\" content=\"https:\/\/www.circuitsderando.com\/pyrenees\/gr10-bearn\/wp-content\/uploads\/2020\/11\/maison-vers-pont-cebers.jpg\" \/>\n<meta name=\"twitter:card\" content=\"summary_large_image\" \/>\n<meta name=\"twitter:label1\" content=\"Dur\u00e9e de lecture estim\u00e9e\" \/>\n\t<meta name=\"twitter:data1\" content=\"1 minute\" \/>\n<script type=\"application\/ld+json\" class=\"yoast-schema-graph\">{\"@context\":\"https:\/\/schema.org\",\"@graph\":[{\"@type\":\"WebPage\",\"@id\":\"https:\/\/www.circuitsderando.com\/pyrenees\/gr10-bearn\/etsaut-gabas\/\",\"url\":\"https:\/\/www.circuitsderando.com\/pyrenees\/gr10-bearn\/etsaut-gabas\/\",\"name\":\"Etsaut - Gabas - GR10 - B\u00e9arn\",\"isPartOf\":{\"@id\":\"https:\/\/www.circuitsderando.com\/pyrenees\/gr10-bearn\/#website\"},\"primaryImageOfPage\":{\"@id\":\"https:\/\/www.circuitsderando.com\/pyrenees\/gr10-bearn\/etsaut-gabas\/#primaryimage\"},\"image\":{\"@id\":\"https:\/\/www.circuitsderando.com\/pyrenees\/gr10-bearn\/etsaut-gabas\/#primaryimage\"},\"thumbnailUrl\":\"https:\/\/www.circuitsderando.com\/pyrenees\/gr10-bearn\/wp-content\/uploads\/2020\/11\/maison-vers-pont-cebers.jpg\",\"datePublished\":\"2020-11-02T07:02:08+00:00\",\"dateModified\":\"2024-01-08T20:30:43+00:00\",\"breadcrumb\":{\"@id\":\"https:\/\/www.circuitsderando.com\/pyrenees\/gr10-bearn\/etsaut-gabas\/#breadcrumb\"},\"inLanguage\":\"fr-FR\",\"potentialAction\":[{\"@type\":\"ReadAction\",\"target\":[\"https:\/\/www.circuitsderando.com\/pyrenees\/gr10-bearn\/etsaut-gabas\/\"]}]},{\"@type\":\"ImageObject\",\"inLanguage\":\"fr-FR\",\"@id\":\"https:\/\/www.circuitsderando.com\/pyrenees\/gr10-bearn\/etsaut-gabas\/#primaryimage\",\"url\":\"https:\/\/www.circuitsderando.com\/pyrenees\/gr10-bearn\/wp-content\/uploads\/2020\/11\/maison-vers-pont-cebers.jpg\",\"contentUrl\":\"https:\/\/www.circuitsderando.com\/pyrenees\/gr10-bearn\/wp-content\/uploads\/2020\/11\/maison-vers-pont-cebers.jpg\",\"width\":960,\"height\":720},{\"@type\":\"BreadcrumbList\",\"@id\":\"https:\/\/www.circuitsderando.com\/pyrenees\/gr10-bearn\/etsaut-gabas\/#breadcrumb\",\"itemListElement\":[{\"@type\":\"ListItem\",\"position\":1,\"name\":\"GR10 B\u00e9arn\",\"item\":\"https:\/\/www.circuitsderando.com\/pyrenees\/gr10-bearn\/\"},{\"@type\":\"ListItem\",\"position\":2,\"name\":\"Etsaut &#8211; Gabas\"}]},{\"@type\":\"WebSite\",\"@id\":\"https:\/\/www.circuitsderando.com\/pyrenees\/gr10-bearn\/#website\",\"url\":\"https:\/\/www.circuitsderando.com\/pyrenees\/gr10-bearn\/\",\"name\":\"GR10 - B\u00e9arn\",\"description\":\"Bagargiak - Ste Engr\u00e2ce - Lescun - Gourette - Arrens Marsous\",\"potentialAction\":[{\"@type\":\"SearchAction\",\"target\":{\"@type\":\"EntryPoint\",\"urlTemplate\":\"https:\/\/www.circuitsderando.com\/pyrenees\/gr10-bearn\/?s={search_term_string}\"},\"query-input\":{\"@type\":\"PropertyValueSpecification\",\"valueRequired\":true,\"valueName\":\"search_term_string\"}}],\"inLanguage\":\"fr-FR\"}]}<\/script>\n<!-- \/ Yoast SEO plugin. -->","yoast_head_json":{"title":"Etsaut - Gabas - GR10 - B\u00e9arn","robots":{"index":"index","follow":"follow","max-snippet":"max-snippet:-1","max-image-preview":"max-image-preview:large","max-video-preview":"max-video-preview:-1"},"canonical":"https:\/\/www.circuitsderando.com\/pyrenees\/gr10-bearn\/etsaut-gabas\/","og_locale":"fr_FR","og_type":"article","og_title":"Etsaut - Gabas - GR10 - B\u00e9arn","og_description":"Etape 6 : Gabas &#8211; Gourette &gt;&gt;&gt;","og_url":"https:\/\/www.circuitsderando.com\/pyrenees\/gr10-bearn\/etsaut-gabas\/","og_site_name":"GR10 - B\u00e9arn","article_modified_time":"2024-01-08T20:30:43+00:00","og_image":[{"url":"https:\/\/www.circuitsderando.com\/pyrenees\/gr10-bearn\/wp-content\/uploads\/2020\/11\/maison-vers-pont-cebers.jpg"}],"twitter_card":"summary_large_image","twitter_misc":{"Dur\u00e9e de lecture estim\u00e9e":"1 minute"},"schema":{"@context":"https:\/\/schema.org","@graph":[{"@type":"WebPage","@id":"https:\/\/www.circuitsderando.com\/pyrenees\/gr10-bearn\/etsaut-gabas\/","url":"https:\/\/www.circuitsderando.com\/pyrenees\/gr10-bearn\/etsaut-gabas\/","name":"Etsaut - Gabas - GR10 - B\u00e9arn","isPartOf":{"@id":"https:\/\/www.circuitsderando.com\/pyrenees\/gr10-bearn\/#website"},"primaryImageOfPage":{"@id":"https:\/\/www.circuitsderando.com\/pyrenees\/gr10-bearn\/etsaut-gabas\/#primaryimage"},"image":{"@id":"https:\/\/www.circuitsderando.com\/pyrenees\/gr10-bearn\/etsaut-gabas\/#primaryimage"},"thumbnailUrl":"https:\/\/www.circuitsderando.com\/pyrenees\/gr10-bearn\/wp-content\/uploads\/2020\/11\/maison-vers-pont-cebers.jpg","datePublished":"2020-11-02T07:02:08+00:00","dateModified":"2024-01-08T20:30:43+00:00","breadcrumb":{"@id":"https:\/\/www.circuitsderando.com\/pyrenees\/gr10-bearn\/etsaut-gabas\/#breadcrumb"},"inLanguage":"fr-FR","potentialAction":[{"@type":"ReadAction","target":["https:\/\/www.circuitsderando.com\/pyrenees\/gr10-bearn\/etsaut-gabas\/"]}]},{"@type":"ImageObject","inLanguage":"fr-FR","@id":"https:\/\/www.circuitsderando.com\/pyrenees\/gr10-bearn\/etsaut-gabas\/#primaryimage","url":"https:\/\/www.circuitsderando.com\/pyrenees\/gr10-bearn\/wp-content\/uploads\/2020\/11\/maison-vers-pont-cebers.jpg","contentUrl":"https:\/\/www.circuitsderando.com\/pyrenees\/gr10-bearn\/wp-content\/uploads\/2020\/11\/maison-vers-pont-cebers.jpg","width":960,"height":720},{"@type":"BreadcrumbList","@id":"https:\/\/www.circuitsderando.com\/pyrenees\/gr10-bearn\/etsaut-gabas\/#breadcrumb","itemListElement":[{"@type":"ListItem","position":1,"name":"GR10 B\u00e9arn","item":"https:\/\/www.circuitsderando.com\/pyrenees\/gr10-bearn\/"},{"@type":"ListItem","position":2,"name":"Etsaut &#8211; Gabas"}]},{"@type":"WebSite","@id":"https:\/\/www.circuitsderando.com\/pyrenees\/gr10-bearn\/#website","url":"https:\/\/www.circuitsderando.com\/pyrenees\/gr10-bearn\/","name":"GR10 - B\u00e9arn","description":"Bagargiak - Ste Engr\u00e2ce - Lescun - Gourette - Arrens Marsous","potentialAction":[{"@type":"SearchAction","target":{"@type":"EntryPoint","urlTemplate":"https:\/\/www.circuitsderando.com\/pyrenees\/gr10-bearn\/?s={search_term_string}"},"query-input":{"@type":"PropertyValueSpecification","valueRequired":true,"valueName":"search_term_string"}}],"inLanguage":"fr-FR"}]}},"_links":{"self":[{"href":"https:\/\/www.circuitsderando.com\/pyrenees\/gr10-bearn\/wp-json\/wp\/v2\/pages\/14"}],"collection":[{"href":"https:\/\/www.circuitsderando.com\/pyrenees\/gr10-bearn\/wp-json\/wp\/v2\/pages"}],"about":[{"href":"https:\/\/www.circuitsderando.com\/pyrenees\/gr10-bearn\/wp-json\/wp\/v2\/types\/page"}],"author":[{"embeddable":true,"href":"https:\/\/www.circuitsderando.com\/pyrenees\/gr10-bearn\/wp-json\/wp\/v2\/users\/1"}],"replies":[{"embeddable":true,"href":"https:\/\/www.circuitsderando.com\/pyrenees\/gr10-bearn\/wp-json\/wp\/v2\/comments?post=14"}],"version-history":[{"count":14,"href":"https:\/\/www.circuitsderando.com\/pyrenees\/gr10-bearn\/wp-json\/wp\/v2\/pages\/14\/revisions"}],"predecessor-version":[{"id":250,"href":"https:\/\/www.circuitsderando.com\/pyrenees\/gr10-bearn\/wp-json\/wp\/v2\/pages\/14\/revisions\/250"}],"wp:attachment":[{"href":"https:\/\/www.circuitsderando.com\/pyrenees\/gr10-bearn\/wp-json\/wp\/v2\/media?parent=14"}],"curies":[{"name":"wp","href":"https:\/\/api.w.org\/{rel}","templated":true}]}}