{"id":42,"date":"2020-10-31T10:28:10","date_gmt":"2020-10-31T09:28:10","guid":{"rendered":"https:\/\/www.circuitsderando.com\/circuit-25-bosses\/?page_id=42"},"modified":"2020-10-31T10:48:06","modified_gmt":"2020-10-31T09:48:06","slug":"cinema","status":"publish","type":"page","link":"https:\/\/www.circuitsderando.com\/circuit-25-bosses\/cinema\/","title":{"rendered":"Cin\u00e9ma"},"content":{"rendered":"\n<div class=\"wp-block-columns is-layout-flex wp-container-core-columns-is-layout-1 wp-block-columns-is-layout-flex\">\n<div class=\"wp-block-column is-layout-flow wp-block-column-is-layout-flow\" style=\"flex-basis:33.33%\">\n<figure class=\"wp-block-image size-large\"><img loading=\"lazy\" decoding=\"async\" width=\"320\" height=\"240\" src=\"https:\/\/www.circuitsderando.com\/circuit-25-bosses\/wp-content\/uploads\/2020\/10\/fantomas.jpg\" alt=\"\" class=\"wp-image-75\" srcset=\"https:\/\/www.circuitsderando.com\/circuit-25-bosses\/wp-content\/uploads\/2020\/10\/fantomas.jpg 320w, https:\/\/www.circuitsderando.com\/circuit-25-bosses\/wp-content\/uploads\/2020\/10\/fantomas-300x225.jpg 300w\" sizes=\"(max-width: 320px) 100vw, 320px\" \/><\/figure>\n<\/div>\n\n\n\n<div class=\"wp-block-column is-layout-flow wp-block-column-is-layout-flow\" style=\"flex-basis:66.66%\">\n<p><strong>Fant\u00f4mas contre Scotland Yard :<\/strong><br> La sc\u00e8ne durant laquelle Andr\u00e9 Berthier se fait tuer par Fant\u00f4mas est tourn\u00e9e \u00e0 la \u00ab\u00a0Justice de Chambergeot\u00a0\u00bb<\/p>\n<\/div>\n<\/div>\n","protected":false},"excerpt":{"rendered":"<p>Fant\u00f4mas contre Scotland Yard : La sc\u00e8ne durant laquelle Andr\u00e9 Berthier se fait tuer par Fant\u00f4mas est tourn\u00e9e \u00e0 la \u00ab\u00a0Justice de Chambergeot\u00a0\u00bb<\/p>\n","protected":false},"author":1,"featured_media":0,"parent":0,"menu_order":0,"comment_status":"closed","ping_status":"closed","template":"templates\/full-width-page.php","meta":{"_monsterinsights_skip_tracking":false,"_monsterinsights_sitenote_active":false,"_monsterinsights_sitenote_note":"","_monsterinsights_sitenote_category":0,"footnotes":""},"class_list":["post-42","page","type-page","status-publish","hentry"],"yoast_head":"<!-- This site is optimized with the Yoast SEO plugin v23.5 - https:\/\/yoast.com\/wordpress\/plugins\/seo\/ -->\n<title>Cin\u00e9ma - Circuit des 25 bosses<\/title>\n<meta name=\"robots\" content=\"index, follow, max-snippet:-1, max-image-preview:large, max-video-preview:-1\" \/>\n<link rel=\"canonical\" href=\"https:\/\/www.circuitsderando.com\/circuit-25-bosses\/cinema\/\" \/>\n<meta property=\"og:locale\" content=\"fr_FR\" \/>\n<meta property=\"og:type\" content=\"article\" \/>\n<meta property=\"og:title\" content=\"Cin\u00e9ma - Circuit des 25 bosses\" \/>\n<meta property=\"og:description\" content=\"Fant\u00f4mas contre Scotland Yard : La sc\u00e8ne durant laquelle Andr\u00e9 Berthier se fait tuer par Fant\u00f4mas est tourn\u00e9e \u00e0 la \u00ab\u00a0Justice de Chambergeot\u00a0\u00bb\" \/>\n<meta property=\"og:url\" content=\"https:\/\/www.circuitsderando.com\/circuit-25-bosses\/cinema\/\" \/>\n<meta property=\"og:site_name\" content=\"Circuit des 25 bosses\" \/>\n<meta property=\"article:modified_time\" content=\"2020-10-31T09:48:06+00:00\" \/>\n<meta property=\"og:image\" content=\"https:\/\/www.circuitsderando.com\/circuit-25-bosses\/wp-content\/uploads\/2020\/10\/fantomas.jpg\" \/>\n<meta name=\"twitter:card\" content=\"summary_large_image\" \/>\n<script type=\"application\/ld+json\" class=\"yoast-schema-graph\">{\"@context\":\"https:\/\/schema.org\",\"@graph\":[{\"@type\":\"WebPage\",\"@id\":\"https:\/\/www.circuitsderando.com\/circuit-25-bosses\/cinema\/\",\"url\":\"https:\/\/www.circuitsderando.com\/circuit-25-bosses\/cinema\/\",\"name\":\"Cin\u00e9ma - Circuit des 25 bosses\",\"isPartOf\":{\"@id\":\"https:\/\/www.circuitsderando.com\/circuit-25-bosses\/#website\"},\"primaryImageOfPage\":{\"@id\":\"https:\/\/www.circuitsderando.com\/circuit-25-bosses\/cinema\/#primaryimage\"},\"image\":{\"@id\":\"https:\/\/www.circuitsderando.com\/circuit-25-bosses\/cinema\/#primaryimage\"},\"thumbnailUrl\":\"https:\/\/www.circuitsderando.com\/circuit-25-bosses\/wp-content\/uploads\/2020\/10\/fantomas.jpg\",\"datePublished\":\"2020-10-31T09:28:10+00:00\",\"dateModified\":\"2020-10-31T09:48:06+00:00\",\"breadcrumb\":{\"@id\":\"https:\/\/www.circuitsderando.com\/circuit-25-bosses\/cinema\/#breadcrumb\"},\"inLanguage\":\"fr-FR\",\"potentialAction\":[{\"@type\":\"ReadAction\",\"target\":[\"https:\/\/www.circuitsderando.com\/circuit-25-bosses\/cinema\/\"]}]},{\"@type\":\"ImageObject\",\"inLanguage\":\"fr-FR\",\"@id\":\"https:\/\/www.circuitsderando.com\/circuit-25-bosses\/cinema\/#primaryimage\",\"url\":\"https:\/\/www.circuitsderando.com\/circuit-25-bosses\/wp-content\/uploads\/2020\/10\/fantomas.jpg\",\"contentUrl\":\"https:\/\/www.circuitsderando.com\/circuit-25-bosses\/wp-content\/uploads\/2020\/10\/fantomas.jpg\",\"width\":320,\"height\":240},{\"@type\":\"BreadcrumbList\",\"@id\":\"https:\/\/www.circuitsderando.com\/circuit-25-bosses\/cinema\/#breadcrumb\",\"itemListElement\":[{\"@type\":\"ListItem\",\"position\":1,\"name\":\"Circuit des 25 bosses\",\"item\":\"https:\/\/www.circuitsderando.com\/circuit-25-bosses\/\"},{\"@type\":\"ListItem\",\"position\":2,\"name\":\"Cin\u00e9ma\"}]},{\"@type\":\"WebSite\",\"@id\":\"https:\/\/www.circuitsderando.com\/circuit-25-bosses\/#website\",\"url\":\"https:\/\/www.circuitsderando.com\/circuit-25-bosses\/\",\"name\":\"Circuit des 25 bosses\",\"description\":\"Massif des 3 Pignons- Fontainebleau\",\"potentialAction\":[{\"@type\":\"SearchAction\",\"target\":{\"@type\":\"EntryPoint\",\"urlTemplate\":\"https:\/\/www.circuitsderando.com\/circuit-25-bosses\/?s={search_term_string}\"},\"query-input\":{\"@type\":\"PropertyValueSpecification\",\"valueRequired\":true,\"valueName\":\"search_term_string\"}}],\"inLanguage\":\"fr-FR\"}]}<\/script>\n<!-- \/ Yoast SEO plugin. -->","yoast_head_json":{"title":"Cin\u00e9ma - Circuit des 25 bosses","robots":{"index":"index","follow":"follow","max-snippet":"max-snippet:-1","max-image-preview":"max-image-preview:large","max-video-preview":"max-video-preview:-1"},"canonical":"https:\/\/www.circuitsderando.com\/circuit-25-bosses\/cinema\/","og_locale":"fr_FR","og_type":"article","og_title":"Cin\u00e9ma - Circuit des 25 bosses","og_description":"Fant\u00f4mas contre Scotland Yard : La sc\u00e8ne durant laquelle Andr\u00e9 Berthier se fait tuer par Fant\u00f4mas est tourn\u00e9e \u00e0 la \u00ab\u00a0Justice de Chambergeot\u00a0\u00bb","og_url":"https:\/\/www.circuitsderando.com\/circuit-25-bosses\/cinema\/","og_site_name":"Circuit des 25 bosses","article_modified_time":"2020-10-31T09:48:06+00:00","og_image":[{"url":"https:\/\/www.circuitsderando.com\/circuit-25-bosses\/wp-content\/uploads\/2020\/10\/fantomas.jpg"}],"twitter_card":"summary_large_image","schema":{"@context":"https:\/\/schema.org","@graph":[{"@type":"WebPage","@id":"https:\/\/www.circuitsderando.com\/circuit-25-bosses\/cinema\/","url":"https:\/\/www.circuitsderando.com\/circuit-25-bosses\/cinema\/","name":"Cin\u00e9ma - Circuit des 25 bosses","isPartOf":{"@id":"https:\/\/www.circuitsderando.com\/circuit-25-bosses\/#website"},"primaryImageOfPage":{"@id":"https:\/\/www.circuitsderando.com\/circuit-25-bosses\/cinema\/#primaryimage"},"image":{"@id":"https:\/\/www.circuitsderando.com\/circuit-25-bosses\/cinema\/#primaryimage"},"thumbnailUrl":"https:\/\/www.circuitsderando.com\/circuit-25-bosses\/wp-content\/uploads\/2020\/10\/fantomas.jpg","datePublished":"2020-10-31T09:28:10+00:00","dateModified":"2020-10-31T09:48:06+00:00","breadcrumb":{"@id":"https:\/\/www.circuitsderando.com\/circuit-25-bosses\/cinema\/#breadcrumb"},"inLanguage":"fr-FR","potentialAction":[{"@type":"ReadAction","target":["https:\/\/www.circuitsderando.com\/circuit-25-bosses\/cinema\/"]}]},{"@type":"ImageObject","inLanguage":"fr-FR","@id":"https:\/\/www.circuitsderando.com\/circuit-25-bosses\/cinema\/#primaryimage","url":"https:\/\/www.circuitsderando.com\/circuit-25-bosses\/wp-content\/uploads\/2020\/10\/fantomas.jpg","contentUrl":"https:\/\/www.circuitsderando.com\/circuit-25-bosses\/wp-content\/uploads\/2020\/10\/fantomas.jpg","width":320,"height":240},{"@type":"BreadcrumbList","@id":"https:\/\/www.circuitsderando.com\/circuit-25-bosses\/cinema\/#breadcrumb","itemListElement":[{"@type":"ListItem","position":1,"name":"Circuit des 25 bosses","item":"https:\/\/www.circuitsderando.com\/circuit-25-bosses\/"},{"@type":"ListItem","position":2,"name":"Cin\u00e9ma"}]},{"@type":"WebSite","@id":"https:\/\/www.circuitsderando.com\/circuit-25-bosses\/#website","url":"https:\/\/www.circuitsderando.com\/circuit-25-bosses\/","name":"Circuit des 25 bosses","description":"Massif des 3 Pignons- Fontainebleau","potentialAction":[{"@type":"SearchAction","target":{"@type":"EntryPoint","urlTemplate":"https:\/\/www.circuitsderando.com\/circuit-25-bosses\/?s={search_term_string}"},"query-input":{"@type":"PropertyValueSpecification","valueRequired":true,"valueName":"search_term_string"}}],"inLanguage":"fr-FR"}]}},"_links":{"self":[{"href":"https:\/\/www.circuitsderando.com\/circuit-25-bosses\/wp-json\/wp\/v2\/pages\/42"}],"collection":[{"href":"https:\/\/www.circuitsderando.com\/circuit-25-bosses\/wp-json\/wp\/v2\/pages"}],"about":[{"href":"https:\/\/www.circuitsderando.com\/circuit-25-bosses\/wp-json\/wp\/v2\/types\/page"}],"author":[{"embeddable":true,"href":"https:\/\/www.circuitsderando.com\/circuit-25-bosses\/wp-json\/wp\/v2\/users\/1"}],"replies":[{"embeddable":true,"href":"https:\/\/www.circuitsderando.com\/circuit-25-bosses\/wp-json\/wp\/v2\/comments?post=42"}],"version-history":[{"count":2,"href":"https:\/\/www.circuitsderando.com\/circuit-25-bosses\/wp-json\/wp\/v2\/pages\/42\/revisions"}],"predecessor-version":[{"id":76,"href":"https:\/\/www.circuitsderando.com\/circuit-25-bosses\/wp-json\/wp\/v2\/pages\/42\/revisions\/76"}],"wp:attachment":[{"href":"https:\/\/www.circuitsderando.com\/circuit-25-bosses\/wp-json\/wp\/v2\/media?parent=42"}],"curies":[{"name":"wp","href":"https:\/\/api.w.org\/{rel}","templated":true}]}}