{"id":40,"date":"2020-10-31T10:27:58","date_gmt":"2020-10-31T09:27:58","guid":{"rendered":"https:\/\/www.circuitsderando.com\/circuit-25-bosses\/?page_id=40"},"modified":"2020-10-31T10:51:10","modified_gmt":"2020-10-31T09:51:10","slug":"acces","status":"publish","type":"page","link":"https:\/\/www.circuitsderando.com\/circuit-25-bosses\/acces\/","title":{"rendered":"Acc\u00e8s"},"content":{"rendered":"\n<div class=\"wp-block-columns is-layout-flex wp-container-core-columns-is-layout-1 wp-block-columns-is-layout-flex\">\n<div class=\"wp-block-column is-layout-flow wp-block-column-is-layout-flow\">\n<figure class=\"wp-block-image size-large\"><img loading=\"lazy\" decoding=\"async\" width=\"400\" height=\"312\" src=\"https:\/\/www.circuitsderando.com\/circuit-25-bosses\/wp-content\/uploads\/2020\/10\/route-globale.gif\" alt=\"\" class=\"wp-image-77\"\/><\/figure>\n<\/div>\n\n\n\n<div class=\"wp-block-column is-layout-flow wp-block-column-is-layout-flow\">\n<p>Prendre l&rsquo;Autoroute A6 \u00e0 la porte d&rsquo;italie (ou Porte d&rsquo;orl\u00e9ans).<br>1) Continuer sur une cinquantaine de kilom\u00e8tres.<br>2) Avant la section \u00e0 p\u00e9age, prendre la direction \u00ab\u00a0N37 &#8211; Fontainebleau\u00a0\u00bb<br>3) Quelques centaines de m\u00e8tres apr\u00e8s la sortie de l&rsquo;autoroute, prendre la sortie \u00ab\u00a0C\u00e9ly \/ Milly\u00a0\u00bb<br>4) prendre sur la droite \u00e0 la sortie.<br>5) Continuer cette route jusqu&rsquo;\u00e0 Milly la For\u00eat<\/p>\n<\/div>\n<\/div>\n\n\n\n<div class=\"wp-block-columns is-layout-flex wp-container-core-columns-is-layout-2 wp-block-columns-is-layout-flex\">\n<div class=\"wp-block-column is-layout-flow wp-block-column-is-layout-flow\">\n<figure class=\"wp-block-image size-large\"><img loading=\"lazy\" decoding=\"async\" width=\"392\" height=\"295\" src=\"https:\/\/www.circuitsderando.com\/circuit-25-bosses\/wp-content\/uploads\/2020\/10\/route-milly-la-foret.gif\" alt=\"\" class=\"wp-image-79\"\/><\/figure>\n<\/div>\n\n\n\n<div class=\"wp-block-column is-layout-flow wp-block-column-is-layout-flow\">\n<p>6) Traverser la ville de Milly (soit par le centre ville (Halle)) ou par la rocade et prendre la direction Noisy sur Ecole (D167) Traverser Oncy sur Ecole.<br>8) Apr\u00e8s avoir crois\u00e9 une route venant de Fontainebleau, voir \u00e0 gauche une petite route perpendiculaire \u00e0 la route, s&rsquo;engoufrant dans la for\u00eat juste avant le cimeti\u00e8re.<br>9) Le parking (en 2 parties) est sur la droite.<\/p>\n<\/div>\n<\/div>\n","protected":false},"excerpt":{"rendered":"<p>Prendre l&rsquo;Autoroute A6 \u00e0 la porte d&rsquo;italie (ou Porte d&rsquo;orl\u00e9ans).1) Continuer sur une cinquantaine de kilom\u00e8tres.2) Avant la section \u00e0 p\u00e9age, prendre la direction \u00ab\u00a0N37 &#8211; Fontainebleau\u00a0\u00bb3) Quelques centaines de m\u00e8tres apr\u00e8s la sortie de l&rsquo;autoroute, prendre la sortie \u00ab\u00a0C\u00e9ly \/ Milly\u00a0\u00bb4) prendre sur la droite \u00e0 la sortie.5) Continuer cette route jusqu&rsquo;\u00e0 Milly la [&hellip;]<\/p>\n","protected":false},"author":1,"featured_media":0,"parent":0,"menu_order":0,"comment_status":"closed","ping_status":"closed","template":"templates\/full-width-page.php","meta":{"_monsterinsights_skip_tracking":false,"_monsterinsights_sitenote_active":false,"_monsterinsights_sitenote_note":"","_monsterinsights_sitenote_category":0,"footnotes":""},"class_list":["post-40","page","type-page","status-publish","hentry"],"yoast_head":"<!-- This site is optimized with the Yoast SEO plugin v23.5 - https:\/\/yoast.com\/wordpress\/plugins\/seo\/ -->\n<title>Acc\u00e8s - Circuit des 25 bosses<\/title>\n<meta name=\"robots\" content=\"index, follow, max-snippet:-1, max-image-preview:large, max-video-preview:-1\" \/>\n<link rel=\"canonical\" href=\"https:\/\/www.circuitsderando.com\/circuit-25-bosses\/acces\/\" \/>\n<meta property=\"og:locale\" content=\"fr_FR\" \/>\n<meta property=\"og:type\" content=\"article\" \/>\n<meta property=\"og:title\" content=\"Acc\u00e8s - Circuit des 25 bosses\" \/>\n<meta property=\"og:description\" content=\"Prendre l&rsquo;Autoroute A6 \u00e0 la porte d&rsquo;italie (ou Porte d&rsquo;orl\u00e9ans).1) Continuer sur une cinquantaine de kilom\u00e8tres.2) Avant la section \u00e0 p\u00e9age, prendre la direction \u00ab\u00a0N37 &#8211; Fontainebleau\u00a0\u00bb3) Quelques centaines de m\u00e8tres apr\u00e8s la sortie de l&rsquo;autoroute, prendre la sortie \u00ab\u00a0C\u00e9ly \/ Milly\u00a0\u00bb4) prendre sur la droite \u00e0 la sortie.5) Continuer cette route jusqu&rsquo;\u00e0 Milly la [&hellip;]\" \/>\n<meta property=\"og:url\" content=\"https:\/\/www.circuitsderando.com\/circuit-25-bosses\/acces\/\" \/>\n<meta property=\"og:site_name\" content=\"Circuit des 25 bosses\" \/>\n<meta property=\"article:modified_time\" content=\"2020-10-31T09:51:10+00:00\" \/>\n<meta property=\"og:image\" content=\"https:\/\/www.circuitsderando.com\/circuit-25-bosses\/wp-content\/uploads\/2020\/10\/route-globale.gif\" \/>\n<meta name=\"twitter:card\" content=\"summary_large_image\" \/>\n<meta name=\"twitter:label1\" content=\"Dur\u00e9e de lecture estim\u00e9e\" \/>\n\t<meta name=\"twitter:data1\" content=\"1 minute\" \/>\n<script type=\"application\/ld+json\" class=\"yoast-schema-graph\">{\"@context\":\"https:\/\/schema.org\",\"@graph\":[{\"@type\":\"WebPage\",\"@id\":\"https:\/\/www.circuitsderando.com\/circuit-25-bosses\/acces\/\",\"url\":\"https:\/\/www.circuitsderando.com\/circuit-25-bosses\/acces\/\",\"name\":\"Acc\u00e8s - Circuit des 25 bosses\",\"isPartOf\":{\"@id\":\"https:\/\/www.circuitsderando.com\/circuit-25-bosses\/#website\"},\"primaryImageOfPage\":{\"@id\":\"https:\/\/www.circuitsderando.com\/circuit-25-bosses\/acces\/#primaryimage\"},\"image\":{\"@id\":\"https:\/\/www.circuitsderando.com\/circuit-25-bosses\/acces\/#primaryimage\"},\"thumbnailUrl\":\"https:\/\/www.circuitsderando.com\/circuit-25-bosses\/wp-content\/uploads\/2020\/10\/route-globale.gif\",\"datePublished\":\"2020-10-31T09:27:58+00:00\",\"dateModified\":\"2020-10-31T09:51:10+00:00\",\"breadcrumb\":{\"@id\":\"https:\/\/www.circuitsderando.com\/circuit-25-bosses\/acces\/#breadcrumb\"},\"inLanguage\":\"fr-FR\",\"potentialAction\":[{\"@type\":\"ReadAction\",\"target\":[\"https:\/\/www.circuitsderando.com\/circuit-25-bosses\/acces\/\"]}]},{\"@type\":\"ImageObject\",\"inLanguage\":\"fr-FR\",\"@id\":\"https:\/\/www.circuitsderando.com\/circuit-25-bosses\/acces\/#primaryimage\",\"url\":\"https:\/\/www.circuitsderando.com\/circuit-25-bosses\/wp-content\/uploads\/2020\/10\/route-globale.gif\",\"contentUrl\":\"https:\/\/www.circuitsderando.com\/circuit-25-bosses\/wp-content\/uploads\/2020\/10\/route-globale.gif\",\"width\":400,\"height\":312},{\"@type\":\"BreadcrumbList\",\"@id\":\"https:\/\/www.circuitsderando.com\/circuit-25-bosses\/acces\/#breadcrumb\",\"itemListElement\":[{\"@type\":\"ListItem\",\"position\":1,\"name\":\"Circuit des 25 bosses\",\"item\":\"https:\/\/www.circuitsderando.com\/circuit-25-bosses\/\"},{\"@type\":\"ListItem\",\"position\":2,\"name\":\"Acc\u00e8s\"}]},{\"@type\":\"WebSite\",\"@id\":\"https:\/\/www.circuitsderando.com\/circuit-25-bosses\/#website\",\"url\":\"https:\/\/www.circuitsderando.com\/circuit-25-bosses\/\",\"name\":\"Circuit des 25 bosses\",\"description\":\"Massif des 3 Pignons- Fontainebleau\",\"potentialAction\":[{\"@type\":\"SearchAction\",\"target\":{\"@type\":\"EntryPoint\",\"urlTemplate\":\"https:\/\/www.circuitsderando.com\/circuit-25-bosses\/?s={search_term_string}\"},\"query-input\":{\"@type\":\"PropertyValueSpecification\",\"valueRequired\":true,\"valueName\":\"search_term_string\"}}],\"inLanguage\":\"fr-FR\"}]}<\/script>\n<!-- \/ Yoast SEO plugin. -->","yoast_head_json":{"title":"Acc\u00e8s - Circuit des 25 bosses","robots":{"index":"index","follow":"follow","max-snippet":"max-snippet:-1","max-image-preview":"max-image-preview:large","max-video-preview":"max-video-preview:-1"},"canonical":"https:\/\/www.circuitsderando.com\/circuit-25-bosses\/acces\/","og_locale":"fr_FR","og_type":"article","og_title":"Acc\u00e8s - Circuit des 25 bosses","og_description":"Prendre l&rsquo;Autoroute A6 \u00e0 la porte d&rsquo;italie (ou Porte d&rsquo;orl\u00e9ans).1) Continuer sur une cinquantaine de kilom\u00e8tres.2) Avant la section \u00e0 p\u00e9age, prendre la direction \u00ab\u00a0N37 &#8211; Fontainebleau\u00a0\u00bb3) Quelques centaines de m\u00e8tres apr\u00e8s la sortie de l&rsquo;autoroute, prendre la sortie \u00ab\u00a0C\u00e9ly \/ Milly\u00a0\u00bb4) prendre sur la droite \u00e0 la sortie.5) Continuer cette route jusqu&rsquo;\u00e0 Milly la [&hellip;]","og_url":"https:\/\/www.circuitsderando.com\/circuit-25-bosses\/acces\/","og_site_name":"Circuit des 25 bosses","article_modified_time":"2020-10-31T09:51:10+00:00","og_image":[{"url":"https:\/\/www.circuitsderando.com\/circuit-25-bosses\/wp-content\/uploads\/2020\/10\/route-globale.gif"}],"twitter_card":"summary_large_image","twitter_misc":{"Dur\u00e9e de lecture estim\u00e9e":"1 minute"},"schema":{"@context":"https:\/\/schema.org","@graph":[{"@type":"WebPage","@id":"https:\/\/www.circuitsderando.com\/circuit-25-bosses\/acces\/","url":"https:\/\/www.circuitsderando.com\/circuit-25-bosses\/acces\/","name":"Acc\u00e8s - Circuit des 25 bosses","isPartOf":{"@id":"https:\/\/www.circuitsderando.com\/circuit-25-bosses\/#website"},"primaryImageOfPage":{"@id":"https:\/\/www.circuitsderando.com\/circuit-25-bosses\/acces\/#primaryimage"},"image":{"@id":"https:\/\/www.circuitsderando.com\/circuit-25-bosses\/acces\/#primaryimage"},"thumbnailUrl":"https:\/\/www.circuitsderando.com\/circuit-25-bosses\/wp-content\/uploads\/2020\/10\/route-globale.gif","datePublished":"2020-10-31T09:27:58+00:00","dateModified":"2020-10-31T09:51:10+00:00","breadcrumb":{"@id":"https:\/\/www.circuitsderando.com\/circuit-25-bosses\/acces\/#breadcrumb"},"inLanguage":"fr-FR","potentialAction":[{"@type":"ReadAction","target":["https:\/\/www.circuitsderando.com\/circuit-25-bosses\/acces\/"]}]},{"@type":"ImageObject","inLanguage":"fr-FR","@id":"https:\/\/www.circuitsderando.com\/circuit-25-bosses\/acces\/#primaryimage","url":"https:\/\/www.circuitsderando.com\/circuit-25-bosses\/wp-content\/uploads\/2020\/10\/route-globale.gif","contentUrl":"https:\/\/www.circuitsderando.com\/circuit-25-bosses\/wp-content\/uploads\/2020\/10\/route-globale.gif","width":400,"height":312},{"@type":"BreadcrumbList","@id":"https:\/\/www.circuitsderando.com\/circuit-25-bosses\/acces\/#breadcrumb","itemListElement":[{"@type":"ListItem","position":1,"name":"Circuit des 25 bosses","item":"https:\/\/www.circuitsderando.com\/circuit-25-bosses\/"},{"@type":"ListItem","position":2,"name":"Acc\u00e8s"}]},{"@type":"WebSite","@id":"https:\/\/www.circuitsderando.com\/circuit-25-bosses\/#website","url":"https:\/\/www.circuitsderando.com\/circuit-25-bosses\/","name":"Circuit des 25 bosses","description":"Massif des 3 Pignons- Fontainebleau","potentialAction":[{"@type":"SearchAction","target":{"@type":"EntryPoint","urlTemplate":"https:\/\/www.circuitsderando.com\/circuit-25-bosses\/?s={search_term_string}"},"query-input":{"@type":"PropertyValueSpecification","valueRequired":true,"valueName":"search_term_string"}}],"inLanguage":"fr-FR"}]}},"_links":{"self":[{"href":"https:\/\/www.circuitsderando.com\/circuit-25-bosses\/wp-json\/wp\/v2\/pages\/40"}],"collection":[{"href":"https:\/\/www.circuitsderando.com\/circuit-25-bosses\/wp-json\/wp\/v2\/pages"}],"about":[{"href":"https:\/\/www.circuitsderando.com\/circuit-25-bosses\/wp-json\/wp\/v2\/types\/page"}],"author":[{"embeddable":true,"href":"https:\/\/www.circuitsderando.com\/circuit-25-bosses\/wp-json\/wp\/v2\/users\/1"}],"replies":[{"embeddable":true,"href":"https:\/\/www.circuitsderando.com\/circuit-25-bosses\/wp-json\/wp\/v2\/comments?post=40"}],"version-history":[{"count":3,"href":"https:\/\/www.circuitsderando.com\/circuit-25-bosses\/wp-json\/wp\/v2\/pages\/40\/revisions"}],"predecessor-version":[{"id":80,"href":"https:\/\/www.circuitsderando.com\/circuit-25-bosses\/wp-json\/wp\/v2\/pages\/40\/revisions\/80"}],"wp:attachment":[{"href":"https:\/\/www.circuitsderando.com\/circuit-25-bosses\/wp-json\/wp\/v2\/media?parent=40"}],"curies":[{"name":"wp","href":"https:\/\/api.w.org\/{rel}","templated":true}]}}