{"id":16,"date":"2020-10-28T10:36:11","date_gmt":"2020-10-28T09:36:11","guid":{"rendered":"https:\/\/www.circuitsderando.com\/chaine-puys\/?page_id=16"},"modified":"2022-11-05T22:44:05","modified_gmt":"2022-11-05T21:44:05","slug":"besse-en-chandesse-saint-nectaire","status":"publish","type":"page","link":"https:\/\/www.circuitsderando.com\/chaine-puys\/besse-en-chandesse-saint-nectaire\/","title":{"rendered":"Besse en Chandesse &#8211; Saint Nectaire"},"content":{"rendered":"\n<div class=\"wp-block-columns is-layout-flex wp-container-core-columns-is-layout-1 wp-block-columns-is-layout-flex\">\n<div class=\"wp-block-column is-layout-flow wp-block-column-is-layout-flow\">\n<figure class=\"wp-block-image size-large\"><a href=\"https:\/\/www.circuitsderando.com\/chaine-puys\/wp-content\/uploads\/2020\/10\/st-victor-la-riviere.jpg\" target=\"_blank\" rel=\"noopener noreferrer\"><img loading=\"lazy\" decoding=\"async\" width=\"960\" height=\"720\" src=\"https:\/\/www.circuitsderando.com\/chaine-puys\/wp-content\/uploads\/2020\/10\/st-victor-la-riviere.jpg\" alt=\"\" class=\"wp-image-192\" srcset=\"https:\/\/www.circuitsderando.com\/chaine-puys\/wp-content\/uploads\/2020\/10\/st-victor-la-riviere.jpg 960w, https:\/\/www.circuitsderando.com\/chaine-puys\/wp-content\/uploads\/2020\/10\/st-victor-la-riviere-300x225.jpg 300w, https:\/\/www.circuitsderando.com\/chaine-puys\/wp-content\/uploads\/2020\/10\/st-victor-la-riviere-768x576.jpg 768w, https:\/\/www.circuitsderando.com\/chaine-puys\/wp-content\/uploads\/2020\/10\/st-victor-la-riviere-690x518.jpg 690w\" sizes=\"(max-width: 960px) 100vw, 960px\" \/><\/a><figcaption><strong>EGLISE DE ST VICTOR (1015 M)<\/strong><br><br>Eglise du village de St Victor la Rivi\u00e8re. Ce petit village surplombe le Lac Chambon. De loin, on peut admirer le Ch\u00e2teau de Murol.<\/figcaption><\/figure>\n<\/div>\n\n\n\n<div class=\"wp-block-column is-layout-flow wp-block-column-is-layout-flow\">\n<figure class=\"wp-block-image size-large\"><a href=\"https:\/\/www.circuitsderando.com\/chaine-puys\/wp-content\/uploads\/2020\/10\/puys-depuis-st-victor-2.jpg\" target=\"_blank\" rel=\"noopener noreferrer\"><img loading=\"lazy\" decoding=\"async\" width=\"960\" height=\"720\" src=\"https:\/\/www.circuitsderando.com\/chaine-puys\/wp-content\/uploads\/2020\/10\/puys-depuis-st-victor-2.jpg\" alt=\"\" class=\"wp-image-193\" srcset=\"https:\/\/www.circuitsderando.com\/chaine-puys\/wp-content\/uploads\/2020\/10\/puys-depuis-st-victor-2.jpg 960w, https:\/\/www.circuitsderando.com\/chaine-puys\/wp-content\/uploads\/2020\/10\/puys-depuis-st-victor-2-300x225.jpg 300w, https:\/\/www.circuitsderando.com\/chaine-puys\/wp-content\/uploads\/2020\/10\/puys-depuis-st-victor-2-768x576.jpg 768w, https:\/\/www.circuitsderando.com\/chaine-puys\/wp-content\/uploads\/2020\/10\/puys-depuis-st-victor-2-690x518.jpg 690w\" sizes=\"(max-width: 960px) 100vw, 960px\" \/><\/a><figcaption><strong>PUYS DEPUIS ST VICTOR (1015 M)<\/strong><br><br>Puy situ\u00e9 au dessus du Lac Chambon visible depuis la plaine o\u00f9 se situe St Victor la Rivi\u00e8re.<\/figcaption><\/figure>\n<\/div>\n\n\n\n<div class=\"wp-block-column is-layout-flow wp-block-column-is-layout-flow\">\n<figure class=\"wp-block-image size-large\"><a href=\"https:\/\/www.circuitsderando.com\/chaine-puys\/wp-content\/uploads\/2020\/10\/chateau-murol-3.jpg\" target=\"_blank\" rel=\"noopener noreferrer\"><img loading=\"lazy\" decoding=\"async\" width=\"960\" height=\"720\" src=\"https:\/\/www.circuitsderando.com\/chaine-puys\/wp-content\/uploads\/2020\/10\/chateau-murol-3.jpg\" alt=\"\" class=\"wp-image-195\" srcset=\"https:\/\/www.circuitsderando.com\/chaine-puys\/wp-content\/uploads\/2020\/10\/chateau-murol-3.jpg 960w, https:\/\/www.circuitsderando.com\/chaine-puys\/wp-content\/uploads\/2020\/10\/chateau-murol-3-300x225.jpg 300w, https:\/\/www.circuitsderando.com\/chaine-puys\/wp-content\/uploads\/2020\/10\/chateau-murol-3-768x576.jpg 768w, https:\/\/www.circuitsderando.com\/chaine-puys\/wp-content\/uploads\/2020\/10\/chateau-murol-3-690x518.jpg 690w\" sizes=\"(max-width: 960px) 100vw, 960px\" \/><\/a><figcaption><strong>CHATEAU DE MUROL (940 M)<\/strong><br><br>Ch\u00e2teau \u00e9difi\u00e9 au 12e si\u00e8cle par un des descendants des seigneurs de Murol. Le ch\u00e2teau f\u00fbt ensuite repris par la famille d&rsquo;Estaing. Le ch\u00e2teau a \u00e9t\u00e9 class\u00e9 monument historique apr\u00e8s de nombreux pillages.<\/figcaption><\/figure>\n<\/div>\n<\/div>\n\n\n\n<div class=\"wp-block-columns is-layout-flex wp-container-core-columns-is-layout-2 wp-block-columns-is-layout-flex\">\n<div class=\"wp-block-column is-layout-flow wp-block-column-is-layout-flow\">\n<figure class=\"wp-block-image size-large\"><a href=\"https:\/\/www.circuitsderando.com\/chaine-puys\/wp-content\/uploads\/2020\/10\/lac-chambon.jpg\" target=\"_blank\" rel=\"noopener noreferrer\"><img loading=\"lazy\" decoding=\"async\" width=\"960\" height=\"720\" src=\"https:\/\/www.circuitsderando.com\/chaine-puys\/wp-content\/uploads\/2020\/10\/lac-chambon.jpg\" alt=\"\" class=\"wp-image-197\" srcset=\"https:\/\/www.circuitsderando.com\/chaine-puys\/wp-content\/uploads\/2020\/10\/lac-chambon.jpg 960w, https:\/\/www.circuitsderando.com\/chaine-puys\/wp-content\/uploads\/2020\/10\/lac-chambon-300x225.jpg 300w, https:\/\/www.circuitsderando.com\/chaine-puys\/wp-content\/uploads\/2020\/10\/lac-chambon-768x576.jpg 768w, https:\/\/www.circuitsderando.com\/chaine-puys\/wp-content\/uploads\/2020\/10\/lac-chambon-690x518.jpg 690w\" sizes=\"(max-width: 960px) 100vw, 960px\" \/><\/a><figcaption><strong>LAC CHAMBON (875 M)<\/strong><br><br>Lac situ\u00e9 pr\u00e8s du village de Chambon. Ce lac accueille un camping sur ses rives ainsi qu&rsquo;une base de loisirs.<\/figcaption><\/figure>\n<\/div>\n\n\n\n<div class=\"wp-block-column is-layout-flow wp-block-column-is-layout-flow\">\n<figure class=\"wp-block-image size-large\"><a href=\"https:\/\/www.circuitsderando.com\/chaine-puys\/wp-content\/uploads\/2020\/10\/eglise-chambon-3.jpg\" target=\"_blank\" rel=\"noopener noreferrer\"><img loading=\"lazy\" decoding=\"async\" width=\"960\" height=\"720\" src=\"https:\/\/www.circuitsderando.com\/chaine-puys\/wp-content\/uploads\/2020\/10\/eglise-chambon-3.jpg\" alt=\"\" class=\"wp-image-198\" srcset=\"https:\/\/www.circuitsderando.com\/chaine-puys\/wp-content\/uploads\/2020\/10\/eglise-chambon-3.jpg 960w, https:\/\/www.circuitsderando.com\/chaine-puys\/wp-content\/uploads\/2020\/10\/eglise-chambon-3-300x225.jpg 300w, https:\/\/www.circuitsderando.com\/chaine-puys\/wp-content\/uploads\/2020\/10\/eglise-chambon-3-768x576.jpg 768w, https:\/\/www.circuitsderando.com\/chaine-puys\/wp-content\/uploads\/2020\/10\/eglise-chambon-3-690x518.jpg 690w\" sizes=\"(max-width: 960px) 100vw, 960px\" \/><\/a><figcaption><strong>EGLISE DE CHAMBON (880 M)<\/strong><br><br>Eglise du 12e si\u00e8cle situ\u00e9 pr\u00e8s du Lac Chambon \u00e0 l&rsquo;extr\u00e9mit\u00e9 est du village.<\/figcaption><\/figure>\n<\/div>\n\n\n\n<div class=\"wp-block-column is-layout-flow wp-block-column-is-layout-flow\">\n<figure class=\"wp-block-image size-large\"><a href=\"https:\/\/www.circuitsderando.com\/chaine-puys\/wp-content\/uploads\/2020\/10\/sancy-depuis-croix-morand.jpg\" target=\"_blank\" rel=\"noopener noreferrer\"><img loading=\"lazy\" decoding=\"async\" width=\"960\" height=\"720\" src=\"https:\/\/www.circuitsderando.com\/chaine-puys\/wp-content\/uploads\/2020\/10\/sancy-depuis-croix-morand.jpg\" alt=\"\" class=\"wp-image-200\" srcset=\"https:\/\/www.circuitsderando.com\/chaine-puys\/wp-content\/uploads\/2020\/10\/sancy-depuis-croix-morand.jpg 960w, https:\/\/www.circuitsderando.com\/chaine-puys\/wp-content\/uploads\/2020\/10\/sancy-depuis-croix-morand-300x225.jpg 300w, https:\/\/www.circuitsderando.com\/chaine-puys\/wp-content\/uploads\/2020\/10\/sancy-depuis-croix-morand-768x576.jpg 768w, https:\/\/www.circuitsderando.com\/chaine-puys\/wp-content\/uploads\/2020\/10\/sancy-depuis-croix-morand-690x518.jpg 690w\" sizes=\"(max-width: 960px) 100vw, 960px\" \/><\/a><figcaption><strong>PUY DE SANCY  (1884 M)<\/strong><br><br>Puy de Sancy visible depuis le Lac Chambon. Cette vue montre le Puy de Sancy enneig\u00e9.<\/figcaption><\/figure>\n<\/div>\n<\/div>\n\n\n\n<div class=\"wp-block-columns is-layout-flex wp-container-core-columns-is-layout-3 wp-block-columns-is-layout-flex\">\n<div class=\"wp-block-column is-layout-flow wp-block-column-is-layout-flow\">\n<figure class=\"wp-block-image size-large\"><a href=\"https:\/\/www.circuitsderando.com\/chaine-puys\/wp-content\/uploads\/2020\/10\/st-nectaire-le-haut-1.jpg\" target=\"_blank\" rel=\"noopener noreferrer\"><img loading=\"lazy\" decoding=\"async\" width=\"960\" height=\"720\" src=\"https:\/\/www.circuitsderando.com\/chaine-puys\/wp-content\/uploads\/2020\/10\/st-nectaire-le-haut-1.jpg\" alt=\"\" class=\"wp-image-209\" srcset=\"https:\/\/www.circuitsderando.com\/chaine-puys\/wp-content\/uploads\/2020\/10\/st-nectaire-le-haut-1.jpg 960w, https:\/\/www.circuitsderando.com\/chaine-puys\/wp-content\/uploads\/2020\/10\/st-nectaire-le-haut-1-300x225.jpg 300w, https:\/\/www.circuitsderando.com\/chaine-puys\/wp-content\/uploads\/2020\/10\/st-nectaire-le-haut-1-768x576.jpg 768w, https:\/\/www.circuitsderando.com\/chaine-puys\/wp-content\/uploads\/2020\/10\/st-nectaire-le-haut-1-690x518.jpg 690w\" sizes=\"(max-width: 960px) 100vw, 960px\" \/><\/a><figcaption><strong>ENTREE ST NECTAIRE (710 M)<\/strong><br><br>Village r\u00e9put\u00e9 pour son fameux fromage. Des fromageries peuvent \u00eatre visit\u00e9es. <\/figcaption><\/figure>\n<\/div>\n\n\n\n<div class=\"wp-block-column is-layout-flow wp-block-column-is-layout-flow\">\n<figure class=\"wp-block-image size-large\"><a href=\"https:\/\/www.circuitsderando.com\/chaine-puys\/wp-content\/uploads\/2020\/10\/eglise-st-nectaire-1.jpg\" target=\"_blank\" rel=\"noopener noreferrer\"><img loading=\"lazy\" decoding=\"async\" width=\"960\" height=\"720\" src=\"https:\/\/www.circuitsderando.com\/chaine-puys\/wp-content\/uploads\/2020\/10\/eglise-st-nectaire-1.jpg\" alt=\"\" class=\"wp-image-210\" srcset=\"https:\/\/www.circuitsderando.com\/chaine-puys\/wp-content\/uploads\/2020\/10\/eglise-st-nectaire-1.jpg 960w, https:\/\/www.circuitsderando.com\/chaine-puys\/wp-content\/uploads\/2020\/10\/eglise-st-nectaire-1-300x225.jpg 300w, https:\/\/www.circuitsderando.com\/chaine-puys\/wp-content\/uploads\/2020\/10\/eglise-st-nectaire-1-768x576.jpg 768w, https:\/\/www.circuitsderando.com\/chaine-puys\/wp-content\/uploads\/2020\/10\/eglise-st-nectaire-1-690x518.jpg 690w\" sizes=\"(max-width: 960px) 100vw, 960px\" \/><\/a><figcaption><strong>EGLISE ST NECTAIRE (760 M)<\/strong><br><br>Superbe \u00e9glise datant de la fin du 12e si\u00e8cle. Elle est situ\u00e9e sur un petit monticule qui surplombe St Nectaire le Haut. De belles sculptures sont visibles sur les piliers de l&rsquo;\u00e9glise.<\/figcaption><\/figure>\n<\/div>\n\n\n\n<div class=\"wp-block-column is-layout-flow wp-block-column-is-layout-flow\">\n<figure class=\"wp-block-image size-large\"><a href=\"https:\/\/www.circuitsderando.com\/chaine-puys\/wp-content\/uploads\/2020\/10\/st-nectaire-1.jpg\" target=\"_blank\" rel=\"noopener noreferrer\"><img loading=\"lazy\" decoding=\"async\" width=\"960\" height=\"720\" src=\"https:\/\/www.circuitsderando.com\/chaine-puys\/wp-content\/uploads\/2020\/10\/st-nectaire-1.jpg\" alt=\"\" class=\"wp-image-211\" srcset=\"https:\/\/www.circuitsderando.com\/chaine-puys\/wp-content\/uploads\/2020\/10\/st-nectaire-1.jpg 960w, https:\/\/www.circuitsderando.com\/chaine-puys\/wp-content\/uploads\/2020\/10\/st-nectaire-1-300x225.jpg 300w, https:\/\/www.circuitsderando.com\/chaine-puys\/wp-content\/uploads\/2020\/10\/st-nectaire-1-768x576.jpg 768w, https:\/\/www.circuitsderando.com\/chaine-puys\/wp-content\/uploads\/2020\/10\/st-nectaire-1-690x518.jpg 690w\" sizes=\"(max-width: 960px) 100vw, 960px\" \/><\/a><figcaption><strong>ST NECTAIRE (760 M)<\/strong><br><br>Le village est s\u00e9par\u00e9 en 2 parties, St Nectaire le Haut et St Nectaire le Bas.<\/figcaption><\/figure>\n<\/div>\n<\/div>\n\n\n\n<p class=\"has-text-align-right\"><a href=\"https:\/\/www.circuitsderando.com\/chaine-puys\/saint-nectaire-issoire\/\">Etape 7 \u2013 St Nectaire &#8211; Issoire  &gt;&gt;&gt;<\/a><\/p>\n","protected":false},"excerpt":{"rendered":"<p>Etape 7 \u2013 St Nectaire &#8211; Issoire &gt;&gt;&gt;<\/p>\n","protected":false},"author":1,"featured_media":0,"parent":0,"menu_order":0,"comment_status":"closed","ping_status":"closed","template":"templates\/full-width-page.php","meta":{"_monsterinsights_skip_tracking":false,"_monsterinsights_sitenote_active":false,"_monsterinsights_sitenote_note":"","_monsterinsights_sitenote_category":0,"footnotes":""},"class_list":["post-16","page","type-page","status-publish","hentry"],"yoast_head":"<!-- This site is optimized with the Yoast SEO plugin v23.5 - https:\/\/yoast.com\/wordpress\/plugins\/seo\/ -->\n<title>Besse en Chandesse - Saint Nectaire - Chaine des Puys d&#039;Auvergne<\/title>\n<meta name=\"description\" content=\"Chaine des Puys d&#039;Auvergne\" \/>\n<meta name=\"robots\" content=\"index, follow, max-snippet:-1, max-image-preview:large, max-video-preview:-1\" \/>\n<link rel=\"canonical\" href=\"https:\/\/www.circuitsderando.com\/chaine-puys\/besse-en-chandesse-saint-nectaire\/\" \/>\n<meta property=\"og:locale\" content=\"fr_FR\" \/>\n<meta property=\"og:type\" content=\"article\" \/>\n<meta property=\"og:title\" content=\"Besse en Chandesse - Saint Nectaire - Chaine des Puys d&#039;Auvergne\" \/>\n<meta property=\"og:description\" content=\"Chaine des Puys d&#039;Auvergne\" \/>\n<meta property=\"og:url\" content=\"https:\/\/www.circuitsderando.com\/chaine-puys\/besse-en-chandesse-saint-nectaire\/\" \/>\n<meta property=\"og:site_name\" content=\"Chaine des Puys d&#039;Auvergne\" \/>\n<meta property=\"article:modified_time\" content=\"2022-11-05T21:44:05+00:00\" \/>\n<meta property=\"og:image\" content=\"https:\/\/www.circuitsderando.com\/chaine-puys\/wp-content\/uploads\/2020\/10\/st-victor-la-riviere.jpg\" \/>\n<meta name=\"twitter:card\" content=\"summary_large_image\" \/>\n<meta name=\"twitter:label1\" content=\"Dur\u00e9e de lecture estim\u00e9e\" \/>\n\t<meta name=\"twitter:data1\" content=\"1 minute\" \/>\n<script type=\"application\/ld+json\" class=\"yoast-schema-graph\">{\"@context\":\"https:\/\/schema.org\",\"@graph\":[{\"@type\":\"WebPage\",\"@id\":\"https:\/\/www.circuitsderando.com\/chaine-puys\/besse-en-chandesse-saint-nectaire\/\",\"url\":\"https:\/\/www.circuitsderando.com\/chaine-puys\/besse-en-chandesse-saint-nectaire\/\",\"name\":\"Besse en Chandesse - Saint Nectaire - Chaine des Puys d&#039;Auvergne\",\"isPartOf\":{\"@id\":\"https:\/\/www.circuitsderando.com\/chaine-puys\/#website\"},\"primaryImageOfPage\":{\"@id\":\"https:\/\/www.circuitsderando.com\/chaine-puys\/besse-en-chandesse-saint-nectaire\/#primaryimage\"},\"image\":{\"@id\":\"https:\/\/www.circuitsderando.com\/chaine-puys\/besse-en-chandesse-saint-nectaire\/#primaryimage\"},\"thumbnailUrl\":\"https:\/\/www.circuitsderando.com\/chaine-puys\/wp-content\/uploads\/2020\/10\/st-victor-la-riviere.jpg\",\"datePublished\":\"2020-10-28T09:36:11+00:00\",\"dateModified\":\"2022-11-05T21:44:05+00:00\",\"description\":\"Chaine des Puys d&#039;Auvergne\",\"breadcrumb\":{\"@id\":\"https:\/\/www.circuitsderando.com\/chaine-puys\/besse-en-chandesse-saint-nectaire\/#breadcrumb\"},\"inLanguage\":\"fr-FR\",\"potentialAction\":[{\"@type\":\"ReadAction\",\"target\":[\"https:\/\/www.circuitsderando.com\/chaine-puys\/besse-en-chandesse-saint-nectaire\/\"]}]},{\"@type\":\"ImageObject\",\"inLanguage\":\"fr-FR\",\"@id\":\"https:\/\/www.circuitsderando.com\/chaine-puys\/besse-en-chandesse-saint-nectaire\/#primaryimage\",\"url\":\"https:\/\/www.circuitsderando.com\/chaine-puys\/wp-content\/uploads\/2020\/10\/st-victor-la-riviere.jpg\",\"contentUrl\":\"https:\/\/www.circuitsderando.com\/chaine-puys\/wp-content\/uploads\/2020\/10\/st-victor-la-riviere.jpg\",\"width\":960,\"height\":720},{\"@type\":\"BreadcrumbList\",\"@id\":\"https:\/\/www.circuitsderando.com\/chaine-puys\/besse-en-chandesse-saint-nectaire\/#breadcrumb\",\"itemListElement\":[{\"@type\":\"ListItem\",\"position\":1,\"name\":\"Cha\u00eene des Puys\",\"item\":\"https:\/\/www.circuitsderando.com\/chaine-puys\/\"},{\"@type\":\"ListItem\",\"position\":2,\"name\":\"Besse en Chandesse &#8211; Saint Nectaire\"}]},{\"@type\":\"WebSite\",\"@id\":\"https:\/\/www.circuitsderando.com\/chaine-puys\/#website\",\"url\":\"https:\/\/www.circuitsderando.com\/chaine-puys\/\",\"name\":\"Chaine des Puys d&#039;Auvergne\",\"description\":\"Volvic - Clermont - Lac de Gu\u00e9ry - Le Mont Dore - Issoire\",\"potentialAction\":[{\"@type\":\"SearchAction\",\"target\":{\"@type\":\"EntryPoint\",\"urlTemplate\":\"https:\/\/www.circuitsderando.com\/chaine-puys\/?s={search_term_string}\"},\"query-input\":{\"@type\":\"PropertyValueSpecification\",\"valueRequired\":true,\"valueName\":\"search_term_string\"}}],\"inLanguage\":\"fr-FR\"}]}<\/script>\n<!-- \/ Yoast SEO plugin. -->","yoast_head_json":{"title":"Besse en Chandesse - Saint Nectaire - Chaine des Puys d&#039;Auvergne","description":"Chaine des Puys d&#039;Auvergne","robots":{"index":"index","follow":"follow","max-snippet":"max-snippet:-1","max-image-preview":"max-image-preview:large","max-video-preview":"max-video-preview:-1"},"canonical":"https:\/\/www.circuitsderando.com\/chaine-puys\/besse-en-chandesse-saint-nectaire\/","og_locale":"fr_FR","og_type":"article","og_title":"Besse en Chandesse - Saint Nectaire - Chaine des Puys d&#039;Auvergne","og_description":"Chaine des Puys d&#039;Auvergne","og_url":"https:\/\/www.circuitsderando.com\/chaine-puys\/besse-en-chandesse-saint-nectaire\/","og_site_name":"Chaine des Puys d&#039;Auvergne","article_modified_time":"2022-11-05T21:44:05+00:00","og_image":[{"url":"https:\/\/www.circuitsderando.com\/chaine-puys\/wp-content\/uploads\/2020\/10\/st-victor-la-riviere.jpg"}],"twitter_card":"summary_large_image","twitter_misc":{"Dur\u00e9e de lecture estim\u00e9e":"1 minute"},"schema":{"@context":"https:\/\/schema.org","@graph":[{"@type":"WebPage","@id":"https:\/\/www.circuitsderando.com\/chaine-puys\/besse-en-chandesse-saint-nectaire\/","url":"https:\/\/www.circuitsderando.com\/chaine-puys\/besse-en-chandesse-saint-nectaire\/","name":"Besse en Chandesse - Saint Nectaire - Chaine des Puys d&#039;Auvergne","isPartOf":{"@id":"https:\/\/www.circuitsderando.com\/chaine-puys\/#website"},"primaryImageOfPage":{"@id":"https:\/\/www.circuitsderando.com\/chaine-puys\/besse-en-chandesse-saint-nectaire\/#primaryimage"},"image":{"@id":"https:\/\/www.circuitsderando.com\/chaine-puys\/besse-en-chandesse-saint-nectaire\/#primaryimage"},"thumbnailUrl":"https:\/\/www.circuitsderando.com\/chaine-puys\/wp-content\/uploads\/2020\/10\/st-victor-la-riviere.jpg","datePublished":"2020-10-28T09:36:11+00:00","dateModified":"2022-11-05T21:44:05+00:00","description":"Chaine des Puys d&#039;Auvergne","breadcrumb":{"@id":"https:\/\/www.circuitsderando.com\/chaine-puys\/besse-en-chandesse-saint-nectaire\/#breadcrumb"},"inLanguage":"fr-FR","potentialAction":[{"@type":"ReadAction","target":["https:\/\/www.circuitsderando.com\/chaine-puys\/besse-en-chandesse-saint-nectaire\/"]}]},{"@type":"ImageObject","inLanguage":"fr-FR","@id":"https:\/\/www.circuitsderando.com\/chaine-puys\/besse-en-chandesse-saint-nectaire\/#primaryimage","url":"https:\/\/www.circuitsderando.com\/chaine-puys\/wp-content\/uploads\/2020\/10\/st-victor-la-riviere.jpg","contentUrl":"https:\/\/www.circuitsderando.com\/chaine-puys\/wp-content\/uploads\/2020\/10\/st-victor-la-riviere.jpg","width":960,"height":720},{"@type":"BreadcrumbList","@id":"https:\/\/www.circuitsderando.com\/chaine-puys\/besse-en-chandesse-saint-nectaire\/#breadcrumb","itemListElement":[{"@type":"ListItem","position":1,"name":"Cha\u00eene des Puys","item":"https:\/\/www.circuitsderando.com\/chaine-puys\/"},{"@type":"ListItem","position":2,"name":"Besse en Chandesse &#8211; Saint Nectaire"}]},{"@type":"WebSite","@id":"https:\/\/www.circuitsderando.com\/chaine-puys\/#website","url":"https:\/\/www.circuitsderando.com\/chaine-puys\/","name":"Chaine des Puys d&#039;Auvergne","description":"Volvic - Clermont - Lac de Gu\u00e9ry - Le Mont Dore - Issoire","potentialAction":[{"@type":"SearchAction","target":{"@type":"EntryPoint","urlTemplate":"https:\/\/www.circuitsderando.com\/chaine-puys\/?s={search_term_string}"},"query-input":{"@type":"PropertyValueSpecification","valueRequired":true,"valueName":"search_term_string"}}],"inLanguage":"fr-FR"}]}},"_links":{"self":[{"href":"https:\/\/www.circuitsderando.com\/chaine-puys\/wp-json\/wp\/v2\/pages\/16"}],"collection":[{"href":"https:\/\/www.circuitsderando.com\/chaine-puys\/wp-json\/wp\/v2\/pages"}],"about":[{"href":"https:\/\/www.circuitsderando.com\/chaine-puys\/wp-json\/wp\/v2\/types\/page"}],"author":[{"embeddable":true,"href":"https:\/\/www.circuitsderando.com\/chaine-puys\/wp-json\/wp\/v2\/users\/1"}],"replies":[{"embeddable":true,"href":"https:\/\/www.circuitsderando.com\/chaine-puys\/wp-json\/wp\/v2\/comments?post=16"}],"version-history":[{"count":10,"href":"https:\/\/www.circuitsderando.com\/chaine-puys\/wp-json\/wp\/v2\/pages\/16\/revisions"}],"predecessor-version":[{"id":335,"href":"https:\/\/www.circuitsderando.com\/chaine-puys\/wp-json\/wp\/v2\/pages\/16\/revisions\/335"}],"wp:attachment":[{"href":"https:\/\/www.circuitsderando.com\/chaine-puys\/wp-json\/wp\/v2\/media?parent=16"}],"curies":[{"name":"wp","href":"https:\/\/api.w.org\/{rel}","templated":true}]}}