{"id":14,"date":"2020-10-28T10:34:43","date_gmt":"2020-10-28T09:34:43","guid":{"rendered":"https:\/\/www.circuitsderando.com\/chaine-puys\/?page_id=14"},"modified":"2022-11-05T22:42:57","modified_gmt":"2022-11-05T21:42:57","slug":"le-mont-dore-besse-en-chandesse","status":"publish","type":"page","link":"https:\/\/www.circuitsderando.com\/chaine-puys\/le-mont-dore-besse-en-chandesse\/","title":{"rendered":"Le Mont Dore &#8211; Besse en Chandesse"},"content":{"rendered":"\n<div class=\"wp-block-columns is-layout-flex wp-container-core-columns-is-layout-1 wp-block-columns-is-layout-flex\">\n<div class=\"wp-block-column is-layout-flow wp-block-column-is-layout-flow\">\n<figure class=\"wp-block-image size-large\"><a href=\"https:\/\/www.circuitsderando.com\/chaine-puys\/wp-content\/uploads\/2020\/10\/station-montdore.jpg\" target=\"_blank\" rel=\"noopener noreferrer\"><img loading=\"lazy\" decoding=\"async\" width=\"960\" height=\"720\" src=\"https:\/\/www.circuitsderando.com\/chaine-puys\/wp-content\/uploads\/2020\/10\/station-montdore.jpg\" alt=\"\" class=\"wp-image-166\" srcset=\"https:\/\/www.circuitsderando.com\/chaine-puys\/wp-content\/uploads\/2020\/10\/station-montdore.jpg 960w, https:\/\/www.circuitsderando.com\/chaine-puys\/wp-content\/uploads\/2020\/10\/station-montdore-300x225.jpg 300w, https:\/\/www.circuitsderando.com\/chaine-puys\/wp-content\/uploads\/2020\/10\/station-montdore-768x576.jpg 768w, https:\/\/www.circuitsderando.com\/chaine-puys\/wp-content\/uploads\/2020\/10\/station-montdore-690x518.jpg 690w\" sizes=\"(max-width: 960px) 100vw, 960px\" \/><\/a><figcaption><strong>STATION DU MONT DORE (1324 M)<\/strong><br><br>Station de ski<\/figcaption><\/figure>\n<\/div>\n\n\n\n<div class=\"wp-block-column is-layout-flow wp-block-column-is-layout-flow\">\n<figure class=\"wp-block-image size-large\"><a href=\"https:\/\/www.circuitsderando.com\/chaine-puys\/wp-content\/uploads\/2020\/10\/montee-sancy.jpg\" target=\"_blank\" rel=\"noopener noreferrer\"><img loading=\"lazy\" decoding=\"async\" width=\"960\" height=\"720\" src=\"https:\/\/www.circuitsderando.com\/chaine-puys\/wp-content\/uploads\/2020\/10\/montee-sancy.jpg\" alt=\"\" class=\"wp-image-168\" srcset=\"https:\/\/www.circuitsderando.com\/chaine-puys\/wp-content\/uploads\/2020\/10\/montee-sancy.jpg 960w, https:\/\/www.circuitsderando.com\/chaine-puys\/wp-content\/uploads\/2020\/10\/montee-sancy-300x225.jpg 300w, https:\/\/www.circuitsderando.com\/chaine-puys\/wp-content\/uploads\/2020\/10\/montee-sancy-768x576.jpg 768w, https:\/\/www.circuitsderando.com\/chaine-puys\/wp-content\/uploads\/2020\/10\/montee-sancy-690x518.jpg 690w\" sizes=\"(max-width: 960px) 100vw, 960px\" \/><\/a><figcaption><strong>MONT DORE (1885 M)<\/strong><br><br>Vue sur le Mont Dore&nbsp;<\/figcaption><\/figure>\n<\/div>\n\n\n\n<div class=\"wp-block-column is-layout-flow wp-block-column-is-layout-flow\">\n<figure class=\"wp-block-image size-large\"><a href=\"https:\/\/www.circuitsderando.com\/chaine-puys\/wp-content\/uploads\/2020\/10\/superbesse.jpg\" target=\"_blank\" rel=\"noopener noreferrer\"><img loading=\"lazy\" decoding=\"async\" width=\"960\" height=\"720\" src=\"https:\/\/www.circuitsderando.com\/chaine-puys\/wp-content\/uploads\/2020\/10\/superbesse.jpg\" alt=\"\" class=\"wp-image-170\" srcset=\"https:\/\/www.circuitsderando.com\/chaine-puys\/wp-content\/uploads\/2020\/10\/superbesse.jpg 960w, https:\/\/www.circuitsderando.com\/chaine-puys\/wp-content\/uploads\/2020\/10\/superbesse-300x225.jpg 300w, https:\/\/www.circuitsderando.com\/chaine-puys\/wp-content\/uploads\/2020\/10\/superbesse-768x576.jpg 768w, https:\/\/www.circuitsderando.com\/chaine-puys\/wp-content\/uploads\/2020\/10\/superbesse-690x518.jpg 690w\" sizes=\"(max-width: 960px) 100vw, 960px\" \/><\/a><figcaption><strong>SUPER BESSE (1284 M)<\/strong><br><br>Station de ski<\/figcaption><\/figure>\n<\/div>\n<\/div>\n\n\n\n<div class=\"wp-block-columns is-layout-flex wp-container-core-columns-is-layout-2 wp-block-columns-is-layout-flex\">\n<div class=\"wp-block-column is-layout-flow wp-block-column-is-layout-flow\">\n<figure class=\"wp-block-image size-large\"><a href=\"https:\/\/www.circuitsderando.com\/chaine-puys\/wp-content\/uploads\/2020\/10\/parc-besse.jpg\" target=\"_blank\" rel=\"noopener noreferrer\"><img loading=\"lazy\" decoding=\"async\" width=\"960\" height=\"720\" src=\"https:\/\/www.circuitsderando.com\/chaine-puys\/wp-content\/uploads\/2020\/10\/parc-besse.jpg\" alt=\"\" class=\"wp-image-176\" srcset=\"https:\/\/www.circuitsderando.com\/chaine-puys\/wp-content\/uploads\/2020\/10\/parc-besse.jpg 960w, https:\/\/www.circuitsderando.com\/chaine-puys\/wp-content\/uploads\/2020\/10\/parc-besse-300x225.jpg 300w, https:\/\/www.circuitsderando.com\/chaine-puys\/wp-content\/uploads\/2020\/10\/parc-besse-768x576.jpg 768w, https:\/\/www.circuitsderando.com\/chaine-puys\/wp-content\/uploads\/2020\/10\/parc-besse-690x518.jpg 690w\" sizes=\"(max-width: 960px) 100vw, 960px\" \/><\/a><figcaption>PARC (1010 M)<br><br>Parc en contre-bas du vieux Besse<\/figcaption><\/figure>\n<\/div>\n\n\n\n<div class=\"wp-block-column is-layout-flow wp-block-column-is-layout-flow\">\n<figure class=\"wp-block-image size-large\"><a href=\"https:\/\/www.circuitsderando.com\/chaine-puys\/wp-content\/uploads\/2020\/10\/besse.jpg\" target=\"_blank\" rel=\"noopener noreferrer\"><img loading=\"lazy\" decoding=\"async\" width=\"960\" height=\"720\" src=\"https:\/\/www.circuitsderando.com\/chaine-puys\/wp-content\/uploads\/2020\/10\/besse.jpg\" alt=\"\" class=\"wp-image-178\" srcset=\"https:\/\/www.circuitsderando.com\/chaine-puys\/wp-content\/uploads\/2020\/10\/besse.jpg 960w, https:\/\/www.circuitsderando.com\/chaine-puys\/wp-content\/uploads\/2020\/10\/besse-300x225.jpg 300w, https:\/\/www.circuitsderando.com\/chaine-puys\/wp-content\/uploads\/2020\/10\/besse-768x576.jpg 768w, https:\/\/www.circuitsderando.com\/chaine-puys\/wp-content\/uploads\/2020\/10\/besse-690x518.jpg 690w\" sizes=\"(max-width: 960px) 100vw, 960px\" \/><\/a><figcaption><strong>VIEUX BESSE (1050 M)<\/strong><br><br>Petite rue dans le vieux Besse.<\/figcaption><\/figure>\n<\/div>\n\n\n\n<div class=\"wp-block-column is-layout-flow wp-block-column-is-layout-flow\">\n<figure class=\"wp-block-image size-large\"><a href=\"https:\/\/www.circuitsderando.com\/chaine-puys\/wp-content\/uploads\/2020\/10\/margot-besse.jpg\" target=\"_blank\" rel=\"noopener noreferrer\"><img loading=\"lazy\" decoding=\"async\" width=\"960\" height=\"720\" src=\"https:\/\/www.circuitsderando.com\/chaine-puys\/wp-content\/uploads\/2020\/10\/margot-besse.jpg\" alt=\"\" class=\"wp-image-179\" srcset=\"https:\/\/www.circuitsderando.com\/chaine-puys\/wp-content\/uploads\/2020\/10\/margot-besse.jpg 960w, https:\/\/www.circuitsderando.com\/chaine-puys\/wp-content\/uploads\/2020\/10\/margot-besse-300x225.jpg 300w, https:\/\/www.circuitsderando.com\/chaine-puys\/wp-content\/uploads\/2020\/10\/margot-besse-768x576.jpg 768w, https:\/\/www.circuitsderando.com\/chaine-puys\/wp-content\/uploads\/2020\/10\/margot-besse-690x518.jpg 690w\" sizes=\"(max-width: 960px) 100vw, 960px\" \/><\/a><figcaption><strong>VIEUX BESSE (1050 M)<\/strong><br><br>Belle fa\u00e7ade<\/figcaption><\/figure>\n<\/div>\n<\/div>\n\n\n\n<div class=\"wp-block-columns is-layout-flex wp-container-core-columns-is-layout-3 wp-block-columns-is-layout-flex\">\n<div class=\"wp-block-column is-layout-flow wp-block-column-is-layout-flow\">\n<figure class=\"wp-block-image size-large\"><a href=\"https:\/\/www.circuitsderando.com\/chaine-puys\/wp-content\/uploads\/2020\/10\/besse-1.jpg\" target=\"_blank\" rel=\"noopener noreferrer\"><img loading=\"lazy\" decoding=\"async\" width=\"960\" height=\"720\" src=\"https:\/\/www.circuitsderando.com\/chaine-puys\/wp-content\/uploads\/2020\/10\/besse-1.jpg\" alt=\"\" class=\"wp-image-181\" srcset=\"https:\/\/www.circuitsderando.com\/chaine-puys\/wp-content\/uploads\/2020\/10\/besse-1.jpg 960w, https:\/\/www.circuitsderando.com\/chaine-puys\/wp-content\/uploads\/2020\/10\/besse-1-300x225.jpg 300w, https:\/\/www.circuitsderando.com\/chaine-puys\/wp-content\/uploads\/2020\/10\/besse-1-768x576.jpg 768w, https:\/\/www.circuitsderando.com\/chaine-puys\/wp-content\/uploads\/2020\/10\/besse-1-690x518.jpg 690w\" sizes=\"(max-width: 960px) 100vw, 960px\" \/><\/a><figcaption><strong>BEFFROI DE BESSE (1050 M)<\/strong><br><br>Beffroi de Besse.<\/figcaption><\/figure>\n<\/div>\n\n\n\n<div class=\"wp-block-column is-layout-flow wp-block-column-is-layout-flow\">\n<figure class=\"wp-block-image size-large\"><a href=\"https:\/\/www.circuitsderando.com\/chaine-puys\/wp-content\/uploads\/2020\/10\/cadran-besse.jpg\" target=\"_blank\" rel=\"noopener noreferrer\"><img loading=\"lazy\" decoding=\"async\" width=\"960\" height=\"720\" src=\"https:\/\/www.circuitsderando.com\/chaine-puys\/wp-content\/uploads\/2020\/10\/cadran-besse.jpg\" alt=\"\" class=\"wp-image-182\" srcset=\"https:\/\/www.circuitsderando.com\/chaine-puys\/wp-content\/uploads\/2020\/10\/cadran-besse.jpg 960w, https:\/\/www.circuitsderando.com\/chaine-puys\/wp-content\/uploads\/2020\/10\/cadran-besse-300x225.jpg 300w, https:\/\/www.circuitsderando.com\/chaine-puys\/wp-content\/uploads\/2020\/10\/cadran-besse-768x576.jpg 768w, https:\/\/www.circuitsderando.com\/chaine-puys\/wp-content\/uploads\/2020\/10\/cadran-besse-690x518.jpg 690w\" sizes=\"(max-width: 960px) 100vw, 960px\" \/><\/a><figcaption><strong>CADRAN DU VIEUX BESSE (1050 M)<\/strong><br><br>Cadran situ\u00e9 sur la placette du vieux village. Il se trouve au dessus d&rsquo;un restaurant et est presque orient\u00e9 sud-est.<\/figcaption><\/figure>\n<\/div>\n\n\n\n<div class=\"wp-block-column is-layout-flow wp-block-column-is-layout-flow\">\n<figure class=\"wp-block-image size-large\"><a href=\"https:\/\/www.circuitsderando.com\/chaine-puys\/wp-content\/uploads\/2020\/10\/eglise-besse.jpg\" target=\"_blank\" rel=\"noopener noreferrer\"><img loading=\"lazy\" decoding=\"async\" width=\"960\" height=\"720\" src=\"https:\/\/www.circuitsderando.com\/chaine-puys\/wp-content\/uploads\/2020\/10\/eglise-besse.jpg\" alt=\"\" class=\"wp-image-186\" srcset=\"https:\/\/www.circuitsderando.com\/chaine-puys\/wp-content\/uploads\/2020\/10\/eglise-besse.jpg 960w, https:\/\/www.circuitsderando.com\/chaine-puys\/wp-content\/uploads\/2020\/10\/eglise-besse-300x225.jpg 300w, https:\/\/www.circuitsderando.com\/chaine-puys\/wp-content\/uploads\/2020\/10\/eglise-besse-768x576.jpg 768w, https:\/\/www.circuitsderando.com\/chaine-puys\/wp-content\/uploads\/2020\/10\/eglise-besse-690x518.jpg 690w\" sizes=\"(max-width: 960px) 100vw, 960px\" \/><\/a><figcaption><strong>EGLISE DE BESSE (1050 M)<\/strong><br><br>Eglise de la fin du XIIe si\u00e8cle. Eglise de style roman. Statue de Notre-Dame-de-Vassivi\u00e8re \u00e0 l&rsquo;int\u00e9rieur de l&rsquo;\u00e9glise cens\u00e9e prot\u00e9ger le b\u00e9tail.<\/figcaption><\/figure>\n<\/div>\n<\/div>\n\n\n\n<p class=\"has-text-align-right\"><a href=\"https:\/\/www.circuitsderando.com\/chaine-puys\/besse-en-chandesse-saint-nectaire\/\">Etape 6 \u2013 Besse &#8211; St Nectaire &gt;&gt;&gt;<\/a><\/p>\n","protected":false},"excerpt":{"rendered":"<p>Etape 6 \u2013 Besse &#8211; St Nectaire &gt;&gt;&gt;<\/p>\n","protected":false},"author":1,"featured_media":0,"parent":0,"menu_order":0,"comment_status":"closed","ping_status":"closed","template":"templates\/full-width-page.php","meta":{"_monsterinsights_skip_tracking":false,"_monsterinsights_sitenote_active":false,"_monsterinsights_sitenote_note":"","_monsterinsights_sitenote_category":0,"footnotes":""},"class_list":["post-14","page","type-page","status-publish","hentry"],"yoast_head":"<!-- This site is optimized with the Yoast SEO plugin v23.5 - https:\/\/yoast.com\/wordpress\/plugins\/seo\/ -->\n<title>Le Mont Dore - Besse en Chandesse - Chaine des Puys d&#039;Auvergne<\/title>\n<meta name=\"description\" content=\"Chaine des Puys d&#039;Auvergne\" \/>\n<meta name=\"robots\" content=\"index, follow, max-snippet:-1, max-image-preview:large, max-video-preview:-1\" \/>\n<link rel=\"canonical\" href=\"https:\/\/www.circuitsderando.com\/chaine-puys\/le-mont-dore-besse-en-chandesse\/\" \/>\n<meta property=\"og:locale\" content=\"fr_FR\" \/>\n<meta property=\"og:type\" content=\"article\" \/>\n<meta property=\"og:title\" content=\"Le Mont Dore - Besse en Chandesse - Chaine des Puys d&#039;Auvergne\" \/>\n<meta property=\"og:description\" content=\"Chaine des Puys d&#039;Auvergne\" \/>\n<meta property=\"og:url\" content=\"https:\/\/www.circuitsderando.com\/chaine-puys\/le-mont-dore-besse-en-chandesse\/\" \/>\n<meta property=\"og:site_name\" content=\"Chaine des Puys d&#039;Auvergne\" \/>\n<meta property=\"article:modified_time\" content=\"2022-11-05T21:42:57+00:00\" \/>\n<meta property=\"og:image\" content=\"https:\/\/www.circuitsderando.com\/chaine-puys\/wp-content\/uploads\/2020\/10\/station-montdore.jpg\" \/>\n<meta name=\"twitter:card\" content=\"summary_large_image\" \/>\n<meta name=\"twitter:label1\" content=\"Dur\u00e9e de lecture estim\u00e9e\" \/>\n\t<meta name=\"twitter:data1\" content=\"1 minute\" \/>\n<script type=\"application\/ld+json\" class=\"yoast-schema-graph\">{\"@context\":\"https:\/\/schema.org\",\"@graph\":[{\"@type\":\"WebPage\",\"@id\":\"https:\/\/www.circuitsderando.com\/chaine-puys\/le-mont-dore-besse-en-chandesse\/\",\"url\":\"https:\/\/www.circuitsderando.com\/chaine-puys\/le-mont-dore-besse-en-chandesse\/\",\"name\":\"Le Mont Dore - Besse en Chandesse - Chaine des Puys d&#039;Auvergne\",\"isPartOf\":{\"@id\":\"https:\/\/www.circuitsderando.com\/chaine-puys\/#website\"},\"primaryImageOfPage\":{\"@id\":\"https:\/\/www.circuitsderando.com\/chaine-puys\/le-mont-dore-besse-en-chandesse\/#primaryimage\"},\"image\":{\"@id\":\"https:\/\/www.circuitsderando.com\/chaine-puys\/le-mont-dore-besse-en-chandesse\/#primaryimage\"},\"thumbnailUrl\":\"https:\/\/www.circuitsderando.com\/chaine-puys\/wp-content\/uploads\/2020\/10\/station-montdore.jpg\",\"datePublished\":\"2020-10-28T09:34:43+00:00\",\"dateModified\":\"2022-11-05T21:42:57+00:00\",\"description\":\"Chaine des Puys d&#039;Auvergne\",\"breadcrumb\":{\"@id\":\"https:\/\/www.circuitsderando.com\/chaine-puys\/le-mont-dore-besse-en-chandesse\/#breadcrumb\"},\"inLanguage\":\"fr-FR\",\"potentialAction\":[{\"@type\":\"ReadAction\",\"target\":[\"https:\/\/www.circuitsderando.com\/chaine-puys\/le-mont-dore-besse-en-chandesse\/\"]}]},{\"@type\":\"ImageObject\",\"inLanguage\":\"fr-FR\",\"@id\":\"https:\/\/www.circuitsderando.com\/chaine-puys\/le-mont-dore-besse-en-chandesse\/#primaryimage\",\"url\":\"https:\/\/www.circuitsderando.com\/chaine-puys\/wp-content\/uploads\/2020\/10\/station-montdore.jpg\",\"contentUrl\":\"https:\/\/www.circuitsderando.com\/chaine-puys\/wp-content\/uploads\/2020\/10\/station-montdore.jpg\",\"width\":960,\"height\":720},{\"@type\":\"BreadcrumbList\",\"@id\":\"https:\/\/www.circuitsderando.com\/chaine-puys\/le-mont-dore-besse-en-chandesse\/#breadcrumb\",\"itemListElement\":[{\"@type\":\"ListItem\",\"position\":1,\"name\":\"Cha\u00eene des Puys\",\"item\":\"https:\/\/www.circuitsderando.com\/chaine-puys\/\"},{\"@type\":\"ListItem\",\"position\":2,\"name\":\"Le Mont Dore &#8211; Besse en Chandesse\"}]},{\"@type\":\"WebSite\",\"@id\":\"https:\/\/www.circuitsderando.com\/chaine-puys\/#website\",\"url\":\"https:\/\/www.circuitsderando.com\/chaine-puys\/\",\"name\":\"Chaine des Puys d&#039;Auvergne\",\"description\":\"Volvic - Clermont - Lac de Gu\u00e9ry - Le Mont Dore - Issoire\",\"potentialAction\":[{\"@type\":\"SearchAction\",\"target\":{\"@type\":\"EntryPoint\",\"urlTemplate\":\"https:\/\/www.circuitsderando.com\/chaine-puys\/?s={search_term_string}\"},\"query-input\":{\"@type\":\"PropertyValueSpecification\",\"valueRequired\":true,\"valueName\":\"search_term_string\"}}],\"inLanguage\":\"fr-FR\"}]}<\/script>\n<!-- \/ Yoast SEO plugin. -->","yoast_head_json":{"title":"Le Mont Dore - Besse en Chandesse - Chaine des Puys d&#039;Auvergne","description":"Chaine des Puys d&#039;Auvergne","robots":{"index":"index","follow":"follow","max-snippet":"max-snippet:-1","max-image-preview":"max-image-preview:large","max-video-preview":"max-video-preview:-1"},"canonical":"https:\/\/www.circuitsderando.com\/chaine-puys\/le-mont-dore-besse-en-chandesse\/","og_locale":"fr_FR","og_type":"article","og_title":"Le Mont Dore - Besse en Chandesse - Chaine des Puys d&#039;Auvergne","og_description":"Chaine des Puys d&#039;Auvergne","og_url":"https:\/\/www.circuitsderando.com\/chaine-puys\/le-mont-dore-besse-en-chandesse\/","og_site_name":"Chaine des Puys d&#039;Auvergne","article_modified_time":"2022-11-05T21:42:57+00:00","og_image":[{"url":"https:\/\/www.circuitsderando.com\/chaine-puys\/wp-content\/uploads\/2020\/10\/station-montdore.jpg"}],"twitter_card":"summary_large_image","twitter_misc":{"Dur\u00e9e de lecture estim\u00e9e":"1 minute"},"schema":{"@context":"https:\/\/schema.org","@graph":[{"@type":"WebPage","@id":"https:\/\/www.circuitsderando.com\/chaine-puys\/le-mont-dore-besse-en-chandesse\/","url":"https:\/\/www.circuitsderando.com\/chaine-puys\/le-mont-dore-besse-en-chandesse\/","name":"Le Mont Dore - Besse en Chandesse - Chaine des Puys d&#039;Auvergne","isPartOf":{"@id":"https:\/\/www.circuitsderando.com\/chaine-puys\/#website"},"primaryImageOfPage":{"@id":"https:\/\/www.circuitsderando.com\/chaine-puys\/le-mont-dore-besse-en-chandesse\/#primaryimage"},"image":{"@id":"https:\/\/www.circuitsderando.com\/chaine-puys\/le-mont-dore-besse-en-chandesse\/#primaryimage"},"thumbnailUrl":"https:\/\/www.circuitsderando.com\/chaine-puys\/wp-content\/uploads\/2020\/10\/station-montdore.jpg","datePublished":"2020-10-28T09:34:43+00:00","dateModified":"2022-11-05T21:42:57+00:00","description":"Chaine des Puys d&#039;Auvergne","breadcrumb":{"@id":"https:\/\/www.circuitsderando.com\/chaine-puys\/le-mont-dore-besse-en-chandesse\/#breadcrumb"},"inLanguage":"fr-FR","potentialAction":[{"@type":"ReadAction","target":["https:\/\/www.circuitsderando.com\/chaine-puys\/le-mont-dore-besse-en-chandesse\/"]}]},{"@type":"ImageObject","inLanguage":"fr-FR","@id":"https:\/\/www.circuitsderando.com\/chaine-puys\/le-mont-dore-besse-en-chandesse\/#primaryimage","url":"https:\/\/www.circuitsderando.com\/chaine-puys\/wp-content\/uploads\/2020\/10\/station-montdore.jpg","contentUrl":"https:\/\/www.circuitsderando.com\/chaine-puys\/wp-content\/uploads\/2020\/10\/station-montdore.jpg","width":960,"height":720},{"@type":"BreadcrumbList","@id":"https:\/\/www.circuitsderando.com\/chaine-puys\/le-mont-dore-besse-en-chandesse\/#breadcrumb","itemListElement":[{"@type":"ListItem","position":1,"name":"Cha\u00eene des Puys","item":"https:\/\/www.circuitsderando.com\/chaine-puys\/"},{"@type":"ListItem","position":2,"name":"Le Mont Dore &#8211; Besse en Chandesse"}]},{"@type":"WebSite","@id":"https:\/\/www.circuitsderando.com\/chaine-puys\/#website","url":"https:\/\/www.circuitsderando.com\/chaine-puys\/","name":"Chaine des Puys d&#039;Auvergne","description":"Volvic - Clermont - Lac de Gu\u00e9ry - Le Mont Dore - Issoire","potentialAction":[{"@type":"SearchAction","target":{"@type":"EntryPoint","urlTemplate":"https:\/\/www.circuitsderando.com\/chaine-puys\/?s={search_term_string}"},"query-input":{"@type":"PropertyValueSpecification","valueRequired":true,"valueName":"search_term_string"}}],"inLanguage":"fr-FR"}]}},"_links":{"self":[{"href":"https:\/\/www.circuitsderando.com\/chaine-puys\/wp-json\/wp\/v2\/pages\/14"}],"collection":[{"href":"https:\/\/www.circuitsderando.com\/chaine-puys\/wp-json\/wp\/v2\/pages"}],"about":[{"href":"https:\/\/www.circuitsderando.com\/chaine-puys\/wp-json\/wp\/v2\/types\/page"}],"author":[{"embeddable":true,"href":"https:\/\/www.circuitsderando.com\/chaine-puys\/wp-json\/wp\/v2\/users\/1"}],"replies":[{"embeddable":true,"href":"https:\/\/www.circuitsderando.com\/chaine-puys\/wp-json\/wp\/v2\/comments?post=14"}],"version-history":[{"count":18,"href":"https:\/\/www.circuitsderando.com\/chaine-puys\/wp-json\/wp\/v2\/pages\/14\/revisions"}],"predecessor-version":[{"id":334,"href":"https:\/\/www.circuitsderando.com\/chaine-puys\/wp-json\/wp\/v2\/pages\/14\/revisions\/334"}],"wp:attachment":[{"href":"https:\/\/www.circuitsderando.com\/chaine-puys\/wp-json\/wp\/v2\/media?parent=14"}],"curies":[{"name":"wp","href":"https:\/\/api.w.org\/{rel}","templated":true}]}}